{"id":762,"date":"2012-05-13T10:49:31","date_gmt":"2012-05-13T08:49:31","guid":{"rendered":"http:\/\/www.optik-sport-shop.at\/?page_id=762"},"modified":"2012-05-13T10:49:31","modified_gmt":"2012-05-13T08:49:31","slug":"significato-loden","status":"publish","type":"page","link":"https:\/\/ddoptics.shop\/it\/outdoor-wissen\/loden\/bedeutung-loden\/","title":{"rendered":"Significato Loden"},"content":{"rendered":"<h2>L'importanza del loden<\/h2>\n<p>Come <strong>prodotto puramente naturale in pura lana vergine<\/strong> \u00e8 loden <strong>superiore ai materiali sintetici sotto molti aspetti.<\/strong> A differenza dei materiali sintetici, il materiale pu\u00f2 resistere pi\u00f9 a lungo alla pioggia continua (ad eccezione delle tecnologie a membrana) e <strong>scalda anche quando \u00e8 bagnato<\/strong>.<\/p>\n<p>Un aspetto positivo, per esempio, \u00e8 che la <strong>Gli indumenti non assumono quasi alcun odore<\/strong> e, ad esempio, rimane relativamente inodore anche dopo lunghi periodi di permanenza in locali per fumatori.<\/p>\n<p>Loden \u00e8 un <strong>prodotto naturale artigianale<\/strong>resistente alle pieghe e ideale per i lavori manuali. <strong>prodotto relativamente economico.<\/strong><\/p>\n<h3>Importanza del loden nella caccia<\/h3>\n<p>Loden \u00e8 in <strong>ancora un materiale interessante per molti cacciatori delle nostre latitudini.<\/strong> <strong>Peso morto ridotto<\/strong>, a seconda dello spessore <strong>Buon isolamento termico<\/strong>, e il proverbiale <strong>Il silenzio<\/strong> sono qualit\u00e0 che molti cacciatori apprezzano.<\/p>\n<p><object width=\"600\" height=\"400\" classid=\"clsid:d27cdb6e-ae6d-11cf-96b8-444553540000\" codebase=\"http:\/\/download.macromedia.com\/pub\/shockwave\/cabs\/flash\/swflash.cab#version=6,0,40,0\"><param name=\"allowFullScreen\" value=\"true\" \/><param name=\"allowscriptaccess\" value=\"always\" \/><param name=\"src\" value=\"http:\/\/www.youtube.com\/v\/_okXTp4p3PA?version=3&amp;hl=de_DE&amp;rel=0\" \/><param name=\"allowfullscreen\" value=\"true\" \/><embed width=\"600\" height=\"400\" type=\"application\/x-shockwave-flash\" src=\"http:\/\/www.youtube.com\/v\/_okXTp4p3PA?version=3&amp;hl=de_DE&amp;rel=0\" allowfullscreen=\"true\" allowscriptaccess=\"always\" \/><\/object><\/p>\n<p>Il <strong>in lana<\/strong> vinto, <strong>prodotto naturale puro loden<\/strong> \u00e8 anche <strong>Estremamente idrorepellente<\/strong> e non lascia passare molto vento. Diventa veramente antivento e impermeabile solo con una fodera interna speciale. Il loden, come altri materiali per l'outdoor, viene prodotto in diverse qualit\u00e0.<\/p>\n<p><strong>Loden di alta qualit\u00e0<\/strong> \u00e8 costituito da un <strong>grande percentuale di pura lana<\/strong>, il <strong>Oggi si aggiunge spesso una percentuale di pelo di lama o alpaca.<\/strong> <strong>Contenuto di fibre sintetiche<\/strong> tuttavia, non sono affatto un segno di qualit\u00e0 inferiore, ma non sono in alcun modo un segno di qualit\u00e0 inferiore. <strong>per aumentare l'elasticit\u00e0 e la compattezza<\/strong> incorporato. \u00c8 qui che il loden presenta uno svantaggio. Non \u00e8 particolarmente resistente agli strappi. Il loden sopporta particolarmente male il continuo sfregamento nelle zone esposte. Questo perch\u00e9 le propriet\u00e0 termoisolanti e idrorepellenti si perdono rapidamente in queste zone.<\/p>","protected":false},"excerpt":{"rendered":"<p>Die Bedeutung von Loden Als rein nat\u00fcrliches Produkt aus reiner Schurwolle ist Loden synthetischen Materialien in vielen Aspekten \u00fcberlegen. Anders als Synthetik h\u00e4lt das Material l\u00e4nger einem Dauerregen stand (ausgenommen Membrantechnologien) und w\u00e4rmt auch in nassem Zustand. Positiv f\u00e4llt zum Beispiel auf, dass die Kleidung kaum Geruch annimmt und beispielsweise auch nach l\u00e4ngerem Aufenthalt in [&#8230;]\n","protected":false},"author":2,"featured_media":0,"parent":737,"menu_order":0,"comment_status":"open","ping_status":"open","template":"","meta":{"inline_featured_image":false,"footnotes":""},"class_list":["post-762","page","type-page","status-publish","hentry"],"_links":{"self":[{"href":"https:\/\/ddoptics.shop\/it\/wp-json\/wp\/v2\/pages\/762","targetHints":{"allow":["GET"]}}],"collection":[{"href":"https:\/\/ddoptics.shop\/it\/wp-json\/wp\/v2\/pages"}],"about":[{"href":"https:\/\/ddoptics.shop\/it\/wp-json\/wp\/v2\/types\/page"}],"author":[{"embeddable":true,"href":"https:\/\/ddoptics.shop\/it\/wp-json\/wp\/v2\/users\/2"}],"replies":[{"embeddable":true,"href":"https:\/\/ddoptics.shop\/it\/wp-json\/wp\/v2\/comments?post=762"}],"version-history":[{"count":0,"href":"https:\/\/ddoptics.shop\/it\/wp-json\/wp\/v2\/pages\/762\/revisions"}],"up":[{"embeddable":true,"href":"https:\/\/ddoptics.shop\/it\/wp-json\/wp\/v2\/pages\/737"}],"wp:attachment":[{"href":"https:\/\/ddoptics.shop\/it\/wp-json\/wp\/v2\/media?parent=762"}],"curies":[{"name":"wp","href":"https:\/\/api.w.org\/{rel}","templated":true}]}}