{"id":10541,"date":"2017-04-02T18:15:53","date_gmt":"2017-04-02T16:15:53","guid":{"rendered":"https:\/\/beta.optik-sport-shop.at\/kaufen\/ddoptics-fernglas-12x56-pirschler-gen-3-gruen"},"modified":"2025-07-03T15:38:23","modified_gmt":"2025-07-03T13:38:23","slug":"binocolo-ddoptics-pirschler-12x56-gen-3-verde","status":"publish","type":"product","link":"https:\/\/ddoptics.shop\/it\/kaufen\/ddoptics-pirschler-12x56-fernglas-gen-3-gruen\/","title":{"rendered":"DDoptics Binocolo Pirschler 12\u00d756 verde - Gen 3"},"content":{"rendered":"<div class=\"row\"  id=\"row-1714455382\">\n\n\t<div id=\"col-95459400\" class=\"col medium-8 small-12 large-8\"  >\n\t\t\t\t<div class=\"col-inner\"  >\n\t\t\t\n\t\t\t\n<h2>BINOCOLO DDOPTICS PIRSCHLER 12\u00d756 GEN 3 | VERDE | <a href=\"https:\/\/de.wikipedia.org\/wiki\/Abbe-K%C3%B6nig-Prisma\" target=\"_blank\" rel=\"noopener sponsored\">ABBE K\u00d6NIG<\/a> PRISMI\u00a0<span class=\"dd_detail_topic_one\"> |<\/span>\u00a0uno dei binocoli pi\u00f9 luminosi della sua categoria<\/h2>\n<div>\n<p>Scoprite il nuovo <strong>ad alto ingrandimento, ultra-luminoso e molto robusto<\/strong>\u00a0Binocoli notturni e da caccia <strong>Pirschler 12\u00d756<\/strong> con prismi Abbe-K\u00f6nig e <a href=\"https:\/\/de.wikipedia.org\/wiki\/Magnesium\" target=\"_blank\" rel=\"noopener noreferrer\">Magnesio<\/a> Corpo. Oltre ai miglioramenti apportati alle propriet\u00e0 ottiche della Gen 2, questo binocolo \u00e8 stato progettato per durare nel tempo.<\/p>\n<p>Materiali e processi produttivi all'avanguardia nella costruzione di aeromobili hanno fatto s\u00ec che questo <strong>Binocolo 12\u00d756<\/strong> Il nuovo modello \u00e8 anche molto pi\u00f9 leggero del precedente.<\/p>\n<h3>Stabilit\u00e0 e robustezza del binocolo professionale DDoptics Pirschler 12\u00d756<\/h3>\n<p>Nel nuovo binocolo \u201ePirschler\u201c non c'\u00e8 un solo grammo di plastica (ad eccezione del tappo di protezione del treppiede). N\u00e9 sul corpo stesso del binocolo, n\u00e9 sulle parti da indossare.<\/p>\n<p>Il corpo e il ponte sono realizzati in <strong>lega di magnesio ultraresistente ma estremamente leggera<\/strong> Il magnesio \u00e8 un materiale derivato dalla costruzione di aerei e rende il binocolo praticamente infrangibile. Un ulteriore vantaggio: il magnesio riduce il peso complessivo di ben 70 g, portandolo a 1.150 g.<\/p>\n<p>La tacca di mira (campo di regolazione +-4) si trova al centro dell'arma. <strong>migliore funzionalit\u00e0 non pi\u00f9 sulla rotella di messa a fuoco centrale<\/strong>, ma sull'oculare destro. Tutti questi elementi di controllo (diottria, oculare, ruota di messa a fuoco) sono in duralluminio, garantendo cos\u00ec un'elevata resistenza nel tempo. Un rinforzo chiamato \u201eBest Grip\u201c sulla superficie esterna del corpo impedisce lo scivolamento delle mani.<\/p>\n<p>Ci\u00f2 significa che il <strong>afferrare e tenere con una sola mano<\/strong> di questo binocolo compatto 12\u00d756 \u00e8 piacevolmente comodo e sicuro, anche quando si indossano i guanti.<\/p>\n<\/div>\n\t\t<\/div>\n\t\t\t\t\n<style>\n#col-95459400 > .col-inner {\n  margin: 0px 0px -30px 0px;\n}\n<\/style>\n\t<\/div>\n\n\t\n\n\t<div id=\"col-724654749\" class=\"col medium-4 small-12 large-4\"  >\n\t\t\t\t<div class=\"col-inner\"  >\n\t\t\t\n\t\t\t\n\t<div class=\"img has-hover x md-x lg-x y md-y lg-y\" id=\"image_1282634680\">\n\t\t\t\t\t\t\t\t<div class=\"img-inner dark\" >\n\t\t\t\t\t\t\t\t\t\n\t\t\t\t\t<\/div>\n\t\t\t\t\t\t\t\t\n<style>\n#image_1282634680 {\n  width: 100%;\n}\n<\/style>\n\t<\/div>\n\t\n\t<div class=\"img has-hover x md-x lg-x y md-y lg-y\" id=\"image_1293738123\">\n\t\t<a class=\"\" href=\"https:\/\/www.shop.ddoptics.de\/garantiebestimmungen\" target=\"_blank\" rel=\"noopener\">\t\t\t\t\t\t<div class=\"img-inner dark\" >\n\t\t\t<img decoding=\"async\" width=\"352\" height=\"160\" src=\"https:\/\/ddoptics.shop\/wp-content\/uploads\/2014\/09\/DDoptics-Garantie.jpg\" class=\"attachment-large size-large\" alt=\"Garanzia DDoptics\" srcset=\"https:\/\/ddoptics.shop\/wp-content\/uploads\/2014\/09\/DDoptics-Garantie.jpg 352w, https:\/\/ddoptics.shop\/wp-content\/uploads\/2014\/09\/DDoptics-Garantie-304x138.jpg 304w, https:\/\/ddoptics.shop\/wp-content\/uploads\/2014\/09\/DDoptics-Garantie-305x139.jpg 305w, https:\/\/ddoptics.shop\/wp-content\/uploads\/2014\/09\/DDoptics-Garantie-250x114.jpg 250w\" sizes=\"(max-width: 352px) 100vw, 352px\" title=\"\">\t\t\t\t\t\t\n\t\t\t\t\t<\/div>\n\t\t\t\t\t\t<\/a>\t\t\n<style>\n#image_1293738123 {\n  width: 100%;\n}\n<\/style>\n\t<\/div>\n\t\n<h3>Fatti binocoli Pirschler DDoptics<\/h3>\n\t<div class=\"img has-hover x md-x lg-x y md-y lg-y\" id=\"image_1096324741\">\n\t\t<a class=\"image-lightbox lightbox-gallery\" title=\"\" href=\"https:\/\/ddoptics.shop\/wp-content\/uploads\/2018\/09\/DDoptics-Pirschler-Gen-3-neu.jpg\">\t\t\t\t\t\t<div class=\"img-inner dark\" >\n\t\t\t<img decoding=\"async\" width=\"1020\" height=\"574\" src=\"https:\/\/ddoptics.shop\/wp-content\/uploads\/2018\/09\/DDoptics-Pirschler-Gen-3-neu.jpg\" class=\"attachment-large size-large\" alt=\"Acquistare DDoptics Pirschler Gen 3 nel nostro negozio\" srcset=\"https:\/\/ddoptics.shop\/wp-content\/uploads\/2018\/09\/DDoptics-Pirschler-Gen-3-neu.jpg 1200w, https:\/\/ddoptics.shop\/wp-content\/uploads\/2018\/09\/DDoptics-Pirschler-Gen-3-neu-304x171.jpg 304w, https:\/\/ddoptics.shop\/wp-content\/uploads\/2018\/09\/DDoptics-Pirschler-Gen-3-neu-305x172.jpg 305w, https:\/\/ddoptics.shop\/wp-content\/uploads\/2018\/09\/DDoptics-Pirschler-Gen-3-neu-632x356.jpg 632w, https:\/\/ddoptics.shop\/wp-content\/uploads\/2018\/09\/DDoptics-Pirschler-Gen-3-neu-800x450.jpg 800w, https:\/\/ddoptics.shop\/wp-content\/uploads\/2018\/09\/DDoptics-Pirschler-Gen-3-neu-510x287.jpg 510w, https:\/\/ddoptics.shop\/wp-content\/uploads\/2018\/09\/DDoptics-Pirschler-Gen-3-neu-250x141.jpg 250w\" sizes=\"(max-width: 1020px) 100vw, 1020px\" title=\"\">\t\t\t\t\t\t\n\t\t\t\t\t<\/div>\n\t\t\t\t\t\t<\/a>\t\t\n<style>\n#image_1096324741 {\n  width: 100%;\n}\n<\/style>\n\t<\/div>\n\t\n\n\t\t<div class=\"icon-box featured-box icon-box-left text-left\"  >\n\t\t\t\t\t<div class=\"icon-box-img\" style=\"width: 32px\">\n\t\t\t\t<div class=\"icon\">\n\t\t\t\t\t<div class=\"icon-inner\" >\n\t\t\t\t\t\t<img decoding=\"async\" width=\"100\" height=\"83\" src=\"https:\/\/ddoptics.shop\/wp-content\/uploads\/2021\/06\/DDoptics-Pirschler-icon.jpg\" class=\"attachment-medium size-medium\" alt=\"Binocolo DDoptics Pirschler\" title=\"\">\t\t\t\t\t<\/div>\n\t\t\t\t<\/div>\n\t\t\t<\/div>\n\t\t\t\t<div class=\"icon-box-text last-reset\">\n\t\t\t\t\t\t\t\t\t\n<p><span data-sheets-value=\"{&quot;1&quot;:2,&quot;2&quot;:&quot;\u2705&quot;}\" data-sheets-userformat=\"{&quot;2&quot;:15297,&quot;3&quot;:{&quot;1&quot;:0},&quot;9&quot;:0,&quot;10&quot;:2,&quot;11&quot;:0,&quot;12&quot;:0,&quot;14&quot;:{&quot;1&quot;:2,&quot;2&quot;:0},&quot;15&quot;:&quot;Calibri, sans-serif&quot;,&quot;16&quot;:11}\">\u2705 <\/span><span style=\"color: #333333;\">Rinforzo verde<\/span><\/p>\n\t\t<\/div>\n\t<\/div>\n\t\n\t\n\n\t\t<div class=\"icon-box featured-box icon-box-left text-left\"  >\n\t\t\t\t\t<div class=\"icon-box-img\" style=\"width: 32px\">\n\t\t\t\t<div class=\"icon\">\n\t\t\t\t\t<div class=\"icon-inner\" >\n\t\t\t\t\t\t<img decoding=\"async\" width=\"100\" height=\"83\" src=\"https:\/\/ddoptics.shop\/wp-content\/uploads\/2021\/06\/DDoptics-Pirschler-icon.jpg\" class=\"attachment-medium size-medium\" alt=\"Binocolo DDoptics Pirschler\" title=\"\">\t\t\t\t\t<\/div>\n\t\t\t\t<\/div>\n\t\t\t<\/div>\n\t\t\t\t<div class=\"icon-box-text last-reset\">\n\t\t\t\t\t\t\t\t\t\n<p>\u2705 <span style=\"color: #333333;\">Binocolo con prismi ABBE K\u00d6NIG<\/span><\/p>\n\t\t<\/div>\n\t<\/div>\n\t\n\t\n\n\t\t<div class=\"icon-box featured-box icon-box-left text-left\"  >\n\t\t\t\t\t<div class=\"icon-box-img\" style=\"width: 32px\">\n\t\t\t\t<div class=\"icon\">\n\t\t\t\t\t<div class=\"icon-inner\" >\n\t\t\t\t\t\t<img decoding=\"async\" width=\"100\" height=\"83\" src=\"https:\/\/ddoptics.shop\/wp-content\/uploads\/2021\/06\/DDoptics-Pirschler-icon.jpg\" class=\"attachment-medium size-medium\" alt=\"Binocolo DDoptics Pirschler\" title=\"\">\t\t\t\t\t<\/div>\n\t\t\t\t<\/div>\n\t\t\t<\/div>\n\t\t\t\t<div class=\"icon-box-text last-reset\">\n\t\t\t\t\t\t\t\t\t\n<p>\u2705 <span style=\"color: #333333;\">Corpo in metallo indistruttibile di magnesio (Mg)<\/span><\/p>\n\t\t<\/div>\n\t<\/div>\n\t\n\t\n\n\t\t<div class=\"icon-box featured-box icon-box-left text-left\"  >\n\t\t\t\t\t<div class=\"icon-box-img\" style=\"width: 32px\">\n\t\t\t\t<div class=\"icon\">\n\t\t\t\t\t<div class=\"icon-inner\" >\n\t\t\t\t\t\t<img decoding=\"async\" width=\"100\" height=\"83\" src=\"https:\/\/ddoptics.shop\/wp-content\/uploads\/2021\/06\/DDoptics-Pirschler-icon.jpg\" class=\"attachment-medium size-medium\" alt=\"Binocolo DDoptics Pirschler\" title=\"\">\t\t\t\t\t<\/div>\n\t\t\t\t<\/div>\n\t\t\t<\/div>\n\t\t\t\t<div class=\"icon-box-text last-reset\">\n\t\t\t\t\t\t\t\t\t\n<p>\u2705 <span style=\"color: #333333;\">80 g pi\u00f9 leggero del modello precedente (grazie al Mg)<\/span><\/p>\n\t\t<\/div>\n\t<\/div>\n\t\n\t\n\n\t\t<div class=\"icon-box featured-box icon-box-left text-left\"  >\n\t\t\t\t\t<div class=\"icon-box-img\" style=\"width: 32px\">\n\t\t\t\t<div class=\"icon\">\n\t\t\t\t\t<div class=\"icon-inner\" >\n\t\t\t\t\t\t<img decoding=\"async\" width=\"100\" height=\"83\" src=\"https:\/\/ddoptics.shop\/wp-content\/uploads\/2021\/06\/DDoptics-Pirschler-icon.jpg\" class=\"attachment-medium size-medium\" alt=\"Binocolo DDoptics Pirschler\" title=\"\">\t\t\t\t\t<\/div>\n\t\t\t\t<\/div>\n\t\t\t<\/div>\n\t\t\t\t<div class=\"icon-box-text last-reset\">\n\t\t\t\t\t\t\t\t\t\n<p>\u2705 <span style=\"color: #333333;\">Oculari e conchiglie oculari in metallo<\/span><\/p>\n\t\t<\/div>\n\t<\/div>\n\t\n\t\n\n\t\t<div class=\"icon-box featured-box icon-box-left text-left\"  >\n\t\t\t\t\t<div class=\"icon-box-img\" style=\"width: 32px\">\n\t\t\t\t<div class=\"icon\">\n\t\t\t\t\t<div class=\"icon-inner\" >\n\t\t\t\t\t\t<img decoding=\"async\" width=\"100\" height=\"83\" src=\"https:\/\/ddoptics.shop\/wp-content\/uploads\/2021\/06\/DDoptics-Pirschler-icon.jpg\" class=\"attachment-medium size-medium\" alt=\"Binocolo DDoptics Pirschler\" title=\"\">\t\t\t\t\t<\/div>\n\t\t\t\t<\/div>\n\t\t\t<\/div>\n\t\t\t\t<div class=\"icon-box-text last-reset\">\n\t\t\t\t\t\t\t\t\t\n<p>\u2705 <span style=\"color: #333333;\">Ruota di messa a fuoco in metallo e diottra separata<\/span><\/p>\n\t\t<\/div>\n\t<\/div>\n\t\n\t\n\n\t\t<div class=\"icon-box featured-box icon-box-left text-left\"  >\n\t\t\t\t\t<div class=\"icon-box-img\" style=\"width: 32px\">\n\t\t\t\t<div class=\"icon\">\n\t\t\t\t\t<div class=\"icon-inner\" >\n\t\t\t\t\t\t<img decoding=\"async\" width=\"100\" height=\"83\" src=\"https:\/\/ddoptics.shop\/wp-content\/uploads\/2021\/06\/DDoptics-Pirschler-icon.jpg\" class=\"attachment-medium size-medium\" alt=\"Binocolo DDoptics Pirschler\" title=\"\">\t\t\t\t\t<\/div>\n\t\t\t\t<\/div>\n\t\t\t<\/div>\n\t\t\t\t<div class=\"icon-box-text last-reset\">\n\t\t\t\t\t\t\t\t\t\n<p>\u2705 <span style=\"color: #333333;\">Conchiglie oculari con gradini raster chiari<\/span><\/p>\n\t\t<\/div>\n\t<\/div>\n\t\n\t\n\n\t\t<div class=\"icon-box featured-box icon-box-left text-left\"  >\n\t\t\t\t\t<div class=\"icon-box-img\" style=\"width: 32px\">\n\t\t\t\t<div class=\"icon\">\n\t\t\t\t\t<div class=\"icon-inner\" >\n\t\t\t\t\t\t<img decoding=\"async\" width=\"100\" height=\"83\" src=\"https:\/\/ddoptics.shop\/wp-content\/uploads\/2021\/06\/DDoptics-Pirschler-icon.jpg\" class=\"attachment-medium size-medium\" alt=\"Binocolo DDoptics Pirschler\" title=\"\">\t\t\t\t\t<\/div>\n\t\t\t\t<\/div>\n\t\t\t<\/div>\n\t\t\t\t<div class=\"icon-box-text last-reset\">\n\t\t\t\t\t\t\t\t\t\n<p>\u2705 <span style=\"color: #333333;\">Look completamente nuovo con vetro CT<\/span><\/p>\n\t\t<\/div>\n\t<\/div>\n\t\n\t\n\n\t\t<div class=\"icon-box featured-box icon-box-left text-left\"  >\n\t\t\t\t\t<div class=\"icon-box-img\" style=\"width: 32px\">\n\t\t\t\t<div class=\"icon\">\n\t\t\t\t\t<div class=\"icon-inner\" >\n\t\t\t\t\t\t<img decoding=\"async\" width=\"100\" height=\"83\" src=\"https:\/\/ddoptics.shop\/wp-content\/uploads\/2021\/06\/DDoptics-Pirschler-icon.jpg\" class=\"attachment-medium size-medium\" alt=\"Binocolo DDoptics Pirschler\" title=\"\">\t\t\t\t\t<\/div>\n\t\t\t\t<\/div>\n\t\t\t<\/div>\n\t\t\t\t<div class=\"icon-box-text last-reset\">\n\t\t\t\t\t\t\t\t\t\n<p>\u2705 <span style=\"color: #333333;\">Risoluzione notevolmente migliorata<\/span><\/p>\n\t\t<\/div>\n\t<\/div>\n\t\n\t\n\n\t\t<div class=\"icon-box featured-box icon-box-left text-left\"  >\n\t\t\t\t\t<div class=\"icon-box-img\" style=\"width: 32px\">\n\t\t\t\t<div class=\"icon\">\n\t\t\t\t\t<div class=\"icon-inner\" >\n\t\t\t\t\t\t<img decoding=\"async\" width=\"100\" height=\"83\" src=\"https:\/\/ddoptics.shop\/wp-content\/uploads\/2021\/06\/DDoptics-Pirschler-icon.jpg\" class=\"attachment-medium size-medium\" alt=\"Binocolo DDoptics Pirschler\" title=\"\">\t\t\t\t\t<\/div>\n\t\t\t\t<\/div>\n\t\t\t<\/div>\n\t\t\t\t<div class=\"icon-box-text last-reset\">\n\t\t\t\t\t\t\t\t\t\n<p>\u2705 <span style=\"color: #333333;\">Notevolmente pi\u00f9 luminoso rispetto al modello precedente<\/span><\/p>\n\t\t<\/div>\n\t<\/div>\n\t\n\t\n\n\t\t<div class=\"icon-box featured-box icon-box-left text-left\"  >\n\t\t\t\t\t<div class=\"icon-box-img\" style=\"width: 32px\">\n\t\t\t\t<div class=\"icon\">\n\t\t\t\t\t<div class=\"icon-inner\" >\n\t\t\t\t\t\t<img decoding=\"async\" width=\"100\" height=\"83\" src=\"https:\/\/ddoptics.shop\/wp-content\/uploads\/2021\/06\/DDoptics-Pirschler-icon.jpg\" class=\"attachment-medium size-medium\" alt=\"Binocolo DDoptics Pirschler\" title=\"\">\t\t\t\t\t<\/div>\n\t\t\t\t<\/div>\n\t\t\t<\/div>\n\t\t\t\t<div class=\"icon-box-text last-reset\">\n\t\t\t\t\t\t\t\t\t\n<p>\u2705 <span style=\"color: #333333;\">129 m di campo visivo per una visione confortevole<\/span><\/p>\n\t\t<\/div>\n\t<\/div>\n\t\n\t\n\n\t\t<div class=\"icon-box featured-box icon-box-left text-left\"  >\n\t\t\t\t\t<div class=\"icon-box-img\" style=\"width: 32px\">\n\t\t\t\t<div class=\"icon\">\n\t\t\t\t\t<div class=\"icon-inner\" >\n\t\t\t\t\t\t<img decoding=\"async\" width=\"100\" height=\"83\" src=\"https:\/\/ddoptics.shop\/wp-content\/uploads\/2021\/06\/DDoptics-Pirschler-icon.jpg\" class=\"attachment-medium size-medium\" alt=\"Binocolo DDoptics Pirschler\" title=\"\">\t\t\t\t\t<\/div>\n\t\t\t\t<\/div>\n\t\t\t<\/div>\n\t\t\t\t<div class=\"icon-box-text last-reset\">\n\t\t\t\t\t\t\t\t\t\n<p>\u2705 <span style=\"color: #333333;\">Concetto di design Best Grip per la resistenza allo scivolamento<\/span><\/p>\n\t\t<\/div>\n\t<\/div>\n\t\n\t\n\n\t\t<div class=\"icon-box featured-box icon-box-left text-left\"  >\n\t\t\t\t\t<div class=\"icon-box-img\" style=\"width: 32px\">\n\t\t\t\t<div class=\"icon\">\n\t\t\t\t\t<div class=\"icon-inner\" >\n\t\t\t\t\t\t<img decoding=\"async\" width=\"100\" height=\"83\" src=\"https:\/\/ddoptics.shop\/wp-content\/uploads\/2021\/06\/DDoptics-Pirschler-icon.jpg\" class=\"attachment-medium size-medium\" alt=\"Binocolo DDoptics Pirschler\" title=\"\">\t\t\t\t\t<\/div>\n\t\t\t\t<\/div>\n\t\t\t<\/div>\n\t\t\t\t<div class=\"icon-box-text last-reset\">\n\t\t\t\t\t\t\t\t\t\n<p>\u2705 <span style=\"color: #333333;\">Tenuta alla pressione dell'acqua fino a 50 cm<\/span><\/p>\n\t\t<\/div>\n\t<\/div>\n\t\n\t\n\n\t\t<div class=\"icon-box featured-box icon-box-left text-left\"  >\n\t\t\t\t\t<div class=\"icon-box-img\" style=\"width: 32px\">\n\t\t\t\t<div class=\"icon\">\n\t\t\t\t\t<div class=\"icon-inner\" >\n\t\t\t\t\t\t<img decoding=\"async\" width=\"100\" height=\"83\" src=\"https:\/\/ddoptics.shop\/wp-content\/uploads\/2021\/06\/DDoptics-Pirschler-icon.jpg\" class=\"attachment-medium size-medium\" alt=\"Binocolo DDoptics Pirschler\" title=\"\">\t\t\t\t\t<\/div>\n\t\t\t\t<\/div>\n\t\t\t<\/div>\n\t\t\t\t<div class=\"icon-box-text last-reset\">\n\t\t\t\t\t\t\t\t\t\n<p>\u2705 <span style=\"color: #333333;\">Raindefender Nano - Rivestimento Lotus<\/span><\/p>\n\t\t<\/div>\n\t<\/div>\n\t\n\t\n<div class=\"is-divider divider clearfix\" ><\/div>\n<a href=\"https:\/\/ddoptics.shop\/wp-content\/uploads\/2021\/05\/DDoptics-Fernglasanleitung_2019.pdf\" target=\"_blank\" class=\"button white expand\" rel=\"noopener\" style=\"border-radius:10px;\">\n\t<i class=\"icon-angle-down\" aria-hidden=\"true\"><\/i>\t<span>Scarica le istruzioni per l'uso<\/span>\n\t<\/a>\n\n\t\t<\/div>\n\t\t\t\t\t<\/div>\n\n\t\n<\/div>\n\t<div class=\"img has-hover x md-x lg-x y md-y lg-y\" id=\"image_1293986911\">\n\t\t\t\t\t\t\t\t<div class=\"img-inner dark\" >\n\t\t\t<img decoding=\"async\" width=\"1020\" height=\"340\" src=\"https:\/\/ddoptics.shop\/wp-content\/uploads\/2021\/06\/Pirschler-Gen-3-DDoptics.jpg\" class=\"attachment-large size-large\" alt=\"Binocolo DDoptics Pirschler Gen 3\" srcset=\"https:\/\/ddoptics.shop\/wp-content\/uploads\/2021\/06\/Pirschler-Gen-3-DDoptics.jpg 1200w, https:\/\/ddoptics.shop\/wp-content\/uploads\/2021\/06\/Pirschler-Gen-3-DDoptics-304x101.jpg 304w, https:\/\/ddoptics.shop\/wp-content\/uploads\/2021\/06\/Pirschler-Gen-3-DDoptics-305x102.jpg 305w, https:\/\/ddoptics.shop\/wp-content\/uploads\/2021\/06\/Pirschler-Gen-3-DDoptics-632x211.jpg 632w, https:\/\/ddoptics.shop\/wp-content\/uploads\/2021\/06\/Pirschler-Gen-3-DDoptics-800x267.jpg 800w, https:\/\/ddoptics.shop\/wp-content\/uploads\/2021\/06\/Pirschler-Gen-3-DDoptics-510x170.jpg 510w, https:\/\/ddoptics.shop\/wp-content\/uploads\/2021\/06\/Pirschler-Gen-3-DDoptics-250x83.jpg 250w\" sizes=\"(max-width: 1020px) 100vw, 1020px\" title=\"\">\t\t\t\t\t\t\n\t\t\t\t\t\t\t<div class=\"caption\">Binocolo DDoptics Pirschler Gen 3<\/div>\n\t\t\t\t\t<\/div>\n\t\t\t\t\t\t\t\t\n<style>\n#image_1293986911 {\n  width: 100%;\n}\n<\/style>\n\t<\/div>\n\t\n\t<div id=\"gap-1510737809\" class=\"gap-element clearfix\" style=\"display:block; height:auto;\">\n\t\t\n<style>\n#gap-1510737809 {\n  padding-top: 30px;\n}\n<\/style>\n\t<\/div>\n\t\n<p>&nbsp;<\/p>\n<h3>Ottica brillante del binocolo 12\u00d756 con binocolo Pirschler<\/h3>\n<p>Il nuovo vetro CT con sofisticato rivestimento DDlucid e <strong>prismi di Abbe-K\u00f6nig di alta qualit\u00e0<\/strong> rendono l'osservazione con il binocolo Pirschler 12\u00d756 un puro piacere visivo. All'osservatore vengono offerti <strong>altissima trasmissione luminosa e luminosit\u00e0 dell'immagine<\/strong> per una riproduzione ad alto contrasto e brillante delle immagini con <strong>contorni affilati come rasoi<\/strong>. La dispersione del vetro \u00e8 molto bassa.<\/p>\n<h3>Binocolo specialistico notturno ad alto ingrandimento<\/h3>\n<p>Anche se l'aspetto visivo entusiasma gi\u00e0 di giorno, il Pirschler 12\u00d756 \u00e8 realizzato anche per la caccia notturna. Con il crepuscolo che avanza, quando altri binocoli mostrano gi\u00e0 un calo significativo di luminosit\u00e0 e brillantezza dell'immagine, il Pirschler inizia a mettere in mostra i suoi punti di forza. Si ha quasi l'impressione che risoluzione e contrasto migliorino ulteriormente con l'avanzare del crepuscolo. Anche con un ingrandimento di 12x, fa ancora una figura estremamente \u201dbuona\u201d nella tarda notte. Questo binocolo non vi abbandoner\u00e0 fino all'ultimo barlume di luce.<\/p>\n<h3>Custodia binoculare impermeabile e rivestimento nano idrorepellente<\/h3>\n<p>Il rivestimento \u201eRaindefender Nano\u201c fornisce una<strong> effetto loto idrorepellente<\/strong>, il binocolo stesso \u00e8 <strong>Completamente a tenuta di pressione dell'acqua<\/strong> fino a 50 cm in acqua calda o fredda.<\/p>\n<figure id=\"attachment_10769\" aria-describedby=\"caption-attachment-10769\" style=\"width: 400px\" class=\"wp-caption alignright\"><img decoding=\"async\" class=\"size-full wp-image-10769\" src=\"https:\/\/ddoptics.shop\/wp-content\/uploads\/2017\/02\/Fernglas-Pirschler-8x56-smart-Focus-small.jpg\" alt=\"Binocolo Pirschler 15x56 funzione smart Focus\" width=\"400\" height=\"267\" title=\"\" srcset=\"https:\/\/ddoptics.shop\/wp-content\/uploads\/2017\/02\/Fernglas-Pirschler-8x56-smart-Focus-small.jpg 400w, https:\/\/ddoptics.shop\/wp-content\/uploads\/2017\/02\/Fernglas-Pirschler-8x56-smart-Focus-small-304x203.jpg 304w, https:\/\/ddoptics.shop\/wp-content\/uploads\/2017\/02\/Fernglas-Pirschler-8x56-smart-Focus-small-305x204.jpg 305w, https:\/\/ddoptics.shop\/wp-content\/uploads\/2017\/02\/Fernglas-Pirschler-8x56-smart-Focus-small-250x167.jpg 250w\" sizes=\"(max-width: 400px) 100vw, 400px\" \/><figcaption id=\"caption-attachment-10769\" class=\"wp-caption-text\">Binocolo Pirschler 12\u00d756 funzione smart Focus<\/figcaption><\/figure>\n<h3>Binocolo Pirschler - Funzione Smart Focus: 50 m - infinito<\/h3>\n<p>La messa a fuoco intelligente \u00e8 un vantaggio al crepuscolo o di notte: questa tecnologia elimina in gran parte la necessit\u00e0 di rimettere a fuoco il \u201ePirschler 12\u00d756\u201c.<\/p>\n<p>Dopo la messa a fuoco su un oggetto a circa 100 metri di distanza, l'occhio si regola nel range di distanza<strong> Da 50 m all'infinito automaticamente senza una costante messa a fuoco.<\/strong> in.<\/p>\n<p>Impostazione della funzione da 50m a infinito: per impostare la funzione, ruotare il contrassegno della linea tattile sulla rotella di messa a fuoco in posizione \u201cup\u201d.<\/p>\n<h3>Grande campo visivo del binocolo 12\u00d756<\/h3>\n<p>Il campo visivo di 93 metri offre evidenti vantaggi quando<strong> I cosiddetti vetri<\/strong> e assicura che la selvaggina e gli uccelli possano essere individuati e riconosciuti pi\u00f9 rapidamente.<\/p>\n<h3>Binocolo adatto anche ai portatori di occhiali<\/h3>\n<p>Questo perch\u00e9 le 3 posizioni del <strong>conchiglie oculari in metallo orientabili verso l'interno e verso l'esterno<\/strong> garantiscono una distanza degli occhi perfetta. La regolazione \u00e8 rigida, solida e funziona assolutamente senza alcun gioco.<\/p>\n<p>Il al <strong>Il modello precedente alla Gen 2 ha migliorato notevolmente la qualit\u00e0 del meccanismo della conchiglia oculare<\/strong> \u00e8 evidente grazie a un'adeguata resistenza aptica e al fermo ben definito dei gradini intermedi. (nessun rumore, nessun gioco, nessuna regolazione accidentale).<\/p>\n<p>D'altra parte, il <strong>Binocolo Pirschler 12\u00d756<\/strong> rispetto ad altri binocoli di questa classe per una maggiore distanza della pupilla d'uscita (20 mm)<\/p>","protected":false},"excerpt":{"rendered":"<p><a href=\"https:\/\/ddoptics.shop\/wp-content\/uploads\/2016\/09\/Ornitologie-klein.jpg\"><img decoding=\"async\" class=\"alignnone wp-image-10170 size-full\" title=\"Osservazione degli uccelli\" src=\"https:\/\/ddoptics.shop\/wp-content\/uploads\/2016\/09\/Ornitologie-klein.jpg\" alt=\"Osservazione degli uccelli\" width=\"50\" height=\"50\" \/><\/a><a href=\"https:\/\/ddoptics.shop\/wp-content\/uploads\/2016\/09\/Astronomie-klein.jpg\"><img decoding=\"async\" class=\"alignnone wp-image-10166 size-full\" title=\"Astronomia, osservazione delle stelle\" src=\"https:\/\/ddoptics.shop\/wp-content\/uploads\/2016\/09\/Astronomie-klein.jpg\" alt=\"Binocolo per astronomia\" width=\"50\" height=\"50\" \/><\/a><br \/>\nIl ricalcolo completo<strong> Binocolo Pirschler 12\u00d756<\/strong> sono attualmente i binocoli pi\u00f9 moderni della serie Pirschler di DDoptics. \u00c8 uno dei binocoli 12x pi\u00f9 luminosi della sua categoria.<\/p>\n<a href=\"https:\/\/amzn.to\/3nYo2Nj\" target=\"_blank\" class=\"button success is-success is-small\" rel=\"\u201dnofollow\u201d noopener\" >\n\t\t<span>cliente amazon? - Usare i vantaggi di Prime?<\/span>\n\t<\/a>","protected":false},"featured_media":10550,"comment_status":"open","ping_status":"closed","template":"","meta":{"inline_featured_image":false,"footnotes":""},"product_brand":[],"product_cat":[352,364,949,329,67,345],"product_tag":[504,93,78,84,953,777],"class_list":{"0":"post-10541","1":"product","2":"type-product","3":"status-publish","4":"has-post-thumbnail","6":"product_cat-12x-vergroesserung","7":"product_cat-56-mm-objektiv","8":"product_cat-messeaktion","9":"product_cat-ddoptics","10":"product_cat-fernglas","11":"product_cat-jagd-und-wild","12":"product_tag-12x56","13":"product_tag-ansitzglas","14":"product_tag-ddoptics","15":"product_tag-nachtfernglas","16":"product_tag-pirschler-12x56","17":"product_tag-pirschler-gen-3","18":"product_shipping_class-paket","19":"pa_brand-marke-ddoptics","20":"pa_farbe-gruen","21":"pa_produkt-typ-fernglas","23":"first","24":"instock","25":"sale","26":"taxable","27":"shipping-taxable","28":"purchasable","29":"product-type-simple"},"bundled_by":[],"bundle_stock_status":"instock","bundle_stock_quantity":48,"bundle_virtual":false,"bundle_layout":"","bundle_add_to_cart_form_location":"","bundle_editable_in_cart":false,"bundle_sold_individually_context":"","bundle_item_grouping":"","bundle_min_size":"","bundle_max_size":"","bundle_price":[],"bundled_items":[],"bundle_sell_ids":[],"_links":{"self":[{"href":"https:\/\/ddoptics.shop\/it\/wp-json\/wp\/v2\/product\/10541","targetHints":{"allow":["GET"]}}],"collection":[{"href":"https:\/\/ddoptics.shop\/it\/wp-json\/wp\/v2\/product"}],"about":[{"href":"https:\/\/ddoptics.shop\/it\/wp-json\/wp\/v2\/types\/product"}],"replies":[{"embeddable":true,"href":"https:\/\/ddoptics.shop\/it\/wp-json\/wp\/v2\/comments?post=10541"}],"version-history":[{"count":10,"href":"https:\/\/ddoptics.shop\/it\/wp-json\/wp\/v2\/product\/10541\/revisions"}],"predecessor-version":[{"id":28582,"href":"https:\/\/ddoptics.shop\/it\/wp-json\/wp\/v2\/product\/10541\/revisions\/28582"}],"wp:featuredmedia":[{"embeddable":true,"href":"https:\/\/ddoptics.shop\/it\/wp-json\/wp\/v2\/media\/10550"}],"wp:attachment":[{"href":"https:\/\/ddoptics.shop\/it\/wp-json\/wp\/v2\/media?parent=10541"}],"wp:term":[{"taxonomy":"product_brand","embeddable":true,"href":"https:\/\/ddoptics.shop\/it\/wp-json\/wp\/v2\/product_brand?post=10541"},{"taxonomy":"product_cat","embeddable":true,"href":"https:\/\/ddoptics.shop\/it\/wp-json\/wp\/v2\/product_cat?post=10541"},{"taxonomy":"product_tag","embeddable":true,"href":"https:\/\/ddoptics.shop\/it\/wp-json\/wp\/v2\/product_tag?post=10541"}],"curies":[{"name":"wp","href":"https:\/\/api.w.org\/{rel}","templated":true}]}}