{"id":10552,"date":"2017-04-01T19:00:43","date_gmt":"2017-04-01T17:00:43","guid":{"rendered":"https:\/\/beta.optik-sport-shop.at\/kaufen\/ddoptics-fernglas-15x56-pirschler-gen-3-gruen"},"modified":"2025-10-07T09:08:15","modified_gmt":"2025-10-07T07:08:15","slug":"binocolo-pirschler-15x56-gen-3-verde","status":"publish","type":"product","link":"https:\/\/ddoptics.shop\/it\/kaufen\/pirschler-15x56-fernglas-gen-3-gruen\/","title":{"rendered":"Binocolo Pirschler 15\u00d756 di DDoptics | verde - Gen 3"},"content":{"rendered":"<div class=\"row\"  id=\"row-19650825\">\n\n\t<div id=\"col-449843582\" class=\"col medium-8 small-12 large-8\"  >\n\t\t\t\t<div class=\"col-inner\"  >\n\t\t\t\n\t\t\t\n<h2>Binocolo Pirschler 15\u00d756 Gen 3 di DDoptics <span class=\"dd_detail_topic_one\">|\u00a0<\/span><span class=\"dd_detail_topic_one\"><a href=\"https:\/\/de.wikipedia.org\/wiki\/Abbe-K%C3%B6nig-Prisma\" target=\"_blank\" rel=\"noopener sponsored\" data-schema-attribute=\"\">ABBE K\u00d6NIG<\/a> PRISMA | <\/span>uno dei binocoli con il pi\u00f9 alto ingrandimento della sua categoria<\/h2>\n<p>A volte ci vuole solo molto <strong>pi\u00f9 ingrandimento binoculare<\/strong>. Sia per coprire distanze maggiori che per vedere oggetti particolarmente piccoli.<\/p>\n<p>Il nuovo <strong>Ultra-luminoso e molto robusto<\/strong>\u00a0Binocoli da osservazione e da caccia <strong>Pirschler 15\u00d756 da DDoptics<\/strong> con prismi Abbe-K\u00f6nig e <a href=\"https:\/\/de.wikipedia.org\/wiki\/Magnesium\" target=\"_blank\" rel=\"noopener noreferrer\">Magnesio<\/a> Il corpo \u00e8 la versione aggiuntiva a lungo attesa della serie di binocoli di successo DDoptics Pirschler \u2013 subito come Gen 3 con ingrandimento 15x.<\/p>\n<p>Materiali all'avanguardia e processi di produzione derivati dalla costruzione di aerei fanno di questo binocolo 15\u00d756 un vero e proprio peso leggero.<\/p>\n<p>Oltre ai miglioramenti apportati al <strong>propriet\u00e0 ottiche dei binocoli<\/strong>, Questo binocolo \u00e8 stato progettato per durare nel tempo. I materiali e i processi di fabbricazione all'avanguardia, derivati dalla costruzione di aerei, hanno reso questo binocolo 15\u00d756 significativamente pi\u00f9 leggero rispetto ai precedenti modelli Gen 2.<\/p>\n<h3>Stabilit\u00e0 e robustezza del binocolo DDoptics Pirschler 15\u00d756<\/h3>\n<p>Nel nuovo binocolo \u201ePirschler\u201c non c'\u00e8 un solo grammo di plastica (ad eccezione del tappo di protezione del treppiede). N\u00e9 sul corpo stesso n\u00e9 sulle parti da indossare.<\/p>\n<p>Il corpo e il ponte sono realizzati in un materiale ultra rigido ma<strong> lega di magnesio estremamente leggera<\/strong> Il magnesio \u00e8 un materiale derivato dalla costruzione di aerei e rende il binocolo praticamente infrangibile. Un ulteriore vantaggio: il magnesio riduce il peso complessivo di ben 70 g, portandolo a 1.200 g.<\/p>\n\t<div class=\"img has-hover x md-x lg-x y md-y lg-y\" id=\"image_1833781515\">\n\t\t\t\t\t\t\t\t<div class=\"img-inner dark\" >\n\t\t\t<img decoding=\"async\" width=\"1020\" height=\"340\" src=\"https:\/\/ddoptics.shop\/wp-content\/uploads\/2021\/06\/Pirschler-Gen-3-DDoptics.jpg\" class=\"attachment-large size-large\" alt=\"Binocolo DDoptics Pirschler Gen 3\" srcset=\"https:\/\/ddoptics.shop\/wp-content\/uploads\/2021\/06\/Pirschler-Gen-3-DDoptics.jpg 1200w, https:\/\/ddoptics.shop\/wp-content\/uploads\/2021\/06\/Pirschler-Gen-3-DDoptics-304x101.jpg 304w, https:\/\/ddoptics.shop\/wp-content\/uploads\/2021\/06\/Pirschler-Gen-3-DDoptics-305x102.jpg 305w, https:\/\/ddoptics.shop\/wp-content\/uploads\/2021\/06\/Pirschler-Gen-3-DDoptics-632x211.jpg 632w, https:\/\/ddoptics.shop\/wp-content\/uploads\/2021\/06\/Pirschler-Gen-3-DDoptics-800x267.jpg 800w, https:\/\/ddoptics.shop\/wp-content\/uploads\/2021\/06\/Pirschler-Gen-3-DDoptics-510x170.jpg 510w, https:\/\/ddoptics.shop\/wp-content\/uploads\/2021\/06\/Pirschler-Gen-3-DDoptics-250x83.jpg 250w\" sizes=\"(max-width: 1020px) 100vw, 1020px\" title=\"\">\t\t\t\t\t\t\n\t\t\t\t\t\t\t<div class=\"caption\">Binocolo DDoptics Pirschler Gen 3<\/div>\n\t\t\t\t\t<\/div>\n\t\t\t\t\t\t\t\t\n<style>\n#image_1833781515 {\n  width: 100%;\n}\n<\/style>\n\t<\/div>\n\t\n\t\t<\/div>\n\t\t\t\t\n<style>\n#col-449843582 > .col-inner {\n  margin: 0px 0px -30px 0px;\n}\n<\/style>\n\t<\/div>\n\n\t\n\n\t<div id=\"col-526819736\" class=\"col medium-4 small-12 large-4\"  >\n\t\t\t\t<div class=\"col-inner\"  >\n\t\t\t\n\t\t\t\n\t<div class=\"img has-hover x md-x lg-x y md-y lg-y\" id=\"image_1128706472\">\n\t\t\t\t\t\t\t\t<div class=\"img-inner dark\" >\n\t\t\t\t\t\t\t\t\t\n\t\t\t\t\t<\/div>\n\t\t\t\t\t\t\t\t\n<style>\n#image_1128706472 {\n  width: 100%;\n}\n<\/style>\n\t<\/div>\n\t\n\t<div class=\"img has-hover x md-x lg-x y md-y lg-y\" id=\"image_716865095\">\n\t\t<a class=\"\" href=\"https:\/\/www.shop.ddoptics.de\/garantiebestimmungen\" target=\"_blank\" rel=\"noopener\">\t\t\t\t\t\t<div class=\"img-inner dark\" >\n\t\t\t<img decoding=\"async\" width=\"352\" height=\"160\" src=\"https:\/\/ddoptics.shop\/wp-content\/uploads\/2014\/09\/DDoptics-Garantie.jpg\" class=\"attachment-large size-large\" alt=\"Garanzia DDoptics\" srcset=\"https:\/\/ddoptics.shop\/wp-content\/uploads\/2014\/09\/DDoptics-Garantie.jpg 352w, https:\/\/ddoptics.shop\/wp-content\/uploads\/2014\/09\/DDoptics-Garantie-304x138.jpg 304w, https:\/\/ddoptics.shop\/wp-content\/uploads\/2014\/09\/DDoptics-Garantie-305x139.jpg 305w, https:\/\/ddoptics.shop\/wp-content\/uploads\/2014\/09\/DDoptics-Garantie-250x114.jpg 250w\" sizes=\"(max-width: 352px) 100vw, 352px\" title=\"\">\t\t\t\t\t\t\n\t\t\t\t\t<\/div>\n\t\t\t\t\t\t<\/a>\t\t\n<style>\n#image_716865095 {\n  width: 100%;\n}\n<\/style>\n\t<\/div>\n\t\n<h3>Fatti binocoli Pirschler DDoptics<\/h3>\n\t<div class=\"img has-hover x md-x lg-x y md-y lg-y\" id=\"image_633339933\">\n\t\t<a class=\"image-lightbox lightbox-gallery\" title=\"\" href=\"https:\/\/ddoptics.shop\/wp-content\/uploads\/2018\/09\/DDoptics-Pirschler-Gen-3-neu.jpg\">\t\t\t\t\t\t<div class=\"img-inner dark\" >\n\t\t\t<img decoding=\"async\" width=\"1020\" height=\"574\" src=\"https:\/\/ddoptics.shop\/wp-content\/uploads\/2018\/09\/DDoptics-Pirschler-Gen-3-neu.jpg\" class=\"attachment-large size-large\" alt=\"Acquistare DDoptics Pirschler Gen 3 nel nostro negozio\" srcset=\"https:\/\/ddoptics.shop\/wp-content\/uploads\/2018\/09\/DDoptics-Pirschler-Gen-3-neu.jpg 1200w, https:\/\/ddoptics.shop\/wp-content\/uploads\/2018\/09\/DDoptics-Pirschler-Gen-3-neu-304x171.jpg 304w, https:\/\/ddoptics.shop\/wp-content\/uploads\/2018\/09\/DDoptics-Pirschler-Gen-3-neu-305x172.jpg 305w, https:\/\/ddoptics.shop\/wp-content\/uploads\/2018\/09\/DDoptics-Pirschler-Gen-3-neu-632x356.jpg 632w, https:\/\/ddoptics.shop\/wp-content\/uploads\/2018\/09\/DDoptics-Pirschler-Gen-3-neu-800x450.jpg 800w, https:\/\/ddoptics.shop\/wp-content\/uploads\/2018\/09\/DDoptics-Pirschler-Gen-3-neu-510x287.jpg 510w, https:\/\/ddoptics.shop\/wp-content\/uploads\/2018\/09\/DDoptics-Pirschler-Gen-3-neu-250x141.jpg 250w\" sizes=\"(max-width: 1020px) 100vw, 1020px\" title=\"\">\t\t\t\t\t\t\n\t\t\t\t\t<\/div>\n\t\t\t\t\t\t<\/a>\t\t\n<style>\n#image_633339933 {\n  width: 100%;\n}\n<\/style>\n\t<\/div>\n\t\n\n\t\t<div class=\"icon-box featured-box icon-box-left text-left\"  >\n\t\t\t\t\t<div class=\"icon-box-img\" style=\"width: 32px\">\n\t\t\t\t<div class=\"icon\">\n\t\t\t\t\t<div class=\"icon-inner\" >\n\t\t\t\t\t\t<img decoding=\"async\" width=\"100\" height=\"83\" src=\"https:\/\/ddoptics.shop\/wp-content\/uploads\/2021\/06\/DDoptics-Pirschler-icon.jpg\" class=\"attachment-medium size-medium\" alt=\"Binocolo DDoptics Pirschler\" title=\"\">\t\t\t\t\t<\/div>\n\t\t\t\t<\/div>\n\t\t\t<\/div>\n\t\t\t\t<div class=\"icon-box-text last-reset\">\n\t\t\t\t\t\t\t\t\t\n<p><span data-sheets-value=\"{&quot;1&quot;:2,&quot;2&quot;:&quot;\u2705&quot;}\" data-sheets-userformat=\"{&quot;2&quot;:15297,&quot;3&quot;:{&quot;1&quot;:0},&quot;9&quot;:0,&quot;10&quot;:2,&quot;11&quot;:0,&quot;12&quot;:0,&quot;14&quot;:{&quot;1&quot;:2,&quot;2&quot;:0},&quot;15&quot;:&quot;Calibri, sans-serif&quot;,&quot;16&quot;:11}\">\u2705 <\/span><span style=\"color: #333333;\">Rinforzo verde<\/span><\/p>\n\t\t<\/div>\n\t<\/div>\n\t\n\t\n\n\t\t<div class=\"icon-box featured-box icon-box-left text-left\"  >\n\t\t\t\t\t<div class=\"icon-box-img\" style=\"width: 32px\">\n\t\t\t\t<div class=\"icon\">\n\t\t\t\t\t<div class=\"icon-inner\" >\n\t\t\t\t\t\t<img decoding=\"async\" width=\"100\" height=\"83\" src=\"https:\/\/ddoptics.shop\/wp-content\/uploads\/2021\/06\/DDoptics-Pirschler-icon.jpg\" class=\"attachment-medium size-medium\" alt=\"Binocolo DDoptics Pirschler\" title=\"\">\t\t\t\t\t<\/div>\n\t\t\t\t<\/div>\n\t\t\t<\/div>\n\t\t\t\t<div class=\"icon-box-text last-reset\">\n\t\t\t\t\t\t\t\t\t\n<p>\u2705 <span style=\"color: #333333;\">Binocolo con prismi ABBE K\u00d6NIG<\/span><\/p>\n\t\t<\/div>\n\t<\/div>\n\t\n\t\n\n\t\t<div class=\"icon-box featured-box icon-box-left text-left\"  >\n\t\t\t\t\t<div class=\"icon-box-img\" style=\"width: 32px\">\n\t\t\t\t<div class=\"icon\">\n\t\t\t\t\t<div class=\"icon-inner\" >\n\t\t\t\t\t\t<img decoding=\"async\" width=\"100\" height=\"83\" src=\"https:\/\/ddoptics.shop\/wp-content\/uploads\/2021\/06\/DDoptics-Pirschler-icon.jpg\" class=\"attachment-medium size-medium\" alt=\"Binocolo DDoptics Pirschler\" title=\"\">\t\t\t\t\t<\/div>\n\t\t\t\t<\/div>\n\t\t\t<\/div>\n\t\t\t\t<div class=\"icon-box-text last-reset\">\n\t\t\t\t\t\t\t\t\t\n<p>\u2705 <span style=\"color: #333333;\">Corpo in metallo indistruttibile di magnesio (Mg)<\/span><\/p>\n\t\t<\/div>\n\t<\/div>\n\t\n\t\n\n\t\t<div class=\"icon-box featured-box icon-box-left text-left\"  >\n\t\t\t\t\t<div class=\"icon-box-img\" style=\"width: 32px\">\n\t\t\t\t<div class=\"icon\">\n\t\t\t\t\t<div class=\"icon-inner\" >\n\t\t\t\t\t\t<img decoding=\"async\" width=\"100\" height=\"83\" src=\"https:\/\/ddoptics.shop\/wp-content\/uploads\/2021\/06\/DDoptics-Pirschler-icon.jpg\" class=\"attachment-medium size-medium\" alt=\"Binocolo DDoptics Pirschler\" title=\"\">\t\t\t\t\t<\/div>\n\t\t\t\t<\/div>\n\t\t\t<\/div>\n\t\t\t\t<div class=\"icon-box-text last-reset\">\n\t\t\t\t\t\t\t\t\t\n<p>\u2705 <span style=\"color: #333333;\">80 g pi\u00f9 leggero del modello precedente (grazie al Mg)<\/span><\/p>\n\t\t<\/div>\n\t<\/div>\n\t\n\t\n\n\t\t<div class=\"icon-box featured-box icon-box-left text-left\"  >\n\t\t\t\t\t<div class=\"icon-box-img\" style=\"width: 32px\">\n\t\t\t\t<div class=\"icon\">\n\t\t\t\t\t<div class=\"icon-inner\" >\n\t\t\t\t\t\t<img decoding=\"async\" width=\"100\" height=\"83\" src=\"https:\/\/ddoptics.shop\/wp-content\/uploads\/2021\/06\/DDoptics-Pirschler-icon.jpg\" class=\"attachment-medium size-medium\" alt=\"Binocolo DDoptics Pirschler\" title=\"\">\t\t\t\t\t<\/div>\n\t\t\t\t<\/div>\n\t\t\t<\/div>\n\t\t\t\t<div class=\"icon-box-text last-reset\">\n\t\t\t\t\t\t\t\t\t\n<p>\u2705 <span style=\"color: #333333;\">Oculari e conchiglie oculari in metallo<\/span><\/p>\n\t\t<\/div>\n\t<\/div>\n\t\n\t\n\n\t\t<div class=\"icon-box featured-box icon-box-left text-left\"  >\n\t\t\t\t\t<div class=\"icon-box-img\" style=\"width: 32px\">\n\t\t\t\t<div class=\"icon\">\n\t\t\t\t\t<div class=\"icon-inner\" >\n\t\t\t\t\t\t<img decoding=\"async\" width=\"100\" height=\"83\" src=\"https:\/\/ddoptics.shop\/wp-content\/uploads\/2021\/06\/DDoptics-Pirschler-icon.jpg\" class=\"attachment-medium size-medium\" alt=\"Binocolo DDoptics Pirschler\" title=\"\">\t\t\t\t\t<\/div>\n\t\t\t\t<\/div>\n\t\t\t<\/div>\n\t\t\t\t<div class=\"icon-box-text last-reset\">\n\t\t\t\t\t\t\t\t\t\n<p>\u2705 <span style=\"color: #333333;\">Ruota di messa a fuoco in metallo e diottra separata<\/span><\/p>\n\t\t<\/div>\n\t<\/div>\n\t\n\t\n\n\t\t<div class=\"icon-box featured-box icon-box-left text-left\"  >\n\t\t\t\t\t<div class=\"icon-box-img\" style=\"width: 32px\">\n\t\t\t\t<div class=\"icon\">\n\t\t\t\t\t<div class=\"icon-inner\" >\n\t\t\t\t\t\t<img decoding=\"async\" width=\"100\" height=\"83\" src=\"https:\/\/ddoptics.shop\/wp-content\/uploads\/2021\/06\/DDoptics-Pirschler-icon.jpg\" class=\"attachment-medium size-medium\" alt=\"Binocolo DDoptics Pirschler\" title=\"\">\t\t\t\t\t<\/div>\n\t\t\t\t<\/div>\n\t\t\t<\/div>\n\t\t\t\t<div class=\"icon-box-text last-reset\">\n\t\t\t\t\t\t\t\t\t\n<p>\u2705 <span style=\"color: #333333;\">Conchiglie oculari con gradini raster chiari<\/span><\/p>\n\t\t<\/div>\n\t<\/div>\n\t\n\t\n\n\t\t<div class=\"icon-box featured-box icon-box-left text-left\"  >\n\t\t\t\t\t<div class=\"icon-box-img\" style=\"width: 32px\">\n\t\t\t\t<div class=\"icon\">\n\t\t\t\t\t<div class=\"icon-inner\" >\n\t\t\t\t\t\t<img decoding=\"async\" width=\"100\" height=\"83\" src=\"https:\/\/ddoptics.shop\/wp-content\/uploads\/2021\/06\/DDoptics-Pirschler-icon.jpg\" class=\"attachment-medium size-medium\" alt=\"Binocolo DDoptics Pirschler\" title=\"\">\t\t\t\t\t<\/div>\n\t\t\t\t<\/div>\n\t\t\t<\/div>\n\t\t\t\t<div class=\"icon-box-text last-reset\">\n\t\t\t\t\t\t\t\t\t\n<p>\u2705 <span style=\"color: #333333;\">Look completamente nuovo con vetro CT<\/span><\/p>\n\t\t<\/div>\n\t<\/div>\n\t\n\t\n\n\t\t<div class=\"icon-box featured-box icon-box-left text-left\"  >\n\t\t\t\t\t<div class=\"icon-box-img\" style=\"width: 32px\">\n\t\t\t\t<div class=\"icon\">\n\t\t\t\t\t<div class=\"icon-inner\" >\n\t\t\t\t\t\t<img decoding=\"async\" width=\"100\" height=\"83\" src=\"https:\/\/ddoptics.shop\/wp-content\/uploads\/2021\/06\/DDoptics-Pirschler-icon.jpg\" class=\"attachment-medium size-medium\" alt=\"Binocolo DDoptics Pirschler\" title=\"\">\t\t\t\t\t<\/div>\n\t\t\t\t<\/div>\n\t\t\t<\/div>\n\t\t\t\t<div class=\"icon-box-text last-reset\">\n\t\t\t\t\t\t\t\t\t\n<p>\u2705 <span style=\"color: #333333;\">Risoluzione notevolmente migliorata<\/span><\/p>\n\t\t<\/div>\n\t<\/div>\n\t\n\t\n\n\t\t<div class=\"icon-box featured-box icon-box-left text-left\"  >\n\t\t\t\t\t<div class=\"icon-box-img\" style=\"width: 32px\">\n\t\t\t\t<div class=\"icon\">\n\t\t\t\t\t<div class=\"icon-inner\" >\n\t\t\t\t\t\t<img decoding=\"async\" width=\"100\" height=\"83\" src=\"https:\/\/ddoptics.shop\/wp-content\/uploads\/2021\/06\/DDoptics-Pirschler-icon.jpg\" class=\"attachment-medium size-medium\" alt=\"Binocolo DDoptics Pirschler\" title=\"\">\t\t\t\t\t<\/div>\n\t\t\t\t<\/div>\n\t\t\t<\/div>\n\t\t\t\t<div class=\"icon-box-text last-reset\">\n\t\t\t\t\t\t\t\t\t\n<p>\u2705 <span style=\"color: #333333;\">Notevolmente pi\u00f9 luminoso rispetto al modello precedente<\/span><\/p>\n\t\t<\/div>\n\t<\/div>\n\t\n\t\n\n\t\t<div class=\"icon-box featured-box icon-box-left text-left\"  >\n\t\t\t\t\t<div class=\"icon-box-img\" style=\"width: 32px\">\n\t\t\t\t<div class=\"icon\">\n\t\t\t\t\t<div class=\"icon-inner\" >\n\t\t\t\t\t\t<img decoding=\"async\" width=\"100\" height=\"83\" src=\"https:\/\/ddoptics.shop\/wp-content\/uploads\/2021\/06\/DDoptics-Pirschler-icon.jpg\" class=\"attachment-medium size-medium\" alt=\"Binocolo DDoptics Pirschler\" title=\"\">\t\t\t\t\t<\/div>\n\t\t\t\t<\/div>\n\t\t\t<\/div>\n\t\t\t\t<div class=\"icon-box-text last-reset\">\n\t\t\t\t\t\t\t\t\t\n<p>\u2705 <span style=\"color: #333333;\">80 m campo visivo per un piacevole abbagliamento<\/span><\/p>\n\t\t<\/div>\n\t<\/div>\n\t\n\t\n\n\t\t<div class=\"icon-box featured-box icon-box-left text-left\"  >\n\t\t\t\t\t<div class=\"icon-box-img\" style=\"width: 32px\">\n\t\t\t\t<div class=\"icon\">\n\t\t\t\t\t<div class=\"icon-inner\" >\n\t\t\t\t\t\t<img decoding=\"async\" width=\"100\" height=\"83\" src=\"https:\/\/ddoptics.shop\/wp-content\/uploads\/2021\/06\/DDoptics-Pirschler-icon.jpg\" class=\"attachment-medium size-medium\" alt=\"Binocolo DDoptics Pirschler\" title=\"\">\t\t\t\t\t<\/div>\n\t\t\t\t<\/div>\n\t\t\t<\/div>\n\t\t\t\t<div class=\"icon-box-text last-reset\">\n\t\t\t\t\t\t\t\t\t\n<p>\u2705 <span style=\"color: #333333;\">Concetto di design Best Grip per la resistenza allo scivolamento<\/span><\/p>\n\t\t<\/div>\n\t<\/div>\n\t\n\t\n\n\t\t<div class=\"icon-box featured-box icon-box-left text-left\"  >\n\t\t\t\t\t<div class=\"icon-box-img\" style=\"width: 32px\">\n\t\t\t\t<div class=\"icon\">\n\t\t\t\t\t<div class=\"icon-inner\" >\n\t\t\t\t\t\t<img decoding=\"async\" width=\"100\" height=\"83\" src=\"https:\/\/ddoptics.shop\/wp-content\/uploads\/2021\/06\/DDoptics-Pirschler-icon.jpg\" class=\"attachment-medium size-medium\" alt=\"Binocolo DDoptics Pirschler\" title=\"\">\t\t\t\t\t<\/div>\n\t\t\t\t<\/div>\n\t\t\t<\/div>\n\t\t\t\t<div class=\"icon-box-text last-reset\">\n\t\t\t\t\t\t\t\t\t\n<p>\u2705 <span style=\"color: #333333;\">Tenuta alla pressione dell'acqua fino a 50 cm<\/span><\/p>\n\t\t<\/div>\n\t<\/div>\n\t\n\t\n\n\t\t<div class=\"icon-box featured-box icon-box-left text-left\"  >\n\t\t\t\t\t<div class=\"icon-box-img\" style=\"width: 32px\">\n\t\t\t\t<div class=\"icon\">\n\t\t\t\t\t<div class=\"icon-inner\" >\n\t\t\t\t\t\t<img decoding=\"async\" width=\"100\" height=\"83\" src=\"https:\/\/ddoptics.shop\/wp-content\/uploads\/2021\/06\/DDoptics-Pirschler-icon.jpg\" class=\"attachment-medium size-medium\" alt=\"Binocolo DDoptics Pirschler\" title=\"\">\t\t\t\t\t<\/div>\n\t\t\t\t<\/div>\n\t\t\t<\/div>\n\t\t\t\t<div class=\"icon-box-text last-reset\">\n\t\t\t\t\t\t\t\t\t\n<p>\u2705 <span style=\"color: #333333;\">Raindefender Nano - Rivestimento Lotus<\/span><\/p>\n\t\t<\/div>\n\t<\/div>\n\t\n\t\n<div class=\"is-divider divider clearfix\" ><\/div>\n<a href=\"https:\/\/ddoptics.shop\/wp-content\/uploads\/2021\/05\/DDoptics-Fernglasanleitung_2019.pdf\" target=\"_blank\" class=\"button white expand\" rel=\"noopener\" style=\"border-radius:10px;\">\n\t<i class=\"icon-angle-down\" aria-hidden=\"true\"><\/i>\t<span>Scarica le istruzioni per l'uso<\/span>\n\t<\/a>\n\n\t\t<\/div>\n\t\t\t\t\t<\/div>\n\n\t\n<\/div>\n\t<div id=\"gap-859847310\" class=\"gap-element clearfix\" style=\"display:block; height:auto;\">\n\t\t\n<style>\n#gap-859847310 {\n  padding-top: 30px;\n}\n<\/style>\n\t<\/div>\n\t\n<p>Il diottre (campo di regolazione +-4) non si trova pi\u00f9 sulla rotella di messa a fuoco per una migliore funzionalit\u00e0, ma sull'oculare destro. Tutti questi elementi di controllo \u2013 diottre, oculare, messa a fuoco \u2013 sono realizzati in duralluminio e garantiscono quindi una grande resistenza nel tempo.<\/p>\n<p>Un cosiddetto <strong>\u201eRinforzo \u201cBest Grip<\/strong> sulla parte esterna del corpo impedisce alle mani di scivolare. In questo modo, la presa e l'impugnatura di questo binocolo compatto con una sola mano, anche quando si indossano i guanti, risultano piacevolmente comode e sicure.<\/p>\n<h3>Brillante ottica binoculare 15\u00d756 in un corpo fabbricato completamente a parte<\/h3>\n<p>Ci sono <strong>Due modi per estendere una serie binoculare<\/strong>.<\/p>\n<p>Da un lato, il produttore pu\u00f2 semplicemente continuare a utilizzare il corpo binoculare del binocolo originale (ad esempio, un binocolo 8\u00d756) e sostituire solo i componenti ottici, oppure pu\u00f2 impegnarsi a ricalcolare completamente l'ottica per creare un nuovo corpo binoculare. <strong>Ottimale per binocoli con ingrandimento 15x<\/strong> per poterli visualizzare.<\/p>\n<p>Con il Pirschler 15\u00d756, DDoptics ha optato per la strada pi\u00f9 elaborata e ha sviluppato un <strong>Carrozzeria completamente nuova<\/strong>, che \u00e8 4 cm pi\u00f9 lungo del corpo del binocolo Pirschler 8\u00d756, ad esempio.<strong> Risultato ottimale per un binocolo 15x<\/strong> raggiungere.<\/p>\n<h3>Binocolo 15\u00d756 specialista della notte<\/h3>\n<p>Anche se il <strong>Ottica 15x gi\u00e0 di giorno<\/strong> entusiasta, perch\u00e9 il Pirschler \u00e8 fatto apposta per il crepuscolo. Con l'avvicinarsi del tramonto, quando altri prodotti perdono gi\u00e0 notevolmente luminosit\u00e0 e brillantezza, il Pirschler inizia a mettere a frutto i suoi punti di forza. Si ha quasi l'impressione che risoluzione e contrasto migliorino ulteriormente con il diminuire della luce.<\/p>\n<p>Anche lo stalker con <strong>L'ingrandimento 15x fa ancora una \u201cbella figura\u201d dopo il crepuscolo.\u201d<\/strong>. Ci\u00f2 significa che pu\u00f2 essere indirizzato in modo affidabile anche al buio.<\/p>\n<h3>Grande partner in Africa<\/h3>\n<p>Nelle vaste distese della Namibia, il <strong>DDottica 15\u00d756<\/strong> ha gi\u00e0 dimostrato il suo valore nei test. Se all'inizio c'erano grossi pregiudizi sulle dimensioni, il Pirschler 15\u00d756 ha presto conquistato il cuore degli osservatori.<\/p>\n<p>Il vantaggio di trasportare gli animali su distanze fino a <strong>900 m di risposta<\/strong> Il piccolo svantaggio delle dimensioni \u00e8 stato rapidamente compensato. Inoltre, il peso del binocolo di 1200 g rientra ancora nella fascia di tolleranza. In ogni caso, dopo poco tempo il binocolo 10x era tutto nella stanza d'albergo e volevamo guardare solo attraverso il 15x.<\/p>\n<h3>Alloggiamento impermeabile e rivestimento nano idrorepellente<\/h3>\n<p>La Verg\u00fctung \u201eRaindefender Nano\u201c assicura un effetto loto idrorepellente, il binocolo stesso \u00e8 completamente stagno a una pressione di 50 cm in acqua calda o fredda.<\/p>\n<figure id=\"attachment_10769\" aria-describedby=\"caption-attachment-10769\" style=\"width: 350px\" class=\"wp-caption alignright\"><img decoding=\"async\" class=\"wp-image-10769\" src=\"https:\/\/ddoptics.shop\/wp-content\/uploads\/2017\/02\/Fernglas-Pirschler-8x56-smart-Focus-small.jpg\" alt=\"Binocolo Pirschler 15x56 funzione smart Focus\" width=\"350\" height=\"234\" title=\"\" srcset=\"https:\/\/ddoptics.shop\/wp-content\/uploads\/2017\/02\/Fernglas-Pirschler-8x56-smart-Focus-small.jpg 400w, https:\/\/ddoptics.shop\/wp-content\/uploads\/2017\/02\/Fernglas-Pirschler-8x56-smart-Focus-small-304x203.jpg 304w, https:\/\/ddoptics.shop\/wp-content\/uploads\/2017\/02\/Fernglas-Pirschler-8x56-smart-Focus-small-305x204.jpg 305w, https:\/\/ddoptics.shop\/wp-content\/uploads\/2017\/02\/Fernglas-Pirschler-8x56-smart-Focus-small-250x167.jpg 250w\" sizes=\"(max-width: 350px) 100vw, 350px\" \/><figcaption id=\"caption-attachment-10769\" class=\"wp-caption-text\">Binocolo Pirschler 15\u00d756 funzione smart Focus<\/figcaption><\/figure>\n<h3>Tecnologia binoculare - Smart Focus da 50 m all'infinito<\/h3>\n<p>Smart Focus \u00e8 un vantaggio al crepuscolo o di notte: questa tecnologia <strong>Il \u201ePirschler 15\u00d756\u201c non richiede la messa a fuoco.<\/strong> in gran parte. Dopo aver messo a fuoco un oggetto a circa 100 metri di distanza, l'occhio si regola automaticamente nell'intervallo di distanza da 50 m all'infinito senza necessit\u00e0 di messa a fuoco continua.<\/p>\n<p>Impostazione della funzione da 50 m a infinito: per impostare la funzione, ruotare l'indicatore della linea tattile sulla rotella di messa a fuoco in posizione \u201cup\u201d.<\/p>\n<h3>Ampio campo visivo del binocolo, anche con ingrandimento 15x<\/h3>\n<p>Il <strong>Campo visivo di 80 metri<\/strong>\u00a0a 1000 m offre evidenti vantaggi in fase di osservazione e consente di individuare e riconoscere pi\u00f9 rapidamente la selvaggina.<\/p>\n<h3>Adatto anche a chi porta gli occhiali<\/h3>\n<p>Perch\u00e9 l'in <strong>3 posizioni delle conchiglie oculari twist-in e twist-out<\/strong> l'alluminio garantiscono una distanza inter-pupillare perfetta. La regolazione \u00e8 dura, solida e funziona assolutamente senza alcun gioco.<\/p>\n<p>La qualit\u00e0 della Gen 2 \u00e8 nettamente migliorata rispetto al suo predecessore <strong>Meccanismo della conchiglia oculare<\/strong> \u00e8 evidente grazie a un'adeguata resistenza tattile e al fermo ben definito dei gradini intermedi (nessun tintinnio, nessun gioco, nessuna regolazione accidentale).<\/p>\n<p>D'altra parte, il <strong>Binocolo Pirschler 15\u00d756<\/strong> rispetto ad altri binocoli di questa classe per una maggiore distanza di estrazione della pupilla (20 mm).<\/p>","protected":false},"excerpt":{"rendered":"<p><a href=\"https:\/\/ddoptics.shop\/wp-content\/uploads\/2016\/09\/Ornitologie-klein.jpg\"><img decoding=\"async\" class=\"alignnone wp-image-10170 size-full\" title=\"Osservazione degli uccelli\" src=\"https:\/\/ddoptics.shop\/wp-content\/uploads\/2016\/09\/Ornitologie-klein.jpg\" alt=\"Osservazione degli uccelli\" width=\"50\" height=\"50\" \/><\/a><a href=\"https:\/\/ddoptics.shop\/wp-content\/uploads\/2016\/09\/Astronomie-klein.jpg\"><img decoding=\"async\" class=\"alignnone wp-image-10166 size-full\" title=\"Astronomia, osservazione delle stelle\" src=\"https:\/\/ddoptics.shop\/wp-content\/uploads\/2016\/09\/Astronomie-klein.jpg\" alt=\"Binocolo per astronomia\" width=\"50\" height=\"50\" \/><\/a><br \/>\nIl <strong>Binocolo Pirschler 15\u00d756 completamente ricalcolato<\/strong> sono attualmente i binocoli pi\u00f9 moderni della serie Pirschler di DDoptics. \u00c8 uno dei binocoli 15x pi\u00f9 luminosi della sua categoria.<\/p>\n<a href=\"https:\/\/amzn.to\/3cdwfux\" target=\"_blank\" class=\"button success is-success is-small\" rel=\"\u201dnofollow\u201d noopener\" >\n\t\t<span>cliente amazon? - Usare i vantaggi di Prime?<\/span>\n\t<\/a>","protected":false},"featured_media":10551,"comment_status":"open","ping_status":"closed","template":"","meta":{"inline_featured_image":false,"footnotes":""},"product_brand":[],"product_cat":[353,364,949,329,67,344,354],"product_tag":[324,78,557,80,952],"class_list":{"0":"post-10552","1":"product","2":"type-product","3":"status-publish","4":"has-post-thumbnail","6":"product_cat-15x-vergroesserung","7":"product_cat-56-mm-objektiv","8":"product_cat-messeaktion","9":"product_cat-ddoptics","10":"product_cat-fernglas","11":"product_cat-naturbeobachtung","12":"product_cat-vogelbeobachtung","13":"product_tag-15x56","14":"product_tag-ddoptics","15":"product_tag-fernglas-15x56","16":"product_tag-gen-3","17":"product_tag-pirschler-15x56","18":"product_shipping_class-paket","19":"pa_brand-marke-ddoptics","20":"pa_farbe-gruen","21":"pa_produkt-typ-fernglas","23":"first","24":"instock","25":"sale","26":"taxable","27":"shipping-taxable","28":"purchasable","29":"product-type-simple"},"bundled_by":[],"bundle_stock_status":"instock","bundle_stock_quantity":47,"bundle_virtual":false,"bundle_layout":"","bundle_add_to_cart_form_location":"","bundle_editable_in_cart":false,"bundle_sold_individually_context":"","bundle_item_grouping":"","bundle_min_size":"","bundle_max_size":"","bundle_price":[],"bundled_items":[],"bundle_sell_ids":[],"_links":{"self":[{"href":"https:\/\/ddoptics.shop\/it\/wp-json\/wp\/v2\/product\/10552","targetHints":{"allow":["GET"]}}],"collection":[{"href":"https:\/\/ddoptics.shop\/it\/wp-json\/wp\/v2\/product"}],"about":[{"href":"https:\/\/ddoptics.shop\/it\/wp-json\/wp\/v2\/types\/product"}],"replies":[{"embeddable":true,"href":"https:\/\/ddoptics.shop\/it\/wp-json\/wp\/v2\/comments?post=10552"}],"version-history":[{"count":13,"href":"https:\/\/ddoptics.shop\/it\/wp-json\/wp\/v2\/product\/10552\/revisions"}],"predecessor-version":[{"id":29206,"href":"https:\/\/ddoptics.shop\/it\/wp-json\/wp\/v2\/product\/10552\/revisions\/29206"}],"wp:featuredmedia":[{"embeddable":true,"href":"https:\/\/ddoptics.shop\/it\/wp-json\/wp\/v2\/media\/10551"}],"wp:attachment":[{"href":"https:\/\/ddoptics.shop\/it\/wp-json\/wp\/v2\/media?parent=10552"}],"wp:term":[{"taxonomy":"product_brand","embeddable":true,"href":"https:\/\/ddoptics.shop\/it\/wp-json\/wp\/v2\/product_brand?post=10552"},{"taxonomy":"product_cat","embeddable":true,"href":"https:\/\/ddoptics.shop\/it\/wp-json\/wp\/v2\/product_cat?post=10552"},{"taxonomy":"product_tag","embeddable":true,"href":"https:\/\/ddoptics.shop\/it\/wp-json\/wp\/v2\/product_tag?post=10552"}],"curies":[{"name":"wp","href":"https:\/\/api.w.org\/{rel}","templated":true}]}}