{"id":10601,"date":"2017-03-02T10:26:21","date_gmt":"2017-03-02T09:26:21","guid":{"rendered":"https:\/\/beta.optik-sport-shop.at\/kaufen\/ddoptics-fernglas-ultralight-8x42"},"modified":"2025-06-24T14:22:21","modified_gmt":"2025-06-24T12:22:21","slug":"binocolo-ddoptics-ultraleggero-8x42","status":"publish","type":"product","link":"https:\/\/ddoptics.shop\/it\/kaufen\/ddoptics-fernglas-ultralight-8x42\/","title":{"rendered":"Binocolo DDoptics Ultralight 8\u00d742"},"content":{"rendered":"<div class=\"row\"  id=\"row-1970479109\">\n\n\t<div id=\"col-2089662757\" class=\"col medium-8 small-12 large-8\"  >\n\t\t\t\t<div class=\"col-inner\"  >\n\t\t\t\n\t\t\t\n<h2>Binocolo DDoptics Ultralight 8\u00d742<\/h2>\n<p>Il binocolo universale da escursionismo e stalking di DDoptics \u00e8 disponibile da agosto 2015 anche nella versione pi\u00f9 luminosa da 42 mm. Scoprite il binocolo universale a tutto tondo di DDoptics. A <strong>Binocolo compatto 8x <\/strong>con <strong>prestazioni d'immagine impressionanti<\/strong> a un <strong>prezzo pi\u00f9 che sorprendente<\/strong>. Con questo <strong>binocolo molto leggero e compatto<\/strong> DDoptics completa la sua gamma nella categoria \u201ca <strong>\u201cBinocoli per tutti\u201d<\/strong> con la serie Ultralight.<\/p>\n<p>Il <strong>DDoptics Binocolo ultraleggero con ingrandimento 8x<\/strong>\u00a0vi offre un'ottica leggera e impermeabile per un budget ridotto, oltre a un meccanismo dal funzionamento pulito. Il rivestimento dei prismi e delle lenti del binocolo Ultralight con obiettivo da 42 mm di diametro \u00e8 stato addirittura dotato di un dielettrico.<\/p>\n<p>Il piccolo <strong>Il binocolo ha un design accattivante<\/strong> progettato, leggero, piccolo, impermeabile e potente. Il <strong>ponte aperto<\/strong> invita la mano ad avvolgere il tubo, garantendo presa e comfort.<\/p>\n<p>Il rivestimento dei prismi e delle lenti garantisce un'immagine luminosa e piacevole e, se non vi serve al momento, il binocolo pu\u00f2 essere facilmente riposto nella tasca della giacca. Il peso ridotto del binocolo Ultralight, poco meno di 645 g, non \u00e8 mai un problema.<\/p>\n\t\t<\/div>\n\t\t\t\t\n<style>\n#col-2089662757 > .col-inner {\n  margin: 0px 0px -30px 0px;\n}\n<\/style>\n\t<\/div>\n\n\t\n\n\t<div id=\"col-1976841704\" class=\"col medium-4 small-12 large-4\"  >\n\t\t\t\t<div class=\"col-inner\"  >\n\t\t\t\n\t\t\t\n\t<div class=\"img has-hover x md-x lg-x y md-y lg-y\" id=\"image_1142925647\">\n\t\t\t\t\t\t\t\t<div class=\"img-inner dark\" >\n\t\t\t\t\t\t\t\t\t\n\t\t\t\t\t<\/div>\n\t\t\t\t\t\t\t\t\n<style>\n#image_1142925647 {\n  width: 100%;\n}\n<\/style>\n\t<\/div>\n\t\n\t<div class=\"img has-hover x md-x lg-x y md-y lg-y\" id=\"image_512559063\">\n\t\t<a class=\"\" href=\"https:\/\/www.shop.ddoptics.de\/garantiebestimmungen\" target=\"_blank\" rel=\"noopener\">\t\t\t\t\t\t<div class=\"img-inner dark\" >\n\t\t\t<img decoding=\"async\" width=\"352\" height=\"160\" src=\"https:\/\/ddoptics.shop\/wp-content\/uploads\/2014\/09\/DDoptics-Garantie.jpg\" class=\"attachment-large size-large\" alt=\"Garanzia DDoptics\" srcset=\"https:\/\/ddoptics.shop\/wp-content\/uploads\/2014\/09\/DDoptics-Garantie.jpg 352w, https:\/\/ddoptics.shop\/wp-content\/uploads\/2014\/09\/DDoptics-Garantie-304x138.jpg 304w, https:\/\/ddoptics.shop\/wp-content\/uploads\/2014\/09\/DDoptics-Garantie-305x139.jpg 305w, https:\/\/ddoptics.shop\/wp-content\/uploads\/2014\/09\/DDoptics-Garantie-250x114.jpg 250w\" sizes=\"(max-width: 352px) 100vw, 352px\" title=\"\">\t\t\t\t\t\t\n\t\t\t\t\t<\/div>\n\t\t\t\t\t\t<\/a>\t\t\n<style>\n#image_512559063 {\n  width: 100%;\n}\n<\/style>\n\t<\/div>\n\t\n<h3>Fatti binocoli ultraleggeri DDoptics<\/h3>\n\n\t\t<div class=\"icon-box featured-box icon-box-left text-left\"  >\n\t\t\t\t\t<div class=\"icon-box-img\" style=\"width: 32px\">\n\t\t\t\t<div class=\"icon\">\n\t\t\t\t\t<div class=\"icon-inner\" >\n\t\t\t\t\t\t<img decoding=\"async\" width=\"100\" height=\"83\" src=\"https:\/\/ddoptics.shop\/wp-content\/uploads\/2021\/05\/DDoptics-SHG-Icon.jpg\" class=\"attachment-medium size-medium\" alt=\"Icona DDoptics SHG Binocolo\" title=\"\">\t\t\t\t\t<\/div>\n\t\t\t\t<\/div>\n\t\t\t<\/div>\n\t\t\t\t<div class=\"icon-box-text last-reset\">\n\t\t\t\t\t\t\t\t\t\n<p>Peso minimo<\/p>\n\t\t<\/div>\n\t<\/div>\n\t\n\t\n\n\t\t<div class=\"icon-box featured-box icon-box-left text-left\"  >\n\t\t\t\t\t<div class=\"icon-box-img\" style=\"width: 32px\">\n\t\t\t\t<div class=\"icon\">\n\t\t\t\t\t<div class=\"icon-inner\" >\n\t\t\t\t\t\t<img decoding=\"async\" width=\"100\" height=\"83\" src=\"https:\/\/ddoptics.shop\/wp-content\/uploads\/2021\/05\/DDoptics-SHG-Icon.jpg\" class=\"attachment-medium size-medium\" alt=\"Icona DDoptics SHG Binocolo\" title=\"\">\t\t\t\t\t<\/div>\n\t\t\t\t<\/div>\n\t\t\t<\/div>\n\t\t\t\t<div class=\"icon-box-text last-reset\">\n\t\t\t\t\t\t\t\t\t\n<p>Ponte aperto<\/p>\n\t\t<\/div>\n\t<\/div>\n\t\n\t\n\n\t\t<div class=\"icon-box featured-box icon-box-left text-left\"  >\n\t\t\t\t\t<div class=\"icon-box-img\" style=\"width: 32px\">\n\t\t\t\t<div class=\"icon\">\n\t\t\t\t\t<div class=\"icon-inner\" >\n\t\t\t\t\t\t<img decoding=\"async\" width=\"100\" height=\"83\" src=\"https:\/\/ddoptics.shop\/wp-content\/uploads\/2021\/05\/DDoptics-SHG-Icon.jpg\" class=\"attachment-medium size-medium\" alt=\"Icona DDoptics SHG Binocolo\" title=\"\">\t\t\t\t\t<\/div>\n\t\t\t\t<\/div>\n\t\t\t<\/div>\n\t\t\t\t<div class=\"icon-box-text last-reset\">\n\t\t\t\t\t\t\t\t\t\n<p>\u2705 Meccanismo finemente regolabile<\/p>\n\t\t<\/div>\n\t<\/div>\n\t\n\t\n\n\t\t<div class=\"icon-box featured-box icon-box-left text-left\"  >\n\t\t\t\t\t<div class=\"icon-box-img\" style=\"width: 32px\">\n\t\t\t\t<div class=\"icon\">\n\t\t\t\t\t<div class=\"icon-inner\" >\n\t\t\t\t\t\t<img decoding=\"async\" width=\"100\" height=\"83\" src=\"https:\/\/ddoptics.shop\/wp-content\/uploads\/2021\/05\/DDoptics-SHG-Icon.jpg\" class=\"attachment-medium size-medium\" alt=\"Icona DDoptics SHG Binocolo\" title=\"\">\t\t\t\t\t<\/div>\n\t\t\t\t<\/div>\n\t\t\t<\/div>\n\t\t\t\t<div class=\"icon-box-text last-reset\">\n\t\t\t\t\t\t\t\t\t\n<p>Conchiglie oculari in metallo<\/p>\n\t\t<\/div>\n\t<\/div>\n\t\n\t\n\n\t\t<div class=\"icon-box featured-box icon-box-left text-left\"  >\n\t\t\t\t\t<div class=\"icon-box-img\" style=\"width: 32px\">\n\t\t\t\t<div class=\"icon\">\n\t\t\t\t\t<div class=\"icon-inner\" >\n\t\t\t\t\t\t<img decoding=\"async\" width=\"100\" height=\"83\" src=\"https:\/\/ddoptics.shop\/wp-content\/uploads\/2021\/05\/DDoptics-SHG-Icon.jpg\" class=\"attachment-medium size-medium\" alt=\"Icona DDoptics SHG Binocolo\" title=\"\">\t\t\t\t\t<\/div>\n\t\t\t\t<\/div>\n\t\t\t<\/div>\n\t\t\t\t<div class=\"icon-box-text last-reset\">\n\t\t\t\t\t\t\t\t\t\n<p>\u2705 Prismi Schmidt-Pechan - buona risoluzione<\/p>\n\t\t<\/div>\n\t<\/div>\n\t\n\t\n\n\t\t<div class=\"icon-box featured-box icon-box-left text-left\"  >\n\t\t\t\t\t<div class=\"icon-box-img\" style=\"width: 32px\">\n\t\t\t\t<div class=\"icon\">\n\t\t\t\t\t<div class=\"icon-inner\" >\n\t\t\t\t\t\t<img decoding=\"async\" width=\"100\" height=\"83\" src=\"https:\/\/ddoptics.shop\/wp-content\/uploads\/2021\/05\/DDoptics-SHG-Icon.jpg\" class=\"attachment-medium size-medium\" alt=\"Icona DDoptics SHG Binocolo\" title=\"\">\t\t\t\t\t<\/div>\n\t\t\t\t<\/div>\n\t\t\t<\/div>\n\t\t\t\t<div class=\"icon-box-text last-reset\">\n\t\t\t\t\t\t\t\t\t\n<p>\u2705 Impermeabilit\u00e0 e riempimento di azoto<\/p>\n\t\t<\/div>\n\t<\/div>\n\t\n\t\n<div class=\"is-divider divider clearfix\" ><\/div>\n\t\t<\/div>\n\t\t\t\t\t<\/div>\n\n\t\n<\/div>\n<h3>Binocolo ultraleggero 8\u00d742 per il trekking, le vacanze all'aria aperta o il mondo della montagna alpina<\/h3>\n<p>Sia nel <strong>Montagna o trekking estensivo<\/strong>, che sia freddo o caldo, il <strong>impermeabile e riempito di azoto Ultralight<\/strong> fa semplicemente tutto - e scatta comunque un'ottima fotografia. Anche al crepuscolo, vi aiuta a trovare il sentiero giusto o vi mostra dove si nascondono una o due piccole sorprese.<\/p>\n<h3>Rapporto prezzo-prestazioni scandaloso<\/h3>\n<p>Con il <strong>Binocolo ultraleggero 8\u00d742 DDoptics vi propone un binocolo<\/strong>, che pu\u00f2 fare tutto ci\u00f2 che ci si aspetta da un binocolo cos\u00ec piccolo. Anche il ponte aperto si trova raramente, se non mai, in un binocolo di questa fascia di prezzo.<\/p>\n<h3>Design binoculare robusto per l'uso quotidiano<\/h3>\n<p>Il <strong>Il corpo del binocolo \u00e8 realizzato in policarbonato ultraresistente e infrangibile<\/strong> fabbricato. Le leghe metalliche sono utilizzate nei punti critici, come le conchiglie oculari o la \u201ccurva\u201d.<\/p>\n<h3>Meccanica binoculare fine<\/h3>\n<p>Il <strong>La ruota di messa a fuoco scorre comodamente libera e senza gioco;<\/strong> non troppo duro e non troppo morbido. Grazie alla regolazione fine, la messa a fuoco pu\u00f2 essere portata facilmente e con precisione sul \u201cpunto focale\u201d. La diottra, azionabile sotto l'oculare destro, pu\u00f2 essere regolata in modo pulito e preciso. Il <strong>Le conchiglie oculari offrono quattro chiari \u201clivelli di griglia\u201d.\u201d<\/strong> In questo modo, sia i portatori di occhiali che i non portatori di occhiali possono impostare la distanza interpupillare migliore e pi\u00f9 confortevole possibile.<\/p>","protected":false},"excerpt":{"rendered":"<p><img decoding=\"async\" class=\"alignnone wp-image-10180 size-full\" title=\"Escursioni e trekking\" src=\"https:\/\/ddoptics.shop\/wp-content\/uploads\/2016\/04\/Bergwandern-klein.jpg\" alt=\"Binocolo per escursioni in montagna\" width=\"50\" height=\"50\" \/><img decoding=\"async\" class=\"alignnone wp-image-10178 size-full\" title=\"Osservazioni sulla natura\" src=\"https:\/\/ddoptics.shop\/wp-content\/uploads\/2016\/04\/Gebirgsjagd-klein.jpg\" alt=\"Binocolo da caccia di montagna\" width=\"50\" height=\"50\" \/><br \/>\nIl nostro parere: Il<strong> Rivoluzione DDoptics - <\/strong>uno<strong> Binocoli per tutti ad un prezzo incredibile.<\/strong><\/p>","protected":false},"featured_media":10607,"comment_status":"open","ping_status":"closed","template":"","meta":{"inline_featured_image":false,"footnotes":""},"product_brand":[],"product_cat":[362,349,329,344,346],"product_tag":[90,91,78],"class_list":{"0":"post-10601","1":"product","2":"type-product","3":"status-publish","4":"has-post-thumbnail","6":"product_cat-42-mm-objektiv","7":"product_cat-8x-vergroesserung","8":"product_cat-ddoptics","9":"product_cat-naturbeobachtung","10":"product_cat-wandern-und-reisen","11":"product_tag-8-fach-vergroesserung","12":"product_tag-8x42","13":"product_tag-ddoptics","14":"product_shipping_class-paket","15":"pa_brand-marke-ddoptics","16":"pa_farbe-schwarz","17":"pa_produkt-typ-fernglas","19":"first","20":"instock","21":"sale","22":"taxable","23":"shipping-taxable","24":"purchasable","25":"product-type-simple"},"bundled_by":[],"bundle_stock_status":"instock","bundle_stock_quantity":null,"bundle_virtual":false,"bundle_layout":"","bundle_add_to_cart_form_location":"","bundle_editable_in_cart":false,"bundle_sold_individually_context":"","bundle_item_grouping":"","bundle_min_size":"","bundle_max_size":"","bundle_price":[],"bundled_items":[],"bundle_sell_ids":[],"_links":{"self":[{"href":"https:\/\/ddoptics.shop\/it\/wp-json\/wp\/v2\/product\/10601","targetHints":{"allow":["GET"]}}],"collection":[{"href":"https:\/\/ddoptics.shop\/it\/wp-json\/wp\/v2\/product"}],"about":[{"href":"https:\/\/ddoptics.shop\/it\/wp-json\/wp\/v2\/types\/product"}],"replies":[{"embeddable":true,"href":"https:\/\/ddoptics.shop\/it\/wp-json\/wp\/v2\/comments?post=10601"}],"version-history":[{"count":5,"href":"https:\/\/ddoptics.shop\/it\/wp-json\/wp\/v2\/product\/10601\/revisions"}],"predecessor-version":[{"id":28469,"href":"https:\/\/ddoptics.shop\/it\/wp-json\/wp\/v2\/product\/10601\/revisions\/28469"}],"wp:featuredmedia":[{"embeddable":true,"href":"https:\/\/ddoptics.shop\/it\/wp-json\/wp\/v2\/media\/10607"}],"wp:attachment":[{"href":"https:\/\/ddoptics.shop\/it\/wp-json\/wp\/v2\/media?parent=10601"}],"wp:term":[{"taxonomy":"product_brand","embeddable":true,"href":"https:\/\/ddoptics.shop\/it\/wp-json\/wp\/v2\/product_brand?post=10601"},{"taxonomy":"product_cat","embeddable":true,"href":"https:\/\/ddoptics.shop\/it\/wp-json\/wp\/v2\/product_cat?post=10601"},{"taxonomy":"product_tag","embeddable":true,"href":"https:\/\/ddoptics.shop\/it\/wp-json\/wp\/v2\/product_tag?post=10601"}],"curies":[{"name":"wp","href":"https:\/\/api.w.org\/{rel}","templated":true}]}}