{"id":11793,"date":"2017-09-27T20:07:26","date_gmt":"2017-09-27T18:07:26","guid":{"rendered":"https:\/\/optik-sport-shop.at\/?post_type=product&#038;p=11793"},"modified":"2025-10-07T11:06:51","modified_gmt":"2025-10-07T09:06:51","slug":"cannocchiale-da-puntamento-ddoptics-2komma5-15x56-nfx-mrad","status":"publish","type":"product","link":"https:\/\/ddoptics.shop\/it\/kaufen\/ddoptics-zielfernrohr-2komma5-15x56-nfx-mrad\/","title":{"rendered":"Cannocchiale da puntamento 2,5-15\u00d756 NFX di DDoptics | V6 | A4N | MRAD - Gen 3"},"content":{"rendered":"<div class=\"container section-title-container\" ><h3 class=\"section-title section-title-normal\"><b aria-hidden=\"true\"><\/b><span class=\"section-title-main\" ><i class=\"icon-cross\" aria-hidden=\"true\"><\/i>Panoramica rapida Panoramica rapida Cannocchiale da puntamento 2,5-15x56 con regolazione a scatto di 1 cm \/ 100 m<\/span><b aria-hidden=\"true\"><\/b><\/h3><\/div>\n<table style=\"background-color: #cacaca;\">\n<tbody>\n<tr style=\"height: 24px;\">\n<td style=\"height: 24px; text-align: left; width: 20%;\"><strong>Tubo:<\/strong><\/td>\n<td style=\"height: 24px; text-align: left; width: 30%;\">Tubo mono da 30 mm<\/td>\n<td style=\"height: 24px; text-align: left; width: 20%;\"><strong>Campo visivo: m @100m:<\/strong><\/td>\n<td style=\"height: 24px; text-align: left; width: 30%;\">14,7-2,5 m<\/td>\n<\/tr>\n<tr style=\"height: 24px;\">\n<td style=\"height: 24px; text-align: left; width: 20%;\"><strong>Sistema ottico:<\/strong><\/td>\n<td style=\"height: 24px; text-align: left; width: 30%;\">2,5-15 volte<\/td>\n<td style=\"height: 24px; text-align: left; width: 20%;\"><strong>Distanza interpupillare:<\/strong><\/td>\n<td style=\"height: 24px; text-align: left; width: 30%;\">100 mm<\/td>\n<\/tr>\n<tr style=\"height: 24px;\">\n<td style=\"height: 24px; text-align: left; width: 20%;\"><strong>Obiettivo:<\/strong><\/td>\n<td style=\"height: 24px; text-align: left; width: 30%;\">56 mm<\/td>\n<td style=\"height: 24px; text-align: left; width: 20%;\"><strong>Lunghezza:<\/strong><\/td>\n<td style=\"height: 24px; text-align: left; width: 30%;\">372 mm<\/td>\n<\/tr>\n<tr style=\"height: 24px;\">\n<td style=\"height: 24px; text-align: left; width: 20%;\"><a href=\"https:\/\/de.wikipedia.org\/wiki\/Absehen\" target=\"_blank\" rel=\"noopener noreferrer\"><strong>Reticolo:<\/strong><\/a><\/td>\n<td style=\"height: 24px; text-align: left; width: 30%;\">Nuovo reticolo 4<\/td>\n<td style=\"height: 24px; text-align: left; width: 20%;\"><strong>Peso:<\/strong><\/td>\n<td style=\"height: 24px; text-align: left; width: 30%;\">759 g<\/td>\n<\/tr>\n<tr style=\"height: 24px;\">\n<td style=\"height: 24px; text-align: left; width: 20%;\"><strong>Punto luce<\/strong><\/td>\n<td style=\"height: 24px; text-align: left; width: 30%;\">Standard o iFibra<\/td>\n<td style=\"height: 24px; text-align: left; width: 20%;\"><strong>Protezione antiappannamento:<\/strong><\/td>\n<td style=\"height: 24px; text-align: left; width: 30%;\">Riempimento di azoto contro l'appannamento<\/td>\n<\/tr>\n<tr style=\"height: 24px;\">\n<td style=\"height: 24px; text-align: left; width: 20%;\"><strong>Messa a fuoco\/parallasse:<\/strong><\/td>\n<td style=\"height: 24px; text-align: left; width: 30%;\">Obiettivo regolabile da 20-500 m a infinito<\/td>\n<td style=\"height: 24px; text-align: left; width: 20%;\"><strong>Tenuta:<\/strong><\/td>\n<td style=\"height: 24px; text-align: left; width: 30%;\">Resistente all'acqua e agli urti<\/td>\n<\/tr>\n<\/tbody>\n<\/table>\n<div class=\"row\"  id=\"row-1703680785\">\n\n\t<div id=\"col-1547930909\" class=\"col medium-8 small-12 large-8\"  >\n\t\t\t\t<div class=\"col-inner\"  >\n\t\t\t\n\t\t\t\n<h2>Il cannocchiale da puntamento 2,5-15\u00d756 NFX V6 di DDoptics - potente cannocchiale da puntamento con zoom 6x e regolazione a scatto MRAD (1 cm\/click - 100 m)<\/h2>\n<p><strong>Ingrandimenti elevati <\/strong>con <strong>bassa luminosit\u00e0<\/strong>,e anche con <strong>Ampio campo visivo per uno scatto rapido<\/strong>, pone requisiti elevati ai progettisti di ottiche.<\/p>\n<p>La caccia in grandi aree richiede molto alle ottiche dei cannocchiali da puntamento. Gli alti ingrandimenti, tuttavia, consentono di rispondere in modo affidabile alle lunghe distanze. Per questo motivo \u00e8 molto importante per la progettazione del cannocchiale che il <strong>Luminosit\u00e0 dell'immagine anche quando si utilizza un ingrandimento elevato<\/strong> \u00e8 ancora utilizzabile.<\/p>\n<p>La vista favorevole nell'oculare del cannocchiale, l'area del bordo notevolmente ridotta e l'ampio campo visivo rendono questo sorprendente (a questo prezzo) cannocchiale DDoptics interessante anche per le riprese in movimento.<\/p>\n<p>L'elaboratissimo <strong>Ottiche per cannocchiali da puntamento HD di DDoptics<\/strong> offre un'immagine estremamente contrastata e dai colori fedeli, con eccezionali propriet\u00e0 di nitidezza da bordo a bordo anche con un ingrandimento di 15x, grazie al rivestimento appositamente sviluppato per questo obiettivo, che non consente riflessi o luci parassite. In particolare, le frange di colore sono state ridotte al minimo.<\/p>\n<p>Il <a href=\"https:\/\/ddoptics.shop\/it\/negozio\/mirino-telescopico-2\/v6-zoom-6x\/\" target=\"_blank\" rel=\"noopener noreferrer\">6 volte <strong>Mirino telescopico <\/strong><\/a>convince per tutti i requisiti di caccia come<strong>\u00a0Stalking, nascondersi <\/strong>nell'appartamento e nel<strong> Montagne.<\/strong><\/p>\n\t\t<\/div>\n\t\t\t\t\t<\/div>\n\n\t\n\n\t<div id=\"col-245490845\" class=\"col medium-4 small-12 large-4\"  >\n\t\t\t\t<div class=\"col-inner\"  >\n\t\t\t\n\t\t\t\n<a class=\"button primary expand\" >\n\t\t<span>Caratteristiche speciali del cannocchiale<\/span>\n\t<\/a>\n\n\n\t<section class=\"section\" id=\"section_1084788993\">\n\t\t<div class=\"section-bg fill\" >\n\t\t\t\t\t\t\t\t\t<div class=\"section-bg-overlay absolute fill\"><\/div>\n\t\t\t\n\n\t\t<\/div>\n\n\t\t\n\n\t\t<div class=\"section-content relative\">\n\t\t\t\n\t<div class=\"img has-hover x md-x lg-x y md-y lg-y\" id=\"image_804075792\">\n\t\t<a class=\"\" href=\"https:\/\/www.ddoptics.de\/garantiebestimmungen\" target=\"_blank\" rel=\"no follow noopener\">\t\t\t\t\t\t<div class=\"img-inner dark\" >\n\t\t\t<img decoding=\"async\" width=\"352\" height=\"160\" src=\"https:\/\/ddoptics.shop\/wp-content\/uploads\/2014\/09\/DDoptics-Garantie.jpg\" class=\"attachment-large size-large\" alt=\"Garanzia DDoptics\" srcset=\"https:\/\/ddoptics.shop\/wp-content\/uploads\/2014\/09\/DDoptics-Garantie.jpg 352w, https:\/\/ddoptics.shop\/wp-content\/uploads\/2014\/09\/DDoptics-Garantie-304x138.jpg 304w, https:\/\/ddoptics.shop\/wp-content\/uploads\/2014\/09\/DDoptics-Garantie-305x139.jpg 305w, https:\/\/ddoptics.shop\/wp-content\/uploads\/2014\/09\/DDoptics-Garantie-250x114.jpg 250w\" sizes=\"(max-width: 352px) 100vw, 352px\" title=\"\">\t\t\t\t\t\t\n\t\t\t\t\t<\/div>\n\t\t\t\t\t\t<\/a>\t\t\n<style>\n#image_804075792 {\n  width: 100%;\n}\n<\/style>\n\t<\/div>\n\t\n\t<div id=\"gap-783620332\" class=\"gap-element clearfix\" style=\"display:block; height:auto;\">\n\t\t\n<style>\n#gap-783620332 {\n  padding-top: 15px;\n}\n<\/style>\n\t<\/div>\n\t\n\t<div id=\"text-3595993971\" class=\"text\">\n\t\t\n<p><span style=\"font-size: 80%;\"><em>\u21d2 Basato sulla Gen 3 - versione speciale FX<br \/>\n\u21d2 FX = maggiore campo visivo e migliore visione<br \/>\n\u21d2 Meno area dei bordi nella vista<br \/>\n\u21d2 Regolazione del reticolo torrette in metallo (non in plastica come la gen 2)<br \/>\n\u21d2 Vetro CT (trasmissione chiara) (bassa dispersione)<br \/>\n\u21d2 Doppia scalatura (doppio giro)<br \/>\n\u21d2 Zerostop per ASV (zero stop)<br \/>\n<strong>\u21d2 Detentore tattico duro a scatto mrad (1cm\/click)<\/strong><br \/>\n<strong> \u21d2 Corsa di regolazione 184 scatti = da 1,8 m a 100 m<\/strong><br \/>\n\u21d2 Nuovo design della ghiera di regolazione dell'ingrandimento<br \/>\n\u21d2 Nuovo reticolo 4 con barre significativamente pi\u00f9 sottili<br \/>\n<\/em><\/span><br \/>\n\t\t\n<style>\n#text-3595993971 {\n  line-height: 1.15;\n  color: rgb(33, 107, 227);\n}\n#text-3595993971 > * {\n  color: rgb(33, 107, 227);\n}\n<\/style>\n\t<\/div>\n\t\n\t\t<\/div>\n\n\t\t\n<style>\n#section_1084788993 {\n  padding-top: 30px;\n  padding-bottom: 30px;\n  background-color: rgb(232, 232, 232);\n}\n#section_1084788993 .section-bg-overlay {\n  background-color: rgba(255,255,255,.5);\n}\n<\/style>\n\t<\/section>\n\t\n<div class=\"is-divider divider clearfix\" ><\/div>\n\t\t<\/div>\n\t\t\t\t\t<\/div>\n\n\t\n<\/div>\n\t<div class=\"img has-hover x md-x lg-x y md-y lg-y\" id=\"image_926906995\">\n\t\t\t\t\t\t\t\t<div class=\"img-inner dark\" >\n\t\t\t<img decoding=\"async\" width=\"800\" height=\"537\" src=\"https:\/\/ddoptics.shop\/wp-content\/uploads\/2019\/10\/technische-Zeichnung-DDoptics-2_5-15x56.jpg\" class=\"attachment-large size-large\" alt=\"Disegno DDoptics V4 2.5-10x56 NFX\" srcset=\"https:\/\/ddoptics.shop\/wp-content\/uploads\/2019\/10\/technische-Zeichnung-DDoptics-2_5-15x56.jpg 800w, https:\/\/ddoptics.shop\/wp-content\/uploads\/2019\/10\/technische-Zeichnung-DDoptics-2_5-15x56-304x204.jpg 304w, https:\/\/ddoptics.shop\/wp-content\/uploads\/2019\/10\/technische-Zeichnung-DDoptics-2_5-15x56-305x205.jpg 305w, https:\/\/ddoptics.shop\/wp-content\/uploads\/2019\/10\/technische-Zeichnung-DDoptics-2_5-15x56-632x424.jpg 632w, https:\/\/ddoptics.shop\/wp-content\/uploads\/2019\/10\/technische-Zeichnung-DDoptics-2_5-15x56-510x342.jpg 510w, https:\/\/ddoptics.shop\/wp-content\/uploads\/2019\/10\/technische-Zeichnung-DDoptics-2_5-15x56-250x168.jpg 250w\" sizes=\"(max-width: 800px) 100vw, 800px\" title=\"\">\t\t\t\t\t\t\n\t\t\t\t\t<\/div>\n\t\t\t\t\t\t\t\t\n<style>\n#image_926906995 {\n  width: 100%;\n}\n<\/style>\n\t<\/div>\n\t\n<h3>Cannocchiale grandangolare DDoptics V6 2,5-15\u00d756 NFX per fucili da caccia - con scala MRAD<\/h3>\n<p>Come per i modelli Gen 3, il V6 2,5-15\u00d756 NFX <strong>ha eliminato in modo coerente tutte le parti in plastica.\u00a0<\/strong>Tra i bassi, <strong>Torrette da caccia con doppio scalare<\/strong> nasconde un <strong>Meccanismo ad alta precisione e scorrevole<\/strong>, che finora <strong>solo nella versione con cannocchiale tattico<\/strong> \u00e8 stato installato.<\/p>\n<p>Vantaggio: si pu\u00f2 fare a meno del cappuccio di protezione sopra la regolazione del reticolo e quindi avere <strong>Accesso alla regolazione del reticolo in qualsiasi momento<\/strong> per correggere le distanze di tiro o la velocit\u00e0 del vento.<\/p>\n<h3>Caccia DDoptics A4N <a href=\"https:\/\/de.wikipedia.org\/wiki\/Absehen\" target=\"_blank\" rel=\"noopener sponsored\" data-schema-attribute=\"\">Reticolo illuminato<\/a> con punto illuminato intelligente IFiber<\/h3>\n<p>Il <strong>Cannocchiale 6x 2,5-15\u00d756 NFX<\/strong> ha il reticolo 4-N moderno e di successo sviluppato con molti cacciatori.<\/p>\n<h3>Nuovo reticolo A4N per una copertura minima del bersaglio<\/h3>\n<p>Guardando il nuovo <strong>Cannocchiale da puntamento -Generazione 3<\/strong>\u00a0l'osservatore riconosce immediatamente il design pratico:<\/p>\n<ul>\n<li>Il <strong>Mirino nel reticolo 4<\/strong> \u00e8 <strong>molto pi\u00f9 fine<\/strong> e le travi esterne, un po' pi\u00f9 spesse, sono spesse solo la met\u00e0 e sono significativamente pi\u00f9 distanti tra loro.<\/li>\n<li>Si tratta di un grande vantaggio, soprattutto per il cacciatore in condizioni di scarsa luminosit\u00e0, in quanto il <strong>Obiettivo oscurato solo in minima parte<\/strong> e quindi un arresto rapido e sicuro \u00e8 supportato in modo ottimale.<\/li>\n<\/ul>\n<p>Il reticolo si trova nel <strong>Piano immagine dell'oculare (2\u00b0 piano immagine)<\/strong>. Con <strong>ingrandimento massimo di 15 volte, il mirino oscura solo in minima parte il bersaglio.<\/strong> Ogni scatto regola il reticolo di 0,25 minuti di angolo (MOA), ovvero di 7,3 millimetri a 100 metri.<\/p>\n<h3>Campo di regolazione totale del cannocchiale:<\/h3>\n<p>Il cannocchiale ha un<strong> Regolazione tattica di 0,1 mrad<\/strong>. Per l'utente, ci\u00f2 significa <strong>Europa applicazione semplice secondo il sistema decimale<\/strong>.<\/p>\n<p>Corsa di regolazione totale su 100 m: 18,4 MRAD - 184 scatti - 1,8 m<\/p>\n<ul>\n<li>Corsa di regolazione \/ scatto per 100 m: 1 cm<\/li>\n<li>Corsa di regolazione \/ scatto a 200 m: 2 cm<\/li>\n<li>Campo di regolazione \/ scatto a 300 m: 3 cm<\/li>\n<li>Corsa di regolazione \/ scatto a 900 m: 9 cm<\/li>\n<\/ul>\n<h3>Robusto meccanismo di regolazione del cannocchiale per un uso intensivo con Zerostop e ASV<\/h3>\n<p>Il <strong>Torrette di regolazione del reticolo delle ottiche di puntamento DDoptics<\/strong> della Generazione 3 sono realizzati in una robusta lega di alluminio e sono privi di parti in plastica. Tutti <strong>Parti in alluminio<\/strong> con quello nuovo, non lucido, <strong>Rivestimento anodizzato nero fine DDoptics<\/strong> fornito.<\/p>\n<p>Il <strong>Il meccanismo di regolazione \u00e8 stato modificato nella versione tattica.<\/strong>, Ci\u00f2 significa che non solo \u00e8 altamente resistente agli urti e completamente impermeabile, ma anche scorrevole e quindi protetto da regolazioni involontarie. Ci\u00f2 significa che la regolazione del reticolo pu\u00f2 essere utilizzata anche \u201eaperta\u201c nella caccia di tutti i giorni, cio\u00e8 senza tappo a vite, per poter regolare rapidamente il reticolo a seconda della situazione.<\/p>\n<h3>Regolazione rapida del reticolo del cannocchiale con Zerostop<\/h3>\n<p>A un <strong>Doppia scala (Doubleturn) sulla torretta di elevazione del cannocchiale<\/strong> \u00e8 possibile leggere il numero di regolazioni a scatto effettuate e impostarle di conseguenza. Dopo lo sparo, \u00e8 possibile \u201eazzerare\u201c la regolazione del reticolo e ruotare l'anello Zerostop fino all'arresto. L'impostazione dello zero viene quindi regolata con il tasto<strong> Anelli Zerostop contrastati dal basso<\/strong> per raggiungere l'arresto nella posizione di zero.<\/p>\n<p>Partendo dalla posizione di zero, e presupponendo la conoscenza dell'etichettatura, \u00e8 possibile <strong>Varie distanze di tiro grazie a un sistema di marcatura<\/strong> La torretta di regolazione laterale \u00e8 contrassegnata da due scale controrotanti; a partire dall'impostazione dello zero, il<strong> Reticolo in funzione della direzione e della forza del vento<\/strong> o qualsiasi movimento del bersaglio pu\u00f2 essere preimpostato.<\/p>","protected":false},"excerpt":{"rendered":"<p><img decoding=\"async\" class=\"alignnone wp-image-10452 size-full\" title=\"Tiro sportivo\" src=\"https:\/\/ddoptics.shop\/wp-content\/uploads\/2016\/07\/Target-Schiessen.jpg\" alt=\"Tiro al bersaglio\" width=\"50\" height=\"50\" \/><img decoding=\"async\" class=\"alignnone wp-image-10168 size-full\" title=\"Caccia al cavalletto\" src=\"https:\/\/ddoptics.shop\/wp-content\/uploads\/2016\/09\/Jagd-klein.jpg\" alt=\"Binocoli da caccia\" width=\"50\" height=\"50\" \/><img decoding=\"async\" class=\"alignnone wp-image-10178 size-full\" title=\"Caccia in montagna\" src=\"https:\/\/ddoptics.shop\/wp-content\/uploads\/2016\/04\/Gebirgsjagd-klein.jpg\" alt=\"Binocolo da caccia di montagna\" width=\"50\" height=\"50\" \/><br \/>\nUna nuova ottica di puntamento estremo che <strong>quasi tutte le aree di caccia<\/strong> coperto. Dalla caccia in battuta, alla caccia in tana, alla caccia in montagna, fino all'ultima luce del fucile. Grazie alla trasmissione della luce fino a 96%! <strong>In opzione, con sistema intelligente <a title=\"NUOVO Punto illuminato DDoptics IFiber\" href=\"\/it\/termine-tecnico-wiki\/punto-luce-intelligente-ddoptics-ifiber\/\" target=\"_blank\" rel=\"noopener noreferrer\">Punto luce IFibre<\/a> a soli \u20ac 99,- di supplemento.<\/strong><\/p>\n<a href=\"https:\/\/amzn.to\/3Pp05dH\" target=\"_blank\" class=\"button success is-success is-small\" rel=\"\u201dnofollow\u201d noopener\" >\n\t\t<span>cliente amazon? - Usare i vantaggi di Prime?<\/span>\n\t<\/a>","protected":false},"featured_media":12191,"comment_status":"open","ping_status":"closed","template":"","meta":{"inline_featured_image":false,"footnotes":""},"product_brand":[],"product_cat":[555,454,638,697,917,640,919,637,68],"product_tag":[556,78,80,698,79],"class_list":{"0":"post-11793","1":"product","2":"type-product","3":"status-publish","4":"has-post-thumbnail","6":"product_cat-25-15x56","7":"product_cat-56-mm-objektivdurchmesser","8":"product_cat-ansitzjagd","9":"product_cat-mrad-klickverstellung","10":"product_cat-nfx-zielfernrohre-weitwinkel-zf","11":"product_cat-pirschjagd-und-gebirgsjagd","12":"product_cat-v6-6-fach-zoom","13":"product_cat-zf-anwendung","14":"product_cat-zielfernrohr","15":"product_tag-2-5-15x56","16":"product_tag-ddoptics","17":"product_tag-gen-3","18":"product_tag-mrad-1-cm-klickverstellung","19":"product_tag-zielfernrohr","20":"product_shipping_class-paket","21":"pa_brand-marke-ddoptics","22":"pa_produkt-typ-zielfernrohr","24":"first","25":"instock","26":"sale","27":"taxable","28":"shipping-taxable","29":"purchasable","30":"product-type-bundle"},"bundled_by":[],"bundle_stock_status":"instock","bundle_stock_quantity":34,"bundle_virtual":false,"bundle_layout":"default","bundle_add_to_cart_form_location":"default","bundle_editable_in_cart":false,"bundle_sold_individually_context":"product","bundle_item_grouping":"parent","bundle_min_size":"","bundle_max_size":"","bundle_price":{"price":{"min":{"incl_tax":"1168.01","excl_tax":"973.34"},"max":{"incl_tax":"1272.32","excl_tax":"1060.26"}},"regular_price":{"min":{"incl_tax":"1298.01","excl_tax":"1081.68"},"max":{"incl_tax":"1413.9","excl_tax":"1178.25"}}},"bundled_items":[{"bundled_item_id":66,"product_id":12809,"menu_order":0,"quantity_min":1,"quantity_max":1,"quantity_default":1,"priced_individually":true,"shipped_individually":false,"override_title":true,"title":"","override_description":false,"description":"","optional":false,"hide_thumbnail":true,"discount":"","override_variations":true,"allowed_variations":[12810,12811],"override_default_variation_attributes":false,"default_variation_attributes":[],"single_product_visibility":"visible","cart_visibility":"visible","order_visibility":"visible","single_product_price_visibility":"visible","cart_price_visibility":"visible","order_price_visibility":"visible","stock_status":"in_stock"},{"bundled_item_id":67,"product_id":12812,"menu_order":1,"quantity_min":1,"quantity_max":1,"quantity_default":1,"priced_individually":true,"shipped_individually":false,"override_title":true,"title":"Quasi un regalo: i tappi a flip","override_description":false,"description":"","optional":true,"hide_thumbnail":false,"discount":"68.55","override_variations":true,"allowed_variations":[12819],"override_default_variation_attributes":true,"default_variation_attributes":[{"id":17,"name":"Dimensioni del cannocchiale","option":"25-15x56"}],"single_product_visibility":"visible","cart_visibility":"visible","order_visibility":"visible","single_product_price_visibility":"visible","cart_price_visibility":"visible","order_price_visibility":"visible","stock_status":"in_stock"}],"bundle_sell_ids":[],"_links":{"self":[{"href":"https:\/\/ddoptics.shop\/it\/wp-json\/wp\/v2\/product\/11793","targetHints":{"allow":["GET"]}}],"collection":[{"href":"https:\/\/ddoptics.shop\/it\/wp-json\/wp\/v2\/product"}],"about":[{"href":"https:\/\/ddoptics.shop\/it\/wp-json\/wp\/v2\/types\/product"}],"replies":[{"embeddable":true,"href":"https:\/\/ddoptics.shop\/it\/wp-json\/wp\/v2\/comments?post=11793"}],"version-history":[{"count":15,"href":"https:\/\/ddoptics.shop\/it\/wp-json\/wp\/v2\/product\/11793\/revisions"}],"predecessor-version":[{"id":29220,"href":"https:\/\/ddoptics.shop\/it\/wp-json\/wp\/v2\/product\/11793\/revisions\/29220"}],"wp:featuredmedia":[{"embeddable":true,"href":"https:\/\/ddoptics.shop\/it\/wp-json\/wp\/v2\/media\/12191"}],"wp:attachment":[{"href":"https:\/\/ddoptics.shop\/it\/wp-json\/wp\/v2\/media?parent=11793"}],"wp:term":[{"taxonomy":"product_brand","embeddable":true,"href":"https:\/\/ddoptics.shop\/it\/wp-json\/wp\/v2\/product_brand?post=11793"},{"taxonomy":"product_cat","embeddable":true,"href":"https:\/\/ddoptics.shop\/it\/wp-json\/wp\/v2\/product_cat?post=11793"},{"taxonomy":"product_tag","embeddable":true,"href":"https:\/\/ddoptics.shop\/it\/wp-json\/wp\/v2\/product_tag?post=11793"}],"curies":[{"name":"wp","href":"https:\/\/api.w.org\/{rel}","templated":true}]}}