{"id":11798,"date":"2017-09-27T20:08:50","date_gmt":"2017-09-27T18:08:50","guid":{"rendered":"https:\/\/optik-sport-shop.at\/?post_type=product&#038;p=11798"},"modified":"2026-04-14T09:57:54","modified_gmt":"2026-04-14T07:57:54","slug":"portata-del-rivestimento-in-cerakote","status":"publish","type":"product","link":"https:\/\/ddoptics.shop\/it\/kaufen\/cerakote-beschichtung-zielfernrohr\/","title":{"rendered":"Rivestimento in cerakote per i cannocchiali da puntamento DDoptics - vari colori"},"content":{"rendered":"<h2>Rivestimento Cerakote | Finitura superficiale personalizzata per i vostri cannocchiali da puntamento DDoptics | Protezione anticorrosione per la vostra arma<\/h2>\n<div class=\"row\"  id=\"row-1676145418\">\n\n\t<div id=\"col-1872795367\" class=\"col medium-8 small-12 large-8\"  >\n\t\t\t\t<div class=\"col-inner\"  >\n\t\t\t\n\t\t\t\n<p>Offriamo ai nostri clienti la possibilit\u00e0 di avere tutti i cannocchiali da puntamento rivestiti individualmente in diversi colori.<\/p>\n<p>Utilizziamo solo prodotti di alta qualit\u00e0 <strong>Rivestimenti ceramici da <a href=\"https:\/\/www.cerakote.com\/project-gallery\" target=\"_blank\" rel=\"noopener sponsored nofollow\">Cerakote<\/a><\/strong> viene utilizzato. Oltre a un design personalizzato, questo rivestimento offre anche propriet\u00e0 superficiali uniche, quali <strong>elevata resistenza all'abrasione, ottima resistenza chimica ed elevata resistenza ai graffi.<\/strong><\/p>\n<p>In questo modo il vostro cannocchiale da puntamento subisce un vero e proprio upgrade. Il rivestimento \u00e8 possibile sia per i cannocchiali da puntamento nuovi che per quelli usati di DDoptics.<\/p>\n<p>Attualmente possiamo offrire 12 colori diversi.<\/p>\n<p>SUGGERIMENTO: i rivestimenti Cerakote per le armi e la messa a punto sono disponibili da <strong><a href=\"https:\/\/www.verex-tactical.com\/galerie\/\" target=\"_blank\" rel=\"noopener\">VEREX Tattico<\/a> <\/strong>professionalmente e con piacere.<\/p>\n<h3>Il rivestimento ceramico Cerakote garantisce un aspetto unico e un'ottima protezione dalla corrosione.<\/h3>\n<p>Il Cerakote \u00e8 un rivestimento estremamente resistente sviluppato negli Stati Uniti (la terra delle armi) appositamente per le armi, disponibile in numerose combinazioni di colori.<\/p>\n<p>Oltre al miglioramento visivo desiderato, la pistola viene dotata di una superficie che la protegge da tutti gli influssi ambientali e prolunga notevolmente la durata della pistola trasportata all'aperto.<\/p>\n<blockquote><p>Grazie a Cerakote, \u00e8 possibile creare qualcosa di completamente personalizzato dalla propria arma, compresi il mirino e l'attacco del cannocchiale.<\/p><\/blockquote>\n<h3>Il processo di rivestimento delle armi Cerakote spiegato brevemente<\/h3>\n<p>Dopo un bagno di acetone sgrassante, le parti dell'arma smontate vengono sabbiate nella cabina di sabbiatura da <strong>rimozione della vecchia azzurratura o anche della ruggine di punta<\/strong> e rivestito con uno strato sottilissimo di Cerakote nei colori di vostra scelta.<\/p>\n<blockquote><p>Dopo alcune prove, abbiamo anche trovato un modo ideale per realizzare un rivestimento permanente con il cannocchiale + la montatura.<\/p><\/blockquote>\n<p>La durevolezza<strong> Lacca di ceramica dagli Stati Uniti<\/strong> ottiene la sua forza finale con una cottura di due ore nella speciale camera di cottura.<\/p>\n<p>Il Cerakote offre la migliore protezione dalla corrosione, un aspetto distintivo e aumenta il valore dell'arma.<\/p>\n<h3>Convincente test estremo con arma rivestita in Ceracote nella natura selvaggia<\/h3>\n\t\t<\/div>\n\t\t\t\t\t<\/div>\n\n\t\n\n\t<div id=\"col-45842905\" class=\"col medium-4 small-12 large-4\"  >\n\t\t\t\t<div class=\"col-inner\"  >\n\t\t\t\n\t\t\t\n<a class=\"button primary expand\" >\n\t\t<span>Caratteristiche speciali del rivestimento Keramic<\/span>\n\t<i class=\"icon-checkmark\" aria-hidden=\"true\"><\/i><\/a>\n\n<ul>\n<li>Finitura superficiale personalizzata<\/li>\n<li>Rivestimenti ceramici di alta qualit\u00e0 di Cerakote<\/li>\n<li>Elevata resistenza all'abrasione<\/li>\n<li>Resistenza chimica ottimale<\/li>\n<li>Elevata resistenza ai graffi<\/li>\n<li>per i cannocchiali da puntamento nuovi e usati di DDoptics acquistati presso di noi<\/li>\n<li>Attualmente sono disponibili 12 colori diversi<\/li>\n<\/ul>\n\t<div class=\"img has-hover x md-x lg-x y md-y lg-y\" id=\"image_1359073727\">\n\t\t<a class=\"image-lightbox lightbox-gallery\" title=\"\" href=\"https:\/\/ddoptics.shop\/wp-content\/uploads\/2023\/05\/Cerakote-Waffe-ZF.webp\">\t\t\t\t\t\t<div class=\"img-inner dark\" >\n\t\t\t<img decoding=\"async\" width=\"600\" height=\"800\" src=\"https:\/\/ddoptics.shop\/wp-content\/uploads\/2023\/05\/Cerakote-Waffe-ZF.webp\" class=\"attachment-large size-large\" alt=\"Arma in cerakote + mirino telescopico\" srcset=\"https:\/\/ddoptics.shop\/wp-content\/uploads\/2023\/05\/Cerakote-Waffe-ZF.webp 600w, https:\/\/ddoptics.shop\/wp-content\/uploads\/2023\/05\/Cerakote-Waffe-ZF-304x405.webp 304w, https:\/\/ddoptics.shop\/wp-content\/uploads\/2023\/05\/Cerakote-Waffe-ZF-270x360.webp 270w\" sizes=\"(max-width: 600px) 100vw, 600px\" title=\"\">\t\t\t\t\t\t\n\t\t\t\t\t\t\t<div class=\"caption\">Fucile di prova Cerakote + cannocchiale<\/div>\n\t\t\t\t\t<\/div>\n\t\t\t\t\t\t<\/a>\t\t\n<style>\n#image_1359073727 {\n  width: 100%;\n}\n<\/style>\n\t<\/div>\n\t\n\t\t<\/div>\n\t\t\t\t\t<\/div>\n\n\t\n<\/div>\n<div class=\"video video-fit mb\" style=\"padding-top:56.25%;\"><p><iframe title=\"Test di corrosione all&#039;aperto con Cerakote | Tempo trascorso per oltre 15 mesi\" width=\"1020\" height=\"574\" src=\"https:\/\/www.youtube.com\/embed\/v4GSDrkZMyE?feature=oembed\" frameborder=\"0\" allow=\"accelerometer; autoplay; clipboard-write; encrypted-media; gyroscope; picture-in-picture; web-share\" referrerpolicy=\"strict-origin-when-cross-origin\" allowfullscreen><\/iframe><\/p>\n<\/div>\n<h3>Perch\u00e9 il Cerakote \u00e8 perfetto per i fucili da caccia<\/h3>\n<p>Il <strong>Geni di Cerakote<\/strong> hanno davvero trovato un modo per rendere questo rivestimento incredibilmente sottile incredibilmente resistente.<\/p>\n<p>Il sottile strato protegge tutte le parti, comprese quelle in movimento, dalla normale usura.<\/p>\n<p>Il rivestimento \u00e8 inoltre piuttosto insensibile alla <strong>Acqua, acqua salata<\/strong> e sabbia. <strong>Il Cerakote \u201cspegne\u201d virtualmente gli agenti atmosferici<\/strong> e impedisce che la pistola arrugginisca o subisca altri danni da corrosione.<\/p>\n<div class=\"video video-fit mb\" style=\"padding-top:56.25%;\"><p><iframe title=\"Test di corrosione | ASTM B117 | Cerakote vs Nitruro nero\" width=\"1020\" height=\"574\" src=\"https:\/\/www.youtube.com\/embed\/XFMbZEWO1-o?feature=oembed\" frameborder=\"0\" allow=\"accelerometer; autoplay; clipboard-write; encrypted-media; gyroscope; picture-in-picture; web-share\" referrerpolicy=\"strict-origin-when-cross-origin\" allowfullscreen><\/iframe><\/p>\n<\/div>\n<p>E il Cerakote \u00e8 un prodotto quasi <strong>Rivestimento universale:<\/strong> Aderisce a <strong>Metallo, plastica, polimeri e legno.<\/strong><\/p>\n<blockquote><p>Il Ceracote \u00e8 anni luce avanti rispetto ai metodi storici di protezione delle armi, come la classica azzurratura, che funziona solo sul metallo.<\/p><\/blockquote>\n<p>Il Cerakote viene applicato in modo estremamente sottile e non crea quasi mai problemi in caso di tolleranze ristrette.<\/p>\n<h3>Dettagli importanti sul rivestimento protettivo Cerakote:<\/h3>\n<ul>\n<li>Tutto ci\u00f2 che \u00e8 stato dipinto o leggermente laserato andr\u00e0 perso durante il processo di pulizia e rivestimento. Non c'\u00e8 modo di salvare questi segni se non con una mascheratura pulita.<\/li>\n<li>Il Cerakote \u00e8 stato progettato in modo tale che altre <strong>Le cose non possono aderire molto bene<\/strong>. Questo pu\u00f2 essere un vantaggio o uno svantaggio.<\/li>\n<li>Dopo l'applicazione del rivestimento in Cerakote, i pezzi vengono messi nella <strong>Forno di polimerizzazione secondo gli standard Cerakote<\/strong> cotto. L'eventuale sensibilit\u00e0 al calore deve essere chiarita caso per caso.<\/li>\n<li>Dopo la cottura, i pezzi vengono tolti dal forno e raffreddati. I pezzi vengono quindi controllati per verificare il corretto spessore del rivestimento, l'aspetto e la sensazione al tatto. Se qualcosa non va bene, si ricomincia da capo.<\/li>\n<\/ul>","protected":false},"excerpt":{"rendered":"<p><strong>Personalizzato e personale. Tempi di consegna circa 2-3 settimane - <a href=\"https:\/\/ddoptics.shop\/it\/rivestimento-in-cerakote-del-cannocchiale-da-puntamento\/\">Al rapporto QUI<\/a><\/strong><\/p>\n<p><strong><span style=\"color: #ed1c24;\">Attenzione: Assistenza SOLO per i cannocchiali da puntamento acquistati presso di noi!!!<\/span><br \/>\n<\/strong>Poich\u00e9 si tratta di un <strong>Personalizzazione elaborata del cannocchiale da puntamento<\/strong> i tempi di consegna sono fino a 3 settimane (insieme a un ordine ZF o dopo il ricevimento dell'ottica acquistata da noi). Desideriamo inoltre sottolineare che il diritto di recesso \u00e8 generalmente escluso per i prodotti e gli ordini personalizzati!<\/p>","protected":false},"featured_media":26538,"comment_status":"open","ping_status":"closed","template":"","meta":{"inline_featured_image":false,"footnotes":""},"product_brand":[],"product_cat":[68],"product_tag":[1129,683,684],"class_list":{"0":"post-11798","1":"product","2":"type-product","3":"status-publish","4":"has-post-thumbnail","6":"product_cat-zielfernrohr","7":"product_tag-cerakote","8":"product_tag-zielfernrohr-beschichtung","9":"product_tag-zielfernrohr-farben","10":"product_shipping_class-paket","11":"pa_brand-marke-ddoptics","12":"pa_produkt-typ-zielfernrohr","14":"first","15":"outofstock","16":"taxable","17":"shipping-taxable","18":"purchasable","19":"product-type-variable","20":"has-default-attributes"},"bundled_by":["11816","11830","11926"],"bundle_stock_status":"outofstock","bundle_stock_quantity":null,"bundle_virtual":false,"bundle_layout":"","bundle_add_to_cart_form_location":"","bundle_editable_in_cart":false,"bundle_sold_individually_context":"","bundle_item_grouping":"","bundle_min_size":"","bundle_max_size":"","bundle_price":[],"bundled_items":[],"bundle_sell_ids":[],"_links":{"self":[{"href":"https:\/\/ddoptics.shop\/it\/wp-json\/wp\/v2\/product\/11798","targetHints":{"allow":["GET"]}}],"collection":[{"href":"https:\/\/ddoptics.shop\/it\/wp-json\/wp\/v2\/product"}],"about":[{"href":"https:\/\/ddoptics.shop\/it\/wp-json\/wp\/v2\/types\/product"}],"replies":[{"embeddable":true,"href":"https:\/\/ddoptics.shop\/it\/wp-json\/wp\/v2\/comments?post=11798"}],"version-history":[{"count":22,"href":"https:\/\/ddoptics.shop\/it\/wp-json\/wp\/v2\/product\/11798\/revisions"}],"predecessor-version":[{"id":26609,"href":"https:\/\/ddoptics.shop\/it\/wp-json\/wp\/v2\/product\/11798\/revisions\/26609"}],"wp:featuredmedia":[{"embeddable":true,"href":"https:\/\/ddoptics.shop\/it\/wp-json\/wp\/v2\/media\/26538"}],"wp:attachment":[{"href":"https:\/\/ddoptics.shop\/it\/wp-json\/wp\/v2\/media?parent=11798"}],"wp:term":[{"taxonomy":"product_brand","embeddable":true,"href":"https:\/\/ddoptics.shop\/it\/wp-json\/wp\/v2\/product_brand?post=11798"},{"taxonomy":"product_cat","embeddable":true,"href":"https:\/\/ddoptics.shop\/it\/wp-json\/wp\/v2\/product_cat?post=11798"},{"taxonomy":"product_tag","embeddable":true,"href":"https:\/\/ddoptics.shop\/it\/wp-json\/wp\/v2\/product_tag?post=11798"}],"curies":[{"name":"wp","href":"https:\/\/api.w.org\/{rel}","templated":true}]}}