{"id":12177,"date":"2018-01-08T13:06:24","date_gmt":"2018-01-08T12:06:24","guid":{"rendered":"https:\/\/ddoptics.shop\/?post_type=product&#038;p=12177"},"modified":"2025-10-07T11:11:17","modified_gmt":"2025-10-07T09:11:17","slug":"v6-2komma5-15x50-gen-3-nuovo-reticolo-4-mrad","status":"publish","type":"product","link":"https:\/\/ddoptics.shop\/it\/kaufen\/v6-2komma5-15x50-gen-3-new-absehen-4-mrad\/","title":{"rendered":"Cannocchiale DDoptics Nighteagle 2.5-15\u00d750 | V6 | A4N | Regolazione MRAD - Gen 3"},"content":{"rendered":"<div class=\"container section-title-container\" ><h3 class=\"section-title section-title-normal\"><b aria-hidden=\"true\"><\/b><span class=\"section-title-main\" ><i class=\"icon-cross\" aria-hidden=\"true\"><\/i>Breve panoramica del cannocchiale DDoptics V6 2,5-15x50 con regolazione MRAD<\/span><b aria-hidden=\"true\"><\/b><\/h3><\/div>\n<table style=\"background-color: #cacaca; width: 100%;\">\n<tbody>\n<tr style=\"height: 24px;\">\n<td style=\"height: 24px; width: 20%;\"><strong>Tubo<\/strong><\/td>\n<td style=\"height: 24px; width: 30%;\">Tubo mono da 30 mm<\/td>\n<td style=\"height: 24px; width: 20%;\"><strong>Campo visivo: m @100m<\/strong><\/td>\n<td style=\"height: 24px; width: 30%;\">13,5 - 2,2 m<\/td>\n<\/tr>\n<tr style=\"height: 24px;\">\n<td style=\"height: 24px; width: 20%;\"><strong>Sistema ottico<\/strong><\/td>\n<td style=\"height: 24px; width: 30%;\">\u00a02,5-15 volte<\/td>\n<td style=\"height: 24px; width: 20%;\">\u00a0<strong>Distanza interpupillare<\/strong><\/td>\n<td style=\"height: 24px; width: 30%;\">\u00a088 - 89 mm<\/td>\n<\/tr>\n<tr style=\"height: 24px;\">\n<td style=\"height: 24px; width: 20%;\"><strong>Lente<\/strong><\/td>\n<td style=\"height: 24px; width: 30%;\">\u00a050 mm<\/td>\n<td style=\"height: 24px; width: 20%;\">\u00a0<strong>Lunghezza<\/strong><\/td>\n<td style=\"height: 24px; width: 30%;\">\u00a0361 mm<\/td>\n<\/tr>\n<tr style=\"height: 24px;\">\n<td style=\"height: 24px; width: 20%;\"><strong>Reticolo<\/strong><\/td>\n<td style=\"height: 24px; width: 30%;\">\u00a0Nuovo reticolo 4 \/ A4N<\/td>\n<td style=\"height: 24px; width: 20%;\">\u00a0<strong>Peso<\/strong><\/td>\n<td style=\"height: 24px; width: 30%;\">\u00a0640 g<\/td>\n<\/tr>\n<tr style=\"height: 24px;\">\n<td style=\"height: 24px; width: 20%;\"><strong>Punto luce<\/strong><\/td>\n<td style=\"height: 24px; width: 30%;\">\u00a0Standard o iFibra<\/td>\n<td style=\"height: 24px; width: 20%;\">\u00a0<strong>Protezione antiappannamento<\/strong><\/td>\n<td style=\"height: 24px; width: 30%;\">\u00a0Riempimento di azoto contro l'appannamento<\/td>\n<\/tr>\n<tr style=\"height: 24px;\">\n<td style=\"height: 24px; width: 20%;\"><strong>Messa a fuoco\/parallasse<\/strong><\/td>\n<td style=\"height: 24px; width: 30%;\">\u00a0Obiettivo regolabile da 20 m a infinito<\/td>\n<td style=\"height: 24px; width: 20%;\">\u00a0<strong>Tenuta<\/strong><\/td>\n<td style=\"height: 24px; width: 30%;\">\u00a0Resistente all'acqua e agli urti<\/td>\n<\/tr>\n<\/tbody>\n<\/table>\n<div class=\"row\"  id=\"row-530585394\">\n\n\t<div id=\"col-1200776728\" class=\"col medium-8 small-12 large-8\"  >\n\t\t\t\t<div class=\"col-inner\"  >\n\t\t\t\n\t\t\t\n<h2>Cannocchiale da puntamento DDoptics Nighteagle 2,5-15\u00d750 - potente cannocchiale da puntamento con zoom 6x e regolazione a scatto MRAD (1 cm\/click - 100 m)<\/h2>\n<p>Il nuovo <strong>Cannocchiale DDoptics 2,5-15\u00d750<\/strong>\u00a0con regolazione a scatto MRAD \u00e8 particolarmente adatto per <strong>Zone di caccia con diverse distanze di tiro<\/strong>. Copre un'ampia gamma di terreni, ad esempio per la caccia in montagna o sul campo.<\/p>\n<p>La nuova Generazione 3 era dotata di un <strong>regolazione del reticolo a corsa rapida<\/strong> in metallo, Zerostop, Nuovo Reticolo 4, vetro CT, rivestimento DDlucid e doppia scala.<\/p>\n<p>Il <a href=\"https:\/\/ddoptics.shop\/it\/negozio\/mirino-telescopico-2\/v6-zoom-6x\/\" target=\"_blank\" rel=\"noopener noreferrer\">6 volte <strong>Mirino telescopico <\/strong><\/a>convince per tutti i requisiti di caccia come<strong>\u00a0Stalking, nascondersi <\/strong>nell'appartamento e nel<strong> Montagne.<\/strong><\/p>\n<h3>Cannocchiale DDoptics per fucili da caccia - ZF V6 2,5-15\u00d750 Gen 3 con scala MRAD<\/h3>\n<p>Durante l'ulteriore sviluppo del 2,5-15\u00d750 nella Gen 3 <strong>ha eliminato in modo coerente tutte le parti in plastica.\u00a0<\/strong>Tra i bassi, <strong>Torrette da caccia con doppio scalare<\/strong> nasconde un <strong>Meccanismo ad alta precisione e scorrevole<\/strong>, che finora <strong>solo nella versione con cannocchiale tattico<\/strong> \u00e8 stato installato.<\/p>\n<p>Vantaggio: si pu\u00f2 fare a meno del cappuccio di protezione sopra la regolazione del reticolo e quindi avere <strong>Accesso alla regolazione del reticolo in qualsiasi momento<\/strong> per correggere le distanze di tiro o la velocit\u00e0 del vento.<\/p>\n\t\t<\/div>\n\t\t\t\t\t<\/div>\n\n\t\n\n\t<div id=\"col-651590576\" class=\"col medium-4 small-12 large-4\"  >\n\t\t\t\t<div class=\"col-inner\"  >\n\t\t\t\n\t\t\t\n<a class=\"button primary expand\" >\n\t\t<span>Caratteristiche speciali del cannocchiale<\/span>\n\t<\/a>\n\n\n\t<section class=\"section\" id=\"section_35284593\">\n\t\t<div class=\"section-bg fill\" >\n\t\t\t\t\t\t\t\t\t<div class=\"section-bg-overlay absolute fill\"><\/div>\n\t\t\t\n\n\t\t<\/div>\n\n\t\t\n\n\t\t<div class=\"section-content relative\">\n\t\t\t\n\t<div class=\"img has-hover x md-x lg-x y md-y lg-y\" id=\"image_99485823\">\n\t\t<a class=\"\" href=\"https:\/\/www.ddoptics.de\/garantiebestimmungen\" target=\"_blank\" rel=\"no follow noopener\">\t\t\t\t\t\t<div class=\"img-inner dark\" >\n\t\t\t<img decoding=\"async\" width=\"352\" height=\"160\" src=\"https:\/\/ddoptics.shop\/wp-content\/uploads\/2014\/09\/DDoptics-Garantie.jpg\" class=\"attachment-large size-large\" alt=\"Garanzia DDoptics\" srcset=\"https:\/\/ddoptics.shop\/wp-content\/uploads\/2014\/09\/DDoptics-Garantie.jpg 352w, https:\/\/ddoptics.shop\/wp-content\/uploads\/2014\/09\/DDoptics-Garantie-304x138.jpg 304w, https:\/\/ddoptics.shop\/wp-content\/uploads\/2014\/09\/DDoptics-Garantie-305x139.jpg 305w, https:\/\/ddoptics.shop\/wp-content\/uploads\/2014\/09\/DDoptics-Garantie-250x114.jpg 250w\" sizes=\"(max-width: 352px) 100vw, 352px\" title=\"\">\t\t\t\t\t\t\n\t\t\t\t\t<\/div>\n\t\t\t\t\t\t<\/a>\t\t\n<style>\n#image_99485823 {\n  width: 100%;\n}\n<\/style>\n\t<\/div>\n\t\n\t<div id=\"gap-425702193\" class=\"gap-element clearfix\" style=\"display:block; height:auto;\">\n\t\t\n<style>\n#gap-425702193 {\n  padding-top: 15px;\n}\n<\/style>\n\t<\/div>\n\t\n\t<div id=\"text-4227221591\" class=\"text\">\n\t\t\n<p><span style=\"font-size: 80%;\"><em>\u21d2 <strong>Ora con regolazione del clic di 0,1 MRAD: (1 cm\/clic)<\/strong><br \/>\n\u21d2 Regolazione del reticolo in metallo<br \/>\n<strong>\u21d2 Vetro CT<\/strong> (Trasmissione chiara)<br \/>\n<strong>\u21d2 Scala doppia<\/strong><br \/>\n\u21d2 Estrema trasmissione della luce fino a 94,7%<br \/>\n<strong>\u21d2 Detentore a scatto tattico duro<\/strong><br \/>\n\u21d2 Possibilit\u00e0 di controllo della fibra<br \/>\n<strong>\u21d2 Nuovo reticolo 4<\/strong> nel 2\u00b0 piano immagine<br \/>\n\u21d2 Arresto di zero \/ Zerostop<br \/>\n\u21d2 Test antiproiettile: <a href=\"https:\/\/de.wikipedia.org\/wiki\/.375_Holland_%26_Holland_Magnum\" target=\"_blank\" rel=\"noopener sponsored\" data-schema-attribute=\"\">375H&amp;H<\/a> 1000 colpi<br \/>\n<strong>\u21d2 Fusione del cannocchiale a causa dell'elevato ingrandimento<\/strong><br \/>\n\u21d2 Compensazione della parallasse a regolazione continua<br \/>\n\u21d2 Possibilit\u00e0 di riprese molto lunghe<br \/>\n<\/em><\/span><\/p>\n\t\t\n<style>\n#text-4227221591 {\n  line-height: 1.15;\n  color: rgb(33, 107, 227);\n}\n#text-4227221591 > * {\n  color: rgb(33, 107, 227);\n}\n<\/style>\n\t<\/div>\n\t\n\t\t<\/div>\n\n\t\t\n<style>\n#section_35284593 {\n  padding-top: 30px;\n  padding-bottom: 30px;\n  background-color: rgb(232, 232, 232);\n}\n#section_35284593 .section-bg-overlay {\n  background-color: rgba(255,255,255,.5);\n}\n<\/style>\n\t<\/section>\n\t\n<div class=\"is-divider divider clearfix\" ><\/div>\n\t\t<\/div>\n\t\t\t\t\t<\/div>\n\n\t\n<\/div>\n\t<div class=\"img has-hover x md-x lg-x y md-y lg-y\" id=\"image_634338691\">\n\t\t\t\t\t\t\t\t<div class=\"img-inner dark\" >\n\t\t\t<img decoding=\"async\" width=\"1020\" height=\"477\" src=\"https:\/\/ddoptics.shop\/wp-content\/uploads\/2016\/04\/2_5-15x50-1600x748.jpg\" class=\"attachment-large size-large\" alt=\"Disegno del cannocchiale ics Nighteagle 2,5-15x50\" srcset=\"https:\/\/ddoptics.shop\/wp-content\/uploads\/2016\/04\/2_5-15x50-1600x748.jpg 1600w, https:\/\/ddoptics.shop\/wp-content\/uploads\/2016\/04\/2_5-15x50-scaled-304x142.jpg 304w, https:\/\/ddoptics.shop\/wp-content\/uploads\/2016\/04\/2_5-15x50-scaled-305x143.jpg 305w, https:\/\/ddoptics.shop\/wp-content\/uploads\/2016\/04\/2_5-15x50-scaled-632x296.jpg 632w, https:\/\/ddoptics.shop\/wp-content\/uploads\/2016\/04\/2_5-15x50-800x374.jpg 800w, https:\/\/ddoptics.shop\/wp-content\/uploads\/2016\/04\/2_5-15x50-scaled-250x117.jpg 250w, https:\/\/ddoptics.shop\/wp-content\/uploads\/2016\/04\/2_5-15x50-scaled-510x238.jpg 510w\" sizes=\"(max-width: 1020px) 100vw, 1020px\" title=\"\">\t\t\t\t\t\t\n\t\t\t\t\t<\/div>\n\t\t\t\t\t\t\t\t\n<style>\n#image_634338691 {\n  width: 100%;\n}\n<\/style>\n\t<\/div>\n\t\n<p>Per la sicurezza <strong>L'arresto di azzeramento, facile da regolare, garantisce il ritorno all'impostazione di azzeramento.<\/strong> ( Zerostop). Con un campo visivo di 13,5 metri (con ingrandimento 2,5x), il cannocchiale da puntamento Nighteagle 2,5-15\u00d750 soddisfa tutte le esigenze della caccia in movimento.<\/p>\n<p>Questi <strong>L'ottica con zoom 6x si distingue per l'elevata intensit\u00e0 luminosa e per le immagini brillanti e ad alto contrasto.<\/strong> su. Questo rende il Nighteagle 2,5-15\u00d750 predestinato ai cacciatori pi\u00f9 esigenti, ai tiratori a lunga distanza tecnicamente esperti e ai tiratori sportivi che desiderano utilizzare un <strong>Cannocchiale da puntamento a lungo raggio con massime prestazioni ottiche<\/strong> ricerca.<\/p>\n<h3>Cannocchiale da puntamento DDoptics 2,5-15\u00d750 Nighteagle - trasmissione della luce con valori al top<\/h3>\n<p>Il <strong>Ottica completamente rivestita<\/strong>, che non consente alcun riflesso, offre un'immagine estremamente contrastata e dai colori fedeli, con eccezionali propriet\u00e0 di nitidezza da bordo a bordo. Grazie alla minima quantit\u00e0 di falsa luce, anche il controluce non rappresenta un problema. Il <strong>La trasmissione della luce ha valori di picco di 94,7% (giorno) e 93% (notte).<\/strong> che consentono una risposta affidabile fino all'ultima luce del fucile.<\/p>\n<h3>Reticolo ZF 4 (A4N) di nuova concezione su <a href=\"https:\/\/ddoptics.shop\/it\/termine-tecnico\/reticolo-secondo-piano-immagine\/\" target=\"_blank\" rel=\"noopener\" data-schema-attribute=\"\">2\u00b0 piano immagine<\/a><\/h3>\n<p>Il <strong>reticolo di nuova concezione 4<\/strong> da DDoptics fa <strong>pi\u00f9 spazio per una risposta pulita.<\/strong><\/p>\n<figure id=\"attachment_1951\" aria-describedby=\"caption-attachment-1951\" style=\"width: 250px\" class=\"wp-caption alignright\"><a href=\"https:\/\/ddoptics.shop\/wp-content\/uploads\/2016\/04\/Neues-DDoptics-Absehen.jpg\" rel=\"attachment wp-att-1951\"><img decoding=\"async\" class=\"wp-image-1951\" src=\"https:\/\/ddoptics.shop\/wp-content\/uploads\/2016\/04\/Neues-DDoptics-Absehen-340x340.jpg\" alt=\"Nuovo reticolo DDoptics 4\" width=\"250\" height=\"199\" title=\"\" srcset=\"https:\/\/ddoptics.shop\/wp-content\/uploads\/2016\/04\/Neues-DDoptics-Absehen-304x242.jpg 304w, https:\/\/ddoptics.shop\/wp-content\/uploads\/2016\/04\/Neues-DDoptics-Absehen-305x243.jpg 305w, https:\/\/ddoptics.shop\/wp-content\/uploads\/2016\/04\/Neues-DDoptics-Absehen-632x503.jpg 632w, https:\/\/ddoptics.shop\/wp-content\/uploads\/2016\/04\/Neues-DDoptics-Absehen.jpg 800w, https:\/\/ddoptics.shop\/wp-content\/uploads\/2016\/04\/Neues-DDoptics-Absehen-250x199.jpg 250w, https:\/\/ddoptics.shop\/wp-content\/uploads\/2016\/04\/Neues-DDoptics-Absehen-510x406.jpg 510w\" sizes=\"(max-width: 250px) 100vw, 250px\" \/><\/a><figcaption id=\"caption-attachment-1951\" class=\"wp-caption-text\">Nuovo reticolo DDoptics 4<\/figcaption><\/figure>\n<p>Per offrirvi un vantaggio decisivo, abbiamo ridotto le barre spesse alla met\u00e0 dello spessore A4 e raddoppiato la distanza (centrale) tra le barre spesse.<\/p>\n<p><strong>L'intera immagine appare pi\u00f9 luminosa, pi\u00f9 grande e pi\u00f9 chiara con il nuovo reticolo.<\/strong> Ciononostante, \u00e8 possibile vedere bene il reticolo anche di notte. Il <strong>Il nuovo reticolo 4 si trova nel piano immagine dell'oculare (2\u00b0 piano immagine)<\/strong> e quindi rimane sempre della stessa dimensione quando si cambia l'ingrandimento.<\/p>\n<p>Con <strong>ingrandimento massimo di 15 volte, il mirino oscura solo in minima parte il bersaglio.<\/strong> Ogni scatto regola il reticolo di 1 cm a 100 metri, 2 cm a 200 metri, ecc. Campo di regolazione totale:<\/p>\n<ul>\n<li>27,5 MRAD - 275 scatti - 2,75 m<\/li>\n<li>Corsa di regolazione \/ scatto per 100 m: 1 cm<\/li>\n<li>Corsa di regolazione \/ scatto a 200 m: 2 cm<\/li>\n<li>Campo di regolazione \/ scatto a 300 m: 3 cm<\/li>\n<li>Corsa di regolazione \/ scatto a 600 m: 6 cm<\/li>\n<\/ul>\n<p>Il <strong>La regolazione a scatto funziona con una precisione di ripetizione assoluta<\/strong> e pu\u00f2 essere azzerato dopo lo sparo (nel caso in cui si utilizzino pi\u00f9 cariche). La compensazione della parallasse montata lateralmente (da 20 iarde all'infinito) protegge dal disallineamento e garantisce un'immagine nitidissima e priva di affaticamento a tutte le impostazioni di ingrandimento.<\/p>\n<h3>Lavorazione robusta, installazione semplice<\/h3>\n<p>Il <strong>DDoptics Nighteagle 2,5-15\u00d750 \u00e8 riempito di azoto e quindi completamente impermeabile<\/strong> <strong>e protetti dai raccordi interni.<\/strong> Il tubo di mira telescopico (diametro: 30 mm, lunghezza: 361,5 mm, peso: 640 g) \u00e8 realizzato in un unico pezzo di duralluminio e anodizzato duramente. Questo nuovo tipo di rivestimento \u00e8 particolarmente liscio, repellente allo sporco ed estremamente resistente ai graffi.<\/p>\n<h3>Punto illuminato per cannocchiale da puntamento finemente dimmerabile di DDoptics<\/h3>\n<p>Il <strong>Punto luce in fibra di vetro<\/strong>, (a scelta, con un supplemento di 99 euro, anche nella versione <strong>versione automatica IFiber<\/strong> disponibile) di DDoptics con circuiti elettronici completamente ridisegnati, \u00e8 talmente piccolo da ottenere solo la minima occlusione possibile del bersaglio.<\/p>\n<p>Grazie al <strong>tecnologia a fibre ottiche, il punto luce viene attenuato ad un livello elevato.<\/strong> non solo pi\u00f9 scuro, ma anche pi\u00f9 fine. Il punto luce pu\u00f2 essere attenuato continuamente del 100% fino a quando non \u00e8 pi\u00f9 visibile all'occhio umano.<\/p>\n<p>Il reticolo ha quindi lo stesso effetto di un'ottica di puntamento senza unit\u00e0 illuminata. Quando il punto illuminato viene attivato, non si verificano fastidiosi bagliori o riflessi all'interno dell'ottica. Poich\u00e9 l'unit\u00e0 luminosa viene prodotta a mano, \u00e8 possibile tenere conto delle esigenze specifiche dei clienti.<\/p>\n<h3>Ottica target Regolazione della distanza interpupillare e delle diottrie<\/h3>\n<p>Il rilievo oculare \u00e8 pi\u00f9 che adeguato: 89 mm. Per il <strong>\u00e8 sufficiente mezzo giro per l'intero campo di ingrandimento<\/strong>. La regolazione diottrica (da -3 a +4) pu\u00f2 essere facilmente effettuata sull'estremit\u00e0 gommata dell'oculare mediante una regolazione a scanalature.<\/p>","protected":false},"excerpt":{"rendered":"<p><img decoding=\"async\" class=\"alignnone wp-image-10452 size-full\" title=\"Tiro sportivo\" src=\"https:\/\/ddoptics.shop\/wp-content\/uploads\/2016\/07\/Target-Schiessen.jpg\" alt=\"Tiro al bersaglio\" width=\"50\" height=\"50\" \/><img decoding=\"async\" class=\"alignnone wp-image-10168 size-full\" title=\"Caccia al cavalletto\" src=\"https:\/\/ddoptics.shop\/wp-content\/uploads\/2016\/09\/Jagd-klein.jpg\" alt=\"Binocoli da caccia\" width=\"50\" height=\"50\" \/><img decoding=\"async\" class=\"alignnone wp-image-10178 size-full\" title=\"Caccia in montagna\" src=\"https:\/\/ddoptics.shop\/wp-content\/uploads\/2016\/04\/Gebirgsjagd-klein.jpg\" alt=\"Binocolo da caccia di montagna\" width=\"50\" height=\"50\" \/><\/p>\n<p>Il <strong>Cannocchiale universale ad alta intensit\u00e0 V6 2,5-15\u00d750 Gen 3<\/strong> con\u00a0<strong>Zoom 6x,\u00a0<span style=\"color: #ff0000;\">reticolo di nuova concezione <span style=\"color: #ed1c24;\">4<\/span><\/span><span style=\"color: #ed1c24;\">\u00a0e regolazione MRAD<\/span> convinto\u00a0<\/strong>grazie alla sua versatilit\u00e0 nella caccia. <strong>In opzione, con sistema intelligente <a title=\"NUOVO Punto illuminato DDoptics IFiber\" href=\"\/it\/termine-tecnico-wiki\/punto-luce-intelligente-ddoptics-ifiber\/\" target=\"_blank\" rel=\"noopener noreferrer\">Punto luce IFibre<\/a> a soli \u20ac 99,- di supplemento.<\/strong><\/p>\n<a href=\"https:\/\/amzn.to\/3z3OFH8\" target=\"_blank\" class=\"button success is-success is-small\" rel=\"\u201dnofollow\u201d noopener\" >\n\t\t<span>cliente amazon? - Usare i vantaggi di Prime?<\/span>\n\t<\/a>","protected":false},"featured_media":12182,"comment_status":"open","ping_status":"closed","template":"","meta":{"inline_featured_image":false,"footnotes":""},"product_brand":[],"product_cat":[478,453,638,697,640,641,919,637,68],"product_tag":[586,78,80,698,1098,79],"class_list":{"0":"post-12177","1":"product","2":"type-product","3":"status-publish","4":"has-post-thumbnail","6":"product_cat-25-15x50","7":"product_cat-50-mm-objektivdurchmesser","8":"product_cat-ansitzjagd","9":"product_cat-mrad-klickverstellung","10":"product_cat-pirschjagd-und-gebirgsjagd","11":"product_cat-sportschiessen","12":"product_cat-v6-6-fach-zoom","13":"product_cat-zf-anwendung","14":"product_cat-zielfernrohr","15":"product_tag-2-5-15x50","16":"product_tag-ddoptics","17":"product_tag-gen-3","18":"product_tag-mrad-1-cm-klickverstellung","19":"product_tag-nighteagle","20":"product_tag-zielfernrohr","21":"product_shipping_class-paket","22":"pa_brand-marke-ddoptics","23":"pa_produkt-typ-zielfernrohr","25":"first","26":"instock","27":"sale","28":"taxable","29":"shipping-taxable","30":"purchasable","31":"product-type-bundle"},"bundled_by":[],"bundle_stock_status":"instock","bundle_stock_quantity":40,"bundle_virtual":false,"bundle_layout":"default","bundle_add_to_cart_form_location":"default","bundle_editable_in_cart":false,"bundle_sold_individually_context":"product","bundle_item_grouping":"parent","bundle_min_size":"","bundle_max_size":"","bundle_price":{"price":{"min":{"incl_tax":"895.01","excl_tax":"745.84"},"max":{"incl_tax":"999.32","excl_tax":"832.76"}},"regular_price":{"min":{"incl_tax":"995.01","excl_tax":"829.18"},"max":{"incl_tax":"1110.9","excl_tax":"925.75"}}},"bundled_items":[{"bundled_item_id":54,"product_id":12809,"menu_order":0,"quantity_min":1,"quantity_max":1,"quantity_default":1,"priced_individually":true,"shipped_individually":false,"override_title":true,"title":"","override_description":false,"description":"","optional":false,"hide_thumbnail":true,"discount":"","override_variations":true,"allowed_variations":[12810,12811],"override_default_variation_attributes":false,"default_variation_attributes":[],"single_product_visibility":"visible","cart_visibility":"visible","order_visibility":"visible","single_product_price_visibility":"visible","cart_price_visibility":"visible","order_price_visibility":"visible","stock_status":"in_stock"},{"bundled_item_id":55,"product_id":12812,"menu_order":1,"quantity_min":1,"quantity_max":1,"quantity_default":1,"priced_individually":true,"shipped_individually":false,"override_title":true,"title":"Quasi un regalo: i tappi a flip","override_description":false,"description":"","optional":true,"hide_thumbnail":false,"discount":"68.55","override_variations":true,"allowed_variations":[12817],"override_default_variation_attributes":true,"default_variation_attributes":[{"id":17,"name":"Dimensioni del cannocchiale","option":"25-15x50"}],"single_product_visibility":"visible","cart_visibility":"visible","order_visibility":"visible","single_product_price_visibility":"visible","cart_price_visibility":"visible","order_price_visibility":"visible","stock_status":"in_stock"}],"bundle_sell_ids":[],"_links":{"self":[{"href":"https:\/\/ddoptics.shop\/it\/wp-json\/wp\/v2\/product\/12177","targetHints":{"allow":["GET"]}}],"collection":[{"href":"https:\/\/ddoptics.shop\/it\/wp-json\/wp\/v2\/product"}],"about":[{"href":"https:\/\/ddoptics.shop\/it\/wp-json\/wp\/v2\/types\/product"}],"replies":[{"embeddable":true,"href":"https:\/\/ddoptics.shop\/it\/wp-json\/wp\/v2\/comments?post=12177"}],"version-history":[{"count":17,"href":"https:\/\/ddoptics.shop\/it\/wp-json\/wp\/v2\/product\/12177\/revisions"}],"predecessor-version":[{"id":29223,"href":"https:\/\/ddoptics.shop\/it\/wp-json\/wp\/v2\/product\/12177\/revisions\/29223"}],"wp:featuredmedia":[{"embeddable":true,"href":"https:\/\/ddoptics.shop\/it\/wp-json\/wp\/v2\/media\/12182"}],"wp:attachment":[{"href":"https:\/\/ddoptics.shop\/it\/wp-json\/wp\/v2\/media?parent=12177"}],"wp:term":[{"taxonomy":"product_brand","embeddable":true,"href":"https:\/\/ddoptics.shop\/it\/wp-json\/wp\/v2\/product_brand?post=12177"},{"taxonomy":"product_cat","embeddable":true,"href":"https:\/\/ddoptics.shop\/it\/wp-json\/wp\/v2\/product_cat?post=12177"},{"taxonomy":"product_tag","embeddable":true,"href":"https:\/\/ddoptics.shop\/it\/wp-json\/wp\/v2\/product_tag?post=12177"}],"curies":[{"name":"wp","href":"https:\/\/api.w.org\/{rel}","templated":true}]}}