{"id":12196,"date":"2018-01-16T15:22:54","date_gmt":"2018-01-16T14:22:54","guid":{"rendered":"https:\/\/ddoptics.shop\/?post_type=product&#038;p=12196"},"modified":"2025-10-07T11:14:41","modified_gmt":"2025-10-07T09:14:41","slug":"nighteagle-hdx-2komma5-10x56-gen-3","status":"publish","type":"product","link":"https:\/\/ddoptics.shop\/it\/kaufen\/nighteagle-hdx-2komma5-10x56-gen-3\/","title":{"rendered":"Cannocchiale DDoptics Nighteagle 2.5-10\u00d756 | V4 | A4N | Regolazione MRAD - Gen 3"},"content":{"rendered":"<div class=\"container section-title-container\" ><h3 class=\"section-title section-title-normal\"><b aria-hidden=\"true\"><\/b><span class=\"section-title-main\" ><i class=\"icon-cross\" aria-hidden=\"true\"><\/i>Breve panoramica del cannocchiale DDoptics 2.5-10x56 Gen 3 MRAD<\/span><b aria-hidden=\"true\"><\/b><\/h3><\/div>\n<table style=\"background-color: #cacaca; width: 100%;\">\n<tbody>\n<tr style=\"height: 24px;\">\n<td style=\"height: 24px; width: 20%;\"><strong>Tubo<\/strong><\/td>\n<td style=\"height: 24px; width: 30%;\">Tubo mono da 30 mm<\/td>\n<td style=\"height: 24px; width: 20%;\"><strong>Campo visivo: m @100m<\/strong><\/td>\n<td style=\"height: 24px; width: 30%;\">12,6-3,4 m<\/td>\n<\/tr>\n<tr style=\"height: 24px;\">\n<td style=\"height: 24px; width: 20%;\"><strong>Sistema ottico<\/strong><\/td>\n<td style=\"height: 24px; width: 30%;\">2,5-10 volte<\/td>\n<td style=\"height: 24px; width: 20%;\"><strong>Distanza interpupillare<\/strong><\/td>\n<td style=\"height: 24px; width: 30%;\">102 mm<\/td>\n<\/tr>\n<tr style=\"height: 24px;\">\n<td style=\"height: 24px; width: 20%;\"><strong>Lente<\/strong><\/td>\n<td style=\"height: 24px; width: 30%;\">56 mm<\/td>\n<td style=\"height: 24px; width: 20%;\"><strong>Lunghezza<\/strong><\/td>\n<td style=\"height: 24px; width: 30%;\">349 mm<\/td>\n<\/tr>\n<tr style=\"height: 24px;\">\n<td style=\"height: 24px; width: 20%;\"><strong>Reticolo<\/strong><\/td>\n<td style=\"height: 24px; width: 30%;\">4<\/td>\n<td style=\"height: 24px; width: 20%;\"><strong>Peso<\/strong><\/td>\n<td style=\"height: 24px; width: 30%;\">670 g<\/td>\n<\/tr>\n<tr style=\"height: 24px;\">\n<td style=\"height: 24px; width: 20%;\"><strong>Punto luce<\/strong><\/td>\n<td style=\"height: 24px; width: 30%;\">Standard o iFibra<\/td>\n<td style=\"height: 24px; width: 20%;\"><strong>Protezione antiappannamento<\/strong><\/td>\n<td style=\"height: 24px; width: 30%;\">Riempimento di azoto contro l'appannamento<\/td>\n<\/tr>\n<tr style=\"height: 24px;\">\n<td style=\"height: 24px; width: 20%;\"><strong>Messa a fuoco\/parallasse<\/strong><\/td>\n<td style=\"height: 24px; width: 30%;\">Obiettivo regolabile da 25 m a infinito<\/td>\n<td style=\"height: 24px; width: 20%;\"><strong>Tenuta<\/strong><\/td>\n<td style=\"height: 24px; width: 30%;\">Resistente all'acqua e agli urti<\/td>\n<\/tr>\n<\/tbody>\n<\/table>\n<div class=\"row\"  id=\"row-1213820045\">\n\n\t<div id=\"col-58642271\" class=\"col medium-8 small-12 large-8\"  >\n\t\t\t\t<div class=\"col-inner\"  >\n\t\t\t\n\t\t\t\n<h2>Cannocchiale da puntamento DDoptics Nighteagle 2,5-10\u00d756 V4 - potente cannocchiale da puntamento con zoom 4x e regolazione a scatto MRAD (1 cm\/click - 100 m)<\/h2>\n<p>Il <strong>nuovo Nighteagle 2,5-10\u00d756 Gen 3 con regolazione a scatto MRAD<\/strong> e <a href=\"https:\/\/ddoptics.shop\/it\/negozio\/mirino-telescopico-2\/v4-zoom-4x\/\" target=\"_blank\" rel=\"noopener noreferrer\">Zoom 4x<\/a> \u00e8 il risultato di uno sviluppo con l'obiettivo di creare una <strong>Cannocchiale efficace e potente<\/strong> per condizioni di illuminazione sfavorevoli e per l'uso al crepuscolo e di notte.<\/p>\n<p>Il <strong>Ottica non riflettente<\/strong> offre un'esperienza estremamente <strong>Immagine luminosa, ad alto contrasto e dai colori reali<\/strong> con eccezionali propriet\u00e0 di definizione dei bordi.<\/p>\n<p>In combinazione con il nuovo reticolo 4 e un punto illuminato di alta qualit\u00e0, il Nighteagle 2,5-10\u00d756 \u00e8 il perfetto cannocchiale universale per un tiro preciso.<\/p>\n<h3>Il 2,5-10\u00d756 ZF Nighteagle Gen 3 - trasmissione della luce con valori di punta<\/h3>\n<p>Il<strong> Ottica non riflettente<\/strong> offre un <strong>Immagini estremamente luminose, ad alto contrasto e dai colori reali<\/strong> con fantastici <strong>Propriet\u00e0 di definizione dei bordi<\/strong>. A causa della <strong>componente minima di falsa luce<\/strong> anche la retroilluminazione non interferisce. Il <strong>La trasmissione della luce raggiunge un picco di 94,7 % di giorno e di 93 % di notte.<\/strong> che consentono una risposta affidabile fino all'ultimo colpo della sera.<\/p>\n\t\t<\/div>\n\t\t\t\t\t<\/div>\n\n\t\n\n\t<div id=\"col-1982108507\" class=\"col medium-4 small-12 large-4\"  >\n\t\t\t\t<div class=\"col-inner\"  >\n\t\t\t\n\t\t\t\n<a class=\"button primary expand\" >\n\t\t<span>Caratteristiche speciali del cannocchiale<\/span>\n\t<\/a>\n\n\n\t<section class=\"section\" id=\"section_1409536489\">\n\t\t<div class=\"section-bg fill\" >\n\t\t\t\t\t\t\t\t\t<div class=\"section-bg-overlay absolute fill\"><\/div>\n\t\t\t\n\n\t\t<\/div>\n\n\t\t\n\n\t\t<div class=\"section-content relative\">\n\t\t\t\n\t<div class=\"img has-hover x md-x lg-x y md-y lg-y\" id=\"image_6690828\">\n\t\t<a class=\"\" href=\"https:\/\/www.ddoptics.de\/garantiebestimmungen\" target=\"_blank\" rel=\"no follow noopener\">\t\t\t\t\t\t<div class=\"img-inner dark\" >\n\t\t\t<img decoding=\"async\" width=\"352\" height=\"160\" src=\"https:\/\/ddoptics.shop\/wp-content\/uploads\/2014\/09\/DDoptics-Garantie.jpg\" class=\"attachment-large size-large\" alt=\"Garanzia DDoptics\" srcset=\"https:\/\/ddoptics.shop\/wp-content\/uploads\/2014\/09\/DDoptics-Garantie.jpg 352w, https:\/\/ddoptics.shop\/wp-content\/uploads\/2014\/09\/DDoptics-Garantie-304x138.jpg 304w, https:\/\/ddoptics.shop\/wp-content\/uploads\/2014\/09\/DDoptics-Garantie-305x139.jpg 305w, https:\/\/ddoptics.shop\/wp-content\/uploads\/2014\/09\/DDoptics-Garantie-250x114.jpg 250w\" sizes=\"(max-width: 352px) 100vw, 352px\" title=\"\">\t\t\t\t\t\t\n\t\t\t\t\t<\/div>\n\t\t\t\t\t\t<\/a>\t\t\n<style>\n#image_6690828 {\n  width: 100%;\n}\n<\/style>\n\t<\/div>\n\t\n\t<div id=\"gap-1434150157\" class=\"gap-element clearfix\" style=\"display:block; height:auto;\">\n\t\t\n<style>\n#gap-1434150157 {\n  padding-top: 15px;\n}\n<\/style>\n\t<\/div>\n\t\n\t<div id=\"text-3883200283\" class=\"text\">\n\t\t\n<p><span style=\"font-size: 80%;\"><em>\u21d2 DDMP - DDoptics Match Precision (precisione della corrispondenza)<br \/>\n\u21d2 Perfetto per i tiratori pi\u00f9 esigenti<br \/>\n\u21d2 Il campo di regolazione di 30 MRAD consente di effettuare tiri lunghi estremi.<br \/>\n\u21d2 Robusto tubo da 34 mm<br \/>\n\u21d2 Torrette tattiche in metallo di grandi dimensioni (non in plastica)<br \/>\n\u21d2 Doppia scalatura (doppio giro)<br \/>\n\u21d2 Arresto di zero interno per ASV (arresto di zero)<br \/>\n\u21d2 Detentore tattico rigido a scatto 0,1 MRAD (1cm\/click)<br \/>\n\u21d2 Un giro = 10 MRAD<br \/>\n\u21d2 Nuovo reticolo tacA nel 1\u00b0 piano focale<br \/>\n\u21d2 Potente livellamento parallasse con 25-1000-\u221e<br \/>\n<\/em><\/span><\/p>\n\t\t\n<style>\n#text-3883200283 {\n  line-height: 1.15;\n  color: rgb(33, 107, 227);\n}\n#text-3883200283 > * {\n  color: rgb(33, 107, 227);\n}\n<\/style>\n\t<\/div>\n\t\n\t\t<\/div>\n\n\t\t\n<style>\n#section_1409536489 {\n  padding-top: 30px;\n  padding-bottom: 30px;\n  background-color: rgb(232, 232, 232);\n}\n#section_1409536489 .section-bg-overlay {\n  background-color: rgba(255,255,255,.5);\n}\n<\/style>\n\t<\/section>\n\t\n<div class=\"is-divider divider clearfix\" ><\/div>\n\t\t<\/div>\n\t\t\t\t\t<\/div>\n\n\t\n<\/div>\n\t<div class=\"img has-hover x md-x lg-x y md-y lg-y\" id=\"image_717795256\">\n\t\t\t\t\t\t\t\t<div class=\"img-inner dark\" >\n\t\t\t<img decoding=\"async\" width=\"1020\" height=\"492\" src=\"https:\/\/ddoptics.shop\/wp-content\/uploads\/2016\/04\/2_5-10x56-1600x772.jpg\" class=\"attachment-large size-large\" alt=\"Cannocchiale DDoptics 2,5-10x56\" srcset=\"https:\/\/ddoptics.shop\/wp-content\/uploads\/2016\/04\/2_5-10x56-1600x772.jpg 1600w, https:\/\/ddoptics.shop\/wp-content\/uploads\/2016\/04\/2_5-10x56-scaled-304x147.jpg 304w, https:\/\/ddoptics.shop\/wp-content\/uploads\/2016\/04\/2_5-10x56-scaled-305x147.jpg 305w, https:\/\/ddoptics.shop\/wp-content\/uploads\/2016\/04\/2_5-10x56-scaled-632x305.jpg 632w, https:\/\/ddoptics.shop\/wp-content\/uploads\/2016\/04\/2_5-10x56-800x386.jpg 800w, https:\/\/ddoptics.shop\/wp-content\/uploads\/2016\/04\/2_5-10x56-scaled-250x121.jpg 250w, https:\/\/ddoptics.shop\/wp-content\/uploads\/2016\/04\/2_5-10x56-scaled-510x246.jpg 510w\" sizes=\"(max-width: 1020px) 100vw, 1020px\" title=\"\">\t\t\t\t\t\t\n\t\t\t\t\t<\/div>\n\t\t\t\t\t\t\t\t\n<style>\n#image_717795256 {\n  width: 100%;\n}\n<\/style>\n\t<\/div>\n\t\n<h3>A4N di nuova concezione \u201cReticolo 4 sul secondo piano focale\u201d.\u201d<\/h3>\n<p>Il <strong>\u201cNuovo reticolo 4\u201d di nuova concezione\u201d <\/strong>da DDoptics fa <strong>pi\u00f9 spazio per una risposta pulita.<br \/>\n<\/strong><\/p>\n<figure id=\"attachment_1951\" aria-describedby=\"caption-attachment-1951\" style=\"width: 250px\" class=\"wp-caption alignright\"><a href=\"https:\/\/ddoptics.shop\/wp-content\/uploads\/2016\/04\/Neues-DDoptics-Absehen.jpg\" rel=\"attachment wp-att-1951\"><img decoding=\"async\" class=\"wp-image-1951\" src=\"https:\/\/ddoptics.shop\/wp-content\/uploads\/2016\/04\/Neues-DDoptics-Absehen-340x340.jpg\" alt=\"Nuovo reticolo DDoptics 4\" width=\"250\" height=\"199\" title=\"\" srcset=\"https:\/\/ddoptics.shop\/wp-content\/uploads\/2016\/04\/Neues-DDoptics-Absehen-304x242.jpg 304w, https:\/\/ddoptics.shop\/wp-content\/uploads\/2016\/04\/Neues-DDoptics-Absehen-305x243.jpg 305w, https:\/\/ddoptics.shop\/wp-content\/uploads\/2016\/04\/Neues-DDoptics-Absehen-632x503.jpg 632w, https:\/\/ddoptics.shop\/wp-content\/uploads\/2016\/04\/Neues-DDoptics-Absehen.jpg 800w, https:\/\/ddoptics.shop\/wp-content\/uploads\/2016\/04\/Neues-DDoptics-Absehen-250x199.jpg 250w, https:\/\/ddoptics.shop\/wp-content\/uploads\/2016\/04\/Neues-DDoptics-Absehen-510x406.jpg 510w\" sizes=\"(max-width: 250px) 100vw, 250px\" \/><\/a><figcaption id=\"caption-attachment-1951\" class=\"wp-caption-text\">Nuovo reticolo DDoptics 4<\/figcaption><\/figure>\n<p>Per darvi la <strong>Vantaggio decisivo grazie a \u201cpi\u00f9 visione\u201d<\/strong> DDoptics ha ridotto le barre spesse alla met\u00e0 del normale spessore del reticolo 4 e ha raddoppiato la distanza (centrale) tra le barre spesse.<\/p>\n<p><strong>L'intero quadro sembra <\/strong>con il nuovo<strong> Nuovo reticolo Reticolo 4 pi\u00f9 luminoso, pi\u00f9 grande e pi\u00f9 chiaro.<\/strong> Ciononostante, il reticolo \u00e8 ancora ben visibile di notte.<\/p>\n<p>Il Nuovo reticolo 4 si trova nella sezione <strong>Piano immagine dell'oculare (2\u00b0 piano immagine)<\/strong> e quindi rimane con il <strong>La modifica dell'ingrandimento \u00e8 sempre della stessa dimensione.<\/strong><\/p>\n<p>Il <strong>Il cannocchiale da puntamento DDoptics \u00e8 dotato di una regolazione tattica di 0,1 MRAD<\/strong>, cio\u00e8. <strong>per clic<\/strong> il <strong>Reticolo di 0,1 MRAD, vale a dire di 1 centimetro a 100 metri<\/strong>.<\/p>\n<p>Per l'utente europeo, ci\u00f2 significa un semplice utilizzo nel sistema decimale. La regolazione a scatto funziona con una precisione di ripetizione assoluta e pu\u00f2 essere semplicemente azzerata sulla bilancia dopo l'inserimento.<\/p>\n<p>Campo di regolazione totale del reticolo:<\/p>\n<ul>\n<li>26,0 MRAD - 260 scatti - 2,6 m<\/li>\n<li>Corsa di regolazione \/ scatto per 100 m: 1 cm<\/li>\n<li>Corsa di regolazione \/ scatto a 200 m: 2 cm<\/li>\n<li>Campo di regolazione \/ scatto a 300 m: 3 cm<\/li>\n<li>Corsa di regolazione \/ scatto a 600 m: 6 cm<\/li>\n<\/ul>\n<p>Il <strong>La regolazione a scatto funziona con una precisione di ripetizione assoluta<\/strong> e pu\u00f2 essere azzerato dopo lo sparo (nel caso in cui si utilizzino pi\u00f9 cariche). Il <strong>Livella parallattica laterale<\/strong> (20 metri all'infinito) <strong>Protegge dalle visioni angolate<\/strong> e garantisce un'immagine nitidissima e senza affaticamento a tutte le impostazioni di ingrandimento.<\/p>\n<h3>Lavorazione robusta, installazione semplice<\/h3>\n<p>Il <strong>DDoptics Nighteagle 2.5-10\u00d756 Gen 3 \u00e8 riempito di azoto e quindi completamente impermeabile<\/strong> <strong>e protetti dai raccordi interni.<\/strong> Il tubo di mira telescopico (diametro: 30 mm, lunghezza: 349 mm, peso: 670 g) \u00e8 realizzato in un unico pezzo di duralluminio e anodizzato duramente. Questo nuovo tipo di rivestimento \u00e8 particolarmente liscio, repellente allo sporco ed estremamente resistente ai graffi.<\/p>\n<h3>Punto illuminato dal cannocchiale finemente dimmerabile<\/h3>\n<p>Il <strong>Punto luce in fibra di vetro<\/strong>, (a scelta, con un supplemento di 99 euro, anche nella versione <strong>versione automatica IFiber<\/strong> disponibile) di DDoptics \u00e8 dotato di un circuito elettronico completamente ridisegnato ed \u00e8 cos\u00ec piccolo che si verifica solo la minima occlusione possibile del bersaglio.<\/p>\n<p>Grazie al <strong>tecnologia a fibre ottiche, il punto luce viene attenuato ad un livello elevato.<\/strong> non solo pi\u00f9 scuro, ma anche pi\u00f9 fine. Il <strong>Il punto luce pu\u00f2 essere attenuato in modo continuo del 100 percento,<\/strong> fino a quando non \u00e8 pi\u00f9 visibile all'occhio umano.<\/p>\n<p>Il reticolo agisce quindi come un'ottica di puntamento senza unit\u00e0 di illuminazione. Con <strong>punto illuminato attivato<\/strong> A sua volta, l'ottica non presenta fastidiosi bagliori o riflessi. Poich\u00e9 l'unit\u00e0 di illuminazione viene prodotta a mano, \u00e8 possibile tenere conto delle esigenze specifiche dei clienti.<\/p>\n<h3>Mirino telescopico - regolazione della distanza tra gli occhi e delle diottrie<\/h3>\n<p>Il rilievo oculare \u00e8 pi\u00f9 che adeguato, 100 mm. Per il <strong>\u00e8 sufficiente mezzo giro per l'intero campo di ingrandimento<\/strong>. La regolazione diottrica (da -3 a +3) pu\u00f2 essere facilmente effettuata sull'estremit\u00e0 gommata dell'oculare mediante una regolazione a scanalature.<\/p>","protected":false},"excerpt":{"rendered":"<p><img decoding=\"async\" class=\"alignnone wp-image-10168 size-full\" title=\"Caccia al cinghiale\" src=\"https:\/\/ddoptics.shop\/wp-content\/uploads\/2016\/09\/Jagd-klein.jpg\" alt=\"Binocoli da caccia\" width=\"50\" height=\"50\" \/><img decoding=\"async\" class=\"alignnone wp-image-10166 size-full\" title=\"Caccia notturna\" src=\"https:\/\/ddoptics.shop\/wp-content\/uploads\/2016\/09\/Astronomie-klein.jpg\" alt=\"Binocolo per astronomia\" width=\"50\" height=\"50\" \/><a href=\"https:\/\/ddoptics.shop\/wp-content\/uploads\/2016\/04\/Ansitz-Jagd.jpg\"><img decoding=\"async\" class=\"alignnone wp-image-10471 size-full\" title=\"Caccia al cavalletto\" src=\"https:\/\/ddoptics.shop\/wp-content\/uploads\/2016\/04\/Ansitz-Jagd.jpg\" alt=\"Caccia al cavalletto\" width=\"50\" height=\"50\" \/><\/a><br \/>\nIl <strong>Cannocchiale universale ad alta intensit\u00e0 Nighteagle 2,5-10\u00d756 Gen 3<\/strong>\u00a0con <strong>Zoom 4x e <span style=\"color: #ff0000;\">reticolo di nuova concezione 4<\/span> convinto <\/strong>per la sua versatilit\u00e0 nell'inseguimento e nella caccia alla selvaggina. <strong>In opzione, con sistema intelligente <a title=\"NUOVO Punto illuminato DDoptics IFiber\" href=\"\/it\/termine-tecnico-wiki\/punto-luce-intelligente-ddoptics-ifiber\/\" target=\"_blank\" rel=\"noopener noreferrer\">Punto luce IFibre<\/a> a soli \u20ac 99,- di supplemento.<\/strong><\/p>","protected":false},"featured_media":12201,"comment_status":"open","ping_status":"closed","template":"","meta":{"inline_featured_image":false,"footnotes":""},"product_brand":[],"product_cat":[477,454,949,638,697,918,637,68],"product_tag":[165,78,80,698,1098,79],"class_list":{"0":"post-12196","1":"product","2":"type-product","3":"status-publish","4":"has-post-thumbnail","6":"product_cat-25-10x56","7":"product_cat-56-mm-objektivdurchmesser","8":"product_cat-messeaktion","9":"product_cat-ansitzjagd","10":"product_cat-mrad-klickverstellung","11":"product_cat-v4-4fach-zoom","12":"product_cat-zf-anwendung","13":"product_cat-zielfernrohr","14":"product_tag-2-5-10x56","15":"product_tag-ddoptics","16":"product_tag-gen-3","17":"product_tag-mrad-1-cm-klickverstellung","18":"product_tag-nighteagle","19":"product_tag-zielfernrohr","20":"product_shipping_class-paket","21":"pa_brand-marke-ddoptics","22":"pa_produkt-typ-zielfernrohr","24":"first","25":"instock","26":"sale","27":"taxable","28":"shipping-taxable","29":"purchasable","30":"product-type-bundle"},"bundled_by":[],"bundle_stock_status":"instock","bundle_stock_quantity":43,"bundle_virtual":false,"bundle_layout":"default","bundle_add_to_cart_form_location":"default","bundle_editable_in_cart":false,"bundle_sold_individually_context":"product","bundle_item_grouping":"parent","bundle_min_size":"","bundle_max_size":"","bundle_price":{"price":{"min":{"incl_tax":"896.01","excl_tax":"746.68"},"max":{"incl_tax":"1000.32","excl_tax":"833.6"}},"regular_price":{"min":{"incl_tax":"944.01","excl_tax":"786.68"},"max":{"incl_tax":"1059.9","excl_tax":"883.25"}}},"bundled_items":[{"bundled_item_id":64,"product_id":12809,"menu_order":0,"quantity_min":1,"quantity_max":1,"quantity_default":1,"priced_individually":true,"shipped_individually":false,"override_title":true,"title":"","override_description":false,"description":"","optional":false,"hide_thumbnail":true,"discount":"","override_variations":true,"allowed_variations":[12810,12811],"override_default_variation_attributes":false,"default_variation_attributes":[],"single_product_visibility":"visible","cart_visibility":"visible","order_visibility":"visible","single_product_price_visibility":"visible","cart_price_visibility":"visible","order_price_visibility":"visible","stock_status":"in_stock"},{"bundled_item_id":65,"product_id":12812,"menu_order":1,"quantity_min":1,"quantity_max":1,"quantity_default":1,"priced_individually":true,"shipped_individually":false,"override_title":true,"title":"Quasi un regalo: i tappi a flip","override_description":false,"description":"","optional":true,"hide_thumbnail":false,"discount":"68.55","override_variations":true,"allowed_variations":[12816],"override_default_variation_attributes":true,"default_variation_attributes":[{"id":17,"name":"Dimensioni del cannocchiale","option":"25-10x56"}],"single_product_visibility":"visible","cart_visibility":"visible","order_visibility":"visible","single_product_price_visibility":"visible","cart_price_visibility":"visible","order_price_visibility":"visible","stock_status":"in_stock"}],"bundle_sell_ids":[],"_links":{"self":[{"href":"https:\/\/ddoptics.shop\/it\/wp-json\/wp\/v2\/product\/12196","targetHints":{"allow":["GET"]}}],"collection":[{"href":"https:\/\/ddoptics.shop\/it\/wp-json\/wp\/v2\/product"}],"about":[{"href":"https:\/\/ddoptics.shop\/it\/wp-json\/wp\/v2\/types\/product"}],"replies":[{"embeddable":true,"href":"https:\/\/ddoptics.shop\/it\/wp-json\/wp\/v2\/comments?post=12196"}],"version-history":[{"count":14,"href":"https:\/\/ddoptics.shop\/it\/wp-json\/wp\/v2\/product\/12196\/revisions"}],"predecessor-version":[{"id":29224,"href":"https:\/\/ddoptics.shop\/it\/wp-json\/wp\/v2\/product\/12196\/revisions\/29224"}],"wp:featuredmedia":[{"embeddable":true,"href":"https:\/\/ddoptics.shop\/it\/wp-json\/wp\/v2\/media\/12201"}],"wp:attachment":[{"href":"https:\/\/ddoptics.shop\/it\/wp-json\/wp\/v2\/media?parent=12196"}],"wp:term":[{"taxonomy":"product_brand","embeddable":true,"href":"https:\/\/ddoptics.shop\/it\/wp-json\/wp\/v2\/product_brand?post=12196"},{"taxonomy":"product_cat","embeddable":true,"href":"https:\/\/ddoptics.shop\/it\/wp-json\/wp\/v2\/product_cat?post=12196"},{"taxonomy":"product_tag","embeddable":true,"href":"https:\/\/ddoptics.shop\/it\/wp-json\/wp\/v2\/product_tag?post=12196"}],"curies":[{"name":"wp","href":"https:\/\/api.w.org\/{rel}","templated":true}]}}