{"id":12245,"date":"2018-01-29T13:37:15","date_gmt":"2018-01-29T12:37:15","guid":{"rendered":"https:\/\/ddoptics.shop\/?post_type=product&#038;p=12245"},"modified":"2025-07-04T10:37:47","modified_gmt":"2025-07-04T08:37:47","slug":"cannocchiale-da-puntamento-nighteagle-1-6x24-gen-3-crosshair","status":"publish","type":"product","link":"https:\/\/ddoptics.shop\/it\/kaufen\/zielfernrohr-nighteagle-1-6x24-gen-3-crosshair\/","title":{"rendered":"Cannocchiale da puntamento Nighteagle V6 1-6\u00d724 Gen 3 di DDoptics Regolazione del mirino e MRAD - Gen 3"},"content":{"rendered":"<div class=\"container section-title-container\" ><h3 class=\"section-title section-title-normal\"><b aria-hidden=\"true\"><\/b><span class=\"section-title-main\" ><i class=\"icon-cross\" aria-hidden=\"true\"><\/i>Breve panoramica del cannocchiale DDoptics V6 1-6x24 Gen 3 MRAD<\/span><b aria-hidden=\"true\"><\/b><\/h3><\/div>\n<table style=\"background-color: #cacaca; width: 100%;\">\n<tbody>\n<tr style=\"height: 24px;\">\n<td style=\"height: 24px; width: 20%;\"><strong>Tubo<\/strong><\/td>\n<td style=\"height: 24px; width: 30%;\">Tubo mono da 30 mm<\/td>\n<td style=\"height: 24px; width: 20%;\"><strong>Campo visivo: m @100m<\/strong><\/td>\n<td style=\"height: 24px; width: 30%;\">37,8 - 6,3 m<\/td>\n<\/tr>\n<tr style=\"height: 24px;\">\n<td style=\"height: 24px; width: 20%;\"><strong>Sistema ottico<\/strong><\/td>\n<td style=\"height: 24px; width: 30%;\">1-6 volte<\/td>\n<td style=\"height: 24px; width: 20%;\">\u00a0<strong>Distanza interpupillare<\/strong><\/td>\n<td style=\"height: 24px; width: 30%;\">99 - 100 mm<\/td>\n<\/tr>\n<tr style=\"height: 24px;\">\n<td style=\"height: 24px; width: 20%;\"><strong>Lente<\/strong><\/td>\n<td style=\"height: 24px; width: 30%;\">24 mm<\/td>\n<td style=\"height: 24px; width: 20%;\">\u00a0<strong>Lunghezza<\/strong><\/td>\n<td style=\"height: 24px; width: 30%;\">261 mm<\/td>\n<\/tr>\n<tr style=\"height: 24px;\">\n<td style=\"height: 24px; width: 20%;\"><strong>Reticolo<\/strong><\/td>\n<td style=\"height: 24px; width: 30%;\">Mirino<\/td>\n<td style=\"height: 24px; width: 20%;\">\u00a0<strong>Peso<\/strong><\/td>\n<td style=\"height: 24px; width: 30%;\">535 g<\/td>\n<\/tr>\n<tr style=\"height: 24px;\">\n<td style=\"height: 24px; width: 20%;\"><strong>Punto luce<\/strong><\/td>\n<td style=\"height: 24px; width: 30%;\">Standard o iFibra<\/td>\n<td style=\"height: 24px; width: 20%;\">\u00a0<strong>Protezione antiappannamento<\/strong><\/td>\n<td style=\"height: 24px; width: 30%;\">Riempimento di azoto contro l'appannamento<\/td>\n<\/tr>\n<tr style=\"height: 24px;\">\n<td style=\"height: 24px; width: 20%;\"><strong>Messa a fuoco\/parallasse<\/strong><\/td>\n<td style=\"height: 24px; width: 30%;\">Obiettivo regolabile da 25 m a infinito<\/td>\n<td style=\"height: 24px; width: 20%;\">\u00a0<strong>Tenuta<\/strong><\/td>\n<td style=\"height: 24px; width: 30%;\">Resistente all'acqua e agli urti<\/td>\n<\/tr>\n<\/tbody>\n<\/table>\n<div class=\"row\"  id=\"row-1094397500\">\n\n\t<div id=\"col-870569176\" class=\"col medium-8 small-12 large-8\"  >\n\t\t\t\t<div class=\"col-inner\"  >\n\t\t\t\n\t\t\t\n<h2>Cannocchiale da puntamento Nighteagle 1-6\u00d724 V6 di DDoptics - cannocchiale da puntamento compatto con zoom 6x, reticolo a croce e regolazione MRAD - 1 cm \/ 100 m per scatto<\/h2>\n<blockquote><p>La nuova terza generazione di cannocchiali da puntamento DDoptics<\/p><\/blockquote>\n<p>Come tutte le ottiche di puntamento di terza generazione, la <strong>DDoptics V6 1-6\u00d724 HDX<\/strong> su queste caratteristiche.<\/p>\n<p>Oltre alle ottiche migliorate (migliore rivestimento, vetro CT, minori errori di centratura e maggiore trasmissione della luce), sono soprattutto le nuove torri metalliche con il pi\u00f9 duro 0,1 <a href=\"https:\/\/ddoptics.shop\/it\/termine-tecnico\/calcolo-del-minuto-angolare-o-del-moa-per-i-cannocchiali-da-puntamento\/\" target=\"_blank\" rel=\"noopener noreferrer\">MRAD<\/a> Regolazione a scatto, compreso lo Zerostop e il reticolo Corsshair di nuova concezione, realizzato con questo reticolo. <strong>Cannocchiale da puntamento DDoptics<\/strong> creare qualcosa di molto speciale.<\/p>\n<h3>DDoptics V6 - Cannocchiale da puntamento 1-6\u00d724 con campo visivo ultra ampio<\/h3>\n<p>Il <strong>Ottica di puntamento DDoptics 1-6\u00d724 V6<\/strong> L'HDX non lascia nulla a desiderare ai cacciatori pi\u00f9 esigenti quando si tratta di moderni cannocchiali da caccia pilotati.<\/p>\n<p>Con una struttura compatta <strong>Lunghezza totale di 261 mm, peso di 500 g e diametro del tubo di 30 mm.<\/strong> il cannocchiale \u00e8 maneggevole e si adatta a qualsiasi fucile. Questo cannocchiale \u00e8 dotato di un campo visivo estremamente ampio, pari a 37,8 m a 100 metri.<\/p>\n<p>Il <strong>Cannocchiale da caccia guidato<\/strong> corrisponde a un reticolo a punto rosso al livello di ingrandimento pi\u00f9 basso e garantisce cos\u00ec uno dei punti pi\u00f9 importanti quando si caccia in movimento, ovvero l'acquisizione rapida del bersaglio.<\/p>\n<p>Il nuovo <strong>Reticolo a crocette<\/strong> \u00e8 stato sviluppato appositamente per la caccia guidata.<\/p>\n\t\t<\/div>\n\t\t\t\t\t<\/div>\n\n\t\n\n\t<div id=\"col-1050538025\" class=\"col medium-4 small-12 large-4\"  >\n\t\t\t\t<div class=\"col-inner\"  >\n\t\t\t\n\t\t\t\n<a class=\"button primary expand\" >\n\t\t<span>Caratteristiche speciali del cannocchiale<\/span>\n\t<\/a>\n\n\n\t<section class=\"section\" id=\"section_1186579921\">\n\t\t<div class=\"section-bg fill\" >\n\t\t\t\t\t\t\t\t\t<div class=\"section-bg-overlay absolute fill\"><\/div>\n\t\t\t\n\n\t\t<\/div>\n\n\t\t\n\n\t\t<div class=\"section-content relative\">\n\t\t\t\n\t<div class=\"img has-hover x md-x lg-x y md-y lg-y\" id=\"image_923651212\">\n\t\t<a class=\"\" href=\"https:\/\/www.ddoptics.de\/garantiebestimmungen\" target=\"_blank\" rel=\"no follow noopener\">\t\t\t\t\t\t<div class=\"img-inner dark\" >\n\t\t\t<img decoding=\"async\" width=\"352\" height=\"160\" src=\"https:\/\/ddoptics.shop\/wp-content\/uploads\/2014\/09\/DDoptics-Garantie.jpg\" class=\"attachment-large size-large\" alt=\"Garanzia DDoptics\" srcset=\"https:\/\/ddoptics.shop\/wp-content\/uploads\/2014\/09\/DDoptics-Garantie.jpg 352w, https:\/\/ddoptics.shop\/wp-content\/uploads\/2014\/09\/DDoptics-Garantie-304x138.jpg 304w, https:\/\/ddoptics.shop\/wp-content\/uploads\/2014\/09\/DDoptics-Garantie-305x139.jpg 305w, https:\/\/ddoptics.shop\/wp-content\/uploads\/2014\/09\/DDoptics-Garantie-250x114.jpg 250w\" sizes=\"(max-width: 352px) 100vw, 352px\" title=\"\">\t\t\t\t\t\t\n\t\t\t\t\t<\/div>\n\t\t\t\t\t\t<\/a>\t\t\n<style>\n#image_923651212 {\n  width: 100%;\n}\n<\/style>\n\t<\/div>\n\t\n\t<div id=\"gap-254195717\" class=\"gap-element clearfix\" style=\"display:block; height:auto;\">\n\t\t\n<style>\n#gap-254195717 {\n  padding-top: 15px;\n}\n<\/style>\n\t<\/div>\n\t\n\t<div id=\"text-3195901825\" class=\"text\">\n\t\t\n<p><span style=\"font-size: 80%;\"><em>\u21d2 Regolazione del reticolo metallico<\/em><\/span><br \/>\n<span style=\"font-size: 80%;\"><em><strong>\u21d2 Vetro CT<\/strong> (Trasmissione chiara)<\/em><\/span><br \/>\n<span style=\"font-size: 80%;\"><em><strong>\u21d2 Scala doppia<\/strong><\/em><\/span><br \/>\n<span style=\"font-size: 80%;\"><em>\u21d2 Estrema trasmissione della luce fino a 94,7%<\/em><\/span><br \/>\n<span style=\"font-size: 80%;\"><em><strong>\u21d2 Detentore a scatto tattico duro<\/strong><\/em><\/span><br \/>\n<span style=\"font-size: 80%;\"><em><strong>\u21d2 Controllo della fibra<\/strong> possibile<\/em><\/span><br \/>\n<span style=\"font-size: 80%;\"><em><strong>\u21d2 Reticolo a crocette<\/strong> nel 2\u00b0 piano immagine<\/em><\/span><br \/>\n<span style=\"font-size: 80%;\"><em>\u21d2 Arresto zero \/ <strong>Zerostop<\/strong><\/em><\/span><br \/>\n<span style=\"font-size: 80%;\"><em>\u21d2 Test antiproiettile: <a href=\"https:\/\/de.wikipedia.org\/wiki\/.375_Holland_%26_Holland_Magnum\" target=\"_blank\" rel=\"noopener sponsored\" data-schema-attribute=\"\">375 H&amp;H<\/a> 1000 colpi<\/em><\/span><br \/>\n<span style=\"font-size: 80%;\"><em><strong>\u21d2 Compensazione della parallasse a regolazione continua<\/strong><\/em><\/span><br \/>\n<span style=\"font-size: 80%;\"><em>\u21d2 Duro, tattico 0,1 MRAD a scatto (1cm\/click)<\/em><\/span><br \/>\n<span style=\"font-size: 80%;\"><em>\u21d2 Corsa di regolazione 484 scatti<\/em><\/span><br \/>\n\t\t\n<style>\n#text-3195901825 {\n  line-height: 1.15;\n  color: rgb(33, 107, 227);\n}\n#text-3195901825 > * {\n  color: rgb(33, 107, 227);\n}\n<\/style>\n\t<\/div>\n\t\n\t\t<\/div>\n\n\t\t\n<style>\n#section_1186579921 {\n  padding-top: 30px;\n  padding-bottom: 30px;\n  background-color: rgb(232, 232, 232);\n}\n#section_1186579921 .section-bg-overlay {\n  background-color: rgba(255,255,255,.5);\n}\n<\/style>\n\t<\/section>\n\t\n\t\t<\/div>\n\t\t\t\t\t<\/div>\n\n\t\n<\/div>\n\t<div class=\"img has-hover x md-x lg-x y md-y lg-y\" id=\"image_876197052\">\n\t\t\t\t\t\t\t\t<div class=\"img-inner dark\" >\n\t\t\t<img decoding=\"async\" width=\"1020\" height=\"295\" src=\"https:\/\/ddoptics.shop\/wp-content\/uploads\/2018\/01\/Zeichnung-V6-1-6x24.jpg\" class=\"attachment-large size-large\" alt=\"Disegno del cannocchiale da puntamento DDoptics V6 1-6x24\" srcset=\"https:\/\/ddoptics.shop\/wp-content\/uploads\/2018\/01\/Zeichnung-V6-1-6x24.jpg 1400w, https:\/\/ddoptics.shop\/wp-content\/uploads\/2018\/01\/Zeichnung-V6-1-6x24-304x88.jpg 304w, https:\/\/ddoptics.shop\/wp-content\/uploads\/2018\/01\/Zeichnung-V6-1-6x24-305x88.jpg 305w, https:\/\/ddoptics.shop\/wp-content\/uploads\/2018\/01\/Zeichnung-V6-1-6x24-632x183.jpg 632w, https:\/\/ddoptics.shop\/wp-content\/uploads\/2018\/01\/Zeichnung-V6-1-6x24-800x231.jpg 800w, https:\/\/ddoptics.shop\/wp-content\/uploads\/2018\/01\/Zeichnung-V6-1-6x24-250x72.jpg 250w, https:\/\/ddoptics.shop\/wp-content\/uploads\/2018\/01\/Zeichnung-V6-1-6x24-510x148.jpg 510w\" sizes=\"(max-width: 1020px) 100vw, 1020px\" title=\"\">\t\t\t\t\t\t\n\t\t\t\t\t<\/div>\n\t\t\t\t\t\t\t\t\n<style>\n#image_876197052 {\n  width: 100%;\n}\n<\/style>\n\t<\/div>\n\t\n<div class=\"is-divider divider clearfix\" ><\/div>\n<h3>Ampio zoom, impressionante pupilla d'uscita con il DDoptics V6 1-6\u00d724<\/h3>\n<p>Grazie alla sua <strong>La gamma di zoom 6x \u00e8 possibile con il modello 1-6\u00d724 V6 HDX<\/strong> anche per i tiri a distanze maggiori. Ad esempio, se la selvaggina si sposta di fronte ai cacciatori o \u00e8 in attesa.<\/p>\n<p>Un'ulteriore garanzia per una sosta rapida e sicura \u00e8 rappresentata dalla <strong>Grande pupilla d'uscita (12,0-4,06 mm) sul cannocchiale da puntamento<\/strong>. Ci\u00f2 consente al cacciatore di avere il bersaglio davanti a entrambi gli occhi con una frazione di secondo in pi\u00f9.<\/p>\n<h3>Punto luminoso nel reticolo del cannocchiale da caccia guidato<\/h3>\n<p>Il <strong>nuovo reticolo Crosshair<\/strong> rimane invariata nelle dimensioni (2\u00b0 piano immagine) al variare dell'ingrandimento ed \u00e8<strong> punto luce in fibra ottica rossa, fine e non riflettente<\/strong> che possono essere regolati in modo preciso e continuo.<\/p>\n<p>L'unit\u00e0 di punti illuminati \u00e8 montata sull'oculare per facilitarne l'uso. La tecnologia a fibre ottiche assicura che <strong>Effetti laterali e dissolvenza incrociata esclusi<\/strong> sono. Quando si attiva il punto illuminato, non ci sono fastidiosi bagliori o riflessi.<\/p>\n<p><strong>Il <a href=\"https:\/\/ddoptics.shop\/it\/termine-tecnico\/il-reticolo-per-i-cannocchiali-da-puntamento\/\" target=\"_blank\" rel=\"noopener\" data-schema-attribute=\"\">Reticolo<\/a> si regola di 0,1 MRAD (1 cm per 100 m) per ogni scatto.<\/strong> La regolazione a scatto tattico duro funziona con assoluta precisione di ripetizione. L'anello intercambiabile per l'ingrandimento\/riduzione del reticolo sull'oculare \u00e8 antiscivolo e non si muove.<\/p>\n<p><strong>Campo di regolazione totale dell'ottica di puntamento:<\/strong><\/p>\n<ul>\n<li>484 clic<\/li>\n<li>corrisponde a 48,4 MRAD<\/li>\n<li>corrisponde a 24,2 MRAD per pagina<\/li>\n<\/ul>\n<h3>Uso consigliato v6 1-6\u00d724<\/h3>\n<p>Un'area estremamente ampia <strong>Campo visivo di quasi 40 metri, uno zoom 6x<\/strong> Le caratteristiche salienti del cannocchiale da puntamento 1-6\u00d724 V6 HDX per IPSC, caccia guidata e battuta sono la facilit\u00e0 di puntamento anche a distanze maggiori.<\/p>\n<p>Il punto illuminato in fibra ottica, privo di riflessi e ottimamente percepibile, offre al cacciatore un elevato livello di sicurezza durante la caccia. <strong>acquisizione rapida del bersaglio e con uno scatto fugace.<\/strong> Pienamente consigliato per tutte le discipline IPSC Rifle.<\/p>","protected":false},"excerpt":{"rendered":"<p><img decoding=\"async\" class=\"size-full wp-image-10471 alignnone\" src=\"https:\/\/ddoptics.shop\/wp-content\/uploads\/2016\/04\/Ansitz-Jagd.jpg\" alt=\"Caccia al cavalletto\" width=\"50\" height=\"50\" \/><img decoding=\"async\" class=\"wp-image-10452 size-full alignnone\" src=\"https:\/\/ddoptics.shop\/wp-content\/uploads\/2016\/07\/Target-Schiessen.jpg\" alt=\"Tiro al bersaglio\" width=\"50\" height=\"50\" \/><img decoding=\"async\" class=\"size-full wp-image-10168 alignnone\" src=\"https:\/\/ddoptics.shop\/wp-content\/uploads\/2016\/09\/Jagd-klein.jpg\" alt=\"Binocoli da caccia\" width=\"50\" height=\"50\" \/><img decoding=\"async\" class=\"size-full wp-image-10180 alignnone\" src=\"https:\/\/ddoptics.shop\/wp-content\/uploads\/2016\/04\/Bergwandern-klein.jpg\" alt=\"Binocolo per escursioni in montagna\" width=\"50\" height=\"50\" \/><br \/>\nV6 HDX - Lo specialista della caccia guidata di <strong>DDoptics V6 1-6\u00d724<\/strong> con reticolo a croce.  Questo cannocchiale \u00e8 dotato di un campo visivo estremamente ampio di 37,8 metri a 100 metri. <strong>In opzione, con sistema intelligente <a title=\"NUOVO Punto illuminato DDoptics IFiber\" href=\"\/it\/termine-tecnico-wiki\/punto-luce-intelligente-ddoptics-ifiber\/\" target=\"_blank\" rel=\"noopener noreferrer\">Punto luce IFibre<\/a> con un supplemento di 99 euro.<\/strong><\/p>","protected":false},"featured_media":12253,"comment_status":"open","ping_status":"closed","template":"","meta":{"inline_featured_image":false,"footnotes":""},"product_brand":[],"product_cat":[710,452,949,639,697,640,919,637,68],"product_tag":[708,78,709,80,698],"class_list":{"0":"post-12245","1":"product","2":"type-product","3":"status-publish","4":"has-post-thumbnail","6":"product_cat-1-6x24","7":"product_cat-24-mm-objektivdurchmesser","8":"product_cat-messeaktion","9":"product_cat-bewegungsjagd","10":"product_cat-mrad-klickverstellung","11":"product_cat-pirschjagd-und-gebirgsjagd","12":"product_cat-v6-6-fach-zoom","13":"product_cat-zf-anwendung","14":"product_cat-zielfernrohr","15":"product_tag-1-6x24","16":"product_tag-ddoptics","17":"product_tag-drueckjagdzielfernrohr","18":"product_tag-gen-3","19":"product_tag-mrad-1-cm-klickverstellung","20":"product_shipping_class-paket","21":"pa_brand-marke-ddoptics","22":"pa_produkt-typ-zielfernrohr","24":"first","25":"outofstock","26":"sale","27":"taxable","28":"shipping-taxable","29":"purchasable","30":"product-type-bundle"},"bundled_by":[],"bundle_stock_status":"outofstock","bundle_stock_quantity":0,"bundle_virtual":false,"bundle_layout":"default","bundle_add_to_cart_form_location":"default","bundle_editable_in_cart":false,"bundle_sold_individually_context":"product","bundle_item_grouping":"parent","bundle_min_size":"","bundle_max_size":"","bundle_price":{"price":{"min":{"incl_tax":"775.01","excl_tax":"645.84"},"max":{"incl_tax":"879.32","excl_tax":"732.76"}},"regular_price":{"min":{"incl_tax":"1149.01","excl_tax":"957.51"},"max":{"incl_tax":"1264.9","excl_tax":"1054.08"}}},"bundled_items":[{"bundled_item_id":52,"product_id":12809,"menu_order":0,"quantity_min":1,"quantity_max":1,"quantity_default":1,"priced_individually":true,"shipped_individually":false,"override_title":true,"title":"","override_description":false,"description":"","optional":false,"hide_thumbnail":true,"discount":"","override_variations":true,"allowed_variations":[12810,12811],"override_default_variation_attributes":false,"default_variation_attributes":[],"single_product_visibility":"visible","cart_visibility":"visible","order_visibility":"visible","single_product_price_visibility":"visible","cart_price_visibility":"visible","order_price_visibility":"visible","stock_status":"in_stock"},{"bundled_item_id":53,"product_id":12812,"menu_order":1,"quantity_min":1,"quantity_max":1,"quantity_default":1,"priced_individually":true,"shipped_individually":false,"override_title":true,"title":"Quasi un regalo: i tappi a flip","override_description":false,"description":"","optional":true,"hide_thumbnail":false,"discount":"68.55","override_variations":false,"allowed_variations":[],"override_default_variation_attributes":true,"default_variation_attributes":[{"id":17,"name":"Dimensioni del cannocchiale","option":"1-6x24"}],"single_product_visibility":"visible","cart_visibility":"visible","order_visibility":"visible","single_product_price_visibility":"visible","cart_price_visibility":"visible","order_price_visibility":"visible","stock_status":"in_stock"}],"bundle_sell_ids":[],"_links":{"self":[{"href":"https:\/\/ddoptics.shop\/it\/wp-json\/wp\/v2\/product\/12245","targetHints":{"allow":["GET"]}}],"collection":[{"href":"https:\/\/ddoptics.shop\/it\/wp-json\/wp\/v2\/product"}],"about":[{"href":"https:\/\/ddoptics.shop\/it\/wp-json\/wp\/v2\/types\/product"}],"replies":[{"embeddable":true,"href":"https:\/\/ddoptics.shop\/it\/wp-json\/wp\/v2\/comments?post=12245"}],"version-history":[{"count":12,"href":"https:\/\/ddoptics.shop\/it\/wp-json\/wp\/v2\/product\/12245\/revisions"}],"predecessor-version":[{"id":28596,"href":"https:\/\/ddoptics.shop\/it\/wp-json\/wp\/v2\/product\/12245\/revisions\/28596"}],"wp:featuredmedia":[{"embeddable":true,"href":"https:\/\/ddoptics.shop\/it\/wp-json\/wp\/v2\/media\/12253"}],"wp:attachment":[{"href":"https:\/\/ddoptics.shop\/it\/wp-json\/wp\/v2\/media?parent=12245"}],"wp:term":[{"taxonomy":"product_brand","embeddable":true,"href":"https:\/\/ddoptics.shop\/it\/wp-json\/wp\/v2\/product_brand?post=12245"},{"taxonomy":"product_cat","embeddable":true,"href":"https:\/\/ddoptics.shop\/it\/wp-json\/wp\/v2\/product_cat?post=12245"},{"taxonomy":"product_tag","embeddable":true,"href":"https:\/\/ddoptics.shop\/it\/wp-json\/wp\/v2\/product_tag?post=12245"}],"curies":[{"name":"wp","href":"https:\/\/api.w.org\/{rel}","templated":true}]}}