{"id":12611,"date":"2018-06-15T11:01:20","date_gmt":"2018-06-15T09:01:20","guid":{"rendered":"https:\/\/ddoptics.shop\/?post_type=product&#038;p=12611"},"modified":"2025-07-03T13:49:55","modified_gmt":"2025-07-03T11:49:55","slug":"binocolo-ddoptics-nighteagle-ergo-12x56","status":"publish","type":"product","link":"https:\/\/ddoptics.shop\/it\/kaufen\/ddoptics-nighteagle-ergo-12x56-fernglas\/","title":{"rendered":"Binocolo DDoptics Nighteagle ERGO 12\u00d756 Gen 3.1"},"content":{"rendered":"<div class=\"row\"  id=\"row-1572064533\">\n\n\t<div id=\"col-1506150693\" class=\"col medium-8 small-12 large-8\"  >\n\t\t\t\t<div class=\"col-inner\"  >\n\t\t\t\n\t\t\t\n<div>\n<h2>DDoptics Nighteagle ERGO <a href=\"https:\/\/ddoptics.shop\/it\/negozio\/binocolo\/binocolo-con-ingrandimento\/miglioramento-12x\/\" target=\"_blank\" rel=\"noopener\" data-schema-attribute=\"\">12<\/a>Binocolo x56 Gen 3.1 | Il binocolo tuttofare veloce, piccolo e leggero<\/h2>\n<p>Il nuovo <strong>Nighteagle Ergo 12\u00d756<\/strong> \u00e8 pi\u00f9 di una nuova generazione: \u00e8 una soluzione senza compromessi per chi si aspetta prestazioni e peso ridotto a un prezzo moderato.<\/p>\n<p>Nonostante il suo peso ridotto di soli 940 g, il <strong>12\u00d756 Nighteagle Ergo<\/strong> prestazioni incredibili che superano la maggior parte dei binocoli nella fascia di prezzo dei 400 euro. Il <strong>Nighteagle Ergo 12\u00d756 \u00e8 predestinato a tutte le osservazioni naturalistiche a grandi distanze<\/strong>.<\/p>\n<h3>La nuova DDoptics ERGO Generation 3.1<\/h3>\n<p>La nuova generazione 3.1 \u00e8 stata ulteriormente migliorata: il <strong>Ruota di messa a fuoco e diottra<\/strong> sono realizzati in metallo robusto. Nel complesso, il binocolo \u00e8 stato alleggerito di ben 20 grammi. Inoltre, il <strong>Conchiglie oculari con innovativo meccanismo di bloccaggio a Z<\/strong> fornito.<\/p>\n<\/div>\n\t\t<\/div>\n\t\t\t\t\n<style>\n#col-1506150693 > .col-inner {\n  margin: 0px 0px -30px 0px;\n}\n<\/style>\n\t<\/div>\n\n\t\n\n\t<div id=\"col-919506572\" class=\"col medium-4 small-12 large-4\"  >\n\t\t\t\t<div class=\"col-inner\"  >\n\t\t\t\n\t\t\t\n\t<div class=\"img has-hover x md-x lg-x y md-y lg-y\" id=\"image_307285496\">\n\t\t\t\t\t\t\t\t<div class=\"img-inner dark\" >\n\t\t\t\t\t\t\t\t\t\n\t\t\t\t\t<\/div>\n\t\t\t\t\t\t\t\t\n<style>\n#image_307285496 {\n  width: 100%;\n}\n<\/style>\n\t<\/div>\n\t\n\t<div class=\"img has-hover x md-x lg-x y md-y lg-y\" id=\"image_1274327705\">\n\t\t<a class=\"\" href=\"https:\/\/www.shop.ddoptics.de\/garantiebestimmungen\" target=\"_blank\" rel=\"noopener\">\t\t\t\t\t\t<div class=\"img-inner dark\" >\n\t\t\t<img decoding=\"async\" width=\"352\" height=\"160\" src=\"https:\/\/ddoptics.shop\/wp-content\/uploads\/2014\/09\/DDoptics-Garantie.jpg\" class=\"attachment-large size-large\" alt=\"Garanzia DDoptics\" srcset=\"https:\/\/ddoptics.shop\/wp-content\/uploads\/2014\/09\/DDoptics-Garantie.jpg 352w, https:\/\/ddoptics.shop\/wp-content\/uploads\/2014\/09\/DDoptics-Garantie-304x138.jpg 304w, https:\/\/ddoptics.shop\/wp-content\/uploads\/2014\/09\/DDoptics-Garantie-305x139.jpg 305w, https:\/\/ddoptics.shop\/wp-content\/uploads\/2014\/09\/DDoptics-Garantie-250x114.jpg 250w\" sizes=\"(max-width: 352px) 100vw, 352px\" title=\"\">\t\t\t\t\t\t\n\t\t\t\t\t<\/div>\n\t\t\t\t\t\t<\/a>\t\t\n<style>\n#image_1274327705 {\n  width: 100%;\n}\n<\/style>\n\t<\/div>\n\t\n<h3>Fatti del binocolo DDoptics EDX<\/h3>\n\n\t\t<div class=\"icon-box featured-box icon-box-left text-left\"  >\n\t\t\t\t\t<div class=\"icon-box-img\" style=\"width: 32px\">\n\t\t\t\t<div class=\"icon\">\n\t\t\t\t\t<div class=\"icon-inner\" >\n\t\t\t\t\t\t<img decoding=\"async\" width=\"100\" height=\"83\" src=\"https:\/\/ddoptics.shop\/wp-content\/uploads\/2021\/05\/DDoptics-SHG-Icon.jpg\" class=\"attachment-medium size-medium\" alt=\"Icona DDoptics SHG Binocolo\" title=\"\">\t\t\t\t\t<\/div>\n\t\t\t\t<\/div>\n\t\t\t<\/div>\n\t\t\t\t<div class=\"icon-box-text last-reset\">\n\t\t\t\t\t\t\t\t\t\n<p><span data-sheets-value=\"{&quot;1&quot;:2,&quot;2&quot;:&quot;\u2705&quot;}\" data-sheets-userformat=\"{&quot;2&quot;:15297,&quot;3&quot;:{&quot;1&quot;:0},&quot;9&quot;:0,&quot;10&quot;:2,&quot;11&quot;:0,&quot;12&quot;:0,&quot;14&quot;:{&quot;1&quot;:2,&quot;2&quot;:0},&quot;15&quot;:&quot;Calibri, sans-serif&quot;,&quot;16&quot;:11}\">Specchio dielettrico<br \/>\n<\/span><\/p>\n\t\t<\/div>\n\t<\/div>\n\t\n\t\n\n\t\t<div class=\"icon-box featured-box icon-box-left text-left\"  >\n\t\t\t\t\t<div class=\"icon-box-img\" style=\"width: 32px\">\n\t\t\t\t<div class=\"icon\">\n\t\t\t\t\t<div class=\"icon-inner\" >\n\t\t\t\t\t\t<img decoding=\"async\" width=\"100\" height=\"83\" src=\"https:\/\/ddoptics.shop\/wp-content\/uploads\/2021\/05\/DDoptics-SHG-Icon.jpg\" class=\"attachment-medium size-medium\" alt=\"Icona DDoptics SHG Binocolo\" title=\"\">\t\t\t\t\t<\/div>\n\t\t\t\t<\/div>\n\t\t\t<\/div>\n\t\t\t\t<div class=\"icon-box-text last-reset\">\n\t\t\t\t\t\t\t\t\t\n<p>\u2705 <span data-sheets-value=\"{&quot;1&quot;:2,&quot;2&quot;:&quot;\u2705&quot;}\" data-sheets-userformat=\"{&quot;2&quot;:15297,&quot;3&quot;:{&quot;1&quot;:0},&quot;9&quot;:0,&quot;10&quot;:2,&quot;11&quot;:0,&quot;12&quot;:0,&quot;14&quot;:{&quot;1&quot;:2,&quot;2&quot;:0},&quot;15&quot;:&quot;Calibri, sans-serif&quot;,&quot;16&quot;:11}\"><strong>Vetro pi\u00f9 luminoso della serie Ergo<\/strong> per la caccia notturna<\/span><\/p>\n\t\t<\/div>\n\t<\/div>\n\t\n\t\n\n\t\t<div class=\"icon-box featured-box icon-box-left text-left\"  >\n\t\t\t\t\t<div class=\"icon-box-img\" style=\"width: 32px\">\n\t\t\t\t<div class=\"icon\">\n\t\t\t\t\t<div class=\"icon-inner\" >\n\t\t\t\t\t\t<img decoding=\"async\" width=\"100\" height=\"83\" src=\"https:\/\/ddoptics.shop\/wp-content\/uploads\/2021\/05\/DDoptics-SHG-Icon.jpg\" class=\"attachment-medium size-medium\" alt=\"Icona DDoptics SHG Binocolo\" title=\"\">\t\t\t\t\t<\/div>\n\t\t\t\t<\/div>\n\t\t\t<\/div>\n\t\t\t\t<div class=\"icon-box-text last-reset\">\n\t\t\t\t\t\t\t\t\t\n<p>\u2705 <span data-sheets-value=\"{&quot;1&quot;:2,&quot;2&quot;:&quot;\u2705&quot;}\" data-sheets-userformat=\"{&quot;2&quot;:15297,&quot;3&quot;:{&quot;1&quot;:0},&quot;9&quot;:0,&quot;10&quot;:2,&quot;11&quot;:0,&quot;12&quot;:0,&quot;14&quot;:{&quot;1&quot;:2,&quot;2&quot;:0},&quot;15&quot;:&quot;Calibri, sans-serif&quot;,&quot;16&quot;:11}\">Specchio dielettrico<\/span><\/p>\n\t\t<\/div>\n\t<\/div>\n\t\n\t\n\n\t\t<div class=\"icon-box featured-box icon-box-left text-left\"  >\n\t\t\t\t\t<div class=\"icon-box-img\" style=\"width: 32px\">\n\t\t\t\t<div class=\"icon\">\n\t\t\t\t\t<div class=\"icon-inner\" >\n\t\t\t\t\t\t<img decoding=\"async\" width=\"100\" height=\"83\" src=\"https:\/\/ddoptics.shop\/wp-content\/uploads\/2021\/05\/DDoptics-SHG-Icon.jpg\" class=\"attachment-medium size-medium\" alt=\"Icona DDoptics SHG Binocolo\" title=\"\">\t\t\t\t\t<\/div>\n\t\t\t\t<\/div>\n\t\t\t<\/div>\n\t\t\t\t<div class=\"icon-box-text last-reset\">\n\t\t\t\t\t\t\t\t\t\n<p>\u2705 <span data-sheets-value=\"{&quot;1&quot;:2,&quot;2&quot;:&quot;\u2705&quot;}\" data-sheets-userformat=\"{&quot;2&quot;:15297,&quot;3&quot;:{&quot;1&quot;:0},&quot;9&quot;:0,&quot;10&quot;:2,&quot;11&quot;:0,&quot;12&quot;:0,&quot;14&quot;:{&quot;1&quot;:2,&quot;2&quot;:0},&quot;15&quot;:&quot;Calibri, sans-serif&quot;,&quot;16&quot;:11}\">Luminosit\u00e0 e contrasto elevati + Buona nitidezza ai bordi<\/span><\/p>\n\t\t<\/div>\n\t<\/div>\n\t\n\t\n\n\t\t<div class=\"icon-box featured-box icon-box-left text-left\"  >\n\t\t\t\t\t<div class=\"icon-box-img\" style=\"width: 32px\">\n\t\t\t\t<div class=\"icon\">\n\t\t\t\t\t<div class=\"icon-inner\" >\n\t\t\t\t\t\t<img decoding=\"async\" width=\"100\" height=\"83\" src=\"https:\/\/ddoptics.shop\/wp-content\/uploads\/2021\/05\/DDoptics-SHG-Icon.jpg\" class=\"attachment-medium size-medium\" alt=\"Icona DDoptics SHG Binocolo\" title=\"\">\t\t\t\t\t<\/div>\n\t\t\t\t<\/div>\n\t\t\t<\/div>\n\t\t\t\t<div class=\"icon-box-text last-reset\">\n\t\t\t\t\t\t\t\t\t\n<p>\u2705 <span data-sheets-value=\"{&quot;1&quot;:2,&quot;2&quot;:&quot;\u2705&quot;}\" data-sheets-userformat=\"{&quot;2&quot;:15297,&quot;3&quot;:{&quot;1&quot;:0},&quot;9&quot;:0,&quot;10&quot;:2,&quot;11&quot;:0,&quot;12&quot;:0,&quot;14&quot;:{&quot;1&quot;:2,&quot;2&quot;:0},&quot;15&quot;:&quot;Calibri, sans-serif&quot;,&quot;16&quot;:11}\">Prezzo - prestazioni professionali<\/span><\/p>\n\t\t<\/div>\n\t<\/div>\n\t\n\t\n\n\t\t<div class=\"icon-box featured-box icon-box-left text-left\"  >\n\t\t\t\t\t<div class=\"icon-box-img\" style=\"width: 32px\">\n\t\t\t\t<div class=\"icon\">\n\t\t\t\t\t<div class=\"icon-inner\" >\n\t\t\t\t\t\t<img decoding=\"async\" width=\"100\" height=\"83\" src=\"https:\/\/ddoptics.shop\/wp-content\/uploads\/2021\/05\/DDoptics-SHG-Icon.jpg\" class=\"attachment-medium size-medium\" alt=\"Icona DDoptics SHG Binocolo\" title=\"\">\t\t\t\t\t<\/div>\n\t\t\t\t<\/div>\n\t\t\t<\/div>\n\t\t\t\t<div class=\"icon-box-text last-reset\">\n\t\t\t\t\t\t\t\t\t\n<p>\u2705 <span data-sheets-value=\"{&quot;1&quot;:2,&quot;2&quot;:&quot;\u2705&quot;}\" data-sheets-userformat=\"{&quot;2&quot;:15297,&quot;3&quot;:{&quot;1&quot;:0},&quot;9&quot;:0,&quot;10&quot;:2,&quot;11&quot;:0,&quot;12&quot;:0,&quot;14&quot;:{&quot;1&quot;:2,&quot;2&quot;:0},&quot;15&quot;:&quot;Calibri, sans-serif&quot;,&quot;16&quot;:11}\">Vetro CT a bassa dispersione<\/span><\/p>\n\t\t<\/div>\n\t<\/div>\n\t\n\t\n\t\t<\/div>\n\t\t\t\t\t<\/div>\n\n\t\n<\/div>\n<h3>Vedere le cose in modo pi\u00f9 luminoso, indipendentemente dalla luce.<\/h3>\n<p>Che sia di giorno o al tramonto, il modo migliore per vivere un'esperienza di <strong>impressione visiva quando \u00e8 completamente naturale e fedele al colore<\/strong> appare.<\/p>\n<p>Il nuovo look del Nighteagle <strong>12\u00d756 ERGO 3.1<\/strong> d\u00e0 allo spettatore la sensazione di vivere una realt\u00e0 brillante, in cui il Nighteagle sorprende sempre in modo positivo. <strong>Frange di colore e travisamenti di colore<\/strong> \u00e8 difficilmente riconoscibile da questo binocolo, una linea retta rimane tale anche ai bordi.<\/p>\n<h3>Pi\u00f9 luminoso, pi\u00f9 leggero, pi\u00f9 contrastato - ERGO 12\u00d756 Gen. 3.1<\/h3>\n<p>Se ogni dito di un binocolo sa dove deve stare, se si ha la sensazione di tenere in mano un binocolo leggero e piccolo e se questo binocolo \u00e8 comunque pi\u00f9 luminoso e contrastato di quanto si pensava fosse possibile con un binocolo cos\u00ec leggero, allora abbiamo fatto tutto bene.<\/p>\n<h3>Trova il punto focale anche al buio (Smart Focus 50m-infinito)<\/h3>\n<p>Vantaggioso nel <strong>Al crepuscolo o di notte \u00e8 lo Smart Focus:<\/strong> Questa tecnica elimina in gran parte la necessit\u00e0 di rimettere a fuoco con il Nighteagle.<br \/>\nDopo aver messo a fuoco un oggetto a circa 100 metri di distanza, l'occhio si regola automaticamente nell'intervallo di distanza da 50 metri all'infinito, senza bisogno di una continua rimessa a fuoco.<\/p>\n<h3>Facile regolazione della funzione da 50 m a infinito<\/h3>\n<p>La nuova DDoptics <strong>Nighteagle ERGO 12\u00d756 3.1<\/strong> della terza generazione \u00e8 diventato un po\u201c pi\u00f9 simile al suo \u201dfratello maggiore\", il Pirschler Gen 3. Il nuovo Nighteagle \u00e8 dotato anche di un indicatore di linea tattile che consente di guidare facilmente il binocolo verso la messa a fuoco sia di giorno che di notte.<\/p>\n<p>Al <strong>Quando si effettua la regolazione di notte, la linea tattile sulla ruota di messa a fuoco<\/strong> \u00c8 sufficiente ruotare verso l\u201c\u201dalto\" e l'immagine \u00e8 nitida.<\/p>","protected":false},"excerpt":{"rendered":"<p><img decoding=\"async\" class=\"alignnone wp-image-10471 size-full\" title=\"Caccia al cavalletto\" src=\"https:\/\/ddoptics.shop\/wp-content\/uploads\/2016\/04\/Ansitz-Jagd.jpg\" alt=\"Caccia al cavalletto\" width=\"50\" height=\"50\" \/><img decoding=\"async\" class=\"alignnone size-full wp-image-10170\" src=\"https:\/\/ddoptics.shop\/wp-content\/uploads\/2016\/09\/Ornitologie-klein.jpg\" alt=\"Osservazione degli uccelli\" width=\"50\" height=\"50\" \/><img decoding=\"async\" class=\"alignnone size-full wp-image-10180\" src=\"https:\/\/ddoptics.shop\/wp-content\/uploads\/2016\/04\/Bergwandern-klein.jpg\" alt=\"Binocolo per escursioni in montagna\" width=\"50\" height=\"50\" \/><br \/>\nIl nuovo <strong>Nighteagle Ergo Gen 3<\/strong> \u00e8 il miglior binocolo 12\u00d756 di DDoptics nella sua fascia di prezzo. ORA NUOVO: <strong>Generazione 3.1<\/strong> con ruota di messa a fuoco in metallo e regolazione diottrica e <strong>Conchiglie oculari in metallo migliorate con fermo Z<\/strong>!<\/p>","protected":false},"featured_media":12618,"comment_status":"open","ping_status":"closed","template":"","meta":{"inline_featured_image":false,"footnotes":""},"product_brand":[],"product_cat":[352,364,329,67,344,354],"product_tag":[504,737,78,648,649],"class_list":{"0":"post-12611","1":"product","2":"type-product","3":"status-publish","4":"has-post-thumbnail","6":"product_cat-12x-vergroesserung","7":"product_cat-56-mm-objektiv","8":"product_cat-ddoptics","9":"product_cat-fernglas","10":"product_cat-naturbeobachtung","11":"product_cat-vogelbeobachtung","12":"product_tag-12x56","13":"product_tag-12x56-fernglas","14":"product_tag-ddoptics","15":"product_tag-ddoptics-gen-3","16":"product_tag-ergo-gen-3-fernglas","17":"product_shipping_class-paket","18":"pa_brand-marke-ddoptics","19":"pa_farbe-gruen","20":"pa_produkt-typ-fernglas","22":"first","23":"instock","24":"sale","25":"taxable","26":"shipping-taxable","27":"purchasable","28":"product-type-simple"},"bundled_by":[],"bundle_stock_status":"instock","bundle_stock_quantity":49,"bundle_virtual":false,"bundle_layout":"","bundle_add_to_cart_form_location":"","bundle_editable_in_cart":false,"bundle_sold_individually_context":"","bundle_item_grouping":"","bundle_min_size":"","bundle_max_size":"","bundle_price":[],"bundled_items":[],"bundle_sell_ids":[],"_links":{"self":[{"href":"https:\/\/ddoptics.shop\/it\/wp-json\/wp\/v2\/product\/12611","targetHints":{"allow":["GET"]}}],"collection":[{"href":"https:\/\/ddoptics.shop\/it\/wp-json\/wp\/v2\/product"}],"about":[{"href":"https:\/\/ddoptics.shop\/it\/wp-json\/wp\/v2\/types\/product"}],"replies":[{"embeddable":true,"href":"https:\/\/ddoptics.shop\/it\/wp-json\/wp\/v2\/comments?post=12611"}],"version-history":[{"count":7,"href":"https:\/\/ddoptics.shop\/it\/wp-json\/wp\/v2\/product\/12611\/revisions"}],"predecessor-version":[{"id":23097,"href":"https:\/\/ddoptics.shop\/it\/wp-json\/wp\/v2\/product\/12611\/revisions\/23097"}],"wp:featuredmedia":[{"embeddable":true,"href":"https:\/\/ddoptics.shop\/it\/wp-json\/wp\/v2\/media\/12618"}],"wp:attachment":[{"href":"https:\/\/ddoptics.shop\/it\/wp-json\/wp\/v2\/media?parent=12611"}],"wp:term":[{"taxonomy":"product_brand","embeddable":true,"href":"https:\/\/ddoptics.shop\/it\/wp-json\/wp\/v2\/product_brand?post=12611"},{"taxonomy":"product_cat","embeddable":true,"href":"https:\/\/ddoptics.shop\/it\/wp-json\/wp\/v2\/product_cat?post=12611"},{"taxonomy":"product_tag","embeddable":true,"href":"https:\/\/ddoptics.shop\/it\/wp-json\/wp\/v2\/product_tag?post=12611"}],"curies":[{"name":"wp","href":"https:\/\/api.w.org\/{rel}","templated":true}]}}