{"id":12741,"date":"2018-09-25T10:55:35","date_gmt":"2018-09-25T08:55:35","guid":{"rendered":"https:\/\/ddoptics.shop\/?post_type=product&#038;p=12741"},"modified":"2025-06-27T13:43:33","modified_gmt":"2025-06-27T11:43:33","slug":"binocolo-ddoptics-8x45-stalker-gen-3","status":"publish","type":"product","link":"https:\/\/ddoptics.shop\/it\/kaufen\/ddoptics-fernglas-8x45-pirschler-gen-3\/","title":{"rendered":"DDoptics binocolo Pirschler 8\u00d745 Gen. 3"},"content":{"rendered":"<div class=\"row\"  id=\"row-30635088\">\n\n\t<div id=\"col-982778401\" class=\"col medium-8 small-12 large-8\"  >\n\t\t\t\t<div class=\"col-inner\"  >\n\t\t\t\n\t\t\t\n<h2>DDoptics binocolo Pirschler 8\u00d745 Gen 3 - verde. Lenti da 45 mm e prismi di Abbe-K\u00f6nig assicurano la giusta luminosit\u00e0<\/h2>\n<p>Il nuovo <strong>Binocolo notturno e da caccia ultra-luminoso e indistruttibile Pirschler 8\u00d745<\/strong>\u00a0\u00e8 il tanto atteso <strong>versione pi\u00f9 piccola \u201cda caccia\u201d del Pirschler 8\u00d756 con vetro notturno<\/strong>. Non appena si guarda attraverso gli oculari del binocolo DDoptics \u201ePirschler 8\u00d745\u201c, la luminosit\u00e0 dell'immagine cattura letteralmente lo sguardo. L'elevatissima trasmissione della luce \u00e8 alla base della riproduzione di immagini brillanti e ad alto contrasto, con contorni nitidissimi.<\/p>\n<p>Anche di notte, il <strong>Pirschler 8\u00d745<\/strong> Un binocolo come fedele compagno. Responsabile per la <strong>riproduzione delle immagini chiara e brillante \u00e8 il vetro CT con un elaborato rivestimento DDlucid.<\/strong> e <strong>Prisma di Abbe King di alta qualit\u00e0<\/strong>n. La dispersione \u00e8 molto bassa.<\/p>\n<p>Le caratteristiche principali di questo binocolo, oltre alle dimensioni ridotte, sono la leggerezza (grazie all'alloggiamento in magnesio) di n<strong>950 g con un diametro dell'obiettivo di 45 mm.\u00a0<\/strong>\u00c8 proprio l'obiettivo pi\u00f9 grande a consentire l'importante combinazione con i prismi di Abbe-K\u00f6nig, che rende il binocolo significativamente pi\u00f9 luminoso rispetto ai binocoli con obiettivo da 42 mm di diametro. .<\/p>\n<h3>Stabilit\u00e0 e robustezza del binocolo Pirschler 8\u00d745 Gen 3 di DDoptics<\/h3>\n<p>Grazie ai moderni materiali e alle tecniche di produzione, il <strong>I binocoli sono indistruttibili e leggeri,<\/strong> ed estremamente comodo da maneggiare. Questo rende il <strong>\u201eBinocolo \u201cPirschler\" 8\u00d745 e 10\u00d745<\/strong> non solo per ogni ambito di applicazione, ma sono anche ideali per <strong>Mani di bambini e donne.<\/strong>Nel nuovo binocolo Pirschler 8\u00d745 non c'\u00e8 un solo grammo di plastica (ad eccezione della protezione del treppiede e dell'armatura), n\u00e9 sul corpo stesso n\u00e9 sulle parti da indossare.<\/p>\n\t\t<\/div>\n\t\t\t\t\n<style>\n#col-982778401 > .col-inner {\n  margin: 0px 0px -30px 0px;\n}\n<\/style>\n\t<\/div>\n\n\t\n\n\t<div id=\"col-228952453\" class=\"col medium-4 small-12 large-4\"  >\n\t\t\t\t<div class=\"col-inner\"  >\n\t\t\t\n\t\t\t\n\t<div class=\"img has-hover x md-x lg-x y md-y lg-y\" id=\"image_604896366\">\n\t\t\t\t\t\t\t\t<div class=\"img-inner dark\" >\n\t\t\t\t\t\t\t\t\t\n\t\t\t\t\t<\/div>\n\t\t\t\t\t\t\t\t\n<style>\n#image_604896366 {\n  width: 100%;\n}\n<\/style>\n\t<\/div>\n\t\n\t<div class=\"img has-hover x md-x lg-x y md-y lg-y\" id=\"image_894258503\">\n\t\t<a class=\"\" href=\"https:\/\/www.shop.ddoptics.de\/garantiebestimmungen\" target=\"_blank\" rel=\"noopener\">\t\t\t\t\t\t<div class=\"img-inner dark\" >\n\t\t\t<img decoding=\"async\" width=\"352\" height=\"160\" src=\"https:\/\/ddoptics.shop\/wp-content\/uploads\/2014\/09\/DDoptics-Garantie.jpg\" class=\"attachment-large size-large\" alt=\"Garanzia DDoptics\" srcset=\"https:\/\/ddoptics.shop\/wp-content\/uploads\/2014\/09\/DDoptics-Garantie.jpg 352w, https:\/\/ddoptics.shop\/wp-content\/uploads\/2014\/09\/DDoptics-Garantie-304x138.jpg 304w, https:\/\/ddoptics.shop\/wp-content\/uploads\/2014\/09\/DDoptics-Garantie-305x139.jpg 305w, https:\/\/ddoptics.shop\/wp-content\/uploads\/2014\/09\/DDoptics-Garantie-250x114.jpg 250w\" sizes=\"(max-width: 352px) 100vw, 352px\" title=\"\">\t\t\t\t\t\t\n\t\t\t\t\t<\/div>\n\t\t\t\t\t\t<\/a>\t\t\n<style>\n#image_894258503 {\n  width: 100%;\n}\n<\/style>\n\t<\/div>\n\t\n<h3>Fatti binocoli Pirschler DDoptics<\/h3>\n\n\t\t<div class=\"icon-box featured-box icon-box-left text-left\"  >\n\t\t\t\t\t<div class=\"icon-box-img\" style=\"width: 32px\">\n\t\t\t\t<div class=\"icon\">\n\t\t\t\t\t<div class=\"icon-inner\" >\n\t\t\t\t\t\t<img decoding=\"async\" width=\"100\" height=\"83\" src=\"https:\/\/ddoptics.shop\/wp-content\/uploads\/2021\/05\/DDoptics-SHG-Icon.jpg\" class=\"attachment-medium size-medium\" alt=\"Icona DDoptics SHG Binocolo\" title=\"\">\t\t\t\t\t<\/div>\n\t\t\t\t<\/div>\n\t\t\t<\/div>\n\t\t\t\t<div class=\"icon-box-text last-reset\">\n\t\t\t\t\t\t\t\t\t\n<p>\u2705 ABBE K\u00d6NIG Prismen<\/p>\n\t\t<\/div>\n\t<\/div>\n\t\n\t\n\n\t\t<div class=\"icon-box featured-box icon-box-left text-left\"  >\n\t\t\t\t\t<div class=\"icon-box-img\" style=\"width: 32px\">\n\t\t\t\t<div class=\"icon\">\n\t\t\t\t\t<div class=\"icon-inner\" >\n\t\t\t\t\t\t<img decoding=\"async\" width=\"100\" height=\"83\" src=\"https:\/\/ddoptics.shop\/wp-content\/uploads\/2021\/05\/DDoptics-SHG-Icon.jpg\" class=\"attachment-medium size-medium\" alt=\"Icona DDoptics SHG Binocolo\" title=\"\">\t\t\t\t\t<\/div>\n\t\t\t\t<\/div>\n\t\t\t<\/div>\n\t\t\t\t<div class=\"icon-box-text last-reset\">\n\t\t\t\t\t\t\t\t\t\n<p>Corpo in metallo indistruttibile di magnesio (Mg)<\/p>\n\t\t<\/div>\n\t<\/div>\n\t\n\t\n\n\t\t<div class=\"icon-box featured-box icon-box-left text-left\"  >\n\t\t\t\t\t<div class=\"icon-box-img\" style=\"width: 32px\">\n\t\t\t\t<div class=\"icon\">\n\t\t\t\t\t<div class=\"icon-inner\" >\n\t\t\t\t\t\t<img decoding=\"async\" width=\"100\" height=\"83\" src=\"https:\/\/ddoptics.shop\/wp-content\/uploads\/2021\/05\/DDoptics-SHG-Icon.jpg\" class=\"attachment-medium size-medium\" alt=\"Icona DDoptics SHG Binocolo\" title=\"\">\t\t\t\t\t<\/div>\n\t\t\t\t<\/div>\n\t\t\t<\/div>\n\t\t\t\t<div class=\"icon-box-text last-reset\">\n\t\t\t\t\t\t\t\t\t\n<p>\u2705 Komplett neue Optik mit CT Glas<\/p>\n\t\t<\/div>\n\t<\/div>\n\t\n\t\n\n\t\t<div class=\"icon-box featured-box icon-box-left text-left\"  >\n\t\t\t\t\t<div class=\"icon-box-img\" style=\"width: 32px\">\n\t\t\t\t<div class=\"icon\">\n\t\t\t\t\t<div class=\"icon-inner\" >\n\t\t\t\t\t\t<img decoding=\"async\" width=\"100\" height=\"83\" src=\"https:\/\/ddoptics.shop\/wp-content\/uploads\/2021\/05\/DDoptics-SHG-Icon.jpg\" class=\"attachment-medium size-medium\" alt=\"Icona DDoptics SHG Binocolo\" title=\"\">\t\t\t\t\t<\/div>\n\t\t\t\t<\/div>\n\t\t\t<\/div>\n\t\t\t\t<div class=\"icon-box-text last-reset\">\n\t\t\t\t\t\t\t\t\t\n<p>\u2705 135 m Sehfeld f\u00fcr angenehmes Abglasen<\/p>\n\t\t<\/div>\n\t<\/div>\n\t\n\t\n\n\t\t<div class=\"icon-box featured-box icon-box-left text-left\"  >\n\t\t\t\t\t<div class=\"icon-box-img\" style=\"width: 32px\">\n\t\t\t\t<div class=\"icon\">\n\t\t\t\t\t<div class=\"icon-inner\" >\n\t\t\t\t\t\t<img decoding=\"async\" width=\"100\" height=\"83\" src=\"https:\/\/ddoptics.shop\/wp-content\/uploads\/2021\/05\/DDoptics-SHG-Icon.jpg\" class=\"attachment-medium size-medium\" alt=\"Icona DDoptics SHG Binocolo\" title=\"\">\t\t\t\t\t<\/div>\n\t\t\t\t<\/div>\n\t\t\t<\/div>\n\t\t\t\t<div class=\"icon-box-text last-reset\">\n\t\t\t\t\t\t\t\t\t\n<p>\u2705 Raindefender Nano &#8211; Lotus Verg\u00fctung<\/p>\n\t\t<\/div>\n\t<\/div>\n\t\n\t\n\n\t\t<div class=\"icon-box featured-box icon-box-left text-left\"  >\n\t\t\t\t\t<div class=\"icon-box-img\" style=\"width: 32px\">\n\t\t\t\t<div class=\"icon\">\n\t\t\t\t\t<div class=\"icon-inner\" >\n\t\t\t\t\t\t<img decoding=\"async\" width=\"100\" height=\"83\" src=\"https:\/\/ddoptics.shop\/wp-content\/uploads\/2021\/05\/DDoptics-SHG-Icon.jpg\" class=\"attachment-medium size-medium\" alt=\"Icona DDoptics SHG Binocolo\" title=\"\">\t\t\t\t\t<\/div>\n\t\t\t\t<\/div>\n\t\t\t<\/div>\n\t\t\t\t<div class=\"icon-box-text last-reset\">\n\t\t\t\t\t\t\t\t\t\n<p>\u2705 Concetto di design Best Grip per la resistenza allo scivolamento<\/p>\n\t\t<\/div>\n\t<\/div>\n\t\n\t\n<div class=\"is-divider divider clearfix\" ><\/div>\n\t\t<\/div>\n\t\t\t\t\t<\/div>\n\n\t\n<\/div>\n<figure id=\"attachment_12747\" aria-describedby=\"caption-attachment-12747\" style=\"width: 400px\" class=\"wp-caption alignright\"><a href=\"https:\/\/ddoptics.shop\/wp-content\/uploads\/2018\/09\/Lichttransmissionswerte-Pirschler-45mm.jpg\"><img decoding=\"async\" class=\"wp-image-12747\" src=\"https:\/\/ddoptics.shop\/wp-content\/uploads\/2018\/09\/Lichttransmissionswerte-Pirschler-45mm.jpg\" alt=\"Valori di trasmissione della luce binocolo Pirschler 8x45\" width=\"400\" height=\"265\" title=\"\" srcset=\"https:\/\/ddoptics.shop\/wp-content\/uploads\/2018\/09\/Lichttransmissionswerte-Pirschler-45mm.jpg 900w, https:\/\/ddoptics.shop\/wp-content\/uploads\/2018\/09\/Lichttransmissionswerte-Pirschler-45mm-304x201.jpg 304w, https:\/\/ddoptics.shop\/wp-content\/uploads\/2018\/09\/Lichttransmissionswerte-Pirschler-45mm-305x202.jpg 305w, https:\/\/ddoptics.shop\/wp-content\/uploads\/2018\/09\/Lichttransmissionswerte-Pirschler-45mm-632x419.jpg 632w, https:\/\/ddoptics.shop\/wp-content\/uploads\/2018\/09\/Lichttransmissionswerte-Pirschler-45mm-800x530.jpg 800w, https:\/\/ddoptics.shop\/wp-content\/uploads\/2018\/09\/Lichttransmissionswerte-Pirschler-45mm-510x338.jpg 510w, https:\/\/ddoptics.shop\/wp-content\/uploads\/2018\/09\/Lichttransmissionswerte-Pirschler-45mm-250x166.jpg 250w\" sizes=\"(max-width: 400px) 100vw, 400px\" \/><\/a><figcaption id=\"caption-attachment-12747\" class=\"wp-caption-text\">Valori di trasmissione della luce binocolo Pirschler 8\u00d745<\/figcaption><\/figure>\n<p><strong>Il corpo del binocolo e il ponte sono realizzati in una lega di magnesio estremamente leggera<\/strong> di costruzione aeronautica e rendono il binocolo praticamente infrangibile. Il <strong>Binocolo Diottrico (campo di regolazione +-4)<\/strong> non si trova pi\u00f9 sulla rotella di messa a fuoco, ma sull'oculare destro del binocolo, per una migliore funzionalit\u00e0. Tutti questi elementi operativi - diottra, oculare, rotella di messa a fuoco - sono realizzati in duralluminio e garantiscono quindi una lunga durata.<\/p>\n<p>Il cosiddetto rinforzo \u201eBest Grip\u201c sulla parte esterna del corpo impedisce alle mani di scivolare. Questo rende il <strong>impugnatura e tenuta con una sola mano di questo binocolo compatto<\/strong> confortevole e sicuro anche quando si indossano i guanti.<\/p>\n<h3>Ottica brillante del binocolo Pirschler 8\u00d745<\/h3>\n<p>Guardando attraverso gli oculari del <strong>Il binocolo Pirschler 8\u00d745 sbalordisce letteralmente per la luminosit\u00e0 dell'immagine i<\/strong>nell'occhio. Uno <strong>Trasmissione luminosa estremamente elevata<\/strong> costituisce la base per un <strong>Riproduzione di immagini brillanti e ad alto contrasto<\/strong> con contorni nitidissimi, anche al crepuscolo. Anche di notte, il Pirschler 8\u00d745 si rivela un compagno fedele per molte osservazioni. Responsabile per il <strong>riproduzione delle immagini chiara e brillante \u00e8 il vetro CT con un elaborato rivestimento DDlucid.<\/strong> e prismi di Abbe-K\u00f6nig di alta qualit\u00e0. La dispersione \u00e8 molto bassa.<\/p>\n<h3>La praticit\u00e0 di utilizzo garantisce un'osservazione della natura priva di ombreggiature<\/h3>\n<p>Il binocolo \u201ePirschler\u201c sta comodamente in mano grazie al suo sofisticato design ergonomico. La cosiddetta armatura \u201eBest Grip\u201c all'esterno del binocolo impedisce alle mani di scivolare. <strong>Impugnatura con una sola mano, presa sicura e stabile<\/strong> \u00e8 grazie al <strong>ponte aperto<\/strong> con la sua impugnatura ergonomica \u00e8 comodo e confortevole anche quando si indossano i guanti.<\/p>\n<p>La diottra (intervallo di regolazione +-4) si trova sull'oculare destro e, come tutti gli elementi operativi, \u00e8 realizzata in resistente alluminio. Il rivestimento \u201eRaindefender Nano\u201c garantisce un effetto loto idrorepellente, il binocolo \u00e8 completamente impermeabile.<\/p>\n<p>Gli oculari possono essere utilizzati per il <strong>Distanza interpupillare perfetta in 3 posizioni del reticolo<\/strong> all'interno o all'esterno. Ci\u00f2 consente ai portatori di occhiali di utilizzare l'ampio campo visivo di 135 m senza limitazioni. La regolazione funziona in modo fluido e senza giochi.<\/p>\n<h3>Custodia impermeabile e rivestimento nano idrorepellente<\/h3>\n<p>Il <strong>\u201eIl rivestimento \u201cRaindefender Nano\" garantisce un effetto loto idrorepellente,<\/strong> Il binocolo \u00e8 completamente impermeabile fino a 1 metro in acqua calda o fredda.<\/p>\n<figure id=\"attachment_10769\" aria-describedby=\"caption-attachment-10769\" style=\"width: 400px\" class=\"wp-caption alignright\"><img decoding=\"async\" class=\"size-full wp-image-10769\" src=\"https:\/\/ddoptics.shop\/wp-content\/uploads\/2017\/02\/Fernglas-Pirschler-8x56-smart-Focus-small.jpg\" alt=\"Binocolo Pirschler 15x56 funzione smart Focus\" width=\"400\" height=\"267\" title=\"\" srcset=\"https:\/\/ddoptics.shop\/wp-content\/uploads\/2017\/02\/Fernglas-Pirschler-8x56-smart-Focus-small.jpg 400w, https:\/\/ddoptics.shop\/wp-content\/uploads\/2017\/02\/Fernglas-Pirschler-8x56-smart-Focus-small-304x203.jpg 304w, https:\/\/ddoptics.shop\/wp-content\/uploads\/2017\/02\/Fernglas-Pirschler-8x56-smart-Focus-small-305x204.jpg 305w, https:\/\/ddoptics.shop\/wp-content\/uploads\/2017\/02\/Fernglas-Pirschler-8x56-smart-Focus-small-250x167.jpg 250w\" sizes=\"(max-width: 400px) 100vw, 400px\" \/><figcaption id=\"caption-attachment-10769\" class=\"wp-caption-text\"><strong>Binocolo Pirschler 8\u00d745 con funzione smart Focus<\/strong><\/figcaption><\/figure>\n<h3>Funzione Smart Focus da 50 m a infinito<\/h3>\n<p>Vantaggioso nel<strong> Al crepuscolo o di notte \u00e8 lo Smart Focus:<\/strong> Questa tecnologia elimina in gran parte la necessit\u00e0 di rimettere a fuoco con il \u201ePirschler\u201c 8\u00d745\u201c. Dopo aver messo a fuoco un oggetto a circa 100 metri di distanza, l'occhio si regola automaticamente nell'intervallo di distanza da 50 metri all'infinito, senza una continua rimessa a fuoco.<\/p>\n<h3>Ampio campo visivo con il Pirschler 8\u00d745<\/h3>\n<p>Il <strong>Campo visivo del binocolo di 135 metri<\/strong> offre evidenti vantaggi durante l'osservazione del vetro e consente di individuare e riconoscere pi\u00f9 rapidamente la selvaggina.<\/p>\n<h3>Pirschler 8\u00d745 - adatto anche ai portatori di occhiali<\/h3>\n<ul>\n<li>Il <strong>3 posizioni delle conchiglie oculari twist-in e twist-out<\/strong>\u00a0in metallo, assicurano una perfetta distanza tra gli occhi.<\/li>\n<li>La regolazione \u00e8 fluida, solida e funziona assolutamente senza alcun gioco.<\/li>\n<li>D'altra parte, il binocolo \u201ePirschler\u201c 8\u00d745 \u00e8 caratterizzato da una maggiore distanza della pupilla d'uscita (20 mm) rispetto ad altri binocoli di questa classe.<\/li>\n<\/ul>","protected":false},"excerpt":{"rendered":"<p><img decoding=\"async\" class=\"alignnone wp-image-10471 size-full\" title=\"Caccia al cavalletto\" src=\"https:\/\/ddoptics.shop\/wp-content\/uploads\/2016\/04\/Ansitz-Jagd.jpg\" alt=\"Caccia al cavalletto\" width=\"50\" height=\"50\" \/><img decoding=\"async\" class=\"alignnone wp-image-10168 size-full\" title=\"Caccia al cinghiale\" src=\"https:\/\/ddoptics.shop\/wp-content\/uploads\/2016\/09\/Jagd-klein.jpg\" alt=\"Binocoli da caccia\" width=\"50\" height=\"50\" \/><img decoding=\"async\" class=\"alignnone wp-image-10166 size-full\" title=\"Binocolo notturno\" src=\"https:\/\/ddoptics.shop\/wp-content\/uploads\/2016\/09\/Astronomie-klein.jpg\" alt=\"Binocolo per astronomia\" width=\"50\" height=\"50\" \/><br \/>\nIl binocolo universale pi\u00f9 luminoso della sua categoria - con prismi di Abbe-K\u00f6nig. Il nuovo binocolo Pirschler 8\u00d745 superluminoso e indistruttibile per la caccia e la notte.<\/p>","protected":false},"featured_media":12745,"comment_status":"open","ping_status":"closed","template":"","meta":{"inline_featured_image":false,"footnotes":""},"product_brand":[],"product_cat":[746,349,949,329,345,344],"product_tag":[745,78,80,744,743],"class_list":{"0":"post-12741","1":"product","2":"type-product","3":"status-publish","4":"has-post-thumbnail","6":"product_cat-45-mm-objektiv","7":"product_cat-8x-vergroesserung","8":"product_cat-messeaktion","9":"product_cat-ddoptics","10":"product_cat-jagd-und-wild","11":"product_cat-naturbeobachtung","12":"product_tag-8x45-fernglas","13":"product_tag-ddoptics","14":"product_tag-gen-3","15":"product_tag-pirschler-8x45","16":"product_tag-pirschler-fernglas","17":"product_shipping_class-paket","18":"pa_brand-marke-ddoptics","19":"pa_farbe-gruen","20":"pa_produkt-typ-fernglas","22":"first","23":"instock","24":"sale","25":"taxable","26":"shipping-taxable","27":"purchasable","28":"product-type-simple"},"bundled_by":[],"bundle_stock_status":"instock","bundle_stock_quantity":46,"bundle_virtual":false,"bundle_layout":"","bundle_add_to_cart_form_location":"","bundle_editable_in_cart":false,"bundle_sold_individually_context":"","bundle_item_grouping":"","bundle_min_size":"","bundle_max_size":"","bundle_price":[],"bundled_items":[],"bundle_sell_ids":[],"_links":{"self":[{"href":"https:\/\/ddoptics.shop\/it\/wp-json\/wp\/v2\/product\/12741","targetHints":{"allow":["GET"]}}],"collection":[{"href":"https:\/\/ddoptics.shop\/it\/wp-json\/wp\/v2\/product"}],"about":[{"href":"https:\/\/ddoptics.shop\/it\/wp-json\/wp\/v2\/types\/product"}],"replies":[{"embeddable":true,"href":"https:\/\/ddoptics.shop\/it\/wp-json\/wp\/v2\/comments?post=12741"}],"version-history":[{"count":8,"href":"https:\/\/ddoptics.shop\/it\/wp-json\/wp\/v2\/product\/12741\/revisions"}],"predecessor-version":[{"id":28500,"href":"https:\/\/ddoptics.shop\/it\/wp-json\/wp\/v2\/product\/12741\/revisions\/28500"}],"wp:featuredmedia":[{"embeddable":true,"href":"https:\/\/ddoptics.shop\/it\/wp-json\/wp\/v2\/media\/12745"}],"wp:attachment":[{"href":"https:\/\/ddoptics.shop\/it\/wp-json\/wp\/v2\/media?parent=12741"}],"wp:term":[{"taxonomy":"product_brand","embeddable":true,"href":"https:\/\/ddoptics.shop\/it\/wp-json\/wp\/v2\/product_brand?post=12741"},{"taxonomy":"product_cat","embeddable":true,"href":"https:\/\/ddoptics.shop\/it\/wp-json\/wp\/v2\/product_cat?post=12741"},{"taxonomy":"product_tag","embeddable":true,"href":"https:\/\/ddoptics.shop\/it\/wp-json\/wp\/v2\/product_tag?post=12741"}],"curies":[{"name":"wp","href":"https:\/\/api.w.org\/{rel}","templated":true}]}}