{"id":13363,"date":"2019-04-11T09:25:11","date_gmt":"2019-04-11T07:25:11","guid":{"rendered":"https:\/\/ddoptics.shop\/?post_type=product&#038;p=13363"},"modified":"2025-06-27T13:48:22","modified_gmt":"2025-06-27T11:48:22","slug":"binocolo-ddoptics-lux-hr-8x25-ed-pocket","status":"publish","type":"product","link":"https:\/\/ddoptics.shop\/it\/kaufen\/fernglas-ddoptics-lux-hr-8x25-ed-pocket\/","title":{"rendered":"Binocolo DDoptics Lux-HR 8\u00d725 ED \u201cPocket\u201d"},"content":{"rendered":"<div class=\"row\"  id=\"row-978557269\">\n\n\t<div id=\"col-1718919943\" class=\"col medium-8 small-12 large-8\"  >\n\t\t\t\t<div class=\"col-inner\"  >\n\t\t\t\n\t\t\t\n<h2>Molto buono e conveniente. Il binocolo DDoptics Lux-HR 8\u00d725 ED \u201cPocket\u201d leggero e compatto\u201d<\/h2>\n<p>Il nuovo binocolo Lux-HR 8\u00d725 \u201cPocket\u201d ED \u00e8 un binocolo di alta qualit\u00e0 che pu\u00f2 stare in qualsiasi tasca della giacca.<\/p>\n<p>Il <strong>DDoptics Lux-HR \u201cPocket\u201d ED<\/strong> viene<strong> Grazie all'alloggiamento in magnesio stabile e leggero<\/strong> a un peso inferiore a 300 grammi.<\/p>\n<p>Con questo <strong>Mini binocolo<\/strong> Nonostante le sue dimensioni ridotte, si ottiene un'immagine luminosa e<strong> immagine chiara<\/strong> con una risoluzione eccellente. Pu\u00f2 essere utilizzato bene anche al crepuscolo, naturalmente non quanto un binocolo con obiettivo da 42 mm. <strong>Il Lux-HR 8\u00d725 \u201cPocket\u201d ED<\/strong> combina luce e<strong> Design compatto<\/strong> con un \u201cpiacere visivo\u201d ottico brillante.<\/p>\n<p>Dettaglio importante: anche le conchiglie oculari sono in metallo e rivestite in gomma.<\/p>\n<h3>Installazione di componenti ottici di alta qualit\u00e0 nel binocolo 8\u00d725<\/h3>\n<p>Come per tutti i binocoli DDoptics Lux-HR, il Pocket <strong>Lenti spianatrici di campo<\/strong> incorporato. Si tratta di una specialit\u00e0 assoluta per un binocolo di questo segmento di prezzo.<\/p>\n<p>Le lenti spianatrici di campo sono<strong> Lenti aggiuntive speciali<\/strong> all'interno di un <strong>Pacchetto lenti.<\/strong> Questi compensano la curvatura del campo immagine causata dal raggio dell'obiettivo e producono quindi un'immagine quasi piatta.<\/p>\n<p>Vantaggio: linee e bordi che sono<strong> Curvatura della lente<\/strong> sono naturalmente piegati, sono di nuovo <strong>mostrato dritto<\/strong>. Un vantaggio se si vuole scattare una foto attraverso il binocolo.<\/p>\n\t\t<\/div>\n\t\t\t\t\n<style>\n#col-1718919943 > .col-inner {\n  margin: 0px 0px -30px 0px;\n}\n<\/style>\n\t<\/div>\n\n\t\n\n\t<div id=\"col-1461664747\" class=\"col medium-4 small-12 large-4\"  >\n\t\t\t\t<div class=\"col-inner\"  >\n\t\t\t\n\t\t\t\n\t<div class=\"img has-hover x md-x lg-x y md-y lg-y\" id=\"image_1187094363\">\n\t\t\t\t\t\t\t\t<div class=\"img-inner dark\" >\n\t\t\t\t\t\t\t\t\t\n\t\t\t\t\t<\/div>\n\t\t\t\t\t\t\t\t\n<style>\n#image_1187094363 {\n  width: 100%;\n}\n<\/style>\n\t<\/div>\n\t\n\t<div class=\"img has-hover x md-x lg-x y md-y lg-y\" id=\"image_1884340952\">\n\t\t<a class=\"\" href=\"https:\/\/www.shop.ddoptics.de\/garantiebestimmungen\" target=\"_blank\" rel=\"noopener\">\t\t\t\t\t\t<div class=\"img-inner dark\" >\n\t\t\t<img decoding=\"async\" width=\"352\" height=\"160\" src=\"https:\/\/ddoptics.shop\/wp-content\/uploads\/2014\/09\/DDoptics-Garantie.jpg\" class=\"attachment-large size-large\" alt=\"Garanzia DDoptics\" srcset=\"https:\/\/ddoptics.shop\/wp-content\/uploads\/2014\/09\/DDoptics-Garantie.jpg 352w, https:\/\/ddoptics.shop\/wp-content\/uploads\/2014\/09\/DDoptics-Garantie-304x138.jpg 304w, https:\/\/ddoptics.shop\/wp-content\/uploads\/2014\/09\/DDoptics-Garantie-305x139.jpg 305w, https:\/\/ddoptics.shop\/wp-content\/uploads\/2014\/09\/DDoptics-Garantie-250x114.jpg 250w\" sizes=\"(max-width: 352px) 100vw, 352px\" title=\"\">\t\t\t\t\t\t\n\t\t\t\t\t<\/div>\n\t\t\t\t\t\t<\/a>\t\t\n<style>\n#image_1884340952 {\n  width: 100%;\n}\n<\/style>\n\t<\/div>\n\t\n<h3>Fatti binocoli DDoptics LUX<\/h3>\n\n\t\t<div class=\"icon-box featured-box icon-box-left text-left\"  >\n\t\t\t\t\t<div class=\"icon-box-img\" style=\"width: 32px\">\n\t\t\t\t<div class=\"icon\">\n\t\t\t\t\t<div class=\"icon-inner\" >\n\t\t\t\t\t\t<img decoding=\"async\" width=\"100\" height=\"83\" src=\"https:\/\/ddoptics.shop\/wp-content\/uploads\/2021\/05\/DDoptics-SHG-Icon.jpg\" class=\"attachment-medium size-medium\" alt=\"Icona DDoptics SHG Binocolo\" title=\"\">\t\t\t\t\t<\/div>\n\t\t\t\t<\/div>\n\t\t\t<\/div>\n\t\t\t\t<div class=\"icon-box-text last-reset\">\n\t\t\t\t\t\t\t\t\t\n<p>\u2705 114 m Sehfeld<\/p>\n\t\t<\/div>\n\t<\/div>\n\t\n\t\n\n\t\t<div class=\"icon-box featured-box icon-box-left text-left\"  >\n\t\t\t\t\t<div class=\"icon-box-img\" style=\"width: 32px\">\n\t\t\t\t<div class=\"icon\">\n\t\t\t\t\t<div class=\"icon-inner\" >\n\t\t\t\t\t\t<img decoding=\"async\" width=\"100\" height=\"83\" src=\"https:\/\/ddoptics.shop\/wp-content\/uploads\/2021\/05\/DDoptics-SHG-Icon.jpg\" class=\"attachment-medium size-medium\" alt=\"Icona DDoptics SHG Binocolo\" title=\"\">\t\t\t\t\t<\/div>\n\t\t\t\t<\/div>\n\t\t\t<\/div>\n\t\t\t\t<div class=\"icon-box-text last-reset\">\n\t\t\t\t\t\t\t\t\t\n<p>\u2705 ED Glas &#8211; Voll-Apochromat<\/p>\n\t\t<\/div>\n\t<\/div>\n\t\n\t\n\n\t\t<div class=\"icon-box featured-box icon-box-left text-left\"  >\n\t\t\t\t\t<div class=\"icon-box-img\" style=\"width: 32px\">\n\t\t\t\t<div class=\"icon\">\n\t\t\t\t\t<div class=\"icon-inner\" >\n\t\t\t\t\t\t<img decoding=\"async\" width=\"100\" height=\"83\" src=\"https:\/\/ddoptics.shop\/wp-content\/uploads\/2021\/05\/DDoptics-SHG-Icon.jpg\" class=\"attachment-medium size-medium\" alt=\"Icona DDoptics SHG Binocolo\" title=\"\">\t\t\t\t\t<\/div>\n\t\t\t\t<\/div>\n\t\t\t<\/div>\n\t\t\t\t<div class=\"icon-box-text last-reset\">\n\t\t\t\t\t\t\t\t\t\n<p>\u2705 CT-Glas &amp; Barium Kronglas Prismen mit optimierte DDlucid-FMC Verg\u00fctung<\/p>\n\t\t<\/div>\n\t<\/div>\n\t\n\t\n\n\t\t<div class=\"icon-box featured-box icon-box-left text-left\"  >\n\t\t\t\t\t<div class=\"icon-box-img\" style=\"width: 32px\">\n\t\t\t\t<div class=\"icon\">\n\t\t\t\t\t<div class=\"icon-inner\" >\n\t\t\t\t\t\t<img decoding=\"async\" width=\"100\" height=\"83\" src=\"https:\/\/ddoptics.shop\/wp-content\/uploads\/2021\/05\/DDoptics-SHG-Icon.jpg\" class=\"attachment-medium size-medium\" alt=\"Icona DDoptics SHG Binocolo\" title=\"\">\t\t\t\t\t<\/div>\n\t\t\t\t<\/div>\n\t\t\t<\/div>\n\t\t\t\t<div class=\"icon-box-text last-reset\">\n\t\t\t\t\t\t\t\t\t\n<p>\u2705 Lenti spianatrici di campo<\/p>\n\t\t<\/div>\n\t<\/div>\n\t\n\t\n\n\t\t<div class=\"icon-box featured-box icon-box-left text-left\"  >\n\t\t\t\t\t<div class=\"icon-box-img\" style=\"width: 32px\">\n\t\t\t\t<div class=\"icon\">\n\t\t\t\t\t<div class=\"icon-inner\" >\n\t\t\t\t\t\t<img decoding=\"async\" width=\"100\" height=\"83\" src=\"https:\/\/ddoptics.shop\/wp-content\/uploads\/2021\/05\/DDoptics-SHG-Icon.jpg\" class=\"attachment-medium size-medium\" alt=\"Icona DDoptics SHG Binocolo\" title=\"\">\t\t\t\t\t<\/div>\n\t\t\t\t<\/div>\n\t\t\t<\/div>\n\t\t\t\t<div class=\"icon-box-text last-reset\">\n\t\t\t\t\t\t\t\t\t\n<p>\u2705 Rivestimento ottimizzato DDlucid-FMC<\/p>\n\t\t<\/div>\n\t<\/div>\n\t\n\t\n\n\t\t<div class=\"icon-box featured-box icon-box-left text-left\"  >\n\t\t\t\t\t<div class=\"icon-box-img\" style=\"width: 32px\">\n\t\t\t\t<div class=\"icon\">\n\t\t\t\t\t<div class=\"icon-inner\" >\n\t\t\t\t\t\t<img decoding=\"async\" width=\"100\" height=\"83\" src=\"https:\/\/ddoptics.shop\/wp-content\/uploads\/2021\/05\/DDoptics-SHG-Icon.jpg\" class=\"attachment-medium size-medium\" alt=\"Icona DDoptics SHG Binocolo\" title=\"\">\t\t\t\t\t<\/div>\n\t\t\t\t<\/div>\n\t\t\t<\/div>\n\t\t\t\t<div class=\"icon-box-text last-reset\">\n\t\t\t\t\t\t\t\t\t\n<p>\u2705 Robusta custodia in magnesio<\/p>\n\t\t<\/div>\n\t<\/div>\n\t\n\t\n<div class=\"is-divider divider clearfix\" ><\/div>\n\t\t<\/div>\n\t\t\t\t\t<\/div>\n\n\t\n<\/div>\n<p>Le lenti field flattener hanno anche un rivestimento DDlucid ulteriormente migliorato, un ulteriore sviluppo del rivestimento ELR (Extra Low Reflection). DDlucid di DDoptics \u00e8 attualmente uno dei rivestimenti binoculari pi\u00f9 efficaci. Esclusivamente <strong>Binocolo premium<\/strong> attualmente hanno rivestimenti altrettanto sofisticati. Il prisma a tetto Schmidt-Pechan \u00e8 naturalmente rivestito di fase. Tutto questo garantisce una visione lunga e senza fatica.<\/p>\n<p>In combinazione con lo specchio dielettrico, il <strong>Strato di correzione di fase<\/strong>\u00a0per un livello molto alto <strong>Saturazione del colore<\/strong> e <strong>Contrasto dell'immagine.<\/strong> L'appocromatismo completo ED riduce le frange di colore in controluce e garantisce contorni netti.<\/p>\n<h3>Impugnatura ottimale per una visione senza affaticamento con ingrandimento 8x<\/h3>\n<p>Lo speciale <strong>Armatura in gomma<\/strong> con <strong>Strato morbido al tatto<\/strong> e la superficie appositamente ruvida garantiscono una presa e una resistenza allo scivolamento ottimali in ogni situazione. Sul ponte \u00e8 presente un incavo ergonomico per un comodo appoggio delle dita. Grazie al design sottile e compatto, il bicchiere si adatta perfettamente alla mano (anche a una sola mano).<\/p>\n<p>Le conchiglie oculari regolabili sono realizzate in lega metallica ad alta resistenza. Il <strong>Rivestimento in gomma<\/strong> il <strong>Conchiglie oculari<\/strong> protegge inoltre gli oculari da eventuali danni durante l'uso intensivo sul campo. Naturalmente, il binocolo tascabile Lux-HR \u00e8 anche completamente impermeabile e protetto dall'appannamento interno.<\/p>\n<p><strong>Raccomandazione:<\/strong> Il <strong>Binocolo<\/strong> non \u00e8 solo ideale per<strong> In viaggio<\/strong>, ma \u00e8 adatto anche per escursioni o<strong> eventi<\/strong> con distanze <strong>(ad esempio, palcoscenico all'aperto).<\/strong><\/p>","protected":false},"excerpt":{"rendered":"<p><img decoding=\"async\" class=\"alignnone wp-image-10180 size-full\" title=\"Escursioni\" src=\"https:\/\/ddoptics.shop\/wp-content\/uploads\/2016\/04\/Bergwandern-klein.jpg\" alt=\"Binocolo per escursioni in montagna\" width=\"50\" height=\"50\" \/><img decoding=\"async\" class=\"alignnone wp-image-10178 size-full\" title=\"Osservazione degli animali caccia in montagna\" src=\"https:\/\/ddoptics.shop\/wp-content\/uploads\/2016\/04\/Gebirgsjagd-klein.jpg\" alt=\"Binocolo da caccia di montagna\" width=\"50\" height=\"50\" \/><img decoding=\"async\" class=\"alignnone wp-image-10170 size-full\" title=\"Osservazione degli uccelli\" src=\"https:\/\/ddoptics.shop\/wp-content\/uploads\/2016\/09\/Ornitologie-klein.jpg\" alt=\"Osservazione degli uccelli\" width=\"50\" height=\"50\" \/><br \/>\nDDoptics Lux-HR 8\u00d725 \u201cPocket\u201d ED - il binocolo leggero e compatto con le migliori ottiche!<\/p>","protected":false},"featured_media":13367,"comment_status":"open","ping_status":"closed","template":"","meta":{"inline_featured_image":false,"footnotes":""},"product_brand":[],"product_cat":[836,349,329,67,344,354,346],"product_tag":[90,838,78,839],"class_list":{"0":"post-13363","1":"product","2":"type-product","3":"status-publish","4":"has-post-thumbnail","6":"product_cat-25-mm-objektiv","7":"product_cat-8x-vergroesserung","8":"product_cat-ddoptics","9":"product_cat-fernglas","10":"product_cat-naturbeobachtung","11":"product_cat-vogelbeobachtung","12":"product_cat-wandern-und-reisen","13":"product_tag-8-fach-vergroesserung","14":"product_tag-8x25","15":"product_tag-ddoptics","16":"product_tag-fernglas-8x25","17":"product_shipping_class-paket","18":"pa_brand-marke-ddoptics","19":"pa_farbe-schwarz","20":"pa_produkt-typ-fernglas","22":"first","23":"instock","24":"sale","25":"taxable","26":"shipping-taxable","27":"purchasable","28":"product-type-simple"},"bundled_by":[],"bundle_stock_status":"instock","bundle_stock_quantity":null,"bundle_virtual":false,"bundle_layout":"","bundle_add_to_cart_form_location":"","bundle_editable_in_cart":false,"bundle_sold_individually_context":"","bundle_item_grouping":"","bundle_min_size":"","bundle_max_size":"","bundle_price":[],"bundled_items":[],"bundle_sell_ids":[],"_links":{"self":[{"href":"https:\/\/ddoptics.shop\/it\/wp-json\/wp\/v2\/product\/13363","targetHints":{"allow":["GET"]}}],"collection":[{"href":"https:\/\/ddoptics.shop\/it\/wp-json\/wp\/v2\/product"}],"about":[{"href":"https:\/\/ddoptics.shop\/it\/wp-json\/wp\/v2\/types\/product"}],"replies":[{"embeddable":true,"href":"https:\/\/ddoptics.shop\/it\/wp-json\/wp\/v2\/comments?post=13363"}],"version-history":[{"count":4,"href":"https:\/\/ddoptics.shop\/it\/wp-json\/wp\/v2\/product\/13363\/revisions"}],"predecessor-version":[{"id":28502,"href":"https:\/\/ddoptics.shop\/it\/wp-json\/wp\/v2\/product\/13363\/revisions\/28502"}],"wp:featuredmedia":[{"embeddable":true,"href":"https:\/\/ddoptics.shop\/it\/wp-json\/wp\/v2\/media\/13367"}],"wp:attachment":[{"href":"https:\/\/ddoptics.shop\/it\/wp-json\/wp\/v2\/media?parent=13363"}],"wp:term":[{"taxonomy":"product_brand","embeddable":true,"href":"https:\/\/ddoptics.shop\/it\/wp-json\/wp\/v2\/product_brand?post=13363"},{"taxonomy":"product_cat","embeddable":true,"href":"https:\/\/ddoptics.shop\/it\/wp-json\/wp\/v2\/product_cat?post=13363"},{"taxonomy":"product_tag","embeddable":true,"href":"https:\/\/ddoptics.shop\/it\/wp-json\/wp\/v2\/product_tag?post=13363"}],"curies":[{"name":"wp","href":"https:\/\/api.w.org\/{rel}","templated":true}]}}