{"id":14370,"date":"2019-05-28T14:49:13","date_gmt":"2019-05-28T12:49:13","guid":{"rendered":"https:\/\/ddoptics.shop\/?post_type=product&#038;p=14370"},"modified":"2025-10-03T12:53:28","modified_gmt":"2025-10-03T10:53:28","slug":"cannocchiale-ddoptics-pirschler-20-60x80-s-vista-angolata","status":"publish","type":"product","link":"https:\/\/ddoptics.shop\/it\/kaufen\/spektiv-ddoptics-pirschler-20-60x80-s-schraegeinblick\/","title":{"rendered":"Cannocchiale DDoptics Pirschler 20-60\u00d780 S - vista angolare"},"content":{"rendered":"<div class=\"row\"  id=\"row-83996453\">\n\n\t<div id=\"col-1661804931\" class=\"col medium-8 small-12 large-8\"  >\n\t\t\t\t<div class=\"col-inner\"  >\n\t\t\t\n\t\t\t\n<h2>Cannocchiale DDoptics Pirschler 20-60\u00d780 S con visuale angolata<\/h2>\n<p>Con il <strong>Cannocchiale DDoptics Pirschler 20-60\u00d780 S<\/strong> riceverete un <strong>Cannocchiale professionale e relativamente leggero ad un prezzo molto interessante. <\/strong>Con lo sviluppo di questo nuovo cannocchiale, la <strong>Utilizzo per la caccia<\/strong> presi in considerazione al crepuscolo.<\/p>\n<p>Naturalmente, i requisiti del <strong>birdwatching classico<\/strong> anche in relazione a <strong>Nitidezza dell'immagine e riproduzione dei colori.<\/strong> Il nuovo sistema ottico del cannocchiale vi garantisce un'ottima qualit\u00e0 di visione. <strong>Immagine chiara e ad alto contrasto<\/strong> anche in condizioni di scarsa illuminazione.<\/p>\n<p>Anche con un ingrandimento di 60x, il <strong>Cannocchiale Pirschler<\/strong> un'immagine nitidissima. Il <strong>Unit\u00e0 di focalizzazione<\/strong> consiste in un <strong>Rotella di regolazione da 2 cm<\/strong>.<\/p>\n<p>Pu\u00f2 essere utilizzato comodamente con i guanti anche in condizioni di freddo. Il<strong> nuovi cannocchiali da osservazione DDoptics<\/strong> convince per l'ampio campo visivo e la messa a fuoco ravvicinata insolitamente stretta. Con il <strong>Pirschler 20-60\u00d780 S<\/strong> \u00e8 possibile visualizzare i dettagli a soli 7 metri di distanza.<\/p>\n<p>Questo \u00e8 un grande vantaggio quando <strong>Osservazione di nidi di uccelli o di insetti.<\/strong>\u00a0 Un grande punto di forza \u00e8 rappresentato dalla <strong>Cannocchiale per tiratori sportivi<\/strong> - I colpi su un bersaglio nero sono facilmente visibili alle normali distanze di tiro.<\/p>\n\t\t<\/div>\n\t\t\t\t\n<style>\n#col-1661804931 > .col-inner {\n  margin: 0px 0px -30px 0px;\n}\n<\/style>\n\t<\/div>\n\n\t\n\n\t<div id=\"col-1088686486\" class=\"col medium-4 small-12 large-4\"  >\n\t\t\t\t<div class=\"col-inner\"  >\n\t\t\t\n\t\t\t\n\t<div class=\"img has-hover x md-x lg-x y md-y lg-y\" id=\"image_1299242512\">\n\t\t\t\t\t\t\t\t<div class=\"img-inner dark\" >\n\t\t\t\t\t\t\t\t\t\n\t\t\t\t\t<\/div>\n\t\t\t\t\t\t\t\t\n<style>\n#image_1299242512 {\n  width: 100%;\n}\n<\/style>\n\t<\/div>\n\t\n\t<div class=\"img has-hover x md-x lg-x y md-y lg-y\" id=\"image_421109410\">\n\t\t<a class=\"\" href=\"https:\/\/www.shop.ddoptics.de\/garantiebestimmungen\" target=\"_blank\" rel=\"noopener\">\t\t\t\t\t\t<div class=\"img-inner dark\" >\n\t\t\t<img decoding=\"async\" width=\"352\" height=\"160\" src=\"https:\/\/ddoptics.shop\/wp-content\/uploads\/2014\/09\/DDoptics-Garantie.jpg\" class=\"attachment-large size-large\" alt=\"Garanzia DDoptics\" srcset=\"https:\/\/ddoptics.shop\/wp-content\/uploads\/2014\/09\/DDoptics-Garantie.jpg 352w, https:\/\/ddoptics.shop\/wp-content\/uploads\/2014\/09\/DDoptics-Garantie-304x138.jpg 304w, https:\/\/ddoptics.shop\/wp-content\/uploads\/2014\/09\/DDoptics-Garantie-305x139.jpg 305w, https:\/\/ddoptics.shop\/wp-content\/uploads\/2014\/09\/DDoptics-Garantie-250x114.jpg 250w\" sizes=\"(max-width: 352px) 100vw, 352px\" title=\"\">\t\t\t\t\t\t\n\t\t\t\t\t<\/div>\n\t\t\t\t\t\t<\/a>\t\t\n<style>\n#image_421109410 {\n  width: 100%;\n}\n<\/style>\n\t<\/div>\n\t\n<h3>Fatti sul cannocchiale Pirschler di DDoptics<\/h3>\n\n\t\t<div class=\"icon-box featured-box icon-box-left text-left\"  >\n\t\t\t\t\t<div class=\"icon-box-img\" style=\"width: 32px\">\n\t\t\t\t<div class=\"icon\">\n\t\t\t\t\t<div class=\"icon-inner\" >\n\t\t\t\t\t\t<img decoding=\"async\" width=\"97\" height=\"78\" src=\"https:\/\/ddoptics.shop\/wp-content\/uploads\/2022\/02\/HDS-Spektiv.webp\" class=\"attachment-medium size-medium\" alt=\"Cannocchiale HDS 9-27x56\" title=\"\">\t\t\t\t\t<\/div>\n\t\t\t\t<\/div>\n\t\t\t<\/div>\n\t\t\t\t<div class=\"icon-box-text last-reset\">\n\t\t\t\t\t\t\t\t\t\n<p>Unit\u00e0 di messa a fuoco di grandi dimensioni<\/p>\n\t\t<\/div>\n\t<\/div>\n\t\n\t\n\n\t\t<div class=\"icon-box featured-box icon-box-left text-left\"  >\n\t\t\t\t\t<div class=\"icon-box-img\" style=\"width: 32px\">\n\t\t\t\t<div class=\"icon\">\n\t\t\t\t\t<div class=\"icon-inner\" >\n\t\t\t\t\t\t<img decoding=\"async\" width=\"97\" height=\"78\" src=\"https:\/\/ddoptics.shop\/wp-content\/uploads\/2022\/02\/HDS-Spektiv.webp\" class=\"attachment-medium size-medium\" alt=\"Cannocchiale HDS 9-27x56\" title=\"\">\t\t\t\t\t<\/div>\n\t\t\t\t<\/div>\n\t\t\t<\/div>\n\t\t\t\t<div class=\"icon-box-text last-reset\">\n\t\t\t\t\t\t\t\t\t\n<p>Impermeabile<\/p>\n\t\t<\/div>\n\t<\/div>\n\t\n\t\n\n\t\t<div class=\"icon-box featured-box icon-box-left text-left\"  >\n\t\t\t\t\t<div class=\"icon-box-img\" style=\"width: 32px\">\n\t\t\t\t<div class=\"icon\">\n\t\t\t\t\t<div class=\"icon-inner\" >\n\t\t\t\t\t\t<img decoding=\"async\" width=\"97\" height=\"78\" src=\"https:\/\/ddoptics.shop\/wp-content\/uploads\/2022\/02\/HDS-Spektiv.webp\" class=\"attachment-medium size-medium\" alt=\"Cannocchiale HDS 9-27x56\" title=\"\">\t\t\t\t\t<\/div>\n\t\t\t\t<\/div>\n\t\t\t<\/div>\n\t\t\t\t<div class=\"icon-box-text last-reset\">\n\t\t\t\t\t\t\t\t\t\n<p>Ampio campo visivo<\/p>\n\t\t<\/div>\n\t<\/div>\n\t\n\t\n\n\t\t<div class=\"icon-box featured-box icon-box-left text-left\"  >\n\t\t\t\t\t<div class=\"icon-box-img\" style=\"width: 32px\">\n\t\t\t\t<div class=\"icon\">\n\t\t\t\t\t<div class=\"icon-inner\" >\n\t\t\t\t\t\t<img decoding=\"async\" width=\"97\" height=\"78\" src=\"https:\/\/ddoptics.shop\/wp-content\/uploads\/2022\/02\/HDS-Spektiv.webp\" class=\"attachment-medium size-medium\" alt=\"Cannocchiale HDS 9-27x56\" title=\"\">\t\t\t\t\t<\/div>\n\t\t\t\t<\/div>\n\t\t\t<\/div>\n\t\t\t\t<div class=\"icon-box-text last-reset\">\n\t\t\t\t\t\t\t\t\t\n<p>Risoluzione molto elevata<\/p>\n\t\t<\/div>\n\t<\/div>\n\t\n\t\n\n\t\t<div class=\"icon-box featured-box icon-box-left text-left\"  >\n\t\t\t\t\t<div class=\"icon-box-img\" style=\"width: 32px\">\n\t\t\t\t<div class=\"icon\">\n\t\t\t\t\t<div class=\"icon-inner\" >\n\t\t\t\t\t\t<img decoding=\"async\" width=\"97\" height=\"78\" src=\"https:\/\/ddoptics.shop\/wp-content\/uploads\/2022\/02\/HDS-Spektiv.webp\" class=\"attachment-medium size-medium\" alt=\"Cannocchiale HDS 9-27x56\" title=\"\">\t\t\t\t\t<\/div>\n\t\t\t\t<\/div>\n\t\t\t<\/div>\n\t\t\t\t<div class=\"icon-box-text last-reset\">\n\t\t\t\t\t\t\t\t\t\n<p>immagine incredibilmente buona per questa fascia di prezzo<\/p>\n\t\t<\/div>\n\t<\/div>\n\t\n\t\n<div class=\"is-divider divider clearfix\" ><\/div>\n\t\t<\/div>\n\t\t\t\t\t<\/div>\n\n\t\n<\/div>\n<h3>ELR - Multicoating (extra low reflection) - Rivestimento FMC<\/h3>\n<p>Tutti <strong>Superfici vetro-aria<\/strong> sono<strong> multistrato con rivestimento duro<\/strong> e garantire cos\u00ec il massimo contrasto, la nitidezza e la luminosit\u00e0 dell'immagine. Il <strong>Brillantezza del colore<\/strong> \u00e8 eccezionale con questo cannocchiale, cos\u00ec come il <strong>Luminosit\u00e0 dell'immagine<\/strong>. L'esperienza <strong>garantisce un'immagine chiara e ad alto contrasto, anche in condizioni di scarsa illuminazione e al crepuscolo<\/strong>. Anche con un ingrandimento di 60x, il vostro stalker vi offre una<strong> immagine nitida come un rasoio.<\/strong><\/p>\n<p>Il cannocchiale \u00e8 <strong>Riempito di azoto e impermeabile.<\/strong> Questa \u00e8 una garanzia contro l'appannamento in condizioni di umidit\u00e0 e i bruschi cambiamenti di temperatura. Il tubo estremamente leggero garantisce la massima robustezza e mobilit\u00e0. Il <strong>Rivestimento in gomma antiscivolo<\/strong> fornisce una presa e una tenuta sicura.<\/p>\n<h3>Unit\u00e0 di messa a fuoco del cannocchiale<\/h3>\n<p>Il <strong>L'unit\u00e0 di messa a fuoco \u00e8 costituita da una rotella di regolazione di 2 cm.<\/strong>, che pu\u00f2 essere utilizzato comodamente anche indossando i guanti. Con il Pirschler 20-60\u00d780 S \u00e8 possibile osservare da una distanza di soli 7 metri, il che rappresenta un particolare vantaggio nell'osservazione dei nidi, nell'osservazione degli insetti o al poligono di tiro.<\/p>\n<h3>Raccomandazioni per il cannocchiale<\/h3>\n<p>Esempi tipici di applicazione sono il <strong>Camoscio<\/strong> sul fianco della montagna o sul <b>Fagiano di monte, ecc. <\/b>per citarne alcuni. I cannocchiali da osservazione Pirschler da 80 mm, compatti e leggeri, possono essere anche <strong>Comodo in uno zaino<\/strong> e pu\u00f2 essere facilmente trasportato in qualsiasi luogo desiderato.<\/p>\n<p>Con questo<strong> Cannocchiale <\/strong>DDoptics \u00e8 riuscita ad offrire ai suoi clienti un'esperienza davvero unica.<strong> cannocchiale professionale, leggero ed economico.<\/strong><\/p>","protected":false},"excerpt":{"rendered":"<p>Un prodotto professionale e ancora relativamente leggero <strong>Cannocchiale da caccia Pirschler 20-60\u00d780 S<\/strong> con elevato ingrandimento e intensit\u00e0 luminosa a un prezzo interessante - con visione obliqua.<\/p>","protected":false},"featured_media":14372,"comment_status":"open","ping_status":"closed","template":"","meta":{"inline_featured_image":false,"footnotes":""},"product_brand":[],"product_cat":[859,643,468,71,645,646],"product_tag":[78,863,158,83],"class_list":{"0":"post-14370","1":"product","2":"type-product","3":"status-publish","4":"has-post-thumbnail","6":"product_cat-80-mm","7":"product_cat-jagd","8":"product_cat-schraegeinblick","9":"product_cat-spektiv","10":"product_cat-sportschuetzen","11":"product_cat-ornithologie-vogelbeobachtung","12":"product_tag-ddoptics","13":"product_tag-pirschler-20-60x80-s","14":"product_tag-schraegeinblick","15":"product_tag-spektiv","16":"product_shipping_class-paket","17":"pa_brand-marke-ddoptics","18":"pa_farbe-gruen","19":"pa_okulartype-20-60x","20":"pa_produkt-typ-spektiv","22":"first","23":"instock","24":"taxable","25":"shipping-taxable","26":"purchasable","27":"product-type-simple"},"bundled_by":[],"bundle_stock_status":"instock","bundle_stock_quantity":null,"bundle_virtual":false,"bundle_layout":"","bundle_add_to_cart_form_location":"","bundle_editable_in_cart":false,"bundle_sold_individually_context":"","bundle_item_grouping":"","bundle_min_size":"","bundle_max_size":"","bundle_price":[],"bundled_items":[],"bundle_sell_ids":[],"_links":{"self":[{"href":"https:\/\/ddoptics.shop\/it\/wp-json\/wp\/v2\/product\/14370","targetHints":{"allow":["GET"]}}],"collection":[{"href":"https:\/\/ddoptics.shop\/it\/wp-json\/wp\/v2\/product"}],"about":[{"href":"https:\/\/ddoptics.shop\/it\/wp-json\/wp\/v2\/types\/product"}],"replies":[{"embeddable":true,"href":"https:\/\/ddoptics.shop\/it\/wp-json\/wp\/v2\/comments?post=14370"}],"version-history":[{"count":9,"href":"https:\/\/ddoptics.shop\/it\/wp-json\/wp\/v2\/product\/14370\/revisions"}],"predecessor-version":[{"id":29120,"href":"https:\/\/ddoptics.shop\/it\/wp-json\/wp\/v2\/product\/14370\/revisions\/29120"}],"wp:featuredmedia":[{"embeddable":true,"href":"https:\/\/ddoptics.shop\/it\/wp-json\/wp\/v2\/media\/14372"}],"wp:attachment":[{"href":"https:\/\/ddoptics.shop\/it\/wp-json\/wp\/v2\/media?parent=14370"}],"wp:term":[{"taxonomy":"product_brand","embeddable":true,"href":"https:\/\/ddoptics.shop\/it\/wp-json\/wp\/v2\/product_brand?post=14370"},{"taxonomy":"product_cat","embeddable":true,"href":"https:\/\/ddoptics.shop\/it\/wp-json\/wp\/v2\/product_cat?post=14370"},{"taxonomy":"product_tag","embeddable":true,"href":"https:\/\/ddoptics.shop\/it\/wp-json\/wp\/v2\/product_tag?post=14370"}],"curies":[{"name":"wp","href":"https:\/\/api.w.org\/{rel}","templated":true}]}}