{"id":17034,"date":"2019-03-16T12:19:04","date_gmt":"2019-03-16T11:19:04","guid":{"rendered":"https:\/\/ddoptics.shop\/?post_type=product&#038;p=17034"},"modified":"2025-07-02T13:10:47","modified_gmt":"2025-07-02T11:10:47","slug":"binocolo-bresser-hunter-10x25-tascabile","status":"publish","type":"product","link":"https:\/\/ddoptics.shop\/it\/kaufen\/bresser-fernglas-hunter-10x25-taschenfernglas\/","title":{"rendered":"BRESSER Binocolo HUNTER 10\u00d725 - Binocolo tascabile"},"content":{"rendered":"<h2>Binocolo BRESSER Hunter 10\u00d725 - mini binocolo tascabile pieghevole<\/h2>\n<blockquote><p>Il bicchiere occasionale ideale per il backpacking.<\/p><\/blockquote>\n<p>Il <strong>Binocolo BRESSER Hunter 10\u00d725<\/strong> nel nuovo design convince per il suo rapporto prezzo\/prestazioni. Grazie al suo design compatto e maneggevole, questa serie di modelli economici \u00e8 il compagno ideale in molte situazioni. Il <strong>Ottica completamente rivestita e meccanica solida<\/strong> consentire una buona e <strong>riproduzione fedele dei colori.<\/strong><\/p>\n<p>La forma ergonomica dell'impugnatura e la gomma antiscivolo garantiscono una presa sicura. Il vetro ottico BK-7 integrato garantisce una buona riproduzione dell'immagine. Questo vetro \u00e8 <strong>Perfetto per le escursioni o altre attivit\u00e0 all'aperto<\/strong> adatto. Grazie al suo design compatto e al peso ridotto, \u00e8 facile da riporre e occupa poco spazio nel bagaglio.<\/p>\n<h3>Ottica di qualit\u00e0 media per il binocolo BRESSER Hunter 10\u00d725 - OK per il prezzo<\/h3>\n<p>Il binocolo \u00e8 ideale per tutti coloro che amano viaggiare e <strong>solo occasionalmente un binocolo<\/strong> o in viaggio, dove pu\u00f2 perdersi. Bresser promette che le ottiche blu completamente rivestite riproducono bene le immagini. Ma questo dipende esclusivamente dalle vostre esigenze. Il<strong> La riproduzione delle immagini non \u00e8 ovviamente paragonabile a quella di binocoli di prezzo superiore.<\/strong> A 1.000 metri, con il campo visivo pi\u00f9 piccolo di 96 metri, si ha gi\u00e0 una visione a tunnel.<\/p>\n<h3>Qualit\u00e0 della lavorazione - accettabile per il prezzo<\/h3>\n<p>Il <strong>La lavorazione non \u00e8 comprensibilmente di alta qualit\u00e0<\/strong> come nei modelli pi\u00f9 costosi. Tuttavia, considerando il prezzo, \u00e8 ragionevole dire che non c'\u00e8 da aspettarselo. Se volete usare il binocolo pi\u00f9 spesso, prima o poi dovrete acquistare qualcos'altro. Immagini: programma partner amazon<\/p>\n<h3>Caratteristiche principali del binocolo Bresser Hunter 10\u00d725<\/h3>\n<ul>\n<li>Il binocolo tascabile Hunter in configurazione a tetto ha un ingrandimento di 10x.<\/li>\n<li>La grande rotella centrale permette una messa a fuoco rapida e il corpo del binocolo ha un'armatura in gomma.<\/li>\n<li>I prismi BK-7 e un diametro dell'obiettivo di 25 mm forniscono un campo visivo di 96 metri a 1000 metri di distanza e il fattore crepuscolare \u00e8 15,81.<\/li>\n<li>I paraocchi pieghevoli offrono un comfort visivo anche a chi porta gli occhiali e, grazie alle sue dimensioni compatte, entra in ogni tasca.<\/li>\n<li>Dimensioni: 112x108x33 mm \/ Peso: 203 g<\/li>\n<li>La fornitura comprende: binocolo; cinghia di trasporto; borsa; panno.<\/li>\n<\/ul>","protected":false},"excerpt":{"rendered":"<p>Con questo<strong> Ottica Bresser 10\u00d725 per il tempo libero<\/strong> siete attrezzati per un uso occasionale!<\/p>\n<p>Mini binocolo perfetto per <strong>Viaggi lunghi e per budget ridotti<\/strong> - anche se <strong>smarrito o rubato<\/strong> diventa.<\/p>","protected":false},"featured_media":17037,"comment_status":"open","ping_status":"closed","template":"","meta":{"inline_featured_image":false,"footnotes":""},"product_brand":[],"product_cat":[878],"product_tag":[913,911,910,912,914],"class_list":{"0":"post-17034","1":"product","2":"type-product","3":"status-publish","4":"has-post-thumbnail","6":"product_cat-diverse-fernglaeser","7":"product_tag-10x25-fernglas","8":"product_tag-bresser-10x25-fernglas","9":"product_tag-bresser-fernglas","10":"product_tag-bresser-taschenfernglas","11":"product_tag-mini-fernglas","12":"pa_brand-marke-bresser","13":"pa_produkt-typ-fernglas","15":"first","16":"instock","17":"sale","18":"taxable","19":"shipping-taxable","20":"product-type-external"},"bundled_by":[],"bundle_stock_status":"instock","bundle_stock_quantity":null,"bundle_virtual":false,"bundle_layout":"","bundle_add_to_cart_form_location":"","bundle_editable_in_cart":false,"bundle_sold_individually_context":"","bundle_item_grouping":"","bundle_min_size":"","bundle_max_size":"","bundle_price":[],"bundled_items":[],"bundle_sell_ids":[],"_links":{"self":[{"href":"https:\/\/ddoptics.shop\/it\/wp-json\/wp\/v2\/product\/17034","targetHints":{"allow":["GET"]}}],"collection":[{"href":"https:\/\/ddoptics.shop\/it\/wp-json\/wp\/v2\/product"}],"about":[{"href":"https:\/\/ddoptics.shop\/it\/wp-json\/wp\/v2\/types\/product"}],"replies":[{"embeddable":true,"href":"https:\/\/ddoptics.shop\/it\/wp-json\/wp\/v2\/comments?post=17034"}],"version-history":[{"count":3,"href":"https:\/\/ddoptics.shop\/it\/wp-json\/wp\/v2\/product\/17034\/revisions"}],"predecessor-version":[{"id":28561,"href":"https:\/\/ddoptics.shop\/it\/wp-json\/wp\/v2\/product\/17034\/revisions\/28561"}],"wp:featuredmedia":[{"embeddable":true,"href":"https:\/\/ddoptics.shop\/it\/wp-json\/wp\/v2\/media\/17037"}],"wp:attachment":[{"href":"https:\/\/ddoptics.shop\/it\/wp-json\/wp\/v2\/media?parent=17034"}],"wp:term":[{"taxonomy":"product_brand","embeddable":true,"href":"https:\/\/ddoptics.shop\/it\/wp-json\/wp\/v2\/product_brand?post=17034"},{"taxonomy":"product_cat","embeddable":true,"href":"https:\/\/ddoptics.shop\/it\/wp-json\/wp\/v2\/product_cat?post=17034"},{"taxonomy":"product_tag","embeddable":true,"href":"https:\/\/ddoptics.shop\/it\/wp-json\/wp\/v2\/product_tag?post=17034"}],"curies":[{"name":"wp","href":"https:\/\/api.w.org\/{rel}","templated":true}]}}