{"id":1781,"date":"2016-04-06T16:18:11","date_gmt":"2016-04-06T14:18:11","guid":{"rendered":"https:\/\/beta.optik-sport-shop.at\/kaufen\/ddoptics-fernglas-edx-85x50\/"},"modified":"2025-07-03T13:16:13","modified_gmt":"2025-07-03T11:16:13","slug":"binocolo-ddoptics-edx-8komma5x50","status":"publish","type":"product","link":"https:\/\/ddoptics.shop\/it\/kaufen\/ddoptics-fernglas-edx-8komma5x50\/","title":{"rendered":"Binocolo DDoptics EDX 8,5\u00d750"},"content":{"rendered":"<div class=\"row\"  id=\"row-1774307579\">\n\n\t<div id=\"col-859533205\" class=\"col medium-8 small-12 large-8\"  >\n\t\t\t\t<div class=\"col-inner\"  >\n\t\t\t\n\t\t\t\n<div>\n<h2>Binocolo DDoptics EDX 8,5\u00d750 | Binocolo di fascia alta - sorprendente leggerezza con immagini luminosissime<\/h2>\n<p><strong>Incredibile - <\/strong>un vero e proprio approfondimento <strong>In evidenza per i cacciatori a circa \u20ac 1.000<br \/>\n<\/strong><\/p>\n<p>Il pi\u00f9 luminoso <strong>Brillantezza <\/strong>al<strong> Resa cromatica<\/strong>, <strong>Massima risoluzione e grande contrasto<\/strong> collegato con <strong>campo visivo estremamente ampio insegnano alla concorrenza premium il modo pi\u00f9 duro.<\/strong><\/p>\n<p><strong>La nostra opinione:<\/strong> Il <strong>Il vetro \u00e8 un'incredibile follia dell'immagine<\/strong> - e - nel <strong>Nel complesso, un binocolo con un rapporto prezzo-prestazioni attualmente difficile da battere.<\/strong><\/p>\n<p>Il <strong>L'EDX 8,5\u00d750 offre al suo proprietario le massime prestazioni ottiche, l'alta qualit\u00e0, l'ergonomia e la robustezza.<\/strong> - e con il peso pi\u00f9 basso. La risoluzione \u00e8 di prim'ordine.<\/p>\n<p>La cosiddetta correzione appocromatica (APO) impedisce in modo affidabile le frange di colore nelle transizioni luce-buio nell'EDX 8,5\u00d750. Il <strong>Pupilla d'uscita di 5,88 mm<\/strong> \u00e8 ideale per l'uso al crepuscolo. Il modello da 50 mm <strong>Diametro della lente<\/strong> \u00e8 ideale per il crepuscolo - anche per <strong>Ulteriori osservazioni sulla natura<\/strong> con ingrandimento 8,5x.<\/p>\n<\/div>\n\t\t<\/div>\n\t\t\t\t\n<style>\n#col-859533205 > .col-inner {\n  margin: 0px 0px -30px 0px;\n}\n<\/style>\n\t<\/div>\n\n\t\n\n\t<div id=\"col-743256032\" class=\"col medium-4 small-12 large-4\"  >\n\t\t\t\t<div class=\"col-inner\"  >\n\t\t\t\n\t\t\t\n\t<div class=\"img has-hover x md-x lg-x y md-y lg-y\" id=\"image_132750926\">\n\t\t\t\t\t\t\t\t<div class=\"img-inner dark\" >\n\t\t\t\t\t\t\t\t\t\n\t\t\t\t\t<\/div>\n\t\t\t\t\t\t\t\t\n<style>\n#image_132750926 {\n  width: 100%;\n}\n<\/style>\n\t<\/div>\n\t\n\t<div class=\"img has-hover x md-x lg-x y md-y lg-y\" id=\"image_1245178593\">\n\t\t<a class=\"\" href=\"https:\/\/www.shop.ddoptics.de\/garantiebestimmungen\" target=\"_blank\" rel=\"noopener\">\t\t\t\t\t\t<div class=\"img-inner dark\" >\n\t\t\t<img decoding=\"async\" width=\"352\" height=\"160\" src=\"https:\/\/ddoptics.shop\/wp-content\/uploads\/2014\/09\/DDoptics-Garantie.jpg\" class=\"attachment-large size-large\" alt=\"Garanzia DDoptics\" srcset=\"https:\/\/ddoptics.shop\/wp-content\/uploads\/2014\/09\/DDoptics-Garantie.jpg 352w, https:\/\/ddoptics.shop\/wp-content\/uploads\/2014\/09\/DDoptics-Garantie-304x138.jpg 304w, https:\/\/ddoptics.shop\/wp-content\/uploads\/2014\/09\/DDoptics-Garantie-305x139.jpg 305w, https:\/\/ddoptics.shop\/wp-content\/uploads\/2014\/09\/DDoptics-Garantie-250x114.jpg 250w\" sizes=\"(max-width: 352px) 100vw, 352px\" title=\"\">\t\t\t\t\t\t\n\t\t\t\t\t<\/div>\n\t\t\t\t\t\t<\/a>\t\t\n<style>\n#image_1245178593 {\n  width: 100%;\n}\n<\/style>\n\t<\/div>\n\t\n<h3>Fatti del binocolo DDoptics EDX<\/h3>\n\n\t\t<div class=\"icon-box featured-box icon-box-left text-left\"  >\n\t\t\t\t\t<div class=\"icon-box-img\" style=\"width: 32px\">\n\t\t\t\t<div class=\"icon\">\n\t\t\t\t\t<div class=\"icon-inner\" >\n\t\t\t\t\t\t<img decoding=\"async\" width=\"100\" height=\"83\" src=\"https:\/\/ddoptics.shop\/wp-content\/uploads\/2021\/05\/DDoptics-SHG-Icon.jpg\" class=\"attachment-medium size-medium\" alt=\"Icona DDoptics SHG Binocolo\" title=\"\">\t\t\t\t\t<\/div>\n\t\t\t\t<\/div>\n\t\t\t<\/div>\n\t\t\t\t<div class=\"icon-box-text last-reset\">\n\t\t\t\t\t\t\t\t\t\n<p><span data-sheets-value=\"{&quot;1&quot;:2,&quot;2&quot;:&quot;\u2705&quot;}\" data-sheets-userformat=\"{&quot;2&quot;:15297,&quot;3&quot;:{&quot;1&quot;:0},&quot;9&quot;:0,&quot;10&quot;:2,&quot;11&quot;:0,&quot;12&quot;:0,&quot;14&quot;:{&quot;1&quot;:2,&quot;2&quot;:0},&quot;15&quot;:&quot;Calibri, sans-serif&quot;,&quot;16&quot;:11}\">\u2705 <strong>Immagini di elevata purezza e colori reali<\/strong><\/span><\/p>\n\t\t<\/div>\n\t<\/div>\n\t\n\t\n\n\t\t<div class=\"icon-box featured-box icon-box-left text-left\"  >\n\t\t\t\t\t<div class=\"icon-box-img\" style=\"width: 32px\">\n\t\t\t\t<div class=\"icon\">\n\t\t\t\t\t<div class=\"icon-inner\" >\n\t\t\t\t\t\t<img decoding=\"async\" width=\"100\" height=\"83\" src=\"https:\/\/ddoptics.shop\/wp-content\/uploads\/2021\/05\/DDoptics-SHG-Icon.jpg\" class=\"attachment-medium size-medium\" alt=\"Icona DDoptics SHG Binocolo\" title=\"\">\t\t\t\t\t<\/div>\n\t\t\t\t<\/div>\n\t\t\t<\/div>\n\t\t\t\t<div class=\"icon-box-text last-reset\">\n\t\t\t\t\t\t\t\t\t\n<p>\u2705 <span data-sheets-value=\"{&quot;1&quot;:2,&quot;2&quot;:&quot;\u2705&quot;}\" data-sheets-userformat=\"{&quot;2&quot;:15297,&quot;3&quot;:{&quot;1&quot;:0},&quot;9&quot;:0,&quot;10&quot;:2,&quot;11&quot;:0,&quot;12&quot;:0,&quot;14&quot;:{&quot;1&quot;:2,&quot;2&quot;:0},&quot;15&quot;:&quot;Calibri, sans-serif&quot;,&quot;16&quot;:11}\">Solo 868 grammi<\/span><\/p>\n\t\t<\/div>\n\t<\/div>\n\t\n\t\n\n\t\t<div class=\"icon-box featured-box icon-box-left text-left\"  >\n\t\t\t\t\t<div class=\"icon-box-img\" style=\"width: 32px\">\n\t\t\t\t<div class=\"icon\">\n\t\t\t\t\t<div class=\"icon-inner\" >\n\t\t\t\t\t\t<img decoding=\"async\" width=\"100\" height=\"83\" src=\"https:\/\/ddoptics.shop\/wp-content\/uploads\/2021\/05\/DDoptics-SHG-Icon.jpg\" class=\"attachment-medium size-medium\" alt=\"Icona DDoptics SHG Binocolo\" title=\"\">\t\t\t\t\t<\/div>\n\t\t\t\t<\/div>\n\t\t\t<\/div>\n\t\t\t\t<div class=\"icon-box-text last-reset\">\n\t\t\t\t\t\t\t\t\t\n<p>\u2705 <span data-sheets-value=\"{&quot;1&quot;:2,&quot;2&quot;:&quot;\u2705&quot;}\" data-sheets-userformat=\"{&quot;2&quot;:15297,&quot;3&quot;:{&quot;1&quot;:0},&quot;9&quot;:0,&quot;10&quot;:2,&quot;11&quot;:0,&quot;12&quot;:0,&quot;14&quot;:{&quot;1&quot;:2,&quot;2&quot;:0},&quot;15&quot;:&quot;Calibri, sans-serif&quot;,&quot;16&quot;:11}\">DDelucidazione della remunerazione<\/span><\/p>\n\t\t<\/div>\n\t<\/div>\n\t\n\t\n\n\t\t<div class=\"icon-box featured-box icon-box-left text-left\"  >\n\t\t\t\t\t<div class=\"icon-box-img\" style=\"width: 32px\">\n\t\t\t\t<div class=\"icon\">\n\t\t\t\t\t<div class=\"icon-inner\" >\n\t\t\t\t\t\t<img decoding=\"async\" width=\"100\" height=\"83\" src=\"https:\/\/ddoptics.shop\/wp-content\/uploads\/2021\/05\/DDoptics-SHG-Icon.jpg\" class=\"attachment-medium size-medium\" alt=\"Icona DDoptics SHG Binocolo\" title=\"\">\t\t\t\t\t<\/div>\n\t\t\t\t<\/div>\n\t\t\t<\/div>\n\t\t\t\t<div class=\"icon-box-text last-reset\">\n\t\t\t\t\t\t\t\t\t\n<p>\u2705 <span data-sheets-value=\"{&quot;1&quot;:2,&quot;2&quot;:&quot;\u2705&quot;}\" data-sheets-userformat=\"{&quot;2&quot;:15297,&quot;3&quot;:{&quot;1&quot;:0},&quot;9&quot;:0,&quot;10&quot;:2,&quot;11&quot;:0,&quot;12&quot;:0,&quot;14&quot;:{&quot;1&quot;:2,&quot;2&quot;:0},&quot;15&quot;:&quot;Calibri, sans-serif&quot;,&quot;16&quot;:11}\">Eccellente definizione dei bordi<\/span><\/p>\n\t\t<\/div>\n\t<\/div>\n\t\n\t\n\n\t\t<div class=\"icon-box featured-box icon-box-left text-left\"  >\n\t\t\t\t\t<div class=\"icon-box-img\" style=\"width: 32px\">\n\t\t\t\t<div class=\"icon\">\n\t\t\t\t\t<div class=\"icon-inner\" >\n\t\t\t\t\t\t<img decoding=\"async\" width=\"100\" height=\"83\" src=\"https:\/\/ddoptics.shop\/wp-content\/uploads\/2021\/05\/DDoptics-SHG-Icon.jpg\" class=\"attachment-medium size-medium\" alt=\"Icona DDoptics SHG Binocolo\" title=\"\">\t\t\t\t\t<\/div>\n\t\t\t\t<\/div>\n\t\t\t<\/div>\n\t\t\t\t<div class=\"icon-box-text last-reset\">\n\t\t\t\t\t\t\t\t\t\n<p>\u2705 <span data-sheets-value=\"{&quot;1&quot;:2,&quot;2&quot;:&quot;\u2705&quot;}\" data-sheets-userformat=\"{&quot;2&quot;:15297,&quot;3&quot;:{&quot;1&quot;:0},&quot;9&quot;:0,&quot;10&quot;:2,&quot;11&quot;:0,&quot;12&quot;:0,&quot;14&quot;:{&quot;1&quot;:2,&quot;2&quot;:0},&quot;15&quot;:&quot;Calibri, sans-serif&quot;,&quot;16&quot;:11}\">Prismi Schmidt-Pechan<\/span><\/p>\n\t\t<\/div>\n\t<\/div>\n\t\n\t\n\n\t\t<div class=\"icon-box featured-box icon-box-left text-left\"  >\n\t\t\t\t\t<div class=\"icon-box-img\" style=\"width: 32px\">\n\t\t\t\t<div class=\"icon\">\n\t\t\t\t\t<div class=\"icon-inner\" >\n\t\t\t\t\t\t<img decoding=\"async\" width=\"100\" height=\"83\" src=\"https:\/\/ddoptics.shop\/wp-content\/uploads\/2021\/05\/DDoptics-SHG-Icon.jpg\" class=\"attachment-medium size-medium\" alt=\"Icona DDoptics SHG Binocolo\" title=\"\">\t\t\t\t\t<\/div>\n\t\t\t\t<\/div>\n\t\t\t<\/div>\n\t\t\t\t<div class=\"icon-box-text last-reset\">\n\t\t\t\t\t\t\t\t\t\n<p>\u2705 <span data-sheets-value=\"{&quot;1&quot;:2,&quot;2&quot;:&quot;\u2705&quot;}\" data-sheets-userformat=\"{&quot;2&quot;:15297,&quot;3&quot;:{&quot;1&quot;:0},&quot;9&quot;:0,&quot;10&quot;:2,&quot;11&quot;:0,&quot;12&quot;:0,&quot;14&quot;:{&quot;1&quot;:2,&quot;2&quot;:0},&quot;15&quot;:&quot;Calibri, sans-serif&quot;,&quot;16&quot;:11}\">Messa a fuoco rapida<\/span><\/p>\n\t\t<\/div>\n\t<\/div>\n\t\n\t\n\t\t<\/div>\n\t\t\t\t\t<\/div>\n\n\t\n<\/div>\n<h3>Vetro ED nel DDoptics EDX 8,5\u00d750: visualizzazione brillante delle immagini e risoluzione nitida<\/h3>\n<p>Il <strong>sistema di prismi a tetto collaudato (Schmidt Pechan)<\/strong> in combinazione con un sistema completamente nuovo <strong>Tipi di vetro<\/strong> armonizza l'immagine e offre all'osservatore un'esperienza d'immagine assoluta. Il rivestimento a correzione di fase PHC140, sviluppato di recente per l'EDX, elimina il 99% di tutti gli effetti ottici indesiderati delle onde.<\/p>\n<p>Il risultato sono colori perfettamente coordinati e brillanti.<\/p>\n<h3>L'innovativo rivestimento delle lenti garantisce contorni nitidissimi nel binocolo 8,5\u00d750<\/h3>\n<p>Un'ulteriore garanzia \u00e8 rappresentata dalla <strong>Rivestimento speciale DDlucid<\/strong>. Entrambe le superfici del tetto del prisma a tetto Schmidt-Pechan sono state rivestite con questo rivestimento. Questo rivestimento, che proviene dall'industria fotografica giapponese, \u00e8 un ulteriore sviluppo del noto e collaudato rivestimento ELR (Extra Low Reflection). DDlucid \u00e8 quindi un <strong>dei rivestimenti binoculari pi\u00f9 efficaci e dei binocoli esclusivamente premium<\/strong> riservato.<\/p>\n<h3>Piccolo, leggero e affidabile: un compagno per la vita<\/h3>\n<p>Soprattutto quando si usa in montagna, sono richieste elevate esigenze di robustezza e leggerezza. Tutto \u00e8 semplice per l'EDX 8,5\u00d750. Grazie a materiali come alluminio magnesio e policarbonato, il vetro \u00e8 estremamente resistente agli impatti, assolutamente <strong>impermeabile e antiappannamento.<\/strong> L'armatura antiscivolo in gomma naturale garantisce un'elevata aderenza e resistenza allo scivolamento.<\/p>\n<p>Con solo <strong>L'intera gamma di messa a fuoco pu\u00f2 essere regolata con 1,5 giri.<\/strong>. Questo garantisce la massima rapidit\u00e0 nell'acquisizione dei dettagli.<\/p>\n<h3>DDoptics EDX 8,5\u00d750 - binocolo per portatori di occhiali - campo visivo completo<\/h3>\n<p>La regolazione diottrica per i portatori di occhiali si trova sull'oculare destro. <strong>Le 4 posizioni della griglia possono essere fissate saldamente.<\/strong> \u00c8 possibile una regolazione involontaria.<\/p>\n<h3>Uso consigliato DDoptics EDX 8.5\u00d750<\/h3>\n<p>Nitidezza costante fino ai margini dell'immagine e la <strong>L'ampio campo visivo di 102 metri offre agli appassionati di outdoor, agli escursionisti, agli ornitologi e ai cacciatori di montagna esperienze d'immagine di altissimo livello.<\/strong><\/p>","protected":false},"excerpt":{"rendered":"<p><img decoding=\"async\" class=\"alignnone wp-image-10471 size-full\" title=\"Caccia - caccia alla pelle\" src=\"https:\/\/ddoptics.shop\/wp-content\/uploads\/2016\/04\/Ansitz-Jagd.jpg\" alt=\"Caccia al cavalletto\" width=\"50\" height=\"50\" \/><img decoding=\"async\" class=\"alignnone wp-image-10166 size-full\" title=\"Caccia notturna\" src=\"https:\/\/ddoptics.shop\/wp-content\/uploads\/2016\/09\/Astronomie-klein.jpg\" alt=\"Binocolo per astronomia\" width=\"50\" height=\"50\" \/><br \/>\n\u00c8 nata una nuova stella crepuscolare. L'8,5x <strong>riferimento leggero di DDoptics con obiettivo da 50 mm con follia d'immagine.<\/strong><\/p>","protected":false},"featured_media":1785,"comment_status":"open","ping_status":"closed","template":"","meta":{"inline_featured_image":false,"footnotes":""},"product_brand":[],"product_cat":[363,350,329,67,345],"product_tag":[85,78,86,564,84],"class_list":{"0":"post-1781","1":"product","2":"type-product","3":"status-publish","4":"has-post-thumbnail","6":"product_cat-50-mm-objektiv","7":"product_cat-85x-vergroesserung","8":"product_cat-ddoptics","9":"product_cat-fernglas","10":"product_cat-jagd-und-wild","11":"product_tag-8-5x50","12":"product_tag-ddoptics","13":"product_tag-edx","14":"product_tag-fernglas-8-5x50","15":"product_tag-nachtfernglas","16":"product_shipping_class-paket","17":"pa_brand-marke-ddoptics","18":"pa_farbe-schwarz","19":"pa_produkt-typ-fernglas","21":"first","22":"instock","23":"sale","24":"taxable","25":"shipping-taxable","26":"purchasable","27":"product-type-simple"},"bundled_by":[],"bundle_stock_status":"instock","bundle_stock_quantity":49,"bundle_virtual":false,"bundle_layout":"","bundle_add_to_cart_form_location":"","bundle_editable_in_cart":false,"bundle_sold_individually_context":"","bundle_item_grouping":"","bundle_min_size":"","bundle_max_size":"","bundle_price":[],"bundled_items":[],"bundle_sell_ids":[],"_links":{"self":[{"href":"https:\/\/ddoptics.shop\/it\/wp-json\/wp\/v2\/product\/1781","targetHints":{"allow":["GET"]}}],"collection":[{"href":"https:\/\/ddoptics.shop\/it\/wp-json\/wp\/v2\/product"}],"about":[{"href":"https:\/\/ddoptics.shop\/it\/wp-json\/wp\/v2\/types\/product"}],"replies":[{"embeddable":true,"href":"https:\/\/ddoptics.shop\/it\/wp-json\/wp\/v2\/comments?post=1781"}],"version-history":[{"count":7,"href":"https:\/\/ddoptics.shop\/it\/wp-json\/wp\/v2\/product\/1781\/revisions"}],"predecessor-version":[{"id":28576,"href":"https:\/\/ddoptics.shop\/it\/wp-json\/wp\/v2\/product\/1781\/revisions\/28576"}],"wp:featuredmedia":[{"embeddable":true,"href":"https:\/\/ddoptics.shop\/it\/wp-json\/wp\/v2\/media\/1785"}],"wp:attachment":[{"href":"https:\/\/ddoptics.shop\/it\/wp-json\/wp\/v2\/media?parent=1781"}],"wp:term":[{"taxonomy":"product_brand","embeddable":true,"href":"https:\/\/ddoptics.shop\/it\/wp-json\/wp\/v2\/product_brand?post=1781"},{"taxonomy":"product_cat","embeddable":true,"href":"https:\/\/ddoptics.shop\/it\/wp-json\/wp\/v2\/product_cat?post=1781"},{"taxonomy":"product_tag","embeddable":true,"href":"https:\/\/ddoptics.shop\/it\/wp-json\/wp\/v2\/product_tag?post=1781"}],"curies":[{"name":"wp","href":"https:\/\/api.w.org\/{rel}","templated":true}]}}