{"id":1812,"date":"2016-04-07T13:28:18","date_gmt":"2016-04-07T11:28:18","guid":{"rendered":"https:\/\/beta.optik-sport-shop.at\/kaufen\/ziegler-suhler-einhakmontage-kontra\/"},"modified":"2025-11-04T14:07:20","modified_gmt":"2025-11-04T13:07:20","slug":"ziegler-suhler-montaggio-a-gancio-sem-contra","status":"publish","type":"product","link":"https:\/\/ddoptics.shop\/it\/kaufen\/ziegler-suhler-einhakmontage-sem-kontra\/","title":{"rendered":"Ziegler - Suhler montaggio a gancio singolo SEM come sistema di contrapposizione"},"content":{"rendered":"<div class=\"row\"  id=\"row-341547866\">\n\n\t<div id=\"col-1806362496\" class=\"col medium-8 small-12 large-8\"  >\n\t\t\t\t<div class=\"col-inner\"  >\n\t\t\t\n\t\t\t\n<h2>L'armatura a gancio singolo Suhl Kontra di Ziegler<\/h2>\n<p>Dopo esami e test approfonditi, questo eccezionale <a title=\"Assemblea Ziegler\" href=\"\/it\/acquista\/ziegler-suhler-montaggio-a-gancio-sem-contra\/\" target=\"_blank\" rel=\"noopener noreferrer\"><strong>Montaggio di Kontra Einhak da Ziegler<\/strong><\/a> in <strong>finitura brunita<\/strong> in negozio. Questa montatura offre un'opzione molto interessante per i cacciatori e i tiratori sportivi che desiderano montare l'arma da soli.<\/p>\n<p>Il <strong>Assemblea dei contraenti<\/strong> \u00e8 un <strong>Ziegler sviluppo aggiuntivo per armi standard con fori di montaggio standard<\/strong>. In questo modo \u00e8 possibile sfruttare tutti i vantaggi delle caratteristiche di punta della <strong>Gruppo di aggancio Suhl<\/strong> per il puro <strong>Montaggio su tubo centrale da 30 mm<\/strong> del cannocchiale.<\/p>\n<p>Kontra Montage \u00e8 probabilmente uno dei pi\u00f9 <strong>I migliori supporti per cannocchiale smontabili<\/strong> per tubi da 30 mm sul mercato. La loro eleganza e semplicit\u00e0 sono ancora ineguagliate.<\/p>\n<h3>Semplice auto-assemblaggio sul vostro fucile - il vostro vantaggio:<\/h3>\n<p>Come gi\u00e0 detto, con un po' di conoscenze tecniche \u00e8 possibile <strong>Per assemblare da soli questo gruppo di alta precisione sono necessarie abilit\u00e0 e sensibilit\u00e0.<\/strong><\/p>\n<p>Il bello \u00e8 che <strong>Varie ottiche di destinazione<\/strong> (sono necessari solo anelli di montaggio aggiuntivi) <strong>Montato sul fucile e sparato in<\/strong> essere realizzato. Dopo di che, <strong>a seconda del tipo di applicazione<\/strong>, solo il <strong>corrispondente ZF <\/strong><strong>scambiato<\/strong>. Le istruzioni di montaggio sono incluse nella fornitura.<\/p>\n\t<div class=\"img has-hover x md-x lg-x y md-y lg-y\" id=\"image_712166458\">\n\t\t\t\t\t\t\t\t<div class=\"img-inner dark\" >\n\t\t\t<img decoding=\"async\" width=\"1020\" height=\"268\" src=\"https:\/\/ddoptics.shop\/wp-content\/uploads\/2017\/03\/ZF-Montagen.jpg\" class=\"attachment-large size-large\" alt=\"Supporti ZF\" srcset=\"https:\/\/ddoptics.shop\/wp-content\/uploads\/2017\/03\/ZF-Montagen.jpg 1140w, https:\/\/ddoptics.shop\/wp-content\/uploads\/2017\/03\/ZF-Montagen-304x80.jpg 304w, https:\/\/ddoptics.shop\/wp-content\/uploads\/2017\/03\/ZF-Montagen-305x80.jpg 305w, https:\/\/ddoptics.shop\/wp-content\/uploads\/2017\/03\/ZF-Montagen-632x166.jpg 632w, https:\/\/ddoptics.shop\/wp-content\/uploads\/2017\/03\/ZF-Montagen-800x211.jpg 800w, https:\/\/ddoptics.shop\/wp-content\/uploads\/2017\/03\/ZF-Montagen-250x66.jpg 250w, https:\/\/ddoptics.shop\/wp-content\/uploads\/2017\/03\/ZF-Montagen-510x134.jpg 510w\" sizes=\"(max-width: 1020px) 100vw, 1020px\" title=\"\">\t\t\t\t\t\t\n\t\t\t\t\t<\/div>\n\t\t\t\t\t\t\t\t\n<style>\n#image_712166458 {\n  width: 100%;\n}\n<\/style>\n\t<\/div>\n\t\n\t\t<\/div>\n\t\t\t\t\n<style>\n#col-1806362496 > .col-inner {\n  margin: 0px 0px -30px 0px;\n}\n<\/style>\n\t<\/div>\n\n\t\n\n\t<div id=\"col-1315939961\" class=\"col medium-4 small-12 large-4\"  >\n\t\t\t\t<div class=\"col-inner\"  >\n\t\t\t\n\t\t\t\n\t<div class=\"img has-hover x md-x lg-x y md-y lg-y\" id=\"image_1648235659\">\n\t\t\t\t\t\t\t\t<div class=\"img-inner dark\" >\n\t\t\t\t\t\t\t\t\t\n\t\t\t\t\t<\/div>\n\t\t\t\t\t\t\t\t\n<style>\n#image_1648235659 {\n  width: 100%;\n}\n<\/style>\n\t<\/div>\n\t\n\t<div class=\"img has-hover x md-x lg-x y md-y lg-y\" id=\"image_1967024071\">\n\t\t\t\t\t\t\t\t<div class=\"img-inner dark\" >\n\t\t\t<img decoding=\"async\" width=\"295\" height=\"200\" src=\"https:\/\/ddoptics.shop\/wp-content\/uploads\/2016\/04\/Ziegler.png\" class=\"attachment-large size-large\" alt=\"Montaggio Ziegler Contra\" srcset=\"https:\/\/ddoptics.shop\/wp-content\/uploads\/2016\/04\/Ziegler.png 295w, https:\/\/ddoptics.shop\/wp-content\/uploads\/2016\/04\/Ziegler-18x12.png 18w\" sizes=\"(max-width: 295px) 100vw, 295px\" title=\"\">\t\t\t\t\t\t\n\t\t\t\t\t<\/div>\n\t\t\t\t\t\t\t\t\n<style>\n#image_1967024071 {\n  width: 100%;\n}\n<\/style>\n\t<\/div>\n\t\n\t<div id=\"text-103695666\" class=\"text\">\n\t\t\n<p>\u21d2 assoluto <strong>Montaggio senza stress<\/strong><br \/>\n<strong>\u21d2 Ripetibilit\u00e0 assoluta<\/strong><br \/>\n\u21d2 Pronto per l'installazione senza lavori di montaggio<br \/>\n<strong>\u21d2 Estremamente antiproiettile<\/strong><br \/>\n\u21d2 Istruzioni di montaggio in dotazione<br \/>\n\u21d2 visivamente molto<strong> elegante<\/strong><br \/>\n<strong>\u21d2 Autoassemblaggio<\/strong> possibile<br \/>\n\u21d2 \u00c8 possibile collegare diversi ZF<br \/>\n\t\t\n<style>\n#text-103695666 {\n  text-align: center;\n}\n<\/style>\n\t<\/div>\n\t\n<div class=\"text-center\"><div class=\"is-divider divider clearfix\" ><\/div><\/div>\n\t\t<\/div>\n\t\t\t\t\t<\/div>\n\n\t\n<\/div>\n<div class=\"is-divider divider clearfix\" ><\/div>\n<h3>Cosa c'\u00e8 di speciale nell'assemblaggio di Ziegler Kontra<\/h3>\n<p>Il principio dell'assemblaggio a gancio singolo Kontra \u00e8 <strong>un gruppo Suhl \u201cinvertito\u201d a gancio singolo<\/strong>. Quando si aggancia lo ZF, si aggancia prima il piede posteriore e poi si blocca quello anteriore.<\/p>\n<p>Il blocco di bloccaggio si trova sul ponte anteriore del manicotto. <strong>Questo tipo di montaggio consente di fissare gli anelli al tubo centrale del cannocchiale da 30 mm.<\/strong><\/p>\n<p>\u00c8 particolarmente adatto come <strong>Supporto smontabile e attraente per cannocchiali da puntamento su fucili bolt action - o come soluzione elegante su fucili a canna spezzata<\/strong>, se non si desidera il montaggio con un anello di grandi dimensioni sull'obiettivo e non \u00e8 necessario un lavoro di montaggio sul barilotto.<\/p>\n<p>Caratteristica principale: Zielger ha eliminato completamente gli svantaggi funzionali del tradizionale gruppo a gancio singolo Suhl (SEM).<\/p>\n<h3>Storia dello sviluppo - Contesto<\/h3>\n<p>Ziegler sviluppa e costruisce fornitori da anni. <a title=\"Supporti per cannocchiali da puntamento\" href=\"\/it\/conoscenza-dellambiente-esterno\/assemblaggi-zf\/\" target=\"_blank\" rel=\"noopener noreferrer\"><strong>Supporti ZF<\/strong><\/a> per i suoi partner. Analizzando la complessa interazione tra arma da caccia, montatura e cannocchiale, Ziegler ha acquisito nuove conoscenze. Questo ha reso possibile un nuovo sviluppo speciale: il<strong> Montaggio a gancio singolo Suhler ZP<\/strong>.<\/p>\n<p>Dall'esterno, il nuovo <strong>Montaggio simile a quello del classico gancio singolo Suhl<\/strong>. Era proprio questa l'intenzione alla base dello sviluppo di questo gruppo. Un design modificato ha reso il gruppo pi\u00f9 rigido, privo di tensioni, finalmente stabile a lungo termine e facile da installare.<\/p>\n<p>\u201eFare in modo che l'assemblaggio assomigli a un assemblaggio a gancio singolo \u00e8 stata una delle fasi pi\u00f9 difficili del processo di sviluppo\u201c, ha dichiarato <strong>Sig. Gerhard Ziegler<\/strong>.<\/p>\n<h3>Storia e contesto dell'assemblea di aggancio di Suhl<\/h3>\n<p>Il classico gruppo a gancio singolo ha ormai circa 100 anni. \u00c8 stato <strong>per lenti leggere e calibri standard<\/strong> pensiero. La produzione di un SEM era - e lo \u00e8 ancora oggi - associata a un lungo e costoso lavoro di montaggio per l'armaiolo e il cliente.<\/p>\n<p>Anche la durata della montatura era un problema. Con l'avvento di calibri moderni e sempre pi\u00f9 robusti (e di obiettivi sempre pi\u00f9 pesanti) 30 anni fa, l'avanzata trionfale della montatura <strong>Montaggio girevole<\/strong>. Questo potrebbe essere prefabbricato industrialmente. La conseguenza per SEM \u00e8 stata l'interruzione del lavoro di sviluppo del gruppo a gancio singolo.<\/p>\n<h3>Tecnologia precisa per un tiro accurato<\/h3>\n<p>Ancora <strong>Processi di produzione pi\u00f9 moderni<\/strong>, Nuovi materiali e metodi di prova ci permettono oggi di trovare soluzioni migliori, anche per il montaggio. Dopo due anni di lavoro di sviluppo, Ziegler \u00e8 riuscita a portare il collaudato assemblaggio a gancio singolo Suhl nel 21\u00b0 secolo, con nuove prestazioni al top.<\/p>\n<p>Con la competenza e l'esperienza di un'azienda high-tech, Ziegler colma il divario tra il settore della tecnologia e quello dell'industria. <strong>L'estetica dell'artigianato tradizionale nella costruzione di armi da fuoco e la precisione dei moderni metodi di produzione<\/strong>.<\/p>","protected":false},"excerpt":{"rendered":"<p><span style=\"color: #ed1c24;\"><strong>Attenzione: si prega di inviare una richiesta via e-mail prima di ordinare! I tempi di consegna a causa della variet\u00e0 sono soggetti a continue fluttuazioni.<\/strong><\/span><\/p>\n<p>Alla SEM Contra\u00a0<a title=\"Istruzioni di montaggio Montaggio di Contra\" href=\"https:\/\/ddoptics.shop\/wp-content\/uploads\/2019\/05\/Ziegler-Kontra-Montageanleitung.pdf\" target=\"_blank\" rel=\"noopener noreferrer\">Istruzioni di montaggio online in formato pdf<\/a><\/p>\n<p>Ridefinizione di un classico perfetto<strong> priva di tutti i punti deboli del SEM tradizionale<\/strong>. Super leggero e di alta qualit\u00e0 - Ingegnerizzato in Germania!<\/p>","protected":false},"featured_media":1857,"comment_status":"open","ping_status":"closed","template":"","meta":{"inline_featured_image":false,"footnotes":""},"product_brand":[],"product_cat":[70],"product_tag":[137,138,139,140,136],"class_list":{"0":"post-1812","1":"product","2":"type-product","3":"status-publish","4":"has-post-thumbnail","6":"product_cat-zielfernrohr-montage","7":"product_tag-einhakmontage","8":"product_tag-kontra-montage","9":"product_tag-sem","10":"product_tag-suhler-montage","11":"product_tag-zielgler-montage","12":"product_shipping_class-paket","13":"pa_brand-marke-ziegler-praezisionsteile-gmbh","14":"pa_farbe-schwarz","15":"pa_produkt-typ-zielfernrohr-montage","17":"first","18":"instock","19":"taxable","20":"shipping-taxable","21":"purchasable","22":"product-type-variable"},"bundled_by":[],"bundle_stock_status":"instock","bundle_stock_quantity":null,"bundle_virtual":false,"bundle_layout":"","bundle_add_to_cart_form_location":"","bundle_editable_in_cart":false,"bundle_sold_individually_context":"","bundle_item_grouping":"","bundle_min_size":"","bundle_max_size":"","bundle_price":[],"bundled_items":[],"bundle_sell_ids":[],"_links":{"self":[{"href":"https:\/\/ddoptics.shop\/it\/wp-json\/wp\/v2\/product\/1812","targetHints":{"allow":["GET"]}}],"collection":[{"href":"https:\/\/ddoptics.shop\/it\/wp-json\/wp\/v2\/product"}],"about":[{"href":"https:\/\/ddoptics.shop\/it\/wp-json\/wp\/v2\/types\/product"}],"replies":[{"embeddable":true,"href":"https:\/\/ddoptics.shop\/it\/wp-json\/wp\/v2\/comments?post=1812"}],"version-history":[{"count":12,"href":"https:\/\/ddoptics.shop\/it\/wp-json\/wp\/v2\/product\/1812\/revisions"}],"predecessor-version":[{"id":29315,"href":"https:\/\/ddoptics.shop\/it\/wp-json\/wp\/v2\/product\/1812\/revisions\/29315"}],"wp:featuredmedia":[{"embeddable":true,"href":"https:\/\/ddoptics.shop\/it\/wp-json\/wp\/v2\/media\/1857"}],"wp:attachment":[{"href":"https:\/\/ddoptics.shop\/it\/wp-json\/wp\/v2\/media?parent=1812"}],"wp:term":[{"taxonomy":"product_brand","embeddable":true,"href":"https:\/\/ddoptics.shop\/it\/wp-json\/wp\/v2\/product_brand?post=1812"},{"taxonomy":"product_cat","embeddable":true,"href":"https:\/\/ddoptics.shop\/it\/wp-json\/wp\/v2\/product_cat?post=1812"},{"taxonomy":"product_tag","embeddable":true,"href":"https:\/\/ddoptics.shop\/it\/wp-json\/wp\/v2\/product_tag?post=1812"}],"curies":[{"name":"wp","href":"https:\/\/api.w.org\/{rel}","templated":true}]}}