{"id":1877,"date":"2016-04-12T12:05:48","date_gmt":"2016-04-12T10:05:48","guid":{"rendered":"https:\/\/beta.optik-sport-shop.at\/kaufen\/fernglas-ddoptics-edx-8x30-fieldstar\/"},"modified":"2025-10-06T13:33:39","modified_gmt":"2025-10-06T11:33:39","slug":"binocolo-ddoptics-edx-8x30-fieldstar","status":"publish","type":"product","link":"https:\/\/ddoptics.shop\/it\/kaufen\/ddoptics-fernglas-edx-8x30-fieldstar\/","title":{"rendered":"DDoptics binocolo EDX 8\u00d730 Fieldstar"},"content":{"rendered":"<div class=\"row\"  id=\"row-1024188221\">\n\n\t<div id=\"col-1566088473\" class=\"col medium-8 small-12 large-8\"  >\n\t\t\t\t<div class=\"col-inner\"  >\n\t\t\t\n\t\t\t\n<h2>DDoptics binocolo EDX 8\u00d730 Fieldstar | meravigliosa ottica di punta ad un ottimo prezzo<\/h2>\n<p>Oltre al <strong>peso ridotto<\/strong> l'osservatore scopre con questo <strong>binocolo<\/strong> colori e immagini brillanti perfettamente coordinate.<\/p>\n<p>Per questo sul <strong>Sistema di prismi a tetto collaudato e testato<\/strong>\u00a0(Schmidt Pechan) sono binocoli <strong>Tipi di vetro completamente nuovi<\/strong> \u00e8 stato utilizzato.<\/p>\n<p>Risultato: questo innovativo vetro ED (extra low dispersion) riduce le frange di colore in modo ancora migliore rispetto ai vetri ED utilizzati in precedenza. L'obiettivo utilizzato per il<strong> EDX 8\u00d730<\/strong> Rivestimento a correzione di fase PHC140 di nuova concezione <strong>Impedisce il 99% di tutti gli effetti ottici indesiderati delle onde<\/strong> e quindi impedisce anche la pi\u00f9 piccola sfocatura.<\/p>\n<h3>Comoda gestione del binocolo 8\u00d730<\/h3>\n<p>Grazie al <strong>peso ridotto<\/strong> Grazie alle sue dimensioni ridotte, questo binocolo trova posto in qualsiasi zaino e non intralcia nemmeno i viaggi pi\u00f9 lunghi. La diottra per la messa a fuoco si trova sull'oculare destro.<\/p>\n<p>Gli errori di funzionamento sono esclusi grazie alla semplicit\u00e0 di questo progetto. <strong>Portatore di occhiali<\/strong> gli oculari possono essere comodamente regolati in modo che una <strong>Distanza interpupillare perfetta<\/strong> e una perdita dell'ampio <strong>Campo visivo (150,5 m)<\/strong> si evita. Le posizioni della griglia possono essere fissate saldamente. La regolazione involontaria \u00e8 impossibile grazie al meccanismo chiaramente definito.<\/p>\n\t\t<\/div>\n\t\t\t\t\n<style>\n#col-1566088473 > .col-inner {\n  margin: 0px 0px -30px 0px;\n}\n<\/style>\n\t<\/div>\n\n\t\n\n\t<div id=\"col-1014182196\" class=\"col medium-4 small-12 large-4\"  >\n\t\t\t\t<div class=\"col-inner\"  >\n\t\t\t\n\t\t\t\n\t<div class=\"img has-hover x md-x lg-x y md-y lg-y\" id=\"image_1101668574\">\n\t\t\t\t\t\t\t\t<div class=\"img-inner dark\" >\n\t\t\t\t\t\t\t\t\t\n\t\t\t\t\t<\/div>\n\t\t\t\t\t\t\t\t\n<style>\n#image_1101668574 {\n  width: 100%;\n}\n<\/style>\n\t<\/div>\n\t\n\t<div class=\"img has-hover x md-x lg-x y md-y lg-y\" id=\"image_1885662349\">\n\t\t<a class=\"\" href=\"https:\/\/www.shop.ddoptics.de\/garantiebestimmungen\" target=\"_blank\" rel=\"noopener\">\t\t\t\t\t\t<div class=\"img-inner dark\" >\n\t\t\t<img decoding=\"async\" width=\"352\" height=\"160\" src=\"https:\/\/ddoptics.shop\/wp-content\/uploads\/2014\/09\/DDoptics-Garantie.jpg\" class=\"attachment-large size-large\" alt=\"Garanzia DDoptics\" srcset=\"https:\/\/ddoptics.shop\/wp-content\/uploads\/2014\/09\/DDoptics-Garantie.jpg 352w, https:\/\/ddoptics.shop\/wp-content\/uploads\/2014\/09\/DDoptics-Garantie-304x138.jpg 304w, https:\/\/ddoptics.shop\/wp-content\/uploads\/2014\/09\/DDoptics-Garantie-305x139.jpg 305w, https:\/\/ddoptics.shop\/wp-content\/uploads\/2014\/09\/DDoptics-Garantie-250x114.jpg 250w\" sizes=\"(max-width: 352px) 100vw, 352px\" title=\"\">\t\t\t\t\t\t\n\t\t\t\t\t<\/div>\n\t\t\t\t\t\t<\/a>\t\t\n<style>\n#image_1885662349 {\n  width: 100%;\n}\n<\/style>\n\t<\/div>\n\t\n<h3>Fatti del binocolo DDoptics EDX<\/h3>\n\n\t\t<div class=\"icon-box featured-box icon-box-left text-left\"  >\n\t\t\t\t\t<div class=\"icon-box-img\" style=\"width: 32px\">\n\t\t\t\t<div class=\"icon\">\n\t\t\t\t\t<div class=\"icon-inner\" >\n\t\t\t\t\t\t<img decoding=\"async\" width=\"100\" height=\"83\" src=\"https:\/\/ddoptics.shop\/wp-content\/uploads\/2021\/05\/DDoptics-SHG-Icon.jpg\" class=\"attachment-medium size-medium\" alt=\"Icona DDoptics SHG Binocolo\" title=\"\">\t\t\t\t\t<\/div>\n\t\t\t\t<\/div>\n\t\t\t<\/div>\n\t\t\t\t<div class=\"icon-box-text last-reset\">\n\t\t\t\t\t\t\t\t\t\n<p>\u2705 unerreichtes 150,5 m Sehfeld<\/p>\n\t\t<\/div>\n\t<\/div>\n\t\n\t\n\n\t\t<div class=\"icon-box featured-box icon-box-left text-left\"  >\n\t\t\t\t\t<div class=\"icon-box-img\" style=\"width: 32px\">\n\t\t\t\t<div class=\"icon\">\n\t\t\t\t\t<div class=\"icon-inner\" >\n\t\t\t\t\t\t<img decoding=\"async\" width=\"100\" height=\"83\" src=\"https:\/\/ddoptics.shop\/wp-content\/uploads\/2021\/05\/DDoptics-SHG-Icon.jpg\" class=\"attachment-medium size-medium\" alt=\"Icona DDoptics SHG Binocolo\" title=\"\">\t\t\t\t\t<\/div>\n\t\t\t\t<\/div>\n\t\t\t<\/div>\n\t\t\t\t<div class=\"icon-box-text last-reset\">\n\t\t\t\t\t\t\t\t\t\n<p>\u2705 DDlucida retribuzione<\/p>\n\t\t<\/div>\n\t<\/div>\n\t\n\t\n\n\t\t<div class=\"icon-box featured-box icon-box-left text-left\"  >\n\t\t\t\t\t<div class=\"icon-box-img\" style=\"width: 32px\">\n\t\t\t\t<div class=\"icon\">\n\t\t\t\t\t<div class=\"icon-inner\" >\n\t\t\t\t\t\t<img decoding=\"async\" width=\"100\" height=\"83\" src=\"https:\/\/ddoptics.shop\/wp-content\/uploads\/2021\/05\/DDoptics-SHG-Icon.jpg\" class=\"attachment-medium size-medium\" alt=\"Icona DDoptics SHG Binocolo\" title=\"\">\t\t\t\t\t<\/div>\n\t\t\t\t<\/div>\n\t\t\t<\/div>\n\t\t\t\t<div class=\"icon-box-text last-reset\">\n\t\t\t\t\t\t\t\t\t\n<p>Specchio dielettrico<\/p>\n\t\t<\/div>\n\t<\/div>\n\t\n\t\n\n\t\t<div class=\"icon-box featured-box icon-box-left text-left\"  >\n\t\t\t\t\t<div class=\"icon-box-img\" style=\"width: 32px\">\n\t\t\t\t<div class=\"icon\">\n\t\t\t\t\t<div class=\"icon-inner\" >\n\t\t\t\t\t\t<img decoding=\"async\" width=\"100\" height=\"83\" src=\"https:\/\/ddoptics.shop\/wp-content\/uploads\/2021\/05\/DDoptics-SHG-Icon.jpg\" class=\"attachment-medium size-medium\" alt=\"Icona DDoptics SHG Binocolo\" title=\"\">\t\t\t\t\t<\/div>\n\t\t\t\t<\/div>\n\t\t\t<\/div>\n\t\t\t\t<div class=\"icon-box-text last-reset\">\n\t\t\t\t\t\t\t\t\t\n<p>ED Apocromatico<\/p>\n\t\t<\/div>\n\t<\/div>\n\t\n\t\n\n\t\t<div class=\"icon-box featured-box icon-box-left text-left\"  >\n\t\t\t\t\t<div class=\"icon-box-img\" style=\"width: 32px\">\n\t\t\t\t<div class=\"icon\">\n\t\t\t\t\t<div class=\"icon-inner\" >\n\t\t\t\t\t\t<img decoding=\"async\" width=\"100\" height=\"83\" src=\"https:\/\/ddoptics.shop\/wp-content\/uploads\/2021\/05\/DDoptics-SHG-Icon.jpg\" class=\"attachment-medium size-medium\" alt=\"Icona DDoptics SHG Binocolo\" title=\"\">\t\t\t\t\t<\/div>\n\t\t\t\t<\/div>\n\t\t\t<\/div>\n\t\t\t\t<div class=\"icon-box-text last-reset\">\n\t\t\t\t\t\t\t\t\t\n<p>Solo 460 g<\/p>\n\t\t<\/div>\n\t<\/div>\n\t\n\t\n\n\t\t<div class=\"icon-box featured-box icon-box-left text-left\"  >\n\t\t\t\t\t<div class=\"icon-box-img\" style=\"width: 32px\">\n\t\t\t\t<div class=\"icon\">\n\t\t\t\t\t<div class=\"icon-inner\" >\n\t\t\t\t\t\t<img decoding=\"async\" width=\"100\" height=\"83\" src=\"https:\/\/ddoptics.shop\/wp-content\/uploads\/2021\/05\/DDoptics-SHG-Icon.jpg\" class=\"attachment-medium size-medium\" alt=\"Icona DDoptics SHG Binocolo\" title=\"\">\t\t\t\t\t<\/div>\n\t\t\t\t<\/div>\n\t\t\t<\/div>\n\t\t\t\t<div class=\"icon-box-text last-reset\">\n\t\t\t\t\t\t\t\t\t\n<p>\u2705 Nitidezza a partire da 1,2 m<\/p>\n\t\t<\/div>\n\t<\/div>\n\t\n\t\n<div class=\"is-divider divider clearfix\" ><\/div>\n\t\t<\/div>\n\t\t\t\t\t<\/div>\n\n\t\n<\/div>\n<h3 class=\"product-title product_title entry-title\">DDoptics EDX 8\u00d730 L'innovativo rivestimento garantisce contorni nitidissimi<\/h3>\n<p>Al <strong>EDX 8\u00d730<\/strong> l'immagine ottica sar\u00e0 creata secondo l'attuale stato dell'arte in materia di\u00a0<strong>risoluzione massima<\/strong> dettagliati e senza sfocature ai bordi. Questo \u00e8 garantito dalla <strong>Rivestimento speciale DDlucid<\/strong>, con cui sono dotate le due superfici del tetto del prisma a tetto Schmidt-Pechan.<\/p>\n<p>Questi dal <strong>remunerazione proveniente dall'industria fotografica giapponese<\/strong> \u00e8 un ulteriore sviluppo del noto e collaudato rivestimento ELR (Extra Low Reflection). Il DDlucid \u00e8 uno dei rivestimenti pi\u00f9 efficaci per i binocoli. Attualmente, solo i binocoli di qualit\u00e0 superiore dispongono di rivestimenti altrettanto avanzati.<\/p>\n<h3>Leggero binocolo 8x a tutto tondo con un enorme campo visivo<\/h3>\n<p>Con questa lente, DDoptics ha posto particolare enfasi su una <strong>Ampio campo visivo<\/strong> posato. Il risultato di questo sviluppo \u00e8 un <strong>incredibile campo visivo di 150,5<\/strong> m con ingrandimento 8x. Ci\u00f2 consente all'utente di osservare oggetti a una distanza di 1.000 metri e con un colpo d'occhio in uno spazio pari a circa una volta e mezza la lunghezza di un campo da calcio.<\/p>\n<p>Si tratta di un risultato record per un binocolo della categoria 8\u00d730. Va sottolineato che, nonostante la <strong>ampio campo visivo, quasi nessuna distorsione rilevabile<\/strong> e l'immagine \u00e8 nitida fino ai bordi.<\/p>\n<h3>Binocolo EDX 8\u00d730 - Robusto e tecnicamente perfetto<\/h3>\n<p><strong>Alpinisti e appassionati di outdoor<\/strong> l\u201e\u201cEDX Fieldstar 8\u00d730\" offre un'esperienza naturalistica particolare, e non solo per il suo campo visivo estremamente ampio. I prismi sono dotati di uno specchio dielettrico che conferisce al binocolo una qualit\u00e0 speciale. <strong>Trasmissione totale fino a oltre 91,7%<\/strong> \u00e8 possibile. La luce diffusa viene efficacemente ridotta da uno speciale rivestimento all'interno del binocolo. <strong>Binocoli esclusivamente premium<\/strong> attualmente hanno sistemi di remunerazione cos\u00ec sviluppati.<\/p>\n<p>Il <strong>Alloggiamento binoculare<\/strong> \u00e8 costituito da una lega di alluminio, combinata con <strong>carbonati ed \u00e8 ricoperto da un'armatura di gomma.<\/strong> rivestito. Questo non solo garantisce la durata, ma anche <strong>una resistenza alla presa e allo scivolamento significativamente pi\u00f9 elevata.<\/strong> L'indistruttibile lega metallica delle conchiglie oculari regolabili garantisce una durata senza usura e protegge in modo ottimale gli oculari. Come tutti i binocoli DDoptics, l'EDX 8\u00d730 \u00e8 ovviamente completamente impermeabile e privo di nebbia.<\/p>","protected":false},"excerpt":{"rendered":"<p><img decoding=\"async\" class=\"alignnone wp-image-10180 size-full\" title=\"Escursioni\" src=\"https:\/\/ddoptics.shop\/wp-content\/uploads\/2016\/04\/Bergwandern-klein.jpg\" alt=\"Binocolo per escursioni in montagna\" width=\"50\" height=\"50\" \/><img decoding=\"async\" class=\"alignnone wp-image-10178 size-full\" title=\"Osservazione degli animali caccia in montagna\" src=\"https:\/\/ddoptics.shop\/wp-content\/uploads\/2016\/04\/Gebirgsjagd-klein.jpg\" alt=\"Binocolo da caccia di montagna\" width=\"50\" height=\"50\" \/><img decoding=\"async\" class=\"alignnone wp-image-10170 size-full\" title=\"Osservazione degli uccelli\" src=\"https:\/\/ddoptics.shop\/wp-content\/uploads\/2016\/09\/Ornitologie-klein.jpg\" alt=\"Osservazione degli uccelli\" width=\"50\" height=\"50\" \/><br \/>\nNasce una nuova stella! L'8 volte <strong>Riferimento leggero con follia di immagini<\/strong>.<\/p>","protected":false},"featured_media":1880,"comment_status":"open","ping_status":"closed","template":"","meta":{"inline_featured_image":false,"footnotes":""},"product_brand":[],"product_cat":[359,349,329,67,345,346],"product_tag":[90,152,561,78,86],"class_list":{"0":"post-1877","1":"product","2":"type-product","3":"status-publish","4":"has-post-thumbnail","6":"product_cat-30-mm-objektiv","7":"product_cat-8x-vergroesserung","8":"product_cat-ddoptics","9":"product_cat-fernglas","10":"product_cat-jagd-und-wild","11":"product_cat-wandern-und-reisen","12":"product_tag-8-fach-vergroesserung","13":"product_tag-8x30","14":"product_tag-8x30-fernglas","15":"product_tag-ddoptics","16":"product_tag-edx","17":"product_shipping_class-paket","18":"pa_brand-marke-ddoptics","19":"pa_farbe-schwarz","20":"pa_produkt-typ-fernglas","22":"first","23":"instock","24":"sale","25":"taxable","26":"shipping-taxable","27":"purchasable","28":"product-type-simple"},"bundled_by":[],"bundle_stock_status":"instock","bundle_stock_quantity":null,"bundle_virtual":false,"bundle_layout":"","bundle_add_to_cart_form_location":"","bundle_editable_in_cart":false,"bundle_sold_individually_context":"","bundle_item_grouping":"","bundle_min_size":"","bundle_max_size":"","bundle_price":[],"bundled_items":[],"bundle_sell_ids":[],"_links":{"self":[{"href":"https:\/\/ddoptics.shop\/it\/wp-json\/wp\/v2\/product\/1877","targetHints":{"allow":["GET"]}}],"collection":[{"href":"https:\/\/ddoptics.shop\/it\/wp-json\/wp\/v2\/product"}],"about":[{"href":"https:\/\/ddoptics.shop\/it\/wp-json\/wp\/v2\/types\/product"}],"replies":[{"embeddable":true,"href":"https:\/\/ddoptics.shop\/it\/wp-json\/wp\/v2\/comments?post=1877"}],"version-history":[{"count":6,"href":"https:\/\/ddoptics.shop\/it\/wp-json\/wp\/v2\/product\/1877\/revisions"}],"predecessor-version":[{"id":29188,"href":"https:\/\/ddoptics.shop\/it\/wp-json\/wp\/v2\/product\/1877\/revisions\/29188"}],"wp:featuredmedia":[{"embeddable":true,"href":"https:\/\/ddoptics.shop\/it\/wp-json\/wp\/v2\/media\/1880"}],"wp:attachment":[{"href":"https:\/\/ddoptics.shop\/it\/wp-json\/wp\/v2\/media?parent=1877"}],"wp:term":[{"taxonomy":"product_brand","embeddable":true,"href":"https:\/\/ddoptics.shop\/it\/wp-json\/wp\/v2\/product_brand?post=1877"},{"taxonomy":"product_cat","embeddable":true,"href":"https:\/\/ddoptics.shop\/it\/wp-json\/wp\/v2\/product_cat?post=1877"},{"taxonomy":"product_tag","embeddable":true,"href":"https:\/\/ddoptics.shop\/it\/wp-json\/wp\/v2\/product_tag?post=1877"}],"curies":[{"name":"wp","href":"https:\/\/api.w.org\/{rel}","templated":true}]}}