{"id":18770,"date":"2019-10-25T10:32:23","date_gmt":"2019-10-25T08:32:23","guid":{"rendered":"https:\/\/ddoptics.shop\/?post_type=product&#038;p=18770"},"modified":"2025-10-03T14:10:30","modified_gmt":"2025-10-03T12:10:30","slug":"cannocchiale-da-puntamento-ddoptics-v6-2komma5-15x50-n-fx-mrad","status":"publish","type":"product","link":"https:\/\/ddoptics.shop\/it\/kaufen\/zielfernrohr-ddoptics-v6-2komma5-15x50-n-fx-mrad\/","title":{"rendered":"Cannocchiale da puntamento 2,5-15\u00d750 NFX di DDoptics | V6 | A4N | MRAD regolazione - Gen 3"},"content":{"rendered":"<div class=\"container section-title-container\" ><h3 class=\"section-title section-title-normal\"><b aria-hidden=\"true\"><\/b><span class=\"section-title-main\" ><i class=\"icon-cross\" aria-hidden=\"true\"><\/i>Breve panoramica del cannocchiale da puntamento 2,5-15x50 NFX di DDoptics<\/span><b aria-hidden=\"true\"><\/b><\/h3><\/div>\n<table style=\"background-color: #cacaca; width: 100%;\">\n<tbody>\n<tr style=\"height: 24px;\">\n<td style=\"height: 24px; width: 20%;\"><strong>Tubo<\/strong><\/td>\n<td style=\"height: 24px; width: 30%;\">Tubo mono da 30 mm<\/td>\n<td style=\"height: 24px; width: 20%;\"><strong>Campo visivo: m @100m<\/strong><\/td>\n<td style=\"height: 24px; width: 30%;\">15 - 2,5 m<\/td>\n<\/tr>\n<tr style=\"height: 24px;\">\n<td style=\"height: 24px; width: 20%;\"><strong>Sistema ottico<\/strong><\/td>\n<td style=\"height: 24px; width: 30%;\">\u00a02,5-15 volte<\/td>\n<td style=\"height: 24px; width: 20%;\">\u00a0<strong>Distanza interpupillare<\/strong><\/td>\n<td style=\"height: 24px; width: 30%;\">\u00a085-99 mm<\/td>\n<\/tr>\n<tr style=\"height: 24px;\">\n<td style=\"height: 24px; width: 20%;\"><strong>Lente<\/strong><\/td>\n<td style=\"height: 24px; width: 30%;\">\u00a050 mm<\/td>\n<td style=\"height: 24px; width: 20%;\">\u00a0<strong>Lunghezza<\/strong><\/td>\n<td style=\"height: 24px; width: 30%;\">\u00a0373 mm<\/td>\n<\/tr>\n<tr style=\"height: 24px;\">\n<td style=\"height: 24px; width: 20%;\"><a href=\"https:\/\/de.wikipedia.org\/wiki\/Absehen\" target=\"_blank\" rel=\"noopener noreferrer\"><strong>Reticolo<\/strong><\/a><\/td>\n<td style=\"height: 24px; width: 30%;\">\u00a0Nuovo reticolo 4<\/td>\n<td style=\"height: 24px; width: 20%;\">\u00a0<strong>Peso<\/strong><\/td>\n<td style=\"height: 24px; width: 30%;\">\u00a0698 g<\/td>\n<\/tr>\n<tr style=\"height: 24px;\">\n<td style=\"height: 24px; width: 20%;\"><strong>Punto luce<\/strong><\/td>\n<td style=\"height: 24px; width: 30%;\">\u00a0Standard o iFibra<\/td>\n<td style=\"height: 24px; width: 20%;\">\u00a0<strong>Protezione antiappannamento<\/strong><\/td>\n<td style=\"height: 24px; width: 30%;\">\u00a0Riempimento di azoto contro l'appannamento<\/td>\n<\/tr>\n<tr style=\"height: 24px;\">\n<td style=\"height: 24px; width: 20%;\"><strong>Messa a fuoco\/parallasse<\/strong><\/td>\n<td style=\"height: 24px; width: 30%;\">\u00a0Obiettivo regolabile da 20 m a infinito<\/td>\n<td style=\"height: 24px; width: 20%;\">\u00a0<strong>Tenuta<\/strong><\/td>\n<td style=\"height: 24px; width: 30%;\">\u00a0Resistente all'acqua e agli urti<\/td>\n<\/tr>\n<\/tbody>\n<\/table>\n<div class=\"row\"  id=\"row-1458491229\">\n\n\t<div id=\"col-1481372192\" class=\"col medium-8 small-12 large-8\"  >\n\t\t\t\t<div class=\"col-inner\"  >\n\t\t\t\n\t\t\t\n<h2>Il cannocchiale da puntamento 2,5-15\u00d750 NFX di DDoptics - potente cannocchiale da puntamento con zoom 6x e regolazione a scatto MRAD (1 cm\/click - 100 m)<\/h2>\n<p>Il nuovo <strong>Cannocchiale DDoptics 2,5-15\u00d750<\/strong> NFX con regolazione a scatto MRAD e grandangolo (ampio campo visivo) \u00e8 particolarmente indicato per <strong>Zone di caccia con diverse distanze di tiro<\/strong>. Copre un'ampia gamma di terreni, ad esempio per la caccia in montagna o sul campo.<\/p>\n<p>Come i cannocchiali da puntamento della Generazione 3, anche l'NFX \u00e8 stato progettato con una <strong>regolazione del reticolo a corsa rapida<\/strong> in metallo, Zerostop, Nuovo Reticolo 4, vetro CT, rivestimento DDlucid e doppia scala.<\/p>\n<p>Il <a href=\"https:\/\/ddoptics.shop\/it\/negozio\/mirino-telescopico-2\/v6-zoom-6x\/\" target=\"_blank\" rel=\"noopener noreferrer\">6 volte <strong>Mirino telescopico <\/strong><\/a>convince per tutti i requisiti di caccia come<strong>\u00a0Stalking, nascondersi <\/strong>nell'appartamento e nel<strong> Montagne.<\/strong><\/p>\n<h3>Cannocchiale grandangolare DDoptics V6 2,5-15\u00d750 NFX per fucili da caccia - con scala MRAD<\/h3>\n<p>Come per i modelli Gen 3, il modello V6 2,5-15\u00d750 NFX <strong>ha eliminato in modo coerente tutte le parti in plastica.\u00a0<\/strong>Tra i bassi, <strong>Torrette da caccia con doppio scalare<\/strong> nasconde un <strong>Meccanismo ad alta precisione e scorrevole<\/strong>, che finora <strong>solo nella versione con cannocchiale tattico<\/strong> \u00e8 stato installato.<\/p>\n<p>Vantaggio: si pu\u00f2 fare a meno del cappuccio di protezione sopra la regolazione del reticolo e quindi avere <strong>Accesso alla regolazione del reticolo in qualsiasi momento<\/strong> per correggere le distanze di tiro o la velocit\u00e0 del vento.<\/p>\n\t\t<\/div>\n\t\t\t\t\t<\/div>\n\n\t\n\n\t<div id=\"col-877644596\" class=\"col medium-4 small-12 large-4\"  >\n\t\t\t\t<div class=\"col-inner\"  >\n\t\t\t\n\t\t\t\n<a class=\"button primary expand\" >\n\t\t<span>Caratteristiche speciali del cannocchiale<\/span>\n\t<\/a>\n\n\n\t<section class=\"section\" id=\"section_749760652\">\n\t\t<div class=\"section-bg fill\" >\n\t\t\t\t\t\t\t\t\t<div class=\"section-bg-overlay absolute fill\"><\/div>\n\t\t\t\n\n\t\t<\/div>\n\n\t\t\n\n\t\t<div class=\"section-content relative\">\n\t\t\t\n\t<div class=\"img has-hover x md-x lg-x y md-y lg-y\" id=\"image_788004549\">\n\t\t<a class=\"\" href=\"https:\/\/www.ddoptics.de\/garantiebestimmungen\" target=\"_blank\" rel=\"no follow noopener\">\t\t\t\t\t\t<div class=\"img-inner dark\" >\n\t\t\t<img decoding=\"async\" width=\"352\" height=\"160\" src=\"https:\/\/ddoptics.shop\/wp-content\/uploads\/2014\/09\/DDoptics-Garantie.jpg\" class=\"attachment-large size-large\" alt=\"Garanzia DDoptics\" srcset=\"https:\/\/ddoptics.shop\/wp-content\/uploads\/2014\/09\/DDoptics-Garantie.jpg 352w, https:\/\/ddoptics.shop\/wp-content\/uploads\/2014\/09\/DDoptics-Garantie-304x138.jpg 304w, https:\/\/ddoptics.shop\/wp-content\/uploads\/2014\/09\/DDoptics-Garantie-305x139.jpg 305w, https:\/\/ddoptics.shop\/wp-content\/uploads\/2014\/09\/DDoptics-Garantie-250x114.jpg 250w\" sizes=\"(max-width: 352px) 100vw, 352px\" title=\"\">\t\t\t\t\t\t\n\t\t\t\t\t<\/div>\n\t\t\t\t\t\t<\/a>\t\t\n<style>\n#image_788004549 {\n  width: 100%;\n}\n<\/style>\n\t<\/div>\n\t\n\t<div id=\"gap-1461276269\" class=\"gap-element clearfix\" style=\"display:block; height:auto;\">\n\t\t\n<style>\n#gap-1461276269 {\n  padding-top: 15px;\n}\n<\/style>\n\t<\/div>\n\t\n\t<div id=\"text-708106755\" class=\"text\">\n\t\t\n<p><span style=\"font-size: 80%;\"><em>\u21d2 V6 - zoom 6x<\/em><\/span><br \/>\n<span style=\"font-size: 80%;\"><em>\u21d2 Regolazione del reticolo torrette in metallo (non in plastica come la gen 2)<\/em><\/span><br \/>\n<span style=\"font-size: 80%;\"><em>\u21d2 Vetro CT (trasmissione chiara) (bassa dispersione)<\/em><\/span><br \/>\n<span style=\"font-size: 80%;\"><em>\u21d2 Doppia scalatura (doppio giro)<\/em><\/span><br \/>\n<span style=\"font-size: 80%;\"><em>\u21d2 Zerostop per ASV (zero stop)<\/em><\/span><br \/>\n<span style=\"font-size: 80%;\"><em>\u21d2 Detentore tattico rigido a 1\/4 di clic<\/em><\/span><br \/>\n<span style=\"font-size: 80%;\"><em>\u21d2 Nuovo design della ghiera di regolazione dell'ingrandimento<\/em><\/span><br \/>\n<span style=\"font-size: 80%;\"><em>\u21d2 Nuovo reticolo 4 con barre significativamente pi\u00f9 sottili<\/em><\/span><br \/>\n<span style=\"font-size: 80%;\"><em>\u21d2 Detentore tattico duro 0,1 MRAD a scatto (1cm\/click)<\/em><\/span><br \/>\n<span style=\"font-size: 80%;\"><em>\u21d2 Corsa di regolazione 228 scatti = 2,28 m per 100 m<\/em><\/span><\/p>\n\t\t\n<style>\n#text-708106755 {\n  line-height: 1.15;\n  color: rgb(33, 107, 227);\n}\n#text-708106755 > * {\n  color: rgb(33, 107, 227);\n}\n<\/style>\n\t<\/div>\n\t\n\t\t<\/div>\n\n\t\t\n<style>\n#section_749760652 {\n  padding-top: 30px;\n  padding-bottom: 30px;\n  background-color: rgb(232, 232, 232);\n}\n#section_749760652 .section-bg-overlay {\n  background-color: rgba(255,255,255,.5);\n}\n<\/style>\n\t<\/section>\n\t\n<div class=\"is-divider divider clearfix\" ><\/div>\n\t\t<\/div>\n\t\t\t\t\t<\/div>\n\n\t\n<\/div>\n<p>Per la sicurezza <strong>L'arresto di azzeramento, facile da regolare, garantisce il ritorno all'impostazione di azzeramento.<\/strong> ( Zerostop). Con un campo visivo di 13,5 metri (con ingrandimento 2,5x), il cannocchiale da puntamento Nighteagle 2,5-15\u00d750 soddisfa tutte le esigenze della caccia in movimento.<\/p>\n<p>Questi <strong>L'ottica con zoom 6x si distingue per l'elevata intensit\u00e0 luminosa e per le immagini brillanti e ad alto contrasto.<\/strong> su. Questo rende il Nighteagle 2,5-15\u00d750 predestinato ai cacciatori pi\u00f9 esigenti, ai tiratori a lunga distanza tecnicamente esperti e ai tiratori sportivi che desiderano utilizzare un <strong>Cannocchiale da puntamento a lungo raggio con massime prestazioni ottiche<\/strong> ricerca.<\/p>\n<h3>Cannocchiale da puntamento DDoptics V6 con <a href=\"https:\/\/ddoptics.shop\/it\/termine-tecnico\/traslucenza-ottica-trasmissione-della-luce\/\" target=\"_blank\" rel=\"noopener\" data-schema-attribute=\"\">Trasmissione della luce<\/a> con valori di picco<\/h3>\n<p>Il <strong>Ottica completamente rivestita<\/strong>, che non consente alcun riflesso, offre un'immagine estremamente contrastata e dai colori fedeli, con eccezionali propriet\u00e0 di nitidezza dei bordi. Grazie alla minima quantit\u00e0 di falsa luce, anche il controluce non rappresenta un problema.<\/p>\n<p>Il <strong>La trasmissione della luce ha valori di picco di 94,7% (giorno) e 93% (notte).<\/strong> che consentono una risposta affidabile fino all'ultima luce del fucile.<\/p>\n<h3>Reticolo di nuova concezione 4 sul 2\u00b0 piano immagine del cannocchiale da puntamento<\/h3>\n<p>Il <strong>Nuovo sviluppo <a href=\"https:\/\/de.wikipedia.org\/wiki\/Absehen\" target=\"_blank\" rel=\"noopener sponsored\" data-schema-attribute=\"\">Reticolo<\/a> 4<\/strong> da DDoptics fa <strong>pi\u00f9 spazio per una risposta pulita.<\/strong><\/p>\n<figure id=\"attachment_1951\" aria-describedby=\"caption-attachment-1951\" style=\"width: 250px\" class=\"wp-caption alignright\"><a href=\"https:\/\/ddoptics.shop\/wp-content\/uploads\/2016\/04\/Neues-DDoptics-Absehen.jpg\" rel=\"attachment wp-att-1951\"><img decoding=\"async\" class=\"wp-image-1951\" src=\"https:\/\/ddoptics.shop\/wp-content\/uploads\/2016\/04\/Neues-DDoptics-Absehen-340x340.jpg\" alt=\"Nuovo reticolo DDoptics 4\" width=\"250\" height=\"199\" title=\"\" srcset=\"https:\/\/ddoptics.shop\/wp-content\/uploads\/2016\/04\/Neues-DDoptics-Absehen-304x242.jpg 304w, https:\/\/ddoptics.shop\/wp-content\/uploads\/2016\/04\/Neues-DDoptics-Absehen-305x243.jpg 305w, https:\/\/ddoptics.shop\/wp-content\/uploads\/2016\/04\/Neues-DDoptics-Absehen-632x503.jpg 632w, https:\/\/ddoptics.shop\/wp-content\/uploads\/2016\/04\/Neues-DDoptics-Absehen.jpg 800w, https:\/\/ddoptics.shop\/wp-content\/uploads\/2016\/04\/Neues-DDoptics-Absehen-250x199.jpg 250w, https:\/\/ddoptics.shop\/wp-content\/uploads\/2016\/04\/Neues-DDoptics-Absehen-510x406.jpg 510w\" sizes=\"(max-width: 250px) 100vw, 250px\" \/><\/a><figcaption id=\"caption-attachment-1951\" class=\"wp-caption-text\">Nuovo reticolo DDoptics 4<\/figcaption><\/figure>\n<p>Per offrirvi un vantaggio decisivo, abbiamo ridotto le barre spesse alla met\u00e0 dello spessore A4 e raddoppiato la distanza (centrale) tra le barre spesse.<\/p>\n<p><strong>L'immagine completa<\/strong> funziona con il <strong>nuovo reticolo pi\u00f9 luminoso, pi\u00f9 grande e pi\u00f9 chiaro.<\/strong> Ciononostante, il reticolo \u00e8 ancora ben visibile di notte.<\/p>\n<p>Il <strong>Il nuovo reticolo 4 si trova nel piano immagine dell'oculare (2\u00b0 piano immagine)<\/strong> e quindi rimane sempre della stessa dimensione quando si cambia l'ingrandimento.<\/p>\n<p>Con <strong>ingrandimento massimo di 15 volte, il mirino oscura solo in minima parte il bersaglio.<\/strong> Ogni scatto regola il reticolo di 1 cm a 100 metri, 2 cm a 200 metri, ecc. Campo di regolazione totale:<\/p>\n<ul>\n<li>22,8 MRAD - 228 scatti - 2,28 m<\/li>\n<li>Corsa di regolazione \/ scatto per 100 m: 1 cm<\/li>\n<li>Corsa di regolazione \/ scatto a 200 m: 2 cm<\/li>\n<li>Campo di regolazione \/ scatto a 300 m: 3 cm<\/li>\n<li>Corsa di regolazione \/ scatto a 600 m: 6 cm<\/li>\n<\/ul>\n<p>Il <strong>La regolazione del clic funziona<\/strong> in tal modo <strong>Assolutamente ripetibile<\/strong> e pu\u00f2 essere azzerato dopo lo sparo (in caso di utilizzo di pi\u00f9 cariche).<\/p>\n<p>La compensazione della parallasse montata lateralmente (da 20 metri all'infinito) protegge dalla visione obliqua e garantisce un'immagine nitidissima e priva di affaticamento a tutte le impostazioni di ingrandimento.<\/p>\n<p>Dotati di questo innovativo \u201eNew Reticle 4\u201c, i cannocchiali da puntamento DDoptics del tipo \u201e2,5-10\u00d756\u201c \u201e2,5-15\u00d750\u201c e 1,5-6\u00d742<\/p>\n<h3>Lavorazione robusta, installazione semplice<\/h3>\n<p>Il <strong>DDoptics Nighteagle 2.5-15\u00d750 NFX \u00e8 riempito di azoto e quindi completamente impermeabile<\/strong> <strong>e protetti dai raccordi interni.<\/strong> Il tubo di mira telescopico (diametro: 30 mm, lunghezza: 373 mm, peso: 698 g) \u00e8 realizzato in un unico pezzo di duralluminio e anodizzato duramente. Questo nuovo tipo di rivestimento \u00e8 particolarmente liscio, repellente allo sporco ed estremamente resistente ai graffi.<\/p>\n<h3>Punto illuminato finemente dimmerabile di DDoptics<\/h3>\n<p>Il <strong>Punto luce in fibra di vetro<\/strong>, (a scelta, con un supplemento di 89 \u20ac, anche nella versione <strong>versione automatica IFiber<\/strong> disponibile) di DDoptics con circuiti elettronici completamente ridisegnati, \u00e8 talmente piccolo da ottenere solo la minima occlusione possibile del bersaglio.<\/p>\n<p>Grazie al <strong>tecnologia a fibre ottiche, il punto luce viene attenuato ad un livello elevato.<\/strong> non solo pi\u00f9 scuro, ma anche pi\u00f9 fine. Il punto luce pu\u00f2 essere attenuato continuamente del 100% fino a quando non \u00e8 pi\u00f9 visibile all'occhio umano.<\/p>\n<p>Il reticolo ha quindi lo stesso effetto di un'ottica di puntamento senza unit\u00e0 illuminata. Quando il punto illuminato viene attivato, non si verificano fastidiosi bagliori o riflessi all'interno dell'ottica. Poich\u00e9 l'unit\u00e0 luminosa viene prodotta a mano, \u00e8 possibile tenere conto delle esigenze specifiche dei clienti.<\/p>\n<h3>Ottica target Regolazione della distanza interpupillare e delle diottrie<\/h3>\n<p>La distanza tra gli occhi \u00e8 pi\u00f9 che adeguata: 85 mm. Per il <strong>\u00e8 sufficiente mezzo giro per l'intero campo di ingrandimento<\/strong>. La regolazione diottrica (da -3 a +4) pu\u00f2 essere facilmente effettuata sull'estremit\u00e0 gommata dell'oculare mediante una regolazione a scanalature.<\/p>","protected":false},"excerpt":{"rendered":"<p><img decoding=\"async\" class=\"alignnone wp-image-10452 size-full\" title=\"Tiro sportivo\" src=\"https:\/\/ddoptics.shop\/wp-content\/uploads\/2016\/07\/Target-Schiessen.jpg\" alt=\"Tiro al bersaglio\" width=\"50\" height=\"50\" \/><img decoding=\"async\" class=\"alignnone wp-image-10168 size-full\" title=\"Caccia al cavalletto\" src=\"https:\/\/ddoptics.shop\/wp-content\/uploads\/2016\/09\/Jagd-klein.jpg\" alt=\"Binocoli da caccia\" width=\"50\" height=\"50\" \/><img decoding=\"async\" class=\"alignnone wp-image-10178 size-full\" title=\"Caccia in montagna\" src=\"https:\/\/ddoptics.shop\/wp-content\/uploads\/2016\/04\/Gebirgsjagd-klein.jpg\" alt=\"Binocolo da caccia di montagna\" width=\"50\" height=\"50\" \/><br \/>\n<strong>Versione speciale Slim NFX. <\/strong>Il Nighteagle 2,5-15\u00d750 NFX \u00e8 la perfetta estensione della serie NFX con i nuovi oculari NF-X, la visuale migliorata e il campo visivo significativamente pi\u00f9 ampio. <strong>In opzione, con sistema intelligente <a title=\"NUOVO Punto illuminato DDoptics IFiber\" href=\"\/it\/termine-tecnico-wiki\/punto-luce-intelligente-ddoptics-ifiber\/\" target=\"_blank\" rel=\"noopener noreferrer\">Punto luce IFibre<\/a> a soli \u20ac 99,- di supplemento.<\/strong><\/p>\n<a href=\"https:\/\/amzn.to\/3Pnky2v\" target=\"_blank\" class=\"button success is-success is-small\" rel=\"\u201dnofollow\u201d noopener\" >\n\t\t<span>cliente amazon? - Usare i vantaggi di Prime?<\/span>\n\t<\/a>","protected":false},"featured_media":18778,"comment_status":"open","ping_status":"closed","template":"","meta":{"inline_featured_image":false,"footnotes":""},"product_brand":[],"product_cat":[478,453,638,697,917,640,641,919,637,68],"product_tag":[586,78,696,698,955,79],"class_list":{"0":"post-18770","1":"product","2":"type-product","3":"status-publish","4":"has-post-thumbnail","6":"product_cat-25-15x50","7":"product_cat-50-mm-objektivdurchmesser","8":"product_cat-ansitzjagd","9":"product_cat-mrad-klickverstellung","10":"product_cat-nfx-zielfernrohre-weitwinkel-zf","11":"product_cat-pirschjagd-und-gebirgsjagd","12":"product_cat-sportschiessen","13":"product_cat-v6-6-fach-zoom","14":"product_cat-zf-anwendung","15":"product_cat-zielfernrohr","16":"product_tag-2-5-15x50","17":"product_tag-ddoptics","18":"product_tag-mrad","19":"product_tag-mrad-1-cm-klickverstellung","20":"product_tag-nfx","21":"product_tag-zielfernrohr","22":"product_shipping_class-paket","23":"pa_brand-marke-ddoptics","24":"pa_produkt-typ-zielfernrohr","26":"first","27":"instock","28":"sale","29":"taxable","30":"shipping-taxable","31":"purchasable","32":"product-type-bundle"},"bundled_by":[],"bundle_stock_status":"instock","bundle_stock_quantity":38,"bundle_virtual":false,"bundle_layout":"default","bundle_add_to_cart_form_location":"default","bundle_editable_in_cart":false,"bundle_sold_individually_context":"product","bundle_item_grouping":"parent","bundle_min_size":"","bundle_max_size":"","bundle_price":{"price":{"min":{"incl_tax":"1121.01","excl_tax":"934.18"},"max":{"incl_tax":"1225.32","excl_tax":"1021.1"}},"regular_price":{"min":{"incl_tax":"1245.01","excl_tax":"1037.51"},"max":{"incl_tax":"1360.9","excl_tax":"1134.08"}}},"bundled_items":[{"bundled_item_id":79,"product_id":12809,"menu_order":0,"quantity_min":1,"quantity_max":1,"quantity_default":1,"priced_individually":true,"shipped_individually":false,"override_title":true,"title":"","override_description":false,"description":"","optional":false,"hide_thumbnail":true,"discount":"","override_variations":true,"allowed_variations":[12810,12811],"override_default_variation_attributes":false,"default_variation_attributes":[],"single_product_visibility":"visible","cart_visibility":"visible","order_visibility":"visible","single_product_price_visibility":"visible","cart_price_visibility":"visible","order_price_visibility":"visible","stock_status":"in_stock"},{"bundled_item_id":80,"product_id":12812,"menu_order":1,"quantity_min":1,"quantity_max":1,"quantity_default":1,"priced_individually":true,"shipped_individually":false,"override_title":true,"title":"Quasi un regalo: i tappi a flip","override_description":false,"description":"","optional":true,"hide_thumbnail":false,"discount":"68.55","override_variations":true,"allowed_variations":[12817],"override_default_variation_attributes":true,"default_variation_attributes":[{"id":17,"name":"Dimensioni del cannocchiale","option":"25-15x50"}],"single_product_visibility":"visible","cart_visibility":"visible","order_visibility":"visible","single_product_price_visibility":"visible","cart_price_visibility":"visible","order_price_visibility":"visible","stock_status":"in_stock"}],"bundle_sell_ids":[],"_links":{"self":[{"href":"https:\/\/ddoptics.shop\/it\/wp-json\/wp\/v2\/product\/18770","targetHints":{"allow":["GET"]}}],"collection":[{"href":"https:\/\/ddoptics.shop\/it\/wp-json\/wp\/v2\/product"}],"about":[{"href":"https:\/\/ddoptics.shop\/it\/wp-json\/wp\/v2\/types\/product"}],"replies":[{"embeddable":true,"href":"https:\/\/ddoptics.shop\/it\/wp-json\/wp\/v2\/comments?post=18770"}],"version-history":[{"count":29,"href":"https:\/\/ddoptics.shop\/it\/wp-json\/wp\/v2\/product\/18770\/revisions"}],"predecessor-version":[{"id":29151,"href":"https:\/\/ddoptics.shop\/it\/wp-json\/wp\/v2\/product\/18770\/revisions\/29151"}],"wp:featuredmedia":[{"embeddable":true,"href":"https:\/\/ddoptics.shop\/it\/wp-json\/wp\/v2\/media\/18778"}],"wp:attachment":[{"href":"https:\/\/ddoptics.shop\/it\/wp-json\/wp\/v2\/media?parent=18770"}],"wp:term":[{"taxonomy":"product_brand","embeddable":true,"href":"https:\/\/ddoptics.shop\/it\/wp-json\/wp\/v2\/product_brand?post=18770"},{"taxonomy":"product_cat","embeddable":true,"href":"https:\/\/ddoptics.shop\/it\/wp-json\/wp\/v2\/product_cat?post=18770"},{"taxonomy":"product_tag","embeddable":true,"href":"https:\/\/ddoptics.shop\/it\/wp-json\/wp\/v2\/product_tag?post=18770"}],"curies":[{"name":"wp","href":"https:\/\/api.w.org\/{rel}","templated":true}]}}