{"id":1912,"date":"2019-05-25T15:27:14","date_gmt":"2019-05-25T13:27:14","guid":{"rendered":"https:\/\/beta.optik-sport-shop.at\/kaufen\/spektiv-ddoptics-pirschler-15-45x60-g\/"},"modified":"2025-10-03T12:52:20","modified_gmt":"2025-10-03T10:52:20","slug":"cannocchiale-ddoptics-pirschler-15-45x60-g","status":"publish","type":"product","link":"https:\/\/ddoptics.shop\/it\/kaufen\/spektiv-ddoptics-pirschler-15-45x60-g\/","title":{"rendered":"Cannocchiale DDoptics Pirschler HDX 15-45\u00d760 G - vista diritta"},"content":{"rendered":"<div class=\"row\"  id=\"row-171834288\">\n\n\t<div id=\"col-479458049\" class=\"col medium-8 small-12 large-8\"  >\n\t\t\t\t<div class=\"col-inner\"  >\n\t\t\t\n\t\t\t\n<h2>Cannocchiale DDoptics Pirschler 15-45\u00d760 G con visuale diritta<\/h2>\n<p>Scoprite con il nuovo <strong>Cannocchiale DDoptics Pirschler 15-45\u00d760 G (vista diritta)<\/strong> uno <strong>Dispositivo professionale, leggero e dal prezzo interessante<\/strong> per <strong>Caccia al crepuscolo, caccia in montagna, braccata ed escursionismo.<\/strong><\/p>\n<p>Il tipo di <strong>design pi\u00f9 compatto e pi\u00f9 corto del cannocchiale da 60 mm<\/strong> con vista diritta \u00e8 <strong>Ideale per l'uso mobile<\/strong> e per gli oggetti di osservazione pi\u00f9 elevati. Questo cannocchiale si adatta perfettamente anche alle esigenze delle classiche applicazioni di caccia.<\/p>\n<p>Il <strong>La versione \u201cG\u201d di vista diritta \u00e8 particolarmente adatta per l'osservazione di oggetti pi\u00f9 alti.<\/strong><\/p>\n<h3>ELR - Multicoating (extra low reflection) - Rivestimento FMC<\/h3>\n<p>Tutti <strong>Superfici vetro-aria<\/strong> sono<strong> multistrato con rivestimento duro<\/strong> garantendo cos\u00ec il massimo contrasto, la nitidezza e la luminosit\u00e0 dell'immagine. La brillantezza dei colori di questo cannocchiale \u00e8 straordinaria e anche la luminosit\u00e0 dell'immagine \u00e8 eccellente. <strong>quasi nessun compromesso rispetto al suo \u201cfratello maggiore\u201d<\/strong>.<\/p>\n<p>L'esperienza <strong>garantisce un'immagine chiara e ad alto contrasto, anche in condizioni di scarsa illuminazione e al crepuscolo<\/strong>. Anche con un ingrandimento di 45x, il vostro stalker vi offre una<strong> immagine nitida come un rasoio.<\/strong><\/p>\n\t\t<\/div>\n\t\t\t\t\n<style>\n#col-479458049 > .col-inner {\n  margin: 0px 0px -30px 0px;\n}\n<\/style>\n\t<\/div>\n\n\t\n\n\t<div id=\"col-1629776612\" class=\"col medium-4 small-12 large-4\"  >\n\t\t\t\t<div class=\"col-inner\"  >\n\t\t\t\n\t\t\t\n\t<div class=\"img has-hover x md-x lg-x y md-y lg-y\" id=\"image_325579982\">\n\t\t\t\t\t\t\t\t<div class=\"img-inner dark\" >\n\t\t\t\t\t\t\t\t\t\n\t\t\t\t\t<\/div>\n\t\t\t\t\t\t\t\t\n<style>\n#image_325579982 {\n  width: 100%;\n}\n<\/style>\n\t<\/div>\n\t\n\t<div class=\"img has-hover x md-x lg-x y md-y lg-y\" id=\"image_411014859\">\n\t\t<a class=\"\" href=\"https:\/\/www.shop.ddoptics.de\/garantiebestimmungen\" target=\"_blank\" rel=\"noopener\">\t\t\t\t\t\t<div class=\"img-inner dark\" >\n\t\t\t<img decoding=\"async\" width=\"352\" height=\"160\" src=\"https:\/\/ddoptics.shop\/wp-content\/uploads\/2014\/09\/DDoptics-Garantie.jpg\" class=\"attachment-large size-large\" alt=\"Garanzia DDoptics\" srcset=\"https:\/\/ddoptics.shop\/wp-content\/uploads\/2014\/09\/DDoptics-Garantie.jpg 352w, https:\/\/ddoptics.shop\/wp-content\/uploads\/2014\/09\/DDoptics-Garantie-304x138.jpg 304w, https:\/\/ddoptics.shop\/wp-content\/uploads\/2014\/09\/DDoptics-Garantie-305x139.jpg 305w, https:\/\/ddoptics.shop\/wp-content\/uploads\/2014\/09\/DDoptics-Garantie-250x114.jpg 250w\" sizes=\"(max-width: 352px) 100vw, 352px\" title=\"\">\t\t\t\t\t\t\n\t\t\t\t\t<\/div>\n\t\t\t\t\t\t<\/a>\t\t\n<style>\n#image_411014859 {\n  width: 100%;\n}\n<\/style>\n\t<\/div>\n\t\n<h3>Fatti sul cannocchiale Pirschler di DDoptics<\/h3>\n\n\t\t<div class=\"icon-box featured-box icon-box-left text-left\"  >\n\t\t\t\t\t<div class=\"icon-box-img\" style=\"width: 32px\">\n\t\t\t\t<div class=\"icon\">\n\t\t\t\t\t<div class=\"icon-inner\" >\n\t\t\t\t\t\t<img decoding=\"async\" width=\"97\" height=\"78\" src=\"https:\/\/ddoptics.shop\/wp-content\/uploads\/2022\/02\/HDS-Spektiv.webp\" class=\"attachment-medium size-medium\" alt=\"Cannocchiale HDS 9-27x56\" title=\"\">\t\t\t\t\t<\/div>\n\t\t\t\t<\/div>\n\t\t\t<\/div>\n\t\t\t\t<div class=\"icon-box-text last-reset\">\n\t\t\t\t\t\t\t\t\t\n<p>Unit\u00e0 di messa a fuoco di grandi dimensioni<\/p>\n\t\t<\/div>\n\t<\/div>\n\t\n\t\n\n\t\t<div class=\"icon-box featured-box icon-box-left text-left\"  >\n\t\t\t\t\t<div class=\"icon-box-img\" style=\"width: 32px\">\n\t\t\t\t<div class=\"icon\">\n\t\t\t\t\t<div class=\"icon-inner\" >\n\t\t\t\t\t\t<img decoding=\"async\" width=\"97\" height=\"78\" src=\"https:\/\/ddoptics.shop\/wp-content\/uploads\/2022\/02\/HDS-Spektiv.webp\" class=\"attachment-medium size-medium\" alt=\"Cannocchiale HDS 9-27x56\" title=\"\">\t\t\t\t\t<\/div>\n\t\t\t\t<\/div>\n\t\t\t<\/div>\n\t\t\t\t<div class=\"icon-box-text last-reset\">\n\t\t\t\t\t\t\t\t\t\n<p>Impermeabile<\/p>\n\t\t<\/div>\n\t<\/div>\n\t\n\t\n\n\t\t<div class=\"icon-box featured-box icon-box-left text-left\"  >\n\t\t\t\t\t<div class=\"icon-box-img\" style=\"width: 32px\">\n\t\t\t\t<div class=\"icon\">\n\t\t\t\t\t<div class=\"icon-inner\" >\n\t\t\t\t\t\t<img decoding=\"async\" width=\"97\" height=\"78\" src=\"https:\/\/ddoptics.shop\/wp-content\/uploads\/2022\/02\/HDS-Spektiv.webp\" class=\"attachment-medium size-medium\" alt=\"Cannocchiale HDS 9-27x56\" title=\"\">\t\t\t\t\t<\/div>\n\t\t\t\t<\/div>\n\t\t\t<\/div>\n\t\t\t\t<div class=\"icon-box-text last-reset\">\n\t\t\t\t\t\t\t\t\t\n<p>Ampio campo visivo<\/p>\n\t\t<\/div>\n\t<\/div>\n\t\n\t\n\n\t\t<div class=\"icon-box featured-box icon-box-left text-left\"  >\n\t\t\t\t\t<div class=\"icon-box-img\" style=\"width: 32px\">\n\t\t\t\t<div class=\"icon\">\n\t\t\t\t\t<div class=\"icon-inner\" >\n\t\t\t\t\t\t<img decoding=\"async\" width=\"97\" height=\"78\" src=\"https:\/\/ddoptics.shop\/wp-content\/uploads\/2022\/02\/HDS-Spektiv.webp\" class=\"attachment-medium size-medium\" alt=\"Cannocchiale HDS 9-27x56\" title=\"\">\t\t\t\t\t<\/div>\n\t\t\t\t<\/div>\n\t\t\t<\/div>\n\t\t\t\t<div class=\"icon-box-text last-reset\">\n\t\t\t\t\t\t\t\t\t\n<p>Risoluzione molto elevata<\/p>\n\t\t<\/div>\n\t<\/div>\n\t\n\t\n\n\t\t<div class=\"icon-box featured-box icon-box-left text-left\"  >\n\t\t\t\t\t<div class=\"icon-box-img\" style=\"width: 32px\">\n\t\t\t\t<div class=\"icon\">\n\t\t\t\t\t<div class=\"icon-inner\" >\n\t\t\t\t\t\t<img decoding=\"async\" width=\"97\" height=\"78\" src=\"https:\/\/ddoptics.shop\/wp-content\/uploads\/2022\/02\/HDS-Spektiv.webp\" class=\"attachment-medium size-medium\" alt=\"Cannocchiale HDS 9-27x56\" title=\"\">\t\t\t\t\t<\/div>\n\t\t\t\t<\/div>\n\t\t\t<\/div>\n\t\t\t\t<div class=\"icon-box-text last-reset\">\n\t\t\t\t\t\t\t\t\t\n<p>immagine incredibilmente buona per questa fascia di prezzo<\/p>\n\t\t<\/div>\n\t<\/div>\n\t\n\t\n<div class=\"is-divider divider clearfix\" ><\/div>\n\t\t<\/div>\n\t\t\t\t\t<\/div>\n\n\t\n<\/div>\n<p>Il cannocchiale \u00e8 <strong>Riempito di azoto e impermeabile.<\/strong> Questa \u00e8 una garanzia contro l'appannamento in condizioni di umidit\u00e0 e i bruschi cambiamenti di temperatura. Il tubo estremamente leggero garantisce la massima robustezza e mobilit\u00e0. Il <strong>Rivestimento in gomma antiscivolo<\/strong> fornisce una presa e una tenuta sicura.<\/p>\n<h3>Unit\u00e0 di messa a fuoco<\/h3>\n<p>Il <strong>L'unit\u00e0 di messa a fuoco \u00e8 costituita da una rotella di regolazione di 4 cm.<\/strong>, che pu\u00f2 essere utilizzato comodamente anche indossando i guanti. Con il Pirschler 16-45\u00d760 G \u00e8 possibile osservare da una distanza di soli 6 metri, il che rappresenta un particolare vantaggio nell'osservazione dei nidi, nell'osservazione degli insetti o al poligono di tiro.<\/p>\n<h3>Raccomandazioni per l'uso Obiettivo a tutto tondo<\/h3>\n<p>Esempi tipici di applicazioni sono i camosci sul fianco di una montagna o gli uccelli su un albero. I cannocchiali da osservazione Pirschler da 60 mm, compatti e leggeri, possono essere <strong>Comodo in uno zaino<\/strong> e pu\u00f2 essere facilmente trasportato in qualsiasi luogo desiderato.<\/p>\n<p>Con il <strong>per l'uso mobile nei campi e nei boschi o in montagna, \u00e8 pi\u00f9 adatta la versione un po' pi\u00f9 compatta con obiettivo da 60 mm.<\/strong> rispetto alla controparte pi\u00f9 grande e ingombrante della versione da 80 mm.<\/p>\n<p><strong>Con questo cannocchiale, DDoptics \u00e8 riuscita ad offrire ai suoi clienti un cannocchiale professionale, leggero ed economico.<\/strong><\/p>","protected":false},"excerpt":{"rendered":"<p>Un cannocchiale professionale, leggero e dal prezzo interessante, con visuale diritta. Per la caccia al crepuscolo, la caccia in montagna, lo stalking, l'astronomia e il birdwatching.<\/p>","protected":false},"featured_media":14359,"comment_status":"open","ping_status":"closed","template":"","meta":{"inline_featured_image":false,"footnotes":""},"product_brand":[],"product_cat":[472,467,643,644,71,646],"product_tag":[853,78,155,83],"class_list":{"0":"post-1912","1":"product","2":"type-product","3":"status-publish","4":"has-post-thumbnail","6":"product_cat-60-mm","7":"product_cat-geradeeinblick","8":"product_cat-jagd","9":"product_cat-outdoor-wandern","10":"product_cat-spektiv","11":"product_cat-ornithologie-vogelbeobachtung","12":"product_tag-15-45x60","13":"product_tag-ddoptics","14":"product_tag-geradeeinblick","15":"product_tag-spektiv","16":"product_shipping_class-paket","17":"pa_brand-marke-ddoptics","18":"pa_farbe-gruen","19":"pa_okulartype-15-45x","20":"pa_produkt-typ-spektiv","22":"first","23":"instock","24":"taxable","25":"shipping-taxable","26":"purchasable","27":"product-type-simple"},"bundled_by":[],"bundle_stock_status":"instock","bundle_stock_quantity":null,"bundle_virtual":false,"bundle_layout":"","bundle_add_to_cart_form_location":"","bundle_editable_in_cart":false,"bundle_sold_individually_context":"","bundle_item_grouping":"","bundle_min_size":"","bundle_max_size":"","bundle_price":[],"bundled_items":[],"bundle_sell_ids":[],"_links":{"self":[{"href":"https:\/\/ddoptics.shop\/it\/wp-json\/wp\/v2\/product\/1912","targetHints":{"allow":["GET"]}}],"collection":[{"href":"https:\/\/ddoptics.shop\/it\/wp-json\/wp\/v2\/product"}],"about":[{"href":"https:\/\/ddoptics.shop\/it\/wp-json\/wp\/v2\/types\/product"}],"replies":[{"embeddable":true,"href":"https:\/\/ddoptics.shop\/it\/wp-json\/wp\/v2\/comments?post=1912"}],"version-history":[{"count":7,"href":"https:\/\/ddoptics.shop\/it\/wp-json\/wp\/v2\/product\/1912\/revisions"}],"predecessor-version":[{"id":29119,"href":"https:\/\/ddoptics.shop\/it\/wp-json\/wp\/v2\/product\/1912\/revisions\/29119"}],"wp:featuredmedia":[{"embeddable":true,"href":"https:\/\/ddoptics.shop\/it\/wp-json\/wp\/v2\/media\/14359"}],"wp:attachment":[{"href":"https:\/\/ddoptics.shop\/it\/wp-json\/wp\/v2\/media?parent=1912"}],"wp:term":[{"taxonomy":"product_brand","embeddable":true,"href":"https:\/\/ddoptics.shop\/it\/wp-json\/wp\/v2\/product_brand?post=1912"},{"taxonomy":"product_cat","embeddable":true,"href":"https:\/\/ddoptics.shop\/it\/wp-json\/wp\/v2\/product_cat?post=1912"},{"taxonomy":"product_tag","embeddable":true,"href":"https:\/\/ddoptics.shop\/it\/wp-json\/wp\/v2\/product_tag?post=1912"}],"curies":[{"name":"wp","href":"https:\/\/api.w.org\/{rel}","templated":true}]}}