{"id":1958,"date":"2016-04-16T14:08:48","date_gmt":"2016-04-16T12:08:48","guid":{"rendered":"https:\/\/beta.optik-sport-shop.at\/kaufen\/ddoptics-fernglas-ultralight-10x34\/"},"modified":"2025-10-06T14:02:00","modified_gmt":"2025-10-06T12:02:00","slug":"binocolo-ddoptics-ultraleggero-10x34","status":"publish","type":"product","link":"https:\/\/ddoptics.shop\/it\/kaufen\/ddoptics-fernglas-ultralight-10x34\/","title":{"rendered":"DDoptics binocolo Ultralight 10\u00d734"},"content":{"rendered":"<div class=\"row\"  id=\"row-19776595\">\n\n\t<div id=\"col-1471648081\" class=\"col medium-8 small-12 large-8\"  >\n\t\t\t\t<div class=\"col-inner\"  >\n\t\t\t\n\t\t\t\n<h2>DDoptics binocolo Ultralight 10\u00d734<\/h2>\n<p>Il binocolo universale da viaggio e da caccia di DDoptics. A <strong>Binocolo compatto 10x <\/strong>con <strong>prestazioni d'immagine impressionanti<\/strong> a un <strong>prezzo pi\u00f9 che sorprendente<\/strong>. Con questo <strong>binocolo molto leggero e compatto<\/strong> DDoptics completa la sua gamma nella categoria \u201cbinocoli per TUTTI\u201c con la serie Ultralight.<\/p>\n<p>Il\u00a0<strong>DDoptics Binocolo ultraleggero con ingrandimento 10x<\/strong> offre un look leggero e impermeabile per \u20ac 149,-, oltre a un meccanismo di funzionamento pulito.<\/p>\n<p>Leggero, piccolo, maneggevole, <strong>Impermeabile e performante<\/strong> dovrebbe essere il binocolo universale per l'escursionismo. Inoltre, questo piccolo binocolo \u00e8 semplicemente bello. Il suo ponte aperto invita la mano ad avvolgersi strettamente intorno al tubo del binocolo, garantendo presa e comfort.<\/p>\n<p>Il <strong>Rivestimento delle lenti ottiche<\/strong> Il sistema di illuminazione garantisce un'immagine luminosa e piacevole e, se non si ha bisogno del binocolo al momento, \u00e8 possibile riporlo rapidamente nella tasca della giacca. Il peso ridotto di poco meno di <strong>400 g di binocolo ultraleggero<\/strong> non interferisce in nessun momento.<\/p>\n<h3>Ideale per le vacanze all'aperto<\/h3>\n<p>Sia nel <strong>In montagna o sulla spiaggia<\/strong>, Che ci siano 15 gradi sotto zero o 45 gradi nel deserto, il binocolo Ultralight riempito di azoto \u00e8 in grado di affrontare qualsiasi situazione, producendo comunque una buona immagine. Fino al crepuscolo, vi aiutano a vedere il <strong>riconoscere la strada giusta<\/strong> o vi mostra dove si nasconde l'una o l'altra piccola sorpresa.<\/p>\n\t\t<\/div>\n\t\t\t\t\n<style>\n#col-1471648081 > .col-inner {\n  margin: 0px 0px -30px 0px;\n}\n<\/style>\n\t<\/div>\n\n\t\n\n\t<div id=\"col-1086374227\" class=\"col medium-4 small-12 large-4\"  >\n\t\t\t\t<div class=\"col-inner\"  >\n\t\t\t\n\t\t\t\n\t<div class=\"img has-hover x md-x lg-x y md-y lg-y\" id=\"image_1375819521\">\n\t\t\t\t\t\t\t\t<div class=\"img-inner dark\" >\n\t\t\t\t\t\t\t\t\t\n\t\t\t\t\t<\/div>\n\t\t\t\t\t\t\t\t\n<style>\n#image_1375819521 {\n  width: 100%;\n}\n<\/style>\n\t<\/div>\n\t\n\t<div class=\"img has-hover x md-x lg-x y md-y lg-y\" id=\"image_160971884\">\n\t\t<a class=\"\" href=\"https:\/\/www.shop.ddoptics.de\/garantiebestimmungen\" target=\"_blank\" rel=\"noopener\">\t\t\t\t\t\t<div class=\"img-inner dark\" >\n\t\t\t<img decoding=\"async\" width=\"352\" height=\"160\" src=\"https:\/\/ddoptics.shop\/wp-content\/uploads\/2014\/09\/DDoptics-Garantie.jpg\" class=\"attachment-large size-large\" alt=\"Garanzia DDoptics\" srcset=\"https:\/\/ddoptics.shop\/wp-content\/uploads\/2014\/09\/DDoptics-Garantie.jpg 352w, https:\/\/ddoptics.shop\/wp-content\/uploads\/2014\/09\/DDoptics-Garantie-304x138.jpg 304w, https:\/\/ddoptics.shop\/wp-content\/uploads\/2014\/09\/DDoptics-Garantie-305x139.jpg 305w, https:\/\/ddoptics.shop\/wp-content\/uploads\/2014\/09\/DDoptics-Garantie-250x114.jpg 250w\" sizes=\"(max-width: 352px) 100vw, 352px\" title=\"\">\t\t\t\t\t\t\n\t\t\t\t\t<\/div>\n\t\t\t\t\t\t<\/a>\t\t\n<style>\n#image_160971884 {\n  width: 100%;\n}\n<\/style>\n\t<\/div>\n\t\n<h3>Fatti binocoli DDoptics<\/h3>\n\n\t\t<div class=\"icon-box featured-box icon-box-left text-left\"  >\n\t\t\t\t\t<div class=\"icon-box-img\" style=\"width: 32px\">\n\t\t\t\t<div class=\"icon\">\n\t\t\t\t\t<div class=\"icon-inner\" >\n\t\t\t\t\t\t<img decoding=\"async\" width=\"100\" height=\"83\" src=\"https:\/\/ddoptics.shop\/wp-content\/uploads\/2021\/05\/DDoptics-SHG-Icon.jpg\" class=\"attachment-medium size-medium\" alt=\"Icona DDoptics SHG Binocolo\" title=\"\">\t\t\t\t\t<\/div>\n\t\t\t\t<\/div>\n\t\t\t<\/div>\n\t\t\t\t<div class=\"icon-box-text last-reset\">\n\t\t\t\t\t\t\t\t\t\n<p>Peso pi\u00f9 basso<\/p>\n\t\t<\/div>\n\t<\/div>\n\t\n\t\n\n\t\t<div class=\"icon-box featured-box icon-box-left text-left\"  >\n\t\t\t\t\t<div class=\"icon-box-img\" style=\"width: 32px\">\n\t\t\t\t<div class=\"icon\">\n\t\t\t\t\t<div class=\"icon-inner\" >\n\t\t\t\t\t\t<img decoding=\"async\" width=\"100\" height=\"83\" src=\"https:\/\/ddoptics.shop\/wp-content\/uploads\/2021\/05\/DDoptics-SHG-Icon.jpg\" class=\"attachment-medium size-medium\" alt=\"Icona DDoptics SHG Binocolo\" title=\"\">\t\t\t\t\t<\/div>\n\t\t\t\t<\/div>\n\t\t\t<\/div>\n\t\t\t\t<div class=\"icon-box-text last-reset\">\n\t\t\t\t\t\t\t\t\t\n<p>Ponte aperto<\/p>\n\t\t<\/div>\n\t<\/div>\n\t\n\t\n\n\t\t<div class=\"icon-box featured-box icon-box-left text-left\"  >\n\t\t\t\t\t<div class=\"icon-box-img\" style=\"width: 32px\">\n\t\t\t\t<div class=\"icon\">\n\t\t\t\t\t<div class=\"icon-inner\" >\n\t\t\t\t\t\t<img decoding=\"async\" width=\"100\" height=\"83\" src=\"https:\/\/ddoptics.shop\/wp-content\/uploads\/2021\/05\/DDoptics-SHG-Icon.jpg\" class=\"attachment-medium size-medium\" alt=\"Icona DDoptics SHG Binocolo\" title=\"\">\t\t\t\t\t<\/div>\n\t\t\t\t<\/div>\n\t\t\t<\/div>\n\t\t\t\t<div class=\"icon-box-text last-reset\">\n\t\t\t\t\t\t\t\t\t\n<p>\u2705 Meccanismo finemente regolabile<\/p>\n\t\t<\/div>\n\t<\/div>\n\t\n\t\n\n\t\t<div class=\"icon-box featured-box icon-box-left text-left\"  >\n\t\t\t\t\t<div class=\"icon-box-img\" style=\"width: 32px\">\n\t\t\t\t<div class=\"icon\">\n\t\t\t\t\t<div class=\"icon-inner\" >\n\t\t\t\t\t\t<img decoding=\"async\" width=\"100\" height=\"83\" src=\"https:\/\/ddoptics.shop\/wp-content\/uploads\/2021\/05\/DDoptics-SHG-Icon.jpg\" class=\"attachment-medium size-medium\" alt=\"Icona DDoptics SHG Binocolo\" title=\"\">\t\t\t\t\t<\/div>\n\t\t\t\t<\/div>\n\t\t\t<\/div>\n\t\t\t\t<div class=\"icon-box-text last-reset\">\n\t\t\t\t\t\t\t\t\t\n<p>Conchiglie oculari in metallo<\/p>\n\t\t<\/div>\n\t<\/div>\n\t\n\t\n\n\t\t<div class=\"icon-box featured-box icon-box-left text-left\"  >\n\t\t\t\t\t<div class=\"icon-box-img\" style=\"width: 32px\">\n\t\t\t\t<div class=\"icon\">\n\t\t\t\t\t<div class=\"icon-inner\" >\n\t\t\t\t\t\t<img decoding=\"async\" width=\"100\" height=\"83\" src=\"https:\/\/ddoptics.shop\/wp-content\/uploads\/2021\/05\/DDoptics-SHG-Icon.jpg\" class=\"attachment-medium size-medium\" alt=\"Icona DDoptics SHG Binocolo\" title=\"\">\t\t\t\t\t<\/div>\n\t\t\t\t<\/div>\n\t\t\t<\/div>\n\t\t\t\t<div class=\"icon-box-text last-reset\">\n\t\t\t\t\t\t\t\t\t\n<p>Prismi Schmidt-Pechan + buona risoluzione<\/p>\n\t\t<\/div>\n\t<\/div>\n\t\n\t\n\n\t\t<div class=\"icon-box featured-box icon-box-left text-left\"  >\n\t\t\t\t\t<div class=\"icon-box-img\" style=\"width: 32px\">\n\t\t\t\t<div class=\"icon\">\n\t\t\t\t\t<div class=\"icon-inner\" >\n\t\t\t\t\t\t<img decoding=\"async\" width=\"100\" height=\"83\" src=\"https:\/\/ddoptics.shop\/wp-content\/uploads\/2021\/05\/DDoptics-SHG-Icon.jpg\" class=\"attachment-medium size-medium\" alt=\"Icona DDoptics SHG Binocolo\" title=\"\">\t\t\t\t\t<\/div>\n\t\t\t\t<\/div>\n\t\t\t<\/div>\n\t\t\t\t<div class=\"icon-box-text last-reset\">\n\t\t\t\t\t\t\t\t\t\n<p>\u2705 Impermeabilit\u00e0 e riempimento di azoto<\/p>\n\t\t<\/div>\n\t<\/div>\n\t\n\t\n<div class=\"is-divider divider clearfix\" ><\/div>\n\t\t<\/div>\n\t\t\t\t\t<\/div>\n\n\t\n<\/div>\n<h3>Eccezionale rapporto prezzo\/prestazioni per un binocolo 10\u00d734<\/h3>\n<p>Con il<strong> Binocolo DDoptics Ultralight 10\u00d734<\/strong> DDoptics offre un'ottica in grado di fare tutto ci\u00f2 che ci si aspetta da un apparecchio cos\u00ec leggero. Uno <strong>il ponte aperto non \u00e8 un problema con il binocolo<\/strong> Anche questa fascia di prezzo \u00e8 stata finora scarsamente o per nulla riscontrata.<\/p>\n<h3>Design robusto per l'uso all'aperto<\/h3>\n<p>Il<strong> L'alloggiamento del binocolo \u00e8 realizzato in policarbonato ultraresistente e infrangibile<\/strong> creato. In tutti i punti critici, come gli oculari o la \u201cpiega\u201d, vengono impiegate leghe metalliche.<\/p>\n<h3>Meccanica binoculare fine<\/h3>\n<p>Il <strong>La ruota di messa a fuoco scorre liberamente e senza gioco.<\/strong> N\u00e9 troppo duro n\u00e9 troppo morbido. Con la regolazione fine, grazie al <strong>meccanica fine, la messa a fuoco<\/strong> facilmente e senza errori al \u201cpunto focale\u201d.<\/p>\n<p>Il <strong>Diottrica,<\/strong> che pu\u00f2 essere azionato sotto l'oculare destro, pu\u00f2 essere <strong>Pulito e preciso<\/strong> regolare. Le conchiglie oculari offrono quattro chiari \u201clivelli di griglia\u201d, consentendo sia di <strong>Portatori di occhiali e anche \u201cnon portatori di occhiali\u201c<\/strong> il <strong>migliore e pi\u00f9 confortevole distanza dagli occhi<\/strong> pu\u00f2 impostare.<\/p>\n<p>Il <strong>Rivestimento delle lenti ottiche<\/strong> Il sistema di illuminazione garantisce un'immagine luminosa e piacevole e, se non si ha bisogno del binocolo al momento, \u00e8 possibile riporlo rapidamente nella tasca della giacca. Il peso ridotto di poco meno di <strong>400 g di binocolo ultraleggero<\/strong> non interferisce in nessun momento.<\/p>\n<h3>Ideale per le vacanze all'aperto<\/h3>\n<p>Sia nel <strong>In montagna o sulla spiaggia<\/strong>, Che ci siano 15 gradi sotto zero o 45 gradi nel deserto, il binocolo Ultralight riempito di azoto \u00e8 in grado di affrontare qualsiasi situazione, producendo comunque una buona immagine. Fino al crepuscolo, vi aiutano a vedere il <strong>riconoscere la strada giusta<\/strong> o vi mostra dove si nasconde l'una o l'altra piccola sorpresa.<\/p>","protected":false},"excerpt":{"rendered":"<p><img decoding=\"async\" class=\"alignnone wp-image-10180 size-full\" title=\"Escursioni e trekking\" src=\"https:\/\/ddoptics.shop\/wp-content\/uploads\/2016\/04\/Bergwandern-klein.jpg\" alt=\"Binocolo per escursioni in montagna\" width=\"50\" height=\"50\" \/><img decoding=\"async\" class=\"alignnone wp-image-10178 size-full\" title=\"Osservazioni sulla natura\" src=\"https:\/\/ddoptics.shop\/wp-content\/uploads\/2016\/04\/Gebirgsjagd-klein.jpg\" alt=\"Binocolo da caccia di montagna\" width=\"50\" height=\"50\" \/><br \/>\nIl nostro parere: Il<strong> DDoptics binocolo Revolution - <\/strong>uno<strong> Binocoli per tutti ad un prezzo incredibile.<\/strong><\/p>","protected":false},"featured_media":1961,"comment_status":"open","ping_status":"closed","template":"","meta":{"inline_featured_image":false,"footnotes":""},"product_brand":[],"product_cat":[351,361,329,344,346],"product_tag":[153,160,78,954],"class_list":{"0":"post-1958","1":"product","2":"type-product","3":"status-publish","4":"has-post-thumbnail","6":"product_cat-10x-vergroesserung","7":"product_cat-34-mm-objektiv","8":"product_cat-ddoptics","9":"product_cat-naturbeobachtung","10":"product_cat-wandern-und-reisen","11":"product_tag-10-fach-vergroesserung","12":"product_tag-10x34","13":"product_tag-ddoptics","14":"product_tag-ultralight-10x34","15":"product_shipping_class-paket","16":"pa_brand-marke-ddoptics","17":"pa_farbe-schwarz","18":"pa_produkt-typ-fernglas","20":"first","21":"instock","22":"sale","23":"taxable","24":"shipping-taxable","25":"purchasable","26":"product-type-simple"},"bundled_by":[],"bundle_stock_status":"instock","bundle_stock_quantity":null,"bundle_virtual":false,"bundle_layout":"","bundle_add_to_cart_form_location":"","bundle_editable_in_cart":false,"bundle_sold_individually_context":"","bundle_item_grouping":"","bundle_min_size":"","bundle_max_size":"","bundle_price":[],"bundled_items":[],"bundle_sell_ids":[],"_links":{"self":[{"href":"https:\/\/ddoptics.shop\/it\/wp-json\/wp\/v2\/product\/1958","targetHints":{"allow":["GET"]}}],"collection":[{"href":"https:\/\/ddoptics.shop\/it\/wp-json\/wp\/v2\/product"}],"about":[{"href":"https:\/\/ddoptics.shop\/it\/wp-json\/wp\/v2\/types\/product"}],"replies":[{"embeddable":true,"href":"https:\/\/ddoptics.shop\/it\/wp-json\/wp\/v2\/comments?post=1958"}],"version-history":[{"count":7,"href":"https:\/\/ddoptics.shop\/it\/wp-json\/wp\/v2\/product\/1958\/revisions"}],"predecessor-version":[{"id":29194,"href":"https:\/\/ddoptics.shop\/it\/wp-json\/wp\/v2\/product\/1958\/revisions\/29194"}],"wp:featuredmedia":[{"embeddable":true,"href":"https:\/\/ddoptics.shop\/it\/wp-json\/wp\/v2\/media\/1961"}],"wp:attachment":[{"href":"https:\/\/ddoptics.shop\/it\/wp-json\/wp\/v2\/media?parent=1958"}],"wp:term":[{"taxonomy":"product_brand","embeddable":true,"href":"https:\/\/ddoptics.shop\/it\/wp-json\/wp\/v2\/product_brand?post=1958"},{"taxonomy":"product_cat","embeddable":true,"href":"https:\/\/ddoptics.shop\/it\/wp-json\/wp\/v2\/product_cat?post=1958"},{"taxonomy":"product_tag","embeddable":true,"href":"https:\/\/ddoptics.shop\/it\/wp-json\/wp\/v2\/product_tag?post=1958"}],"curies":[{"name":"wp","href":"https:\/\/api.w.org\/{rel}","templated":true}]}}