{"id":1970,"date":"2016-04-16T14:54:30","date_gmt":"2016-04-16T12:54:30","guid":{"rendered":"https:\/\/beta.optik-sport-shop.at\/kaufen\/zielfernrohr-ddoptics-nachtfalke-hdx-1komma5-6x42-gen-3-new-absehen-4\/"},"modified":"2025-07-04T11:10:56","modified_gmt":"2025-07-04T09:10:56","slug":"nighteagle-1komma5-6x42-gen-3","status":"publish","type":"product","link":"https:\/\/ddoptics.shop\/it\/kaufen\/nighteagle-1komma5-6x42-gen-3\/","title":{"rendered":"Cannocchiale DDoptics Nighteagle 1.5-6\u00d742 | V4 | A4N | Regolazione MOA - Gen 3"},"content":{"rendered":"<div class=\"container section-title-container\" ><h3 class=\"section-title section-title-normal\"><b aria-hidden=\"true\"><\/b><span class=\"section-title-main\" ><i class=\"icon-cross\" aria-hidden=\"true\"><\/i>Breve panoramica del cannocchiale DDoptics V6 1-6x42 Gen 3<\/span><b aria-hidden=\"true\"><\/b><\/h3><\/div>\n<table style=\"width: 100%; background-color: #cacaca;\">\n<tbody>\n<tr>\n<td style=\"height: 35px; width: 25%;\"><strong>Tubo<\/strong><\/td>\n<td style=\"height: 35px; width: 25%;\">Tubo mono da 30 mm<\/td>\n<td style=\"height: 35px; width: 25%;\"><strong>Campo visivo: m @100m<\/strong><\/td>\n<td style=\"height: 35px; width: 25%;\">6 m<\/td>\n<\/tr>\n<tr>\n<td style=\"height: 35px; width: 25%;\"><strong>Sistema ottico<\/strong><\/td>\n<td style=\"height: 35px; width: 25%;\">Zoom 1,5-6x \/ 4x<\/td>\n<td style=\"height: 35px; width: 25%;\">\u00a0<strong>Distanza interpupillare<\/strong><\/td>\n<td style=\"height: 35px; width: 25%;\">84-99 mm<\/td>\n<\/tr>\n<tr>\n<td style=\"height: 35px; width: 25%;\"><strong>Lente<\/strong><\/td>\n<td style=\"height: 35px; width: 25%;\">42 mm<\/td>\n<td style=\"height: 35px; width: 25%;\">\u00a0<strong>Lunghezza<\/strong><\/td>\n<td style=\"height: 35px; width: 25%;\">290 mm<\/td>\n<\/tr>\n<tr>\n<td style=\"height: 35px; width: 25%;\"><strong>Reticolo<\/strong><\/td>\n<td style=\"height: 35px; width: 25%;\">Nuovo reticolo 4 (A4N)<\/td>\n<td style=\"height: 35px; width: 25%;\">\u00a0<strong>Peso<\/strong><\/td>\n<td style=\"height: 35px; width: 25%;\">520 g<\/td>\n<\/tr>\n<tr>\n<td style=\"height: 10px; width: 25%;\"><strong>Punto luce<\/strong><\/td>\n<td style=\"height: 10px; width: 25%;\">Standard o iFibra<\/td>\n<td style=\"height: 10px; width: 25%;\">\u00a0<strong>Protezione antiappannamento<\/strong><\/td>\n<td style=\"height: 10px; width: 25%;\">Riempimento di azoto contro l'appannamento<\/td>\n<\/tr>\n<tr>\n<td style=\"height: 10px; width: 25%;\"><strong>Messa a fuoco\/parallasse<\/strong><\/td>\n<td style=\"height: 10px; width: 25%;\">nessuno<\/td>\n<td style=\"height: 10px; width: 25%;\">\u00a0<strong>Tenuta<\/strong><\/td>\n<td style=\"height: 10px; width: 25%;\">Resistente all'acqua e agli urti<\/td>\n<\/tr>\n<\/tbody>\n<\/table>\n<div class=\"row\"  id=\"row-272235199\">\n\n\t<div id=\"col-584544755\" class=\"col medium-8 small-12 large-8\"  >\n\t\t\t\t<div class=\"col-inner\"  >\n\t\t\t\n\t\t\t\n<h2>Cannocchiale DDoptics Nighteagle 1,5-6\u00d742 Gen 3 - senza compromessi, luminoso e potente<\/h2>\n<p>Il <strong>DDoptics Nighteagle HDX 1,5-6\u00d742<\/strong> \u00e8 stato progettato in modo tale da soddisfare le esigenze odierne di un'organizzazione <a href=\"https:\/\/de.wikipedia.org\/wiki\/Dr%C3%BCckjagd\" target=\"_blank\" rel=\"noopener noreferrer\"><strong>Caccia al movimento<\/strong> <\/a>in tutta la sua ampiezza.<\/p>\n<p>Con questo <strong>Ottica target per la caccia guidata<\/strong> I tiri intorno ai 100 metri sono giustificabili. Se, ad esempio, la selvaggina si allontana dai cacciatori che sono ben posizionati davanti agli stand, o anche se sperano. Altrettanto adatto \u00e8 questo <strong>Ottica di puntamento per lo stalking nei campi e nei boschi fitti.<\/strong><\/p>\n<p>Viene utilizzato soprattutto in montagna per le sue dimensioni e il suo peso ridotti.<\/p>\n<h3>Il cannocchiale da puntamento 1,5-6\u00d742 con reticolo illuminato New Reticle 4 (A4N): Panoramica perfetta<\/h3>\n<p>Il mirino funziona, tranne che per <strong>100m senza parallasse<\/strong>. Per regolare il reticolo non sono necessari strumenti. Ogni scatto regola il reticolo di 1\/4 MOA (corrispondente a 7,3 mm a 100 m). Il reticolo <strong>Cliccare sulla regolazione <\/strong>opere<strong> Assolutamente ripetibile<\/strong> e pu\u00f2 essere azzerato dopo lo sparo.<\/p>\n\t\t<\/div>\n\t\t\t\t\t<\/div>\n\n\t\n\n\t<div id=\"col-2063436185\" class=\"col medium-4 small-12 large-4\"  >\n\t\t\t\t<div class=\"col-inner\"  >\n\t\t\t\n\t\t\t\n<a class=\"button primary expand\" >\n\t\t<span>Caratteristiche speciali del cannocchiale<\/span>\n\t<\/a>\n\n\n\t<section class=\"section\" id=\"section_423079924\">\n\t\t<div class=\"section-bg fill\" >\n\t\t\t\t\t\t\t\t\t<div class=\"section-bg-overlay absolute fill\"><\/div>\n\t\t\t\n\n\t\t<\/div>\n\n\t\t\n\n\t\t<div class=\"section-content relative\">\n\t\t\t\n\t<div class=\"img has-hover x md-x lg-x y md-y lg-y\" id=\"image_1947147523\">\n\t\t<a class=\"\" href=\"https:\/\/www.ddoptics.de\/garantiebestimmungen\" target=\"_blank\" rel=\"no follow noopener\">\t\t\t\t\t\t<div class=\"img-inner dark\" >\n\t\t\t<img decoding=\"async\" width=\"352\" height=\"160\" src=\"https:\/\/ddoptics.shop\/wp-content\/uploads\/2014\/09\/DDoptics-Garantie.jpg\" class=\"attachment-large size-large\" alt=\"Garanzia DDoptics\" srcset=\"https:\/\/ddoptics.shop\/wp-content\/uploads\/2014\/09\/DDoptics-Garantie.jpg 352w, https:\/\/ddoptics.shop\/wp-content\/uploads\/2014\/09\/DDoptics-Garantie-304x138.jpg 304w, https:\/\/ddoptics.shop\/wp-content\/uploads\/2014\/09\/DDoptics-Garantie-305x139.jpg 305w, https:\/\/ddoptics.shop\/wp-content\/uploads\/2014\/09\/DDoptics-Garantie-250x114.jpg 250w\" sizes=\"(max-width: 352px) 100vw, 352px\" title=\"\">\t\t\t\t\t\t\n\t\t\t\t\t<\/div>\n\t\t\t\t\t\t<\/a>\t\t\n<style>\n#image_1947147523 {\n  width: 100%;\n}\n<\/style>\n\t<\/div>\n\t\n\t<div id=\"gap-1111388884\" class=\"gap-element clearfix\" style=\"display:block; height:auto;\">\n\t\t\n<style>\n#gap-1111388884 {\n  padding-top: 15px;\n}\n<\/style>\n\t<\/div>\n\t\n\t<div id=\"text-264957036\" class=\"text\">\n\t\t\n<p><em><span style=\"font-size: 80%;\">\u21d2 <strong>DDoptics Punto illuminato in fibra opzionale<\/strong><\/span><\/em><br \/>\n<em><span style=\"font-size: 80%;\">\u21d2 Reticolo: Nuovo reticolo 4 nel\u00a0<strong>2\u00b0 piano immagine<\/strong><\/span><\/em><br \/>\n<em><span style=\"font-size: 80%;\">\u21d2 Accuratezza del rendimento assoluto<\/span><\/em><br \/>\n<em><span style=\"font-size: 80%;\">\u21d2 <strong>Ampio intervallo di regolazione<\/strong><\/span><\/em><br \/>\n<em><span style=\"font-size: 80%;\">\u21d2 Punto illuminato II di serie<\/span><\/em><br \/>\n<em><span style=\"font-size: 80%;\">\u21d2 <strong>Trasmissione della luce<\/strong> con valori di picco<\/span><\/em><br \/>\n<em><span style=\"font-size: 80%;\">\u21d2 A prova di sparo: test 375H&amp;H con 1.000 colpi<\/span><\/em><br \/>\n<em><span style=\"font-size: 80%;\">\u21d2 Campo visivo: 21m -5,6m<\/span><\/em><br \/>\n\t\t\n<style>\n#text-264957036 {\n  line-height: 1.15;\n  color: rgb(33, 107, 227);\n}\n#text-264957036 > * {\n  color: rgb(33, 107, 227);\n}\n<\/style>\n\t<\/div>\n\t\n\t\t<\/div>\n\n\t\t\n<style>\n#section_423079924 {\n  padding-top: 30px;\n  padding-bottom: 30px;\n  background-color: rgb(232, 232, 232);\n}\n#section_423079924 .section-bg-overlay {\n  background-color: rgba(255,255,255,.5);\n}\n<\/style>\n\t<\/section>\n\t\n\t\t<\/div>\n\t\t\t\t\t<\/div>\n\n\t\n<\/div>\n<p>Il nuovo reticolo 4\u00a0<strong>Reticolo illuminato<\/strong> si trova nel <strong>Piano immagine dell'oculare (2\u00b0 piano immagine)<\/strong> e quindi rimane della stessa dimensione in ogni impostazione di ingrandimento. L'anello intercambiabile si trova sull'oculare per ingrandire o ridurre il reticolo. \u00c8 largo 15 mm, finemente scanalato e quindi aumenta la presa e la resistenza allo scivolamento. La difficile regolazione dell'anello intercambiabile \u00e8 voluta da DDoptics per evitare regolazioni involontarie.<\/p>\n<h3>Punto illuminato in fibra ottica per una rapida acquisizione del bersaglio<\/h3>\n<figure id=\"attachment_1951\" aria-describedby=\"caption-attachment-1951\" style=\"width: 250px\" class=\"wp-caption alignright\"><a href=\"https:\/\/ddoptics.shop\/wp-content\/uploads\/2016\/04\/Neues-DDoptics-Absehen.jpg\" rel=\"attachment wp-att-1951\"><img decoding=\"async\" class=\"wp-image-1951\" src=\"https:\/\/ddoptics.shop\/wp-content\/uploads\/2016\/04\/Neues-DDoptics-Absehen-340x340.jpg\" alt=\"Nuovo reticolo DDoptics 4\" width=\"250\" height=\"199\" title=\"\" srcset=\"https:\/\/ddoptics.shop\/wp-content\/uploads\/2016\/04\/Neues-DDoptics-Absehen-304x242.jpg 304w, https:\/\/ddoptics.shop\/wp-content\/uploads\/2016\/04\/Neues-DDoptics-Absehen-305x243.jpg 305w, https:\/\/ddoptics.shop\/wp-content\/uploads\/2016\/04\/Neues-DDoptics-Absehen-632x503.jpg 632w, https:\/\/ddoptics.shop\/wp-content\/uploads\/2016\/04\/Neues-DDoptics-Absehen.jpg 800w, https:\/\/ddoptics.shop\/wp-content\/uploads\/2016\/04\/Neues-DDoptics-Absehen-250x199.jpg 250w, https:\/\/ddoptics.shop\/wp-content\/uploads\/2016\/04\/Neues-DDoptics-Absehen-510x406.jpg 510w\" sizes=\"(max-width: 250px) 100vw, 250px\" \/><\/a><figcaption id=\"caption-attachment-1951\" class=\"wp-caption-text\">Nuovo reticolo DDoptics 4<\/figcaption><\/figure>\n<p>Il <strong>Punto rosso illuminato<\/strong> pu\u00f2 essere <strong>Dimmerazione infinitamente variabile del 100 per cento<\/strong>, finch\u00e9 l'occhio umano non lo percepisce pi\u00f9. Il reticolo si comporta quindi come un mirino ottico senza unit\u00e0 luminosa.<\/p>\n<p>Il <strong>Unit\u00e0 di illuminazione <\/strong>si basa su un reale<strong> Tecnologia a fibre ottiche<\/strong>. La luce viene quindi emessa per mezzo di una <strong>filamento di fibra ottica al centro del reticolo<\/strong> guidato. Vantaggio: quando il punto illuminato \u00e8 spento, non \u00e8 visibile alcun punto nero.<\/p>\n<p>Poich\u00e9 la luce \u00e8 localizzata esclusivamente nel filamento di fibra di vetro, la <strong>Esclusione degli effetti collaterali e di dissolvenza incrociata indesiderati<\/strong>. Questo aiuta a prendere rapidamente la mira e aumenta notevolmente la percentuale di colpi.<\/p>\n<h3>L'ottica di destinazione Trasmissione della luce - valori internazionali di punta<\/h3>\n<p>Il <strong>Ottica completamente rivestita<\/strong> dell'Aquila della Notte<strong>\u00a0HDX 1,5-6\u00d742<\/strong> non lascia nulla a desiderare.<\/p>\n<p>Esperti indipendenti hanno <strong>Trasmissione della luce 93,3 per cento<\/strong> (giorno) e 91,6% (notte). Il <strong>L'immagine \u00e8 nitida, ad alto contrasto e fedele ai colori<\/strong>, offre un'ottima <strong>nitidezza dei bordi e assenza totale di riflessi<\/strong>. In combinazione con il campo visivo (da 21 m a 5,6 m) e le opzioni di ingrandimento, il Nighteagle HDX 1,5-6\u00d742 non solo garantisce un utilizzo ottimale.<\/p>\n<h3>Bassa deviazione della linea di mira e massima resistenza al tiro<\/h3>\n<p>Lo spostamento tipico e inevitabile del punto d'impatto dei reticoli sul piano dell'immagine dell'oculare quando si cambia ingrandimento \u00e8 inferiore a 20 mm a 100 metri con il Nighteagle HDX 1,5-6\u00d742. Questo valore \u00e8 del tutto irrilevante per l'uso venatorio.<\/p>\n<p><strong>Campo di regolazione totale del mirino telescopico:<\/strong><\/p>\n<ul>\n<li>530 <a href=\"https:\/\/ddoptics.shop\/it\/termine-tecnico\/calcolo-del-minuto-angolare-o-del-moa-per-i-cannocchiali-da-puntamento\/\" target=\"_blank\" rel=\"noopener noreferrer\">Clic<\/a><\/li>\n<li>corrisponde a 132,5 MOA<\/li>\n<li>corrisponde a 66,25 MOA per lato<\/li>\n<\/ul>\n<p>Durante il test, dopo 20 scatti con il <strong>calibro .450 Dakota e oltre 100 colpi con il calibro .308 Win.<\/strong> Gli esperti indipendenti non sono stati in grado di misurare alcun disallineamento.<\/p>\n<h3>Distanza interpupillare e regolazione delle diottrie<\/h3>\n<p>Il <strong>La distanza tra gli occhi \u00e8 di 100 mm<\/strong>, che consente l'uso di grossi calibri senza problemi. L'estremit\u00e0 dell'oculare \u00e8 inoltre protetta da un anello di gomma scanalato. La regolazione diottrica va da -3 a +3 diottrie.<\/p>\n<p>Il <strong>Le ottiche di puntamento servono soprattutto per i tiri fugaci<\/strong> e quindi particolarmente interessante per la caccia in movimento. Grazie al diametro di 42 mm dell'obiettivo, il mirino ottico pu\u00f2 comunque essere utilizzato fino in fondo. <strong>crepuscolo tardivo<\/strong> e pu\u00f2 quindi essere utilizzato anche come nascondiglio. Anche con il <strong>Caccia all'estero in Africa<\/strong> il modello ha dimostrato il suo valore. Il vetro \u00e8 particolarmente adatto all'uso con un dispositivo combinato di visione notturna.<\/p>\n<h3>Disegno tecnico del cannocchiale da puntamento 1,5-6\u00d742 Gen 3<\/h3>\n\t<div class=\"img has-hover x md-x lg-x y md-y lg-y\" id=\"image_1420351257\">\n\t\t\t\t\t\t\t\t<div class=\"img-inner dark\" >\n\t\t\t<img decoding=\"async\" width=\"1020\" height=\"477\" src=\"https:\/\/ddoptics.shop\/wp-content\/uploads\/2016\/04\/1_5-6x42-1600x748.jpg\" class=\"attachment-large size-large\" alt=\"Cannocchiale da puntamento DDoptics 1,5-6x42 con reticolo duplex\" srcset=\"https:\/\/ddoptics.shop\/wp-content\/uploads\/2016\/04\/1_5-6x42-1600x748.jpg 1600w, https:\/\/ddoptics.shop\/wp-content\/uploads\/2016\/04\/1_5-6x42-scaled-304x142.jpg 304w, https:\/\/ddoptics.shop\/wp-content\/uploads\/2016\/04\/1_5-6x42-scaled-305x143.jpg 305w, https:\/\/ddoptics.shop\/wp-content\/uploads\/2016\/04\/1_5-6x42-scaled-632x296.jpg 632w, https:\/\/ddoptics.shop\/wp-content\/uploads\/2016\/04\/1_5-6x42-800x374.jpg 800w, https:\/\/ddoptics.shop\/wp-content\/uploads\/2016\/04\/1_5-6x42-scaled-250x117.jpg 250w, https:\/\/ddoptics.shop\/wp-content\/uploads\/2016\/04\/1_5-6x42-scaled-510x238.jpg 510w\" sizes=\"(max-width: 1020px) 100vw, 1020px\" title=\"\">\t\t\t\t\t\t\n\t\t\t\t\t<\/div>\n\t\t\t\t\t\t\t\t\n<style>\n#image_1420351257 {\n  width: 100%;\n}\n<\/style>\n\t<\/div>","protected":false},"excerpt":{"rendered":"<p><strong><img decoding=\"async\" class=\"alignnone wp-image-10455 size-full\" title=\"Caccia al movimento\" src=\"https:\/\/ddoptics.shop\/wp-content\/uploads\/2016\/04\/Bewegungsjagd.jpg\" alt=\"Caccia al movimento\" width=\"50\" height=\"50\" \/><\/strong><img decoding=\"async\" class=\"alignnone wp-image-10452 size-full\" title=\"Tiro sportivo\" src=\"https:\/\/ddoptics.shop\/wp-content\/uploads\/2016\/07\/Target-Schiessen.jpg\" alt=\"Tiro al bersaglio\" width=\"50\" height=\"50\" \/><img decoding=\"async\" class=\"alignnone wp-image-10168 size-full\" title=\"Caccia al cavalletto\" src=\"https:\/\/ddoptics.shop\/wp-content\/uploads\/2016\/09\/Jagd-klein.jpg\" alt=\"Binocoli da caccia\" width=\"50\" height=\"50\" \/><br \/>\n<strong>Alta sicurezza<\/strong> al <strong>acquisizione rapida del bersaglio<\/strong> e durante le riprese in fuga. Uno <strong>Ottica per bersagli a tutto tondo<\/strong> per <strong>Caccia guidata, in movimento e da appostamento<\/strong>.<\/p>\n<p>Opzionalmente con <strong>NUOVO,<\/strong> pi\u00f9 intelligente <a title=\"NUOVO Punto illuminato DDoptics IFiber\" href=\"\/it\/termine-tecnico-wiki\/punto-luce-intelligente-ddoptics-ifiber\/\" target=\"_blank\" rel=\"noopener noreferrer\">Punto luce IFibre<\/a> con <strong>99 \u20ac di supplemento.<\/strong><\/p>","protected":false},"featured_media":25686,"comment_status":"open","ping_status":"closed","template":"","meta":{"inline_featured_image":false,"footnotes":""},"product_brand":[],"product_cat":[476,455,639,918,637,68],"product_tag":[164,78,80,79],"class_list":{"0":"post-1970","1":"product","2":"type-product","3":"status-publish","4":"has-post-thumbnail","6":"product_cat-15-6x42","7":"product_cat-42-mm-objektivdurchmesser","8":"product_cat-bewegungsjagd","9":"product_cat-v4-4fach-zoom","10":"product_cat-zf-anwendung","11":"product_cat-zielfernrohr","12":"product_tag-1-5-6x42","13":"product_tag-ddoptics","14":"product_tag-gen-3","15":"product_tag-zielfernrohr","16":"product_shipping_class-paket","17":"pa_brand-marke-ddoptics","18":"pa_produkt-typ-zielfernrohr","20":"first","21":"outofstock","22":"sale","23":"taxable","24":"shipping-taxable","25":"purchasable","26":"product-type-variable","27":"has-default-attributes"},"bundled_by":[],"bundle_stock_status":"outofstock","bundle_stock_quantity":null,"bundle_virtual":false,"bundle_layout":"","bundle_add_to_cart_form_location":"","bundle_editable_in_cart":false,"bundle_sold_individually_context":"","bundle_item_grouping":"","bundle_min_size":"","bundle_max_size":"","bundle_price":[],"bundled_items":[],"bundle_sell_ids":[],"_links":{"self":[{"href":"https:\/\/ddoptics.shop\/it\/wp-json\/wp\/v2\/product\/1970","targetHints":{"allow":["GET"]}}],"collection":[{"href":"https:\/\/ddoptics.shop\/it\/wp-json\/wp\/v2\/product"}],"about":[{"href":"https:\/\/ddoptics.shop\/it\/wp-json\/wp\/v2\/types\/product"}],"replies":[{"embeddable":true,"href":"https:\/\/ddoptics.shop\/it\/wp-json\/wp\/v2\/comments?post=1970"}],"version-history":[{"count":17,"href":"https:\/\/ddoptics.shop\/it\/wp-json\/wp\/v2\/product\/1970\/revisions"}],"predecessor-version":[{"id":28600,"href":"https:\/\/ddoptics.shop\/it\/wp-json\/wp\/v2\/product\/1970\/revisions\/28600"}],"wp:featuredmedia":[{"embeddable":true,"href":"https:\/\/ddoptics.shop\/it\/wp-json\/wp\/v2\/media\/25686"}],"wp:attachment":[{"href":"https:\/\/ddoptics.shop\/it\/wp-json\/wp\/v2\/media?parent=1970"}],"wp:term":[{"taxonomy":"product_brand","embeddable":true,"href":"https:\/\/ddoptics.shop\/it\/wp-json\/wp\/v2\/product_brand?post=1970"},{"taxonomy":"product_cat","embeddable":true,"href":"https:\/\/ddoptics.shop\/it\/wp-json\/wp\/v2\/product_cat?post=1970"},{"taxonomy":"product_tag","embeddable":true,"href":"https:\/\/ddoptics.shop\/it\/wp-json\/wp\/v2\/product_tag?post=1970"}],"curies":[{"name":"wp","href":"https:\/\/api.w.org\/{rel}","templated":true}]}}