{"id":21141,"date":"2020-01-29T17:09:44","date_gmt":"2020-01-29T16:09:44","guid":{"rendered":"https:\/\/ddoptics.shop\/?post_type=product&#038;p=21141"},"modified":"2025-10-03T14:10:53","modified_gmt":"2025-10-03T12:10:53","slug":"cannocchiale-v6-5to30x50-gen-3-tattico-mildot-mrad","status":"publish","type":"product","link":"https:\/\/ddoptics.shop\/it\/kaufen\/zielfernrohr-v6-5bis30x50-gen-3-tactical-mildot-mrad\/","title":{"rendered":"Cannocchiale tattico DDoptics Nighteagle 5-30\u00d750 | V6 | MilDot | Regolazione MRAD - Gen 3"},"content":{"rendered":"<div class=\"container section-title-container\" ><h3 class=\"section-title section-title-normal\"><b aria-hidden=\"true\"><\/b><span class=\"section-title-main\" ><i class=\"icon-cross\" aria-hidden=\"true\"><\/i>Breve panoramica Nighteagle 5-30x50 Tactical di DDoptics<\/span><b aria-hidden=\"true\"><\/b><\/h3><\/div>\n<table style=\"background-color: #cacaca; width: 100%;\">\n<tbody>\n<tr style=\"height: 24px;\">\n<td style=\"height: 24px; width: 20%;\"><strong>Tubo:<\/strong><\/td>\n<td style=\"height: 24px; width: 30%;\">Tubo mono da 30 mm<\/td>\n<td style=\"height: 24px; width: 20%;\"><strong>Campo visivo: m @100 m:<\/strong><\/td>\n<td style=\"height: 24px; width: 30%;\">7,2 - 1,1 m<\/td>\n<\/tr>\n<tr style=\"height: 24px;\">\n<td style=\"height: 24px; width: 20%;\"><strong>Sistema ottico:<\/strong><\/td>\n<td style=\"height: 24px; width: 30%;\">Da 5 a 30 volte<\/td>\n<td style=\"height: 24px; width: 20%;\"><strong>Distanza interpupillare:<\/strong><\/td>\n<td style=\"height: 24px; width: 30%;\">90,5 mm<\/td>\n<\/tr>\n<tr style=\"height: 24px;\">\n<td style=\"height: 24px; width: 20%;\"><strong>Obiettivo:<\/strong><\/td>\n<td style=\"height: 24px; width: 30%;\">50 mm<\/td>\n<td style=\"height: 24px; width: 20%;\"><strong>Lunghezza:<\/strong><\/td>\n<td style=\"height: 24px; width: 30%;\">348 mm<\/td>\n<\/tr>\n<tr style=\"height: 24px;\">\n<td style=\"height: 24px; width: 20%;\"><a href=\"https:\/\/de.wikipedia.org\/wiki\/Absehen\" target=\"_blank\" rel=\"noopener noreferrer\"><strong>Reticolo:<\/strong><\/a><\/td>\n<td style=\"height: 24px; width: 30%;\">MilDot<\/td>\n<td style=\"height: 24px; width: 20%;\"><strong>Peso:<\/strong><\/td>\n<td style=\"height: 24px; width: 30%;\">\u00a0742 g<\/td>\n<\/tr>\n<tr style=\"height: 24px;\">\n<td style=\"height: 24px; width: 20%;\"><strong>Punto luce<\/strong><\/td>\n<td style=\"height: 24px; width: 30%;\">LP 2 o iFibra<\/td>\n<td style=\"height: 24px; width: 20%;\"><strong>Protezione antiappannamento:<\/strong><\/td>\n<td style=\"height: 24px; width: 30%;\">Riempimento di azoto contro l'appannamento<\/td>\n<\/tr>\n<tr style=\"height: 24px;\">\n<td style=\"height: 24px; width: 20%;\"><strong>Messa a fuoco\/parallasse:<\/strong><\/td>\n<td style=\"height: 24px; width: 30%;\">Obiettivo regolabile da 20 m a infinito<\/td>\n<td style=\"height: 24px; width: 20%;\"><strong>\u00a0Tenuta:<\/strong><\/td>\n<td style=\"height: 24px; width: 30%;\">Resistente all'acqua e agli urti<\/td>\n<\/tr>\n<\/tbody>\n<\/table>\n<div class=\"row\"  id=\"row-505028247\">\n\n\t<div id=\"col-566247210\" class=\"col medium-8 small-12 large-8\"  >\n\t\t\t\t<div class=\"col-inner\"  >\n\t\t\t\n\t\t\t\n<h2>Cannocchiale da puntamento DDoptics Nighteagle 5-30\u00d750 V6 Tactical - cannocchiale da puntamento con zoom 6x, regolazione a scatto MRAD e reticolo MilDot - Gen 3<\/h2>\n<p>Il <strong>Cannocchiale da puntamento DDoptics V6 5-30\u00d750 Tactical Gen 3 <\/strong>con reticolo tattico e <a href=\"https:\/\/ddoptics.shop\/it\/negozio\/mirino-telescopico-2\/regolazione-del-clic-mrad\/\" target=\"_blank\" rel=\"noopener noreferrer\">Regolazione MRAD<\/a> \u00e8 un'ottica ad alte prestazioni con zoom 6x - progettata con<strong> Torrette del reticolo tattico<\/strong>. \u00c8 stato e viene sviluppato insieme al <strong>migliori sviluppatori<\/strong> progettato in Giappone.<\/p>\n<p><span class=\"userContent\">Per la prima volta a questa ZF, il nuovo <strong>Vetro sviluppato tipo CT (Clear-Transmission)<\/strong> installati da DDoptics. In futuro <strong>DDoptics offre questa qualit\u00e0 di lente per tutte le lenti Gen 3<\/strong> Installare i cannocchiali da puntamento.<\/span><\/p>\n<p><span class=\"userContent\">Il vetro CT offre un bianco di base pi\u00f9 chiaro e risplende con<strong> migliori contrasti di colore, maggiore luminosit\u00e0<\/strong> e una riduzione significativa delle perdite e delle aberrazioni cromatiche.<\/span><\/p>\n<p>Il <strong>Spessore stabile della parete del tubo di 2 mm<\/strong> \u00e8 superiore allo standard militare. Le due torri di regolazione sono costituite da un <strong>Lega di alluminio - senza parti in plastica<\/strong>. Tutte le parti in alluminio sono rivestite con il nuovo <strong>Rivestimento anodizzato nero fine DDoptics<\/strong> fornito.<\/p>\n<p>La regolazione a T delle torri, accurata e precisa, garantisce una precisione assoluta e ripetibile.<\/p>\n\t\t<\/div>\n\t\t\t\t\t<\/div>\n\n\t\n\n\t<div id=\"col-134410806\" class=\"col medium-4 small-12 large-4\"  >\n\t\t\t\t<div class=\"col-inner\"  >\n\t\t\t\n\t\t\t\n<a class=\"button primary expand\" >\n\t\t<span>Caratteristiche speciali del cannocchiale<\/span>\n\t<\/a>\n\n\n\t<section class=\"section\" id=\"section_719459053\">\n\t\t<div class=\"section-bg fill\" >\n\t\t\t\t\t\t\t\t\t<div class=\"section-bg-overlay absolute fill\"><\/div>\n\t\t\t\n\n\t\t<\/div>\n\n\t\t\n\n\t\t<div class=\"section-content relative\">\n\t\t\t\n\t<div class=\"img has-hover x md-x lg-x y md-y lg-y\" id=\"image_820211959\">\n\t\t<a class=\"\" href=\"https:\/\/www.ddoptics.de\/garantiebestimmungen\" target=\"_blank\" rel=\"no follow noopener\">\t\t\t\t\t\t<div class=\"img-inner dark\" >\n\t\t\t<img decoding=\"async\" width=\"352\" height=\"160\" src=\"https:\/\/ddoptics.shop\/wp-content\/uploads\/2014\/09\/DDoptics-Garantie.jpg\" class=\"attachment-large size-large\" alt=\"Garanzia DDoptics\" srcset=\"https:\/\/ddoptics.shop\/wp-content\/uploads\/2014\/09\/DDoptics-Garantie.jpg 352w, https:\/\/ddoptics.shop\/wp-content\/uploads\/2014\/09\/DDoptics-Garantie-304x138.jpg 304w, https:\/\/ddoptics.shop\/wp-content\/uploads\/2014\/09\/DDoptics-Garantie-305x139.jpg 305w, https:\/\/ddoptics.shop\/wp-content\/uploads\/2014\/09\/DDoptics-Garantie-250x114.jpg 250w\" sizes=\"(max-width: 352px) 100vw, 352px\" title=\"\">\t\t\t\t\t\t\n\t\t\t\t\t<\/div>\n\t\t\t\t\t\t<\/a>\t\t\n<style>\n#image_820211959 {\n  width: 100%;\n}\n<\/style>\n\t<\/div>\n\t\n\t<div id=\"gap-1826117291\" class=\"gap-element clearfix\" style=\"display:block; height:auto;\">\n\t\t\n<style>\n#gap-1826117291 {\n  padding-top: 15px;\n}\n<\/style>\n\t<\/div>\n\t\n\t<div id=\"text-1905816919\" class=\"text\">\n\t\t\n<p><span style=\"font-size: 80%;\"><em>\u21d2 <strong>Adeguamento MRAD 1 cm per 100 m<br \/>\n<\/strong>\u21d2 Reticolo MilDot o duplex<\/em><\/span><br \/>\n<span style=\"font-size: 80%;\"><em>\u21d2 Anello di arresto dello zero \/ arresto dello zero per la regolazione dell'altezza<\/em><\/span><br \/>\n<span style=\"font-size: 80%;\"><em>\u21d2 NUOVO: punto illuminato IFiber opzionale<\/em><\/span><br \/>\n<span style=\"font-size: 80%;\"><em>\u21d2 Oppos. Scale (vento sinistro-destro)<\/em><\/span><br \/>\n<span style=\"font-size: 80%;\"><em>\u21d2 30 anni di garanzia DDoptics<\/em><\/span><br \/>\n<span style=\"font-size: 80%;\"><em>\u21d2 Reticolo MilDot: 2\u00b0 piano immagine<\/em><\/span><br \/>\n<span style=\"font-size: 80%;\"><em>\u21d2 Accuratezza del rendimento assoluto<\/em><\/span><br \/>\n<span style=\"font-size: 80%;\"><em>\u21d2 Estrema trasmissione della luce fino a 94,7%<\/em><\/span><br \/>\n<span style=\"font-size: 80%;\"><em>\u21d2 Punto luce in fibra di vetro<\/em><\/span><br \/>\n<span style=\"font-size: 80%;\"><em>\u21d2 Test di resistenza ai colpi: 375H&amp;H 1000 colpi<\/em><\/span><br \/>\n<span style=\"font-size: 80%;\"><em>\u21d2 Funzione di cannocchiale grazie all'alto ingrandimento<\/em><\/span><br \/>\n<span style=\"font-size: 80%;\"><em>\u21d2 Compensazione della parallasse a regolazione continua<\/em><\/span><br \/>\n<span style=\"font-size: 80%;\"><em>\u21d2 Possibilit\u00e0 di riprese molto lunghe<\/em><\/span><\/p>\n\t\t\n<style>\n#text-1905816919 {\n  line-height: 1.15;\n  color: rgb(33, 107, 227);\n}\n#text-1905816919 > * {\n  color: rgb(33, 107, 227);\n}\n<\/style>\n\t<\/div>\n\t\n\t\t<\/div>\n\n\t\t\n<style>\n#section_719459053 {\n  padding-top: 30px;\n  padding-bottom: 30px;\n  background-color: rgb(232, 232, 232);\n}\n#section_719459053 .section-bg-overlay {\n  background-color: rgba(255,255,255,.5);\n}\n<\/style>\n\t<\/section>\n\t\n<div class=\"is-divider divider clearfix\" ><\/div>\n\t\t<\/div>\n\t\t\t\t\t<\/div>\n\n\t\n<\/div>\n<h3>Torrette di regolazione Regolazione rapida con scale a doppia fila sul cannocchiale 5-30\u00d750<\/h3>\n<figure id=\"attachment_21169\" aria-describedby=\"caption-attachment-21169\" style=\"width: 500px\" class=\"wp-caption alignright\"><img decoding=\"async\" class=\"size-full wp-image-21169\" src=\"https:\/\/ddoptics.shop\/wp-content\/uploads\/2020\/01\/ddoptics-tacticalasv.jpg\" alt=\"Regolazione dell&#039;asv tattico DDoptics\" width=\"500\" height=\"150\" title=\"\" srcset=\"https:\/\/ddoptics.shop\/wp-content\/uploads\/2020\/01\/ddoptics-tacticalasv.jpg 500w, https:\/\/ddoptics.shop\/wp-content\/uploads\/2020\/01\/ddoptics-tacticalasv-304x91.jpg 304w, https:\/\/ddoptics.shop\/wp-content\/uploads\/2020\/01\/ddoptics-tacticalasv-305x92.jpg 305w, https:\/\/ddoptics.shop\/wp-content\/uploads\/2020\/01\/ddoptics-tacticalasv-422x127.jpg 422w, https:\/\/ddoptics.shop\/wp-content\/uploads\/2020\/01\/ddoptics-tacticalasv-250x75.jpg 250w\" sizes=\"(max-width: 500px) 100vw, 500px\" \/><figcaption id=\"caption-attachment-21169\" class=\"wp-caption-text\">Regolazione rapida con scale contrapposte<\/figcaption><\/figure>\n<p>Novit\u00e0: sul <strong>Regolazione dell'altezza<\/strong> consente un <strong>doppia scala<\/strong> il numero di prodotti realizzati<strong> Cliccare sulle regolazioni<\/strong> da leggere e impostare.\u00a0 <strong>Dopo aver acceso<\/strong> il <strong>Regolazione del reticolo <\/strong>di nuovo semplice<strong> essere impostato su zero<\/strong>.<\/p>\n<p>A tal fine, \u00e8 sufficiente sbloccare il fermo di sicurezza della torretta con una moneta o un cacciavite. Il <strong>Impostazione dello zero<\/strong> per mezzo del <strong>Zerostop \/ arresto a zero<\/strong> contrastato dal basso per ottenere un arresto nella posizione zero.<\/p>\n<p>Il <strong>Regolazione laterale <\/strong>\u00e8 dotato di due<strong> scale opposte<\/strong> etichettato. A partire dall'impostazione dello zero, il <strong>Direzione e forza del vento<\/strong>, o un possibile movimento del bersaglio pu\u00f2 essere preimpostato.<\/p>\n<h3>DDottica tattica <a href=\"https:\/\/de.wikipedia.org\/wiki\/Absehen\" target=\"_blank\" rel=\"noopener sponsored\" data-schema-attribute=\"\">Reticolo illuminato MilDot<\/a> sul secondo piano immagine<\/h3>\n<p>Il <strong>Cannocchiale V6 5-30\u00d750 tattico MRAD<\/strong> ha un reticolo Mildot standardizzato a 10x ingrandimenti nel piano dell'immagine dell'oculare (2\u00b0 piano dell'immagine). Ci\u00f2 significa che rimane sempre della stessa dimensione quando si cambia ingrandimento. Anche con un ingrandimento di 30x, il reticolo <strong>Mirino del bersaglio solo 1,8 mm<\/strong> a una distanza di tiro di 100 m e il campo visivo a questo massimo ingrandimento \u00e8 ancora di 1,1 m a 100 m. Il mirino ottico consente un puntamento fulmineo. Il reticolo si regola da solo <strong>per clic di 0,1 MRAD<\/strong>, cos\u00ec intorno <strong>1 cm per 100 m<\/strong>. Ci\u00f2 corrisponde a una variazione del punto d'impatto di circa 3 cm per scatto a 300 metri.<\/p>\n<p><strong>Campo di regolazione totale:<\/strong><\/p>\n<ul>\n<li>165 clic<\/li>\n<li>corrisponde a 16,5 MRAD<\/li>\n<li>corrisponde a 8,25 MRAD per pagina<\/li>\n<\/ul>\n<h3>Cannocchiale 5-30\u00d750 - Prestazioni ottiche dell'ottica di puntamento<\/h3>\n<p>L'elaborata remunerazione consente <strong>Assenza di riflessi<\/strong> <strong>o luce diffusa<\/strong> a. Anche con <strong>Ingrandimento 30x<\/strong> si vedr\u00e0 un alto contrasto e <strong>immagine a colori reali<\/strong> con <strong>eccezionali propriet\u00e0 di definizione dei bordi<\/strong>.<\/p>\n<h3>Visualizzazione di aree ravvicinate e compensazione della parallasse<\/h3>\n<p>Il Nighteagle 5-30\u00d750 tactical \u00e8 nitido da 12 metri con un ingrandimento di 5x e da 25 metri con un ingrandimento di 30x.<\/p>\n<h3>Punto luce finemente dimmerabile con campo di visione notturna<\/h3>\n<p>Il <strong>Punto luce in fibra di vetro<\/strong> Il reticolo illuminato \u00e8 talmente piccolo da risultare solo in un'immagine di<strong> copertura del target pi\u00f9 bassa possibile<\/strong> viene. Il punto luce pu\u00f2 essere oscurato continuamente del 100 percento fino a quando non \u00e8 pi\u00f9 visibile all'occhio umano.<\/p>\n<p>Con <strong>punto illuminato attivato<\/strong> A sua volta, l'ottica non presenta fastidiosi bagliori o riflessi. Poich\u00e9 il <strong>Unit\u00e0 luminosa prodotta a mano<\/strong> Le esigenze speciali dei clienti possono essere prese in considerazione individualmente.<\/p>\n<h3>Lavorazione robusta, installazione semplice<\/h3>\n<p>Il <strong>Riempimento con azoto<\/strong> del Nighteagle 5-30\u00d750 Tactical prevede <strong>Impermeabilit\u00e0 all'acqua<\/strong> (0,3 kg\/cmq) e protegge dall'appannamento interno. <strong>Uso pi\u00f9 gravoso<\/strong> non pu\u00f2 danneggiare il tubo di mira telescopico, che \u00e8 realizzato in duralluminio (70 %), ottone (20 %) e acciaio (10 %).<\/p>\n<p><strong>Importante:<\/strong> Il <strong>Resistenza agli urti<\/strong> \u00e8 di 1.000 G o 6.500 joule. La vista ottica rimane <strong>temperature estreme<\/strong> pienamente funzionante (da +80 gradi Celsius a min. -20 gradi Celsius).<\/p>\n<h3>Distanza interpupillare e regolazione delle diottrie<\/h3>\n<p>Il <strong>Distanza interpupillare<\/strong> \u00e8 di 89 mm, il che ne facilita l'uso con i calibri pi\u00f9 grandi. Per l'intera gamma di ingrandimenti sono sufficienti tre quarti di giro.<\/p>","protected":false},"excerpt":{"rendered":"<p><img decoding=\"async\" class=\"alignnone wp-image-10452 size-full\" title=\"Tiro al bersaglio\" src=\"https:\/\/ddoptics.shop\/wp-content\/uploads\/2016\/07\/Target-Schiessen.jpg\" alt=\"Bersaglio di tiro sportivo a lungo raggio\" width=\"50\" height=\"50\" \/><img decoding=\"async\" class=\"alignnone wp-image-10180 size-full\" title=\"Binocolo per escursioni in montagna\" src=\"https:\/\/ddoptics.shop\/wp-content\/uploads\/2016\/04\/Bergwandern-klein.jpg\" alt=\"Binocolo per escursioni in montagna\" width=\"50\" height=\"50\" \/><br \/>\nIl nuovo <strong>Ottica per il tiro sportivo con MRAD e <span style=\"color: #ff0000;\"><strong><span class=\"userContent\">Vetro tipo CT (Clear-Transmission) di DDoptics<\/span><\/strong><\/span>. <\/strong>In opzione, con sistema intelligente<strong> <a title=\"NUOVO Punto illuminato DDoptics IFiber\" href=\"\/it\/termine-tecnico-wiki\/punto-luce-intelligente-ddoptics-ifiber\/\" target=\"_blank\" rel=\"noopener noreferrer\">Punto luce IFibre<\/a><\/strong> per <strong>solo \u20ac 99,- di supplemento.<\/strong><i class=\"delivery--status-icon delivery--status-more-is-coming\"><\/i><\/p>\n<a href=\"https:\/\/amzn.to\/3AMUzO6\" target=\"_blank\" class=\"button success is-success is-small\" rel=\"\u201dnofollow\u201d noopener\" >\n\t\t<span>cliente amazon? - Usare i vantaggi di Prime?<\/span>\n\t<\/a>","protected":false},"featured_media":21176,"comment_status":"open","ping_status":"closed","template":"","meta":{"inline_featured_image":false,"footnotes":""},"product_brand":[],"product_cat":[480,453,697,641,919,637,68],"product_tag":[587,78,80,940,1098,79],"class_list":{"0":"post-21141","1":"product","2":"type-product","3":"status-publish","4":"has-post-thumbnail","6":"product_cat-5-30x50","7":"product_cat-50-mm-objektivdurchmesser","8":"product_cat-mrad-klickverstellung","9":"product_cat-sportschiessen","10":"product_cat-v6-6-fach-zoom","11":"product_cat-zf-anwendung","12":"product_cat-zielfernrohr","13":"product_tag-5-30x50","14":"product_tag-ddoptics","15":"product_tag-gen-3","16":"product_tag-mrad-zielfernrohr","17":"product_tag-nighteagle","18":"product_tag-zielfernrohr","19":"product_shipping_class-paket","20":"pa_brand-marke-ddoptics","21":"pa_produkt-typ-zielfernrohr","23":"first","24":"instock","25":"sale","26":"taxable","27":"shipping-taxable","28":"purchasable","29":"product-type-bundle"},"bundled_by":[],"bundle_stock_status":"instock","bundle_stock_quantity":44,"bundle_virtual":false,"bundle_layout":"default","bundle_add_to_cart_form_location":"default","bundle_editable_in_cart":false,"bundle_sold_individually_context":"product","bundle_item_grouping":"parent","bundle_min_size":"","bundle_max_size":"","bundle_price":{"price":{"min":{"incl_tax":"1042.01","excl_tax":"868.34"},"max":{"incl_tax":"1146.32","excl_tax":"955.26"}},"regular_price":{"min":{"incl_tax":"1158.01","excl_tax":"965.01"},"max":{"incl_tax":"1273.9","excl_tax":"1061.58"}}},"bundled_items":[{"bundled_item_id":83,"product_id":12809,"menu_order":0,"quantity_min":1,"quantity_max":1,"quantity_default":1,"priced_individually":true,"shipped_individually":false,"override_title":true,"title":"","override_description":false,"description":"","optional":false,"hide_thumbnail":true,"discount":"","override_variations":true,"allowed_variations":[12810,12811],"override_default_variation_attributes":false,"default_variation_attributes":[],"single_product_visibility":"visible","cart_visibility":"visible","order_visibility":"visible","single_product_price_visibility":"visible","cart_price_visibility":"visible","order_price_visibility":"visible","stock_status":"in_stock"},{"bundled_item_id":84,"product_id":12812,"menu_order":1,"quantity_min":1,"quantity_max":1,"quantity_default":1,"priced_individually":true,"shipped_individually":false,"override_title":true,"title":"Quasi un regalo: i tappi a flip","override_description":false,"description":"","optional":true,"hide_thumbnail":false,"discount":"68.55","override_variations":true,"allowed_variations":[12820],"override_default_variation_attributes":true,"default_variation_attributes":[{"id":17,"name":"Dimensioni del cannocchiale","option":"5-30x50"}],"single_product_visibility":"visible","cart_visibility":"visible","order_visibility":"visible","single_product_price_visibility":"visible","cart_price_visibility":"visible","order_price_visibility":"visible","stock_status":"in_stock"}],"bundle_sell_ids":[],"_links":{"self":[{"href":"https:\/\/ddoptics.shop\/it\/wp-json\/wp\/v2\/product\/21141","targetHints":{"allow":["GET"]}}],"collection":[{"href":"https:\/\/ddoptics.shop\/it\/wp-json\/wp\/v2\/product"}],"about":[{"href":"https:\/\/ddoptics.shop\/it\/wp-json\/wp\/v2\/types\/product"}],"replies":[{"embeddable":true,"href":"https:\/\/ddoptics.shop\/it\/wp-json\/wp\/v2\/comments?post=21141"}],"version-history":[{"count":34,"href":"https:\/\/ddoptics.shop\/it\/wp-json\/wp\/v2\/product\/21141\/revisions"}],"predecessor-version":[{"id":29150,"href":"https:\/\/ddoptics.shop\/it\/wp-json\/wp\/v2\/product\/21141\/revisions\/29150"}],"wp:featuredmedia":[{"embeddable":true,"href":"https:\/\/ddoptics.shop\/it\/wp-json\/wp\/v2\/media\/21176"}],"wp:attachment":[{"href":"https:\/\/ddoptics.shop\/it\/wp-json\/wp\/v2\/media?parent=21141"}],"wp:term":[{"taxonomy":"product_brand","embeddable":true,"href":"https:\/\/ddoptics.shop\/it\/wp-json\/wp\/v2\/product_brand?post=21141"},{"taxonomy":"product_cat","embeddable":true,"href":"https:\/\/ddoptics.shop\/it\/wp-json\/wp\/v2\/product_cat?post=21141"},{"taxonomy":"product_tag","embeddable":true,"href":"https:\/\/ddoptics.shop\/it\/wp-json\/wp\/v2\/product_tag?post=21141"}],"curies":[{"name":"wp","href":"https:\/\/api.w.org\/{rel}","templated":true}]}}