{"id":23245,"date":"2020-08-12T10:24:47","date_gmt":"2020-08-12T08:24:47","guid":{"rendered":"https:\/\/ddoptics.shop\/?post_type=product&#038;p=23245"},"modified":"2025-10-03T14:12:14","modified_gmt":"2025-10-03T12:12:14","slug":"cannocchiale-da-puntamento-nighteagle-5-30x50-v6-a4n-mrad-gen-3","status":"publish","type":"product","link":"https:\/\/ddoptics.shop\/it\/kaufen\/zielfernrohr-nighteagle-5-30x50-v6-a4n-mrad-gen-3\/","title":{"rendered":"Cannocchiale DDoptics Nighteagle 5-30\u00d750 | V6 | A4N | Regolazione MRAD - Gen 3"},"content":{"rendered":"<div class=\"container section-title-container\" ><h3 class=\"section-title section-title-normal\"><b aria-hidden=\"true\"><\/b><span class=\"section-title-main\" ><i class=\"icon-cross\" aria-hidden=\"true\"><\/i>Breve panoramica del cannocchiale da puntamento Nighteagle 5-30x50 di DDoptics<\/span><b aria-hidden=\"true\"><\/b><\/h3><\/div>\n<table style=\"background-color: #cacaca; width: 100%;\">\n<tbody>\n<tr style=\"height: 24px;\">\n<td style=\"height: 24px; width: 20%;\">Tubo<\/td>\n<td style=\"height: 24px; width: 30%;\">Tubo mono da 30 mm<\/td>\n<td style=\"height: 24px; width: 20%;\">Campo visivo: m @100 m<\/td>\n<td style=\"height: 24px; width: 30%;\">7,2 - 1,1 m<\/td>\n<\/tr>\n<tr style=\"height: 24px;\">\n<td style=\"height: 24px; width: 20%;\">Sistema ottico<\/td>\n<td style=\"height: 24px; width: 30%;\">5-30 volte<\/td>\n<td style=\"height: 24px; width: 20%;\">Distanza interpupillare<\/td>\n<td style=\"height: 24px; width: 30%;\">90,5 mm - 91,5 mm<\/td>\n<\/tr>\n<tr style=\"height: 24px;\">\n<td style=\"height: 24px; width: 20%;\">Lente<\/td>\n<td style=\"height: 24px; width: 30%;\">50 mm<\/td>\n<td style=\"height: 24px; width: 20%;\">Lunghezza<\/td>\n<td style=\"height: 24px; width: 30%;\">348 mm<\/td>\n<\/tr>\n<tr style=\"height: 24px;\">\n<td style=\"height: 24px; width: 20%;\">Reticolo<\/td>\n<td style=\"height: 24px; width: 30%;\">Nuovo reticolo 4 - caccia<\/td>\n<td style=\"height: 24px; width: 20%;\">Peso<\/td>\n<td style=\"height: 24px; width: 30%;\">\u00a0742 g<\/td>\n<\/tr>\n<tr style=\"height: 24px;\">\n<td style=\"height: 24px; width: 20%;\">Punto luce<\/td>\n<td style=\"height: 24px; width: 30%;\">LP 2 o iFibra<\/td>\n<td style=\"height: 24px; width: 20%;\">Protezione antiappannamento<\/td>\n<td style=\"height: 24px; width: 30%;\">Riempimento di azoto contro l'appannamento<\/td>\n<\/tr>\n<tr style=\"height: 24px;\">\n<td style=\"height: 24px; width: 20%;\">Messa a fuoco\/parallasse<\/td>\n<td style=\"height: 24px; width: 30%;\">Obiettivo regolabile da 20 m a infinito<\/td>\n<td style=\"height: 24px; width: 20%;\">\u00a0Tenuta<\/td>\n<td style=\"height: 24px; width: 30%;\">Resistente all'acqua e agli urti<\/td>\n<\/tr>\n<\/tbody>\n<\/table>\n<div class=\"row\"  id=\"row-1079101242\">\n\n\t<div id=\"col-1370695350\" class=\"col medium-8 small-12 large-8\"  >\n\t\t\t\t<div class=\"col-inner\"  >\n\t\t\t\n\t\t\t\n<h2>Cannocchiale da puntamento DDoptics Nighteagle 5-30\u00d750 V6 - potente cannocchiale da puntamento con zoom 6x per la precisione di caccia a lunga distanza e design da caccia<\/h2>\n<p>Al <strong>Mirino telescopico\u00a0<\/strong>Aquila della notte\u00a0<strong>5-30\u00d750 \u201ccaccia<\/strong>\u201d \u00e8 un sistema ottico ad alte prestazioni con <a href=\"https:\/\/ddoptics.shop\/it\/negozio\/mirino-telescopico-2\/v6-zoom-6x\/\" target=\"_blank\" rel=\"noopener noreferrer\">Zoom 6x<\/a> e tecnologia innovativa. Grazie alle robuste pareti del telaio di 2 mm, questo look \u00e8 ancora pi\u00f9<strong> superiore allo standard militare.<\/strong><\/p>\n<p>Le torrette di regolazione del reticolo, piccole e discrete, sono realizzate in lega di alluminio e sono prive di parti in plastica.<\/p>\n<p>Il<strong> Versione da caccia del mirino ottico tattico<\/strong> ha anche lo stesso, identico <strong>Regolazione a scatto tattico definita, precisa e resistente,<\/strong> e garantisce quindi una precisione assoluta e un'accuratezza di ripetizione.<\/p>\n<p>5-30\u00d750 - il cannocchiale da puntamento perfetto per la caccia a grandi distanze<\/p>\n<h3>Lo ZF 5-30\u00d750 ha un elevato ingrandimento, anche in condizioni di scarsa luminosit\u00e0<\/h3>\n<p>Il <strong>La caccia in grandi campi \u00e8 una sfida per le ottiche di puntamento<\/strong> molto. Gli ingrandimenti elevati consentono di rispondere in modo affidabile a grandi distanze, ma \u00e8 importante che la luminosit\u00e0 dell'immagine sia ancora utilizzabile anche quando si utilizza un ingrandimento elevato.<\/p>\n<p>\u00c8 proprio a questo scopo che il nostro<strong> Ottica da caccia 5-30\u00d750<\/strong> creato.<\/p>\n<p>Il<strong> Design da caccia poco appariscente<\/strong> nasconde discretamente le prestazioni del cannocchiale. Le piccole torrette di regolazione del reticolo non hanno nulla da invidiare alle grandi torrette di regolazione tattica in termini di usabilit\u00e0.<\/p>\n<h3>Prestazioni ottiche del cannocchiale da puntamento 5-30\u00d750<\/h3>\n<p>Le ottiche HD extra elaborate offrono un elevato grado di chiarezza ottica grazie al rivestimento appositamente sviluppato per queste ottiche, <strong>nessun riflesso o luce diffusa<\/strong> permette di ottenere un'immagine ad alto contrasto e dai colori reali anche con un ingrandimento di 30x con <strong>eccezionali propriet\u00e0 di definizione dei bordi.<\/strong><\/p>\n<p>In particolare, il color fringing \u00e8 stato ridotto al minimo. Ci\u00f2 significa che il <strong>Nighteagle 5-30\u00d750 tattico<\/strong> pu\u00f2 essere utilizzato anche come cannocchiale e per un'osservazione affidabile a lunga distanza.<\/p>\n\t\t<\/div>\n\t\t\t\t\t<\/div>\n\n\t\n\n\t<div id=\"col-124176769\" class=\"col medium-4 small-12 large-4\"  >\n\t\t\t\t<div class=\"col-inner\"  >\n\t\t\t\n\t\t\t\n<a class=\"button primary expand\" >\n\t\t<span>Caratteristiche speciali del cannocchiale<\/span>\n\t<\/a>\n\n\n\t<section class=\"section\" id=\"section_183958779\">\n\t\t<div class=\"section-bg fill\" >\n\t\t\t\t\t\t\t\t\t<div class=\"section-bg-overlay absolute fill\"><\/div>\n\t\t\t\n\n\t\t<\/div>\n\n\t\t\n\n\t\t<div class=\"section-content relative\">\n\t\t\t\n\t<div class=\"img has-hover x md-x lg-x y md-y lg-y\" id=\"image_2074342367\">\n\t\t<a class=\"\" href=\"https:\/\/www.ddoptics.de\/garantiebestimmungen\" target=\"_blank\" rel=\"no follow noopener\">\t\t\t\t\t\t<div class=\"img-inner dark\" >\n\t\t\t<img decoding=\"async\" width=\"352\" height=\"160\" src=\"https:\/\/ddoptics.shop\/wp-content\/uploads\/2014\/09\/DDoptics-Garantie.jpg\" class=\"attachment-large size-large\" alt=\"Garanzia DDoptics\" srcset=\"https:\/\/ddoptics.shop\/wp-content\/uploads\/2014\/09\/DDoptics-Garantie.jpg 352w, https:\/\/ddoptics.shop\/wp-content\/uploads\/2014\/09\/DDoptics-Garantie-304x138.jpg 304w, https:\/\/ddoptics.shop\/wp-content\/uploads\/2014\/09\/DDoptics-Garantie-305x139.jpg 305w, https:\/\/ddoptics.shop\/wp-content\/uploads\/2014\/09\/DDoptics-Garantie-250x114.jpg 250w\" sizes=\"(max-width: 352px) 100vw, 352px\" title=\"\">\t\t\t\t\t\t\n\t\t\t\t\t<\/div>\n\t\t\t\t\t\t<\/a>\t\t\n<style>\n#image_2074342367 {\n  width: 100%;\n}\n<\/style>\n\t<\/div>\n\t\n\t<div id=\"gap-22674518\" class=\"gap-element clearfix\" style=\"display:block; height:auto;\">\n\t\t\n<style>\n#gap-22674518 {\n  padding-top: 15px;\n}\n<\/style>\n\t<\/div>\n\t\n\t<div id=\"text-1119660238\" class=\"text\">\n\t\t\n<p><span style=\"font-size: 80%;\"><em>\u21d2 Nuovo vetro CT (trasmissione trasparente)<\/em><\/span><br \/>\n<span style=\"font-size: 80%;\"><em>\u21d2 Zerostop ( per l'arresto a zero )<\/em><\/span><br \/>\n<span style=\"font-size: 80%;\"><em>\u21d2 Doppio giro (scalatura doppia)<\/em><\/span><br \/>\n<span style=\"font-size: 80%;\"><em>\u21d2 Regolazione orizzontale in senso antiorario. Scala ( vento sinistra - destra )<\/em><\/span><br \/>\n<span style=\"font-size: 80%;\"><em>\u21d2 Risoluzione molto elevata<\/em><\/span><br \/>\n<span style=\"font-size: 80%;\"><em>\u21d2 Versione da caccia poco appariscente con torrette piccole<\/em><\/span><br \/>\n<span style=\"font-size: 80%;\"><em>\u21d2 NUOVO: punto illuminato in fibra ottica - punto illuminato iFibre opzionale<\/em><\/span><br \/>\n<span style=\"font-size: 80%;\"><em>\u21d2 30 anni di garanzia DDoptics<\/em><\/span><br \/>\n<span style=\"font-size: 80%;\"><em>\u21d2 Nuovo reticolo 4: secondo piano immagine<\/em><\/span><br \/>\n<span style=\"font-size: 80%;\"><em>\u21d2 Accuratezza del rendimento assoluto<\/em><\/span><br \/>\n<span style=\"font-size: 80%;\"><em>\u21d2 Estrema trasmissione della luce fino a 94,7%<\/em><\/span><br \/>\n<span style=\"font-size: 80%;\"><em>\u21d2 Test antiproiettile: <a href=\"https:\/\/de.wikipedia.org\/wiki\/.375_Holland_%26_Holland_Magnum\" target=\"_blank\" rel=\"noopener noreferrer\">375 H&amp;H<\/a> 1000 colpi<\/em><\/span><br \/>\n<span style=\"font-size: 80%;\"><em>\u21d2 Funzione di cannocchiale grazie all'alto ingrandimento<\/em><\/span><br \/>\n<span style=\"font-size: 80%;\"><em>\u21d2 Compensazione della parallasse a regolazione continua<\/em><\/span><br \/>\n<span style=\"font-size: 80%;\"><em>\u21d2 Possibilit\u00e0 di riprese molto lunghe<\/em><\/span><\/p>\n\t\t\n<style>\n#text-1119660238 {\n  line-height: 1.15;\n  color: rgb(33, 107, 227);\n}\n#text-1119660238 > * {\n  color: rgb(33, 107, 227);\n}\n<\/style>\n\t<\/div>\n\t\n\t\t<\/div>\n\n\t\t\n<style>\n#section_183958779 {\n  padding-top: 30px;\n  padding-bottom: 30px;\n  background-color: rgb(232, 232, 232);\n}\n#section_183958779 .section-bg-overlay {\n  background-color: rgba(255,255,255,.5);\n}\n<\/style>\n\t<\/section>\n\t\n<div class=\"is-divider divider clearfix\" ><\/div>\n\t\t<\/div>\n\t\t\t\t\t<\/div>\n\n\t\n<\/div>\n<h3>Caccia <a href=\"https:\/\/de.wikipedia.org\/wiki\/Absehen\" target=\"_blank\" rel=\"noopener sponsored\" data-schema-attribute=\"\">Reticolo illuminato A4N<\/a><\/h3>\n<p>Il <strong>Cannocchiale da puntamento Nighteagle 5-30\u00d750<\/strong> - L'A4N ha il reticolo 4 N, moderno e di successo.<\/p>\n<h3>Nuovo reticolo 4N per una copertura minima del bersaglio<\/h3>\n<p>Guardando attraverso il <strong>Nuovo cannocchiale da puntamento generazione 3<\/strong>\u00a0l'osservatore riconosce immediatamente il design pratico:<br \/>\nNel reticolo 4 il reticolo \u00e8 molto pi\u00f9 fine e le barre esterne, leggermente pi\u00f9 spesse, sono solo la met\u00e0 e molto pi\u00f9 distanti tra loro.<\/p>\n<p>Si tratta di un grande vantaggio, soprattutto per il cacciatore in condizioni di scarsa luminosit\u00e0, in quanto il<strong> Obiettivo oscurato solo in minima parte<\/strong> e quindi un arresto rapido e sicuro \u00e8 supportato in modo ottimale.<\/p>\n<p>Il <strong>Il reticolo si trova nel piano dell'immagine dell'oculare (2\u00b0 piano dell'immagine).<\/strong> Ci\u00f2 significa che rimane sempre della stessa dimensione quando si cambia ingrandimento. Anche con un ingrandimento di 30x, il mirino oscura il bersaglio solo di 3,91 mm a una distanza di tiro di 100 m e il campo visivo a questo massimo ingrandimento \u00e8 ancora di 1,1 m a 100 m.<\/p>\n<p>Il mirino ottico consente un puntamento fulmineo. Il reticolo si regola di un ottavo di MOA (minuto d'angolo) per ogni scatto, cio\u00e8 di 3,65 mm a 100 metri. Ci\u00f2 corrisponde a una variazione del punto d'impatto di circa 10 mm per scatto a 300 metri.<\/p>\n<p><strong>Nuove caratteristiche<\/strong><\/p>\n<p>Quali sono le novit\u00e0 dell'ultima generazione di cannocchiali da puntamento?<br \/>\nA prima vista, sono 3 i cambiamenti che saltano subito all'occhio.<\/p>\n<p>1. la ghiera di regolazione dell'ingrandimento \u00e8 stata notevolmente modificata e ora offre una presa migliore grazie alla sua struttura pi\u00f9 ruvida.<br \/>\n2. il reticolo 4 \u00e8 diventato molto pi\u00f9 fine e offre pi\u00f9 spazio al centro.<br \/>\n3. la regolazione del reticolo \u00e8 in metallo, \u00e8 pi\u00f9 chiaramente definita e dispone di doppio giro e di Zerostop.<\/p>\n<h3>Meccanismo di regolazione robusto per un uso intensivo con Zerostop e ASV<\/h3>\n<p>Il <strong>Torrette di regolazione del reticolo dei cannocchiali da puntamento DDoptics Generation 3<\/strong>\u00a0sono realizzati in una robusta lega di alluminio e sono privi di parti in plastica.<br \/>\nTutte le parti in alluminio sono rivestite con la nuova vernice non lucida, <strong>Rivestimento anodizzato nero fine DDoptics<\/strong> fornito.<\/p>\n<p>Il meccanismo di regolazione \u00e8 stato convertito alla versione tattica, il che significa che non solo \u00e8 molto resistente agli urti e completamente impermeabile, ma \u00e8 anche rigido e quindi protetto da regolazioni involontarie. Ci\u00f2 significa che la regolazione del reticolo pu\u00f2 essere utilizzata anche \u201eaperta\u201c nella caccia di tutti i giorni, cio\u00e8 senza tappo a vite, per poter regolare rapidamente il reticolo a seconda della situazione.<\/p>\n<h3>Regolazione rapida del reticolo con Zerostop<\/h3>\n<p>A un <strong>doppia scala (doppio giro) sulla torretta di regolazione dell'altezza<\/strong> \u00e8 possibile leggere il numero di regolazioni a scatto effettuate e impostarle di conseguenza.<br \/>\nDopo lo sparo, la regolazione del reticolo pu\u00f2 essere \u201eazzerata\u201c.<\/p>\n<p>L'anello dello zerostop viene quindi ruotato fino all'arresto, dopodich\u00e9 l'impostazione dello zero viene contrastata dal basso utilizzando l'anello dello zerostop per ottenere un arresto nella posizione dello zero.<\/p>\n<p>Partendo dalla posizione di zero, e presupponendo la conoscenza dell'etichettatura, \u00e8 possibile <strong>Varie distanze di tiro grazie a un sistema di marcatura<\/strong> pu\u00f2 essere preimpostato.<\/p>\n<p>La torretta del guadagno \u00e8 contrassegnata da due scale controrotanti; a partire dall'impostazione dello zero, il reticolo pu\u00f2 essere preimpostato in base alla direzione e all'intensit\u00e0 del vento o a qualsiasi movimento del bersaglio.<\/p>\n<p>La compensazione della parallasse garantisce un'immagine nitidissima e priva di affaticamento a partire da 25 metri con tutte le impostazioni di ingrandimento e corregge l'errore di ripresa causato dalla visione obliqua.<\/p>","protected":false},"excerpt":{"rendered":"<p><img decoding=\"async\" class=\"alignnone wp-image-10452 size-full\" title=\"Tiro al bersaglio\" src=\"https:\/\/ddoptics.shop\/wp-content\/uploads\/2016\/07\/Target-Schiessen.jpg\" alt=\"Tiro al bersaglio\" width=\"50\" height=\"50\" \/><img decoding=\"async\" class=\"alignnone wp-image-10178 size-full\" title=\"Caccia in montagna\" src=\"https:\/\/ddoptics.shop\/wp-content\/uploads\/2016\/04\/Gebirgsjagd-klein.jpg\" alt=\"Binocolo da caccia di montagna\" width=\"50\" height=\"50\" \/><br \/>\nIl nuovo <strong>Ottica target con <strong>pi\u00f9 recente <\/strong><span style=\"color: #ff0000;\"><strong><span class=\"userContent\">Vetro tipo CT (Clear-Transmission) di DDoptics.<\/span><\/strong><\/span><\/strong> Opzionale <strong><a title=\"NUOVO Punto illuminato DDoptics IFiber\" href=\"\/it\/termine-tecnico-wiki\/punto-luce-intelligente-ddoptics-ifiber\/\" target=\"_blank\" rel=\"noopener noreferrer\">Punto luce IFibre<\/a><\/strong> per <strong>solo \u20ac 99,- di supplemento.<\/strong><\/p>\n<a href=\"https:\/\/amzn.to\/3PlT7Gn\" target=\"_blank\" class=\"button success is-success is-small\" rel=\"\u201dnofollow\u201d noopener\" >\n\t\t<span>cliente amazon? - Usare i vantaggi di Prime?<\/span>\n\t<\/a>","protected":false},"featured_media":23250,"comment_status":"open","ping_status":"closed","template":"","meta":{"inline_featured_image":false,"footnotes":""},"product_brand":[],"product_cat":[480,453,638,697,640,919,637,68],"product_tag":[587,78,80,696,1098,956,79],"class_list":{"0":"post-23245","1":"product","2":"type-product","3":"status-publish","4":"has-post-thumbnail","6":"product_cat-5-30x50","7":"product_cat-50-mm-objektivdurchmesser","8":"product_cat-ansitzjagd","9":"product_cat-mrad-klickverstellung","10":"product_cat-pirschjagd-und-gebirgsjagd","11":"product_cat-v6-6-fach-zoom","12":"product_cat-zf-anwendung","13":"product_cat-zielfernrohr","14":"product_tag-5-30x50","15":"product_tag-ddoptics","16":"product_tag-gen-3","17":"product_tag-mrad","18":"product_tag-nighteagle","19":"product_tag-v6","20":"product_tag-zielfernrohr","21":"product_shipping_class-paket","22":"pa_brand-marke-ddoptics","23":"pa_produkt-typ-zielfernrohr","25":"first","26":"outofstock","27":"sale","28":"taxable","29":"shipping-taxable","30":"purchasable","31":"product-type-bundle"},"bundled_by":[],"bundle_stock_status":"outofstock","bundle_stock_quantity":0,"bundle_virtual":false,"bundle_layout":"default","bundle_add_to_cart_form_location":"default","bundle_editable_in_cart":false,"bundle_sold_individually_context":"product","bundle_item_grouping":"parent","bundle_min_size":"","bundle_max_size":"","bundle_price":{"price":{"min":{"incl_tax":"799.01","excl_tax":"665.84"},"max":{"incl_tax":"903.32","excl_tax":"752.76"}},"regular_price":{"min":{"incl_tax":"1095.01","excl_tax":"912.51"},"max":{"incl_tax":"1210.9","excl_tax":"1009.08"}}},"bundled_items":[{"bundled_item_id":93,"product_id":12809,"menu_order":0,"quantity_min":1,"quantity_max":1,"quantity_default":1,"priced_individually":true,"shipped_individually":false,"override_title":true,"title":"","override_description":false,"description":"","optional":false,"hide_thumbnail":false,"discount":"","override_variations":true,"allowed_variations":[12810,12811],"override_default_variation_attributes":false,"default_variation_attributes":[],"single_product_visibility":"visible","cart_visibility":"visible","order_visibility":"visible","single_product_price_visibility":"visible","cart_price_visibility":"visible","order_price_visibility":"visible","stock_status":"in_stock"},{"bundled_item_id":94,"product_id":12812,"menu_order":1,"quantity_min":1,"quantity_max":1,"quantity_default":1,"priced_individually":true,"shipped_individually":false,"override_title":true,"title":"Set di tappi protettivi quasi in regalo","override_description":true,"description":"","optional":true,"hide_thumbnail":false,"discount":"68.55","override_variations":true,"allowed_variations":[12820],"override_default_variation_attributes":true,"default_variation_attributes":[{"id":17,"name":"Dimensioni del cannocchiale","option":"5-30x50"}],"single_product_visibility":"visible","cart_visibility":"visible","order_visibility":"visible","single_product_price_visibility":"visible","cart_price_visibility":"visible","order_price_visibility":"visible","stock_status":"in_stock"}],"bundle_sell_ids":[],"_links":{"self":[{"href":"https:\/\/ddoptics.shop\/it\/wp-json\/wp\/v2\/product\/23245","targetHints":{"allow":["GET"]}}],"collection":[{"href":"https:\/\/ddoptics.shop\/it\/wp-json\/wp\/v2\/product"}],"about":[{"href":"https:\/\/ddoptics.shop\/it\/wp-json\/wp\/v2\/types\/product"}],"replies":[{"embeddable":true,"href":"https:\/\/ddoptics.shop\/it\/wp-json\/wp\/v2\/comments?post=23245"}],"version-history":[{"count":11,"href":"https:\/\/ddoptics.shop\/it\/wp-json\/wp\/v2\/product\/23245\/revisions"}],"predecessor-version":[{"id":29143,"href":"https:\/\/ddoptics.shop\/it\/wp-json\/wp\/v2\/product\/23245\/revisions\/29143"}],"wp:featuredmedia":[{"embeddable":true,"href":"https:\/\/ddoptics.shop\/it\/wp-json\/wp\/v2\/media\/23250"}],"wp:attachment":[{"href":"https:\/\/ddoptics.shop\/it\/wp-json\/wp\/v2\/media?parent=23245"}],"wp:term":[{"taxonomy":"product_brand","embeddable":true,"href":"https:\/\/ddoptics.shop\/it\/wp-json\/wp\/v2\/product_brand?post=23245"},{"taxonomy":"product_cat","embeddable":true,"href":"https:\/\/ddoptics.shop\/it\/wp-json\/wp\/v2\/product_cat?post=23245"},{"taxonomy":"product_tag","embeddable":true,"href":"https:\/\/ddoptics.shop\/it\/wp-json\/wp\/v2\/product_tag?post=23245"}],"curies":[{"name":"wp","href":"https:\/\/api.w.org\/{rel}","templated":true}]}}