{"id":26806,"date":"2023-08-02T16:37:45","date_gmt":"2023-08-02T14:37:45","guid":{"rendered":"https:\/\/ddoptics.shop\/?post_type=product&#038;p=26806"},"modified":"2026-02-02T17:25:48","modified_gmt":"2026-02-02T16:25:48","slug":"ddoptics-nighteagle-5-30x50-nfx-mrad","status":"publish","type":"product","link":"https:\/\/ddoptics.shop\/it\/kaufen\/ddoptics-nighteagle-5-30x50-nfx-mrad\/","title":{"rendered":"Cannocchiale da puntamento DDoptics Nighteagle 5-30\u00d750 NFX Tactical | MilDot | Regolazione MRAD"},"content":{"rendered":"<div class=\"container section-title-container\" ><h3 class=\"section-title section-title-normal\"><b aria-hidden=\"true\"><\/b><span class=\"section-title-main\" ><i class=\"icon-cross\" aria-hidden=\"true\"><\/i>Breve panoramica Nighteagle 5-30x50 NFX Tactical di DDoptics<\/span><b aria-hidden=\"true\"><\/b><\/h3><\/div>\n<table style=\"background-color: #cacaca; width: 100%;\">\n<tbody>\n<tr style=\"height: 24px;\">\n<td style=\"height: 24px; text-align: left; width: 20%;\">Tubo<\/td>\n<td style=\"height: 24px; text-align: left; width: 30%;\">Tubo mono da 30 mm<\/td>\n<td style=\"height: 24px; text-align: left; width: 20%;\">Campo visivo: m @100 m<\/td>\n<td style=\"height: 24px; text-align: left; width: 30%;\">8 - 1,3 m<\/td>\n<\/tr>\n<tr style=\"height: 24px;\">\n<td style=\"height: 24px; text-align: left; width: 20%;\">Sistema ottico<\/td>\n<td style=\"height: 24px; text-align: left; width: 30%;\">5-30 volte<\/td>\n<td style=\"height: 24px; text-align: left; width: 20%;\">Distanza interpupillare<\/td>\n<td style=\"height: 24px; text-align: left; width: 30%;\">77 mm - 91 mm<\/td>\n<\/tr>\n<tr style=\"height: 24px;\">\n<td style=\"height: 24px; text-align: left; width: 20%;\">Lente<\/td>\n<td style=\"height: 24px; text-align: left; width: 30%;\">50 mm<\/td>\n<td style=\"height: 24px; text-align: left; width: 20%;\">Lunghezza<\/td>\n<td style=\"height: 24px; text-align: left; width: 30%;\">330 mm<\/td>\n<\/tr>\n<tr style=\"height: 24px;\">\n<td style=\"height: 24px; text-align: left; width: 20%;\">Reticolo<\/td>\n<td style=\"height: 24px; text-align: left; width: 30%;\">MilDot<\/td>\n<td style=\"height: 24px; text-align: left; width: 20%;\">Peso<\/td>\n<td style=\"height: 24px; text-align: left; width: 30%;\">\u00a0750 g<\/td>\n<\/tr>\n<tr style=\"height: 24px;\">\n<td style=\"height: 24px; text-align: left; width: 20%;\">Punto luce<\/td>\n<td style=\"height: 24px; text-align: left; width: 30%;\">LP 2 o iFibra<\/td>\n<td style=\"height: 24px; text-align: left; width: 20%;\">Protezione antiappannamento<\/td>\n<td style=\"height: 24px; text-align: left; width: 30%;\">Riempimento di azoto contro l'appannamento<\/td>\n<\/tr>\n<tr style=\"height: 24px;\">\n<td style=\"height: 24px; text-align: left; width: 20%;\">Messa a fuoco\/parallasse<\/td>\n<td style=\"height: 24px; text-align: left; width: 30%;\">Obiettivo regolabile da 20 m a infinito<\/td>\n<td style=\"height: 24px; text-align: left; width: 20%;\">\u00a0Tenuta<\/td>\n<td style=\"height: 24px; text-align: left; width: 30%;\">Resistente all'acqua e agli urti<\/td>\n<\/tr>\n<\/tbody>\n<\/table>\n<div class=\"row\"  id=\"row-1032088305\">\n\n\t<div id=\"col-1612663680\" class=\"col medium-8 small-12 large-8\"  >\n\t\t\t\t<div class=\"col-inner\"  >\n\t\t\t\n\t\t\t\n<h2>Cannocchiale da puntamento DDoptics Nighteagle 5-30\u00d750 NFX Tactical - potente cannocchiale da puntamento con zoom 6x per la caccia e lo sport a lunga distanza<\/h2>\n<p>Il <strong>Nighteagle V6 5-30\u00d750 NFX<\/strong> \u00e8 un'aggiunta innovativa alla gamma dei cannocchiali da puntamento. <strong>Serie tattica Generazione 3<\/strong> da DDoptics.<\/p>\n<p>Tra le caratteristiche di spicco, un campo visivo esteso a 8 metri con ingrandimento 6x e un eyebox notevolmente migliorato. Queste caratteristiche lo rendono uno strumento indispensabile per i tiratori di precisione e i cacciatori che cercano la massima qualit\u00e0 e le migliori prestazioni.<\/p>\n<p>Grazie al <strong>campo visivo pi\u00f9 ampio e eyebox migliorato<\/strong> I tiratori possono mantenere un'immagine chiara durante il tiro senza essere soggetti a distrazioni. Ci\u00f2 consente di seguire con precisione l'impatto del proiettile sul bersaglio senza dover ricorrere a un osservatore aggiuntivo.<\/p>\n<p>Questo \u201cfeedback\u201d immediato fornisce la certezza del punto d'impatto e consente di apportare modifiche immediate, se necessario. Se un colpo non va a segno, il campo visivo esteso rende pi\u00f9 facile per i tiratori riconoscere la deviazione e correggerla immediatamente.<\/p>\n<p>La combinazione di un campo visivo pi\u00f9 ampio e di un <strong>L'eyebox migliorato rende il Nighteagle V6 5-30\u00d750 NFX<\/strong> un vantaggio inestimabile per i tiratori pi\u00f9 esigenti.<\/p>\n<p>Permette di ottenere la massima precisione e controllo ad ogni tiro, poich\u00e9 il bersaglio rimane sempre in vista sia prima che dopo lo sparo. Con il Nighteagle 5-30\u00d750 NFX V6 al proprio fianco, i tiratori possono massimizzare i loro <strong>Abilit\u00e0 di tiro<\/strong> a un nuovo livello e ottimizzare le loro prestazioni.<\/p>\n\t\t<\/div>\n\t\t\t\t\t<\/div>\n\n\t\n\n\t<div id=\"col-735030290\" class=\"col medium-4 small-12 large-4\"  >\n\t\t\t\t<div class=\"col-inner\"  >\n\t\t\t\n\t\t\t\n<a class=\"button primary expand\" >\n\t\t<span>Caratteristiche speciali del cannocchiale<\/span>\n\t<\/a>\n\n\n\t<section class=\"section\" id=\"section_797200425\">\n\t\t<div class=\"section-bg fill\" >\n\t\t\t\t\t\t\t\t\t<div class=\"section-bg-overlay absolute fill\"><\/div>\n\t\t\t\n\n\t\t<\/div>\n\n\t\t\n\n\t\t<div class=\"section-content relative\">\n\t\t\t\n\t<div class=\"img has-hover x md-x lg-x y md-y lg-y\" id=\"image_1674471712\">\n\t\t<a class=\"\" href=\"https:\/\/www.ddoptics.de\/garantiebestimmungen\" target=\"_blank\" rel=\"no follow noopener\">\t\t\t\t\t\t<div class=\"img-inner dark\" >\n\t\t\t<img decoding=\"async\" width=\"352\" height=\"160\" src=\"https:\/\/ddoptics.shop\/wp-content\/uploads\/2014\/09\/DDoptics-Garantie.jpg\" class=\"attachment-large size-large\" alt=\"Garanzia DDoptics\" srcset=\"https:\/\/ddoptics.shop\/wp-content\/uploads\/2014\/09\/DDoptics-Garantie.jpg 352w, https:\/\/ddoptics.shop\/wp-content\/uploads\/2014\/09\/DDoptics-Garantie-304x138.jpg 304w, https:\/\/ddoptics.shop\/wp-content\/uploads\/2014\/09\/DDoptics-Garantie-305x139.jpg 305w, https:\/\/ddoptics.shop\/wp-content\/uploads\/2014\/09\/DDoptics-Garantie-250x114.jpg 250w\" sizes=\"(max-width: 352px) 100vw, 352px\" title=\"\">\t\t\t\t\t\t\n\t\t\t\t\t<\/div>\n\t\t\t\t\t\t<\/a>\t\t\n<style>\n#image_1674471712 {\n  width: 100%;\n}\n<\/style>\n\t<\/div>\n\t\n\t<div id=\"gap-1162273280\" class=\"gap-element clearfix\" style=\"display:block; height:auto;\">\n\t\t\n<style>\n#gap-1162273280 {\n  padding-top: 15px;\n}\n<\/style>\n\t<\/div>\n\t\n\t<div id=\"text-225490911\" class=\"text\">\n\t\t\n<p><span style=\"font-size: 80%;\"><em>\u21d2 Nuovo vetro CT (trasmissione trasparente)<br \/>\n<\/em><\/span><em style=\"font-size: 80%;\">\u21d2 Zerostop ( per l'arresto a zero )<\/em><span style=\"font-size: 80%;\"><br \/>\n<\/span><em style=\"font-size: 80%;\">\u21d2 Doppio giro (scalatura doppia)<\/em><span style=\"font-size: 80%;\"><br \/>\n<\/span><em style=\"font-size: 80%;\">\u21d2 Regolazione orizzontale in senso antiorario. Scala ( vento sinistra - destra )<\/em><span style=\"font-size: 80%;\"><br \/>\n<\/span><em style=\"font-size: 80%;\">\u21d2 Risoluzione molto elevata<\/em><span style=\"font-size: 80%;\"><br \/>\n<\/span><em style=\"font-size: 80%;\">\u21d2 Versione da caccia poco appariscente con torrette piccole<br \/>\n<\/em> <em style=\"font-size: 80%;\">\u21d2 NUOVO: punto illuminato in fibra ottica - punto illuminato iFibre opzionale<\/em><span style=\"font-size: 80%;\"><br \/>\n<\/span><em style=\"font-size: 80%;\">\u21d2 30 anni di garanzia DDoptics<\/em><span style=\"font-size: 80%;\"><br \/>\n<\/span><em style=\"font-size: 80%;\">\u21d2 MilDot: secondo piano dell'immagine<\/em><span style=\"font-size: 80%;\"><br \/>\n<\/span><em style=\"font-size: 80%;\">\u21d2 Accuratezza del rendimento assoluto<\/em> <em style=\"font-size: 80%;\">\u21d2 Estrema trasmissione della luce fino a 94,7%<\/em><span style=\"font-size: 80%;\"><br \/>\n<\/span><em style=\"font-size: 80%;\">\u21d2 Test antiproiettile: <a href=\"https:\/\/de.wikipedia.org\/wiki\/.375_Holland_%26_Holland_Magnum\" target=\"_blank\" rel=\"noopener noreferrer\">375 H&amp;H<\/a> 1000 colpi<\/em><span style=\"font-size: 80%;\"><br \/>\n<\/span><em style=\"font-size: 80%;\">\u21d2 Funzione di cannocchiale grazie all'alto ingrandimento<\/em><span style=\"font-size: 80%;\"><br \/>\n<\/span><em style=\"font-size: 80%;\">\u21d2 Compensazione della parallasse a regolazione continua<\/em> <em style=\"font-size: 80%;\">\u21d2 Possibilit\u00e0 di riprese molto lunghe<\/em><\/p>\n\t\t\n<style>\n#text-225490911 {\n  line-height: 1.15;\n  color: rgb(33, 107, 227);\n}\n#text-225490911 > * {\n  color: rgb(33, 107, 227);\n}\n<\/style>\n\t<\/div>\n\t\n\t\t<\/div>\n\n\t\t\n<style>\n#section_797200425 {\n  padding-top: 30px;\n  padding-bottom: 30px;\n  background-color: rgb(232, 232, 232);\n}\n#section_797200425 .section-bg-overlay {\n  background-color: rgba(255,255,255,.5);\n}\n<\/style>\n\t<\/section>\n\t\n<div class=\"is-divider divider clearfix\" ><\/div>\n\t\t<\/div>\n\t\t\t\t\t<\/div>\n\n\t\n<\/div>\n<h3>Cannocchiale da puntamento 5-30\u00d750 NFX - campo di regolazione del reticolo esteso<\/h3>\n<p>Una caratteristica particolarmente degna di nota del cannocchiale da puntamento Nighteagle V6 5-30\u00d750 NFX \u00e8 l'estensione del campo di regolazione del reticolo.<\/p>\n<p>Con un <strong>campo di regolazione esteso di 27 MRAD<\/strong> il cannocchiale da puntamento Nighteagle V6 5-30\u00d750 NFX offre un vantaggio significativo in termini di portata. Utilizzando un'inclinazione in avanti di 40 MOA, ad esempio, si ottengono distanze impressionanti fino a <strong>2 km (al cal.308)<\/strong> mentre il reticolo rimane in posizione centrale.<\/p>\n<p>L'uso di un <strong>Si raccomanda vivamente il preinclinazione<\/strong>, La nitidezza e la precisione dell'immagine sono migliori quando la regolazione del reticolo viene mantenuta il pi\u00f9 possibile al centro. In questo modo, i tiratori possono sfruttare tutte le prestazioni del cannocchiale da puntamento ed effettuare tiri precisi anche a distanze molto elevate.<\/p>\n<h3>Cannocchiale da puntamento 5-30\u00d750 NFX - due eccezionali punti di forza<\/h3>\n<p>Il cannocchiale da puntamento Nighteagle V6 5-30\u00d750 NFX offre due caratteristiche eccezionali che sono di grande utilit\u00e0 per i tiratori: Il <strong>Anello di regolazione dell'ingrandimento<\/strong> \u00e8 stata progettata per offrire una maggiore aderenza ed \u00e8 disponibile come optional con un <strong>leva di regolazione rapida a vite<\/strong> \u00e8 equipaggiato.<\/p>\n<p>Queste funzioni apportano una serie di vantaggi che migliorano notevolmente la maneggevolezza e il funzionamento del cannocchiale. Grazie alla migliore presa dell'anello di regolazione, il tiratore pu\u00f2 regolare l'ingrandimento in modo rapido e preciso, anche in condizioni difficili o indossando i guanti.<\/p>\n<p>La possibilit\u00e0 di utilizzare un <strong>utilizzare la leva di regolazione rapida opzionale<\/strong> permette al tiratore di cambiare l'ingrandimento in modo ancora pi\u00f9 rapido e comodo. Queste caratteristiche sono particolarmente preziose per il tiro sportivo e soprattutto per i rapidi cambi di ingrandimento e offrono un vantaggio decisivo.<\/p>\n<h3>Reticolo MilDot<\/h3>\n<p>Il <strong>Cannocchiale da puntamento Nighteagle 5-30\u00d750 NFX<\/strong> - \u00e8 dotato di un reticolo MilDot moderno e di successo.<\/p>\n<p>Il cannocchiale da puntamento Nighteagle V6 5-30\u00d750 NFX offre un reticolo tattico illuminato MilDot sul piano dell'immagine dell'oculare (2\u00b0 piano dell'immagine), standardizzato con un ingrandimento di 10x.<\/p>\n<p>Ci\u00f2 significa che la dimensione del reticolo rimane costante al variare dell'ingrandimento. Anche con un ingrandimento di 30x, il reticolo oscura il bersaglio di soli 1,8 mm a una distanza di tiro di 100 metri. Il campo visivo a questo massimo ingrandimento \u00e8 ancora di 1,3 m a 100 m, il che consente un puntamento fulmineo.<\/p>\n<p>Le ottiche di puntamento consentono regolazioni precise, in quanto il<strong> Reticolo per clic di 0,1 MRAD<\/strong> che corrisponde a uno spostamento di 1 cm a 100 m. A 300 m, un clic corrisponde a una variazione del punto d'impatto di circa 3 cm.<\/p>\n<p>Il campo di regolazione totale del cannocchiale \u00e8 di <strong>165 clic o 27 MRAD (13,5 MRAD per pagina),<\/strong> che offre ai tiratori un'ampia gamma di opzioni per la messa a punto dei loro colpi.<\/p>\n<h3>Meccanismo di regolazione robusto per un uso intensivo con Zerostop e ASV<\/h3>\n<p>Il cannocchiale da puntamento Nighteagle V6 5-30\u00d750 NFX \u00e8 dotato di una pratica regolazione rapida e di uno Zerostop.<\/p>\n<p>\u00c8 dotato di una doppia scala sulla regolazione verticale con la quale \u00e8 possibile leggere e impostare il numero di regolazioni a scatto. Dopo aver sparato nel cannocchiale, il <strong>Regolazione del reticolo rilasciando il blocco della torretta<\/strong> pu\u00f2 essere azzerato con una moneta o un cacciavite.<\/p>\n<p>Successivamente, il <strong>Impostazione dello zero contrastata dal basso utilizzando lo Zerostop per garantire un arresto nella posizione di zero<\/strong>. Da questa posizione di zero si possono preimpostare varie distanze di tiro mediante un sistema di marcatura.<\/p>\n<p>Grazie a queste pratiche funzioni, i tiratori possono regolare rapidamente e facilmente il cannocchiale a diverse distanze, garantendo al contempo una posizione di zero affidabile. Ci\u00f2 consente una selezione flessibile e precisa del bersaglio in diverse situazioni di tiro.<\/p>\n<h3>Il miglior punto luce per la tecnologia di retroilluminazione \/ crepuscolare \/ visione notturna<\/h3>\n<p>Il cannocchiale Nighteagle V6 5-30\u00d750 NFX \u00e8 dotato di un punto illuminato in fibra ottica opzionale, disponibile anche nella versione automatica IFiber con un sovrapprezzo.<\/p>\n<p>Il punto luce in fibra ottica \u00e8 volutamente ridotto per garantire la minore copertura possibile del bersaglio. Grazie alla <strong>tecnologia a fibre ottiche avanzata, il punto luce \u00e8<\/strong> non solo pi\u00f9 scuri con una forte attenuazione, ma anche pi\u00f9 fini, il che consente un puntamento preciso.<\/p>\n<p>Il punto illuminato pu\u00f2 essere oscurato continuamente di 100 % fino a quando non \u00e8 pi\u00f9 visibile all'occhio umano. Al di sotto del livello 4, il punto luminoso pu\u00f2 essere riconosciuto solo con un dispositivo di visione notturna.<\/p>\n<p>Su richiesta, il punto illuminato pu\u00f2 essere personalizzato per l'utilizzo con speciali <a href=\"https:\/\/de.wikipedia.org\/wiki\/Nachtsichtger%C3%A4t\" target=\"_blank\" rel=\"noopener sponsored\">Tipi di dispositivi per la visione notturna<\/a> come <strong>Photonis di livello commerciale XD4 o XR5<\/strong> o la Gen. 3 pu\u00f2 essere personalizzata.<\/p>\n<p>Quando il<strong> Se il punto illuminato \u00e8 spento, il reticolo continuo appare come in un cannocchiale convenzionale senza unit\u00e0 illuminata,<\/strong> senza che un punto libero che distrae ostacoli la visuale. Quando il punto illuminato \u00e8 attivato, non vi sono fastidiosi bagliori o riflessi all'interno dell'ottica, garantendo una visione chiara.<\/p>\n<p>Il gruppo ottico \u00e8 prodotto a mano, il che consente di tenere conto delle richieste speciali dei clienti. Ci\u00f2 consente ai tiratori di avere un cannocchiale da puntamento personalizzato in base alle loro preferenze ed esigenze personali.<\/p>\n<h3>Particolare cannocchiale da puntamento NFX con ampio campo visivo<\/h3>\n<p>Il Nighteagle V6 5-30\u00d750 NFX offre una caratteristica notevole: un campo visivo eccezionalmente ampio di 8 metri con un ingrandimento di 5x che, in combinazione con un eyebox notevolmente migliorato, offre una moltitudine di vantaggi. Questo \u00e8 estremamente utile sia per i tiratori di precisione che per i cacciatori.<\/p>\n<p>L'eyebox migliorato consente ai tiratori di tenere sotto controllo il bersaglio durante il tiro, anche se questo \u00e8 in movimento. In questo modo possono riconoscere da soli l'impatto del proiettile sul bersaglio senza dover ricorrere a un osservatore aggiuntivo.<\/p>\n<p>Questo fornisce un \u201cfeedback\u201d preciso e immediato che d\u00e0 al tiratore la certezza del punto d'impatto e gli permette di seguire o correggere il tiro in tempo reale.<\/p>\n<p>In caso di mancato bersaglio, il campo visivo esteso rappresenta un grande vantaggio, in quanto il tiratore pu\u00f2 riconoscere pi\u00f9 facilmente la deviazione dal bersaglio e apportare correzioni immediate.<\/p>\n<p>Grazie al campo visivo pi\u00f9 ampio, \u00e8 possibile riconoscere da soli la deviazione e correggerla immediatamente senza l'aiuto di un osservatore. In questo modo si risparmia tempo prezioso e il tiratore pu\u00f2 rimettersi rapidamente a fuoco e mirare di nuovo al bersaglio.<\/p>\n<p>La combinazione tra il generoso campo visivo e l'eyebox migliorato del Nighteagle V6 5-30\u00d750 NFX offre quindi ai tiratori la massima precisione e il massimo controllo ad ogni tiro. Con questo cannocchiale al loro fianco, i tiratori possono portare le loro prestazioni di tiro a un nuovo livello.<\/p>","protected":false},"excerpt":{"rendered":"<p><img decoding=\"async\" class=\"alignnone wp-image-10452 size-full\" title=\"Tiro al bersaglio\" src=\"https:\/\/ddoptics.shop\/wp-content\/uploads\/2016\/07\/Target-Schiessen.jpg\" alt=\"Tiro al bersaglio\" width=\"50\" height=\"50\" \/><img decoding=\"async\" class=\"alignnone wp-image-10178 size-full\" title=\"Caccia in montagna\" src=\"https:\/\/ddoptics.shop\/wp-content\/uploads\/2016\/04\/Gebirgsjagd-klein.jpg\" alt=\"Binocolo da caccia di montagna\" width=\"50\" height=\"50\" \/><br \/>\nIl nuovo <strong>Ottica per bersagli a lunga distanza con <strong>pi\u00f9 recente <\/strong><span style=\"color: #ff0000;\"><strong><span class=\"userContent\">Vetro tipo CT (Clear-Transmission) di DDoptics.<\/span><\/strong><\/span><\/strong> Opzionale <strong><a title=\"NUOVO Punto illuminato DDoptics IFiber\" href=\"\/it\/termine-tecnico-wiki\/punto-luce-intelligente-ddoptics-ifiber\/\" target=\"_blank\" rel=\"noopener noreferrer\">Punto luce IFibre<\/a><\/strong> per <strong>solo \u20ac 99,- di supplemento.<\/strong><\/p>\n<a href=\"https:\/\/amzn.to\/3PlT7Gn\" target=\"_blank\" class=\"button success is-success is-small\" rel=\"\u201dnofollow\u201d noopener\" >\n\t\t<span>cliente amazon? - Usare i vantaggi di Prime?<\/span>\n\t<\/a>","protected":false},"featured_media":26819,"comment_status":"open","ping_status":"closed","template":"","meta":{"inline_featured_image":false,"footnotes":""},"product_brand":[],"product_cat":[480,453,638,697,917,640,919,637],"product_tag":[587,78,696,955,1098,956,79],"class_list":{"0":"post-26806","1":"product","2":"type-product","3":"status-publish","4":"has-post-thumbnail","6":"product_cat-5-30x50","7":"product_cat-50-mm-objektivdurchmesser","8":"product_cat-ansitzjagd","9":"product_cat-mrad-klickverstellung","10":"product_cat-nfx-zielfernrohre-weitwinkel-zf","11":"product_cat-pirschjagd-und-gebirgsjagd","12":"product_cat-v6-6-fach-zoom","13":"product_cat-zf-anwendung","14":"product_tag-5-30x50","15":"product_tag-ddoptics","16":"product_tag-mrad","17":"product_tag-nfx","18":"product_tag-nighteagle","19":"product_tag-v6","20":"product_tag-zielfernrohr","21":"product_shipping_class-paket","22":"pa_brand-marke-ddoptics","23":"pa_produkt-typ-zielfernrohr","25":"first","26":"instock","27":"sale","28":"taxable","29":"shipping-taxable","30":"purchasable","31":"product-type-bundle"},"bundled_by":[],"bundle_stock_status":"instock","bundle_stock_quantity":16,"bundle_virtual":false,"bundle_layout":"default","bundle_add_to_cart_form_location":"default","bundle_editable_in_cart":false,"bundle_sold_individually_context":"product","bundle_item_grouping":"parent","bundle_min_size":"","bundle_max_size":"","bundle_price":{"price":{"min":{"incl_tax":"1299.01","excl_tax":"1082.51"},"max":{"incl_tax":"1403.32","excl_tax":"1169.43"}},"regular_price":{"min":{"incl_tax":"1689.01","excl_tax":"1407.51"},"max":{"incl_tax":"1804.9","excl_tax":"1504.08"}}},"bundled_items":[{"bundled_item_id":385,"product_id":12809,"menu_order":0,"quantity_min":1,"quantity_max":1,"quantity_default":1,"priced_individually":true,"shipped_individually":false,"override_title":true,"title":"","override_description":false,"description":"","optional":false,"hide_thumbnail":false,"discount":"","override_variations":true,"allowed_variations":[12810,12811],"override_default_variation_attributes":false,"default_variation_attributes":[],"single_product_visibility":"visible","cart_visibility":"visible","order_visibility":"visible","single_product_price_visibility":"visible","cart_price_visibility":"visible","order_price_visibility":"visible","stock_status":"in_stock"},{"bundled_item_id":386,"product_id":12812,"menu_order":1,"quantity_min":1,"quantity_max":1,"quantity_default":1,"priced_individually":true,"shipped_individually":false,"override_title":true,"title":"Set di tappi protettivi quasi in regalo","override_description":true,"description":"","optional":true,"hide_thumbnail":false,"discount":"68.55","override_variations":true,"allowed_variations":[26829],"override_default_variation_attributes":true,"default_variation_attributes":[{"id":17,"name":"Dimensioni del cannocchiale","option":"5-30x50-nfx"}],"single_product_visibility":"visible","cart_visibility":"visible","order_visibility":"visible","single_product_price_visibility":"visible","cart_price_visibility":"visible","order_price_visibility":"visible","stock_status":"in_stock"}],"bundle_sell_ids":[],"_links":{"self":[{"href":"https:\/\/ddoptics.shop\/it\/wp-json\/wp\/v2\/product\/26806","targetHints":{"allow":["GET"]}}],"collection":[{"href":"https:\/\/ddoptics.shop\/it\/wp-json\/wp\/v2\/product"}],"about":[{"href":"https:\/\/ddoptics.shop\/it\/wp-json\/wp\/v2\/types\/product"}],"replies":[{"embeddable":true,"href":"https:\/\/ddoptics.shop\/it\/wp-json\/wp\/v2\/comments?post=26806"}],"version-history":[{"count":18,"href":"https:\/\/ddoptics.shop\/it\/wp-json\/wp\/v2\/product\/26806\/revisions"}],"predecessor-version":[{"id":29141,"href":"https:\/\/ddoptics.shop\/it\/wp-json\/wp\/v2\/product\/26806\/revisions\/29141"}],"wp:featuredmedia":[{"embeddable":true,"href":"https:\/\/ddoptics.shop\/it\/wp-json\/wp\/v2\/media\/26819"}],"wp:attachment":[{"href":"https:\/\/ddoptics.shop\/it\/wp-json\/wp\/v2\/media?parent=26806"}],"wp:term":[{"taxonomy":"product_brand","embeddable":true,"href":"https:\/\/ddoptics.shop\/it\/wp-json\/wp\/v2\/product_brand?post=26806"},{"taxonomy":"product_cat","embeddable":true,"href":"https:\/\/ddoptics.shop\/it\/wp-json\/wp\/v2\/product_cat?post=26806"},{"taxonomy":"product_tag","embeddable":true,"href":"https:\/\/ddoptics.shop\/it\/wp-json\/wp\/v2\/product_tag?post=26806"}],"curies":[{"name":"wp","href":"https:\/\/api.w.org\/{rel}","templated":true}]}}