{"id":27680,"date":"2024-11-25T17:54:55","date_gmt":"2024-11-25T16:54:55","guid":{"rendered":"https:\/\/ddoptics.shop\/?post_type=product&#038;p=27680"},"modified":"2026-02-02T17:28:43","modified_gmt":"2026-02-02T16:28:43","slug":"cannocchiale-5-30x56-ddmp-v6-taca-moa-gen3","status":"publish","type":"product","link":"https:\/\/ddoptics.shop\/it\/kaufen\/zielfernrohr-5-30x56-ddmp-v6-taca-moa-gen3\/","title":{"rendered":"Cannocchiale DDMP V6 | 5-30\u00d756 Long Range | tac-A | regolazione MOA - Gen 3"},"content":{"rendered":"<div class=\"container section-title-container\" ><h3 class=\"section-title section-title-normal\"><b aria-hidden=\"true\"><\/b><span class=\"section-title-main\" ><i class=\"icon-cross\" aria-hidden=\"true\"><\/i>Breve panoramica del cannocchiale 5-30x56 DDMP Long Range | V6 | tac-A | regolazione MOA - Gen 3<\/span><b aria-hidden=\"true\"><\/b><\/h3><\/div>\n<table style=\"width: 100%; background-color: #cacaca; height: 144px;\">\n<tbody>\n<tr style=\"height: 24px;\">\n<td style=\"height: 24px; width: 20%;\">Tubo<\/td>\n<td style=\"height: 24px; width: 30%;\">Tubo mono da 34 mm<\/td>\n<td style=\"height: 24px; width: 20%;\">Campo visivo: m @100 m<\/td>\n<td style=\"height: 24px; width: 30%;\">7,04-1,05 m<\/td>\n<\/tr>\n<tr style=\"height: 24px;\">\n<td style=\"height: 24px; width: 20%;\">Sistema ottico<\/td>\n<td style=\"height: 24px; width: 30%;\">5-30 volte<\/td>\n<td style=\"height: 24px; width: 20%;\">Distanza interpupillare<\/td>\n<td style=\"height: 24px; width: 30%;\">85-97 mm<\/td>\n<\/tr>\n<tr style=\"height: 24px;\">\n<td style=\"height: 24px; width: 20%;\">Lente<\/td>\n<td style=\"height: 24px; width: 30%;\">56 mm<\/td>\n<td style=\"height: 24px; width: 20%;\">Lunghezza<\/td>\n<td style=\"height: 24px; width: 30%;\">368 mm<\/td>\n<\/tr>\n<tr style=\"height: 24px;\">\n<td style=\"height: 24px; width: 20%;\">Reticolo<\/td>\n<td style=\"height: 24px; width: 30%;\">TacA<\/td>\n<td style=\"height: 24px; width: 20%;\">Peso<\/td>\n<td style=\"height: 24px; width: 30%;\">1068 g<\/td>\n<\/tr>\n<tr style=\"height: 24px;\">\n<td style=\"height: 24px; width: 20%;\">Punto luce<\/td>\n<td style=\"height: 24px; width: 30%;\">Standard o iFibra<\/td>\n<td style=\"height: 24px; width: 20%;\">Protezione antiappannamento<\/td>\n<td style=\"height: 24px; width: 30%;\">Riempimento di azoto contro l'appannamento<\/td>\n<\/tr>\n<tr style=\"height: 24px;\">\n<td style=\"height: 24px; width: 20%;\">Messa a fuoco\/parallasse<\/td>\n<td style=\"height: 24px; width: 30%;\">Obiettivo regolabile da 25-1000 m all'infinito<\/td>\n<td style=\"height: 24px; width: 20%;\">\u00a0Tenuta<\/td>\n<td style=\"height: 24px; width: 30%;\">Resistente all'acqua e agli urti<\/td>\n<\/tr>\n<\/tbody>\n<\/table>\n<div class=\"row\"  id=\"row-1818577463\">\n\n\t<div id=\"col-293946449\" class=\"col medium-8 small-12 large-8\"  >\n\t\t\t\t<div class=\"col-inner\"  >\n\t\t\t\n\t\t\t\n<h2>Cannocchiale da puntamento DDMP V6 5-30\u00d756 | <a href=\"https:\/\/ddoptics.shop\/it\/termine-tecnico\/calcolo-del-minuto-angolare-o-del-moa-per-i-cannocchiali-da-puntamento\/\">1\/8 MOA<\/a> di DDoptics - precisione assoluta nella media distanza da 100 a 1000 m<\/h2>\n<p>Il <strong>Cannocchiale DDoptics DDMP V6 5-30\u00d756 Long Range | MOA | tac-A<\/strong> \u00e8 lo strumento di precisione definitivo per i tiratori ambiziosi e gli appassionati di lunghe distanze. Con una tecnologia all'avanguardia, una precisione senza compromessi e una lavorazione di alto livello, questo cannocchiale stabilisce nuovi standard nel mondo delle ottiche da tiro.<\/p>\n<h3>Eccezionale precisione e versatilit\u00e0<\/h3>\n<p>Grazie all'ampio spettro di ingrandimento di <strong>Da 5 a 30 volte<\/strong> il DDMP V6 \u00e8 in grado di gestire distanze medie ed estreme con la massima precisione.<\/p>\n<blockquote><p>Il generoso <strong>Obiettivo da 56 mm<\/strong> garantisce un'eccezionale trasmissione della luce e immagini nitidissime, anche in condizioni di scarsa illuminazione o di condizioni atmosferiche difficili.<\/p><\/blockquote>\n<p>Con un eccezionale campo di regolazione di <strong>100 MOA<\/strong> e di un sistema di regolazione all'avanguardia, distanze fino a <strong>2.000 metri e oltre<\/strong> possono essere coperti senza sforzo.<\/p>\n<p>La regolazione precisa con solo <strong>3 rivoluzioni<\/strong> consente di passare rapidamente da una distanza di ripresa all'altra, ideale per le situazioni di ripresa dinamiche.<\/p>\n<h3>Cannocchiale da puntamento 5-30\u00d756 DDMP: un'ottica di classe a s\u00e9 stante<\/h3>\n<p>Il DDMP V6 offre <strong>Lenti ad alta definizione<\/strong> con rivestimento delle lenti multistrato per un'esperienza ottica di prim'ordine. I riflessi e le luci parassite sono ridotti al minimo, mentre i contrasti sono enfatizzati in modo brillante. Il risultato: una visione cristallina e dettagliata che convince anche in condizioni difficili.<\/p>\n\t\t<\/div>\n\t\t\t\t\t<\/div>\n\n\t\n\n\t<div id=\"col-298453219\" class=\"col medium-4 small-12 large-4\"  >\n\t\t\t\t<div class=\"col-inner\"  >\n\t\t\t\n\t\t\t\n<a class=\"button primary expand\" >\n\t\t<span>Caratteristiche speciali del cannocchiale<\/span>\n\t<\/a>\n\n\n\t<section class=\"section\" id=\"section_183400345\">\n\t\t<div class=\"section-bg fill\" >\n\t\t\t\t\t\t\t\t\t<div class=\"section-bg-overlay absolute fill\"><\/div>\n\t\t\t\n\n\t\t<\/div>\n\n\t\t\n\n\t\t<div class=\"section-content relative\">\n\t\t\t\n\t<div class=\"img has-hover x md-x lg-x y md-y lg-y\" id=\"image_258568507\">\n\t\t<a class=\"\" href=\"https:\/\/www.ddoptics.de\/garantiebestimmungen\" target=\"_blank\" rel=\"no follow noopener\">\t\t\t\t\t\t<div class=\"img-inner dark\" >\n\t\t\t<img decoding=\"async\" width=\"352\" height=\"160\" src=\"https:\/\/ddoptics.shop\/wp-content\/uploads\/2014\/09\/DDoptics-Garantie.jpg\" class=\"attachment-large size-large\" alt=\"Garanzia DDoptics\" srcset=\"https:\/\/ddoptics.shop\/wp-content\/uploads\/2014\/09\/DDoptics-Garantie.jpg 352w, https:\/\/ddoptics.shop\/wp-content\/uploads\/2014\/09\/DDoptics-Garantie-304x138.jpg 304w, https:\/\/ddoptics.shop\/wp-content\/uploads\/2014\/09\/DDoptics-Garantie-305x139.jpg 305w, https:\/\/ddoptics.shop\/wp-content\/uploads\/2014\/09\/DDoptics-Garantie-250x114.jpg 250w\" sizes=\"(max-width: 352px) 100vw, 352px\" title=\"\">\t\t\t\t\t\t\n\t\t\t\t\t<\/div>\n\t\t\t\t\t\t<\/a>\t\t\n<style>\n#image_258568507 {\n  width: 100%;\n}\n<\/style>\n\t<\/div>\n\t\n\t<div id=\"gap-371837431\" class=\"gap-element clearfix\" style=\"display:block; height:auto;\">\n\t\t\n<style>\n#gap-371837431 {\n  padding-top: 15px;\n}\n<\/style>\n\t<\/div>\n\t\n\t<div id=\"text-209950571\" class=\"text\">\n\t\t\n<p><em><span style=\"font-size: 80%;\">\u21d2 DDMP - DDoptics Match Precision (precisione della corrispondenza)<br \/>\n<\/span><\/em><em><span style=\"font-size: 80%;\">\u21d2 Tubo robusto da 34 mm<br \/>\n<\/span><\/em><em><span style=\"font-size: 80%;\">\u21d2 Campo di regolazione extra large di 1\/8 MOA<br \/>\n<\/span><\/em><em><span style=\"font-size: 80%;\">\u21d2 Torrette tattiche in metallo di grandi dimensioni (non in plastica)<br \/>\n<\/span><\/em><em><span style=\"font-size: 80%;\">\u21d2 doppio scalare (doppio giro)<br \/>\n<\/span><\/em><em><span style=\"font-size: 80%;\">\u21d2 Interno\u00a0<span class=\"modal_lexicon\">Zerostop<\/span>\u00a0per ASV (arresto zero)<br \/>\n<\/span><\/em><em><span style=\"font-size: 80%;\">\u21d2 Nuovo\u00a0<span class=\"modal_lexicon\">Reticolo<\/span>\u00a0tacA nel 1\u00b0 piano immagine<br \/>\n<\/span><\/em><em><span style=\"font-size: 80%;\">\u21d2 Potente compensazione della parallasse con 25-1000-\u221e<br \/>\n<\/span><\/em><em><span style=\"font-size: 80%;\">\u21d2 Tutti i cannocchiali da puntamento DDoptics sono impermeabili e riempiti di azoto.<\/span><\/em><\/p>\n\t\t\n<style>\n#text-209950571 {\n  line-height: 1.15;\n  color: rgb(33, 107, 227);\n}\n#text-209950571 > * {\n  color: rgb(33, 107, 227);\n}\n<\/style>\n\t<\/div>\n\t\n\t\t<\/div>\n\n\t\t\n<style>\n#section_183400345 {\n  padding-top: 30px;\n  padding-bottom: 30px;\n  background-color: rgb(232, 232, 232);\n}\n#section_183400345 .section-bg-overlay {\n  background-color: rgba(255,255,255,.5);\n}\n<\/style>\n\t<\/section>\n\t\n\t\t<\/div>\n\t\t\t\t\t<\/div>\n\n\t\n<\/div>\n<h3>Una robustezza che non conosce compromessi<\/h3>\n<p>Questo cannocchiale \u00e8 costruito per le condizioni pi\u00f9 difficili. Realizzato in materiale anodizzato di alta qualit\u00e0 <strong>Alluminio aeronautico<\/strong>, Non solo \u00e8 leggero e stabile, ma anche estremamente resistente agli urti, al rinculo e agli effetti del tempo.<\/p>\n<p>Il <strong>Riempimento con azoto<\/strong> e un design completamente impermeabile fanno s\u00ec che il DDMP V6 non si appanni in caso di sbalzi di temperatura e umidit\u00e0. Queste caratteristiche garantiscono durata e affidabilit\u00e0, anche nelle condizioni pi\u00f9 avverse.<\/p>\n<h3>Funzioni innovative per tiratori di alto livello<\/h3>\n<ul>\n<li><strong>Reticolo Tac-A con illuminazione:<\/strong> Il reticolo illuminato con regolazione continua della luminosit\u00e0 si adatta perfettamente alle condizioni ambientali, sia al crepuscolo che alla luce del giorno.<\/li>\n<li><strong>Design ergonomico:<\/strong> La generosa distanza tra gli occhi garantisce un'esperienza di tiro sicura e confortevole, anche con calibri potenti.<\/li>\n<li><strong>Primo piano dell'immagine per la massima precisione:<\/strong> Grazie al posizionamento del reticolo Tac-A nel primo piano dell'immagine, la scala rimane sempre precisa indipendentemente dall'ingrandimento - 1 MOA corrisponde sempre esattamente a <strong>2,88 mm per 100 m<\/strong>, mentre le pennellate intermedie sono gli aggiustamenti pi\u00f9 fini del <strong>0,36 cm (\u215b MOA)<\/strong> abilitazione.<\/li>\n<\/ul>\n<h3>Il reticolo Tac-A: precisione senza limiti<\/h3>\n<p>Il design ben studiato del reticolo Tac-A offre la massima chiarezza e precisione. Le barre trasparenti assicurano che i dettagli importanti dell'area del bersaglio rimangano visibili, mentre la struttura a forma di freccia consente un'acquisizione rapida e intuitiva del bersaglio.<\/p>\n<h3>Lo strumento perfetto per gli specialisti del lungo raggio<\/h3>\n<p>Il <strong>DDoptics DDMP V6 5-30\u00d756<\/strong> \u00e8 pi\u00f9 di un semplice cannocchiale da puntamento: \u00e8 una dichiarazione in termini di prestazioni, precisione e innovazione. Al poligono di tiro, nelle competizioni o nell'uso professionale, questo cannocchiale da puntamento di qualit\u00e0 superiore vi d\u00e0 la sicurezza di poter sempre operare ai massimi livelli.<\/p>\n<p><strong>Investite in una qualit\u00e0 senza compromessi e trasformate ogni scatto in uno scatto da maestro.<\/strong><\/p>\n<div class=\"html--title\">\n<h2>Disegno delle dimensioni del cannocchiale 5-30\u00d756 DDMP<\/h2>\n<\/div>\n<div class=\"html--content\">\n<p>Nota: la lunghezza del cannocchiale pu\u00f2 cambiare quando si regola la diottria sull'oculare.<\/p>\n<\/div>\n\t<div class=\"img has-hover x md-x lg-x y md-y lg-y\" id=\"image_1452352236\">\n\t\t\t\t\t\t\t\t<div class=\"img-inner dark\" >\n\t\t\t<img decoding=\"async\" width=\"1020\" height=\"669\" src=\"https:\/\/ddoptics.shop\/wp-content\/uploads\/2019\/02\/DDoptics-V6-Zielfernrohr-5-30x56-Zeichnung.jpg\" class=\"attachment-large size-large\" alt=\"DDoptics V6 cannocchiale da puntamento 5-30x56 Disegno DDMP\" srcset=\"https:\/\/ddoptics.shop\/wp-content\/uploads\/2019\/02\/DDoptics-V6-Zielfernrohr-5-30x56-Zeichnung.jpg 1200w, https:\/\/ddoptics.shop\/wp-content\/uploads\/2019\/02\/DDoptics-V6-Zielfernrohr-5-30x56-Zeichnung-304x199.jpg 304w, https:\/\/ddoptics.shop\/wp-content\/uploads\/2019\/02\/DDoptics-V6-Zielfernrohr-5-30x56-Zeichnung-305x200.jpg 305w, https:\/\/ddoptics.shop\/wp-content\/uploads\/2019\/02\/DDoptics-V6-Zielfernrohr-5-30x56-Zeichnung-632x414.jpg 632w, https:\/\/ddoptics.shop\/wp-content\/uploads\/2019\/02\/DDoptics-V6-Zielfernrohr-5-30x56-Zeichnung-800x525.jpg 800w, https:\/\/ddoptics.shop\/wp-content\/uploads\/2019\/02\/DDoptics-V6-Zielfernrohr-5-30x56-Zeichnung-510x334.jpg 510w, https:\/\/ddoptics.shop\/wp-content\/uploads\/2019\/02\/DDoptics-V6-Zielfernrohr-5-30x56-Zeichnung-250x164.jpg 250w\" sizes=\"(max-width: 1020px) 100vw, 1020px\" title=\"\">\t\t\t\t\t\t\n\t\t\t\t\t<\/div>\n\t\t\t\t\t\t\t\t\n<style>\n#image_1452352236 {\n  width: 100%;\n}\n<\/style>\n\t<\/div>\n\t\n<h3>Cannocchiale DDoptics V6 5-30\u00d756 DDMP: punto illuminato continuo dalla modalit\u00e0 di visione diurna a quella notturna<\/h3>\n<p>Il <strong>Unit\u00e0 luminosa del TacA<\/strong> \u00e8 un sistema perfettamente bilanciato con la massima dinamica. Il <strong>primi livelli di luminosit\u00e0 solo un punto luce estremamente ridotto<\/strong> riconoscere.<\/p>\n<p>Si pu\u00f2 anche oscurare a tal punto che questo <strong>pu\u00f2 essere utilizzato anche con un dispositivo di visione notturna.<\/strong> Se il punto illuminato viene ulteriormente alzato, allora<strong> illumina l'intera stanza a partire da una certa intensit\u00e0 luminosa. <a href=\"https:\/\/de.wikipedia.org\/wiki\/Ballistik\" target=\"_blank\" rel=\"noopener sponsored\" data-schema-attribute=\"\">balistico<\/a> Reticolo<\/strong> con.<\/p>\n<p>A seconda dell'applicazione <strong>\u00e8 possibile scegliere tra il punto puro o il reticolo completamente illuminato<\/strong>. Anche per questa ottica \u00e8 possibile selezionare lo spegnimento automatico con controllo intelligente.<\/p>\n<h3>Opzioni di impostazione precise<\/h3>\n<p>Il cannocchiale \u00e8 dotato di un reticolo MOA appositamente ottimizzato per applicazioni tattiche e sportive. La regolazione dell'elevazione e del guadagno \u00e8 impostata con incrementi precisi di 1\/8 MOA, il che consente una regolazione estremamente precisa.<\/p>\n<blockquote><p>Il feedback tattile e sonoro delle torrette assicura un funzionamento intuitivo, anche in condizioni difficili. Con una regolazione massima dell'elevazione di 100 MOA, il DDMP V6 offre un margine di manovra sufficiente per distanze estreme.<\/p><\/blockquote>\n<h3>Cannocchiale DDoptics V6 5-30\u00d756 DDMP - Accurato, Zerostop interno<\/h3>\n<div class=\"row\"  id=\"row-261696806\">\n\n\t<div id=\"col-286729449\" class=\"col medium-8 small-12 large-8\"  >\n\t\t\t\t<div class=\"col-inner\"  >\n\t\t\t\n\t\t\t\n<p><strong>Campo di regolazione totale del cannocchiale da puntamento DDoptics<a href=\"https:\/\/ddoptics.shop\/it\/negozio\/mirino-telescopico-2\/v6-zoom-6x\/\" target=\"_blank\" rel=\"noopener\" data-schema-attribute=\"\"> Cannocchiale V6<\/a> 5-30\u00d756 DDMP:<\/strong><\/p>\n<p>Il\u00a0<strong>Cannocchiale da puntamento 5-30\u00d756<\/strong> ha un<strong> Regolazione tattica di 0,1 mrad<\/strong>. Per l'utente, ci\u00f2 significa <strong>Europa applicazione semplice secondo il sistema decimale<\/strong>.<\/p>\n<p>Campo di regolazione totale a 100 m: 100 MOA<\/p>\n<ul>\n<li>Corsa di regolazione \/ scatto per 100 m: 0,36 cm<\/li>\n<li>Corsa di regolazione \/ scatto a 200 m: 0,72 cm<\/li>\n<li>Corsa di regolazione \/ scatto a 300 m: 1,08 cm<\/li>\n<li>Corsa di regolazione \/ scatto a 900 m: 3,24 cm<\/li>\n<\/ul>\n\t\t<\/div>\n\t\t\t\t\t<\/div>\n\n\t\n\n\t<div id=\"col-1893991396\" class=\"col medium-4 small-12 large-4\"  >\n\t\t\t\t<div class=\"col-inner\"  >\n\t\t\t\n\t\t\t\n\t<div class=\"img has-hover x md-x lg-x y md-y lg-y\" id=\"image_1248621181\">\n\t\t\t\t\t\t\t\t<div class=\"img-inner dark\" >\n\t\t\t<img decoding=\"async\" width=\"600\" height=\"400\" src=\"https:\/\/ddoptics.shop\/wp-content\/uploads\/2019\/02\/Interner-Zerostop-5-30x56.jpg\" class=\"attachment-large size-large\" alt=\"\" srcset=\"https:\/\/ddoptics.shop\/wp-content\/uploads\/2019\/02\/Interner-Zerostop-5-30x56.jpg 600w, https:\/\/ddoptics.shop\/wp-content\/uploads\/2019\/02\/Interner-Zerostop-5-30x56-304x203.jpg 304w, https:\/\/ddoptics.shop\/wp-content\/uploads\/2019\/02\/Interner-Zerostop-5-30x56-305x203.jpg 305w, https:\/\/ddoptics.shop\/wp-content\/uploads\/2019\/02\/Interner-Zerostop-5-30x56-510x340.jpg 510w, https:\/\/ddoptics.shop\/wp-content\/uploads\/2019\/02\/Interner-Zerostop-5-30x56-250x167.jpg 250w\" sizes=\"(max-width: 600px) 100vw, 600px\" title=\"\">\t\t\t\t\t\t\n\t\t\t\t\t<\/div>\n\t\t\t\t\t\t\t\t\n<style>\n#image_1248621181 {\n  width: 100%;\n}\n<\/style>\n\t<\/div>\n\t\n\t\t<\/div>\n\t\t\t\t\t<\/div>\n\n\t\n<\/div>\n<p>Dopo aver rimosso il<strong> Tappi della torretta per la regolazione del reticolo del 5-30\u00d756\u00a0<\/strong>la torre pu\u00f2 essere <strong>allentando le 3 viti di fissaggio<\/strong> rimuovere verso l'alto. Sotto di esso si trova lo Zerostop sotto forma di disco rotondo nero.<\/p>\n<p>La regolazione dello Zerostop si effettua dopo lo sparo allentando le (anche) 3 viti di arresto sul disco dello Zerostop. Quando \u00e8 allentato, il disco pu\u00f2 essere ruotato fino all'arresto senza alcun effetto e <strong>poi fissato nuovamente con le viti di fissaggio<\/strong> diventare.<\/p>\n<p>Si pu\u00f2 vedere il fermo sull'immagine tra il bersaglio e il mirino ottico. Poi il<strong> Riposizionare la torretta nella posizione zero e bloccarla in posizione con le 3 viti di fissaggio.\u00a0<\/strong>Lo Zerostop si ferma ora esattamente alla distanza impostata.<\/p>\n<h3>Conclusione sul cannocchiale da puntamento DDMP<\/h3>\n<p>Il DDoptics DDMP V6 5-30\u00d756 Long Range | MOA | tac-A \u00e8 un cannocchiale affidabile e potente per i tiratori che cercano la massima precisione e flessibilit\u00e0 in un dispositivo robusto. Unisce tecnologia all'avanguardia, materiali di alta qualit\u00e0 e facilit\u00e0 d'uso a un rapporto qualit\u00e0-prezzo imbattibile.<\/p>\n<div class=\"video video-fit mb\" style=\"padding-top:56.25%;\"><p><iframe title=\"DDoptics 5-30x56 e Strasser RS 700 - Test dell&#039;attrezzatura e intervista con A. Drescher\" width=\"1020\" height=\"574\" src=\"https:\/\/www.youtube.com\/embed\/e6IG0DosleI?feature=oembed\" frameborder=\"0\" allow=\"accelerometer; autoplay; clipboard-write; encrypted-media; gyroscope; picture-in-picture; web-share\" referrerpolicy=\"strict-origin-when-cross-origin\" allowfullscreen><\/iframe><\/p>\n<\/div>","protected":false},"excerpt":{"rendered":"<p><img decoding=\"async\" class=\"alignnone wp-image-10452 size-full\" title=\"Tiro sportivo\" src=\"https:\/\/ddoptics.shop\/wp-content\/uploads\/2016\/07\/Target-Schiessen.jpg\" alt=\"Tiro al bersaglio\" width=\"50\" height=\"50\" \/><img decoding=\"async\" class=\"alignnone wp-image-10168 size-full\" title=\"Caccia al cavalletto\" src=\"https:\/\/ddoptics.shop\/wp-content\/uploads\/2016\/09\/Jagd-klein.jpg\" alt=\"Binocoli da caccia\" width=\"50\" height=\"50\" \/><img decoding=\"async\" class=\"alignnone wp-image-10178 size-full\" title=\"Caccia in montagna\" src=\"https:\/\/ddoptics.shop\/wp-content\/uploads\/2016\/04\/Gebirgsjagd-klein.jpg\" alt=\"Binocolo da caccia di montagna\" width=\"50\" height=\"50\" \/><\/p>\n<p><strong><span style=\"color: #ed1c24;\">Importante: nuovo reticolo tacA nel 1\u00b0 piano focale<\/span><\/strong><\/p>\n<p>Una nuova ottica di puntamento estremo che <strong>quasi tutte le aree<\/strong> coperture. Dal tiro sportivo, alla caccia alla pelle, alla caccia in montagna, fino all'ultima luce del fucile. <strong>In opzione con tacA intelligente <a title=\"NUOVO Punto illuminato DDoptics IFiber\" href=\"\/it\/termine-tecnico-wiki\/punto-luce-intelligente-ddoptics-ifiber\/\" target=\"_blank\" rel=\"noopener noreferrer\">Punto luce IFibre<\/a> a soli \u20ac 99,- di supplemento.<\/strong><\/p>\n<a href=\"https:\/\/amzn.to\/3RI5BKD\" target=\"_blank\" class=\"button success is-success is-small\" rel=\"\u201dnofollow\u201d noopener\" >\n\t\t<span>cliente amazon? - Usare i vantaggi di Prime?<\/span>\n\t<\/a>","protected":false},"featured_media":27703,"comment_status":"open","ping_status":"closed","template":"","meta":{"inline_featured_image":false,"footnotes":""},"product_brand":[],"product_cat":[768,454,638,640,641,919,637],"product_tag":[764,78,80,1184,79],"class_list":{"0":"post-27680","1":"product","2":"type-product","3":"status-publish","4":"has-post-thumbnail","6":"product_cat-5-30x56","7":"product_cat-56-mm-objektivdurchmesser","8":"product_cat-ansitzjagd","9":"product_cat-pirschjagd-und-gebirgsjagd","10":"product_cat-sportschiessen","11":"product_cat-v6-6-fach-zoom","12":"product_cat-zf-anwendung","13":"product_tag-5-30x56","14":"product_tag-ddoptics","15":"product_tag-gen-3","16":"product_tag-moa","17":"product_tag-zielfernrohr","18":"product_shipping_class-paket","19":"pa_brand-marke-ddoptics","20":"pa_produkt-typ-zielfernrohr","22":"first","23":"instock","24":"sale","25":"taxable","26":"shipping-taxable","27":"purchasable","28":"product-type-bundle"},"bundled_by":[],"bundle_stock_status":"instock","bundle_stock_quantity":"","bundle_virtual":false,"bundle_layout":"default","bundle_add_to_cart_form_location":"default","bundle_editable_in_cart":false,"bundle_sold_individually_context":"product","bundle_item_grouping":"parent","bundle_min_size":"","bundle_max_size":"","bundle_price":{"price":{"min":{"incl_tax":"1520","excl_tax":"1266.67"},"max":{"incl_tax":"1624.32","excl_tax":"1353.6"}},"regular_price":{"min":{"incl_tax":"1899","excl_tax":"1582.5"},"max":{"incl_tax":"2014.9","excl_tax":"1679.08"}}},"bundled_items":[{"bundled_item_id":463,"product_id":16795,"menu_order":0,"quantity_min":1,"quantity_max":1,"quantity_default":1,"priced_individually":true,"shipped_individually":false,"override_title":true,"title":"","override_description":false,"description":"","optional":false,"hide_thumbnail":true,"discount":"","override_variations":false,"allowed_variations":[],"override_default_variation_attributes":true,"default_variation_attributes":[{"id":36,"name":"tacA punto illuminato","option":"ddoptics-taca-normales-leuchtabsehen"}],"single_product_visibility":"visible","cart_visibility":"visible","order_visibility":"visible","single_product_price_visibility":"visible","cart_price_visibility":"visible","order_price_visibility":"visible","stock_status":"in_stock"},{"bundled_item_id":464,"product_id":12812,"menu_order":1,"quantity_min":1,"quantity_max":1,"quantity_default":1,"priced_individually":true,"shipped_individually":false,"override_title":true,"title":"Quasi un regalo - SET di tappi a flip","override_description":true,"description":"","optional":true,"hide_thumbnail":true,"discount":"68.55","override_variations":true,"allowed_variations":[12870],"override_default_variation_attributes":true,"default_variation_attributes":[{"id":17,"name":"Dimensioni del cannocchiale","option":"5-30x56"}],"single_product_visibility":"visible","cart_visibility":"visible","order_visibility":"visible","single_product_price_visibility":"visible","cart_price_visibility":"visible","order_price_visibility":"visible","stock_status":"in_stock"}],"bundle_sell_ids":[],"_links":{"self":[{"href":"https:\/\/ddoptics.shop\/it\/wp-json\/wp\/v2\/product\/27680","targetHints":{"allow":["GET"]}}],"collection":[{"href":"https:\/\/ddoptics.shop\/it\/wp-json\/wp\/v2\/product"}],"about":[{"href":"https:\/\/ddoptics.shop\/it\/wp-json\/wp\/v2\/types\/product"}],"replies":[{"embeddable":true,"href":"https:\/\/ddoptics.shop\/it\/wp-json\/wp\/v2\/comments?post=27680"}],"version-history":[{"count":17,"href":"https:\/\/ddoptics.shop\/it\/wp-json\/wp\/v2\/product\/27680\/revisions"}],"predecessor-version":[{"id":27707,"href":"https:\/\/ddoptics.shop\/it\/wp-json\/wp\/v2\/product\/27680\/revisions\/27707"}],"wp:featuredmedia":[{"embeddable":true,"href":"https:\/\/ddoptics.shop\/it\/wp-json\/wp\/v2\/media\/27703"}],"wp:attachment":[{"href":"https:\/\/ddoptics.shop\/it\/wp-json\/wp\/v2\/media?parent=27680"}],"wp:term":[{"taxonomy":"product_brand","embeddable":true,"href":"https:\/\/ddoptics.shop\/it\/wp-json\/wp\/v2\/product_brand?post=27680"},{"taxonomy":"product_cat","embeddable":true,"href":"https:\/\/ddoptics.shop\/it\/wp-json\/wp\/v2\/product_cat?post=27680"},{"taxonomy":"product_tag","embeddable":true,"href":"https:\/\/ddoptics.shop\/it\/wp-json\/wp\/v2\/product_tag?post=27680"}],"curies":[{"name":"wp","href":"https:\/\/api.w.org\/{rel}","templated":true}]}}