{"id":27976,"date":"2025-02-14T09:01:32","date_gmt":"2025-02-14T08:01:32","guid":{"rendered":"https:\/\/ddoptics.shop\/?post_type=product&#038;p=27976"},"modified":"2025-10-07T11:53:24","modified_gmt":"2025-10-07T09:53:24","slug":"ddsight-mag-1-4x22-mirino-reddot-auto-da-caccia","status":"publish","type":"product","link":"https:\/\/ddoptics.shop\/it\/kaufen\/ddsight-mag-1-4x22-reddot-visier-jagd-auto\/","title":{"rendered":"Mirino DDsight MAG 1-4\u00d722 a punto rosso di DDoptics | Reticolo da caccia | Controllo automatico del punto illuminato IPoint"},"content":{"rendered":"<div class=\"img has-hover x md-x lg-x y md-y lg-y\" id=\"image_1072331164\">\n\t\t\t\t\t\t\t\t<div class=\"img-inner image-cover dark\" style=\"padding-top:250px;\">\n\t\t\t<img decoding=\"async\" width=\"1020\" height=\"210\" src=\"https:\/\/ddoptics.shop\/wp-content\/uploads\/2025\/02\/DDoptics-DDsight-1600x329.webp\" class=\"attachment-large size-large\" alt=\"Mirino DDsight MAG 1-4x22 a punto rosso DDottica sull&#039;arma\" srcset=\"https:\/\/ddoptics.shop\/wp-content\/uploads\/2025\/02\/DDoptics-DDsight-1600x329.webp 1600w, https:\/\/ddoptics.shop\/wp-content\/uploads\/2025\/02\/DDoptics-DDsight-800x165.webp 800w, https:\/\/ddoptics.shop\/wp-content\/uploads\/2025\/02\/DDoptics-DDsight-1536x316.webp 1536w, https:\/\/ddoptics.shop\/wp-content\/uploads\/2025\/02\/DDoptics-DDsight-304x63.webp 304w, https:\/\/ddoptics.shop\/wp-content\/uploads\/2025\/02\/DDoptics-DDsight-632x130.webp 632w, https:\/\/ddoptics.shop\/wp-content\/uploads\/2025\/02\/DDoptics-DDsight-305x63.webp 305w, https:\/\/ddoptics.shop\/wp-content\/uploads\/2025\/02\/DDoptics-DDsight.webp 1920w\" sizes=\"(max-width: 1020px) 100vw, 1020px\" title=\"\">\t\t\t\t\t\t\n\t\t\t\t\t<\/div>\n\t\t\t\t\t\t\t\t\n<style>\n#image_1072331164 {\n  width: 100%;\n}\n<\/style>\n\t<\/div>\n\t\n\t<div id=\"gap-2000786769\" class=\"gap-element clearfix\" style=\"display:block; height:auto;\">\n\t\t\n<style>\n#gap-2000786769 {\n  padding-top: 10px;\n}\n<\/style>\n\t<\/div>\n\t\n<table style=\"width: 100%; background-color: #cacaca; height: 143px;\">\n<tbody>\n<tr style=\"height: 24px;\">\n<td style=\"height: 24px; width: 20%;\">Compensazione diottrica:<\/td>\n<td style=\"height: 24px; width: 30%;\">\u00a0Da -2,5 a +2,5<\/td>\n<td style=\"height: 24px; width: 20%;\">Punto luminoso II:<\/td>\n<td style=\"height: 24px; width: 30%;\">Controllo automatico dell'IPoint<\/td>\n<\/tr>\n<tr style=\"height: 24px;\">\n<td style=\"height: 24px; width: 20%;\">Generazione:<\/td>\n<td style=\"height: 24px; width: 30%;\">DDsight MAG1<\/td>\n<td style=\"height: 24px; width: 20%;\">Resistente alle temperature:<\/td>\n<td style=\"height: 24px; width: 30%;\">Da -20 a +60 \u00b0C<\/td>\n<\/tr>\n<tr style=\"height: 24px;\">\n<td style=\"height: 24px; width: 20%;\">Retribuzione:<\/td>\n<td style=\"height: 24px; width: 30%;\">Trasmissione libera<\/td>\n<td style=\"height: 24px; width: 20%;\">Lunghezza:<\/td>\n<td style=\"height: 24px; width: 30%;\">140 mm<\/td>\n<\/tr>\n<tr style=\"height: 24px;\">\n<td style=\"height: 24px; width: 20%;\">Diametro lente Lente:<\/td>\n<td style=\"height: 24px; width: 30%;\">22 mm<\/td>\n<td style=\"height: 24px; width: 20%;\">Peso:<\/td>\n<td style=\"height: 24px; width: 30%;\">320 g<\/td>\n<\/tr>\n<tr style=\"height: 24px;\">\n<td style=\"height: 24px; width: 20%;\">Distanza interpupillare:<\/td>\n<td style=\"height: 24px; width: 30%;\">88-89 mm<\/td>\n<td style=\"height: 24px; width: 20%;\">Protezione antiappannamento:<\/td>\n<td style=\"height: 24px; width: 30%;\">Riempimento di azoto contro l'appannamento<\/td>\n<\/tr>\n<tr style=\"height: 24px;\">\n<td style=\"height: 23px; width: 20%;\">Reticolo:<\/td>\n<td style=\"height: 23px; width: 30%;\">Caccia<\/td>\n<td style=\"height: 23px; width: 20%;\">Tenuta:<\/td>\n<td style=\"height: 23px; width: 30%;\">Resistente all'acqua e agli urti IPX7<\/td>\n<\/tr>\n<\/tbody>\n<\/table>\n<div class=\"row\"  id=\"row-1783576556\">\n\n\t<div id=\"col-2048545662\" class=\"col medium-8 small-12 large-8\"  >\n\t\t\t\t<div class=\"col-inner\"  >\n\t\t\t\n\t\t\t\n<h2>Mirino DDsight MAG 1-4\u00d722 a punto rosso di DDoptics | Reticolo di caccia | Punto illuminato automatico IPoint<\/h2>\n<p>Per i tiratori, i cacciatori e i tiratori che esigono il massimo dall'attrezzatura, il modello\u00a0<strong>DDsight MAG 1-4\u00d722<\/strong> nuovi standard.<\/p>\n<blockquote><p>Questo rivoluzionario mirino reflex combina una tecnologia all'avanguardia, una struttura robusta e un funzionamento intuitivo in un design compatto e completo.<\/p><\/blockquote>\n<p>Sia con <strong>missioni dinamiche, scenari di caccia impegnativi<\/strong> o in situazioni di gara precise - il MAG 1-4\u00d722 convince per le sue prestazioni, la sua affidabilit\u00e0 e la sua funzionalit\u00e0 unica.<\/p>\n<p>Il\u00a0<strong>DDsight MAG 1-4\u00d722<\/strong>\u00a0\u00e8 un capolavoro di ingegneria che combina tecnologia all'avanguardia e massima funzionalit\u00e0. Sviluppato appositamente per i tiratori che apprezzano la precisione, la versatilit\u00e0 e l'affidabilit\u00e0, questo mirino reflex stabilisce nuovi standard nel mondo delle ottiche da tiro.<\/p>\n<ul>\n<li>Ingrandimento: infinitamente variabile da 1x a 4x, ideale per l'acquisizione rapida del bersaglio e per i tiri di precisione.<\/li>\n<li>Campo visivo: con 42,5 m con ingrandimento 1x e 11,8 m con ingrandimento 4x, offre una panoramica eccezionale.<\/li>\n<li>Ottica: lenti completamente multistrato per la massima trasmissione della luce (\u226585%) e una qualit\u00e0 d'immagine brillante.<\/li>\n<li>Compensazione diottrica: regolabile da -2,5 a +2,5 in modo che l'unit\u00e0 luminosa sia sempre ben visibile.<\/li>\n<li><strong>Tecnologia iPoint:<\/strong> L'innovativo iPoint si accende e si spegne automaticamente quando l'arma viene portata in posizione di tiro o messa a terra. La luminosit\u00e0 del punto illuminato pu\u00f2 essere regolata manualmente dall'utente, per il massimo controllo e flessibilit\u00e0.<\/li>\n<\/ul>\n\t\t<\/div>\n\t\t\t\t\t<\/div>\n\n\t\n\n\t<div id=\"col-94138728\" class=\"col medium-4 small-12 large-4\"  >\n\t\t\t\t<div class=\"col-inner\"  >\n\t\t\t\n\t\t\t\n<a class=\"button primary expand\" >\n\t\t<span>Caratteristiche speciali RED DOT<\/span>\n\t<\/a>\n\n\n\t<section class=\"section\" id=\"section_155716805\">\n\t\t<div class=\"section-bg fill\" >\n\t\t\t\t\t\t\t\t\t<div class=\"section-bg-overlay absolute fill\"><\/div>\n\t\t\t\n\n\t\t<\/div>\n\n\t\t\n\n\t\t<div class=\"section-content relative\">\n\t\t\t\n\t<div class=\"img has-hover x md-x lg-x y md-y lg-y\" id=\"image_1110101800\">\n\t\t<a class=\"\" href=\"https:\/\/www.ddoptics.de\/garantiebestimmungen\" target=\"_blank\" rel=\"no follow noopener\">\t\t\t\t\t\t<div class=\"img-inner dark\" >\n\t\t\t<img decoding=\"async\" width=\"352\" height=\"160\" src=\"https:\/\/ddoptics.shop\/wp-content\/uploads\/2014\/09\/DDoptics-Garantie.jpg\" class=\"attachment-large size-large\" alt=\"Garanzia DDoptics\" srcset=\"https:\/\/ddoptics.shop\/wp-content\/uploads\/2014\/09\/DDoptics-Garantie.jpg 352w, https:\/\/ddoptics.shop\/wp-content\/uploads\/2014\/09\/DDoptics-Garantie-304x138.jpg 304w, https:\/\/ddoptics.shop\/wp-content\/uploads\/2014\/09\/DDoptics-Garantie-305x139.jpg 305w, https:\/\/ddoptics.shop\/wp-content\/uploads\/2014\/09\/DDoptics-Garantie-250x114.jpg 250w\" sizes=\"(max-width: 352px) 100vw, 352px\" title=\"\">\t\t\t\t\t\t\n\t\t\t\t\t<\/div>\n\t\t\t\t\t\t<\/a>\t\t\n<style>\n#image_1110101800 {\n  width: 100%;\n}\n<\/style>\n\t<\/div>\n\t\n\t<div id=\"gap-487980460\" class=\"gap-element clearfix\" style=\"display:block; height:auto;\">\n\t\t\n<style>\n#gap-487980460 {\n  padding-top: 15px;\n}\n<\/style>\n\t<\/div>\n\t\n\t\t<\/div>\n\n\t\t\n<style>\n#section_155716805 {\n  padding-top: 30px;\n  padding-bottom: 30px;\n  background-color: rgb(232, 232, 232);\n}\n#section_155716805 .section-bg-overlay {\n  background-color: rgba(255,255,255,.5);\n}\n<\/style>\n\t<\/section>\n\t\n<div class=\"is-divider divider clearfix\" ><\/div>\n\t<div class=\"img has-hover x md-x lg-x y md-y lg-y\" id=\"image_1388538733\">\n\t\t\t\t\t\t\t\t<div class=\"img-inner dark\" >\n\t\t\t<img decoding=\"async\" width=\"900\" height=\"426\" src=\"https:\/\/ddoptics.shop\/wp-content\/uploads\/2025\/02\/DDsight-MAG-riticle-Absehen.webp\" class=\"attachment-large size-large\" alt=\"Versioni del reticolo DDsight MAG | Tattica e caccia\" srcset=\"https:\/\/ddoptics.shop\/wp-content\/uploads\/2025\/02\/DDsight-MAG-riticle-Absehen.webp 900w, https:\/\/ddoptics.shop\/wp-content\/uploads\/2025\/02\/DDsight-MAG-riticle-Absehen-800x379.webp 800w, https:\/\/ddoptics.shop\/wp-content\/uploads\/2025\/02\/DDsight-MAG-riticle-Absehen-304x144.webp 304w, https:\/\/ddoptics.shop\/wp-content\/uploads\/2025\/02\/DDsight-MAG-riticle-Absehen-632x299.webp 632w, https:\/\/ddoptics.shop\/wp-content\/uploads\/2025\/02\/DDsight-MAG-riticle-Absehen-305x144.webp 305w\" sizes=\"(max-width: 900px) 100vw, 900px\" title=\"\">\t\t\t\t\t\t\n\t\t\t\t\t<\/div>\n\t\t\t\t\t\t\t\t\n<style>\n#image_1388538733 {\n  width: 100%;\n}\n<\/style>\n\t<\/div>\n\t\n\t\t<\/div>\n\t\t\t\t\t<\/div>\n\n\t\n<\/div>\n<div class=\"video video-fit mb\" style=\"padding-top:56.25%;\"><p><iframe title=\"Jagd &amp; Hund 2025: nuovi cannocchiali da puntamento, nuove mire di DDoptics e molto altro.\" width=\"1020\" height=\"574\" src=\"https:\/\/www.youtube.com\/embed\/j-G-oX52cDY?feature=oembed\" frameborder=\"0\" allow=\"accelerometer; autoplay; clipboard-write; encrypted-media; gyroscope; picture-in-picture; web-share\" referrerpolicy=\"strict-origin-when-cross-origin\" allowfullscreen><\/iframe><\/p>\n<\/div>\n<h3>L'innovazione: mirino reflex, lente d'ingrandimento e compensazione delle diottrie in un unico dispositivo<\/h3>\n<ol start=\"1\">\n<li><strong>Soluzione all-in-one:<\/strong> Non sono necessari ingranditori separati: si risparmiano peso, spazio e tempo di installazione.<\/li>\n<li><strong>Ingrandimento flessibile:<\/strong>\u00a0Passa dal grandangolo allo zoom 4x in pochi secondi.<\/li>\n<li><strong>Efficienza energetica:<\/strong>\u00a0La tecnologia iPoint prolunga la durata della batteria grazie all'accensione e allo spegnimento automatico.<\/li>\n<li><strong>Compatibilit\u00e0 universale:<\/strong>\u00a0Perfetto per fucili da caccia, fucili sportivi o applicazioni tattiche.<\/li>\n<li><strong>Adatto alla visione notturna:<\/strong>\u00a0Modalit\u00e0 integrata per applicazioni discrete a bassa intensit\u00e0 luminosa.<\/li>\n<\/ol>\n<p>Il DDsight MAG 1-4\u00d722 \u00e8 il primo mirino reflex del suo genere a combinare tre funzioni chiave: un mirino reflex ad alta risoluzione, un ingrandimento 4x a regolazione continua e una precisa compensazione diottrica.<\/p>\n<blockquote><p>Questa combinazione elimina la necessit\u00e0 di ingrandimenti separati e consente di passare senza problemi dagli obiettivi vicini a quelli lontani.<\/p><\/blockquote>\n<p>Grazie al <strong>Ingrandimento infinito da 1x a 4x<\/strong> in ogni situazione, sia che si tratti di una rapida acquisizione del bersaglio a distanza ravvicinata, sia che si tratti di tiri precisi a bersagli distanti.<\/p>\n<div class=\"row\"  id=\"row-263647340\">\n\n\t<div id=\"col-487262116\" class=\"col medium-6 small-12 large-6\"  >\n\t\t\t\t<div class=\"col-inner\"  >\n\t\t\t\n\t\t\t\n\t<div class=\"img has-hover x md-x lg-x y md-y lg-y\" id=\"image_481260635\">\n\t\t\t\t\t\t\t\t<div class=\"img-inner dark\" >\n\t\t\t<img decoding=\"async\" width=\"900\" height=\"426\" src=\"https:\/\/ddoptics.shop\/wp-content\/uploads\/2025\/02\/DDsight-MAG-Sehfeld-Standartgroesse.webp\" class=\"attachment-large size-large\" alt=\"Descrizione del mirino DDsight MAG 1-4x22 a punto rosso DDoptics\" srcset=\"https:\/\/ddoptics.shop\/wp-content\/uploads\/2025\/02\/DDsight-MAG-Sehfeld-Standartgroesse.webp 900w, https:\/\/ddoptics.shop\/wp-content\/uploads\/2025\/02\/DDsight-MAG-Sehfeld-Standartgroesse-800x379.webp 800w, https:\/\/ddoptics.shop\/wp-content\/uploads\/2025\/02\/DDsight-MAG-Sehfeld-Standartgroesse-304x144.webp 304w, https:\/\/ddoptics.shop\/wp-content\/uploads\/2025\/02\/DDsight-MAG-Sehfeld-Standartgroesse-632x299.webp 632w, https:\/\/ddoptics.shop\/wp-content\/uploads\/2025\/02\/DDsight-MAG-Sehfeld-Standartgroesse-305x144.webp 305w\" sizes=\"(max-width: 900px) 100vw, 900px\" title=\"\">\t\t\t\t\t\t\n\t\t\t\t\t\t\t<div class=\"caption\">Descrizione del mirino DDsight MAG 1-4x22 a punto rosso DDoptics<\/div>\n\t\t\t\t\t<\/div>\n\t\t\t\t\t\t\t\t\n<style>\n#image_481260635 {\n  width: 100%;\n}\n<\/style>\n\t<\/div>\n\t\n\t\t<\/div>\n\t\t\t\t\t<\/div>\n\n\t\n\n\t<div id=\"col-1223143449\" class=\"col medium-6 small-12 large-6\"  >\n\t\t\t\t<div class=\"col-inner\"  >\n\t\t\t\n\t\t\t\n\t<div class=\"img has-hover x md-x lg-x y md-y lg-y\" id=\"image_262436435\">\n\t\t\t\t\t\t\t\t<div class=\"img-inner dark\" >\n\t\t\t<img decoding=\"async\" width=\"900\" height=\"426\" src=\"https:\/\/ddoptics.shop\/wp-content\/uploads\/2025\/02\/DDsight-MAG-Standartgroesse.webp\" class=\"attachment-large size-large\" alt=\"Descrizione del mirino DDsight MAG 1-4x22 a punto rosso DDoptics\" srcset=\"https:\/\/ddoptics.shop\/wp-content\/uploads\/2025\/02\/DDsight-MAG-Standartgroesse.webp 900w, https:\/\/ddoptics.shop\/wp-content\/uploads\/2025\/02\/DDsight-MAG-Standartgroesse-800x379.webp 800w, https:\/\/ddoptics.shop\/wp-content\/uploads\/2025\/02\/DDsight-MAG-Standartgroesse-304x144.webp 304w, https:\/\/ddoptics.shop\/wp-content\/uploads\/2025\/02\/DDsight-MAG-Standartgroesse-632x299.webp 632w, https:\/\/ddoptics.shop\/wp-content\/uploads\/2025\/02\/DDsight-MAG-Standartgroesse-305x144.webp 305w\" sizes=\"(max-width: 900px) 100vw, 900px\" title=\"\">\t\t\t\t\t\t\n\t\t\t\t\t\t\t<div class=\"caption\">Descrizione del mirino DDsight MAG 1-4x22 a punto rosso DDoptics<\/div>\n\t\t\t\t\t<\/div>\n\t\t\t\t\t\t\t\t\n<style>\n#image_262436435 {\n  width: 100%;\n}\n<\/style>\n\t<\/div>\n\t\n\t\t<\/div>\n\t\t\t\t\t<\/div>\n\n\t\n<\/div>\n<h3><span style=\"font-size: 20.16px;\">Design compatto e <\/span>Funzionalit\u00e0<\/h3>\n<p>Il MAG 1-4\u00d722 non convince solo dal punto di vista tecnico, ma anche da quello estetico. Il design sottile, nero opaco e dai contorni precisi si integra perfettamente in qualsiasi look dell'arma. La superficie antiscivolo e le rotelle di regolazione posizionate in modo ergonomico garantiscono un utilizzo sicuro, anche quando si indossano i guanti.<\/p>\n<blockquote><p>Con una lunghezza di soli 140 mm e un peso di 320 g (senza montaggio), il DDsight MAG 1-4\u00d722 \u00e8 leggero e maneggevole, perfetto per l'uso mobile.<\/p><\/blockquote>\n<p>Il\u00a0<strong>Lenti completamente rivestite<\/strong> garantiscono una trasmissione della luce \u226585 %, anche in condizioni di illuminazione difficili. Questo assicura una brillante nitidezza dell'immagine, una visualizzazione ad alto contrasto e riduce i riflessi di distrazione.<\/p>\n<p>Il sistema integrato\u00a0<strong>Lente correttiva<\/strong> garantisce la messa a fuoco del punto illuminato su tutto il campo visivo: un vantaggio decisivo per un puntamento preciso.<\/p>\n<h3>Tecnologia iPoint: automazione intelligente<\/h3>\n<p>Il <strong>Tecnologia iPoint<\/strong> stabilisce nuovi standard di facilit\u00e0 d'uso. L'innovativo iPoint si accende e si spegne automaticamente quando l'arma viene portata in posizione di tiro o messa a terra. La luminosit\u00e0 del punto illuminato pu\u00f2 essere regolata manualmente dall'utente, per il massimo controllo e flessibilit\u00e0.<\/p>\n<blockquote><p>Il mirino riconosce quando l'arma viene portata in posizione di tiro e attiva automaticamente il punto luminoso. Inoltre, si spegne automaticamente quando l'arma viene riposta per risparmiare energia.<\/p><\/blockquote>\n<p>La luminosit\u00e0 del punto pu\u00f2 essere regolata manualmente in modo infinito - anche <strong>Modalit\u00e0 di visione notturna<\/strong>\u00a0per l'uso al buio. In questo modo si mantiene sempre il pieno controllo senza compromettere i tempi di reazione.<\/p>\n<h3>Robustezza in condizioni estreme<\/h3>\n<p>Il DDsight MAG 1-4\u00d722 \u00e8 progettato per l'uso nelle condizioni pi\u00f9 difficili:<\/p>\n<ul>\n<li><strong>Materiale:<\/strong>\u00a0Realizzato in\u00a0<strong>Alluminio 6061 in qualit\u00e0 aeronautica<\/strong>, La finitura anodizzata nera opaca in un unico pezzo resiste agli urti, alla corrosione e all'usura.<\/li>\n<li><strong>Certificazione IPX7:<\/strong>\u00a0Impermeabile fino a 1 metro di profondit\u00e0 per 30 minuti: ideale per pioggia, neve o immersioni impreviste.<\/li>\n<li><strong>Resistente alle temperature:<\/strong>\u00a0Funziona in modo affidabile con\u00a0<strong>Da -20\u00b0C a +60\u00b0C<\/strong>, sia nel freddo gelido che sotto il sole cocente.<\/li>\n<li><strong>Antiurto:<\/strong>\u00a0Resiste anche a forti urti senza perdere la precisione della regolazione.<\/li>\n<\/ul>\n<h3>Personalizzazione precisa, gestione intuitiva<\/h3>\n<p>La visiera offre un\u00a0<strong>80 MOA di regolazione<\/strong>\u00a0per l'elevazione e il guadagno, con scatti aptici (0,5 MOA per passo) che consentono correzioni precise. Il\u00a0<strong>Compensazione diottrica (da -2,5 a +2,5)<\/strong> si adatta all'acutezza visiva individuale: un vantaggio decisivo per chi porta gli occhiali o per chi ha problemi di vista.<\/p>\n<p>Le dimensioni compatte (<strong>140 mm di lunghezza, 320 g di peso<\/strong>) lo rendono il compagno ideale per le applicazioni mobili senza sacrificare la stabilit\u00e0 o la funzionalit\u00e0.<\/p>\n<h3>Campo visivo molto ampio e reticolo illuminato sul secondo piano focale<\/h3>\n<p>Con un\u00a0<strong>Campo visivo di 42,5 m a 1x<\/strong>\u00a0e\u00a0<strong>11,8 m con ingrandimento 4x<\/strong> (a una distanza di 100 metri), il MAG 1-4\u00d722 offre un'eccezionale visione d'insieme. Questa ottica grandangolare permette di catturare i dettagli dell'ambiente circostante alla velocit\u00e0 della luce, mantenendo la messa a fuoco sull'obiettivo.<\/p>\n<p>Il\u00a0<strong>Reticolo illuminato sul secondo piano immagine<\/strong>\u00a0garantisce che il punto appaia sempre nitido e senza parallasse: una pietra miliare per un tiro preciso a distanze variabili.<\/p>\n<h3>Per chi \u00e8 ideale il DDsight MAG 1-4\u00d722?<\/h3>\n<ul>\n<li><strong>Cacciatore:<\/strong>\u00a0Perfetto per lo stalking, grazie alla rapida acquisizione del bersaglio e all'adattamento alle diverse distanze.<\/li>\n<li><strong>Tiratori sportivi:<\/strong>\u00a0Massima precisione durante le competizioni grazie all'ottica nitida e allo zoom a variazione continua.<\/li>\n<li><strong>Utenti tattici:<\/strong>\u00a0Robustezza e affidabilit\u00e0 in situazioni estreme.<\/li>\n<li><strong>Principianti e professionisti:<\/strong>\u00a0Il funzionamento intuitivo e la durata nel tempo ne fanno un investimento vantaggioso.<\/li>\n<\/ul>\n<h3>Conclusione: un mirino DDoptics che non lascia nulla a desiderare<\/h3>\n<p>Il\u00a0<strong>DDsight MAG 1-4\u00d722<\/strong> \u00e8 pi\u00f9 di un semplice mirino reflex: \u00e8 un capolavoro tecnico che unisce precisione, robustezza e innovazione.<\/p>\n<p>Con il suo unico <strong>Combinazione di ingrandimento a variazione continua, controllo automatico iPoint e design militare<\/strong> stabilisce un nuovo punto di riferimento per il settore. Chi teme i compromessi in termini di prestazioni, personalizzazione o durata trover\u00e0 qui la soluzione definitiva.<\/p>","protected":false},"excerpt":{"rendered":"<p><img decoding=\"async\" class=\"wp-image-10452 size-full alignnone\" src=\"https:\/\/ddoptics.shop\/wp-content\/uploads\/2016\/07\/Target-Schiessen.jpg\" alt=\"Tiro al bersaglio\" width=\"50\" height=\"50\" \/><img decoding=\"async\" class=\"size-full wp-image-10168 alignnone\" src=\"https:\/\/ddoptics.shop\/wp-content\/uploads\/2016\/09\/Jagd-klein.jpg\" alt=\"Binocoli da caccia\" width=\"50\" height=\"50\" \/><br \/>\n<strong>Il DDsight MAG 1-4\u00d722 IPoint: la perfezione per le esigenze pi\u00f9 elevate.<\/strong><\/p>","protected":false},"featured_media":27955,"comment_status":"open","ping_status":"closed","template":"","meta":{"inline_featured_image":false,"footnotes":""},"product_brand":[],"product_cat":[728],"product_tag":[78,1197,1199,1200,1198],"class_list":{"0":"post-27976","1":"product","2":"type-product","3":"status-publish","4":"has-post-thumbnail","6":"product_cat-red-dot-reflexvisiere","7":"product_tag-ddoptics","8":"product_tag-ddsight","9":"product_tag-ddsight-mag-1-4x22","10":"product_tag-ipoint","11":"product_tag-red-dot","12":"product_shipping_class-paket","13":"pa_brand-marke-ddoptics","14":"pa_produkt-typ-zielfernrohr","16":"first","17":"instock","18":"sale","19":"taxable","20":"shipping-taxable","21":"purchasable","22":"product-type-simple"},"bundled_by":[],"bundle_stock_status":"instock","bundle_stock_quantity":null,"bundle_virtual":false,"bundle_layout":"","bundle_add_to_cart_form_location":"","bundle_editable_in_cart":false,"bundle_sold_individually_context":"","bundle_item_grouping":"","bundle_min_size":"","bundle_max_size":"","bundle_price":[],"bundled_items":[],"bundle_sell_ids":[],"_links":{"self":[{"href":"https:\/\/ddoptics.shop\/it\/wp-json\/wp\/v2\/product\/27976","targetHints":{"allow":["GET"]}}],"collection":[{"href":"https:\/\/ddoptics.shop\/it\/wp-json\/wp\/v2\/product"}],"about":[{"href":"https:\/\/ddoptics.shop\/it\/wp-json\/wp\/v2\/types\/product"}],"replies":[{"embeddable":true,"href":"https:\/\/ddoptics.shop\/it\/wp-json\/wp\/v2\/comments?post=27976"}],"version-history":[{"count":10,"href":"https:\/\/ddoptics.shop\/it\/wp-json\/wp\/v2\/product\/27976\/revisions"}],"predecessor-version":[{"id":29100,"href":"https:\/\/ddoptics.shop\/it\/wp-json\/wp\/v2\/product\/27976\/revisions\/29100"}],"wp:featuredmedia":[{"embeddable":true,"href":"https:\/\/ddoptics.shop\/it\/wp-json\/wp\/v2\/media\/27955"}],"wp:attachment":[{"href":"https:\/\/ddoptics.shop\/it\/wp-json\/wp\/v2\/media?parent=27976"}],"wp:term":[{"taxonomy":"product_brand","embeddable":true,"href":"https:\/\/ddoptics.shop\/it\/wp-json\/wp\/v2\/product_brand?post=27976"},{"taxonomy":"product_cat","embeddable":true,"href":"https:\/\/ddoptics.shop\/it\/wp-json\/wp\/v2\/product_cat?post=27976"},{"taxonomy":"product_tag","embeddable":true,"href":"https:\/\/ddoptics.shop\/it\/wp-json\/wp\/v2\/product_tag?post=27976"}],"curies":[{"name":"wp","href":"https:\/\/api.w.org\/{rel}","templated":true}]}}