{"id":9261,"date":"2016-07-23T13:53:00","date_gmt":"2016-07-23T11:53:00","guid":{"rendered":"https:\/\/beta.optik-sport-shop.at\/kaufen\/zeiss-victory-ht-10x42-t-fernglas-schwarz"},"modified":"2025-06-24T15:12:27","modified_gmt":"2025-06-24T13:12:27","slug":"binocolo-zeiss-victory-ht-10x42-t-nero","status":"publish","type":"product","link":"https:\/\/ddoptics.shop\/it\/kaufen\/zeiss-victory-ht-10x42-t-fernglas-schwarz\/","title":{"rendered":"Binocolo Zeiss Victory HT 10\u00d742 T* - nero"},"content":{"rendered":"<div class=\"row\"  id=\"row-1120122502\">\n\n\t<div id=\"col-477390699\" class=\"col medium-8 small-12 large-8\"  >\n\t\t\t\t<div class=\"col-inner\"  >\n\t\t\t\n\t\t\t\n<h2>Binocolo Zeiss Victory 10\u00d742 HT - Maggiore libert\u00e0 di movimento in ogni condizione atmosferica<\/h2>\n<p>Questo \u00e8 ci\u00f2 che il <strong>Binocolo premium VICTORY HT 10\u00d742<\/strong>. Grazie alla sua pupilla d'uscita di 4,2 mm, il <strong>campo visivo particolarmente ampio e ingrandimento 10x<\/strong> \u00e8 ideale per un'ampia gamma di applicazioni.<\/p>\n<p>Il <strong>valori di trasmissione schiaccianti<\/strong> forniscono immagini estremamente luminose anche nelle condizioni di luce pi\u00f9 sfavorevoli e consentono quindi osservazioni particolarmente lunghe, fino al crepuscolo.<\/p>\n<p>Con il suo <strong>peso ridotto<\/strong> non solo \u00e8 un compagno estremamente leggero, ma anche estremamente affidabile grazie al robusto ponte a doppio snodo - con <strong>massima precisione meccanica<\/strong> durante la messa a fuoco.<\/p>\n\t\t<\/div>\n\t\t\t\t\n<style>\n#col-477390699 > .col-inner {\n  margin: 0px 0px -30px 0px;\n}\n<\/style>\n\t<\/div>\n\n\t\n\n\t<div id=\"col-21592544\" class=\"col medium-4 small-12 large-4\"  >\n\t\t\t\t<div class=\"col-inner\"  >\n\t\t\t\n\t\t\t\n\t<div class=\"img has-hover x md-x lg-x y md-y lg-y\" id=\"image_860343762\">\n\t\t\t\t\t\t\t\t<div class=\"img-inner dark\" >\n\t\t\t\t\t\t\t\t\t\n\t\t\t\t\t<\/div>\n\t\t\t\t\t\t\t\t\n<style>\n#image_860343762 {\n  width: 100%;\n}\n<\/style>\n\t<\/div>\n\t\n<h3>Fatti sui binocoli Zeiss<\/h3>\n\n\t\t<div class=\"icon-box featured-box icon-box-left text-left\"  >\n\t\t\t\t\t<div class=\"icon-box-img\" style=\"width: 32px\">\n\t\t\t\t<div class=\"icon\">\n\t\t\t\t\t<div class=\"icon-inner\" >\n\t\t\t\t\t\t<img decoding=\"async\" width=\"100\" height=\"83\" src=\"https:\/\/ddoptics.shop\/wp-content\/uploads\/2021\/05\/DDoptics-SHG-Icon.jpg\" class=\"attachment-medium size-medium\" alt=\"Icona DDoptics SHG Binocolo\" title=\"\">\t\t\t\t\t<\/div>\n\t\t\t\t<\/div>\n\t\t\t<\/div>\n\t\t\t\t<div class=\"icon-box-text last-reset\">\n\t\t\t\t\t\t\t\t\t\n<p>Garanzia del produttore di 10 anni<\/p>\n\t\t<\/div>\n\t<\/div>\n\t\n\t\n\n\t\t<div class=\"icon-box featured-box icon-box-left text-left\"  >\n\t\t\t\t\t<div class=\"icon-box-img\" style=\"width: 32px\">\n\t\t\t\t<div class=\"icon\">\n\t\t\t\t\t<div class=\"icon-inner\" >\n\t\t\t\t\t\t<img decoding=\"async\" width=\"100\" height=\"83\" src=\"https:\/\/ddoptics.shop\/wp-content\/uploads\/2021\/05\/DDoptics-SHG-Icon.jpg\" class=\"attachment-medium size-medium\" alt=\"Icona DDoptics SHG Binocolo\" title=\"\">\t\t\t\t\t<\/div>\n\t\t\t\t<\/div>\n\t\t\t<\/div>\n\t\t\t\t<div class=\"icon-box-text last-reset\">\n\t\t\t\t\t\t\t\t\t\n<p>Campo visivo di 110 m<\/p>\n\t\t<\/div>\n\t<\/div>\n\t\n\t\n\n\t\t<div class=\"icon-box featured-box icon-box-left text-left\"  >\n\t\t\t\t\t<div class=\"icon-box-img\" style=\"width: 32px\">\n\t\t\t\t<div class=\"icon\">\n\t\t\t\t\t<div class=\"icon-inner\" >\n\t\t\t\t\t\t<img decoding=\"async\" width=\"100\" height=\"83\" src=\"https:\/\/ddoptics.shop\/wp-content\/uploads\/2021\/05\/DDoptics-SHG-Icon.jpg\" class=\"attachment-medium size-medium\" alt=\"Icona DDoptics SHG Binocolo\" title=\"\">\t\t\t\t\t<\/div>\n\t\t\t\t<\/div>\n\t\t\t<\/div>\n\t\t\t\t<div class=\"icon-box-text last-reset\">\n\t\t\t\t\t\t\t\t\t\n<p>\u2705 Druckwasserdicht<\/p>\n\t\t<\/div>\n\t<\/div>\n\t\n\t\n\n\t\t<div class=\"icon-box featured-box icon-box-left text-left\"  >\n\t\t\t\t\t<div class=\"icon-box-img\" style=\"width: 32px\">\n\t\t\t\t<div class=\"icon\">\n\t\t\t\t\t<div class=\"icon-inner\" >\n\t\t\t\t\t\t<img decoding=\"async\" width=\"100\" height=\"83\" src=\"https:\/\/ddoptics.shop\/wp-content\/uploads\/2021\/05\/DDoptics-SHG-Icon.jpg\" class=\"attachment-medium size-medium\" alt=\"Icona DDoptics SHG Binocolo\" title=\"\">\t\t\t\t\t<\/div>\n\t\t\t\t<\/div>\n\t\t\t<\/div>\n\t\t\t\t<div class=\"icon-box-text last-reset\">\n\t\t\t\t\t\t\t\t\t\n<p>\u2705 SCHOTT HT Glas &#8211; ZEISS T*-Mehrschichtverg\u00fctung<\/p>\n\t\t<\/div>\n\t<\/div>\n\t\n\t\n\n\t\t<div class=\"icon-box featured-box icon-box-left text-left\"  >\n\t\t\t\t\t<div class=\"icon-box-img\" style=\"width: 32px\">\n\t\t\t\t<div class=\"icon\">\n\t\t\t\t\t<div class=\"icon-inner\" >\n\t\t\t\t\t\t<img decoding=\"async\" width=\"100\" height=\"83\" src=\"https:\/\/ddoptics.shop\/wp-content\/uploads\/2021\/05\/DDoptics-SHG-Icon.jpg\" class=\"attachment-medium size-medium\" alt=\"Icona DDoptics SHG Binocolo\" title=\"\">\t\t\t\t\t<\/div>\n\t\t\t\t<\/div>\n\t\t\t<\/div>\n\t\t\t\t<div class=\"icon-box-text last-reset\">\n\t\t\t\t\t\t\t\t\t\n<p>\u2705 Abbe K\u00f6nig Prisma<\/p>\n\t\t<\/div>\n\t<\/div>\n\t\n\t\n\n\t\t<div class=\"icon-box featured-box icon-box-left text-left\"  >\n\t\t\t\t\t<div class=\"icon-box-img\" style=\"width: 32px\">\n\t\t\t\t<div class=\"icon\">\n\t\t\t\t\t<div class=\"icon-inner\" >\n\t\t\t\t\t\t<img decoding=\"async\" width=\"100\" height=\"83\" src=\"https:\/\/ddoptics.shop\/wp-content\/uploads\/2021\/05\/DDoptics-SHG-Icon.jpg\" class=\"attachment-medium size-medium\" alt=\"Icona DDoptics SHG Binocolo\" title=\"\">\t\t\t\t\t<\/div>\n\t\t\t\t<\/div>\n\t\t\t<\/div>\n\t\t\t\t<div class=\"icon-box-text last-reset\">\n\t\t\t\t\t\t\t\t\t\n<p>Alloggiamento in magnesio<\/p>\n\t\t<\/div>\n\t<\/div>\n\t\n\t\n<div class=\"is-divider divider clearfix\" ><\/div>\n\t\t<\/div>\n\t\t\t\t\t<\/div>\n\n\t\n<\/div>\n<h3>Concetto ottico innovativo: interazione di lenti SCHOTT HT, multi-rivestimento ZEISS T* e sistema di prismi Abbe-K\u00f6nig<\/h3>\n<p><strong>Luminosit\u00e0 ineguagliabile grazie alla trasmissione<\/strong> di +95% e oltre. Questo valore di picco unico nel suo genere \u00e8 reso possibile dall'innovativa <strong>Concetto di ottica della linea di binocoli VICTORY HT.<\/strong> Ci\u00f2 \u00e8 possibile grazie alla perfetta interazione tra le lenti SCHOTT HT, il multi-rivestimento ZEISS T* e il sistema di prismi Abbe-K\u00f6nig.<\/p>\n<p>Con questo potente pacchetto di innovazioni, potrete osservare pi\u00f9 a lungo che mai, ad esempio durante la caccia, anche nel crepuscolo pi\u00f9 profondo.<\/p>\n<h3>Concetto Ergonomico Comfort Focus per la massima ergonomia dell'utente con lo Zeiss Victory<\/h3>\n<p>Questo \u00e8 garantito dall'innovativo concetto di Comfort Focus con il suo <strong>Ruota di messa a fuoco<\/strong>. Di dimensioni notevoli, \u00e8 posizionato molto avanti nel ponte. Ci\u00f2 consente di azionare la rotella di messa a fuoco con il dito indice in tutta comodit\u00e0, anche indossando i guanti. Il <strong>sottolinea il rapporto di trasmissione lungo che consente di mettere a fuoco in modo rapido e preciso.<\/strong><\/p>\n<h3>Ponte a doppio anello estremamente robusto<\/h3>\n<p><strong>Massima precisione e massima durata<\/strong> \u00e8 garantita da un design estremamente robusto. L'alloggiamento con l'innovativo ponte a doppio snodo \u00e8 realizzato in magnesio ad alta resistenza ma superleggero. La rotella di controllo per la messa a fuoco \u00e8 saldamente incorporata nell'alloggiamento. Ci\u00f2 significa che il binocolo VICTORY HT \u00e8 perfettamente equipaggiato anche per gli usi pi\u00f9 gravosi.<\/p>\n<h3>Brillante concetto di FL<\/h3>\n<p>I binocoli pi\u00f9 luminosi sono anche i pi\u00f9 brillanti. Il collaudato concetto FL eleva i criteri decisivi della nitidezza dell'immagine e della brillantezza dei colori a un nuovo livello. Grazie all'utilizzo di speciali <strong>lenti speciali contenenti fluoruro, non si noter\u00e0 praticamente pi\u00f9 alcuna frangia di colore.<\/strong> Il concetto FL garantisce prestazioni di imaging eccezionali e immagini ad alto contrasto.<\/p>\n<h3>Rivestimento LotuTec\u00ae su Zeiss Victory<\/h3>\n<p>Godetevi un'affascinante qualit\u00e0 d'immagine in qualsiasi condizione atmosferica. Il <strong>Rivestimento LotuTec<\/strong> assicura che l'acqua al <strong>La lente rotola via immediatamente e lo sporco pu\u00f2 essere rimosso facilmente, delicatamente e senza lasciare residui.<\/strong><\/p>\n<h3>Conclusioni sul binocolo Zeiss Victory 10\u00d742 HT<\/h3>\n<p>Il <strong>Il binocolo 10\u00d742 \u00e8 estremamente robusto e facile da utilizzare<\/strong> - In termini di ergonomia, il <strong>Binocolo Zeiss Victory 10\u00d742 HT. <\/strong>Allo stesso tempo, si dimostra molto resistente alle intemperie e pu\u00f2 quindi essere utilizzato anche in condizioni climatiche avverse. Senza dimenticare l'aspetto estetico, che grazie al <strong>valori di trasmissione elevati<\/strong> e le preziose caratteristiche garantiscono immagini chiare e nitide fino ai bordi. Al prezzo attuale di circa 1.774 euro, si ottiene un compagno ad alte prestazioni che gode anche di una garanzia di 10 anni da parte del produttore.<\/p>","protected":false},"excerpt":{"rendered":"<h3>Il binocolo VICTORY HT 10\u00d742 T* di ZEISS \u00e8 un binocolo di alta qualit\u00e0.<\/h3>\n<ul>\n<li>Consegna gratuita in Germania<\/li>\n<li>Tutti i prezzi sono comprensivi di IVA.<\/li>\n<\/ul>","protected":false},"featured_media":9264,"comment_status":"open","ping_status":"closed","template":"","meta":{"inline_featured_image":false,"footnotes":""},"product_brand":[],"product_cat":[351,362,345,344,354,346,238],"product_tag":[88,328,774],"class_list":{"0":"post-9261","1":"product","2":"type-product","3":"status-publish","4":"has-post-thumbnail","6":"product_cat-10x-vergroesserung","7":"product_cat-42-mm-objektiv","8":"product_cat-jagd-und-wild","9":"product_cat-naturbeobachtung","10":"product_cat-vogelbeobachtung","11":"product_cat-wandern-und-reisen","12":"product_cat-zeiss-sport-optik","13":"product_tag-10x42","14":"product_tag-zeiss","15":"product_tag-zeiss-victory","16":"pa_brand-marke-zeiss","17":"pa_farbe-schwarz","18":"pa_produkt-typ-fernglas","20":"first","21":"instock","22":"taxable","23":"shipping-taxable","24":"product-type-external"},"bundled_by":[],"bundle_stock_status":"instock","bundle_stock_quantity":null,"bundle_virtual":false,"bundle_layout":"","bundle_add_to_cart_form_location":"","bundle_editable_in_cart":false,"bundle_sold_individually_context":"","bundle_item_grouping":"","bundle_min_size":"","bundle_max_size":"","bundle_price":[],"bundled_items":[],"bundle_sell_ids":[],"_links":{"self":[{"href":"https:\/\/ddoptics.shop\/it\/wp-json\/wp\/v2\/product\/9261","targetHints":{"allow":["GET"]}}],"collection":[{"href":"https:\/\/ddoptics.shop\/it\/wp-json\/wp\/v2\/product"}],"about":[{"href":"https:\/\/ddoptics.shop\/it\/wp-json\/wp\/v2\/types\/product"}],"replies":[{"embeddable":true,"href":"https:\/\/ddoptics.shop\/it\/wp-json\/wp\/v2\/comments?post=9261"}],"version-history":[{"count":4,"href":"https:\/\/ddoptics.shop\/it\/wp-json\/wp\/v2\/product\/9261\/revisions"}],"predecessor-version":[{"id":28481,"href":"https:\/\/ddoptics.shop\/it\/wp-json\/wp\/v2\/product\/9261\/revisions\/28481"}],"wp:featuredmedia":[{"embeddable":true,"href":"https:\/\/ddoptics.shop\/it\/wp-json\/wp\/v2\/media\/9264"}],"wp:attachment":[{"href":"https:\/\/ddoptics.shop\/it\/wp-json\/wp\/v2\/media?parent=9261"}],"wp:term":[{"taxonomy":"product_brand","embeddable":true,"href":"https:\/\/ddoptics.shop\/it\/wp-json\/wp\/v2\/product_brand?post=9261"},{"taxonomy":"product_cat","embeddable":true,"href":"https:\/\/ddoptics.shop\/it\/wp-json\/wp\/v2\/product_cat?post=9261"},{"taxonomy":"product_tag","embeddable":true,"href":"https:\/\/ddoptics.shop\/it\/wp-json\/wp\/v2\/product_tag?post=9261"}],"curies":[{"name":"wp","href":"https:\/\/api.w.org\/{rel}","templated":true}]}}