{"id":9265,"date":"2016-07-23T14:34:29","date_gmt":"2016-07-23T12:34:29","guid":{"rendered":"https:\/\/beta.optik-sport-shop.at\/kaufen\/zeiss-victory-8x42-ht-fernglas-schwarz"},"modified":"2025-06-27T14:20:31","modified_gmt":"2025-06-27T12:20:31","slug":"binocolo-zeiss-victory-8x42-ht-nero","status":"publish","type":"product","link":"https:\/\/ddoptics.shop\/it\/kaufen\/zeiss-victory-8x42-ht-fernglas-schwarz\/","title":{"rendered":"Binocolo Zeiss Victory 8\u00d742 HT - nero"},"content":{"rendered":"<div class=\"row\"  id=\"row-1614420327\">\n\n\t<div id=\"col-614257372\" class=\"col medium-8 small-12 large-8\"  >\n\t\t\t\t<div class=\"col-inner\"  >\n\t\t\t\n\t\t\t\n<h2>Binocolo Zeiss Victory 8\u00d742 HT - Maggiore libert\u00e0 di movimento in ogni condizione atmosferica<\/h2>\n<p>Questo \u00e8 ci\u00f2 che il <strong>Binocolo premium VICTORY HT 8\u00d742<\/strong>. Grazie alla sua pupilla d'uscita di 5,3 mm, l'obiettivo <strong>campo visivo particolarmente ampio e ingrandimento 8x<\/strong> \u00e8 ideale per un'ampia gamma di applicazioni.<\/p>\n<p>Il <strong>valori di trasmissione schiaccianti<\/strong> forniscono immagini estremamente luminose anche nelle condizioni di luce pi\u00f9 sfavorevoli e consentono quindi osservazioni particolarmente lunghe, fino al crepuscolo.<\/p>\n<p>Con il suo <strong>peso ridotto<\/strong> non solo \u00e8 un compagno estremamente leggero, ma anche estremamente affidabile grazie al robusto ponte a doppio snodo - con <strong>massima precisione meccanica<\/strong> durante la messa a fuoco.<\/p>\n\t\t<\/div>\n\t\t\t\t\n<style>\n#col-614257372 > .col-inner {\n  margin: 0px 0px -30px 0px;\n}\n<\/style>\n\t<\/div>\n\n\t\n\n\t<div id=\"col-958869019\" class=\"col medium-4 small-12 large-4\"  >\n\t\t\t\t<div class=\"col-inner\"  >\n\t\t\t\n\t\t\t\n\t<div class=\"img has-hover x md-x lg-x y md-y lg-y\" id=\"image_999907516\">\n\t\t\t\t\t\t\t\t<div class=\"img-inner dark\" >\n\t\t\t\t\t\t\t\t\t\n\t\t\t\t\t<\/div>\n\t\t\t\t\t\t\t\t\n<style>\n#image_999907516 {\n  width: 100%;\n}\n<\/style>\n\t<\/div>\n\t\n<h3>Fatti sui binocoli Zeiss<\/h3>\n\n\t\t<div class=\"icon-box featured-box icon-box-left text-left\"  >\n\t\t\t\t\t<div class=\"icon-box-img\" style=\"width: 32px\">\n\t\t\t\t<div class=\"icon\">\n\t\t\t\t\t<div class=\"icon-inner\" >\n\t\t\t\t\t\t<img decoding=\"async\" width=\"100\" height=\"83\" src=\"https:\/\/ddoptics.shop\/wp-content\/uploads\/2021\/05\/DDoptics-SHG-Icon.jpg\" class=\"attachment-medium size-medium\" alt=\"Icona DDoptics SHG Binocolo\" title=\"\">\t\t\t\t\t<\/div>\n\t\t\t\t<\/div>\n\t\t\t<\/div>\n\t\t\t\t<div class=\"icon-box-text last-reset\">\n\t\t\t\t\t\t\t\t\t\n<p>Garanzia del produttore di 10 anni<\/p>\n\t\t<\/div>\n\t<\/div>\n\t\n\t\n\n\t\t<div class=\"icon-box featured-box icon-box-left text-left\"  >\n\t\t\t\t\t<div class=\"icon-box-img\" style=\"width: 32px\">\n\t\t\t\t<div class=\"icon\">\n\t\t\t\t\t<div class=\"icon-inner\" >\n\t\t\t\t\t\t<img decoding=\"async\" width=\"100\" height=\"83\" src=\"https:\/\/ddoptics.shop\/wp-content\/uploads\/2021\/05\/DDoptics-SHG-Icon.jpg\" class=\"attachment-medium size-medium\" alt=\"Icona DDoptics SHG Binocolo\" title=\"\">\t\t\t\t\t<\/div>\n\t\t\t\t<\/div>\n\t\t\t<\/div>\n\t\t\t\t<div class=\"icon-box-text last-reset\">\n\t\t\t\t\t\t\t\t\t\n<p>136 m di campo visivo<\/p>\n\t\t<\/div>\n\t<\/div>\n\t\n\t\n\n\t\t<div class=\"icon-box featured-box icon-box-left text-left\"  >\n\t\t\t\t\t<div class=\"icon-box-img\" style=\"width: 32px\">\n\t\t\t\t<div class=\"icon\">\n\t\t\t\t\t<div class=\"icon-inner\" >\n\t\t\t\t\t\t<img decoding=\"async\" width=\"100\" height=\"83\" src=\"https:\/\/ddoptics.shop\/wp-content\/uploads\/2021\/05\/DDoptics-SHG-Icon.jpg\" class=\"attachment-medium size-medium\" alt=\"Icona DDoptics SHG Binocolo\" title=\"\">\t\t\t\t\t<\/div>\n\t\t\t\t<\/div>\n\t\t\t<\/div>\n\t\t\t\t<div class=\"icon-box-text last-reset\">\n\t\t\t\t\t\t\t\t\t\n<p>\u2705 Druckwasserdicht<\/p>\n\t\t<\/div>\n\t<\/div>\n\t\n\t\n\n\t\t<div class=\"icon-box featured-box icon-box-left text-left\"  >\n\t\t\t\t\t<div class=\"icon-box-img\" style=\"width: 32px\">\n\t\t\t\t<div class=\"icon\">\n\t\t\t\t\t<div class=\"icon-inner\" >\n\t\t\t\t\t\t<img decoding=\"async\" width=\"100\" height=\"83\" src=\"https:\/\/ddoptics.shop\/wp-content\/uploads\/2021\/05\/DDoptics-SHG-Icon.jpg\" class=\"attachment-medium size-medium\" alt=\"Icona DDoptics SHG Binocolo\" title=\"\">\t\t\t\t\t<\/div>\n\t\t\t\t<\/div>\n\t\t\t<\/div>\n\t\t\t\t<div class=\"icon-box-text last-reset\">\n\t\t\t\t\t\t\t\t\t\n<p>\u2705 SCHOTT HT Glas &#8211; ZEISS T*-Mehrschichtverg\u00fctung<\/p>\n\t\t<\/div>\n\t<\/div>\n\t\n\t\n\n\t\t<div class=\"icon-box featured-box icon-box-left text-left\"  >\n\t\t\t\t\t<div class=\"icon-box-img\" style=\"width: 32px\">\n\t\t\t\t<div class=\"icon\">\n\t\t\t\t\t<div class=\"icon-inner\" >\n\t\t\t\t\t\t<img decoding=\"async\" width=\"100\" height=\"83\" src=\"https:\/\/ddoptics.shop\/wp-content\/uploads\/2021\/05\/DDoptics-SHG-Icon.jpg\" class=\"attachment-medium size-medium\" alt=\"Icona DDoptics SHG Binocolo\" title=\"\">\t\t\t\t\t<\/div>\n\t\t\t\t<\/div>\n\t\t\t<\/div>\n\t\t\t\t<div class=\"icon-box-text last-reset\">\n\t\t\t\t\t\t\t\t\t\n<p>\u2705 Abbe K\u00f6nig Prisma<\/p>\n\t\t<\/div>\n\t<\/div>\n\t\n\t\n\n\t\t<div class=\"icon-box featured-box icon-box-left text-left\"  >\n\t\t\t\t\t<div class=\"icon-box-img\" style=\"width: 32px\">\n\t\t\t\t<div class=\"icon\">\n\t\t\t\t\t<div class=\"icon-inner\" >\n\t\t\t\t\t\t<img decoding=\"async\" width=\"100\" height=\"83\" src=\"https:\/\/ddoptics.shop\/wp-content\/uploads\/2021\/05\/DDoptics-SHG-Icon.jpg\" class=\"attachment-medium size-medium\" alt=\"Icona DDoptics SHG Binocolo\" title=\"\">\t\t\t\t\t<\/div>\n\t\t\t\t<\/div>\n\t\t\t<\/div>\n\t\t\t\t<div class=\"icon-box-text last-reset\">\n\t\t\t\t\t\t\t\t\t\n<p>Alloggiamento in magnesio<\/p>\n\t\t<\/div>\n\t<\/div>\n\t\n\t\n<div class=\"is-divider divider clearfix\" ><\/div>\n\t\t<\/div>\n\t\t\t\t\t<\/div>\n\n\t\n<\/div>\n<h3>Concetto ottico innovativo: interazione di lenti SCHOTT HT, multi-rivestimento ZEISS T* e sistema di prismi Abbe-K\u00f6nig<\/h3>\n<p>Luminosit\u00e0 impareggiabile grazie a un <strong>Trasmissione da 95%<\/strong> e altro ancora. L'innovativo concetto ottico della gamma di binocoli VICTORY HT garantisce questo valore di punta unico. Ci\u00f2 \u00e8 possibile grazie alla perfetta interazione di <strong>Obiettivi SCHOTT HT, rivestimento multiplo ZEISS T* e sistema di prismi Abbe-K\u00f6nig.<\/strong><\/p>\n<p>Con questo potente pacchetto di innovazioni, potrete osservare pi\u00f9 a lungo che mai, ad esempio durante la caccia, anche nel crepuscolo pi\u00f9 profondo.<\/p>\n<h3>Zeiss Victory 8\u00d742 - Concetto di messa a fuoco ergonomica per la massima ergonomia dell'utente<\/h3>\n<p>Questo vi garantisce la <strong>innovativo concetto di Comfort Focus con la sua ruota di messa a fuoco.<\/strong> Di dimensioni notevoli, \u00e8 posizionato molto avanti nel ponte. Ci\u00f2 consente di azionare la rotella di messa a fuoco con il dito indice in tutta comodit\u00e0, anche quando si indossano i guanti. Il lungo rapporto di trasmissione consente di mettere a fuoco in modo rapido e preciso.<\/p>\n<h3>Ponte a doppia maglia estremamente robusto sullo Zeiss Victory 8\u00d742<\/h3>\n<p><strong>Massima precisione e massima durata<\/strong> \u00e8 garantita da un design estremamente robusto. L'alloggiamento con l'innovativo ponte a doppio snodo \u00e8 realizzato in magnesio ad alta resistenza ma superleggero. La rotella di controllo per la messa a fuoco \u00e8 saldamente incorporata nell'alloggiamento. Ci\u00f2 significa che il binocolo VICTORY HT \u00e8 perfettamente equipaggiato anche per gli usi pi\u00f9 gravosi.<\/p>\n<h3>Brillante concetto di FL<\/h3>\n<p><strong>I binocoli pi\u00f9 luminosi sono anche i pi\u00f9 brillanti.<\/strong> Il collaudato concetto FL eleva i criteri decisivi della nitidezza dell'immagine e della brillantezza dei colori a un nuovo livello. Grazie all'uso di speciali lenti contenenti fluoro, non si notano praticamente pi\u00f9 frange di colore. Il concetto FL garantisce prestazioni di imaging eccezionali e immagini ad alto contrasto.<\/p>\n<h3>Rivestimento LotuTec<\/h3>\n<p>Godetevi un'affascinante qualit\u00e0 dell'immagine in qualsiasi condizione atmosferica. Il rivestimento LotuTec\u00ae assicura che <strong>L'acqua rotola via immediatamente dalla lente e lo sporco pu\u00f2 essere rimosso facilmente, delicatamente e senza lasciare residui.<\/strong><\/p>\n<h3>Conclusioni sul binocolo Zeiss Victory 8\u00d742 HT<\/h3>\n<p>Estremamente robusta e facile da usare - in <strong>Per quanto riguarda l'ergonomia, il binocolo Zeiss Victory 8\u00d742 HT \u00e8 impressionante.<\/strong> Allo stesso tempo, si dimostra molto resistente alle intemperie e pu\u00f2 quindi essere utilizzato anche in condizioni climatiche avverse. Senza dimenticare le ottiche che, grazie agli elevati valori di trasmissione e alle caratteristiche di alta qualit\u00e0, garantiscono una visione chiara e luminosa. <strong>Immagini nitide fino ai bordi<\/strong> fornisce. Al prezzo attuale di circa 1.706 euro, si ottiene un compagno potente che viene anche garantito per 10 anni dal produttore.<\/p>","protected":false},"excerpt":{"rendered":"<h3>Il binocolo VICTORY HT 8\u00d742 T* di ZEISS \u00e8 un binocolo di alta qualit\u00e0.<\/h3>\n<ul>\n<li>Consegna gratuita in Germania<\/li>\n<li>Tutti i prezzi sono comprensivi di IVA.<\/li>\n<\/ul>","protected":false},"featured_media":9267,"comment_status":"open","ping_status":"closed","template":"","meta":{"inline_featured_image":false,"footnotes":""},"product_brand":[],"product_cat":[362,349,358,345,344,346,238],"product_tag":[91,328,774],"class_list":{"0":"post-9265","1":"product","2":"type-product","3":"status-publish","4":"has-post-thumbnail","6":"product_cat-42-mm-objektiv","7":"product_cat-8x-vergroesserung","8":"product_cat-fernglas-objektivdurchmesser","9":"product_cat-jagd-und-wild","10":"product_cat-naturbeobachtung","11":"product_cat-wandern-und-reisen","12":"product_cat-zeiss-sport-optik","13":"product_tag-8x42","14":"product_tag-zeiss","15":"product_tag-zeiss-victory","16":"pa_brand-marke-zeiss","17":"pa_farbe-schwarz","18":"pa_produkt-typ-fernglas","20":"first","21":"instock","22":"taxable","23":"shipping-taxable","24":"product-type-external"},"bundled_by":[],"bundle_stock_status":"instock","bundle_stock_quantity":null,"bundle_virtual":false,"bundle_layout":"","bundle_add_to_cart_form_location":"","bundle_editable_in_cart":false,"bundle_sold_individually_context":"","bundle_item_grouping":"","bundle_min_size":"","bundle_max_size":"","bundle_price":[],"bundled_items":[],"bundle_sell_ids":[],"_links":{"self":[{"href":"https:\/\/ddoptics.shop\/it\/wp-json\/wp\/v2\/product\/9265","targetHints":{"allow":["GET"]}}],"collection":[{"href":"https:\/\/ddoptics.shop\/it\/wp-json\/wp\/v2\/product"}],"about":[{"href":"https:\/\/ddoptics.shop\/it\/wp-json\/wp\/v2\/types\/product"}],"replies":[{"embeddable":true,"href":"https:\/\/ddoptics.shop\/it\/wp-json\/wp\/v2\/comments?post=9265"}],"version-history":[{"count":7,"href":"https:\/\/ddoptics.shop\/it\/wp-json\/wp\/v2\/product\/9265\/revisions"}],"predecessor-version":[{"id":28477,"href":"https:\/\/ddoptics.shop\/it\/wp-json\/wp\/v2\/product\/9265\/revisions\/28477"}],"wp:featuredmedia":[{"embeddable":true,"href":"https:\/\/ddoptics.shop\/it\/wp-json\/wp\/v2\/media\/9267"}],"wp:attachment":[{"href":"https:\/\/ddoptics.shop\/it\/wp-json\/wp\/v2\/media?parent=9265"}],"wp:term":[{"taxonomy":"product_brand","embeddable":true,"href":"https:\/\/ddoptics.shop\/it\/wp-json\/wp\/v2\/product_brand?post=9265"},{"taxonomy":"product_cat","embeddable":true,"href":"https:\/\/ddoptics.shop\/it\/wp-json\/wp\/v2\/product_cat?post=9265"},{"taxonomy":"product_tag","embeddable":true,"href":"https:\/\/ddoptics.shop\/it\/wp-json\/wp\/v2\/product_tag?post=9265"}],"curies":[{"name":"wp","href":"https:\/\/api.w.org\/{rel}","templated":true}]}}