{"id":9922,"date":"2016-08-29T20:16:29","date_gmt":"2016-08-29T18:16:29","guid":{"rendered":"https:\/\/beta.optik-sport-shop.at\/kaufen\/kochbuch-jaeger-kochen-wild"},"modified":"2025-10-03T11:55:00","modified_gmt":"2025-10-03T09:55:00","slug":"libro-di-cucina-jaeger-cook-wild","status":"publish","type":"product","link":"https:\/\/ddoptics.shop\/it\/kaufen\/kochbuch-jaeger-kochen-wild\/","title":{"rendered":"Libro di cucina: I cacciatori cucinano la selvaggina"},"content":{"rendered":"<h2>Le celebrit\u00e0 vi invitano a una raccolta di ciotole con un libro di cucina<\/h2>\n<p><strong>Cacciatori di spicco<\/strong> cucinare per voi. Il <strong>Libro di cucina di caccia<\/strong> con l'effetto sguardo laterale: <strong>Importanti cacciatori austriaci<\/strong> rivelano le loro ricette di selvaggina preferite, \u201ccondite\u201d con tante storie di caccia.<br \/>\nTra i \u201cdispensatori di ricette\u201d figurano, ad esempio i conti Bernhard e Hans Georg Kinsky; il conte imperiale Gundaccar Wurmbrand-Stuppach, direttore commerciale di Steyr-Mannlicher; il principe Louis zu Sayn-Wittgenstein-Sayn, amministratore delegato di G\u00f6ssl Gwandhaus; il conte Friedrich Hardegg; Hubert St\u00f6hr, produttore di birra e amministratore delegato della Brauerei Schloss Eggenberg; il conte Alfons Mensdorff-Pouilly; Benedikt conte Segur-Cabanac, amministratore delegato di BioTech GmbH; Christian Springer, amministratore delegato di Johann Springer's Erben GmbH e altri.<br \/>\nIl <strong>Ambito delle ricette di gioco<\/strong> si estende dal <strong>Rag\u00f9 di cervo con cioccolato e sella di cervo in salsa di birra bock, gulasch di camoscio di Altaussee, canederli di cervo e tartare di cervo, terrina di fagiano, piccioni avvolti nello speck, sugo di coniglio e infine canederli dolci di camoscio<\/strong>, grappa di noce e grappa di cembro speziata.<\/p>\n<h3>Gli autori del libro di cucina sulla selvaggina<\/h3>\n<p>Lisa Helena Lensing lavora nel settore della comunicazione ed \u00e8 lei stessa una cacciatrice. Paul Lensing, architetto di formazione, lavora principalmente nel campo della sostenibilit\u00e0 e vede un grande potenziale in questo settore, soprattutto nel settore della caccia. <strong>La selvaggina \u00e8 il cibo perfetto.<\/strong> Joseph Gasteiger-Rabensteiner ha una tradizione familiare di caccia e da tempo pratica la fotografia accanto al suo lavoro quotidiano nel settore immobiliare.<\/p>\n<h3>Ottimo libro di cucina - adatto come regalo per tutti i cacciatori e i cuochi dilettanti<\/h3>\n<p>Il <strong>Libro di cucina sulla selvaggina<\/strong> \u00e8 <strong>Ben illustrato e con storie di piacevole umorismo<\/strong> invitante da leggere e da cucinare. Scoprirete fantastiche ricette direttamente da coloro che dovrebbero conoscerle meglio, i cacciatori. <strong>A<\/strong>tuttavia<strong> offre molto di pi\u00f9 di semplici ricette.<\/strong> Aneddoti e informazioni sulla caccia ne fanno una lettura divertente e istruttiva per chiunque voglia saperne di pi\u00f9 sulla caccia. Il libro di cucina \u00e8 certamente un <strong>Grande aggiunta alle note ricette di gioco<\/strong> e vi dar\u00e0 sicuramente piacere!<\/p>","protected":false},"excerpt":{"rendered":"<h3>Libro di cucina: I cacciatori cucinano la selvaggina<\/h3>\n<h4>da 39,90<\/h4>\n<p>Da acquistare presso:<\/p>\n<a href=\"https:\/\/www.amazon.de\/gp\/product\/3702013695\/ref=as_li_tl?ie=UTF8&#038;camp=1638&#038;creative=19454&#038;creativeASIN=3702013695&#038;linkCode=as2&#038;tag=optsposho-21&#038;linkId=VJEQQZ25YBVJ4BO2\" target=\"_blank\" class=\"button success is-success is-medium\" rel=\"nofollow noopener\" >\n\t\t<span>Amazon<\/span>\n\t<\/a>\n\n<a href=\"http:\/\/ad.zanox.com\/ppc\/?30283886C42456355&#038;ULP=http:\/\/www.thalia.de\/shop\/home\/suchartikel\/jaeger_kochen_wild\/lisa_lensing\/ISBN3-7020-1369-5\/ID32253324.html?fftrk=2%3A2%3A10%3A10%3A1&#038;jumpId=3946928&#038;ProvID=10911378\" target=\"_blank\" class=\"button success is-success is-medium\" rel=\"nofollow noopener\" >\n\t\t<span>THALIA GERMANIA<\/span>\n\t<\/a>\n\n<a href=\"http:\/\/ad.zanox.com\/ppc\/?30284203C81391933&#038;ULP=http:\/\/www.thalia.at\/shop\/home\/suchartikel\/jaeger_kochen_wild\/lisa_lensing\/ISBN3-7020-1369-5\/ID32253324.html?fftrk=2%3A2%3A10%3A10%3A1&#038;jumpId=12137031&#038;ProvID=10910929\" target=\"_blank\" class=\"button success is-success is-medium\" rel=\"nofollow noopener\" >\n\t\t<span>THALIA AUSTRIA<\/span>\n\t<\/a>","protected":false},"featured_media":9926,"comment_status":"open","ping_status":"closed","template":"","meta":{"inline_featured_image":false,"footnotes":""},"product_brand":[],"product_cat":[74],"product_tag":[422,425],"class_list":{"0":"post-9922","1":"product","2":"type-product","3":"status-publish","4":"has-post-thumbnail","6":"product_cat-buchtipps-buecher","7":"product_tag-buchtipp","8":"product_tag-wild-kochbuch","10":"first","11":"instock","12":"taxable","13":"shipping-taxable","14":"product-type-simple"},"bundled_by":[],"bundle_stock_status":"instock","bundle_stock_quantity":null,"bundle_virtual":false,"bundle_layout":"","bundle_add_to_cart_form_location":"","bundle_editable_in_cart":false,"bundle_sold_individually_context":"","bundle_item_grouping":"","bundle_min_size":"","bundle_max_size":"","bundle_price":[],"bundled_items":[],"bundle_sell_ids":[],"_links":{"self":[{"href":"https:\/\/ddoptics.shop\/it\/wp-json\/wp\/v2\/product\/9922","targetHints":{"allow":["GET"]}}],"collection":[{"href":"https:\/\/ddoptics.shop\/it\/wp-json\/wp\/v2\/product"}],"about":[{"href":"https:\/\/ddoptics.shop\/it\/wp-json\/wp\/v2\/types\/product"}],"replies":[{"embeddable":true,"href":"https:\/\/ddoptics.shop\/it\/wp-json\/wp\/v2\/comments?post=9922"}],"version-history":[{"count":1,"href":"https:\/\/ddoptics.shop\/it\/wp-json\/wp\/v2\/product\/9922\/revisions"}],"predecessor-version":[{"id":29106,"href":"https:\/\/ddoptics.shop\/it\/wp-json\/wp\/v2\/product\/9922\/revisions\/29106"}],"wp:featuredmedia":[{"embeddable":true,"href":"https:\/\/ddoptics.shop\/it\/wp-json\/wp\/v2\/media\/9926"}],"wp:attachment":[{"href":"https:\/\/ddoptics.shop\/it\/wp-json\/wp\/v2\/media?parent=9922"}],"wp:term":[{"taxonomy":"product_brand","embeddable":true,"href":"https:\/\/ddoptics.shop\/it\/wp-json\/wp\/v2\/product_brand?post=9922"},{"taxonomy":"product_cat","embeddable":true,"href":"https:\/\/ddoptics.shop\/it\/wp-json\/wp\/v2\/product_cat?post=9922"},{"taxonomy":"product_tag","embeddable":true,"href":"https:\/\/ddoptics.shop\/it\/wp-json\/wp\/v2\/product_tag?post=9922"}],"curies":[{"name":"wp","href":"https:\/\/api.w.org\/{rel}","templated":true}]}}