{"id":10619,"date":"2017-03-06T15:40:47","date_gmt":"2017-03-06T14:40:47","guid":{"rendered":"https:\/\/beta.optik-sport-shop.at\/?page_id=10619"},"modified":"2025-11-05T12:24:52","modified_gmt":"2025-11-05T11:24:52","slug":"metody-platnosci","status":"publish","type":"page","link":"https:\/\/ddoptics.shop\/pl\/zahlungsarten\/","title":{"rendered":"Metody p\u0142atno\u015bci w Optik Sport Shop"},"content":{"rendered":"<div id=\"gap-907144030\" class=\"gap-element clearfix\" style=\"display:block; height:auto;\">\n\t\t\n<style>\n#gap-907144030 {\n  padding-top: 60px;\n}\n<\/style>\n\t<\/div>\n\t\n\n  <div class=\"banner has-hover\" id=\"banner-1045151698\">\n          <div class=\"banner-inner fill\">\n        <div class=\"banner-bg fill\" >\n            <img decoding=\"async\" width=\"1140\" height=\"300\" src=\"https:\/\/ddoptics.shop\/wp-content\/uploads\/2017\/03\/zahlungsmethoden-optik-sport-shop_1140.jpg\" class=\"bg attachment-orginal size-orginal\" alt=\"metody p\u0142atno\u015bci optik sport shop\" title=\"\">                        <div class=\"overlay\"><\/div>            \n                    <\/div>\n\t\t\n        <div class=\"banner-layers container\">\n            <div class=\"fill banner-link\"><\/div>            \n   <div id=\"text-box-1719562077\" class=\"text-box banner-layer x50 md-x50 lg-x50 y50 md-y50 lg-y50 res-text\">\n                                <div class=\"text-box-content text dark\">\n              \n              <div class=\"text-inner text-center\">\n                  \n\t<div id=\"gap-52130816\" class=\"gap-element clearfix\" style=\"display:block; height:auto;\">\n\t\t\n<style>\n#gap-52130816 {\n  padding-top: 100px;\n}\n<\/style>\n\t<\/div>\n\t\n<h1 class=\"uppercase\"><span style=\"font-size: 80%;\">METODY P\u0141ATNO\u015aCI<\/span><\/h1>\n              <\/div>\n           <\/div>\n                            \n<style>\n#text-box-1719562077 {\n  width: 60%;\n}\n#text-box-1719562077 .text-box-content {\n  font-size: 100%;\n}\n<\/style>\n    <\/div>\n \n        <\/div>\n      <\/div>\n\n              <div class=\"height-fix is-invisible\"><img decoding=\"async\" width=\"1140\" height=\"300\" src=\"https:\/\/ddoptics.shop\/wp-content\/uploads\/2017\/03\/zahlungsmethoden-optik-sport-shop_1140.jpg\" class=\"attachment-orginal size-orginal\" alt=\"metody p\u0142atno\u015bci optik sport shop\" srcset=\"https:\/\/ddoptics.shop\/wp-content\/uploads\/2017\/03\/zahlungsmethoden-optik-sport-shop_1140.jpg 1140w, https:\/\/ddoptics.shop\/wp-content\/uploads\/2017\/03\/zahlungsmethoden-optik-sport-shop_1140-304x80.jpg 304w, https:\/\/ddoptics.shop\/wp-content\/uploads\/2017\/03\/zahlungsmethoden-optik-sport-shop_1140-305x80.jpg 305w, https:\/\/ddoptics.shop\/wp-content\/uploads\/2017\/03\/zahlungsmethoden-optik-sport-shop_1140-632x166.jpg 632w, https:\/\/ddoptics.shop\/wp-content\/uploads\/2017\/03\/zahlungsmethoden-optik-sport-shop_1140-800x211.jpg 800w, https:\/\/ddoptics.shop\/wp-content\/uploads\/2017\/03\/zahlungsmethoden-optik-sport-shop_1140-250x66.jpg 250w, https:\/\/ddoptics.shop\/wp-content\/uploads\/2017\/03\/zahlungsmethoden-optik-sport-shop_1140-510x134.jpg 510w\" sizes=\"(max-width: 1140px) 100vw, 1140px\" title=\"\"><\/div>\n            \n<style>\n#banner-1045151698 .overlay {\n  background-color: rgba(0, 0, 0, 0.17);\n}\n<\/style>\n  <\/div>\n\n\n<div class=\"row\"  id=\"row-341041879\">\n\n\t<div id=\"col-575908814\" class=\"col small-12 large-12\"  >\n\t\t\t\t<div class=\"col-inner\"  >\n\t\t\t\n\t\t\t\n<h2>Jak wygodnie p\u0142aci\u0107 w sklepie Optik Sport?<\/h2>\n<p>Kiedy po raz pierwszy wpadli\u015bmy na pomys\u0142 sklepu Optik Sport, bardzo wa\u017cne by\u0142o dla nas, aby proces p\u0142atno\u015bci by\u0142 tak prosty i wygodny, jak to tylko mo\u017cliwe. Najprostszym sposobem na osi\u0105gni\u0119cie tego celu jest zaoferowanie wszystkich znanych i popularnych opcji p\u0142atno\u015bci. Powinno to sprawi\u0107, \u017ce klient b\u0119dzie m\u00f3g\u0142 \u0142atwo zrealizowa\u0107 swoje zam\u00f3wienie elektroniczne.<\/p>\n<h3>Nowo\u015b\u0107: Zakup na konto - bezpiecze\u0144stwo dla obu stron<\/h3>\n<p>Ze wzgl\u0119du na liczne zapytania klient\u00f3w, wszystkie<strong> Produkty optyczne poprzez zakup na konto<\/strong> - po zatwierdzeniu przez Klarna - dost\u0119pne do zakupu.<\/p>\n<div class=\"container section-title-container\" ><h3 class=\"section-title section-title-bold\"><b aria-hidden=\"true\"><\/b><span class=\"section-title-main\" >Przedp\u0142ata<\/span><b aria-hidden=\"true\"><\/b><\/h3><\/div>\n<p>Po otrzymaniu przelewu bankowego (w przypadku przedp\u0142aty) przygotujemy paczk\u0119 do wysy\u0142ki. B\u0119dziemy czeka\u0107 maksymalnie 7 dni na otrzymanie przelewu bankowego, po czym anulujemy zam\u00f3wienie. <strong>Uwaga:<\/strong> Przelewy bankowe (r\u00f3wnie\u017c online) mog\u0105 trwa\u0107 od 1 do 3 dni roboczych od DE do AT. Dlatego radzimy nie p\u0142aci\u0107 z g\u00f3ry za pilne zam\u00f3wienia.<\/p>\n<div class=\"container section-title-container\" ><h3 class=\"section-title section-title-bold\"><b aria-hidden=\"true\"><\/b><span class=\"section-title-main\" >Karta kredytowa<\/span><b aria-hidden=\"true\"><\/b><\/h3><\/div>\n<p><img decoding=\"async\" class=\"alignright size-full wp-image-10637\" src=\"https:\/\/ddoptics.shop\/wp-content\/uploads\/2017\/03\/kreditkarte-optik-sport-shop_300.jpg\" alt=\"\" width=\"100\" height=\"70\" title=\"\">My <strong>obs\u0142uga kart VISA i MasterCard <\/strong>i korzystamy w tym celu z us\u0142ug dostawcy us\u0142ug finansowych Stripe. Potrzebujemy nast\u0119puj\u0105cych danych od u\u017cytkownika: <strong>Numer karty, wa\u017cno\u015b\u0107, firma obs\u0142uguj\u0105ca kart\u0119 kredytow\u0105 <\/strong>i<strong> Sprawd\u017a cyfr\u0119 na karcie kredytowej<\/strong>.<\/p>\n<p>W przypadku kart VISA i MasterCard cyfra kontrolna to trzycyfrowy numer znajduj\u0105cy si\u0119 na odwrocie karty. Jest to <strong>gwarantowany<\/strong> w<strong> Bezpiecze\u0144stwo p\u0142atno\u015bci<\/strong> w Internecie. Twoja karta kredytowa mo\u017ce r\u00f3wnie\u017c zosta\u0107 aktywowana dla kodu 3-D Secure.<\/p>\n<div class=\"container section-title-container\" ><h3 class=\"section-title section-title-bold\"><b aria-hidden=\"true\"><\/b><span class=\"section-title-main\" >PayPal<\/span><b aria-hidden=\"true\"><\/b><\/h3><\/div>\n<p><img decoding=\"async\" class=\"alignright size-full wp-image-10639\" src=\"https:\/\/ddoptics.shop\/wp-content\/uploads\/2017\/03\/paypal-optik-sport-shop_300.jpg\" alt=\"\" width=\"118\" height=\"30\" title=\"\">PayPal jest obecnie synonimem bezpiecze\u0144stwa podczas dokonywania p\u0142atno\u015bci na ca\u0142ym \u015bwiecie. Po dokonaniu zakupu zostaniesz przekierowany na stron\u0119 paypal.com w celu dokonania p\u0142atno\u015bci. Dzi\u0119ki tej metodzie p\u0142atno\u015bci zam\u00f3wienie zostanie wys\u0142ane natychmiast, czasami tego samego dnia. Czas wysy\u0142ki zale\u017cy od kraju docelowego. Nie pobieramy \u017cadnych dodatkowych op\u0142at za przetwarzanie tej metody p\u0142atno\u015bci.<\/p>\n<p>We wsp\u00f3\u0142pracy z dostawc\u0105 us\u0142ug finansowych Klarna oferujemy klientom w Austrii, Niemczech i wszystkich innych aktywowanych krajach <strong>Zakup na konto jako opcja p\u0142atno\u015bci<\/strong>. Okres p\u0142atno\u015bci za <strong>Faktura Klarna 14 dni od daty wystawienia faktury.<\/strong> The <strong>Faktura zostanie wystawiona po wys\u0142aniu towar\u00f3w i przes\u0142ana poczt\u0105 elektroniczn\u0105 lub wraz z towarami.<\/strong>.<\/p>\n<p>Nale\u017cy pami\u0119ta\u0107, \u017ce metoda p\u0142atno\u015bci na koncie mo\u017ce by\u0107 u\u017cywana tylko wtedy, gdy\u00a0<strong>Adres rozliczeniowy i adres dostawy s\u0105 identyczne<\/strong> i prywatne miejsce zamieszkania (bez adresu firmy i adresu skrytki pocztowej).<\/p>\n<div class=\"container section-title-container\" ><h3 class=\"section-title section-title-bold\"><b aria-hidden=\"true\"><\/b><span class=\"section-title-main\" >Klarna<\/span><b aria-hidden=\"true\"><\/b><\/h3><\/div>\n<p><strong><img decoding=\"async\" class=\"alignright size-full wp-image-10636\" src=\"https:\/\/ddoptics.shop\/wp-content\/uploads\/2017\/03\/klarna-rechnung-optik-sport-shop_300.jpg\" alt=\"\" width=\"109\" height=\"30\" title=\"\">P\u0142atno\u015b\u0107 jest dokonywana na rzecz Klarna.<\/strong> Nale\u017cy pami\u0119ta\u0107, \u017ce <strong>Faktura Klarna tylko dla konsument\u00f3w<\/strong> jest dost\u0119pny. Wi\u0119cej informacji i pe\u0142ne warunki Klarna dotycz\u0105ce zakupu na konto mo\u017cna znale\u017a\u0107 na stronie <a href=\"https:\/\/cdn.klarna.com\/1.0\/shared\/content\/legal\/terms\/31492\/de_at\/invoice?fee=0,90\" target=\"_blank\" rel=\"noopener noreferrer\">TUTAJ dla klient\u00f3w z Austrii<\/a> resp. <a href=\"https:\/\/cdn.klarna.com\/1.0\/shared\/content\/legal\/terms\/31492\/de_de\/invoice?fee=0,90\" target=\"_blank\" rel=\"noopener noreferrer\">TUTAJ dla klient\u00f3w z Niemiec<\/a>. W przypadku zakup\u00f3w na konto Klarna pobieramy op\u0142at\u0119 za us\u0142ug\u0119 w wysoko\u015bci 1,50 \u20ac za zam\u00f3wienie.<\/p>\n<p><strong><img decoding=\"async\" class=\"alignright size-full wp-image-10635\" src=\"https:\/\/ddoptics.shop\/wp-content\/uploads\/2017\/03\/klarna-ratenkauf-optik-sport-shop_300.jpg\" alt=\"\" width=\"109\" height=\"30\" title=\"\">Sprzeda\u017c ratalna Klarna (wy\u0142\u0105cznie dla klient\u00f3w z Niemiec)<\/strong><br \/>Dzi\u0119ki us\u0142udze finansowania Klarna mo\u017cesz elastycznie p\u0142aci\u0107 za zakup w miesi\u0119cznych ratach wynosz\u0105cych co najmniej 1\/24 ca\u0142kowitej kwoty (ale co najmniej 6,95 \u20ac).<\/p>\n\t<div id=\"gap-108067505\" class=\"gap-element clearfix\" style=\"display:block; height:auto;\">\n\t\t\n<style>\n#gap-108067505 {\n  padding-top: 30px;\n}\n<\/style>\n\t<\/div>\n\t\n<div class=\"is-divider divider clearfix\" style=\"max-width:100%;height:1px;\"><\/div>\n<p>Z zastrze\u017ceniem b\u0142\u0119d\u00f3w w druku i sk\u0142adzie. Status: 01.01.2025<\/p>\n\t\t<\/div>\n\t\t\t\t\t<\/div>\n\n\t\n<\/div>","protected":false},"excerpt":{"rendered":"","protected":false},"author":2,"featured_media":0,"parent":0,"menu_order":0,"comment_status":"closed","ping_status":"closed","template":"page-transparent-header.php","meta":{"inline_featured_image":false,"footnotes":""},"class_list":["post-10619","page","type-page","status-publish","hentry"],"_links":{"self":[{"href":"https:\/\/ddoptics.shop\/pl\/wp-json\/wp\/v2\/pages\/10619","targetHints":{"allow":["GET"]}}],"collection":[{"href":"https:\/\/ddoptics.shop\/pl\/wp-json\/wp\/v2\/pages"}],"about":[{"href":"https:\/\/ddoptics.shop\/pl\/wp-json\/wp\/v2\/types\/page"}],"author":[{"embeddable":true,"href":"https:\/\/ddoptics.shop\/pl\/wp-json\/wp\/v2\/users\/2"}],"replies":[{"embeddable":true,"href":"https:\/\/ddoptics.shop\/pl\/wp-json\/wp\/v2\/comments?post=10619"}],"version-history":[{"count":12,"href":"https:\/\/ddoptics.shop\/pl\/wp-json\/wp\/v2\/pages\/10619\/revisions"}],"predecessor-version":[{"id":29416,"href":"https:\/\/ddoptics.shop\/pl\/wp-json\/wp\/v2\/pages\/10619\/revisions\/29416"}],"wp:attachment":[{"href":"https:\/\/ddoptics.shop\/pl\/wp-json\/wp\/v2\/media?parent=10619"}],"curies":[{"name":"wp","href":"https:\/\/api.w.org\/{rel}","templated":true}]}}