{"id":10698,"date":"2017-03-08T00:02:51","date_gmt":"2017-03-07T23:02:51","guid":{"rendered":"https:\/\/beta.optik-sport-shop.at\/?page_id=10698"},"modified":"2026-04-13T20:48:05","modified_gmt":"2026-04-13T18:48:05","slug":"siec-sklepow","status":"publish","type":"page","link":"https:\/\/ddoptics.shop\/pl\/shop-netzwerk\/","title":{"rendered":"Programy partnerskie sklep\u00f3w w sieci"},"content":{"rendered":"<p>Aktywnie wsp\u00f3\u0142pracujemy z partnerami sklepu, aby nasze przes\u0142anie \u201cholistycznego zdrowia\u201d by\u0142o dost\u0119pne dla jak najwi\u0119kszej liczby os\u00f3b, wraz z zakupem ulubionych produkt\u00f3w. Naszym ostatecznym celem jest przywr\u00f3cenie i ochrona zdrowia poprzez \u017cycie i sen bez promieniowania, uzupe\u0142nione warto\u015bciowymi i skutecznymi produktami.<\/p>\n<p><strong>Z dum\u0105 wsp\u00f3\u0142pracujemy z ka\u017cdym z poni\u017cszych partner\u00f3w za po\u015brednictwem ich sklep\u00f3w internetowych. CLICK AHEAD jest konieczno\u015bci\u0105!<\/strong><\/p>\n\n\t<div id=\"col-2051808472\" class=\"col medium-1\/1 large-12\"  data-animate=\"fadeInDown\">\n\t\t\t\t<div class=\"col-inner\"  >\n\t\t\t\n\t\t\t\n<div class=\"container section-title-container\" ><h3 class=\"section-title section-title-bold\"><b aria-hidden=\"true\"><\/b><span class=\"section-title-main\" >Sklep z serami Alpen Sepp<\/span><b aria-hidden=\"true\"><\/b><\/h3><\/div>\n<p><img decoding=\"async\" class=\"alignright wp-image-8067\" src=\"https:\/\/pronatur24.shop\/wp-content\/uploads\/2014\/12\/alpensepp_logo_300.png\" alt=\"Logo Alpen Sepp\" width=\"250\" height=\"103\" title=\"\"><\/p>\n<p>Jeste\u015bmy aktywnie zaanga\u017cowani w rozw\u00f3j sklepu w ramach projektu rolniczego \u201cAlpen Sepp\u201d. Alpen Sepp oznacza warto\u015bciowe produkty z regionu Bregenzerwald w Vorarlbergu w Austrii. Po raz pierwszy klient ko\u0144cowy ma mo\u017cliwo\u015b\u0107 zakupu najlepszego sera alpejskiego bezpo\u015brednio z piwnicy serowej alpejskiej mleczarni z ponad 300 hodowcami byd\u0142a mlecznego. Czysta kulinarna rozkosz gwarantowana! Oczywi\u015bcie informacje o serze s\u0105 r\u00f3wnie\u017c dost\u0119pne \u201cna pok\u0142adzie\u201d.<\/p>\n<p>Niekt\u00f3rzy rolnicy maj\u0105 pokoje wakacyjne i dlatego oferuj\u0105 \u201cwakacje na farmie\u201d. Zabawa ze wszystkimi zwierz\u0119tami na farmie jest gwarantowana, ale celem jest r\u00f3wnie\u017c zapewnienie wgl\u0105du w codzienne \u017cycie rolnika. Smaczne przepisy z alpejskim serem od piekarza r\u00f3wnie\u017c czekaj\u0105 na odkrycie. Projekt gospodarstwa \u201cAlpen Sepp K\u00e4seshop\u201d uzupe\u0142niaj\u0105 informacje turystyczne z regionu i unikalne szlaki turystyczne w Bregenzerwald.<\/p>\n<p><a title=\"Do sklepu z serami Alpen Sepp\" href=\"http:\/\/alpensepp.com\/?partner=d3d9446802a44259755d38e6d163e820\" target=\"_blank\" rel=\"noopener\">\u00bb Bezpo\u015brednio do sklepu z serami Alpen Sepp<\/a><\/p>\n\t\n    <div class=\"row\">\n    <div class=\"large-12 col\">\n      <h3 class=\"section-title\"><span>Ekstrakt z sera Alpen Sepp<\/span><\/h3>\n    <\/div>\n  <\/div>\n  \n    <div class=\"row large-columns-4 medium-columns-3 small-columns-2 row-small slider row-slider slider-nav-reveal slider-nav-push\"  data-flickity-options='{&quot;imagesLoaded&quot;: true, &quot;groupCells&quot;: &quot;100%&quot;, &quot;dragThreshold&quot; : 5, &quot;cellAlign&quot;: &quot;left&quot;,&quot;wrapAround&quot;: true,&quot;prevNextButtons&quot;: true,&quot;percentPosition&quot;: true,&quot;pageDots&quot;: false, &quot;rightToLeft&quot;: false, &quot;autoPlay&quot; : false}' >\n\n  <\/div>\n\t\t<\/div>\n\t\t\t\t\t<\/div>\n\n\t\n\n\t<div id=\"col-704249935\" class=\"col medium-1\/1 large-12\"  data-animate=\"fadeInDown\">\n\t\t\t\t<div class=\"col-inner\"  >\n\t\t\t\n\t\t\t\n<div class=\"container section-title-container\" ><h3 class=\"section-title section-title-bold\"><b aria-hidden=\"true\"><\/b><span class=\"section-title-main\" >Sklep sportowy z optyk\u0105<\/span><b aria-hidden=\"true\"><\/b><\/h3><\/div>\n<p><img decoding=\"async\" class=\"alignright wp-image-13394\" src=\"https:\/\/pronatur24.shop\/wp-content\/uploads\/2015\/01\/optik-sport-shop-logo-300.png\" alt=\"Logo Optik Sport Shop\" width=\"250\" height=\"58\" title=\"\"><\/p>\n<p>Der Optik-Sport-Shop ist der Profi f\u00fcrs Auge. Nein, kein Optiker!<\/p>\n<p>Optik-Sport-Shop chce przywr\u00f3ci\u0107 ludziom zainteresowanie natur\u0105 i \u015bwiatem zwierz\u0105t. W naszym codziennym po\u015bpiechu zbyt cz\u0119sto zapominamy, \u017ce aby m\u00f3c \u017cy\u0107, musimy \u017cy\u0107 w harmonii z natur\u0105. Zbyt cz\u0119sto zdarza si\u0119, \u017ce nasze \u015brodowisko musi ponosi\u0107 koszty naszego komfortu i luksusu, wiele os\u00f3b nie zdaje sobie ju\u017c sprawy z tej zale\u017cno\u015bci i symbiozy.<\/p>\n<p>Optik-Sport-Shop chce przekaza\u0107 uczucie do natury i zwierz\u0105t poprzez wzrok, a tym samym dotkn\u0105\u0107 serca. Do\u015bwiadcz pi\u0119kna natury i bior\u00f3\u017cnorodno\u015bci \u015bwiata zwierz\u0105t na w\u0142asne oczy. Po\u0142\u0105cz si\u0119 ponownie z natur\u0105 poprzez swoje oczy - niesamowite chwile czekaj\u0105 na Twoje odkrycie. Optik-Sport-Shop... Twoje oczy zrobi\u0105 OCZY.<\/p>\n<p><a title=\"Do Optik-Sport-Shop\" href=\"http:\/\/ddoptics.shop\/pl\/\" target=\"_blank\" rel=\"noopener\">\u00bb Bezpo\u015brednio do Optik-Sport-Shop<\/a><\/p>\n\t\t<\/div>\n\t\t\t\t\t<\/div>\n\n\t\n\n\t<div id=\"col-878974074\" class=\"col medium-1\/1 large-12\"  data-animate=\"fadeInDown\">\n\t\t\t\t<div class=\"col-inner\"  >\n\t\t\t\n\t\t\t\n<div class=\"container section-title-container\" ><h3 class=\"section-title section-title-bold\"><b aria-hidden=\"true\"><\/b><span class=\"section-title-main\" >Praktyka LebensPuls<\/span><b aria-hidden=\"true\"><\/b><\/h3><\/div>\n<p><img decoding=\"async\" class=\"alignright wp-image-13395\" src=\"https:\/\/pronatur24.shop\/wp-content\/uploads\/2015\/01\/praxis-lebenspuls-logo_300.png\" alt=\"Logo NaturPraxis LebenPuls\" width=\"250\" height=\"109\" title=\"\"><\/p>\n<p>Andrea Mussmann z praktyki LebenPuls opisa\u0142aby siebie w nast\u0119puj\u0105cy spos\u00f3b: \u201c<em>Jestem mediatorem dla ludzi i zwierz\u0105t. Zdrowie dwuno\u017cnych przyjaci\u00f3\u0142 jest dla mnie bardzo wa\u017cne, ale moje serce bije przede wszystkim dla naszych czworono\u017cnych towarzyszy - naszych pupili. Dziel\u0105 one z nami \u017cycie i s\u0105 wa\u017cnymi cz\u0142onkami rodziny. Pomagam Ci zrozumie\u0107 Twojego zwierzaka i zadba\u0107 o jego zdrowie.<\/em>\u201d<\/p>\n<p>Praktyka LebensPuls dzia\u0142a na poziomie energetycznym z kinezjologi\u0105, kwiatami Bacha, zio\u0142ami, olejkami aromatycznymi i kamieniami leczniczymi i mo\u017ce teraz zaprezentowa\u0107 imponuj\u0105ce wyniki. W 2014 roku praktyka uruchomi\u0142a sklep internetowy ze zdrowymi produktami piel\u0119gnacyjnymi dla zwierz\u0105t i ludzi na bazie aloesu. Oferuje r\u00f3wnie\u017c co\u015b wi\u0119cej ni\u017c tylko specjaln\u0105 karm\u0119 dla ps\u00f3w i kot\u00f3w. W przypadku marki karmy dla zwierz\u0105t defu wszystko jest dopracowane w najdrobniejszych szczeg\u00f3\u0142ach. Zaczyna si\u0119 od odpowiedniej dla gatunku hodowli zwierz\u0105t gospodarskich - powiedz HELLO jako\u015bci Demeter dla swojego zwierzaka. Demeter, poniewa\u017c organiczny po prostu m\u00f3wi zbyt wiele o pochodzeniu.<\/p>\n<p><a title=\"Do praktyki LebensPuls\" href=\"http:\/\/lebenspuls.com\" target=\"_blank\" rel=\"noopener\">\u00bb Bezpo\u015brednio do praktyki LebensPuls<\/a><\/p>\n\t\n    <div class=\"row\">\n    <div class=\"large-12 col\">\n      <h3 class=\"section-title\"><span>Ekstrakt z karmy dla zwierz\u0105t domowych z praktyki LebensPuls<\/span><\/h3>\n    <\/div>\n  <\/div>\n  \n    <div class=\"row large-columns-4 medium-columns-3 small-columns-2 row-small slider row-slider slider-nav-reveal slider-nav-push\"  data-flickity-options='{&quot;imagesLoaded&quot;: true, &quot;groupCells&quot;: &quot;100%&quot;, &quot;dragThreshold&quot; : 5, &quot;cellAlign&quot;: &quot;left&quot;,&quot;wrapAround&quot;: true,&quot;prevNextButtons&quot;: true,&quot;percentPosition&quot;: true,&quot;pageDots&quot;: false, &quot;rightToLeft&quot;: false, &quot;autoPlay&quot; : false}' >\n\n  <\/div>\n\t\t<\/div>\n\t\t\t\t\t<\/div>\n\n\t\n\n\t<div id=\"col-893242959\" class=\"col medium-1\/1 large-12\"  data-animate=\"fadeInDown\">\n\t\t\t\t<div class=\"col-inner\"  >\n\t\t\t\n\t\t\t\n<div class=\"container section-title-container\" ><h3 class=\"section-title section-title-bold\"><b aria-hidden=\"true\"><\/b><span class=\"section-title-main\" >1000 wazon\u00f3w<\/span><b aria-hidden=\"true\"><\/b><\/h3><\/div>\n<p><img decoding=\"async\" class=\"alignright wp-image-13396\" src=\"https:\/\/pronatur24.shop\/wp-content\/uploads\/2015\/01\/1000vasen-logo_300.png\" alt=\"1000 logo wazon\u00f3w\" width=\"250\" height=\"289\" title=\"\"><\/p>\n<p>In Zusammenarbeit mit Elmar Kalb, der Design Manufaktur in Dornbirn (AT), entstand die Idee zur einfachen Raumversch\u00f6nerung in der Wohnung oder im Haus. Der Mensch verbringt viel Zeit in den eigenen 4 W\u00e4nden und wir dachten uns, ein Spiel von Glas und Farbe bringt Form und Leben ins eigene LEBEN.<\/p>\n<p>Pomys\u0142 \u201c1000 Vases\u201d nie ma jeszcze sklepu internetowego, ale showroom w Dornbirn przyci\u0105ga wzrok!<\/p>\n<p>1000 wazon\u00f3w... po prostu pi\u0119kniejsze \u017cycie!<\/p>\n<p><a title=\"Bezpo\u015brednio do 1000Vases\" href=\"http:\/\/1000vasen.com\" target=\"_blank\" rel=\"noopener\">\u00bb Bezpo\u015brednio do 1000 wazon\u00f3w<\/a><\/p>\n\t\t<\/div>\n\t\t\t\t\t<\/div>\n\n\t\n<p>&nbsp;<\/p>","protected":false},"excerpt":{"rendered":"<p>Wir arbeiten aktiv mit Shop-Partnern zusammen um unsere Botschaft f\u00fcr die &#8220;ganzheitliche Gesundheit&#8221; m\u00f6glichst vielen Menschen zug\u00e4nglich zu machen, begleitend zum Einkauf liebgewonnener Produkte. Gesundheit wiederzufinden und zu sch\u00fctzen durch strahlenfrei wohnen und schlafen, erg\u00e4nzt mit wertvollen und wirksamen Produkten ist unser hohes Ziel. Wir sind stolz mit jedem der nachfolgenden Partner \u00fcber deren Onlineshops [&#8230;]\n","protected":false},"author":3,"featured_media":0,"parent":0,"menu_order":0,"comment_status":"closed","ping_status":"closed","template":"page-left-sidebar.php","meta":{"inline_featured_image":false,"footnotes":""},"class_list":["post-10698","page","type-page","status-publish","hentry"],"_links":{"self":[{"href":"https:\/\/ddoptics.shop\/pl\/wp-json\/wp\/v2\/pages\/10698","targetHints":{"allow":["GET"]}}],"collection":[{"href":"https:\/\/ddoptics.shop\/pl\/wp-json\/wp\/v2\/pages"}],"about":[{"href":"https:\/\/ddoptics.shop\/pl\/wp-json\/wp\/v2\/types\/page"}],"author":[{"embeddable":true,"href":"https:\/\/ddoptics.shop\/pl\/wp-json\/wp\/v2\/users\/3"}],"replies":[{"embeddable":true,"href":"https:\/\/ddoptics.shop\/pl\/wp-json\/wp\/v2\/comments?post=10698"}],"version-history":[{"count":0,"href":"https:\/\/ddoptics.shop\/pl\/wp-json\/wp\/v2\/pages\/10698\/revisions"}],"wp:attachment":[{"href":"https:\/\/ddoptics.shop\/pl\/wp-json\/wp\/v2\/media?parent=10698"}],"curies":[{"name":"wp","href":"https:\/\/api.w.org\/{rel}","templated":true}]}}