{"id":14703,"date":"2019-06-04T12:08:31","date_gmt":"2019-06-04T10:08:31","guid":{"rendered":"https:\/\/ddoptics.shop\/?page_id=14703"},"modified":"2020-08-16T12:50:20","modified_gmt":"2020-08-16T10:50:20","slug":"luneta-celownicza-do-polowania-w-ukryciu","status":"publish","type":"page","link":"https:\/\/ddoptics.shop\/pl\/zielfernrohr-jagd-fuer-ansitzjagd\/","title":{"rendered":"Zielfernrohr f\u00fcr die Jagd &#8211; speziell Ansitzjagd"},"content":{"rendered":"<h1 class=\"page-title category-title\">Zalecenie: Idealna luneta celownicza do polowa\u0144 - zw\u0142aszcza na zwierzyn\u0119 \u0142own\u0105<\/h1>\n<div class=\"category-description std\">\n<div class=\"category-description std\">\n<p>Wielu producent\u00f3w dzieli r\u00f3\u017cne <strong>Linie zakresu<\/strong> w zasadzie w <strong>Korzystna i najwy\u017cszej klasy celowniki optyczne<\/strong>. To rozr\u00f3\u017cnienie nigdy nie by\u0142o i nie jest stosowane w DDoptics.<\/p>\n<p>Oznacza to, \u017ce <strong>billiges Glas f\u00fcr den nicht so finanzkr\u00e4ftigen Kunden<\/strong> i <strong>drogie dla silnych finansowo klient\u00f3w<\/strong>. W szerszym sensie prowadzi to do <strong>perspektywa zarz\u0105dzania mark\u0105 do pewnego rodzaju \u201cprzymusu klubowego\u201d<\/strong> a wielu oszcz\u0119dza na produkt premium i musi po\u015bwi\u0119ci\u0107 si\u0119 innym bardzo wa\u017cnym kwestiom, takim jak <strong>Zaoszcz\u0119d\u017a na monta\u017cu ZF<\/strong> (du\u017cy b\u0142\u0105d).<\/p>\n<blockquote><p><strong><img decoding=\"async\" class=\"alignright wp-image-11210\" src=\"https:\/\/ddoptics.shop\/wp-content\/uploads\/2016\/09\/DDoptics-Logo.jpg\" alt=\"Logo DDoptics\" width=\"300\" height=\"200\" title=\"\" srcset=\"https:\/\/ddoptics.shop\/wp-content\/uploads\/2016\/09\/DDoptics-Logo.jpg 600w, https:\/\/ddoptics.shop\/wp-content\/uploads\/2016\/09\/DDoptics-Logo-304x203.jpg 304w, https:\/\/ddoptics.shop\/wp-content\/uploads\/2016\/09\/DDoptics-Logo-305x203.jpg 305w, https:\/\/ddoptics.shop\/wp-content\/uploads\/2016\/09\/DDoptics-Logo-510x340.jpg 510w, https:\/\/ddoptics.shop\/wp-content\/uploads\/2016\/09\/DDoptics-Logo-250x167.jpg 250w\" sizes=\"(max-width: 300px) 100vw, 300px\" \/>Co szczeg\u00f3lnie podoba nam si\u0119 w DDoptics:<\/strong><\/p>\n<ul style=\"list-style-type: circle;\">\n<li>W DDoptics dalszy rozw\u00f3j poszczeg\u00f3lnych produkt\u00f3w ZF jest kontynuowany wraz ze wzrostem generacji. Klient zawsze otrzymuje najlepszy ZF zgodnie z aktualnym stanem rozwoju.<\/li>\n<li>Najlepszy stosunek ceny do wydajno\u015bci uzyskuje si\u0119 dzi\u0119ki rozs\u0105dnym ilo\u015bciom i bez kosztownej reklamy w tradycyjnych mediach.<\/li>\n<\/ul>\n<\/blockquote>\n<p>Wynik: Ka\u017cdy klient otrzymuje <strong>Wysokiej jako\u015bci luneta celownicza DDoptics z maksymaln\u0105 liczb\u0105 funkcji<\/strong> np.<\/p>\n<ul>\n<li>Lunety celownicze maj\u0105 zmienne powi\u0119kszenie 4x lub 6x.<\/li>\n<li>Absehen in der 2ten Bildebene<\/li>\n<li>H\u00f6chstm\u00f6gliche Verg\u00fctungen und Lichttransmissionen \u00fcber 95%<\/li>\n<li>Regulacja paralaksy jest standardem<\/li>\n<li>Leuchtpunkt ist Standard<\/li>\n<li>Od Gen 3 - Zerostop dla ASV<\/li>\n<\/ul>\n<h2>Co og\u00f3lnie sprawia, \u017ce luneta jest dobra do polowania w ukryciu?<\/h2>\n<ul>\n<li>Die Zielfernrohr Linsen:<br \/>\n&#8211; Die Qualit\u00e4t der Verg\u00fctung (=Antireflexbeschichtung) und der Gl\u00e4ser<br \/>\n&#8211; Die Lichttransmission (=Helligkeit im Sichtfeld) zwischen 95 und 97%<br \/>\n&#8211; Die Randsch\u00e4rfe (=Bild am Rand des Sichtfelds)<br \/>\n&#8211; Die M\u00f6glichkeit, die Sch\u00e4rfe der Gl\u00e4ser anzupassen (Parallaxe Verstellung)<\/li>\n<li>Siatka celownicza lunety:<br \/>\n&#8211; Mit und ohne Beleuchtung (hilft bei D\u00e4mmerung)<\/li>\n<li>Regulacja zakresu:<br \/>\n- Regulacja lewo-prawo i wysoko\u015bci nie jest zbyt szorstka<br \/>\n- Powtarzalno\u015b\u0107 musi by\u0107 zagwarantowana<br \/>\n- Odporno\u015b\u0107 na wstrz\u0105sy i uderzenia<br \/>\n- Szybko i \u0142atwo<\/li>\n<\/ul>\n<h3>Idealna luneta do polowania w ukryciu<\/h3>\n<p>Noga <a href=\"https:\/\/de.wikipedia.org\/wiki\/Ansitzjagd\" target=\"_blank\" rel=\"noopener noreferrer\"><strong>Polowanie na stoisku<\/strong> <\/a>z pewno\u015bci\u0105 odgrywa wa\u017cn\u0105 rol\u0119, w kt\u00f3rej <strong>Tereny \u0142owieckie<\/strong> znikn\u0105\u0142. Czy mog\u0119 i\u015b\u0107 do <strong>dojecha\u0107 blisko kryj\u00f3wki, czy jest to 1 godzina pieszo?<\/strong> przed sob\u0105 - prawdopodobnie ze stromymi przej\u015bciami. Na p\u0142askim terenie, z dobrym dost\u0119pem i z <strong>Gatunek gry Dzik Waga i wymiary<\/strong> nie odgrywa wi\u0119kszej roli. ZF powinien by\u0107 tutaj wszechstronny, a\u00a0<strong>Du\u017ce pole widzenia<\/strong> i w<strong> Zmierzch jego si\u0142a<\/strong> udowodni\u0107 to. A<strong> Obiektyw 56 mm<\/strong> und gr\u00f6sser ist hier sicher die richtige Wahl. Eine Variable Vergr\u00f6sserung ist sicher auch zu empfehlen, da Sch\u00fcsse auf nahe und ferne Distanzen zu erwarten sind. Sobald aber l\u00e4ngere Fu\u00dfm\u00e4rsche ein Thema sind, sollte aufgrund des Gewichtes auf nicht mehr als 50 mm Objektiv zur\u00fcckgegriffen werden.<\/p>\n<p>Je\u015bli chodzi o wag\u0119, wszyscy producenci polegaj\u0105 obecnie na <strong>Lekkie materia\u0142y<\/strong> s\u0105 u\u017cywane. Czasy ci\u0119\u017ckich stalowych obud\u00f3w itp. ju\u017c min\u0119\u0142y. Tylko du\u017ce szklane obiektywy zwi\u0119kszaj\u0105 wag\u0119 i wymiary - co sprowadza nas z powrotem do tematu.<\/p>\n<blockquote><p>Podczas polowania z ukrycia <a href=\"https:\/\/ddoptics.shop\/pl\/sklep\/celownik-teleskopowy\/srednica-obiektywu-lunety-celowniczej\/srednica-obiektywu-56-mm\/\" target=\"_blank\" rel=\"noopener noreferrer\">Og\u00f3lnie zalecane s\u0105 obiektywy 56.<\/a> Wysoka wydajno\u015b\u0107 zmierzchowa i du\u017ce pole widzenia oferuj\u0105 wiele zalet.<\/p><\/blockquote>\n<p>Z <strong>Wskazane jest polowanie z ukrycia,\u00a0<\/strong>ein variables Zielfernrohr mit mind. 50\u00a0mm Objektivdurchmesser zu w\u00e4hlen. Der Zoomfaktor bleibt den pers\u00f6nlichen Vorlieben \u00fcberlassen. Dem einen J\u00e4ger reicht ein 1-4 fach. Ein anderer J\u00e4ger will bis zur 6x Vergr\u00f6sserung (5-30 &#8211; fach) gehen um den Anwendungsbereich zu erh\u00f6hen.<\/p>\n<p><strong>ZF Vergleich und Eignung nach Objektivdurchmesser<\/strong><\/p>\n<table style=\"width: 835px;\">\n<tbody>\n<tr>\n<td style=\"width: 113px;\"><strong>Nat\u0119\u017cenie \u015bwiat\u0142a<\/strong><\/td>\n<td style=\"width: 176.778px;\"><strong>\u015arednica obiektywu<\/strong><\/td>\n<td style=\"width: 527.222px;\"><strong>Wykorzystanie<\/strong><\/td>\n<\/tr>\n<tr>\n<td style=\"width: 113px;\">niski<\/td>\n<td style=\"width: 176.778px;\">25 mm<\/td>\n<td style=\"width: 527.222px;\">ZF do polowa\u0144 p\u0119dzonych<\/td>\n<\/tr>\n<tr>\n<td style=\"width: 113px;\">\u015aredni do wysokiego<\/td>\n<td style=\"width: 176.778px;\">42 mm, 50 mm<\/td>\n<td style=\"width: 527.222px;\">Wszechstronny ZF Idealny do (p\u00f3\u017anego) zmierzchu, stalkingu, polowa\u0144 g\u00f3rskich<\/td>\n<\/tr>\n<tr>\n<td style=\"width: 113px;\">Bardzo wysoki<\/td>\n<td style=\"width: 176.778px;\">56 mm, 60 mm<\/td>\n<td style=\"width: 527.222px;\">Ci\u0119\u017csze okulary nocne do polowania w ukryciu<\/td>\n<\/tr>\n<\/tbody>\n<\/table>\n<p><strong>Por\u00f3wnanie ZV i przydatno\u015b\u0107 po powi\u0119kszeniu<\/strong><\/p>\n<table>\n<tbody>\n<tr>\n<td><strong>Rozszerzenie:<\/strong><\/td>\n<td><strong>ma\u0142y<\/strong><\/td>\n<\/tr>\n<tr>\n<td>1-6x<\/td>\n<td>Idealny do stalkingu i polowa\u0144 p\u0119dzonych - strza\u0142y na kr\u00f3tkie dystanse<\/td>\n<\/tr>\n<tr>\n<td><strong>Powi\u0119kszenie<\/strong><\/td>\n<td><strong>\u015bredni<\/strong><\/td>\n<\/tr>\n<tr>\n<td>\u00a0do 15x<\/td>\n<td>Idealny do wielu zastosowa\u0144 my\u015bliwskich, takich jak polowanie w ukryciu, stalking i polowanie w g\u00f3rach<\/td>\n<\/tr>\n<tr>\n<td><strong>Powi\u0119kszenie<\/strong><\/td>\n<td><strong>wysoki<\/strong><\/td>\n<\/tr>\n<tr>\n<td>\u00a0do 30x<\/td>\n<td>\u00a0Luneta celownicza do strzela\u0144 sportowych i d\u0142ugodystansowych w g\u00f3rach, stosowana jako zamiennik lunety celowniczej<\/td>\n<\/tr>\n<\/tbody>\n<\/table>\n<\/div>\n<\/div>","protected":false},"excerpt":{"rendered":"<p>Empfehlung: Ideales Zielfernrohr f\u00fcr die Jagd &#8211; speziell Ansitzjagd Viele Hersteller unterteilen bei den verschiedene Zielfernrohr-Linien grunds\u00e4tzlich in eine G\u00fcnstige und eine Premium Klasse bei Zieloptiken. Diese Unterscheidung wurde und wird bei DDoptics nie gemacht. Das bedeutet n\u00e4mlich, ein billiges Glas f\u00fcr den nicht so finanzkr\u00e4ftigen Kunden und das teure f\u00fcr den finanzkr\u00e4ftigen Kunden. Im [&#8230;]\n","protected":false},"author":2,"featured_media":0,"parent":0,"menu_order":0,"comment_status":"closed","ping_status":"closed","template":"","meta":{"inline_featured_image":false,"footnotes":""},"class_list":["post-14703","page","type-page","status-publish","hentry"],"_links":{"self":[{"href":"https:\/\/ddoptics.shop\/pl\/wp-json\/wp\/v2\/pages\/14703","targetHints":{"allow":["GET"]}}],"collection":[{"href":"https:\/\/ddoptics.shop\/pl\/wp-json\/wp\/v2\/pages"}],"about":[{"href":"https:\/\/ddoptics.shop\/pl\/wp-json\/wp\/v2\/types\/page"}],"author":[{"embeddable":true,"href":"https:\/\/ddoptics.shop\/pl\/wp-json\/wp\/v2\/users\/2"}],"replies":[{"embeddable":true,"href":"https:\/\/ddoptics.shop\/pl\/wp-json\/wp\/v2\/comments?post=14703"}],"version-history":[{"count":1,"href":"https:\/\/ddoptics.shop\/pl\/wp-json\/wp\/v2\/pages\/14703\/revisions"}],"predecessor-version":[{"id":23287,"href":"https:\/\/ddoptics.shop\/pl\/wp-json\/wp\/v2\/pages\/14703\/revisions\/23287"}],"wp:attachment":[{"href":"https:\/\/ddoptics.shop\/pl\/wp-json\/wp\/v2\/media?parent=14703"}],"curies":[{"name":"wp","href":"https:\/\/api.w.org\/{rel}","templated":true}]}}