{"id":14708,"date":"2019-06-04T12:39:41","date_gmt":"2019-06-04T10:39:41","guid":{"rendered":"https:\/\/ddoptics.shop\/?page_id=14708"},"modified":"2020-08-16T13:09:48","modified_gmt":"2020-08-16T11:09:48","slug":"luneta-sportowa-trening-i-zawody","status":"publish","type":"page","link":"https:\/\/ddoptics.shop\/pl\/zielfernrohr-sport-training-und-wettkampf\/","title":{"rendered":"Zielfernrohr f\u00fcr Schie\u00dfsport &#8211; Training und Wettkampf"},"content":{"rendered":"<h1 class=\"page-title category-title\">Zalecenie: Idealna luneta do strzelectwa sportowego - zw\u0142aszcza treningu, zawod\u00f3w i strzelania na du\u017ce odleg\u0142o\u015bci<\/h1>\n<div class=\"category-description std\">\n<div class=\"category-description std\">\n<p>Wielu producent\u00f3w dzieli r\u00f3\u017cne <strong>Linie zakresu<\/strong> w zasadzie w <strong>Korzystne i klasa premium<\/strong>. To rozr\u00f3\u017cnienie nigdy nie by\u0142o i nie jest stosowane w DDoptics.<\/p>\n<p>Oznacza to, \u017ce <strong>billiges Glas f\u00fcr den nicht so finanzkr\u00e4ftigen Kunden<\/strong> i <strong>drogie dla silnych finansowo klient\u00f3w<\/strong>. W szerszym sensie prowadzi to do <strong>perspektywa zarz\u0105dzania mark\u0105 do pewnego rodzaju \u201cprzymusu klubowego\u201d<\/strong> a wielu oszcz\u0119dza na produkt premium i musi po\u015bwi\u0119ci\u0107 si\u0119 innym bardzo wa\u017cnym kwestiom, takim jak <strong>Zaoszcz\u0119d\u017a na monta\u017cu ZF<\/strong> (du\u017cy b\u0142\u0105d).<\/p>\n<blockquote><p><strong><img decoding=\"async\" class=\"alignright wp-image-11210\" src=\"https:\/\/ddoptics.shop\/wp-content\/uploads\/2016\/09\/DDoptics-Logo.jpg\" alt=\"Logo DDoptics\" width=\"300\" height=\"200\" title=\"\" srcset=\"https:\/\/ddoptics.shop\/wp-content\/uploads\/2016\/09\/DDoptics-Logo.jpg 600w, https:\/\/ddoptics.shop\/wp-content\/uploads\/2016\/09\/DDoptics-Logo-304x203.jpg 304w, https:\/\/ddoptics.shop\/wp-content\/uploads\/2016\/09\/DDoptics-Logo-305x203.jpg 305w, https:\/\/ddoptics.shop\/wp-content\/uploads\/2016\/09\/DDoptics-Logo-510x340.jpg 510w, https:\/\/ddoptics.shop\/wp-content\/uploads\/2016\/09\/DDoptics-Logo-250x167.jpg 250w\" sizes=\"(max-width: 300px) 100vw, 300px\" \/>To, co naprawd\u0119 lubimy w DDoptics:<\/strong><\/p>\n<ul style=\"list-style-type: circle;\">\n<li>W DDoptics dalszy rozw\u00f3j poszczeg\u00f3lnych produkt\u00f3w ZF post\u0119puje wraz ze wzrostem generacji. The <strong>Klient zawsze otrzymuje najlepszy ZF zgodnie z aktualnym stanem rozwoju.<\/strong><\/li>\n<li>Najlepszy stosunek ceny do wydajno\u015bci uzyskuje si\u0119 dzi\u0119ki rozs\u0105dnym ilo\u015bciom i bez kosztownej reklamy w tradycyjnych mediach.<\/li>\n<\/ul>\n<\/blockquote>\n<p>Rezultat: Ka\u017cdy klient otrzymuje wysokiej jako\u015bci lunet\u0119 DDoptics z maksymalnymi funkcjami, takimi jak.<\/p>\n<ul>\n<li>Lunety celownicze maj\u0105 zmienne powi\u0119kszenie 4x lub 6x.<\/li>\n<li>Absehen in der 2ten Bildebene<\/li>\n<li>H\u00f6chstm\u00f6gliche Verg\u00fctungen und Lichttransmissionen \u00fcber 95%<\/li>\n<li>Regulacja paralaksy jest standardem<\/li>\n<li>Leuchtpunkt ist Standard<\/li>\n<li>Od Gen 3 - Zerostop dla ASV<\/li>\n<\/ul>\n<h3>Co og\u00f3lnie sprawia, \u017ce <a href=\"https:\/\/de.wikipedia.org\/wiki\/Sportschie%C3%9Fen\" target=\"_blank\" rel=\"noopener noreferrer\">Celownik teleskopowy do strzelectwa sportowego<\/a> na zewn\u0105trz?<\/h3>\n<ul>\n<li>Die Zielfernrohr Linsen:<br \/>\n&#8211; Die Qualit\u00e4t der Verg\u00fctung (=Antireflexbeschichtung) und der Gl\u00e4ser<br \/>\n&#8211; Die Lichttransmission (=Helligkeit im Sichtfeld) zwischen 95 und 97%<br \/>\n&#8211; Die Randsch\u00e4rfe (=Bild am Rand des Sichtfelds)<br \/>\n&#8211; Die M\u00f6glichkeit, die Sch\u00e4rfe der Gl\u00e4ser anzupassen (Parallaxe Verstellung)<\/li>\n<li>Siatka celownicza lunety:<br \/>\n&#8211; Mit und ohne Beleuchtung (hilft bei D\u00e4mmerung)<\/li>\n<li>Regulacja zakresu:<br \/>\n- Regulacja lewo-prawo i wysoko\u015bci nie jest zbyt szorstka<br \/>\n- Powtarzalno\u015b\u0107 musi by\u0107 zagwarantowana<br \/>\n- Odporno\u015b\u0107 na wstrz\u0105sy i uderzenia<br \/>\n- Szybko i \u0142atwo<\/li>\n<\/ul>\n<h3>Idealna luneta celownicza dla <a href=\"https:\/\/ddoptics.shop\/pl\/lunety-do-strzelectwa-sportowego-i-zawodow\/\" target=\"_blank\" rel=\"noopener noreferrer\">strzelectwo sportowe<\/a><\/h3>\n<p>Ta kategoria dotyczy przede wszystkim <strong>zastosowanie celownika teleskopowego i relacja ceny do karabinu<\/strong>. Prawdopodobnie nie ma sensu montowa\u0107 celownika za 1000 euro na karabinie KK (22lr) za 300 euro.<\/p>\n<p>Dla precyzyjnej broni d\u0142ugiej w<strong> Precyzyjny kaliber 338 Lapua lub 308 Win<\/strong> gdy szeroki <strong>Strza\u0142y do np. 1000 m<\/strong> gefordert sind sieht die Sache ein wenig anders aus. Hier wird dann eine 5-30 variable Vergr\u00f6sserung eher passend sein. F\u00fcr das<strong> dynamiczne strzelanie IPSC<\/strong> wird eine Zieloptik mit 25 oder 42 mm Objektiv und grossem Sehfeld zur raschen Zielerfassung das beste sein.<\/p>\n<blockquote><p>W strzelectwie sportowym o wyborze odpowiedniej optyki celowniczej decyduje dyscyplina sportowa.<\/p><\/blockquote>\n<p><strong>ZF Vergleich und Eignung nach Objektivdurchmesser<\/strong><\/p>\n<table style=\"width: 835px;\">\n<tbody>\n<tr>\n<td style=\"width: 113px;\"><strong>Nat\u0119\u017cenie \u015bwiat\u0142a<\/strong><\/td>\n<td style=\"width: 176.778px;\"><strong>\u015arednica obiektywu<\/strong><\/td>\n<td style=\"width: 527.222px;\"><strong>Wykorzystanie<\/strong><\/td>\n<\/tr>\n<tr>\n<td style=\"width: 113px;\">niski<\/td>\n<td style=\"width: 176.778px;\">25 mm<\/td>\n<td style=\"width: 527.222px;\">ZF do polowa\u0144 p\u0119dzonych<\/td>\n<\/tr>\n<tr>\n<td style=\"width: 113px;\">\u015aredni do wysokiego<\/td>\n<td style=\"width: 176.778px;\">42 mm, <a href=\"https:\/\/ddoptics.shop\/pl\/sklep\/celownik-teleskopowy\/srednica-obiektywu-lunety-celowniczej\/srednica-obiektywu-50-mm\/\" target=\"_blank\" rel=\"noopener noreferrer\">50 mm<\/a><\/td>\n<td style=\"width: 527.222px;\">Wszechstronny ZF Idealny do (p\u00f3\u017anego) zmierzchu, stalkingu, polowa\u0144 g\u00f3rskich<\/td>\n<\/tr>\n<tr>\n<td style=\"width: 113px;\">Bardzo wysoki<\/td>\n<td style=\"width: 176.778px;\">56 mm, 60 mm<\/td>\n<td style=\"width: 527.222px;\">Ci\u0119\u017csze okulary nocne do polowania w ukryciu<\/td>\n<\/tr>\n<\/tbody>\n<\/table>\n<p><strong>Por\u00f3wnanie ZV i przydatno\u015b\u0107 po powi\u0119kszeniu<\/strong><\/p>\n<table>\n<tbody>\n<tr>\n<td><strong>Rozszerzenie:<\/strong><\/td>\n<td><strong>ma\u0142y<\/strong><\/td>\n<\/tr>\n<tr>\n<td>1-6x<\/td>\n<td>Idealny do stalkingu i polowa\u0144 p\u0119dzonych - strza\u0142y na kr\u00f3tkie dystanse<\/td>\n<\/tr>\n<tr>\n<td><strong>Powi\u0119kszenie<\/strong><\/td>\n<td><strong>\u015bredni<\/strong><\/td>\n<\/tr>\n<tr>\n<td>\u00a0do 15x<\/td>\n<td>Idealny do wielu zastosowa\u0144 my\u015bliwskich, takich jak polowanie w ukryciu, stalking i polowanie w g\u00f3rach<\/td>\n<\/tr>\n<tr>\n<td><strong>Powi\u0119kszenie<\/strong><\/td>\n<td><strong>wysoki<\/strong><\/td>\n<\/tr>\n<tr>\n<td>\u00a0do 30x<\/td>\n<td>\u00a0Luneta celownicza do strzela\u0144 sportowych i d\u0142ugodystansowych w g\u00f3rach, stosowana jako zamiennik lunety celowniczej<\/td>\n<\/tr>\n<\/tbody>\n<\/table>\n<\/div>\n<\/div>","protected":false},"excerpt":{"rendered":"<p>Empfehlung: Ideales Zielfernrohr f\u00fcr Sportschie\u00dfen &#8211; speziell Training, Wettkampf und Long Range Schie\u00dfen Viele Hersteller unterteilen bei den verschiedene Zielfernrohr-Linien grunds\u00e4tzlich in eine G\u00fcnstige und eine Premium Klasse. Diese Unterscheidung wurde und wird bei DDoptics nie gemacht. Das bedeutet n\u00e4mlich, ein billiges Glas f\u00fcr den nicht so finanzkr\u00e4ftigen Kunden und das teure f\u00fcr den finanzkr\u00e4ftigen [&#8230;]\n","protected":false},"author":2,"featured_media":0,"parent":0,"menu_order":0,"comment_status":"closed","ping_status":"closed","template":"","meta":{"inline_featured_image":false,"footnotes":""},"class_list":["post-14708","page","type-page","status-publish","hentry"],"_links":{"self":[{"href":"https:\/\/ddoptics.shop\/pl\/wp-json\/wp\/v2\/pages\/14708","targetHints":{"allow":["GET"]}}],"collection":[{"href":"https:\/\/ddoptics.shop\/pl\/wp-json\/wp\/v2\/pages"}],"about":[{"href":"https:\/\/ddoptics.shop\/pl\/wp-json\/wp\/v2\/types\/page"}],"author":[{"embeddable":true,"href":"https:\/\/ddoptics.shop\/pl\/wp-json\/wp\/v2\/users\/2"}],"replies":[{"embeddable":true,"href":"https:\/\/ddoptics.shop\/pl\/wp-json\/wp\/v2\/comments?post=14708"}],"version-history":[{"count":2,"href":"https:\/\/ddoptics.shop\/pl\/wp-json\/wp\/v2\/pages\/14708\/revisions"}],"predecessor-version":[{"id":24814,"href":"https:\/\/ddoptics.shop\/pl\/wp-json\/wp\/v2\/pages\/14708\/revisions\/24814"}],"wp:attachment":[{"href":"https:\/\/ddoptics.shop\/pl\/wp-json\/wp\/v2\/media?parent=14708"}],"curies":[{"name":"wp","href":"https:\/\/api.w.org\/{rel}","templated":true}]}}