{"id":15087,"date":"2019-06-05T12:09:37","date_gmt":"2019-06-05T10:09:37","guid":{"rendered":"https:\/\/ddoptics.shop\/?page_id=15087"},"modified":"2019-06-06T11:18:59","modified_gmt":"2019-06-06T09:18:59","slug":"lornetka-lornetka-mysliwska-do-stalkingu-w-gorach","status":"publish","type":"page","link":"https:\/\/ddoptics.shop\/pl\/fernglas-fernglaeser-jagd-fuer-ansitz-pirsch-gebirge\/","title":{"rendered":"Fernglas bzw. Ferngl\u00e4ser f\u00fcr die Jagd &#8211; Ansitz, Pirsch, Gebirge"},"content":{"rendered":"<div class=\"page-title category-title\">\n<h1>Zalecenie: Idealna lornetka do polowa\u0144, zw\u0142aszcza z ukrycia, stalkingu i polowa\u0144 g\u00f3rskich<\/h1>\n<p>Podczas polowania lornetka musi by\u0107 bardzo wytrzyma\u0142a.<\/p>\n<p><strong>\u0141owcy i \u0142owczynie<\/strong> nale\u017c\u0105, obok ornitolog\u00f3w, do <strong>Najbardziej wymagaj\u0105cy klienci lornetek<\/strong>. Ze wzgl\u0119du na wiele r\u00f3\u017cnych wymaga\u0144 my\u015bliwskich, lornetki dla my\u015bliwych musz\u0105 by\u0107 przede wszystkim szczeg\u00f3lnie wytrzyma\u0142e.<\/p>\n<p>Obserwowane i <strong>Polowania odbywaj\u0105 si\u0119 zar\u00f3wno latem, jak i zim\u0105<\/strong>. Temperatury i warunki pogodowe mog\u0105 by\u0107 bardzo niekorzystne. Zimno, \u015bnieg, deszcz i mg\u0142a mog\u0105 wymaga\u0107 wiele od lornetki. Najwa\u017cniejsz\u0105 rzecz\u0105 jest posiadanie wysokiej jako\u015bci lornetki, kt\u00f3ra mo\u017ce dzia\u0142a\u0107 w ka\u017cdych warunkach \u015brodowiskowych.<\/p>\n<p>Bior\u0105c pod uwag\u0119 powy\u017csze rozwa\u017cania, w kr\u00f3tkim okresie czasu warto postawi\u0107 na jako\u015b\u0107 zamiast wybiera\u0107 lornetk\u0119 z segmentu tanich produkt\u00f3w.<\/p>\n<h2>Wyb\u00f3r odpowiedniej lornetki zale\u017cy od sposobu u\u017cytkowania przez my\u015bliwego<\/h2>\n<p>Je\u015bli jeste\u015b g\u0142\u00f3wnie na polowaniu, powiniene\u015b uda\u0107 si\u0119 do <strong>model z oko\u0142o 8-krotnym powi\u0119kszeniem<\/strong> greifen. Ein grosser Vorteil bei diesen Ferngl\u00e4sern ist generell das grosse Sehfeld. Ist man dagegen mehr im Ansitz, ist eine h\u00f6here Vergr\u00f6\u00dferung wie z.B. ratsam. <strong>Gute Ferngl\u00e4ser haben bei 10-fach Vergr\u00f6sserung auch ein grosses Sehfeld von ca. 115 m auf 1000 m<\/strong>. Wenn man im Gebirge auf die Jagd geht, dann ist 10-fach auch eine ideale Wahl. Erfahrungsgem\u00e4ss ist bei 10-fach ein Mindestobjektivdurchmesser von 42 mm empfehlenswert, da durch die gr\u00f6sseren Linsen die Bauweise grosser wird und das Gewicht des Fernglases steigt. Durch das h\u00f6here Gewicht wiederum steigt die <strong>Bezw\u0142adno\u015b\u0107 masy<\/strong> i unika si\u0119 \u201cdr\u017cenia\u201d lornetki (transmisja przez d\u0142o\u0144).<\/p>\n<h3><span style=\"color: #333333;\">Intensywno\u015b\u0107 \u015bwiat\u0142a - g\u0142\u00f3wny problem podczas polowania z zasiadki - zmierzch<\/span><\/h3>\n<p>Je\u015bli lornetka jest u\u017cywana g\u0142\u00f3wnie w <strong>D\u00e4mmerung oder im Morgengrauen<\/strong> einsetzen m\u00f6chte, sollte auf einen m\u00f6glichst hohen Objektivdurchmesser achten, damit auch bei schwachem Licht noch eine gute Sicht gew\u00e4hrleistet ist. Klassisch wird hier immer das 56 mm Objektiv mit 8-fach Vergr\u00f6sserung empfohlen. In den letzten Jahren haben sich aber die Glassorten derart zur Lichttransmission verbessert, dass auch <strong>Ekstremalne jasno\u015bci 7\u00d742 i 8\u00d742<\/strong> vorweisen k\u00f6nnen. Das alleinige Verlassen auf die rechnerische D\u00e4mmerungszahl ist nicht mehr zul\u00e4ssig.<\/p>\n<p>Warto wiedzie\u0107, \u017ce ekstremalna jasno\u015b\u0107 zwykle odbywa si\u0119 kosztem odwzorowania kolor\u00f3w. Dlatego te\u017c zazwyczaj trzeba tu p\u00f3j\u015b\u0107 na najwi\u0119kszy kompromis.<\/p>\n<blockquote><p>Jako my\u015bliwy musisz niestety p\u00f3j\u015b\u0107 na kompromis, je\u015bli chcesz mie\u0107 tylko jedn\u0105 par\u0119 lornetek<\/p><\/blockquote>\n<p>Jak pokazuj\u0105 r\u00f3\u017cne zastosowania w my\u015blistwie, je\u015bli chcesz kupi\u0107 tylko jedn\u0105 par\u0119 lornetek, zawsze b\u0119dziesz musia\u0142 p\u00f3j\u015b\u0107 na kompromis. Optymalny model dla ka\u017cdego rodzaju polowania jest zasadniczo inny i jest to r\u00f3wnie\u017c pow\u00f3d, dla kt\u00f3rego wielu my\u015bliwych cz\u0119sto posiada 2-3 pary lornetek.<\/p>\n<p>Zaleta z <strong>DDoptics polega na tym, \u017ce mo\u017cna kupi\u0107 co najmniej 2 lornetki w cenie jednej lornetki z wy\u017cszej p\u00f3\u0142ki cenowej.<\/strong> bez konieczno\u015bci p\u00f3j\u015bcia na kompromis.<\/p>\n<h3>Idealna kombinacja my\u015bliwska od DDoptics, na przyk\u0142ad<\/h3>\n<p><strong>8\u00d730 + 8\u00d756 lub 10\u00d756 lub jeden 8\u00d730 + 10\u00d742<\/strong><\/p>\n<\/div>\n<div class=\"category-description std\">\n<h3>Og\u00f3lne por\u00f3wnanie lornetek i ich przydatno\u015b\u0107 w zale\u017cno\u015bci od \u015brednicy obiektywu<\/h3>\n<table border=\"0\">\n<tbody>\n<tr>\n<td><strong>Nat\u0119\u017cenie \u015bwiat\u0142a<\/strong><\/td>\n<td><strong>Obiektyw<\/strong><\/td>\n<td><strong>Wykorzystanie<\/strong><\/td>\n<\/tr>\n<tr>\n<td>niski<\/td>\n<td>25 mm<\/td>\n<td>Lekka i ma\u0142a lornetka kieszonkowa Idealna do normalnych warunk\u00f3w o\u015bwietleniowych<\/td>\n<\/tr>\n<tr>\n<td>\u015bredni<\/td>\n<td>30 mm, 32 mm<\/td>\n<td>Ma\u0142a, uniwersalna lornetka idealna do wczesnego zmierzchu<\/td>\n<\/tr>\n<tr>\n<td>\u015bredni wy\u017cszy<\/td>\n<td>42 mm, 45 mm<\/td>\n<td>Uniwersalna lornetka idealna do (p\u00f3\u017anego) zmierzchu<\/td>\n<\/tr>\n<tr>\n<td>wysoki<\/td>\n<td>50mm, 56mm, 60mm<\/td>\n<td>Ci\u0119\u017csze okulary nocne do astronomii, do s\u0142abego o\u015bwietlenia, wieczorem i w nocy<\/td>\n<\/tr>\n<\/tbody>\n<\/table>\n<h3>Por\u00f3wnanie lornetek i ich przydatno\u015bci wed\u0142ug powi\u0119kszenia<\/h3>\n<table border=\"0\">\n<tbody>\n<tr>\n<td><strong>Powi\u0119kszenie<\/strong><\/td>\n<td><strong>\u015bredni<\/strong><\/td>\n<\/tr>\n<tr>\n<td>\u00a07x, 8x, 8.5x, 10x, 10.5x<\/td>\n<td>\u00a0Lornetka sportowa, do obserwacji przyrody, astronomii, podr\u00f3\u017cy, ornitologii, safari, obserwacji<br \/>\n<strong>Og\u00f3lny zakres wyboru:\u00a0<\/strong>Ma\u0142y i por\u0119czny przy niskim nat\u0119\u017ceniu \u015bwiat\u0142a lub wysokim nat\u0119\u017ceniu \u015bwiat\u0142a przy normalnym rozmiarze i wadze<\/td>\n<\/tr>\n<tr>\n<td><strong>Powi\u0119kszenie<\/strong><\/td>\n<td><strong>wysoki<\/strong><\/td>\n<\/tr>\n<tr>\n<td>\u00a012x, 15x<\/td>\n<td>\u00a0Lornetka do obserwacji ptak\u00f3w, przyrody, safari, bezpiecze\u0144stwa, nadzoru lub ochrony granic<\/td>\n<\/tr>\n<\/tbody>\n<\/table>\n<\/div>","protected":false},"excerpt":{"rendered":"<p>Empfehlung: Ideales Fernglas f\u00fcr die Jagd speziell Ansitz, Pirsch, Gebirge Auf der Jagd muss ein Fernglas vor allem eines, es muss sehr robust sein. J\u00e4ger und J\u00e4gerinnen geh\u00f6ren, neben den Ornithologen, zu den anspruchsvollsten Kunden f\u00fcr Ferngl\u00e4ser. Aufgrund der vielen unterschiedlichen, jagdlichen Anforderungen, m\u00fcssen Ferngl\u00e4ser f\u00fcr J\u00e4ger zuerst einmal ganz besonders robust gebaut sein. Beobachtet [&#8230;]\n","protected":false},"author":2,"featured_media":0,"parent":0,"menu_order":0,"comment_status":"closed","ping_status":"closed","template":"","meta":{"inline_featured_image":false,"footnotes":""},"class_list":["post-15087","page","type-page","status-publish","hentry"],"_links":{"self":[{"href":"https:\/\/ddoptics.shop\/pl\/wp-json\/wp\/v2\/pages\/15087","targetHints":{"allow":["GET"]}}],"collection":[{"href":"https:\/\/ddoptics.shop\/pl\/wp-json\/wp\/v2\/pages"}],"about":[{"href":"https:\/\/ddoptics.shop\/pl\/wp-json\/wp\/v2\/types\/page"}],"author":[{"embeddable":true,"href":"https:\/\/ddoptics.shop\/pl\/wp-json\/wp\/v2\/users\/2"}],"replies":[{"embeddable":true,"href":"https:\/\/ddoptics.shop\/pl\/wp-json\/wp\/v2\/comments?post=15087"}],"version-history":[{"count":0,"href":"https:\/\/ddoptics.shop\/pl\/wp-json\/wp\/v2\/pages\/15087\/revisions"}],"wp:attachment":[{"href":"https:\/\/ddoptics.shop\/pl\/wp-json\/wp\/v2\/media?parent=15087"}],"curies":[{"name":"wp","href":"https:\/\/api.w.org\/{rel}","templated":true}]}}