{"id":15093,"date":"2019-06-05T17:37:45","date_gmt":"2019-06-05T15:37:45","guid":{"rendered":"https:\/\/ddoptics.shop\/?page_id=15093"},"modified":"2019-06-06T10:58:50","modified_gmt":"2019-06-06T08:58:50","slug":"lornetka-lornetka-turystyka-rowerowa-wakacje-trekking","status":"publish","type":"page","link":"https:\/\/ddoptics.shop\/pl\/fernglas-fernglaeser-wandern-fuer-bike-urlaub-trekking\/","title":{"rendered":"Fernglas bzw. Ferngl\u00e4ser f\u00fcr Wandern &#8211; Wanderwege, Bike, Urlaub, Trekking, Outdoor"},"content":{"rendered":"<div class=\"page-title category-title\">\n<h1>Zalecenie: Idealna lornetka do pieszych w\u0119dr\u00f3wek, zw\u0142aszcza szlakami turystycznymi, jazdy na rowerze, wakacji, trekkingu, outdooru i podr\u00f3\u017cy<\/h1>\n<\/div>\n<div class=\"category-description std\">\n<div class=\"page-title category-title\">\n<p>Czy chcesz, aby Tw\u00f3j <strong>W\u0119dr\u00f3wki i podr\u00f3\u017ce z obserwacjami<\/strong> Dobra lornetka jest niezb\u0119dna w baga\u017cu. Kiedy <strong>W\u0119dr\u00f3wka to lornetka<\/strong> r\u00f3wnie\u017c pomocnik w znalezieniu drogi.<\/p>\n<p>Dlatego te\u017c <strong>Przydatna lornetka turystyczna<\/strong> by\u0107 ostry w rozdzielczo\u015bci optycznej, \u0142atwy w obs\u0142udze, kompaktowy, wytrzyma\u0142y, a przede wszystkim lekki - i niezbyt drogi.<\/p>\n<p>Cena lornetki odgrywa rol\u0119 w tej kategorii, poniewa\u017c <strong>W\u0119dr\u00f3wki (noclegi w schroniskach Klubu Alpejskiego itp. i podr\u00f3\u017ce)<\/strong> immer davon ausgehen sollte, dass ein kleines Fernglas schnell einmal verloren gehen kann aufgrund unterschiedlicher Gr\u00fcnde wie z.B. liegen lassen, <strong>Kradzie\u017c, upadek ze ska\u0142y<\/strong>, itp.<\/p>\n<h2>Wa\u017cne w przypadku lornetek turystycznych: Optyka o wysokiej rozdzielczo\u015bci i precyzji<\/h2>\n<p>Jeden <strong>Precyzyjny uk\u0142ad optyczny o wysokiej rozdzielczo\u015bci<\/strong> mit guten Sehfeld ist wichtig f\u00fcr ein optimalen<strong> Przyjemno\u015b\u0107 wizualna dzi\u0119ki lornetce<\/strong>. Mo\u017cesz ogl\u0105da\u0107 ostre jak brzytwa obrazy na bardzo du\u017cych odleg\u0142o\u015bciach. W <strong>Prismen und Glas-Linsen<\/strong> (widzia\u0142em nawet plastikowe soczewki) bardzo tanich lornetek z Chin nie s\u0105 wystarczaj\u0105ce do uzyskania ostrych jak brzytwa obraz\u00f3w na takich dystansach. Dobre lornetki maj\u0105 wysokiej jako\u015bci <strong>Pow\u0142oki obiektywu<\/strong> i s\u0105 precyzyjnie obliczone, aby osi\u0105gn\u0105\u0107 najlepsze wyniki obrazu w wielu sytuacjach. Wida\u0107 to r\u00f3wnie\u017c po tym, \u017ce oczy nie m\u0119cz\u0105 si\u0119 i nie ma zawrot\u00f3w g\u0142owy nawet przy d\u0142ugim patrzeniu.<\/p>\n<h3>Wydajno\u015b\u0107 o zmierzchu dla lornetek turystycznych i podr\u00f3\u017cnych<\/h3>\n<p>Poniewa\u017c lornetki do tego celu s\u0105 ma\u0142e,<strong> Lekki i niezbyt drogi<\/strong> sein sollen, spielt auch die D\u00e4mmerungsleistung keine grosse Rolle. Wenn man im Gebirge unterwegs ist, wird man immer darauf schauen, dass man zu einer vern\u00fcnftigen Abendzeit in der Unterkunft ankommt. Bei Tageslicht sind diese Ferngl\u00e4ser mehr als stark genug helle <strong>Obrazy z doskona\u0142ym odwzorowaniem kolor\u00f3w<\/strong> da\u0107.<\/p>\n<blockquote><p>Hier in teure Glassorten mit extremer Helligkeit zu investieren ist nicht Sinn der Sache.<\/p><\/blockquote>\n<h3>Solidna obudowa i wygodna obs\u0142uga<\/h3>\n<p>Opr\u00f3cz precyzyjnego <strong>Optyka to materia\u0142 obudowy<\/strong> wa\u017cne. Lornetka powinna by\u0107<strong> by\u0107 przyjemnym i stabilnym towarzyszem, kt\u00f3ry jest ledwo zauwa\u017calny pod wzgl\u0119dem wagi.<\/strong> macht. Einen Sto\u00df gegen einen Felsen, ein Sturz oder Wind und Wetter d\u00fcrfen kein Problem sein. Das muss es aushalten. Dazu geh\u00f6ren ergonomisch geformte Augenmuscheln sowie ein &#8220;Augenabstands-Regulier-Mechanismus&#8221; f\u00fcr die Benutzung mit Brille dazu.<\/p>\n<\/div>\n<div class=\"category-description std\">\n<h3>Por\u00f3wnanie lornetek i ich przydatno\u015b\u0107 w zale\u017cno\u015bci od \u015brednicy obiektywu<\/h3>\n<table border=\"0\">\n<tbody>\n<tr>\n<td><strong>Nat\u0119\u017cenie \u015bwiat\u0142a<\/strong><\/td>\n<td><strong>Obiektyw<\/strong><\/td>\n<td><strong>Wykorzystanie<\/strong><\/td>\n<\/tr>\n<tr>\n<td>niski<\/td>\n<td>25 mm<\/td>\n<td>Lekka i ma\u0142a lornetka kieszonkowa Idealna do normalnych warunk\u00f3w o\u015bwietleniowych<\/td>\n<\/tr>\n<tr>\n<td>\u015bredni<\/td>\n<td>30 mm, 32 mm<\/td>\n<td>Ma\u0142a, uniwersalna lornetka idealna do wczesnego zmierzchu<\/td>\n<\/tr>\n<tr>\n<td>\u015bredni wy\u017cszy<\/td>\n<td>42 mm, 45 mm<\/td>\n<td>Uniwersalna lornetka idealna do (p\u00f3\u017anego) zmierzchu<\/td>\n<\/tr>\n<tr>\n<td>wysoki<\/td>\n<td>50mm, 56mm, 60mm<\/td>\n<td>Ci\u0119\u017csze okulary nocne do astronomii, do s\u0142abego o\u015bwietlenia, wieczorem i w nocy<\/td>\n<\/tr>\n<\/tbody>\n<\/table>\n<h3>Por\u00f3wnanie lornetek i ich przydatno\u015bci wed\u0142ug powi\u0119kszenia<\/h3>\n<table border=\"0\">\n<tbody>\n<tr>\n<td><strong>Powi\u0119kszenie<\/strong><\/td>\n<td><strong>\u015bredni<\/strong><\/td>\n<\/tr>\n<tr>\n<td>\u00a07x, 8x, 8.5x, 10x, 10.5x<\/td>\n<td>\u00a0Lornetka sportowa, do obserwacji przyrody, astronomii, podr\u00f3\u017cy, ornitologii, safari, obserwacji<br \/>\n<strong>Og\u00f3lny zakres wyboru:\u00a0<\/strong>Ma\u0142y i por\u0119czny przy niskim nat\u0119\u017ceniu \u015bwiat\u0142a lub wysokim nat\u0119\u017ceniu \u015bwiat\u0142a przy normalnym rozmiarze i wadze<\/td>\n<\/tr>\n<tr>\n<td><strong>Powi\u0119kszenie<\/strong><\/td>\n<td><strong>wysoki<\/strong><\/td>\n<\/tr>\n<tr>\n<td>\u00a012x, 15x<\/td>\n<td>\u00a0Lornetka do obserwacji ptak\u00f3w, przyrody, safari, bezpiecze\u0144stwa, nadzoru lub ochrony granic<\/td>\n<\/tr>\n<\/tbody>\n<\/table>\n<\/div>\n<\/div>","protected":false},"excerpt":{"rendered":"<p>Empfehlung: Ideales Fernglas f\u00fcr das Wandern speziell Wanderwege, Bike,Urlaub, Trekking, Outdoor und Reisen Wollen Sie Ihre Wanderungen und Reisen mit Beobachtungen der Natur verbinden, geh\u00f6rt ein gutes Fernglas unbedingt mit ins Gep\u00e4ck. Beim Wandern ist ein Fernglas auch zudem ein Helfer zur Wegsuche. Deshalb sollte ein brauchbares Wanderfernglas scharf in der optischen Aufl\u00f6sung, leicht in [&#8230;]\n","protected":false},"author":2,"featured_media":0,"parent":0,"menu_order":0,"comment_status":"closed","ping_status":"closed","template":"","meta":{"inline_featured_image":false,"footnotes":""},"class_list":["post-15093","page","type-page","status-publish","hentry"],"_links":{"self":[{"href":"https:\/\/ddoptics.shop\/pl\/wp-json\/wp\/v2\/pages\/15093","targetHints":{"allow":["GET"]}}],"collection":[{"href":"https:\/\/ddoptics.shop\/pl\/wp-json\/wp\/v2\/pages"}],"about":[{"href":"https:\/\/ddoptics.shop\/pl\/wp-json\/wp\/v2\/types\/page"}],"author":[{"embeddable":true,"href":"https:\/\/ddoptics.shop\/pl\/wp-json\/wp\/v2\/users\/2"}],"replies":[{"embeddable":true,"href":"https:\/\/ddoptics.shop\/pl\/wp-json\/wp\/v2\/comments?post=15093"}],"version-history":[{"count":0,"href":"https:\/\/ddoptics.shop\/pl\/wp-json\/wp\/v2\/pages\/15093\/revisions"}],"wp:attachment":[{"href":"https:\/\/ddoptics.shop\/pl\/wp-json\/wp\/v2\/media?parent=15093"}],"curies":[{"name":"wp","href":"https:\/\/api.w.org\/{rel}","templated":true}]}}