{"id":15096,"date":"2019-06-06T09:58:55","date_gmt":"2019-06-06T07:58:55","guid":{"rendered":"https:\/\/ddoptics.shop\/?page_id=15096"},"modified":"2019-06-06T10:12:15","modified_gmt":"2019-06-06T08:12:15","slug":"lornetka-lornetka-ornitologia-identyfikacja-ptakow-gatunki-ptakow-ornitologia","status":"publish","type":"page","link":"https:\/\/ddoptics.shop\/pl\/fernglas-fernglaeser-ornithologie-vogelbestimmung-vogelarten-vogelkunde\/","title":{"rendered":"Fernglas bzw. Ferngl\u00e4ser f\u00fcr Ornithologie &#8211; Vogelbestimmung, Vogelarten, Heimische V\u00f6gel, Vogelkunde"},"content":{"rendered":"<div class=\"page-title category-title\">\n<h1>Zalecenie: Idealna lornetka do ornitologii - identyfikacji ptak\u00f3w, gatunk\u00f3w ptak\u00f3w, ptak\u00f3w rodzimych, ornitologii, a nawet obserwacji owad\u00f3w<\/h1>\n<\/div>\n<div class=\"category-description std\">\n<div class=\"category-description std\">\n<div class=\"page-title category-title\">\n<p>The <strong>Vogelbeobachtung ist eines der wichtigsten Anwendungsgebiete f\u00fcr Ferngl\u00e4ser.<\/strong> <strong>Ornitolodzy lub amatorzy obserwacji ptak\u00f3w<\/strong> lauern in die Natur und versuchen, h\u00fcbsche und vor allem seltene V\u00f6gel vor das Fernglas zu bekommen. Hat man dann erst einmal einen wundersch\u00f6nen Vogel mit seinen traumhaften Farben vor dem Objektiv m\u00fcssen 4 Eigenschaften stimmen:<\/p>\n<ol>\n<li>Rozdzielczo\u015b\u0107 lornetki - ostro\u015b\u0107 obrazu<\/li>\n<li>Odwzorowanie kolor\u00f3w - absolutnie wierne rzeczywisto\u015bci<\/li>\n<li>Jasno\u015b\u0107 skoordynowana z odwzorowaniem kolor\u00f3w<\/li>\n<li>Vern\u00fcnftige, angenehme Randsch\u00e4rfe &#8211; ein wenig Randsch\u00e4rfe entspricht der Natur des Auges<\/li>\n<li>m\u00f6glichst gro\u00dfes Sehfeld um das ganze Bild r\u00e4umlich zu erleben<\/li>\n<\/ol>\n<h2>Specjalne wymagania ornitolog\u00f3w dotycz\u0105ce identyfikacji i obserwacji ptak\u00f3w<\/h2>\n<p>Wymagane s\u0105 r\u00f3wnie\u017c nast\u0119puj\u0105ce elementy:<\/p>\n<p><strong>Por\u0119czno\u015b\u0107 lornetki<\/strong><\/p>\n<p>Na <strong>\u201cPolowanie na zdj\u0119cia\u201d ptak\u00f3w<\/strong> Bardzo wa\u017cne jest, aby lornetka by\u0142a szybko dost\u0119pna i nie by\u0142a niepor\u0119czna. Najlepiej, je\u015bli mo\u017cna j\u0105 \u0142atwo chwyci\u0107 jedn\u0105 r\u0119k\u0105.<\/p>\n<p>Sytuacja wygl\u0105da inaczej, je\u015bli<strong> Lornetka z gwintem na statywie<\/strong> i prowadzi ci\u0105g\u0142e obserwacje. Wtedy waga 1,6 kg, na przyk\u0142ad, nie ma znaczenia. Dla wszystkich obserwacji z wolnej r\u0119ki zalecamy maksymaln\u0105 wag\u0119 900 gram\u00f3w.<\/p>\n<p><strong>Elastyczno\u015b\u0107 i skok ogniskowania pokr\u0119t\u0142a regulacji<\/strong><\/p>\n<p>Z<strong> Obserwacja ptak\u00f3w<\/strong> trzeba cz\u0119sto przesuwa\u0107 w prz\u00f3d i w ty\u0142. Ptaki s\u0105 prawie zawsze w ruchu. Musisz <strong>Nast\u0119pnie cz\u0119sto zmieniaj ostro\u015b\u0107 obrazu<\/strong>, poniewa\u017c odleg\u0142o\u015b\u0107 r\u00f3wnie\u017c cz\u0119sto si\u0119 zmienia. W przypadku lornetek wa\u017cne jest zatem, aby regulacja ostro\u015bci by\u0142a zawsze bardzo precyzyjna, a przede wszystkim pozbawiona luz\u00f3w. Bardzo wa\u017cne jest r\u00f3wnie\u017c, aby pokr\u0119t\u0142o regulacji ostro\u015bci nie musia\u0142o by\u0107 obracane zbyt d\u0142ugo, aby uzyska\u0107 ostro\u015b\u0107 \u201cszybkiego obrazu\u201d. Najlepiej sprawdzi\u0107 to bezpo\u015brednio na lornetce. Wa\u017cne jest, aby<strong> \u201cPr\u0119dko\u015b\u0107 ogniskowania obrot\u00f3w\u201d<\/strong> jest dopasowany do oporu obrotowego.<\/p>\n<p>Powi\u0119kszenie ma bezpo\u015bredni wp\u0142yw na <strong>Ustawianie ostro\u015bci lornetki<\/strong> od: Lornetka z <strong>Powi\u0119kszenie 7x<\/strong> wymagaj\u0105 rzadszego ustawiania ostro\u015bci ni\u017c lornetki 12x.<\/p>\n<h3>Jako\u015b\u0107 obrazu lornetki do obserwacji ptak\u00f3w<\/h3>\n<blockquote><p>Najwa\u017cniejsz\u0105 rzecz\u0105 w obserwacji ptak\u00f3w jest ostro\u015b\u0107 obrazu po\u0142\u0105czona z odwzorowaniem kolor\u00f3w!<\/p><\/blockquote>\n<p>Tylko je\u015bli <strong>Kolory pi\u00f3r<\/strong> so erkennen kann, wie sie wirklich sind macht es Spa\u00df. Hochwertigste Verg\u00fctungen von Prismen und Linsen sind unumg\u00e4nglich. Bei Dachkantgl\u00e4sern bedeutet das, dass die Prismen \u00fcber eine <strong>R\u00f3\u017cnorodno\u015b\u0107 warstw dielektrycznych<\/strong> verf\u00fcgen m\u00fcssen. Einzig Ferngl\u00e4ser mit Porro Prismen k\u00f6nnen darauf verzichten &#8211; das kleine Sehfeld h\u00e4lt aber viele davon ob, so ein Fernglas f\u00fcr die Vogelbeobachtung zu verwenden.<\/p>\n<h3>Polecane lornetki do obserwacji ptak\u00f3w<\/h3>\n<p>Wir empfehlen f\u00fcr die Vogelbeobachtung mind. eine 10-fach Vergr\u00f6sserung und ein 42 mm Objektiv.<\/p>\n<\/div>\n<div class=\"category-description std\">\n<h3>Og\u00f3lne por\u00f3wnanie lornetek i ich przydatno\u015b\u0107 w zale\u017cno\u015bci od \u015brednicy obiektywu<\/h3>\n<table border=\"0\">\n<tbody>\n<tr>\n<td><strong>Nat\u0119\u017cenie \u015bwiat\u0142a<\/strong><\/td>\n<td><strong>Obiektyw<\/strong><\/td>\n<td><strong>Wykorzystanie<\/strong><\/td>\n<\/tr>\n<tr>\n<td>niski<\/td>\n<td>25 mm<\/td>\n<td>Lekka i ma\u0142a lornetka kieszonkowa Idealna do normalnych warunk\u00f3w o\u015bwietleniowych<\/td>\n<\/tr>\n<tr>\n<td>\u015bredni<\/td>\n<td>30 mm, 32 mm<\/td>\n<td>Ma\u0142a, uniwersalna lornetka idealna do wczesnego zmierzchu<\/td>\n<\/tr>\n<tr>\n<td>\u015bredni wy\u017cszy<\/td>\n<td>42 mm, 45 mm<\/td>\n<td>Uniwersalna lornetka idealna do (p\u00f3\u017anego) zmierzchu<\/td>\n<\/tr>\n<tr>\n<td>wysoki<\/td>\n<td>50mm, 56mm, 60mm<\/td>\n<td>Ci\u0119\u017csze okulary nocne do astronomii, do s\u0142abego o\u015bwietlenia, wieczorem i w nocy<\/td>\n<\/tr>\n<\/tbody>\n<\/table>\n<h3>Por\u00f3wnanie lornetek i ich przydatno\u015bci wed\u0142ug powi\u0119kszenia<\/h3>\n<table border=\"0\">\n<tbody>\n<tr>\n<td><strong>Powi\u0119kszenie<\/strong><\/td>\n<td><strong>\u015bredni<\/strong><\/td>\n<\/tr>\n<tr>\n<td>\u00a07x, 8x, 8.5x, 10x, 10.5x<\/td>\n<td>\u00a0Lornetka sportowa, do obserwacji przyrody, astronomii, podr\u00f3\u017cy, ornitologii, safari, obserwacji<br \/>\n<strong>Og\u00f3lny zakres wyboru:\u00a0<\/strong>Ma\u0142y i por\u0119czny przy niskim nat\u0119\u017ceniu \u015bwiat\u0142a lub wysokim nat\u0119\u017ceniu \u015bwiat\u0142a przy normalnym rozmiarze i wadze<\/td>\n<\/tr>\n<tr>\n<td><strong>Powi\u0119kszenie<\/strong><\/td>\n<td><strong>wysoki<\/strong><\/td>\n<\/tr>\n<tr>\n<td>\u00a012x, 15x<\/td>\n<td>\u00a0Lornetka do obserwacji ptak\u00f3w, przyrody, safari, bezpiecze\u0144stwa, nadzoru lub ochrony granic<\/td>\n<\/tr>\n<\/tbody>\n<\/table>\n<\/div>\n<\/div>\n<\/div>","protected":false},"excerpt":{"rendered":"<p>Empfehlung: Ideales Fernglas f\u00fcr Ornithologie &#8211; Vogelbestimmung, Vogelarten, Heimische V\u00f6gel, Vogelkunde sogar Insektenbeobachtung Die Vogelbeobachtung ist eines der wichtigsten Anwendungsgebiete f\u00fcr Ferngl\u00e4ser. Ornithologen oder Hobby-Vogelbeobachter lauern in die Natur und versuchen, h\u00fcbsche und vor allem seltene V\u00f6gel vor das Fernglas zu bekommen. Hat man dann erst einmal einen wundersch\u00f6nen Vogel mit seinen traumhaften Farben vor [&#8230;]\n","protected":false},"author":2,"featured_media":0,"parent":0,"menu_order":0,"comment_status":"closed","ping_status":"closed","template":"","meta":{"inline_featured_image":false,"footnotes":""},"class_list":["post-15096","page","type-page","status-publish","hentry"],"_links":{"self":[{"href":"https:\/\/ddoptics.shop\/pl\/wp-json\/wp\/v2\/pages\/15096","targetHints":{"allow":["GET"]}}],"collection":[{"href":"https:\/\/ddoptics.shop\/pl\/wp-json\/wp\/v2\/pages"}],"about":[{"href":"https:\/\/ddoptics.shop\/pl\/wp-json\/wp\/v2\/types\/page"}],"author":[{"embeddable":true,"href":"https:\/\/ddoptics.shop\/pl\/wp-json\/wp\/v2\/users\/2"}],"replies":[{"embeddable":true,"href":"https:\/\/ddoptics.shop\/pl\/wp-json\/wp\/v2\/comments?post=15096"}],"version-history":[{"count":0,"href":"https:\/\/ddoptics.shop\/pl\/wp-json\/wp\/v2\/pages\/15096\/revisions"}],"wp:attachment":[{"href":"https:\/\/ddoptics.shop\/pl\/wp-json\/wp\/v2\/media?parent=15096"}],"curies":[{"name":"wp","href":"https:\/\/api.w.org\/{rel}","templated":true}]}}