{"id":22712,"date":"2020-05-27T00:46:55","date_gmt":"2020-05-26T22:46:55","guid":{"rendered":"https:\/\/ddoptics.shop\/?page_id=22712"},"modified":"2025-11-04T19:22:14","modified_gmt":"2025-11-04T18:22:14","slug":"termin-techniczny-optyka-lornetka-luneta-celownik-wiki","status":"publish","type":"page","link":"https:\/\/ddoptics.shop\/pl\/fachwort-optik-fernglas-zielfernrohr-spektiv-wiki\/","title":{"rendered":"Terminy z zakresu optyki dotycz\u0105ce lornetek, lunet celowniczych i lunet wyja\u015bnione \u201ew pigu\u0142ce\u201c"},"content":{"rendered":"<div class=\"img has-hover hide-for-small x md-x lg-x y md-y lg-y\" id=\"image_1324506320\">\n\t\t\t\t\t\t\t\t<div class=\"img-inner dark\" >\n\t\t\t<img decoding=\"async\" width=\"750\" height=\"150\" src=\"https:\/\/ddoptics.shop\/wp-content\/uploads\/2020\/05\/DDoptics-Wiki-Lexikon.jpg\" class=\"attachment-original size-original\" alt=\"\" srcset=\"https:\/\/ddoptics.shop\/wp-content\/uploads\/2020\/05\/DDoptics-Wiki-Lexikon.jpg 750w, https:\/\/ddoptics.shop\/wp-content\/uploads\/2020\/05\/DDoptics-Wiki-Lexikon-304x61.jpg 304w, https:\/\/ddoptics.shop\/wp-content\/uploads\/2020\/05\/DDoptics-Wiki-Lexikon-305x61.jpg 305w, https:\/\/ddoptics.shop\/wp-content\/uploads\/2020\/05\/DDoptics-Wiki-Lexikon-632x126.jpg 632w, https:\/\/ddoptics.shop\/wp-content\/uploads\/2020\/05\/DDoptics-Wiki-Lexikon-510x102.jpg 510w, https:\/\/ddoptics.shop\/wp-content\/uploads\/2020\/05\/DDoptics-Wiki-Lexikon-250x50.jpg 250w\" sizes=\"(max-width: 750px) 100vw, 750px\" title=\"\">\t\t\t\t\t\t\n\t\t\t\t\t<\/div>\n\t\t\t\t\t\t\t\t\n<style>\n#image_1324506320 {\n  width: 100%;\n}\n<\/style>\n\t<\/div>\n\t\r\n\t<div id=\"gap-124928006\" class=\"gap-element clearfix\" style=\"display:block; height:auto;\">\n\t\t\n<style>\n#gap-124928006 {\n  padding-top: 30px;\n}\n<\/style>\n\t<\/div>\n\t\r\n<p>Wybierz \u017c\u0105dany termin techniczny z pola literowego po prawej stronie. Poni\u017cej znajduje si\u0119 fragment aktualnie przechowywanych termin\u00f3w technicznych. Staramy si\u0119 wyja\u015bnia\u0107 to wiki na przyk\u0142adach z naszej praktyki. Stale dodajemy r\u00f3wnie\u017c nowe terminy techniczne do wiki. Dzi\u0119kujemy za wszelkie informacje, je\u015bli nadal brakuje jakiego\u015b terminu technicznego.<\/p>\r\n<div class=\"glossary-term-bar\"><span class=\"glossary-link-initial-item\"><a href=\"#glossary-a\">a<\/a><\/span><span class=\"glossary-link-initial-item\"><a href=\"#glossary-b\">b<\/a><\/span><span class=\"glossary-link-initial-item\"><a href=\"#glossary-d\">d<\/a><\/span><span class=\"glossary-link-initial-item\"><a href=\"#glossary-e\">e<\/a><\/span><span class=\"glossary-link-initial-item\"><a href=\"#glossary-f\">f<\/a><\/span><span class=\"glossary-link-initial-item\"><a href=\"#glossary-g\">g<\/a><\/span><span class=\"glossary-link-initial-item\"><a href=\"#glossary-i\">i<\/a><\/span><span class=\"glossary-link-initial-item\"><a href=\"#glossary-j\">j<\/a><\/span><span class=\"glossary-link-initial-item\"><a href=\"#glossary-l\">l<\/a><\/span><span class=\"glossary-link-initial-item\"><a href=\"#glossary-m\">m<\/a><\/span><span class=\"glossary-link-initial-item\"><a href=\"#glossary-o\">o<\/a><\/span><span class=\"glossary-link-initial-item\"><a href=\"#glossary-p\">p<\/a><\/span><span class=\"glossary-link-initial-item\"><a href=\"#glossary-r\">r<\/a><\/span><span class=\"glossary-link-initial-item\"><a href=\"#glossary-s\">s<\/a><\/span><span class=\"glossary-link-initial-item\"><a href=\"#glossary-v\">v<\/a><\/span><span class=\"glossary-link-initial-item\"><a href=\"#glossary-w\">w<\/a><\/span><span class=\"glossary-link-initial-item\"><a href=\"#glossary-z\">z<\/a><\/span><\/div><div class=\"gt-search-bar\" data-scroll=\"scroll\"><input type=\"text\" class=\"gt-search\" name=\"gt-search\" aria-label=\"Wyszukiwanie\" placeholder=\"Wyszukiwanie\" value=\"\" autocomplete=\"off\" data-no-translation-aria-label=\"\" data-no-translation-placeholder=\"\"><button class=\"gt-next\">\u2193<\/button><button class=\"gt-prev\">\u2191<\/button><\/div><div class=\"glossary-term-list\"><div class=\"glossary-block glossary-block-a\"><span class=\"glossary-letter\" id=\"glossary-a\">a<\/span><ul><li><span class=\"glossary-link-item\" itemscope itemtype=\"https:\/\/schema.org\/DefinedTerm\"><a itemprop=\"inDefinedTermSet\" href=\"https:\/\/ddoptics.shop\/pl\/termin-techniczny\/soczewki-asferyczne\/\"><span itemprop=\"name\">Soczewki asferyczne dla optyki<\/span><\/a><\/span><\/li><li><span class=\"glossary-link-item\" itemscope itemtype=\"https:\/\/schema.org\/DefinedTerm\"><a itemprop=\"inDefinedTermSet\" href=\"https:\/\/ddoptics.shop\/pl\/termin-techniczny\/ulga-dla-oczu-z-lornetka\/\"><span itemprop=\"name\">Ulga dla oczu dla lornetek<\/span><\/a><\/span><\/li><li><span class=\"glossary-link-item\" itemscope itemtype=\"https:\/\/schema.org\/DefinedTerm\"><a itemprop=\"inDefinedTermSet\" href=\"https:\/\/ddoptics.shop\/pl\/termin-techniczny\/obliczyc-zrenice-wyjsciowa-lornetki\/\"><span itemprop=\"name\">Obliczenie i wyja\u015bnienie \u017arenicy wyj\u015bciowej lornetki<\/span><\/a><\/span><\/li><\/ul><\/div><div class=\"glossary-block glossary-block-b\"><span class=\"glossary-letter\" id=\"glossary-b\">b<\/span><ul><li><span class=\"glossary-link-item\" itemscope itemtype=\"https:\/\/schema.org\/DefinedTerm\"><a itemprop=\"inDefinedTermSet\" href=\"https:\/\/ddoptics.shop\/pl\/termin-techniczny\/obliczanie-minuty-katowej-lub-moa-dla-lunet-celowniczych\/\"><span itemprop=\"name\">Obliczanie minuty k\u0105towej lub MOA dla lunet celowniczych<\/span><\/a><\/span><\/li><li><span class=\"glossary-link-item\" itemscope itemtype=\"https:\/\/schema.org\/DefinedTerm\"><a itemprop=\"inDefinedTermSet\" href=\"https:\/\/ddoptics.shop\/pl\/termin-techniczny\/rozwiazania-optyczne\/\"><span itemprop=\"name\">Pow\u0142oki i pow\u0142oki dla optyki - pow\u0142oka lub pow\u0142oka wielowarstwowa<\/span><\/a><\/span><\/li><li><span class=\"glossary-link-item\" itemscope itemtype=\"https:\/\/schema.org\/DefinedTerm\"><a itemprop=\"inDefinedTermSet\" href=\"https:\/\/ddoptics.shop\/pl\/termin-techniczny\/krzywizna-pola-soczewek-splaszczajacych\/\"><span itemprop=\"name\">Zakrzywienie pola obrazu - soczewki sp\u0142aszczaj\u0105ce dla optyki<\/span><\/a><\/span><\/li><\/ul><\/div><div class=\"glossary-block glossary-block-d\"><span class=\"glossary-letter\" id=\"glossary-d\">d<\/span><ul><li><span class=\"glossary-link-item\" itemscope itemtype=\"https:\/\/schema.org\/DefinedTerm\"><a itemprop=\"inDefinedTermSet\" href=\"https:\/\/ddoptics.shop\/pl\/termin-techniczny\/pryzmat-dachowy\/\"><span itemprop=\"name\">Pryzmat dachowy<\/span><\/a><\/span><\/li><li><span class=\"glossary-link-item\" itemscope itemtype=\"https:\/\/schema.org\/DefinedTerm\"><a itemprop=\"inDefinedTermSet\" href=\"https:\/\/ddoptics.shop\/pl\/termin-techniczny\/lornetka-ocena-zmierzchowa-ocena-zmierzchowa\/\"><span itemprop=\"name\">Wsp\u00f3\u0142czynnik zmierzchu i wydajno\u015b\u0107 lornetki w warunkach zmierzchu<\/span><\/a><\/span><\/li><li><span class=\"glossary-link-item\" itemscope itemtype=\"https:\/\/schema.org\/DefinedTerm\"><a itemprop=\"inDefinedTermSet\" href=\"https:\/\/ddoptics.shop\/pl\/termin-techniczny\/siatka-pierwsza-plaszczyzna-obrazu\/\"><span itemprop=\"name\">Siatka w pierwszej p\u0142aszczy\u017anie ogniskowej lunety celowniczej<\/span><\/a><\/span><\/li><li><span class=\"glossary-link-item\" itemscope itemtype=\"https:\/\/schema.org\/DefinedTerm\"><a itemprop=\"inDefinedTermSet\" href=\"https:\/\/ddoptics.shop\/pl\/termin-techniczny\/siatka-druga-plaszczyzna-obrazu\/\"><span itemprop=\"name\">Siatka w drugiej p\u0142aszczy\u017anie obrazu lunety celowniczej<\/span><\/a><\/span><\/li><li><span class=\"glossary-link-item\" itemscope itemtype=\"https:\/\/schema.org\/DefinedTerm\"><a itemprop=\"inDefinedTermSet\" href=\"https:\/\/ddoptics.shop\/pl\/termin-techniczny\/celownik-teleskopowy-z-podswietlana-kropka-2\/\"><span itemprop=\"name\">\u015awiat\u0142owodowa luneta celownicza DDoptics z pod\u015bwietlan\u0105 kropk\u0105 II<\/span><\/a><\/span><\/li><li><span class=\"glossary-link-item\" itemscope itemtype=\"https:\/\/schema.org\/DefinedTerm\"><a itemprop=\"inDefinedTermSet\" href=\"https:\/\/ddoptics.shop\/pl\/termin-techniczny\/lornetka-z-korekcja-dioptrii\/\"><span itemprop=\"name\">Korekcja dioptrii dla os\u00f3b nosz\u0105cych okulary przez lornetk\u0119<\/span><\/a><\/span><\/li><\/ul><\/div><div class=\"glossary-block glossary-block-e\"><span class=\"glossary-letter\" id=\"glossary-e\">e<\/span><ul><li><span class=\"glossary-link-item\" itemscope itemtype=\"https:\/\/schema.org\/DefinedTerm\"><a itemprop=\"inDefinedTermSet\" href=\"https:\/\/ddoptics.shop\/pl\/termin-techniczny\/czerwone-szklo\/\"><span itemprop=\"name\">Szk\u0142o ED - szk\u0142o o bardzo niskiej dyspersji do lornetek<\/span><\/a><\/span><\/li><\/ul><\/div><div class=\"glossary-block glossary-block-f\"><span class=\"glossary-letter\" id=\"glossary-f\">f<\/span><ul><li><span class=\"glossary-link-item\" itemscope itemtype=\"https:\/\/schema.org\/DefinedTerm\"><a itemprop=\"inDefinedTermSet\" href=\"https:\/\/ddoptics.shop\/pl\/termin-techniczny\/lornetka-do-obserwacji-ptakow-2\/\"><span itemprop=\"name\">Lornetka do obserwacji ptak\u00f3w<\/span><\/a><\/span><\/li><li><span class=\"glossary-link-item\" itemscope itemtype=\"https:\/\/schema.org\/DefinedTerm\"><a itemprop=\"inDefinedTermSet\" href=\"https:\/\/ddoptics.shop\/pl\/termin-techniczny\/lornetka-wodoszczelna-wodoszczelna-cisnieniowa\/\"><span itemprop=\"name\">Lornetka wodoodporna lub wodoszczelna<\/span><\/a><\/span><\/li><li><span class=\"glossary-link-item\" itemscope itemtype=\"https:\/\/schema.org\/DefinedTerm\"><a itemprop=\"inDefinedTermSet\" href=\"https:\/\/ddoptics.shop\/pl\/termin-techniczny\/konstrukcja-lornetki-i-pryzmaty\/\"><span itemprop=\"name\">Lornetka - budowa i pryzmaty<\/span><\/a><\/span><\/li><li><span class=\"glossary-link-item\" itemscope itemtype=\"https:\/\/schema.org\/DefinedTerm\"><a itemprop=\"inDefinedTermSet\" href=\"https:\/\/ddoptics.shop\/pl\/termin-techniczny\/chowane-muszle-oczne\/\"><span itemprop=\"name\">Lornetka z wysuwanymi muszlami ocznymi idealna dla os\u00f3b nosz\u0105cych okulary<\/span><\/a><\/span><\/li><li><span class=\"glossary-link-item\" itemscope itemtype=\"https:\/\/schema.org\/DefinedTerm\"><a itemprop=\"inDefinedTermSet\" href=\"https:\/\/ddoptics.shop\/pl\/termin-techniczny\/swiatlo-w-oku-2\/\"><span itemprop=\"name\">Funkcja oka - adaptacja do \u015bwiat\u0142a i ciemno\u015bci<\/span><\/a><\/span><\/li><\/ul><\/div><div class=\"glossary-block glossary-block-g\"><span class=\"glossary-letter\" id=\"glossary-g\">g<\/span><ul><li><span class=\"glossary-link-item\" itemscope itemtype=\"https:\/\/schema.org\/DefinedTerm\"><a itemprop=\"inDefinedTermSet\" href=\"https:\/\/ddoptics.shop\/pl\/termin-techniczny\/gumowy-pancerz-do-lornetek\/\"><span itemprop=\"name\">Gumowy pancerz do lornetki<\/span><\/a><\/span><\/li><\/ul><\/div><div class=\"glossary-block glossary-block-i\"><span class=\"glossary-letter\" id=\"glossary-i\">i<\/span><ul><li><span class=\"glossary-link-item\" itemscope itemtype=\"https:\/\/schema.org\/DefinedTerm\"><a itemprop=\"inDefinedTermSet\" href=\"https:\/\/ddoptics.shop\/pl\/termin-techniczny\/inteligentny-punkt-swietlny-ddoptics-ifiber\/\"><span itemprop=\"name\">Pod\u015bwietlana kropka Intelligent DDoptics IFiber Control<\/span><\/a><\/span><\/li><\/ul><\/div><div class=\"glossary-block glossary-block-j\"><span class=\"glossary-letter\" id=\"glossary-j\">j<\/span><ul><li><span class=\"glossary-link-item\" itemscope itemtype=\"https:\/\/schema.org\/DefinedTerm\"><a itemprop=\"inDefinedTermSet\" href=\"https:\/\/ddoptics.shop\/pl\/termin-techniczny\/dostosowanie\/\"><span itemprop=\"name\">Regulacja<\/span><\/a><\/span><\/li><\/ul><\/div><div class=\"glossary-block glossary-block-l\"><span class=\"glossary-letter\" id=\"glossary-l\">l<\/span><ul><li><span class=\"glossary-link-item\" itemscope itemtype=\"https:\/\/schema.org\/DefinedTerm\"><a itemprop=\"inDefinedTermSet\" href=\"https:\/\/ddoptics.shop\/pl\/termin-techniczny\/przezroczystosc-optyki-przepuszczajacej-swiatlo\/\"><span itemprop=\"name\">Przepuszczalno\u015b\u0107 \u015bwiat\u0142a, przepuszczalno\u015b\u0107 \u015bwiat\u0142a dla urz\u0105dze\u0144 optycznych<\/span><\/a><\/span><\/li><li><span class=\"glossary-link-item\" itemscope itemtype=\"https:\/\/schema.org\/DefinedTerm\"><a itemprop=\"inDefinedTermSet\" href=\"https:\/\/ddoptics.shop\/pl\/termin-techniczny\/ukrycie-do-polowania-o-swicie-i-w-nocy-2\/\"><span itemprop=\"name\">Okulary o wysokiej jasno\u015bci do siedzenia o zmierzchu lub w nocy<\/span><\/a><\/span><\/li><\/ul><\/div><div class=\"glossary-block glossary-block-m\"><span class=\"glossary-letter\" id=\"glossary-m\">m<\/span><ul><li><span class=\"glossary-link-item\" itemscope itemtype=\"https:\/\/schema.org\/DefinedTerm\"><a itemprop=\"inDefinedTermSet\" href=\"https:\/\/ddoptics.shop\/pl\/termin-techniczny\/mini-lornetka\/\"><span itemprop=\"name\">Mini lornetki - lornetki kieszonkowe<\/span><\/a><\/span><\/li><\/ul><\/div><div class=\"glossary-block glossary-block-o\"><span class=\"glossary-letter\" id=\"glossary-o\">o<\/span><ul><li><span class=\"glossary-link-item\" itemscope itemtype=\"https:\/\/schema.org\/DefinedTerm\"><a itemprop=\"inDefinedTermSet\" href=\"https:\/\/ddoptics.shop\/pl\/termin-techniczny\/cel-2\/\"><span itemprop=\"name\">Obiektyw<\/span><\/a><\/span><\/li><li><span class=\"glossary-link-item\" itemscope itemtype=\"https:\/\/schema.org\/DefinedTerm\"><a itemprop=\"inDefinedTermSet\" href=\"https:\/\/ddoptics.shop\/pl\/termin-techniczny\/srednica-obiektywu-lornetki-celownik-teleskopowy\/\"><span itemprop=\"name\">\u015arednica obiektywu dla lornetek i lunet celowniczych<\/span><\/a><\/span><\/li><li><span class=\"glossary-link-item\" itemscope itemtype=\"https:\/\/schema.org\/DefinedTerm\"><a itemprop=\"inDefinedTermSet\" href=\"https:\/\/ddoptics.shop\/pl\/termin-techniczny\/oczny-2\/\"><span itemprop=\"name\">Okular do lornetki i lunety celowniczej<\/span><\/a><\/span><\/li><li><span class=\"glossary-link-item\" itemscope itemtype=\"https:\/\/schema.org\/DefinedTerm\"><a itemprop=\"inDefinedTermSet\" href=\"https:\/\/ddoptics.shop\/pl\/termin-techniczny\/rodzaje-szkla-dla-optyki-2\/\"><span itemprop=\"name\">Optyka Rodzaje szk\u0142a do urz\u0105dze\u0144 optycznych<\/span><\/a><\/span><\/li><li><span class=\"glossary-link-item\" itemscope itemtype=\"https:\/\/schema.org\/DefinedTerm\"><a itemprop=\"inDefinedTermSet\" href=\"https:\/\/ddoptics.shop\/pl\/termin-techniczny\/ulepszenie-optyki-2\/\"><span itemprop=\"name\">Powi\u0119kszenie optyki<\/span><\/a><\/span><\/li><li><span class=\"glossary-link-item\" itemscope itemtype=\"https:\/\/schema.org\/DefinedTerm\"><a itemprop=\"inDefinedTermSet\" href=\"https:\/\/ddoptics.shop\/pl\/termin-techniczny\/powloka-optyczna-2\/\"><span itemprop=\"name\">Pow\u0142oki optyczne oraz pow\u0142oki soczewek i pryzmat\u00f3w<\/span><\/a><\/span><\/li><\/ul><\/div><div class=\"glossary-block glossary-block-p\"><span class=\"glossary-letter\" id=\"glossary-p\">p<\/span><ul><li><span class=\"glossary-link-item\" itemscope itemtype=\"https:\/\/schema.org\/DefinedTerm\"><a itemprop=\"inDefinedTermSet\" href=\"https:\/\/ddoptics.shop\/pl\/termin-techniczny\/celownik-teleskopowy-z-paralaksa-i-kompensacja-paralaksy\/\"><span itemprop=\"name\">B\u0142\u0105d paralaksy i kompensacja paralaksy - luneta celownicza<\/span><\/a><\/span><\/li><li><span class=\"glossary-link-item\" itemscope itemtype=\"https:\/\/schema.org\/DefinedTerm\"><a itemprop=\"inDefinedTermSet\" href=\"https:\/\/ddoptics.shop\/pl\/termin-techniczny\/pryzmat-porro\/\"><span itemprop=\"name\">Pryzmat Porro<\/span><\/a><\/span><\/li><li><span class=\"glossary-link-item\" itemscope itemtype=\"https:\/\/schema.org\/DefinedTerm\"><a itemprop=\"inDefinedTermSet\" href=\"https:\/\/ddoptics.shop\/pl\/termin-techniczny\/typy-pryzmatow-tele\/\"><span itemprop=\"name\">Pryzmaty - r\u00f3\u017cne rodzaje w lornetkach<\/span><\/a><\/span><\/li><li><span class=\"glossary-link-item\" itemscope itemtype=\"https:\/\/schema.org\/DefinedTerm\"><a itemprop=\"inDefinedTermSet\" href=\"https:\/\/ddoptics.shop\/pl\/termin-techniczny\/porownanie-pryzmatu-dachowego-porro\/\"><span itemprop=\"name\">Por\u00f3wnanie pryzmat\u00f3w Porro i dachowych<\/span><\/a><\/span><\/li><\/ul><\/div><div class=\"glossary-block glossary-block-r\"><span class=\"glossary-letter\" id=\"glossary-r\">r<\/span><ul><li><span class=\"glossary-link-item\" itemscope itemtype=\"https:\/\/schema.org\/DefinedTerm\"><a itemprop=\"inDefinedTermSet\" href=\"https:\/\/ddoptics.shop\/pl\/termin-techniczny\/ostrosc-krawedzi-dla-lornetek\/\"><span itemprop=\"name\">Ostro\u015b\u0107 kraw\u0119dzi dla lornetek<\/span><\/a><\/span><\/li><li><span class=\"glossary-link-item\" itemscope itemtype=\"https:\/\/schema.org\/DefinedTerm\"><a itemprop=\"inDefinedTermSet\" href=\"https:\/\/ddoptics.shop\/pl\/termin-techniczny\/ochrona-rnp-raindefender-nano\/\"><span itemprop=\"name\">RNP - Raindefender Nano Protection<\/span><\/a><\/span><\/li><\/ul><\/div><div class=\"glossary-block glossary-block-s\"><span class=\"glossary-letter\" id=\"glossary-s\">s<\/span><ul><li><span class=\"glossary-link-item\" itemscope itemtype=\"https:\/\/schema.org\/DefinedTerm\"><a itemprop=\"inDefinedTermSet\" href=\"https:\/\/ddoptics.shop\/pl\/termin-techniczny\/kuloodporna-luneta-celownicza\/\"><span itemprop=\"name\">Odporno\u015b\u0107 na strza\u0142 dla lunet celowniczych<\/span><\/a><\/span><\/li><li><span class=\"glossary-link-item\" itemscope itemtype=\"https:\/\/schema.org\/DefinedTerm\"><a itemprop=\"inDefinedTermSet\" href=\"https:\/\/ddoptics.shop\/pl\/termin-techniczny\/pole-widzenia-dla-lornetek-i-lunet-celowniczych\/\"><span itemprop=\"name\">Pole widzenia i k\u0105t widzenia dla optyki, takiej jak lornetki i lunety.<\/span><\/a><\/span><\/li><li><span class=\"glossary-link-item\" itemscope itemtype=\"https:\/\/schema.org\/DefinedTerm\"><a itemprop=\"inDefinedTermSet\" href=\"https:\/\/ddoptics.shop\/pl\/termin-techniczny\/lornetka-wypelniona-azotem\/\"><span itemprop=\"name\">Nape\u0142nianie lornetki azotem<\/span><\/a><\/span><\/li><\/ul><\/div><div class=\"glossary-block glossary-block-v\"><span class=\"glossary-letter\" id=\"glossary-v\">v<\/span><ul><li><span class=\"glossary-link-item\" itemscope itemtype=\"https:\/\/schema.org\/DefinedTerm\"><a itemprop=\"inDefinedTermSet\" href=\"https:\/\/ddoptics.shop\/pl\/termin-techniczny\/lornetki-dla-osob-noszacych-okulary\/\"><span itemprop=\"name\">Korzystanie z lornetki przez osoby nosz\u0105ce okulary<\/span><\/a><\/span><\/li><\/ul><\/div><div class=\"glossary-block glossary-block-w\"><span class=\"glossary-letter\" id=\"glossary-w\">w<\/span><ul><li><span class=\"glossary-link-item\" itemscope itemtype=\"https:\/\/schema.org\/DefinedTerm\"><a itemprop=\"inDefinedTermSet\" href=\"https:\/\/ddoptics.shop\/pl\/termin-techniczny\/porady-dotyczace-lunet-celowniczych-z-podswietlana-kropka\/\"><span itemprop=\"name\">Na co nale\u017cy zwr\u00f3ci\u0107 uwag\u0119 w pod\u015bwietlanej kropce celownika optycznego<\/span><\/a><\/span><\/li><\/ul><\/div><div class=\"glossary-block glossary-block-z\"><span class=\"glossary-letter\" id=\"glossary-z\">z<\/span><ul><li><span class=\"glossary-link-item\" itemscope itemtype=\"https:\/\/schema.org\/DefinedTerm\"><a itemprop=\"inDefinedTermSet\" href=\"https:\/\/ddoptics.shop\/pl\/termin-techniczny\/siatka-dla-lunet-celowniczych\/\"><span itemprop=\"name\">Celownik lunety i pod\u015bwietlany celownik dla optyki celowniczej<\/span><\/a><\/span><\/li><li><span class=\"glossary-link-item\" itemscope itemtype=\"https:\/\/schema.org\/DefinedTerm\"><a itemprop=\"inDefinedTermSet\" href=\"https:\/\/ddoptics.shop\/pl\/termin-techniczny\/mocowania-lunet\/\"><span itemprop=\"name\">Mocowania lunet celowniczych<\/span><\/a><\/span><\/li><\/ul><\/div><\/div>","protected":false},"excerpt":{"rendered":"<p>Wybierz \u017c\u0105dany termin techniczny z pola literowego po prawej stronie. Poni\u017cej znajduje si\u0119 fragment aktualnie przechowywanych termin\u00f3w technicznych. Staramy si\u0119 wyja\u015bnia\u0107 to wiki na przyk\u0142adach z naszej praktyki. Stale dodajemy r\u00f3wnie\u017c nowe terminy techniczne do wiki. Dzi\u0119kujemy za wszelkie informacje, je\u015bli nadal brakuje jakiego\u015b terminu technicznego.<\/p>","protected":false},"author":3,"featured_media":22994,"parent":0,"menu_order":0,"comment_status":"closed","ping_status":"closed","template":"page-right-sidebar.php","meta":{"inline_featured_image":false,"footnotes":""},"class_list":["post-22712","page","type-page","status-publish","has-post-thumbnail","hentry"],"_links":{"self":[{"href":"https:\/\/ddoptics.shop\/pl\/wp-json\/wp\/v2\/pages\/22712","targetHints":{"allow":["GET"]}}],"collection":[{"href":"https:\/\/ddoptics.shop\/pl\/wp-json\/wp\/v2\/pages"}],"about":[{"href":"https:\/\/ddoptics.shop\/pl\/wp-json\/wp\/v2\/types\/page"}],"author":[{"embeddable":true,"href":"https:\/\/ddoptics.shop\/pl\/wp-json\/wp\/v2\/users\/3"}],"replies":[{"embeddable":true,"href":"https:\/\/ddoptics.shop\/pl\/wp-json\/wp\/v2\/comments?post=22712"}],"version-history":[{"count":11,"href":"https:\/\/ddoptics.shop\/pl\/wp-json\/wp\/v2\/pages\/22712\/revisions"}],"predecessor-version":[{"id":29400,"href":"https:\/\/ddoptics.shop\/pl\/wp-json\/wp\/v2\/pages\/22712\/revisions\/29400"}],"wp:featuredmedia":[{"embeddable":true,"href":"https:\/\/ddoptics.shop\/pl\/wp-json\/wp\/v2\/media\/22994"}],"wp:attachment":[{"href":"https:\/\/ddoptics.shop\/pl\/wp-json\/wp\/v2\/media?parent=22712"}],"curies":[{"name":"wp","href":"https:\/\/api.w.org\/{rel}","templated":true}]}}