{"id":23456,"date":"2021-01-26T23:47:00","date_gmt":"2021-01-26T22:47:00","guid":{"rendered":"https:\/\/ddoptics.shop\/?page_id=23456"},"modified":"2021-03-26T13:14:23","modified_gmt":"2021-03-26T12:14:23","slug":"kokpit-ochrony-danych","status":"publish","type":"page","link":"https:\/\/ddoptics.shop\/pl\/datenschutz-cockpit\/","title":{"rendered":"KOKPIT OCHRONY DANYCH"},"content":{"rendered":"<div class=\"wordpress-gdpr-privacy-center\"><div class=\"wordpress-gdpr-privacy-center-items\"><a href=\"https:\/\/ddoptics.shop\/pl\/datenschutz-cockpit\/datenschutzbeauftragter\/\" class=\"wordpress-gdpr-privacy-center-item\"><div class=\"wordpress-gdpr-privacy-center-item-contactDPO\"><i class=\"fas fa-user-circle\"><\/i><h2 class=\"wordpress-gdpr-privacy-center-item-headline\">Skontaktuj si\u0119 z DPO<\/h2><p class=\"wordpress-gdpr-privacy-center-item-desc\">Skontaktuj si\u0119 z naszym inspektorem ochrony danych.<\/p><div class=\"wordpress-gdpr-privacy-center-item-action\">Wi\u0119cej<\/div><\/div><\/a><a href=\"https:\/\/ddoptics.shop\/pl\/datenschutz-cockpit\/datenschutz\/\" class=\"wordpress-gdpr-privacy-center-item\"><div class=\"wordpress-gdpr-privacy-center-item-cookiePolicy\"><i class=\"fas  fa-list-alt\"><\/i><h2 class=\"wordpress-gdpr-privacy-center-item-headline\">Ciasteczko Polityki<\/h2><p class=\"wordpress-gdpr-privacy-center-item-desc\">Przeczytaj o naszej Polityce Cookie<\/p><div class=\"wordpress-gdpr-privacy-center-item-action\">Wi\u0119cej<\/div><\/div><\/a><a href=\"https:\/\/ddoptics.shop\/pl\/datenschutz-cockpit\/datenberichtigung\/\" class=\"wordpress-gdpr-privacy-center-item wordpress-gdpr-privacy-center-item-last\"><div class=\"wordpress-gdpr-privacy-center-item-dataRectification\"><i class=\"fas fa-pencil-alt\"><\/i><h2 class=\"wordpress-gdpr-privacy-center-item-headline\">Sprostowanie danych<\/h2><p class=\"wordpress-gdpr-privacy-center-item-desc\">Skontaktuj si\u0119 z nami, aby poprosi\u0107 o zmian\u0119 danych.<\/p><div class=\"wordpress-gdpr-privacy-center-item-action\">Wi\u0119cej<\/div><\/div><\/a><a href=\"https:\/\/ddoptics.shop\/pl\/datenschutz-cockpit\/recht-auf-vergessen\/\" class=\"wordpress-gdpr-privacy-center-item\"><div class=\"wordpress-gdpr-privacy-center-item-forgetMe\"><i class=\"fas fa-eraser\"><\/i><h2 class=\"wordpress-gdpr-privacy-center-item-headline\">Zapomnij o mnie<\/h2><p class=\"wordpress-gdpr-privacy-center-item-desc\">Prze\u015blij \u017c\u0105danie usuni\u0119cia prywatnych danych.<\/p><div class=\"wordpress-gdpr-privacy-center-item-action\">Wi\u0119cej<\/div><\/div><\/a><a href=\"https:\/\/ddoptics.shop\/pl\/impressum\/\" class=\"wordpress-gdpr-privacy-center-item\"><div class=\"wordpress-gdpr-privacy-center-item-imprint\"><i class=\"fas fa-file-alt\"><\/i><h2 class=\"wordpress-gdpr-privacy-center-item-headline\">Odcisk<\/h2><p class=\"wordpress-gdpr-privacy-center-item-desc\">Dowiedz si\u0119 wi\u0119cej o naszej w\u0142asno\u015bci i autorstwie.<\/p><div class=\"wordpress-gdpr-privacy-center-item-action\">Wi\u0119cej<\/div><\/div><\/a><a href=\"https:\/\/ddoptics.shop\/pl\/datenschutz-cockpit\/datenarchiv-anfrage\/\" class=\"wordpress-gdpr-privacy-center-item wordpress-gdpr-privacy-center-item-last\"><div class=\"wordpress-gdpr-privacy-center-item-requestData\"><i class=\"fas fa-database\"><\/i><h2 class=\"wordpress-gdpr-privacy-center-item-headline\">\u017b\u0105daj danych<\/h2><p class=\"wordpress-gdpr-privacy-center-item-desc\">Prze\u015blij \u017c\u0105danie uzyskania kopii wszystkich przechowywanych danych.<\/p><div class=\"wordpress-gdpr-privacy-center-item-action\">Wi\u0119cej<\/div><\/div><\/a><a href=\"https:\/\/ddoptics.shop\/pl\/datenschutz-cockpit\/datenschutz\/\" class=\"wordpress-gdpr-privacy-center-item\"><div class=\"wordpress-gdpr-privacy-center-item-privacyPolicy\"><i class=\"fas fa-file-alt\"><\/i><h2 class=\"wordpress-gdpr-privacy-center-item-headline\">Polityka prywatno\u015bci<\/h2><p class=\"wordpress-gdpr-privacy-center-item-desc\">Przeczytaj o naszej Polityce prywatno\u015bci.<\/p><div class=\"wordpress-gdpr-privacy-center-item-action\">Wi\u0119cej<\/div><\/div><\/a><a href=\"#\" class=\"wordpress-gdpr-privacy-center-item wordpress-gdpr-open-privacy-settings-modal\"><div class=\"wordpress-gdpr-privacy-center-item-privacySettings\"><i class=\"fas fa-user-secret\"><\/i><h2 class=\"wordpress-gdpr-privacy-center-item-headline\">Ustawienie prywatno\u015bci<\/h2><p class=\"wordpress-gdpr-privacy-center-item-desc\">Skonfiguruj swoje ustawienia prywatno\u015bci.<\/p><div class=\"wordpress-gdpr-privacy-center-item-action\">Wi\u0119cej<\/div><\/div><\/a><a href=\"https:\/\/ddoptics.shop\/pl\/agb\/\" class=\"wordpress-gdpr-privacy-center-item wordpress-gdpr-privacy-center-item-last\"><div class=\"wordpress-gdpr-privacy-center-item-termsConditions\"><i class=\"fas fa-align-left\"><\/i><h2 class=\"wordpress-gdpr-privacy-center-item-headline\">Regulamin<\/h2><p class=\"wordpress-gdpr-privacy-center-item-desc\">Zapoznaj si\u0119 z regulaminem naszej strony<\/p><div class=\"wordpress-gdpr-privacy-center-item-action\">Wi\u0119cej<\/div><\/div><\/a><\/div><\/div>","protected":false},"excerpt":{"rendered":"","protected":false},"author":3,"featured_media":0,"parent":0,"menu_order":0,"comment_status":"closed","ping_status":"closed","template":"","meta":{"inline_featured_image":false,"footnotes":""},"class_list":["post-23456","page","type-page","status-publish","hentry"],"_links":{"self":[{"href":"https:\/\/ddoptics.shop\/pl\/wp-json\/wp\/v2\/pages\/23456","targetHints":{"allow":["GET"]}}],"collection":[{"href":"https:\/\/ddoptics.shop\/pl\/wp-json\/wp\/v2\/pages"}],"about":[{"href":"https:\/\/ddoptics.shop\/pl\/wp-json\/wp\/v2\/types\/page"}],"author":[{"embeddable":true,"href":"https:\/\/ddoptics.shop\/pl\/wp-json\/wp\/v2\/users\/3"}],"replies":[{"embeddable":true,"href":"https:\/\/ddoptics.shop\/pl\/wp-json\/wp\/v2\/comments?post=23456"}],"version-history":[{"count":1,"href":"https:\/\/ddoptics.shop\/pl\/wp-json\/wp\/v2\/pages\/23456\/revisions"}],"predecessor-version":[{"id":23457,"href":"https:\/\/ddoptics.shop\/pl\/wp-json\/wp\/v2\/pages\/23456\/revisions\/23457"}],"wp:attachment":[{"href":"https:\/\/ddoptics.shop\/pl\/wp-json\/wp\/v2\/media?parent=23456"}],"curies":[{"name":"wp","href":"https:\/\/api.w.org\/{rel}","templated":true}]}}