{"id":23460,"date":"2021-01-26T23:49:35","date_gmt":"2021-01-26T22:49:35","guid":{"rendered":"https:\/\/ddoptics.shop\/?page_id=23460"},"modified":"2021-01-26T23:49:35","modified_gmt":"2021-01-26T22:49:35","slug":"sprostowanie-danych-2","status":"publish","type":"page","link":"https:\/\/ddoptics.shop\/pl\/datenschutz-cockpit\/datenberichtigung\/","title":{"rendered":"Datenberichtigung"},"content":{"rendered":"<a class=\"wordpress-gdpr-back-link\" href=\"https:\/\/ddoptics.shop\/pl\/datenschutz-cockpit\/\">&larr; Wr\u00f3\u0107 do Centrum prywatno\u015bci<\/a><form action=\"\/pl\/wp-json\/wp\/v2\/pages\/23460\" class=\"wordpress-gdpr-form wordpress-gdpr-form-data-rectification\" method=\"post\" data-trp-original-action=\"\/pl\/wp-json\/wp\/v2\/pages\/23460\"><input type=\"hidden\" name=\"wordpress_gdpr_form_type\" value=\"data-rectification\"><div class=\"form-group\"><label for=\"gdpr_firstname\">Twoje nawisko<\/label><input class=\"form-control\" type=\"text\" name=\"gdpr_firstname\" value=\"\" required \/><\/div><div class=\"form-group\"><label for=\"gdpr_lastname\">Twoje nazwisko (*)<\/label><input class=\"form-control\" type=\"text\" name=\"gdpr_lastname\" value=\"\" required \/><\/div><div class=\"form-group\"><label for=\"gdpr_email\">Tw\u00f3j e-mail<\/label><input class=\"form-control\" type=\"email\" name=\"gdpr_email\" value=\"\" required \/><\/div><div class=\"form-group\"><label for=\"gdpr_message\">Twoja wiadomo\u015b\u0107<\/label><textarea class=\"form-control\" name=\"gdpr_message\" required \/><\/textarea><\/div><div class=\"form-group\"><label for=\"gdpr_terms\"><input id=\"gdpr_terms\" class=\"form-control\" type=\"checkbox\" name=\"gdpr_terms\" value=\"1\" required \/><span class=\"gdpr-accept-conditiones-text\">Zgadzam si\u0119 z polityk\u0105 prywatno\u015bci i zgadzam si\u0119, \u017ce moje dane b\u0119d\u0105 przechowywane w zwi\u0105zku z tym \u017c\u0105daniem RODO.<\/span><\/label><\/div><input type=\"submit\" name=\"gdpr_submitted\" value=\"Wy\u015blij\"\/><input type=\"hidden\" name=\"trp-form-language\" value=\"pl\"\/><\/form>","protected":false},"excerpt":{"rendered":"","protected":false},"author":3,"featured_media":0,"parent":23456,"menu_order":0,"comment_status":"closed","ping_status":"closed","template":"","meta":{"inline_featured_image":false,"footnotes":""},"class_list":["post-23460","page","type-page","status-publish","hentry"],"_links":{"self":[{"href":"https:\/\/ddoptics.shop\/pl\/wp-json\/wp\/v2\/pages\/23460","targetHints":{"allow":["GET"]}}],"collection":[{"href":"https:\/\/ddoptics.shop\/pl\/wp-json\/wp\/v2\/pages"}],"about":[{"href":"https:\/\/ddoptics.shop\/pl\/wp-json\/wp\/v2\/types\/page"}],"author":[{"embeddable":true,"href":"https:\/\/ddoptics.shop\/pl\/wp-json\/wp\/v2\/users\/3"}],"replies":[{"embeddable":true,"href":"https:\/\/ddoptics.shop\/pl\/wp-json\/wp\/v2\/comments?post=23460"}],"version-history":[{"count":1,"href":"https:\/\/ddoptics.shop\/pl\/wp-json\/wp\/v2\/pages\/23460\/revisions"}],"predecessor-version":[{"id":23463,"href":"https:\/\/ddoptics.shop\/pl\/wp-json\/wp\/v2\/pages\/23460\/revisions\/23463"}],"up":[{"embeddable":true,"href":"https:\/\/ddoptics.shop\/pl\/wp-json\/wp\/v2\/pages\/23456"}],"wp:attachment":[{"href":"https:\/\/ddoptics.shop\/pl\/wp-json\/wp\/v2\/media?parent=23460"}],"curies":[{"name":"wp","href":"https:\/\/api.w.org\/{rel}","templated":true}]}}