{"id":2501,"date":"2012-11-07T17:23:30","date_gmt":"2012-11-07T16:23:30","guid":{"rendered":"http:\/\/www.optik-sport-shop.at\/?page_id=2501"},"modified":"2026-04-13T20:48:19","modified_gmt":"2026-04-13T18:48:19","slug":"metoda-platnosci-zakup-na-konto","status":"publish","type":"page","link":"https:\/\/ddoptics.shop\/pl\/zahlungsart-kauf-auf-rechnung\/","title":{"rendered":"Metoda p\u0142atno\u015bci zakup na konto"},"content":{"rendered":"<h1><span style=\"color: #0000ff;\"><a title=\"Do regulaminu sklepu Optik Sport Shop\" href=\"https:\/\/ddoptics.shop\/pl\/agb\/\" target=\"_blank\" rel=\"noopener\"><span style=\"color: #0000ff;\">GTC<\/span><\/a><\/span> Punkt 2.1: Aktualna metoda p\u0142atno\u015bci - zakup na rachunek bez ryzyka (<span style=\"color: #0000ff;\">= Przetestuj produkt do wy\u015bwietlenia<\/span>)<\/h1>\n<p>Dla klient\u00f3w w<strong>\u00a0w Austrii i Niemczech<\/strong> Optik Sport Shop oferuje mo\u017cliwo\u015b\u0107 zap\u0142aty za zam\u00f3wione produkty za pomoc\u0105 metody p\u0142atno\u015bci <strong>\u201eZakup na konto bez ryzyka\u201c<\/strong> zap\u0142aci\u0107. Daje to mo\u017cliwo\u015b\u0107 przetestowania produktu.<\/p>\n<p><strong><span style=\"color: #0000ff;\">Dlaczego:<\/span> <\/strong>Wiele z naszych <strong>Klienci preferuj\u0105 t\u0119 metod\u0119 p\u0142atno\u015bci<\/strong>, poniewa\u017c produkt jest po prostu zwracany, je\u015bli nie odpowiada klientowi (rodzaj <strong>Zam\u00f3wienie do obejrzenia<\/strong>).<\/p>\n<p>Dzi\u0119ki tej formie przetwarzania p\u0142atno\u015bci <strong>wsp\u00f3\u0142pracuje z Optik Sport Shop<\/strong> w razie potrzeby z <strong>zewn\u0119trzny partner serwisowy Klarna<\/strong>. W tym celu przekazujemy dane u\u017cytkownika naszemu partnerowi serwisowemu w celu pobrania faktury. Zakup na otwarte konto odbywa si\u0119 wy\u0142\u0105cznie pod warunkiem pozytywnego potwierdzenia przez partnera serwisowego w odniesieniu do tego klienta.<\/p>\n<p>Je\u015bli zaanga\u017cowanie klienta ze strony partnera nie odpowiada, w\u00f3wczas <strong>Sklep sportowy z optyk\u0105<\/strong> upowa\u017cniony do korzystania z <strong>Odrzu\u0107 zam\u00f3wienie<\/strong> <strong>lub inne metody p\u0142atno\u015bci lub jako przedp\u0142ata<\/strong> do zaoferowania.<\/p>\n<h2>2.2 Autoryzowane u\u017cycie optyki DDoptics do zakupu na konto<\/h2>\n<p>Bezp\u0142atne i <strong>Niewi\u0105\u017c\u0105ce korzystanie z produkt\u00f3w DDoptics<\/strong> i upowa\u017cniony do ich kontroli. Po zakupie towar\u00f3w przez <strong>Po uiszczeniu ceny zakupu prawo w\u0142asno\u015bci zostaje przeniesione na u\u017cytkownika.<\/strong> nad. Nast\u0119pnie nale\u017cy je w ca\u0142o\u015bci wykorzysta\u0107 na <strong>Wykorzystanie towar\u00f3w<\/strong> upowa\u017cniony. W przypadku <strong>przeznaczenie towar\u00f3w<\/strong>, Je\u015bli towary uleg\u0142y pogorszeniu, nie musisz p\u0142aci\u0107 odszkodowania ani op\u0142aty za u\u017cytkowanie.<\/p>","protected":false},"excerpt":{"rendered":"<p>AGB Punkt 2.1: Aktuelle Zahlungsmodalit\u00e4t &#8211; Risikofreier Kauf auf Rechnung (=Produkt zur Ansicht testen) F\u00fcr Kunden in\u00a0in \u00d6sterreich und in Deutschland bietet Optik Sport Shop die M\u00f6glichkeit, bestellte Produkte mittels der Zahlungsart \u201eKauf auf Rechnung ohne Risiko\u201c zu bezahlen. Damit haben Sie die M\u00f6glichkeit, das Produkt zur Ansicht zu testen. Warum: Viele unserer Kunden bevorzugen [&#8230;]\n","protected":false},"author":2,"featured_media":0,"parent":0,"menu_order":0,"comment_status":"closed","ping_status":"open","template":"","meta":{"inline_featured_image":false,"footnotes":""},"class_list":["post-2501","page","type-page","status-publish","hentry"],"_links":{"self":[{"href":"https:\/\/ddoptics.shop\/pl\/wp-json\/wp\/v2\/pages\/2501","targetHints":{"allow":["GET"]}}],"collection":[{"href":"https:\/\/ddoptics.shop\/pl\/wp-json\/wp\/v2\/pages"}],"about":[{"href":"https:\/\/ddoptics.shop\/pl\/wp-json\/wp\/v2\/types\/page"}],"author":[{"embeddable":true,"href":"https:\/\/ddoptics.shop\/pl\/wp-json\/wp\/v2\/users\/2"}],"replies":[{"embeddable":true,"href":"https:\/\/ddoptics.shop\/pl\/wp-json\/wp\/v2\/comments?post=2501"}],"version-history":[{"count":0,"href":"https:\/\/ddoptics.shop\/pl\/wp-json\/wp\/v2\/pages\/2501\/revisions"}],"wp:attachment":[{"href":"https:\/\/ddoptics.shop\/pl\/wp-json\/wp\/v2\/media?parent=2501"}],"curies":[{"name":"wp","href":"https:\/\/api.w.org\/{rel}","templated":true}]}}