{"id":29084,"date":"2025-10-03T10:30:51","date_gmt":"2025-10-03T08:30:51","guid":{"rendered":"https:\/\/ddoptics.shop\/?page_id=29084"},"modified":"2025-10-03T10:37:39","modified_gmt":"2025-10-03T08:37:39","slug":"lunety-celownicze-wedlug-przydatnosci","status":"publish","type":"page","link":"https:\/\/ddoptics.shop\/pl\/zielfernrohre-nach-eignung\/","title":{"rendered":"Lunety celownicze wed\u0142ug przydatno\u015bci"},"content":{"rendered":"<div class=\"page-title category-title\">\n<h1>Lunety celownicze wed\u0142ug przydatno\u015bci<\/h1>\n<\/div>\n<div class=\"category-description std\">\n<p><strong>Jak znale\u017a\u0107 optymaln\u0105 lunet\u0119 celownicz\u0105 do swojego zastosowania dzi\u0119ki naszemu systemowi wyboru i por\u00f3wnywania przydatno\u015bci!<\/strong><\/p>\n<p>Porady : Tutaj otrzymasz najwa\u017cniejsze wskaz\u00f3wki, kt\u00f3re zapewni\u0105 optymalne spe\u0142nienie Twoich oczekiwa\u0144 przy wyborze docelowej optyki.<\/p>\n<p><strong>Wysokiej jako\u015bci i dok\u0142adne lunety celownicze to doskona\u0142a optyka o najnowszej konstrukcji!<\/strong><\/p>\n<p>Dzi\u0119ki zmiennemu zakresowi powi\u0119kszenia oferuj\u0105 szeroki zakres zastosowa\u0144 w zawodach i do wszystkich rodzaj\u00f3w polowa\u0144 w r\u00f3\u017cnych warunkach o\u015bwietleniowych.<br \/>\nNiezale\u017cnie od zastosowania i r\u00f3\u017cnych warunk\u00f3w o\u015bwietleniowych i klimatycznych - musisz by\u0107 w stanie polega\u0107 na jako\u015bci swojej lunety celowniczej przez ca\u0142y czas.<\/p>\n<p>My\u015bliwi i strzelcy stawiaj\u0105 najwy\u017csze wymagania dotycz\u0105ce wydajno\u015bci celownika optycznego - tylko wtedy najlepsza bro\u0144 zapewni optymaln\u0105 og\u00f3ln\u0105 wydajno\u015b\u0107.<br \/>\nEs gibt Zielfernrohre mit konstanter und variabler Vergr\u00f6\u00dferung. Zieloptiken mit variabler Verg\u00f6sserungen erm\u00f6glichen eine Einstellung entsprechend dem Verwendungszweck. Bei weitem Schuss z.B. 10x, beim Schuss auf fl\u00fcchtiges Wild nur 2,5-facher Vergr\u00f6sserung. Wichtiger Bestandteil eines Zielfernrohres ist das Absehen (Fadenkreuz). Das Leuchtabsehen mit dem Glasfaser Leuchtpunkt II ist extrem klar.<\/p>\n<p>Dank der von DDoptics entwickelten Glasfasertechnik \u00fcberstrahlt oder reflektiert der Leuchtpunkt in keiner Situation. Bei starker Dimmung wird der Leuchtpunkt nicht nur dunkler, sondern auch feiner.<br \/>\nEine qualitativ hochwertige Montage sorgt f\u00fcr konstanten, optimalen Sitz auf dem Gewehr \u2013 auch nach wiederholtem Abnehmen. Bekannte Montagen sind, Schwenkmontagen, Aufschubmontagen oder Einhakmontagen wie die bei DDoptics erh\u00e4ltliche Ziegler Einhakmontage.<\/p>\n<table border=\"0\">\n<tbody>\n<tr>\n<td><strong>Rodzaj polowania<\/strong><\/td>\n<td><strong>Wykorzystanie<\/strong><\/td>\n<td><strong>Wyb\u00f3r docelowego uk\u0142adu optycznego<\/strong><\/td>\n<\/tr>\n<tr>\n<td>Wszechstronny<\/td>\n<td>Variable Vergr\u00f6\u00dferungen und Objektivdurchmesser im mittleren<br \/>\ns\u0105 lekkie do stalkingu i oferuj\u0105 rezerwy<br \/>\nin der D\u00e4mmerung.<\/td>\n<td>1,5-6\u00d742<br \/>\n2,5-10\u00d750<br \/>\n2,5-15\u00d750<br \/>\n2,5-10\u00d756<\/td>\n<\/tr>\n<tr>\n<td>Siedzenie<\/td>\n<td>Rozmiar Powi\u0119kszenia i \u015brednice obiektyw\u00f3w skutkuj\u0105<br \/>\ngute D\u00e4mmerungsleistung \u2013 ein Leuchtabsehen ist vorteilhaft<\/td>\n<td>2,5-10\u00d750<br \/>\n2,5-10\u00d756<br \/>\n5-30\u00d750<br \/>\n2,5-15\u00d750<\/td>\n<\/tr>\n<tr>\n<td>Stalk<\/td>\n<td>Niskie powi\u0119kszenia lub ma\u0142e \u015brednice obiektyw\u00f3w to<br \/>\npreferowane ze wzgl\u0119du na ich wag\u0119 lub dlatego, \u017ce s\u0105 w przewa\u017caj\u0105cej mierze<br \/>\nmog\u0105 by\u0107 u\u017cywane w \u015bwietle dziennym.<\/td>\n<td>1,5-6\u00d742<br \/>\n1-4\u00d724<\/td>\n<\/tr>\n<tr>\n<td>Polowanie w g\u00f3rach<\/td>\n<td>\u015arednie zmienne powi\u0119kszenia i \u015brednie \u015brednice obiektyw\u00f3w,<br \/>\nw celu dostosowania si\u0119 do r\u00f3\u017cnych odleg\u0142o\u015bci.<br \/>\ni nie nosi\u0107 zbyt du\u017cego ci\u0119\u017caru.<\/td>\n<td>5-30\u00d750<br \/>\n2,5-15\u00d750<\/td>\n<\/tr>\n<tr>\n<td>Pchanie i<\/p>\n<p>Wielka gra<\/td>\n<td>Niskie powi\u0119kszenia lub ma\u0142e \u015brednice obiektyw\u00f3w to<br \/>\nze wzgl\u0119du na ich wag\u0119 i wi\u0119ksze pole widzenia.<br \/>\nponiewa\u017c s\u0105 one r\u00f3wnie\u017c u\u017cywane g\u0142\u00f3wnie w \u015bwietle dziennym.<\/td>\n<td>1,5-6\u00d742<br \/>\n1-4\u00d724<\/td>\n<\/tr>\n<\/tbody>\n<\/table>\n<\/div>","protected":false},"excerpt":{"rendered":"<p>Zielfernrohre nach Eignung Wie Sie mit unserer Eignungsauswahl und dem Vergleichssystem das f\u00fcr Ihren Gebrauch optimale Zielfernrohr finden! Beratung : Hier erhalten Sie die wichtigsten Tipps, damit bei der Auswahl Ihrer Zieloptik auch Ihre Erwartungen optimal erf\u00fcllt werden. Hochqualitatve und genaue Zielfernrohre stellen hervorragende Optiken modernster Bauart dar! Sie bieten mit ihrem variablen Vergr\u00f6\u00dferungsbereich vielf\u00e4ltige [&#8230;]\n","protected":false},"author":2,"featured_media":0,"parent":0,"menu_order":0,"comment_status":"closed","ping_status":"closed","template":"page-blank-title-center.php","meta":{"inline_featured_image":false,"footnotes":""},"class_list":["post-29084","page","type-page","status-publish","hentry"],"_links":{"self":[{"href":"https:\/\/ddoptics.shop\/pl\/wp-json\/wp\/v2\/pages\/29084","targetHints":{"allow":["GET"]}}],"collection":[{"href":"https:\/\/ddoptics.shop\/pl\/wp-json\/wp\/v2\/pages"}],"about":[{"href":"https:\/\/ddoptics.shop\/pl\/wp-json\/wp\/v2\/types\/page"}],"author":[{"embeddable":true,"href":"https:\/\/ddoptics.shop\/pl\/wp-json\/wp\/v2\/users\/2"}],"replies":[{"embeddable":true,"href":"https:\/\/ddoptics.shop\/pl\/wp-json\/wp\/v2\/comments?post=29084"}],"version-history":[{"count":4,"href":"https:\/\/ddoptics.shop\/pl\/wp-json\/wp\/v2\/pages\/29084\/revisions"}],"predecessor-version":[{"id":29088,"href":"https:\/\/ddoptics.shop\/pl\/wp-json\/wp\/v2\/pages\/29084\/revisions\/29088"}],"wp:attachment":[{"href":"https:\/\/ddoptics.shop\/pl\/wp-json\/wp\/v2\/media?parent=29084"}],"curies":[{"name":"wp","href":"https:\/\/api.w.org\/{rel}","templated":true}]}}