{"id":33,"date":"2012-04-01T20:15:52","date_gmt":"2012-04-01T18:15:52","guid":{"rendered":"http:\/\/www.optik-sport-shop.at\/?page_id=33"},"modified":"2025-11-05T12:25:28","modified_gmt":"2025-11-05T11:25:28","slug":"koszty-wysylki","status":"publish","type":"page","link":"https:\/\/ddoptics.shop\/pl\/versandkosten\/","title":{"rendered":"Koszty wysy\u0142ki i informacje o wysy\u0142ce"},"content":{"rendered":"<div id=\"gap-839772941\" class=\"gap-element clearfix\" style=\"display:block; height:auto;\">\n\t\t\n<style>\n#gap-839772941 {\n  padding-top: 60px;\n}\n<\/style>\n\t<\/div>\n\t\n\n  <div class=\"banner has-hover\" id=\"banner-1616578488\">\n          <div class=\"banner-inner fill\">\n        <div class=\"banner-bg fill\" >\n            <img decoding=\"async\" width=\"1020\" height=\"268\" src=\"https:\/\/ddoptics.shop\/wp-content\/uploads\/2017\/03\/versandkosten-optik-sport-shop_1140.jpg\" class=\"bg attachment-large size-large\" alt=\"Koszty wysy\u0142ki w Optik Sport Shop\" title=\"\">                        <div class=\"overlay\"><\/div>            \n                    <\/div>\n\t\t\n        <div class=\"banner-layers container\">\n            <div class=\"fill banner-link\"><\/div>            \n   <div id=\"text-box-1750984909\" class=\"text-box banner-layer x50 md-x50 lg-x50 y50 md-y50 lg-y50 res-text\">\n                                <div class=\"text-box-content text dark\">\n              \n              <div class=\"text-inner text-center\">\n                  \n<h1 class=\"uppercase\"><span style=\"font-size: 80%;\">KOSZTY WYSY\u0141KI<\/span><\/h1>\n              <\/div>\n           <\/div>\n                            \n<style>\n#text-box-1750984909 .text-inner {\n  padding: 100px 0px 0px 0px;\n}\n#text-box-1750984909 {\n  width: 60%;\n}\n#text-box-1750984909 .text-box-content {\n  font-size: 100%;\n}\n<\/style>\n    <\/div>\n \n        <\/div>\n      <\/div>\n\n              <div class=\"height-fix is-invisible\"><img decoding=\"async\" width=\"1020\" height=\"268\" src=\"https:\/\/ddoptics.shop\/wp-content\/uploads\/2017\/03\/versandkosten-optik-sport-shop_1140.jpg\" class=\"attachment-large size-large\" alt=\"Koszty wysy\u0142ki w Optik Sport Shop\" srcset=\"https:\/\/ddoptics.shop\/wp-content\/uploads\/2017\/03\/versandkosten-optik-sport-shop_1140.jpg 1140w, https:\/\/ddoptics.shop\/wp-content\/uploads\/2017\/03\/versandkosten-optik-sport-shop_1140-304x80.jpg 304w, https:\/\/ddoptics.shop\/wp-content\/uploads\/2017\/03\/versandkosten-optik-sport-shop_1140-305x80.jpg 305w, https:\/\/ddoptics.shop\/wp-content\/uploads\/2017\/03\/versandkosten-optik-sport-shop_1140-632x166.jpg 632w, https:\/\/ddoptics.shop\/wp-content\/uploads\/2017\/03\/versandkosten-optik-sport-shop_1140-800x211.jpg 800w, https:\/\/ddoptics.shop\/wp-content\/uploads\/2017\/03\/versandkosten-optik-sport-shop_1140-250x66.jpg 250w, https:\/\/ddoptics.shop\/wp-content\/uploads\/2017\/03\/versandkosten-optik-sport-shop_1140-510x134.jpg 510w\" sizes=\"(max-width: 1020px) 100vw, 1020px\" title=\"\"><\/div>\n            \n<style>\n#banner-1616578488 .overlay {\n  background-color: rgba(0, 0, 0, 0.17);\n}\n<\/style>\n  <\/div>\n\n\n<div class=\"row\"  id=\"row-1052101613\">\n\n\t<div id=\"col-1236257151\" class=\"col small-12 large-12\"  >\n\t\t\t\t<div class=\"col-inner\"  >\n\t\t\t\n\t\t\t\n<h2>Koszty wysy\u0142ki w Optik Sport Shop<\/h2>\n<p><strong>Zam\u00f3wienia i wysy\u0142ka mo\u017cliwe do:<\/strong><br \/>\nWysy\u0142amy na terenie Austrii oraz do s\u0105siednich kraj\u00f3w w Niemczech i we W\u0142oszech, <strong><a href=\"https:\/\/ddoptics.shop\/pl\/klienci-szwajcaria-liechtenstein\/\" target=\"_blank\" rel=\"noopener noreferrer\">Szwajcaria i Liechtenstein<\/a>.<\/strong><\/p>\n<p>NOWO\u015a\u0106 w ca\u0142ej UE: Belgia, Bu\u0142garia, Dania, Estonia, Finlandia, Francja (kontynentalna), Grecja (Ateny, Pireus), Irlandia, W\u0142ochy, Chorwacja, \u0141otwa, Litwa, Luksemburg, Malta, Holandia, Polska, Portugalia (kontynentalna), Rumunia, Szwecja, S\u0142owacja, S\u0142owenia, Hiszpania (kontynentalna), Czechy, W\u0119gry, Cypr (po\u0142udniowy),<\/p>\n<p><strong>BEZ koszt\u00f3w wysy\u0142ki:<\/strong><br \/>\nZasadniczo odbi\u00f3r osobisty jest zawsze mo\u017cliwy, a zatem bezp\u0142atny.<\/p>\n<h3>Koszty wysy\u0142ki krajowej (Austria):<strong><br \/>\n<\/strong><\/h3>\n<table style=\"width: 800px;\" border=\"0\">\n<tbody>\n<tr>\n<td>Paczka do 999 g<\/td>\n<td>\u20ac 13,00<\/td>\n<\/tr>\n<tr>\n<td>Opakowanie od 1000 g<\/td>\n<td>\u20ac 14,00<\/td>\n<\/tr>\n<tr>\n<td>Paczka do 20 kg<\/td>\n<td>\u20ac 18,00<\/td>\n<\/tr>\n<\/tbody>\n<\/table>\n<p>&nbsp;<\/p>\n<h3>Koszty wysy\u0142ki Niemcy:<\/h3>\n<table style=\"width: 800px;\" border=\"0\">\n<tbody>\n<tr>\n<td>Opakowanie od 200 g<\/td>\n<td>\u20ac 7,00<\/td>\n<\/tr>\n<tr>\n<td>Opakowanie od 500 g<\/td>\n<td>\u20ac 9,00<\/td>\n<\/tr>\n<tr>\n<td>Opakowanie od 1000 g<\/td>\n<td>\u20ac 14,00<\/td>\n<\/tr>\n<tr>\n<td>Paczka do 20 kg<\/td>\n<td>\u20ac 24,90<\/td>\n<\/tr>\n<\/tbody>\n<\/table>\n<p>&nbsp;<\/p>\n<h3>Koszty wysy\u0142ki Szwajcaria i Liechtenstein (spoza UE - faktura netto, jako eksport)<\/h3>\n<p>\u015aredni czas dostawy produkt\u00f3w magazynowych wynosi 5-7 dni (z wy\u0142\u0105czeniem sob\u00f3t, niedziel i \u015bwi\u0105t pa\u0144stwowych) ze wzgl\u0119du na odpraw\u0119 celn\u0105.<\/p>\n<table style=\"width: 800px;\" border=\"0\">\n<tbody>\n<tr>\n<td>Paczka do 999 \u20ac netto wraz z formalno\u015bciami celnymi - dokumenty przewozowe i celne<\/td>\n<td>\u20ac 35,00<\/td>\n<\/tr>\n<tr>\n<td>Pakiet od 1000 \u20ac netto, w tym rozszerzone formalno\u015bci celne - dokumenty przewozowe i celne - w tym 3 numery taryf celnych (np. wa\u0142y w\u0119glowe UNIC itp.).<\/td>\n<td>\u20ac 87,00<\/td>\n<\/tr>\n<tr>\n<td>Zakaz wysy\u0142ki pocisk\u00f3w i urz\u0105dze\u0144 noktowizyjnych \/ termowizyjnych do Szwajcarii<\/td>\n<td><\/td>\n<\/tr>\n<\/tbody>\n<\/table>\n<p>Reszta Europy: Zobacz koszyk z wyborem kraju docelowego.<\/p>\n<p>Ostateczne koszty wysy\u0142ki s\u0105 zawsze obliczane na podstawie <strong>Koniec zam\u00f3wienia przed wys\u0142aniem zam\u00f3wienia<\/strong> wy\u015bwietlane.<\/p>\n<p>Wszystkie ceny zawieraj\u0105 opakowanie, op\u0142at\u0119 pocztow\u0105 i podatek VAT (z wyj\u0105tkiem CH) 20%. Z zastrze\u017ceniem b\u0142\u0119d\u00f3w w druku i sk\u0142adzie.<\/p>\n\t\t<\/div>\n\t\t\t\t\t<\/div>\n\n\t\n<\/div>","protected":false},"excerpt":{"rendered":"","protected":false},"author":2,"featured_media":0,"parent":0,"menu_order":0,"comment_status":"closed","ping_status":"open","template":"page-transparent-header.php","meta":{"inline_featured_image":false,"footnotes":""},"class_list":["post-33","page","type-page","status-publish","hentry"],"_links":{"self":[{"href":"https:\/\/ddoptics.shop\/pl\/wp-json\/wp\/v2\/pages\/33","targetHints":{"allow":["GET"]}}],"collection":[{"href":"https:\/\/ddoptics.shop\/pl\/wp-json\/wp\/v2\/pages"}],"about":[{"href":"https:\/\/ddoptics.shop\/pl\/wp-json\/wp\/v2\/types\/page"}],"author":[{"embeddable":true,"href":"https:\/\/ddoptics.shop\/pl\/wp-json\/wp\/v2\/users\/2"}],"replies":[{"embeddable":true,"href":"https:\/\/ddoptics.shop\/pl\/wp-json\/wp\/v2\/comments?post=33"}],"version-history":[{"count":12,"href":"https:\/\/ddoptics.shop\/pl\/wp-json\/wp\/v2\/pages\/33\/revisions"}],"predecessor-version":[{"id":29417,"href":"https:\/\/ddoptics.shop\/pl\/wp-json\/wp\/v2\/pages\/33\/revisions\/29417"}],"wp:attachment":[{"href":"https:\/\/ddoptics.shop\/pl\/wp-json\/wp\/v2\/media?parent=33"}],"curies":[{"name":"wp","href":"https:\/\/api.w.org\/{rel}","templated":true}]}}