{"id":752,"date":"2012-05-13T10:33:12","date_gmt":"2012-05-13T08:33:12","guid":{"rendered":"http:\/\/www.optik-sport-shop.at\/?page_id=752"},"modified":"2012-05-13T10:33:12","modified_gmt":"2012-05-13T08:33:12","slug":"istotne-roznice","status":"publish","type":"page","link":"https:\/\/ddoptics.shop\/pl\/outdoor-wissen\/loden\/materialunterschiede\/","title":{"rendered":"Istotne r\u00f3\u017cnice"},"content":{"rendered":"<h2>Materia\u0142y rzemie\u015blnicze filc, tkanina filcowana, loden - r\u00f3\u017cnice<\/h2>\n<p>The <strong>R\u00f3\u017cnice mi\u0119dzy filcem, filcowan\u0105 tkanin\u0105 i lodenem polegaj\u0105 na przetwarzaniu<\/strong> we\u0142na:<\/p>\n<h3>Filc<\/h3>\n<p><strong>Filc wykonany jest z surowej we\u0142ny<\/strong> wygra\u0142. Jest <strong>gek\u00e4mmt und mit Wasser gewalkt<\/strong>, ale nigdy si\u0119 nie przeplataj\u0105. Przez <strong>Kompresja z wod\u0105 tworzy g\u0119st\u0105 substancj\u0119<\/strong>, kt\u00f3rego <strong>Wada<\/strong> jednak niski <strong>Stabilno\u015b\u0107 formy<\/strong> ma. Filc jest tradycyjnie u\u017cywany do <strong>Produkcja pantofli i but\u00f3w<\/strong> u\u017cywany.<\/p>\n<h3>Wype\u0142niony materia\u0142<\/h3>\n<p>W przeciwie\u0144stwie do filcu <strong>We\u0142na jest prz\u0119dzona, dziana, a nast\u0119pnie mielona w celu wytworzenia pe\u0142nej tkaniny.<\/strong>, w celu zminimalizowania grzywny <strong>W\u0142osy \u201csklejaj\u0105 si\u0119\u201c na ko\u0144cach\u201c<\/strong>. Tkanina Fulled jest rozci\u0105gliwa i dlatego jest cz\u0119sto u\u017cywana do<strong>dla swetr\u00f3w i kamizelek<\/strong> u\u017cywany.<\/p>\n<h3>Loden<\/h3>\n<p>W przeciwie\u0144stwie do tkaniny wype\u0142niaj\u0105cej <strong>We\u0142na lniana<\/strong>, kt\u00f3ry <strong>pierwszy spleciony<\/strong> oraz <strong>nast\u0119pnie do rolki<\/strong> przychodzi. Przez <strong>Proces tkania zapewnia wy\u017csz\u0105 wytrzyma\u0142o\u015b\u0107<\/strong> materia\u0142u. The <strong>Zalety loden<\/strong> le\u017cy w tkaniu <strong>Masa formierska utworzona z materia\u0142u bazowego<\/strong> - co jest zalet\u0105 odzie\u017cy z niego wykonanej.<\/p>","protected":false},"excerpt":{"rendered":"<p>Die Handwerksstoffe Filz, Walkstoff, Loden \u2013 die Unterschiede Die Unterschiede von Filz, Walkstoff und Loden liegen in der Verarbeitung der Wolle: Filz Filz wird aus roher Wolle gewonnen. Sie wird gek\u00e4mmt und mit Wasser gewalkt, jedoch wird sie nie verwoben. Durch das Verdichten mit Wasser entsteht ein dichter Stoff, dessen Nachteil jedoch der geringe Formbestand [&#8230;]\n","protected":false},"author":2,"featured_media":0,"parent":737,"menu_order":0,"comment_status":"open","ping_status":"open","template":"","meta":{"inline_featured_image":false,"footnotes":""},"class_list":["post-752","page","type-page","status-publish","hentry"],"_links":{"self":[{"href":"https:\/\/ddoptics.shop\/pl\/wp-json\/wp\/v2\/pages\/752","targetHints":{"allow":["GET"]}}],"collection":[{"href":"https:\/\/ddoptics.shop\/pl\/wp-json\/wp\/v2\/pages"}],"about":[{"href":"https:\/\/ddoptics.shop\/pl\/wp-json\/wp\/v2\/types\/page"}],"author":[{"embeddable":true,"href":"https:\/\/ddoptics.shop\/pl\/wp-json\/wp\/v2\/users\/2"}],"replies":[{"embeddable":true,"href":"https:\/\/ddoptics.shop\/pl\/wp-json\/wp\/v2\/comments?post=752"}],"version-history":[{"count":0,"href":"https:\/\/ddoptics.shop\/pl\/wp-json\/wp\/v2\/pages\/752\/revisions"}],"up":[{"embeddable":true,"href":"https:\/\/ddoptics.shop\/pl\/wp-json\/wp\/v2\/pages\/737"}],"wp:attachment":[{"href":"https:\/\/ddoptics.shop\/pl\/wp-json\/wp\/v2\/media?parent=752"}],"curies":[{"name":"wp","href":"https:\/\/api.w.org\/{rel}","templated":true}]}}