{"id":762,"date":"2012-05-13T10:49:31","date_gmt":"2012-05-13T08:49:31","guid":{"rendered":"http:\/\/www.optik-sport-shop.at\/?page_id=762"},"modified":"2012-05-13T10:49:31","modified_gmt":"2012-05-13T08:49:31","slug":"znaczenie-loden","status":"publish","type":"page","link":"https:\/\/ddoptics.shop\/pl\/outdoor-wissen\/loden\/bedeutung-loden\/","title":{"rendered":"Znaczenie Loden"},"content":{"rendered":"<h2>Znaczenie lodenu<\/h2>\n<p>Jak <strong>czysto naturalny produkt wykonany z czystej nowej we\u0142ny<\/strong> jest loden <strong>pod wieloma wzgl\u0119dami przewy\u017cszaj\u0105 materia\u0142y syntetyczne.<\/strong> W przeciwie\u0144stwie do materia\u0142\u00f3w syntetycznych, materia\u0142 mo\u017ce d\u0142u\u017cej wytrzyma\u0107 ci\u0105g\u0142y deszcz (z wyj\u0105tkiem technologii membranowych) i <strong>Ogrzewa nawet wtedy, gdy jest mokry<\/strong>.<\/p>\n<p>Jednym z pozytywnych aspekt\u00f3w jest na przyk\u0142ad to, \u017ce <strong>Odzie\u017c prawie nie przyjmuje zapachu<\/strong> i, na przyk\u0142ad, pozostaje stosunkowo bezwonny nawet po d\u0142ugich okresach przebywania w palarniach.<\/p>\n<p>Loden to <strong>r\u0119cznie wytwarzany produkt naturalny<\/strong>Odporna na zagniecenia i idealna do pracy fizycznej. <strong>stosunkowo niedrogi produkt.<\/strong><\/p>\n<h3>Znaczenie Loden w my\u015blistwie<\/h3>\n<p>Loden jest w <strong>nadal jest interesuj\u0105cym materia\u0142em dla wielu my\u015bliwych w naszych szeroko\u015bciach geograficznych.<\/strong> <strong>Niska masa w\u0142asna<\/strong>, w zale\u017cno\u015bci od grubo\u015bci <strong>Dobra izolacja termiczna<\/strong>, i przys\u0142owiowy <strong>Cisza<\/strong> to cechy, kt\u00f3re docenia wielu my\u015bliwych.<\/p>\n<p><object width=\"600\" height=\"400\" classid=\"clsid:d27cdb6e-ae6d-11cf-96b8-444553540000\" codebase=\"http:\/\/download.macromedia.com\/pub\/shockwave\/cabs\/flash\/swflash.cab#version=6,0,40,0\"><param name=\"allowFullScreen\" value=\"true\" \/><param name=\"allowscriptaccess\" value=\"always\" \/><param name=\"src\" value=\"http:\/\/www.youtube.com\/v\/_okXTp4p3PA?version=3&amp;hl=de_DE&amp;rel=0\" \/><param name=\"allowfullscreen\" value=\"true\" \/><embed width=\"600\" height=\"400\" type=\"application\/x-shockwave-flash\" src=\"http:\/\/www.youtube.com\/v\/_okXTp4p3PA?version=3&amp;hl=de_DE&amp;rel=0\" allowfullscreen=\"true\" allowscriptaccess=\"always\" \/><\/object><\/p>\n<p>The <strong>wykonane z we\u0142ny<\/strong> wygra\u0142, <strong>czysty naturalny produkt loden<\/strong> jest r\u00f3wnie\u017c <strong>Wyj\u0105tkowa wodoodporno\u015b\u0107<\/strong> und l\u00e4sst nicht viel Wind durch. Richtig wind- und wasserdicht wird es aber erst mit einem speziellen Innenfutter. Loden wird wie andere Outdoor Materialien in unterschiedlicher Qualit\u00e4t hergestellt.<\/p>\n<p><strong>Wysokiej jako\u015bci loden<\/strong> sk\u0142ada si\u0119 z jednego <strong>du\u017cy procent czystej we\u0142ny<\/strong>, w <strong>Obecnie cz\u0119sto dodaje si\u0119 do nich sier\u015b\u0107 lamy lub alpaki.<\/strong> <strong>Zawarto\u015b\u0107 w\u0142\u00f3kien syntetycznych<\/strong> nie s\u0105 jednak w \u017caden spos\u00f3b oznak\u0105 gorszej jako\u015bci. <strong>zwi\u0119kszenie elastyczno\u015bci i j\u0119drno\u015bci<\/strong> w\u0142\u0105czone. W tym miejscu loden ma swoj\u0105 wad\u0119. Nie jest on szczeg\u00f3lnie odporny na rozdarcia. Loden szczeg\u00f3lnie \u017ale znosi ci\u0105g\u0142e tarcie w ods\u0142oni\u0119tych miejscach. Dzieje si\u0119 tak, poniewa\u017c w\u0142a\u015bciwo\u015bci termoizolacyjne i hydrofobowe s\u0105 szybko tracone w tych obszarach.<\/p>","protected":false},"excerpt":{"rendered":"<p>Die Bedeutung von Loden Als rein nat\u00fcrliches Produkt aus reiner Schurwolle ist Loden synthetischen Materialien in vielen Aspekten \u00fcberlegen. Anders als Synthetik h\u00e4lt das Material l\u00e4nger einem Dauerregen stand (ausgenommen Membrantechnologien) und w\u00e4rmt auch in nassem Zustand. Positiv f\u00e4llt zum Beispiel auf, dass die Kleidung kaum Geruch annimmt und beispielsweise auch nach l\u00e4ngerem Aufenthalt in [&#8230;]\n","protected":false},"author":2,"featured_media":0,"parent":737,"menu_order":0,"comment_status":"open","ping_status":"open","template":"","meta":{"inline_featured_image":false,"footnotes":""},"class_list":["post-762","page","type-page","status-publish","hentry"],"_links":{"self":[{"href":"https:\/\/ddoptics.shop\/pl\/wp-json\/wp\/v2\/pages\/762","targetHints":{"allow":["GET"]}}],"collection":[{"href":"https:\/\/ddoptics.shop\/pl\/wp-json\/wp\/v2\/pages"}],"about":[{"href":"https:\/\/ddoptics.shop\/pl\/wp-json\/wp\/v2\/types\/page"}],"author":[{"embeddable":true,"href":"https:\/\/ddoptics.shop\/pl\/wp-json\/wp\/v2\/users\/2"}],"replies":[{"embeddable":true,"href":"https:\/\/ddoptics.shop\/pl\/wp-json\/wp\/v2\/comments?post=762"}],"version-history":[{"count":0,"href":"https:\/\/ddoptics.shop\/pl\/wp-json\/wp\/v2\/pages\/762\/revisions"}],"up":[{"embeddable":true,"href":"https:\/\/ddoptics.shop\/pl\/wp-json\/wp\/v2\/pages\/737"}],"wp:attachment":[{"href":"https:\/\/ddoptics.shop\/pl\/wp-json\/wp\/v2\/media?parent=762"}],"curies":[{"name":"wp","href":"https:\/\/api.w.org\/{rel}","templated":true}]}}