{"id":84,"date":"2012-04-02T20:27:47","date_gmt":"2012-04-02T18:27:47","guid":{"rendered":"http:\/\/www.optik-sport-shop.at\/?page_id=84"},"modified":"2017-12-27T09:46:48","modified_gmt":"2017-12-27T08:46:48","slug":"wiedza-o-outdoorze","status":"publish","type":"page","link":"https:\/\/ddoptics.shop\/pl\/outdoor-wissen\/","title":{"rendered":"Warto wiedzie\u0107"},"content":{"rendered":"<h2>Wyja\u015bnienia i wiedza og\u00f3lna<\/h2>\n<p>Pod <strong>Warto wiedzie\u0107<\/strong> znajdziesz wiele <strong>Wyja\u015bnienia termin\u00f3w technicznych<\/strong> jak r\u00f3wnie\u017c w inny spos\u00f3b <strong>wszelkiego rodzaju interesuj\u0105ce informacje og\u00f3lne<\/strong> na tematy z DDoptics Optik Sport Shop.<\/p>\n<p>Je\u015bli <strong>Sugestie i propozycje<\/strong> jak mo\u017cna rozszerzy\u0107 te punkty, po prostu napisz do nas e-mail. <a title=\"Kontakt Email\" href=\"\/pl\/kontakt\/\" target=\"_blank\" rel=\"noopener\">E-mail.<\/a><\/p>\n<p>Czekamy na Tw\u00f3j wk\u0142ad.<\/p>\n<p>Z pozdrowieniami, sklep sportowy DDoptics Optik.<\/p>","protected":false},"excerpt":{"rendered":"<p>Erkl\u00e4rungen und Hintergrundwissen Unter Wissenswertes finden Sie viele Erkl\u00e4rungen von Fachbegriffen wie auch sonst allerlei Interessantes an Hintergrundinformationen zu Themen aus dem DDoptics Optik Sport Shop. Wenn Sie Anregungen und Vorschl\u00e4ge haben, wie man diese Punkte erweitern kann, dann schreiben Sie uns einfach eine Email. Wir freuen uns auf Ihre Inputs. Freundliche Gr\u00fcsse, Ihr DDoptics [&#8230;]\n","protected":false},"author":2,"featured_media":0,"parent":0,"menu_order":0,"comment_status":"closed","ping_status":"open","template":"","meta":{"inline_featured_image":false,"footnotes":""},"class_list":["post-84","page","type-page","status-publish","hentry"],"_links":{"self":[{"href":"https:\/\/ddoptics.shop\/pl\/wp-json\/wp\/v2\/pages\/84","targetHints":{"allow":["GET"]}}],"collection":[{"href":"https:\/\/ddoptics.shop\/pl\/wp-json\/wp\/v2\/pages"}],"about":[{"href":"https:\/\/ddoptics.shop\/pl\/wp-json\/wp\/v2\/types\/page"}],"author":[{"embeddable":true,"href":"https:\/\/ddoptics.shop\/pl\/wp-json\/wp\/v2\/users\/2"}],"replies":[{"embeddable":true,"href":"https:\/\/ddoptics.shop\/pl\/wp-json\/wp\/v2\/comments?post=84"}],"version-history":[{"count":0,"href":"https:\/\/ddoptics.shop\/pl\/wp-json\/wp\/v2\/pages\/84\/revisions"}],"wp:attachment":[{"href":"https:\/\/ddoptics.shop\/pl\/wp-json\/wp\/v2\/media?parent=84"}],"curies":[{"name":"wp","href":"https:\/\/api.w.org\/{rel}","templated":true}]}}