{"id":10850,"date":"2017-04-11T12:10:01","date_gmt":"2017-04-11T10:10:01","guid":{"rendered":"https:\/\/beta.optik-sport-shop.at\/kaufen\/ddoptics-fernglas-edx-12x50\/"},"modified":"2025-07-03T15:28:05","modified_gmt":"2025-07-03T13:28:05","slug":"lornetka-ddoptics-edx-12x50","status":"publish","type":"product","link":"https:\/\/ddoptics.shop\/pl\/kaufen\/ddoptics-edx-12x50-fernglas\/","title":{"rendered":"Lornetka DDoptics EDX 12\u00d750"},"content":{"rendered":"<div class=\"row\"  id=\"row-1420432989\">\n\n\t<div id=\"col-465823157\" class=\"col medium-8 small-12 large-8\"  >\n\t\t\t\t<div class=\"col-inner\"  >\n\t\t\t\n\t\t\t\n<div>\n<h2>Lornetka DDoptics EDX 12\u00d750 | Wysokiej klasy lornetka - niesamowita lekko\u015b\u0107 i najja\u015bniejszy obraz<\/h2>\n<p>The <strong>Lornetka EDX 12\u00d750<\/strong> to prawdziwe szk\u0142o specjalne. Z jego <strong>Powi\u0119kszenie 12x<\/strong> i b\u0142yszcz\u0105c\u0105 pow\u0142ok\u0105 DDlucid, odleg\u0142e obiekty mo\u017cna zobaczy\u0107 w prawdziwym kolorze, bogatym w kontrast i ostrym jak brzytwa. <strong>Fantastyczna jako\u015b\u0107 obrazu, niezwykle wysoka intensywno\u015b\u0107 \u015bwiat\u0142a i nieopisane wra\u017cenie obserwacji.<\/strong><\/p>\n<p>Z pomoc\u0105 <strong>Uchwyt na mostku lornetki<\/strong> puszka <strong>U\u017cytkownik lornetki EDX 12\u00d750<\/strong> wygodne trzymanie i bezpieczna obs\u0142uga. Nawet w <strong>Zima w r\u0119kawiczkach<\/strong>. Materia\u0142y takie jak aluminium magnezowe i poliw\u0119glan zapewniaj\u0105 nie tylko najwi\u0119ksz\u0105 mo\u017cliw\u0105 wytrzyma\u0142o\u015b\u0107 w trudnym terenie, ale tak\u017ce bardzo nisk\u0105 wag\u0119.<\/p>\n<p>Smuk\u0142a obudowa jest pokryta antypo\u015blizgow\u0105 gum\u0105. Niezniszczalny stop metalu muszli ocznych zapewnia optymaln\u0105 ochron\u0119 okular\u00f3w. EDX 12\u00d750 jest oczywi\u015bcie <strong>Ca\u0142kowicie wodoodporny i przeciwmgielny<\/strong>.<\/p>\n<p>Tylko z <strong>1,5 obrotu<\/strong> to ca\u0142o\u015b\u0107 <strong>Precyzyjnie ustawiony zakres ostro\u015bci<\/strong> Dzi\u0119ki temu mo\u017cna szybko uchwyci\u0107 nawet najdrobniejsze szczeg\u00f3\u0142y. Regulacja dioptrii dla os\u00f3b nosz\u0105cych okulary znajduje si\u0119 na prawym okularze<\/p>\n<\/div>\n\t\t<\/div>\n\t\t\t\t\n<style>\n#col-465823157 > .col-inner {\n  margin: 0px 0px -30px 0px;\n}\n<\/style>\n\t<\/div>\n\n\t\n\n\t<div id=\"col-992215240\" class=\"col medium-4 small-12 large-4\"  >\n\t\t\t\t<div class=\"col-inner\"  >\n\t\t\t\n\t\t\t\n\t<div class=\"img has-hover x md-x lg-x y md-y lg-y\" id=\"image_1836412811\">\n\t\t\t\t\t\t\t\t<div class=\"img-inner dark\" >\n\t\t\t\t\t\t\t\t\t\n\t\t\t\t\t<\/div>\n\t\t\t\t\t\t\t\t\n<style>\n#image_1836412811 {\n  width: 100%;\n}\n<\/style>\n\t<\/div>\n\t\n\t<div class=\"img has-hover x md-x lg-x y md-y lg-y\" id=\"image_700588177\">\n\t\t<a class=\"\" href=\"https:\/\/www.shop.ddoptics.de\/garantiebestimmungen\" target=\"_blank\" rel=\"noopener\">\t\t\t\t\t\t<div class=\"img-inner dark\" >\n\t\t\t<img decoding=\"async\" width=\"352\" height=\"160\" src=\"https:\/\/ddoptics.shop\/wp-content\/uploads\/2014\/09\/DDoptics-Garantie.jpg\" class=\"attachment-large size-large\" alt=\"Gwarancja DDoptics\" srcset=\"https:\/\/ddoptics.shop\/wp-content\/uploads\/2014\/09\/DDoptics-Garantie.jpg 352w, https:\/\/ddoptics.shop\/wp-content\/uploads\/2014\/09\/DDoptics-Garantie-304x138.jpg 304w, https:\/\/ddoptics.shop\/wp-content\/uploads\/2014\/09\/DDoptics-Garantie-305x139.jpg 305w, https:\/\/ddoptics.shop\/wp-content\/uploads\/2014\/09\/DDoptics-Garantie-250x114.jpg 250w\" sizes=\"(max-width: 352px) 100vw, 352px\" title=\"\">\t\t\t\t\t\t\n\t\t\t\t\t<\/div>\n\t\t\t\t\t\t<\/a>\t\t\n<style>\n#image_700588177 {\n  width: 100%;\n}\n<\/style>\n\t<\/div>\n\t\n<h3>Fakty dotycz\u0105ce lornetek DDoptics EDX<\/h3>\n\n\t\t<div class=\"icon-box featured-box icon-box-left text-left\"  >\n\t\t\t\t\t<div class=\"icon-box-img\" style=\"width: 32px\">\n\t\t\t\t<div class=\"icon\">\n\t\t\t\t\t<div class=\"icon-inner\" >\n\t\t\t\t\t\t<img decoding=\"async\" width=\"100\" height=\"83\" src=\"https:\/\/ddoptics.shop\/wp-content\/uploads\/2021\/05\/DDoptics-SHG-Icon.jpg\" class=\"attachment-medium size-medium\" alt=\"Ikona lornetki DDoptics SHG\" title=\"\">\t\t\t\t\t<\/div>\n\t\t\t\t<\/div>\n\t\t\t<\/div>\n\t\t\t\t<div class=\"icon-box-text last-reset\">\n\t\t\t\t\t\t\t\t\t\n<p><span data-sheets-value=\"{&quot;1&quot;:2,&quot;2&quot;:&quot;\u2705&quot;}\" data-sheets-userformat=\"{&quot;2&quot;:15297,&quot;3&quot;:{&quot;1&quot;:0},&quot;9&quot;:0,&quot;10&quot;:2,&quot;11&quot;:0,&quot;12&quot;:0,&quot;14&quot;:{&quot;1&quot;:2,&quot;2&quot;:0},&quot;15&quot;:&quot;Calibri, sans-serif&quot;,&quot;16&quot;:11}\">\u2705 <strong>Obraz o wysokiej czysto\u015bci i wiernych kolorach<\/strong><\/span><\/p>\n\t\t<\/div>\n\t<\/div>\n\t\n\t\n\n\t\t<div class=\"icon-box featured-box icon-box-left text-left\"  >\n\t\t\t\t\t<div class=\"icon-box-img\" style=\"width: 32px\">\n\t\t\t\t<div class=\"icon\">\n\t\t\t\t\t<div class=\"icon-inner\" >\n\t\t\t\t\t\t<img decoding=\"async\" width=\"100\" height=\"83\" src=\"https:\/\/ddoptics.shop\/wp-content\/uploads\/2021\/05\/DDoptics-SHG-Icon.jpg\" class=\"attachment-medium size-medium\" alt=\"Ikona lornetki DDoptics SHG\" title=\"\">\t\t\t\t\t<\/div>\n\t\t\t\t<\/div>\n\t\t\t<\/div>\n\t\t\t\t<div class=\"icon-box-text last-reset\">\n\t\t\t\t\t\t\t\t\t\n<p>\u2705 <span data-sheets-value=\"{&quot;1&quot;:2,&quot;2&quot;:&quot;\u2705&quot;}\" data-sheets-userformat=\"{&quot;2&quot;:15297,&quot;3&quot;:{&quot;1&quot;:0},&quot;9&quot;:0,&quot;10&quot;:2,&quot;11&quot;:0,&quot;12&quot;:0,&quot;14&quot;:{&quot;1&quot;:2,&quot;2&quot;:0},&quot;15&quot;:&quot;Calibri, sans-serif&quot;,&quot;16&quot;:11}\">Tylko 868 gram\u00f3w<\/span><\/p>\n\t\t<\/div>\n\t<\/div>\n\t\n\t\n\n\t\t<div class=\"icon-box featured-box icon-box-left text-left\"  >\n\t\t\t\t\t<div class=\"icon-box-img\" style=\"width: 32px\">\n\t\t\t\t<div class=\"icon\">\n\t\t\t\t\t<div class=\"icon-inner\" >\n\t\t\t\t\t\t<img decoding=\"async\" width=\"100\" height=\"83\" src=\"https:\/\/ddoptics.shop\/wp-content\/uploads\/2021\/05\/DDoptics-SHG-Icon.jpg\" class=\"attachment-medium size-medium\" alt=\"Ikona lornetki DDoptics SHG\" title=\"\">\t\t\t\t\t<\/div>\n\t\t\t\t<\/div>\n\t\t\t<\/div>\n\t\t\t\t<div class=\"icon-box-text last-reset\">\n\t\t\t\t\t\t\t\t\t\n<p>\u2705 <span data-sheets-value=\"{&quot;1&quot;:2,&quot;2&quot;:&quot;\u2705&quot;}\" data-sheets-userformat=\"{&quot;2&quot;:15297,&quot;3&quot;:{&quot;1&quot;:0},&quot;9&quot;:0,&quot;10&quot;:2,&quot;11&quot;:0,&quot;12&quot;:0,&quot;14&quot;:{&quot;1&quot;:2,&quot;2&quot;:0},&quot;15&quot;:&quot;Calibri, sans-serif&quot;,&quot;16&quot;:11}\">Jasne wynagrodzenie<\/span><\/p>\n\t\t<\/div>\n\t<\/div>\n\t\n\t\n\n\t\t<div class=\"icon-box featured-box icon-box-left text-left\"  >\n\t\t\t\t\t<div class=\"icon-box-img\" style=\"width: 32px\">\n\t\t\t\t<div class=\"icon\">\n\t\t\t\t\t<div class=\"icon-inner\" >\n\t\t\t\t\t\t<img decoding=\"async\" width=\"100\" height=\"83\" src=\"https:\/\/ddoptics.shop\/wp-content\/uploads\/2021\/05\/DDoptics-SHG-Icon.jpg\" class=\"attachment-medium size-medium\" alt=\"Ikona lornetki DDoptics SHG\" title=\"\">\t\t\t\t\t<\/div>\n\t\t\t\t<\/div>\n\t\t\t<\/div>\n\t\t\t\t<div class=\"icon-box-text last-reset\">\n\t\t\t\t\t\t\t\t\t\n<p>\u2705 <span data-sheets-value=\"{&quot;1&quot;:2,&quot;2&quot;:&quot;\u2705&quot;}\" data-sheets-userformat=\"{&quot;2&quot;:15297,&quot;3&quot;:{&quot;1&quot;:0},&quot;9&quot;:0,&quot;10&quot;:2,&quot;11&quot;:0,&quot;12&quot;:0,&quot;14&quot;:{&quot;1&quot;:2,&quot;2&quot;:0},&quot;15&quot;:&quot;Calibri, sans-serif&quot;,&quot;16&quot;:11}\">Doskona\u0142a rozdzielczo\u015b\u0107 kraw\u0119dzi<\/span><\/p>\n\t\t<\/div>\n\t<\/div>\n\t\n\t\n\n\t\t<div class=\"icon-box featured-box icon-box-left text-left\"  >\n\t\t\t\t\t<div class=\"icon-box-img\" style=\"width: 32px\">\n\t\t\t\t<div class=\"icon\">\n\t\t\t\t\t<div class=\"icon-inner\" >\n\t\t\t\t\t\t<img decoding=\"async\" width=\"100\" height=\"83\" src=\"https:\/\/ddoptics.shop\/wp-content\/uploads\/2021\/05\/DDoptics-SHG-Icon.jpg\" class=\"attachment-medium size-medium\" alt=\"Ikona lornetki DDoptics SHG\" title=\"\">\t\t\t\t\t<\/div>\n\t\t\t\t<\/div>\n\t\t\t<\/div>\n\t\t\t\t<div class=\"icon-box-text last-reset\">\n\t\t\t\t\t\t\t\t\t\n<p>\u2705 <span data-sheets-value=\"{&quot;1&quot;:2,&quot;2&quot;:&quot;\u2705&quot;}\" data-sheets-userformat=\"{&quot;2&quot;:15297,&quot;3&quot;:{&quot;1&quot;:0},&quot;9&quot;:0,&quot;10&quot;:2,&quot;11&quot;:0,&quot;12&quot;:0,&quot;14&quot;:{&quot;1&quot;:2,&quot;2&quot;:0},&quot;15&quot;:&quot;Calibri, sans-serif&quot;,&quot;16&quot;:11}\">Pryzmaty Schmidt-Pechan<\/span><\/p>\n\t\t<\/div>\n\t<\/div>\n\t\n\t\n\n\t\t<div class=\"icon-box featured-box icon-box-left text-left\"  >\n\t\t\t\t\t<div class=\"icon-box-img\" style=\"width: 32px\">\n\t\t\t\t<div class=\"icon\">\n\t\t\t\t\t<div class=\"icon-inner\" >\n\t\t\t\t\t\t<img decoding=\"async\" width=\"100\" height=\"83\" src=\"https:\/\/ddoptics.shop\/wp-content\/uploads\/2021\/05\/DDoptics-SHG-Icon.jpg\" class=\"attachment-medium size-medium\" alt=\"Ikona lornetki DDoptics SHG\" title=\"\">\t\t\t\t\t<\/div>\n\t\t\t\t<\/div>\n\t\t\t<\/div>\n\t\t\t\t<div class=\"icon-box-text last-reset\">\n\t\t\t\t\t\t\t\t\t\n<p>\u2705 <span data-sheets-value=\"{&quot;1&quot;:2,&quot;2&quot;:&quot;\u2705&quot;}\" data-sheets-userformat=\"{&quot;2&quot;:15297,&quot;3&quot;:{&quot;1&quot;:0},&quot;9&quot;:0,&quot;10&quot;:2,&quot;11&quot;:0,&quot;12&quot;:0,&quot;14&quot;:{&quot;1&quot;:2,&quot;2&quot;:0},&quot;15&quot;:&quot;Calibri, sans-serif&quot;,&quot;16&quot;:11}\">Szybkie ustawianie ostro\u015bci z odleg\u0142o\u015bci 2,4 metra<\/span><\/p>\n\t\t<\/div>\n\t<\/div>\n\t\n\t\n\t\t<\/div>\n\t\t\t\t\t<\/div>\n\n\t\n<\/div>\n<h3>Szk\u0142o ED: doskona\u0142e wy\u015bwietlanie obrazu i ostra rozdzielczo\u015b\u0107 przy du\u017cych odleg\u0142o\u015bciach dzi\u0119ki EDX 12\u00d750<\/h3>\n<p>EDX 12\u00d750 jest przeznaczony dla <strong>U\u017cytkowanie na d\u0142ugich dystansach<\/strong>. Grup\u0105 docelow\u0105 s\u0105 w szczeg\u00f3lno\u015bci ornitolodzy i mi\u0142o\u015bnicy g\u00f3rskich w\u0119dr\u00f3wek. My\u015bliwi g\u00f3rscy mog\u0105 u\u017cywa\u0107 tej wysokiej klasy lornetki do obserwacji kozic na grzbietach nawet z odleg\u0142o\u015bci od 200 m do 300 m i w du\u017cej mierze zrezygnowa\u0107 z konieczno\u015bci noszenia ci\u0119\u017ckiej lunety. <strong>Ornitolodzy i mi\u0142o\u015bnicy g\u00f3rskich w\u0119dr\u00f3wek<\/strong> 12-krotne powi\u0119kszenie i <strong>Zakres bliskiego ogniskowania 2,4 m<\/strong> korzy\u015bci. Wyposa\u017cony w EDX 12\u00d750, mo\u017cliwe jest obserwowanie zar\u00f3wno bliskich, jak i bardzo odleg\u0142ych obiekt\u00f3w z blaskiem kolor\u00f3w, ostro\u015bci\u0105 i precyzj\u0105, kt\u00f3re trudno prze\u015bcign\u0105\u0107.<\/p>\n<h3>Innowacyjna pow\u0142oka gwarantuje ostre jak brzytwa kontury w lornetce 12\u00d750<\/h3>\n<p>Dodatkow\u0105 gwarancj\u0105 na to jest <strong>Specjalna pow\u0142oka DDlucid<\/strong>. Obie powierzchnie dachowe pryzmatu dachowego Schmidt-Pechan zosta\u0142y pokryte t\u0105 pow\u0142ok\u0105. Pow\u0142oka ta, pochodz\u0105ca z japo\u0144skiego przemys\u0142u fotograficznego, jest rozwini\u0119ciem dobrze znanej i wypr\u00f3bowanej pow\u0142oki ELR (Extra Low Reflection). DDlucid jest zatem <strong>najskuteczniejszych pow\u0142ok lornetkowych i wy\u0142\u0105cznie lornetek premium<\/strong> zastrze\u017cone.<\/p>\n<h3>Wci\u0105\u017c ma\u0142y, lekki i niezawodny - towarzysz na ca\u0142e \u017cycie<\/h3>\n<p>Szczeg\u00f3lnie podczas u\u017cytkowania w g\u00f3rach stawiane s\u0105 wysokie wymagania dotycz\u0105ce wytrzyma\u0142o\u015bci i lekko\u015bci. Dzi\u0119ki materia\u0142om takim jak aluminium magnezowe i poliw\u0119glan, szk\u0142o jest niezwykle odporne na uderzenia, absolutnie <strong>wodoodporne i przeciwmgielne.<\/strong> Antypo\u015blizgowy pancerz wykonany z naturalnej gumy zapewnia wysok\u0105 przyczepno\u015b\u0107 i odporno\u015b\u0107 na po\u015blizg.<\/p>\n<p>Tylko z <strong>Ca\u0142y zakres ostro\u015bci mo\u017cna regulowa\u0107 o 1,5 obrotu<\/strong>. Gwarantuje to najszybsze przechwytywanie szczeg\u00f3\u0142\u00f3w.<\/p>\n<h3>Dla os\u00f3b nosz\u0105cych okulary - pe\u0142ne pole widzenia<\/h3>\n<p>Regulacja dioptrii dla os\u00f3b nosz\u0105cych okulary znajduje si\u0119 na prawym okularze. <strong>4 pozycje siatki mo\u017cna mocno zamocowa\u0107.<\/strong> Mo\u017cliwa jest niezamierzona regulacja.<\/p>\n<h3>Zalecane zastosowanie DDoptics EDX 12\u00d750<\/h3>\n<p>Sta\u0142a ostro\u015b\u0107 a\u017c do kraw\u0119dzi obrazu i <strong>Du\u017ce pole widzenia wynosz\u0105ce 91 metr\u00f3w oferuje fanom outdooru, w\u0119drowcom, ornitologom i my\u015bliwym g\u00f3rskim wra\u017cenia wizualne na najwy\u017cszym poziomie.<\/strong><\/p>","protected":false},"excerpt":{"rendered":"<p><img decoding=\"async\" class=\"alignnone wp-image-10178 size-full\" title=\"G\u00f3rska lornetka my\u015bliwska\" src=\"https:\/\/ddoptics.shop\/wp-content\/uploads\/2016\/04\/Gebirgsjagd-klein.jpg\" alt=\"G\u00f3rska lornetka my\u015bliwska\" width=\"50\" height=\"50\" \/><img decoding=\"async\" class=\"alignnone wp-image-10170 size-full\" title=\"Lornetka do obserwacji ptak\u00f3w\" src=\"https:\/\/ddoptics.shop\/wp-content\/uploads\/2016\/09\/Ornitologie-klein.jpg\" alt=\"Lornetka do obserwacji ptak\u00f3w\" width=\"50\" height=\"50\" \/><br \/>\nNarodzi\u0142a si\u0119 nowa gwiazda. 12-krotna <strong>Lekka referencja z obiektywem 50 mm z szale\u0144stwem obrazu.<\/strong><\/p>","protected":false},"featured_media":10854,"comment_status":"open","ping_status":"closed","template":"","meta":{"inline_featured_image":false,"footnotes":""},"product_brand":[],"product_cat":[352,363,329,67,344],"product_tag":[568,569,78,86],"class_list":{"0":"post-10850","1":"product","2":"type-product","3":"status-publish","4":"has-post-thumbnail","6":"product_cat-12x-vergroesserung","7":"product_cat-50-mm-objektiv","8":"product_cat-ddoptics","9":"product_cat-fernglas","10":"product_cat-naturbeobachtung","11":"product_tag-12x50","12":"product_tag-12x50-fernglas","13":"product_tag-ddoptics","14":"product_tag-edx","15":"product_shipping_class-paket","16":"pa_brand-marke-ddoptics","17":"pa_farbe-schwarz","18":"pa_produkt-typ-fernglas","20":"first","21":"instock","22":"sale","23":"taxable","24":"shipping-taxable","25":"purchasable","26":"product-type-simple"},"bundled_by":[],"bundle_stock_status":"instock","bundle_stock_quantity":null,"bundle_virtual":false,"bundle_layout":"","bundle_add_to_cart_form_location":"","bundle_editable_in_cart":false,"bundle_sold_individually_context":"","bundle_item_grouping":"","bundle_min_size":"","bundle_max_size":"","bundle_price":[],"bundled_items":[],"bundle_sell_ids":[],"_links":{"self":[{"href":"https:\/\/ddoptics.shop\/pl\/wp-json\/wp\/v2\/product\/10850","targetHints":{"allow":["GET"]}}],"collection":[{"href":"https:\/\/ddoptics.shop\/pl\/wp-json\/wp\/v2\/product"}],"about":[{"href":"https:\/\/ddoptics.shop\/pl\/wp-json\/wp\/v2\/types\/product"}],"replies":[{"embeddable":true,"href":"https:\/\/ddoptics.shop\/pl\/wp-json\/wp\/v2\/comments?post=10850"}],"version-history":[{"count":4,"href":"https:\/\/ddoptics.shop\/pl\/wp-json\/wp\/v2\/product\/10850\/revisions"}],"predecessor-version":[{"id":28580,"href":"https:\/\/ddoptics.shop\/pl\/wp-json\/wp\/v2\/product\/10850\/revisions\/28580"}],"wp:featuredmedia":[{"embeddable":true,"href":"https:\/\/ddoptics.shop\/pl\/wp-json\/wp\/v2\/media\/10854"}],"wp:attachment":[{"href":"https:\/\/ddoptics.shop\/pl\/wp-json\/wp\/v2\/media?parent=10850"}],"wp:term":[{"taxonomy":"product_brand","embeddable":true,"href":"https:\/\/ddoptics.shop\/pl\/wp-json\/wp\/v2\/product_brand?post=10850"},{"taxonomy":"product_cat","embeddable":true,"href":"https:\/\/ddoptics.shop\/pl\/wp-json\/wp\/v2\/product_cat?post=10850"},{"taxonomy":"product_tag","embeddable":true,"href":"https:\/\/ddoptics.shop\/pl\/wp-json\/wp\/v2\/product_tag?post=10850"}],"curies":[{"name":"wp","href":"https:\/\/api.w.org\/{rel}","templated":true}]}}