{"id":10980,"date":"2017-06-13T16:40:53","date_gmt":"2017-06-13T14:40:53","guid":{"rendered":"https:\/\/beta.optik-sport-shop.at\/?post_type=product&#038;p=10980"},"modified":"2017-07-13T17:59:26","modified_gmt":"2017-07-13T15:59:26","slug":"pas-z-piorami-haftowanymi-zamszowym-motywem-tradycyjny-stroj-moda","status":"publish","type":"product","link":"https:\/\/ddoptics.shop\/pl\/kaufen\/guertel-mit-federkielstickerei-gams-motiv-trachtenmode\/","title":{"rendered":"Tradycyjny pas z haftowanym motywem Gamserl - Trachtenmode"},"content":{"rendered":"<h2>Tradycyjny pas z motywem haftu pi\u00f3rkowego - Trachtenmode<\/h2>\n<p>W <strong>moda og\u00f3lna<\/strong> zwyczajowo nosi si\u0119 par\u0119 spodni <strong>Pas<\/strong> tak, \u017ce te o<strong>ptimal na biodrze<\/strong> Te paski do spodni noszone s\u0105 do spodni sk\u00f3rzanych, materia\u0142owych i bardzo popularnych jeans\u00f3w. Cz\u0119sto maj\u0105 wyhaftowane inicja\u0142y w\u0142a\u015bciciela.<\/p>\n<p><strong>Tradycyjny pas do kostiumu<\/strong> s\u0105 specjalnie zaprojektowane do tego celu, <strong>aby lederhosen pozosta\u0142y na swoim miejscu.<\/strong> S\u0105 one jednak r\u00f3wnie\u017c przeznaczone jako eleganckie akcesoria wizualne, kt\u00f3re podkre\u015blaj\u0105 <strong>Wizualny obraz og\u00f3lny<\/strong> aby uko\u0144czy\u0107 program.<\/p>\n<p><strong>Prawid\u0142owy pomiar obwodu talii: <\/strong>Narysuj ta\u015bm\u0119 miernicz\u0105 wok\u00f3\u0142 brzucha mniej wi\u0119cej na wysoko\u015bci p\u0119pka, zr\u00f3b lekki wydech, a nast\u0119pnie odczytaj warto\u015b\u0107.<\/p>\n<h3>Haftowany pi\u00f3rami motyw zamszu kwiatowego na mosi\u0119\u017cnej klamrze z dziurkowaniem<\/h3>\n<p>The <strong>Sk\u00f3rzany pasek z manufaktury w Salzburgu,<\/strong> uzupe\u0142niony o <strong>Kwiaty - zamszowy motyw na sk\u00f3rze<\/strong> na <strong>T\u0142oczona mosi\u0119\u017cna klamra (sprz\u0105czka paska),<\/strong> s\u0105 szczeg\u00f3lnie eleganckie i przyci\u0105gaj\u0105 wzrok.<\/p>\n<h3>Tradycyjne pasy dla m\u0119\u017cczyzn, kobiet i dzieci<\/h3>\n<p>Og\u00f3lnie rzecz bior\u0105c, tradycyjny pas do kostiumu jest dodatkiem, kt\u00f3ry jest najlepiej noszony przez m\u0119\u017cczyzn, aby pasowa\u0142 do ich lederhosen. Zw\u0142aszcza, gdy nie s\u0105 one wyposa\u017cone w szelki. Sk\u00f3rzane pasy Trachten by\u0142y dost\u0119pne w <strong>dodatkowa funkcja we wcze\u015bniejszych latach<\/strong>. By\u0142y one u\u017cywane do <strong>Trofea z polowania<\/strong> w za\u0142\u0105czeniu.<\/p>","protected":false},"excerpt":{"rendered":"<p><strong>Oryginalny sk\u00f3rzany pasek wykonany z rustykalnej sk\u00f3ry,<\/strong> <strong>4 cm<\/strong> szeroki, z pi\u00f3rem <strong>Zamszowy motyw kwiatowy<\/strong>.<\/p>\n<p>Zamkni\u0119cie: <strong>R\u0119cznie t\u0142oczona mosi\u0119\u017cna klamra<\/strong>.<br \/>\nCzas dostawy: ok. 6 tygodni po otrzymaniu p\u0142atno\u015bci.<\/p>","protected":false},"featured_media":10982,"comment_status":"open","ping_status":"closed","template":"","meta":{"inline_featured_image":false,"footnotes":""},"product_brand":[],"product_cat":[598],"product_tag":[600,599],"class_list":{"0":"post-10980","1":"product","2":"type-product","3":"status-publish","4":"has-post-thumbnail","6":"product_cat-federkiel-stickerei","7":"product_tag-federkielstickerei","8":"product_tag-lederguertel","9":"product_shipping_class-paket","10":"pa_brand-marke-salzburger-federkielstickerei","11":"pa_produkt-typ-mode-accessoire","13":"first","14":"instock","15":"taxable","16":"shipping-taxable","17":"purchasable","18":"product-type-variable"},"bundled_by":[],"bundle_stock_status":"instock","bundle_stock_quantity":null,"bundle_virtual":false,"bundle_layout":"","bundle_add_to_cart_form_location":"","bundle_editable_in_cart":false,"bundle_sold_individually_context":"","bundle_item_grouping":"","bundle_min_size":"","bundle_max_size":"","bundle_price":[],"bundled_items":[],"bundle_sell_ids":[],"_links":{"self":[{"href":"https:\/\/ddoptics.shop\/pl\/wp-json\/wp\/v2\/product\/10980","targetHints":{"allow":["GET"]}}],"collection":[{"href":"https:\/\/ddoptics.shop\/pl\/wp-json\/wp\/v2\/product"}],"about":[{"href":"https:\/\/ddoptics.shop\/pl\/wp-json\/wp\/v2\/types\/product"}],"replies":[{"embeddable":true,"href":"https:\/\/ddoptics.shop\/pl\/wp-json\/wp\/v2\/comments?post=10980"}],"version-history":[{"count":0,"href":"https:\/\/ddoptics.shop\/pl\/wp-json\/wp\/v2\/product\/10980\/revisions"}],"wp:featuredmedia":[{"embeddable":true,"href":"https:\/\/ddoptics.shop\/pl\/wp-json\/wp\/v2\/media\/10982"}],"wp:attachment":[{"href":"https:\/\/ddoptics.shop\/pl\/wp-json\/wp\/v2\/media?parent=10980"}],"wp:term":[{"taxonomy":"product_brand","embeddable":true,"href":"https:\/\/ddoptics.shop\/pl\/wp-json\/wp\/v2\/product_brand?post=10980"},{"taxonomy":"product_cat","embeddable":true,"href":"https:\/\/ddoptics.shop\/pl\/wp-json\/wp\/v2\/product_cat?post=10980"},{"taxonomy":"product_tag","embeddable":true,"href":"https:\/\/ddoptics.shop\/pl\/wp-json\/wp\/v2\/product_tag?post=10980"}],"curies":[{"name":"wp","href":"https:\/\/api.w.org\/{rel}","templated":true}]}}