{"id":11759,"date":"2017-08-18T09:21:14","date_gmt":"2017-08-18T07:21:14","guid":{"rendered":"https:\/\/optik-sport-shop.at\/?post_type=product&#038;p=11759"},"modified":"2026-01-30T13:37:08","modified_gmt":"2026-01-30T12:37:08","slug":"podstawa-szyny-montazowej-dentler-z-pierscieniami-30-mm","status":"publish","type":"product","link":"https:\/\/ddoptics.shop\/pl\/kaufen\/dentler-montageschiene-basis-mit-30-mm-ringen\/","title":{"rendered":"Szyna monta\u017cowa DENTLER \u201cBASIS\u00ae\u201d z pier\u015bcieniami 30 mm do lunet DDoptics"},"content":{"rendered":"<div class=\"row\"  id=\"row-1440543871\">\n\n\t<div id=\"col-443742977\" class=\"col medium-8 small-12 large-8\"  >\n\t\t\t\t<div class=\"col-inner\"  >\n\t\t\t\n\t\t\t\n<h2>Szyna monta\u017cowa \u201cBASIS\u201d firmy DENTLER z pier\u015bcieniami 30 mm<\/h2>\n<p>The <strong>Szyna monta\u017cowa do lunet DENTLER z pier\u015bcieniami 30 mm<\/strong> dla <strong>Lunety celownicze DDoptics<\/strong> jest \u0142atwa do samodzielnego monta\u017cu. Szyna monta\u017cowa jest wykonana w ca\u0142o\u015bci z aluminium o wysokiej wytrzyma\u0142o\u015bci, z wyj\u0105tkiem cz\u0119\u015bci, kt\u00f3re poch\u0142aniaj\u0105 si\u0142\u0119 lub s\u0105 podatne na zu\u017cycie, w celu zmniejszenia masy.<\/p>\n<p>Twoja przewaga: wszystko <strong>Lunety celownicze DDoptics w sklepie Optik Sport Shop<\/strong> mo\u017cna teraz zam\u00f3wi\u0107 r\u00f3wnie\u017c z<strong> Szyna monta\u017cowa<\/strong> (pier\u015bcie\u0144 z pier\u015bcieniami, 30 mm) mo\u017ce by\u0107 dostarczony przez firm\u0119 DENTLER. Te szyny monta\u017cowe mog\u0105 by\u0107 montowane na wszystkich podstawowych szynach DENTLER (\u201cBasis Vario\u201c lub \u201cBasis\u201c).<\/p>\n<h3>System monta\u017cowy DENTLER sk\u0142ada si\u0119 z 2 cz\u0119\u015bci: Szyna bazowa + szyna monta\u017cowa z pier\u015bcieniami<\/h3>\n\t<div class=\"img has-hover x md-x lg-x y md-y lg-y\" id=\"image_1812621612\">\n\t\t\t\t\t\t\t\t<div class=\"img-inner dark\" >\n\t\t\t<img decoding=\"async\" width=\"1020\" height=\"268\" src=\"https:\/\/ddoptics.shop\/wp-content\/uploads\/2017\/08\/Dentler-Basis-Montagesystem.jpg\" class=\"attachment-large size-large\" alt=\"Podstawowy system monta\u017cowy Dentler\" srcset=\"https:\/\/ddoptics.shop\/wp-content\/uploads\/2017\/08\/Dentler-Basis-Montagesystem.jpg 1140w, https:\/\/ddoptics.shop\/wp-content\/uploads\/2017\/08\/Dentler-Basis-Montagesystem-304x80.jpg 304w, https:\/\/ddoptics.shop\/wp-content\/uploads\/2017\/08\/Dentler-Basis-Montagesystem-305x80.jpg 305w, https:\/\/ddoptics.shop\/wp-content\/uploads\/2017\/08\/Dentler-Basis-Montagesystem-632x166.jpg 632w, https:\/\/ddoptics.shop\/wp-content\/uploads\/2017\/08\/Dentler-Basis-Montagesystem-800x211.jpg 800w, https:\/\/ddoptics.shop\/wp-content\/uploads\/2017\/08\/Dentler-Basis-Montagesystem-250x66.jpg 250w, https:\/\/ddoptics.shop\/wp-content\/uploads\/2017\/08\/Dentler-Basis-Montagesystem-510x134.jpg 510w\" sizes=\"(max-width: 1020px) 100vw, 1020px\" title=\"\">\t\t\t\t\t\t\n\t\t\t\t\t<\/div>\n\t\t\t\t\t\t\t\t\n<style>\n#image_1812621612 {\n  width: 100%;\n}\n<\/style>\n\t<\/div>\n\t\n\t\t<\/div>\n\t\t\t\t\n<style>\n#col-443742977 > .col-inner {\n  margin: 0px 0px -30px 0px;\n}\n<\/style>\n\t<\/div>\n\n\t\n\n\t<div id=\"col-1721084801\" class=\"col medium-4 small-12 large-4\"  >\n\t\t\t\t<div class=\"col-inner\"  >\n\t\t\t\n\t\t\t\n\t<div class=\"img has-hover x md-x lg-x y md-y lg-y\" id=\"image_1527364655\">\n\t\t\t\t\t\t\t\t<div class=\"img-inner dark\" >\n\t\t\t\t\t\t\t\t\t\n\t\t\t\t\t<\/div>\n\t\t\t\t\t\t\t\t\n<style>\n#image_1527364655 {\n  width: 100%;\n}\n<\/style>\n\t<\/div>\n\t\n\t<div class=\"img has-hover x md-x lg-x y md-y lg-y\" id=\"image_927743737\">\n\t\t\t\t\t\t\t\t<div class=\"img-inner dark\" >\n\t\t\t<img decoding=\"async\" width=\"1020\" height=\"270\" src=\"https:\/\/ddoptics.shop\/wp-content\/uploads\/2022\/06\/Dentler-Logo.png\" class=\"attachment-large size-large\" alt=\"Monta\u017c Dentler\" srcset=\"https:\/\/ddoptics.shop\/wp-content\/uploads\/2022\/06\/Dentler-Logo.png 1120w, https:\/\/ddoptics.shop\/wp-content\/uploads\/2022\/06\/Dentler-Logo-800x212.png 800w, https:\/\/ddoptics.shop\/wp-content\/uploads\/2022\/06\/Dentler-Logo-18x5.png 18w, https:\/\/ddoptics.shop\/wp-content\/uploads\/2022\/06\/Dentler-Logo-304x81.png 304w, https:\/\/ddoptics.shop\/wp-content\/uploads\/2022\/06\/Dentler-Logo-632x168.png 632w, https:\/\/ddoptics.shop\/wp-content\/uploads\/2022\/06\/Dentler-Logo-305x81.png 305w\" sizes=\"(max-width: 1020px) 100vw, 1020px\" title=\"\">\t\t\t\t\t\t\n\t\t\t\t\t<\/div>\n\t\t\t\t\t\t\t\t\n<style>\n#image_927743737 {\n  width: 100%;\n}\n<\/style>\n\t<\/div>\n\t\n\t<div id=\"text-634945985\" class=\"text\">\n\t\t\n<p>\u21d2 Szyny monta\u017cowe do wszystkich lunet DDoptics firmy Dentler<br \/>\n\u21d2 Zestaw monta\u017cowy z pier\u015bcieniami 30 mm do samodzielnego monta\u017cu<br \/>\nMonta\u017c mo\u017ce by\u0107 r\u00f3wnie\u017c wykonany przez osoby niedo\u015bwiadczone<br \/>\n\u21d2 kompatybilno\u015b\u0107 z szynami bazowymi DENTLER<br \/>\n\u21d2 Korzystanie z wielu uk\u0142ad\u00f3w optycznych na jednej broni.<br \/>\n\u21d2 1001TP3\u015acis\u0142a odtwarzalno\u015b\u0107 po zmianie optyki IF<br \/>\n\t\t\n<style>\n#text-634945985 {\n  text-align: center;\n}\n<\/style>\n\t<\/div>\n\t\n<div class=\"text-center\"><div class=\"is-divider divider clearfix\" ><\/div><\/div>\n\t\t<\/div>\n\t\t\t\t\t<\/div>\n\n\t\n<\/div>\n<div class=\"is-divider divider clearfix\" ><\/div>\n<figure id=\"attachment_11755\" aria-describedby=\"caption-attachment-11755\" style=\"width: 350px\" class=\"wp-caption alignright\"><a href=\"https:\/\/ddoptics.shop\/wp-content\/uploads\/2017\/08\/DDoptics-Dentler-Montage.jpg\"><img decoding=\"async\" class=\"wp-image-11755\" src=\"https:\/\/ddoptics.shop\/wp-content\/uploads\/2017\/08\/DDoptics-Dentler-Montage.jpg\" alt=\"Uchwyt DDoptics Dentler zamontowany na Haenel J\u00e4ger 10\" width=\"350\" height=\"263\" title=\"\" srcset=\"https:\/\/ddoptics.shop\/wp-content\/uploads\/2017\/08\/DDoptics-Dentler-Montage.jpg 960w, https:\/\/ddoptics.shop\/wp-content\/uploads\/2017\/08\/DDoptics-Dentler-Montage-304x228.jpg 304w, https:\/\/ddoptics.shop\/wp-content\/uploads\/2017\/08\/DDoptics-Dentler-Montage-305x229.jpg 305w, https:\/\/ddoptics.shop\/wp-content\/uploads\/2017\/08\/DDoptics-Dentler-Montage-632x474.jpg 632w, https:\/\/ddoptics.shop\/wp-content\/uploads\/2017\/08\/DDoptics-Dentler-Montage-800x600.jpg 800w, https:\/\/ddoptics.shop\/wp-content\/uploads\/2017\/08\/DDoptics-Dentler-Montage-250x188.jpg 250w, https:\/\/ddoptics.shop\/wp-content\/uploads\/2017\/08\/DDoptics-Dentler-Montage-510x383.jpg 510w\" sizes=\"(max-width: 350px) 100vw, 350px\" \/><\/a><figcaption id=\"caption-attachment-11755\" class=\"wp-caption-text\">Mimo wszystko wygl\u0105da dobrze. Mocowanie DDoptics Dentler zamontowane na Haenel J\u00e4ger 10<\/figcaption><\/figure>\n<p>The <strong>Szyna bazowa \u201cBASIS\u201d firmy DENTLER<\/strong> jest dost\u0119pna dla prawie wszystkich popularnych broni. The <strong>System monta\u017cowy firmy DENTLER<\/strong>, kt\u00f3ry sk\u0142ada si\u0119 z szyny bazowej dla danej broni (patrz wyb\u00f3r broni) i szyny monta\u017cowej, jest kompatybilny z 100% i zaprojektowany z my\u015bl\u0105 o zerowej tolerancji.<\/p>\n<p>The <strong>Dwucz\u0119\u015bciowy system \u0142\u0105czy bro\u0144 i celownik optyczny<\/strong> Absolutna niezawodno\u015b\u0107 i powtarzalno\u015b\u0107 100%iger.<\/p>\n<p>Po ustawieniu szyna monta\u017cowa zawsze blokuje si\u0119 na szynie bazowej DENTLER z tym samym momentem dokr\u0119cania i bez luzu.<\/p>\n<p>Dodatkowy <strong>Zalety firmy DENTLER<\/strong>U\u017cycie : U\u017cycie <strong>Wiele celownik\u00f3w optycznych bezpiecznie i \u0142atwo na ka\u017cdej broni<\/strong>. Wystarczy zamocowa\u0107 inn\u0105 lunet\u0119 za pomoc\u0105 nowej szyny monta\u017cowej i szybko zamieni\u0107 lunety w zale\u017cno\u015bci od zastosowania.<\/p>\n<p>Niespokojne uczucie, kt\u00f3re zwykle pojawia si\u0119 po <strong>Monta\u017c i demonta\u017c lunety celowniczej<\/strong> nale\u017c\u0105 ju\u017c do przesz\u0142o\u015bci dzi\u0119ki systemowi monta\u017cu DENTLER.<\/p>\n<blockquote><p>Dzi\u0119ki udoskonalonej szynie podstawowej \u201cBASIS VARIO\u201d mo\u017cna nawet szybko i \u0142atwo zamontowa\u0107 wszystkie docelowe elementy optyczne na r\u00f3\u017cnych rodzajach broni.<\/p><\/blockquote>","protected":false},"excerpt":{"rendered":"<p>Modu\u0142owy - Praktyczny - Stabilny. <strong>Podsumowanie: Solidna szyna monta\u017cowa w uczciwej cenie!<\/strong> Najwy\u017csza jako\u015b\u0107 - zaprojektowane w Niemczech!<\/p>\n<a href=\"https:\/\/ddoptics.shop\/pl\/kup\/podstawowa-szyna-montazowa-do-lunet-firmy-dentler\/\" class=\"button success is-success is-medium\" >\n\t\t<span>Do szyny bazowej DENTLER<\/span>\n\t<\/a>","protected":false},"featured_media":11763,"comment_status":"closed","ping_status":"closed","template":"","meta":{"inline_featured_image":false,"footnotes":""},"product_brand":[],"product_cat":[70],"product_tag":[680,678,681,677],"class_list":{"0":"post-11759","1":"product","2":"type-product","3":"status-publish","4":"has-post-thumbnail","6":"product_cat-zielfernrohr-montage","7":"product_tag-basis-dentler","8":"product_tag-dentler-montage","9":"product_tag-dentler-montageschiene","10":"product_tag-zielfernrohrmontage","11":"product_shipping_class-paket","12":"pa_brand-marke-dentler","13":"pa_farbe-schwarz","14":"pa_produkt-typ-zielfernrohr-montage","16":"first","17":"instock","18":"taxable","19":"shipping-taxable","20":"purchasable","21":"product-type-variable"},"bundled_by":["11931"],"bundle_stock_status":"instock","bundle_stock_quantity":null,"bundle_virtual":false,"bundle_layout":"","bundle_add_to_cart_form_location":"","bundle_editable_in_cart":false,"bundle_sold_individually_context":"","bundle_item_grouping":"","bundle_min_size":"","bundle_max_size":"","bundle_price":[],"bundled_items":[],"bundle_sell_ids":[],"_links":{"self":[{"href":"https:\/\/ddoptics.shop\/pl\/wp-json\/wp\/v2\/product\/11759","targetHints":{"allow":["GET"]}}],"collection":[{"href":"https:\/\/ddoptics.shop\/pl\/wp-json\/wp\/v2\/product"}],"about":[{"href":"https:\/\/ddoptics.shop\/pl\/wp-json\/wp\/v2\/types\/product"}],"replies":[{"embeddable":true,"href":"https:\/\/ddoptics.shop\/pl\/wp-json\/wp\/v2\/comments?post=11759"}],"version-history":[{"count":4,"href":"https:\/\/ddoptics.shop\/pl\/wp-json\/wp\/v2\/product\/11759\/revisions"}],"predecessor-version":[{"id":29137,"href":"https:\/\/ddoptics.shop\/pl\/wp-json\/wp\/v2\/product\/11759\/revisions\/29137"}],"wp:featuredmedia":[{"embeddable":true,"href":"https:\/\/ddoptics.shop\/pl\/wp-json\/wp\/v2\/media\/11763"}],"wp:attachment":[{"href":"https:\/\/ddoptics.shop\/pl\/wp-json\/wp\/v2\/media?parent=11759"}],"wp:term":[{"taxonomy":"product_brand","embeddable":true,"href":"https:\/\/ddoptics.shop\/pl\/wp-json\/wp\/v2\/product_brand?post=11759"},{"taxonomy":"product_cat","embeddable":true,"href":"https:\/\/ddoptics.shop\/pl\/wp-json\/wp\/v2\/product_cat?post=11759"},{"taxonomy":"product_tag","embeddable":true,"href":"https:\/\/ddoptics.shop\/pl\/wp-json\/wp\/v2\/product_tag?post=11759"}],"curies":[{"name":"wp","href":"https:\/\/api.w.org\/{rel}","templated":true}]}}