{"id":11793,"date":"2017-09-27T20:07:26","date_gmt":"2017-09-27T18:07:26","guid":{"rendered":"https:\/\/optik-sport-shop.at\/?post_type=product&#038;p=11793"},"modified":"2025-10-07T11:06:51","modified_gmt":"2025-10-07T09:06:51","slug":"luneta-celownicza-ddoptics-2komma5-15x56-nfx-mrad","status":"publish","type":"product","link":"https:\/\/ddoptics.shop\/pl\/kaufen\/ddoptics-zielfernrohr-2komma5-15x56-nfx-mrad\/","title":{"rendered":"Luneta celownicza 2.5-15\u00d756 NFX z regulacj\u0105 DDoptics | V6 | A4N | MRAD - Gen 3"},"content":{"rendered":"<div class=\"container section-title-container\" ><h3 class=\"section-title section-title-normal\"><b aria-hidden=\"true\"><\/b><span class=\"section-title-main\" ><i class=\"icon-cross\" aria-hidden=\"true\"><\/i>Szybki przegl\u0105d Szybki przegl\u0105d Luneta celownicza 2,5-15x56 z regulacj\u0105 klikni\u0119cia 1 cm \/ 100 m<\/span><b aria-hidden=\"true\"><\/b><\/h3><\/div>\n<table style=\"background-color: #cacaca;\">\n<tbody>\n<tr style=\"height: 24px;\">\n<td style=\"height: 24px; text-align: left; width: 20%;\"><strong>Rura:<\/strong><\/td>\n<td style=\"height: 24px; text-align: left; width: 30%;\">Rurka mono 30 mm<\/td>\n<td style=\"height: 24px; text-align: left; width: 20%;\"><strong>Pole widzenia: m przy 100 m:<\/strong><\/td>\n<td style=\"height: 24px; text-align: left; width: 30%;\">14,7-2,5 m<\/td>\n<\/tr>\n<tr style=\"height: 24px;\">\n<td style=\"height: 24px; text-align: left; width: 20%;\"><strong>Uk\u0142ad optyczny:<\/strong><\/td>\n<td style=\"height: 24px; text-align: left; width: 30%;\">2,5-15-krotny<\/td>\n<td style=\"height: 24px; text-align: left; width: 20%;\"><strong>Odleg\u0142o\u015b\u0107 mi\u0119dzy \u017arenicami:<\/strong><\/td>\n<td style=\"height: 24px; text-align: left; width: 30%;\">100 mm<\/td>\n<\/tr>\n<tr style=\"height: 24px;\">\n<td style=\"height: 24px; text-align: left; width: 20%;\"><strong>Cel:<\/strong><\/td>\n<td style=\"height: 24px; text-align: left; width: 30%;\">56 mm<\/td>\n<td style=\"height: 24px; text-align: left; width: 20%;\"><strong>D\u0142ugo\u015b\u0107:<\/strong><\/td>\n<td style=\"height: 24px; text-align: left; width: 30%;\">372 mm<\/td>\n<\/tr>\n<tr style=\"height: 24px;\">\n<td style=\"height: 24px; text-align: left; width: 20%;\"><a href=\"https:\/\/de.wikipedia.org\/wiki\/Absehen\" target=\"_blank\" rel=\"noopener noreferrer\"><strong>Celownik:<\/strong><\/a><\/td>\n<td style=\"height: 24px; text-align: left; width: 30%;\">Nowy celownik 4<\/td>\n<td style=\"height: 24px; text-align: left; width: 20%;\"><strong>Waga:<\/strong><\/td>\n<td style=\"height: 24px; text-align: left; width: 30%;\">759 g<\/td>\n<\/tr>\n<tr style=\"height: 24px;\">\n<td style=\"height: 24px; text-align: left; width: 20%;\"><strong>Punkt \u015bwietlny<\/strong><\/td>\n<td style=\"height: 24px; text-align: left; width: 30%;\">Standardowy lub iFibre<\/td>\n<td style=\"height: 24px; text-align: left; width: 20%;\"><strong>Ochrona przed zaparowaniem:<\/strong><\/td>\n<td style=\"height: 24px; text-align: left; width: 30%;\">Wype\u0142nienie azotem przed zaparowaniem<\/td>\n<\/tr>\n<tr style=\"height: 24px;\">\n<td style=\"height: 24px; text-align: left; width: 20%;\"><strong>Ostro\u015b\u0107\/paralaksa:<\/strong><\/td>\n<td style=\"height: 24px; text-align: left; width: 30%;\">Regulowany obiektyw 20-500 m do niesko\u0144czono\u015bci<\/td>\n<td style=\"height: 24px; text-align: left; width: 20%;\"><strong>Szczelno\u015b\u0107:<\/strong><\/td>\n<td style=\"height: 24px; text-align: left; width: 30%;\">Odporno\u015b\u0107 na wod\u0119 i uderzenia<\/td>\n<\/tr>\n<\/tbody>\n<\/table>\n<div class=\"row\"  id=\"row-1794142650\">\n\n\t<div id=\"col-928360567\" class=\"col medium-8 small-12 large-8\"  >\n\t\t\t\t<div class=\"col-inner\"  >\n\t\t\t\n\t\t\t\n<h2>Luneta celownicza 2.5-15\u00d756 NFX V6 od DDoptics - pot\u0119\u017cna luneta celownicza z 6-krotnym zoomem i regulacj\u0105 MRAD click (1 cm\/klik - 100 m).<\/h2>\n<p><strong>Du\u017ce powi\u0119kszenia <\/strong>z <strong>s\u0142abe o\u015bwietlenie<\/strong>,a tak\u017ce z <strong>Du\u017ce pole widzenia dla szybkich zdj\u0119\u0107<\/strong>, stawia wysokie wymagania przed projektantami optyki.<\/p>\n<p>Polowanie na rozleg\u0142ych obszarach wymaga wiele od optyki lunety. Du\u017ce powi\u0119kszenia umo\u017cliwiaj\u0105 jednak niezawodn\u0105 reakcj\u0119 na du\u017cych odleg\u0142o\u015bciach. W zwi\u0105zku z tym bardzo wa\u017cne jest, aby konstrukcja lunety <strong>Jasno\u015b\u0107 obrazu nawet przy du\u017cym powi\u0119kszeniu<\/strong> jest nadal u\u017cyteczny.<\/p>\n<p>Korzystny widok w okularze lunety, znacznie zmniejszony obszar obr\u0119czy i szerokie pole widzenia sprawiaj\u0105, \u017ce ta niesamowita (w tej cenie) luneta DDoptics jest r\u00f3wnie\u017c interesuj\u0105ca do strzelania w ruchu.<\/p>\n<p>Bardzo rozbudowany <strong>Optyka do lunet HD od DDoptics<\/strong> oferuje niezwykle kontrastowy i wierny kolorystycznie obraz o wyj\u0105tkowej ostro\u015bci od kraw\u0119dzi do kraw\u0119dzi nawet przy 15-krotnym powi\u0119kszeniu dzi\u0119ki pow\u0142oce opracowanej specjalnie dla tego obiektywu, kt\u00f3ra nie pozwala na \u017cadne odbicia ani \u015bwiat\u0142o rozproszone. W szczeg\u00f3lno\u015bci kolorowa obw\u00f3dka zosta\u0142a zredukowana do minimum.<\/p>\n<p>The <a href=\"https:\/\/ddoptics.shop\/pl\/sklep\/celownik-teleskopowy\/v6-6x-zoom\/\" target=\"_blank\" rel=\"noopener noreferrer\">6-krotny <strong>Celownik teleskopowy <\/strong><\/a>Spe\u0142nia wszystkie wymagania dotycz\u0105ce polowa\u0144, takie jak<strong>\u00a0Prze\u015bladowanie, ukrywanie si\u0119 <\/strong>w mieszkaniu i w<strong> G\u00f3ry.<\/strong><\/p>\n\t\t<\/div>\n\t\t\t\t\t<\/div>\n\n\t\n\n\t<div id=\"col-862030038\" class=\"col medium-4 small-12 large-4\"  >\n\t\t\t\t<div class=\"col-inner\"  >\n\t\t\t\n\t\t\t\n<a class=\"button primary expand\" >\n\t\t<span>Cechy szczeg\u00f3lne lunety celowniczej<\/span>\n\t<\/a>\n\n\n\t<section class=\"section\" id=\"section_1723706902\">\n\t\t<div class=\"section-bg fill\" >\n\t\t\t\t\t\t\t\t\t<div class=\"section-bg-overlay absolute fill\"><\/div>\n\t\t\t\n\n\t\t<\/div>\n\n\t\t\n\n\t\t<div class=\"section-content relative\">\n\t\t\t\n\t<div class=\"img has-hover x md-x lg-x y md-y lg-y\" id=\"image_677988537\">\n\t\t<a class=\"\" href=\"https:\/\/www.ddoptics.de\/garantiebestimmungen\" target=\"_blank\" rel=\"no follow noopener\">\t\t\t\t\t\t<div class=\"img-inner dark\" >\n\t\t\t<img decoding=\"async\" width=\"352\" height=\"160\" src=\"https:\/\/ddoptics.shop\/wp-content\/uploads\/2014\/09\/DDoptics-Garantie.jpg\" class=\"attachment-large size-large\" alt=\"Gwarancja DDoptics\" srcset=\"https:\/\/ddoptics.shop\/wp-content\/uploads\/2014\/09\/DDoptics-Garantie.jpg 352w, https:\/\/ddoptics.shop\/wp-content\/uploads\/2014\/09\/DDoptics-Garantie-304x138.jpg 304w, https:\/\/ddoptics.shop\/wp-content\/uploads\/2014\/09\/DDoptics-Garantie-305x139.jpg 305w, https:\/\/ddoptics.shop\/wp-content\/uploads\/2014\/09\/DDoptics-Garantie-250x114.jpg 250w\" sizes=\"(max-width: 352px) 100vw, 352px\" title=\"\">\t\t\t\t\t\t\n\t\t\t\t\t<\/div>\n\t\t\t\t\t\t<\/a>\t\t\n<style>\n#image_677988537 {\n  width: 100%;\n}\n<\/style>\n\t<\/div>\n\t\n\t<div id=\"gap-513486636\" class=\"gap-element clearfix\" style=\"display:block; height:auto;\">\n\t\t\n<style>\n#gap-513486636 {\n  padding-top: 15px;\n}\n<\/style>\n\t<\/div>\n\t\n\t<div id=\"text-4238807910\" class=\"text\">\n\t\t\n<p><span style=\"font-size: 80%;\"><em>\u21d2 Na podstawie Gen 3 - specjalna wersja FX<br \/>\n\u21d2 FX = wi\u0119ksze pole widzenia i lepszy wgl\u0105d<br \/>\n\u21d2 Mniejszy obszar kraw\u0119dzi w widoku<br \/>\n\u21d2 Metalowe wie\u017cyczki regulacji siatki (nie plastikowe jak w gen. 2)<br \/>\n\u21d2 Szk\u0142o CT (przejrzysta transmisja) (niska dyspersja)<br \/>\n\u21d2 Podw\u00f3jne skalowanie (podw\u00f3jny obr\u00f3t)<br \/>\n\u21d2 Zerostop dla ASV (zatrzymanie zerowe)<br \/>\n<strong>\u21d2 Twarda taktyczna blokada klikni\u0119cia mrad (1 cm\/klikni\u0119cie)<\/strong><br \/>\n<strong> \u21d2 Skok regulacji 184 klikni\u0119cia = od 1,8 m do 100 m<\/strong><br \/>\n\u21d2 Nowa konstrukcja pier\u015bcienia regulacji powi\u0119kszenia<br \/>\n\u21d2 Nowy celownik 4 ze znacznie drobniejszymi paskami<br \/>\n<\/em><\/span><br \/>\n\t\t\n<style>\n#text-4238807910 {\n  line-height: 1.15;\n  color: rgb(33, 107, 227);\n}\n#text-4238807910 > * {\n  color: rgb(33, 107, 227);\n}\n<\/style>\n\t<\/div>\n\t\n\t\t<\/div>\n\n\t\t\n<style>\n#section_1723706902 {\n  padding-top: 30px;\n  padding-bottom: 30px;\n  background-color: rgb(232, 232, 232);\n}\n#section_1723706902 .section-bg-overlay {\n  background-color: rgba(255,255,255,.5);\n}\n<\/style>\n\t<\/section>\n\t\n<div class=\"is-divider divider clearfix\" ><\/div>\n\t\t<\/div>\n\t\t\t\t\t<\/div>\n\n\t\n<\/div>\n\t<div class=\"img has-hover x md-x lg-x y md-y lg-y\" id=\"image_796474307\">\n\t\t\t\t\t\t\t\t<div class=\"img-inner dark\" >\n\t\t\t<img decoding=\"async\" width=\"800\" height=\"537\" src=\"https:\/\/ddoptics.shop\/wp-content\/uploads\/2019\/10\/technische-Zeichnung-DDoptics-2_5-15x56.jpg\" class=\"attachment-large size-large\" alt=\"Rysowanie DDoptics V4 2,5-10x56 NFX\" srcset=\"https:\/\/ddoptics.shop\/wp-content\/uploads\/2019\/10\/technische-Zeichnung-DDoptics-2_5-15x56.jpg 800w, https:\/\/ddoptics.shop\/wp-content\/uploads\/2019\/10\/technische-Zeichnung-DDoptics-2_5-15x56-304x204.jpg 304w, https:\/\/ddoptics.shop\/wp-content\/uploads\/2019\/10\/technische-Zeichnung-DDoptics-2_5-15x56-305x205.jpg 305w, https:\/\/ddoptics.shop\/wp-content\/uploads\/2019\/10\/technische-Zeichnung-DDoptics-2_5-15x56-632x424.jpg 632w, https:\/\/ddoptics.shop\/wp-content\/uploads\/2019\/10\/technische-Zeichnung-DDoptics-2_5-15x56-510x342.jpg 510w, https:\/\/ddoptics.shop\/wp-content\/uploads\/2019\/10\/technische-Zeichnung-DDoptics-2_5-15x56-250x168.jpg 250w\" sizes=\"(max-width: 800px) 100vw, 800px\" title=\"\">\t\t\t\t\t\t\n\t\t\t\t\t<\/div>\n\t\t\t\t\t\t\t\t\n<style>\n#image_796474307 {\n  width: 100%;\n}\n<\/style>\n\t<\/div>\n\t\n<h3>Szerokok\u0105tna luneta celownicza DDoptics V6 2.5-15\u00d756 NFX do broni my\u015bliwskiej - ze skal\u0105 MRAD<\/h3>\n<p>Podobnie jak w przypadku modeli Gen 3, V6 2.5-15\u00d756 NFX <strong>konsekwentnie zrezygnowano ze wszystkich plastikowych cz\u0119\u015bci.\u00a0<\/strong>W\u015br\u00f3d niskich, <strong>Wie\u017cyczki my\u015bliwskie z podw\u00f3jnym skalowaniem<\/strong> ukrywa <strong>Precyzyjny i p\u0142ynnie dzia\u0142aj\u0105cy mechanizm<\/strong>, kt\u00f3re do tej pory <strong>tylko w wersji z lunet\u0105 taktyczn\u0105<\/strong> zosta\u0142 zainstalowany.<\/p>\n<p>Zaleta: mo\u017cna obej\u015b\u0107 si\u0119 bez os\u0142ony ochronnej nad regulacj\u0105 siatki celowniczej, a tym samym mie\u0107 <strong>Dost\u0119p do regulacji siatki celowniczej w dowolnym momencie<\/strong> w celu skorygowania odleg\u0142o\u015bci strza\u0142u lub pr\u0119dko\u015bci wiatru.<\/p>\n<h3>Optyka my\u015bliwska A4N <a href=\"https:\/\/de.wikipedia.org\/wiki\/Absehen\" target=\"_blank\" rel=\"noopener sponsored\" data-schema-attribute=\"\">Pod\u015bwietlany celownik<\/a> z inteligentn\u0105 pod\u015bwietlan\u0105 kropk\u0105 IFiber<\/h3>\n<p>The <strong>Luneta celownicza 6x 2.5-15\u00d756 NFX<\/strong> Posiada skuteczn\u0105, nowoczesn\u0105 siatk\u0119 celownicz\u0105 4-N opracowan\u0105 przez wielu my\u015bliwych.<\/p>\n<h3>Nowy celownik A4N zapewniaj\u0105cy minimalne pokrycie celu<\/h3>\n<p>Przegl\u0105daj\u0105c nowe <strong>Luneta celownicza generacji 3<\/strong>\u00a0widz natychmiast rozpoznaje praktyczny design:<\/p>\n<ul>\n<li>The <strong>Krzy\u017c celowniczy w celowniku 4<\/strong> jest <strong>znacznie delikatniejszy<\/strong> a nieco grubsze belki zewn\u0119trzne s\u0105 tylko o po\u0142ow\u0119 grubsze i znacznie od siebie oddalone.<\/li>\n<li>Jest to ogromna zaleta, szczeg\u00f3lnie dla my\u015bliwych w warunkach s\u0142abego o\u015bwietlenia, poniewa\u017c <strong>Cel tylko minimalnie zas\u0142oni\u0119ty<\/strong> W ten spos\u00f3b optymalnie wspierane jest b\u0142yskawiczne i bezpieczne zatrzymanie.<\/li>\n<\/ul>\n<p>Celownik znajduje si\u0119 w <strong>P\u0142aszczyzna obrazu okularu (2. p\u0142aszczyzna obrazu)<\/strong>. Z <strong>Przy maksymalnym powi\u0119kszeniu 15 razy, krzy\u017cyk tylko minimalnie zas\u0142ania cel.<\/strong> Ka\u017cde klikni\u0119cie reguluje celownik o 0,25 minuty k\u0105towej (MOA), czyli o 7,3 milimetra na 100 metr\u00f3w.<\/p>\n<h3>Ca\u0142kowity zakres regulacji lunety celowniczej:<\/h3>\n<p>Luneta celownicza ma<strong> Taktyczna regulacja o 0,1 mrad<\/strong>. Dla u\u017cytkownika oznacza to <strong>Europa prosta aplikacja wed\u0142ug systemu dziesi\u0119tnego<\/strong>.<\/p>\n<p>Ca\u0142kowity skok regulacji na odcinku 100 m: 18,4 MRAD - 184 klikni\u0119cia - 1,8 m<\/p>\n<ul>\n<li>Skok regulacji \/ klikni\u0119cie na 100 m: 1 cm<\/li>\n<li>Skok regulacji \/ klikni\u0119cie przy 200 m: 2 cm<\/li>\n<li>Zakres regulacji \/ klikni\u0119cie przy 300 m: 3 cm<\/li>\n<li>Skok regulacji \/ klikni\u0119cie przy 900 m: 9 cm<\/li>\n<\/ul>\n<h3>Solidny mechanizm regulacji lunety do trudnych zastosowa\u0144 z Zerostop i ASV<\/h3>\n<p>The <strong>Wie\u017cyczki regulacji siatki celowniczej optyki DDoptics<\/strong> generacji 3 s\u0105 wykonane z wytrzyma\u0142ego stopu aluminium i nie zawieraj\u0105 \u017cadnych plastikowych element\u00f3w. Wszystkie <strong>Cz\u0119\u015bci aluminiowe<\/strong> z nowym, nieb\u0142yszcz\u0105cym, <strong>Anodyzowana pow\u0142oka DDoptics w kolorze czarnym<\/strong> pod warunkiem.<\/p>\n<p>The <strong>Mechanizm regulacji zosta\u0142 zmieniony na wersj\u0119 Tactical<\/strong>, Oznacza to, \u017ce jest nie tylko wysoce odporny na wstrz\u0105sy i ca\u0142kowicie wodoodporny, ale tak\u017ce p\u0142ynnie dzia\u0142a, a zatem jest chroniony przed niezamierzon\u0105 regulacj\u0105. Oznacza to, \u017ce regulacja siatki celowniczej mo\u017ce by\u0107 r\u00f3wnie\u017c u\u017cywana \u201eotwarta\u201c w codziennym polowaniu, tj. bez zakr\u0119tki, aby m\u00f3c szybko dostosowa\u0107 siatk\u0119 celownicz\u0105 w zale\u017cno\u015bci od sytuacji.<\/p>\n<h3>Szybka regulacja siatki celowniczej z Zerostopem<\/h3>\n<p>Na <strong>Podw\u00f3jna skala (Doubleturn) na wie\u017cyczce podniesienia lunety<\/strong> liczb\u0119 wykonanych regulacji mo\u017cna odczyta\u0107 i odpowiednio ustawi\u0107. Po oddaniu strza\u0142u mo\u017cna \u201ewyzerowa\u0107\u201c regulacj\u0119 siatki celowniczej, a nast\u0119pnie obr\u00f3ci\u0107 pier\u015bcie\u0144 Zerostop do oporu. Ustawienie zerowe jest nast\u0119pnie regulowane za pomoc\u0105<strong> Pier\u015bcienie Zerostop kontrowane od do\u0142u<\/strong> aby zatrzyma\u0107 si\u0119 w pozycji zerowej.<\/p>\n<p>Zaczynaj\u0105c od pozycji zerowej - zak\u0142adaj\u0105c znajomo\u015b\u0107 oznacze\u0144 - mo\u017cna <strong>R\u00f3\u017cne odleg\u0142o\u015bci strzelania za pomoc\u0105 systemu znakowania<\/strong> Wie\u017ca regulacji bocznej jest oznaczona dwiema obracaj\u0105cymi si\u0119 przeciwbie\u017cnie skalami; pocz\u0105wszy od ustawienia zerowego, skala<strong> Siatka w zale\u017cno\u015bci od kierunku i si\u0142y wiatru<\/strong> lub dowolny ruch celu mo\u017ce by\u0107 wst\u0119pnie ustawiony.<\/p>","protected":false},"excerpt":{"rendered":"<p><img decoding=\"async\" class=\"alignnone wp-image-10452 size-full\" title=\"Strzelectwo sportowe\" src=\"https:\/\/ddoptics.shop\/wp-content\/uploads\/2016\/07\/Target-Schiessen.jpg\" alt=\"Strzelanie do celu\" width=\"50\" height=\"50\" \/><img decoding=\"async\" class=\"alignnone wp-image-10168 size-full\" title=\"Polowanie na stoisku\" src=\"https:\/\/ddoptics.shop\/wp-content\/uploads\/2016\/09\/Jagd-klein.jpg\" alt=\"Lornetka my\u015bliwska\" width=\"50\" height=\"50\" \/><img decoding=\"async\" class=\"alignnone wp-image-10178 size-full\" title=\"Polowanie w g\u00f3rach\" src=\"https:\/\/ddoptics.shop\/wp-content\/uploads\/2016\/04\/Gebirgsjagd-klein.jpg\" alt=\"G\u00f3rska lornetka my\u015bliwska\" width=\"50\" height=\"50\" \/><br \/>\nNowy, ekstremalny celownik optyczny, kt\u00f3ry <strong>Prawie wszystkie obszary \u0142owieckie<\/strong> obj\u0119te gwarancj\u0105. Od polowa\u0144 p\u0119dzonych, przez polowania z ukrycia, po polowania w g\u00f3rach - a\u017c do ostatniego \u015bwiat\u0142a karabinu. Dzi\u0119ki transmisji \u015bwiat\u0142a do 96%! <strong>Opcjonalnie z inteligentnym <a title=\"NOWA pod\u015bwietlana kropka DDoptics IFiber\" href=\"\/pl\/termin-techniczny-wiki\/inteligentny-punkt-swietlny-ddoptics-ifiber\/\" target=\"_blank\" rel=\"noopener noreferrer\">Punkt \u015bwietlny IFibre<\/a> za dodatkow\u0105 op\u0142at\u0105 w wysoko\u015bci 99,- \u20ac.<\/strong><\/p>\n<a href=\"https:\/\/amzn.to\/3Pp05dH\" target=\"_blank\" class=\"button success is-success is-small\" rel=\"\u201dnofollow\u201d noopener\" >\n\t\t<span>klient amazon? - korzysta\u0107 z korzy\u015bci prime?<\/span>\n\t<\/a>","protected":false},"featured_media":12191,"comment_status":"open","ping_status":"closed","template":"","meta":{"inline_featured_image":false,"footnotes":""},"product_brand":[],"product_cat":[555,454,638,697,917,640,919,637,68],"product_tag":[556,78,80,698,79],"class_list":{"0":"post-11793","1":"product","2":"type-product","3":"status-publish","4":"has-post-thumbnail","6":"product_cat-25-15x56","7":"product_cat-56-mm-objektivdurchmesser","8":"product_cat-ansitzjagd","9":"product_cat-mrad-klickverstellung","10":"product_cat-nfx-zielfernrohre-weitwinkel-zf","11":"product_cat-pirschjagd-und-gebirgsjagd","12":"product_cat-v6-6-fach-zoom","13":"product_cat-zf-anwendung","14":"product_cat-zielfernrohr","15":"product_tag-2-5-15x56","16":"product_tag-ddoptics","17":"product_tag-gen-3","18":"product_tag-mrad-1-cm-klickverstellung","19":"product_tag-zielfernrohr","20":"product_shipping_class-paket","21":"pa_brand-marke-ddoptics","22":"pa_produkt-typ-zielfernrohr","24":"first","25":"instock","26":"sale","27":"taxable","28":"shipping-taxable","29":"purchasable","30":"product-type-bundle"},"bundled_by":[],"bundle_stock_status":"instock","bundle_stock_quantity":34,"bundle_virtual":false,"bundle_layout":"default","bundle_add_to_cart_form_location":"default","bundle_editable_in_cart":false,"bundle_sold_individually_context":"product","bundle_item_grouping":"parent","bundle_min_size":"","bundle_max_size":"","bundle_price":{"price":{"min":{"incl_tax":"1168.01","excl_tax":"973.34"},"max":{"incl_tax":"1272.32","excl_tax":"1060.26"}},"regular_price":{"min":{"incl_tax":"1298.01","excl_tax":"1081.68"},"max":{"incl_tax":"1413.9","excl_tax":"1178.25"}}},"bundled_items":[{"bundled_item_id":66,"product_id":12809,"menu_order":0,"quantity_min":1,"quantity_max":1,"quantity_default":1,"priced_individually":true,"shipped_individually":false,"override_title":true,"title":"","override_description":false,"description":"","optional":false,"hide_thumbnail":true,"discount":"","override_variations":true,"allowed_variations":[12810,12811],"override_default_variation_attributes":false,"default_variation_attributes":[],"single_product_visibility":"visible","cart_visibility":"visible","order_visibility":"visible","single_product_price_visibility":"visible","cart_price_visibility":"visible","order_price_visibility":"visible","stock_status":"in_stock"},{"bundled_item_id":67,"product_id":12812,"menu_order":1,"quantity_min":1,"quantity_max":1,"quantity_default":1,"priced_individually":true,"shipped_individually":false,"override_title":true,"title":"Prawie prezent - czapki z klapk\u0105","override_description":false,"description":"","optional":true,"hide_thumbnail":false,"discount":"68.55","override_variations":true,"allowed_variations":[12819],"override_default_variation_attributes":true,"default_variation_attributes":[{"id":17,"name":"Rozmiar lunety","option":"25-15x56"}],"single_product_visibility":"visible","cart_visibility":"visible","order_visibility":"visible","single_product_price_visibility":"visible","cart_price_visibility":"visible","order_price_visibility":"visible","stock_status":"in_stock"}],"bundle_sell_ids":[],"_links":{"self":[{"href":"https:\/\/ddoptics.shop\/pl\/wp-json\/wp\/v2\/product\/11793","targetHints":{"allow":["GET"]}}],"collection":[{"href":"https:\/\/ddoptics.shop\/pl\/wp-json\/wp\/v2\/product"}],"about":[{"href":"https:\/\/ddoptics.shop\/pl\/wp-json\/wp\/v2\/types\/product"}],"replies":[{"embeddable":true,"href":"https:\/\/ddoptics.shop\/pl\/wp-json\/wp\/v2\/comments?post=11793"}],"version-history":[{"count":15,"href":"https:\/\/ddoptics.shop\/pl\/wp-json\/wp\/v2\/product\/11793\/revisions"}],"predecessor-version":[{"id":29220,"href":"https:\/\/ddoptics.shop\/pl\/wp-json\/wp\/v2\/product\/11793\/revisions\/29220"}],"wp:featuredmedia":[{"embeddable":true,"href":"https:\/\/ddoptics.shop\/pl\/wp-json\/wp\/v2\/media\/12191"}],"wp:attachment":[{"href":"https:\/\/ddoptics.shop\/pl\/wp-json\/wp\/v2\/media?parent=11793"}],"wp:term":[{"taxonomy":"product_brand","embeddable":true,"href":"https:\/\/ddoptics.shop\/pl\/wp-json\/wp\/v2\/product_brand?post=11793"},{"taxonomy":"product_cat","embeddable":true,"href":"https:\/\/ddoptics.shop\/pl\/wp-json\/wp\/v2\/product_cat?post=11793"},{"taxonomy":"product_tag","embeddable":true,"href":"https:\/\/ddoptics.shop\/pl\/wp-json\/wp\/v2\/product_tag?post=11793"}],"curies":[{"name":"wp","href":"https:\/\/api.w.org\/{rel}","templated":true}]}}