{"id":11798,"date":"2017-09-27T20:08:50","date_gmt":"2017-09-27T18:08:50","guid":{"rendered":"https:\/\/optik-sport-shop.at\/?post_type=product&#038;p=11798"},"modified":"2026-04-14T09:57:54","modified_gmt":"2026-04-14T07:57:54","slug":"luneta-z-powloka-cerakote","status":"publish","type":"product","link":"https:\/\/ddoptics.shop\/pl\/kaufen\/cerakote-beschichtung-zielfernrohr\/","title":{"rendered":"Pow\u0142oka Cerakote dla lunet DDoptics - r\u00f3\u017cne kolory"},"content":{"rendered":"<h2>Pow\u0142oka Cerakote | Indywidualne wyko\u0144czenie powierzchni lunet DDoptics | Ochrona broni przed korozj\u0105<\/h2>\n<div class=\"row\"  id=\"row-998411157\">\n\n\t<div id=\"col-1510637073\" class=\"col medium-8 small-12 large-8\"  >\n\t\t\t\t<div class=\"col-inner\"  >\n\t\t\t\n\t\t\t\n<p>Oferujemy naszym klientom mo\u017cliwo\u015b\u0107 indywidualnego powlekania wszystkich lunet w r\u00f3\u017cnych kolorach.<\/p>\n<p>U\u017cywamy wy\u0142\u0105cznie wysokiej jako\u015bci <strong>Pow\u0142oki ceramiczne od <a href=\"https:\/\/www.cerakote.com\/project-gallery\" target=\"_blank\" rel=\"noopener sponsored nofollow\">Cerakote<\/a><\/strong> u\u017cywane. Opr\u00f3cz indywidualnego wzornictwa pow\u0142oka ta oferuje r\u00f3wnie\u017c unikalne w\u0142a\u015bciwo\u015bci powierzchniowe, takie jak <strong>wysoka odporno\u015b\u0107 na \u015bcieranie, optymalna odporno\u015b\u0107 chemiczna i wysoka odporno\u015b\u0107 na zarysowania.<\/strong><\/p>\n<p>Dzi\u0119ki temu luneta zyskuje prawdziw\u0105 warto\u015b\u0107. Powlekanie jest mo\u017cliwe zar\u00f3wno dla nowych, jak i u\u017cywanych lunet DDoptics.<\/p>\n<p>Obecnie mo\u017cemy zaoferowa\u0107 12 r\u00f3\u017cnych kolor\u00f3w.<\/p>\n<p>WSKAZ\u00d3WKA: Pow\u0142oki Cerakote do broni i tuningu s\u0105 stosowane w <strong><a href=\"https:\/\/www.verex-tactical.com\/galerie\/\" target=\"_blank\" rel=\"noopener\">VEREX Tactical<\/a> <\/strong>profesjonalnie i z przyjemno\u015bci\u0105.<\/p>\n<h3>Pow\u0142oka ceramiczna Cerakote zapewnia wyj\u0105tkowy wygl\u0105d i optymaln\u0105 ochron\u0119 przed korozj\u0105<\/h3>\n<p>Cerakote to niezwykle trwa\u0142a pow\u0142oka opracowana w USA (krainie broni) specjalnie dla broni, kt\u00f3ra jest dost\u0119pna w wielu kombinacjach kolorystycznych.<\/p>\n<p>Opr\u00f3cz po\u017c\u0105danej poprawy wizualnej, pistolet otrzymuje powierzchni\u0119, kt\u00f3ra chroni go przed wszelkimi wp\u0142ywami \u015brodowiska i znacznie wyd\u0142u\u017ca \u017cywotno\u015b\u0107 pistoletu przenoszonego na zewn\u0105trz.<\/p>\n<blockquote><p>Dzi\u0119ki Cerakote mo\u017cesz stworzy\u0107 co\u015b ca\u0142kowicie spersonalizowanego ze swojej broni, w tym celownik i mocowanie lunety.<\/p><\/blockquote>\n<h3>Kr\u00f3tkie wyja\u015bnienie procesu powlekania broni Cerakote<\/h3>\n<p>Po odt\u0142uszczaj\u0105cej k\u0105pieli acetonowej, zdemontowane cz\u0119\u015bci broni s\u0105 piaskowane w kabinie do piaskowania przez <strong>usuni\u0119ta stara sinizna lub nawet rdza nalotowa<\/strong> i ponownie pokryte cienk\u0105 warstw\u0105 Cerakote w wybranych kolorach.<\/p>\n<blockquote><p>Po kilku pr\u00f3bach uda\u0142o nam si\u0119 r\u00f3wnie\u017c znale\u017a\u0107 idealny spos\u00f3b na wykonanie trwa\u0142ej pow\u0142oki, nawet z lunet\u0105 i monta\u017cem.<\/p><\/blockquote>\n<p>Trwa\u0142y<strong> Lakier ceramiczny z USA<\/strong> uzyskuje swoj\u0105 ostateczn\u0105 wytrzyma\u0142o\u015b\u0107 poprzez wypalanie przez dwie godziny w specjalnej komorze do wypalania.<\/p>\n<p>Cerakote oferuje najlepsz\u0105 ochron\u0119 przed korozj\u0105, charakterystyczny wygl\u0105d i zwi\u0119ksza warto\u015b\u0107 broni.<\/p>\n<h3>Przekonuj\u0105cy ekstremalny test broni z pow\u0142ok\u0105 Ceracote w dziczy<\/h3>\n\t\t<\/div>\n\t\t\t\t\t<\/div>\n\n\t\n\n\t<div id=\"col-1505586048\" class=\"col medium-4 small-12 large-4\"  >\n\t\t\t\t<div class=\"col-inner\"  >\n\t\t\t\n\t\t\t\n<a class=\"button primary expand\" >\n\t\t<span>Cechy szczeg\u00f3lne pow\u0142oki Keramic<\/span>\n\t<i class=\"icon-checkmark\" aria-hidden=\"true\"><\/i><\/a>\n\n<ul>\n<li>Indywidualne wyko\u0144czenie powierzchni<\/li>\n<li>Wysokiej jako\u015bci pow\u0142oki ceramiczne Cerakote<\/li>\n<li>Wysoka odporno\u015b\u0107 na \u015bcieranie<\/li>\n<li>Optymalna odporno\u015b\u0107 chemiczna<\/li>\n<li>Wysoka odporno\u015b\u0107 na zarysowania<\/li>\n<li>dla nowych i u\u017cywanych lunet DDoptics zakupionych u nas<\/li>\n<li>Obecnie dost\u0119pnych jest 12 r\u00f3\u017cnych kolor\u00f3w<\/li>\n<\/ul>\n\t<div class=\"img has-hover x md-x lg-x y md-y lg-y\" id=\"image_1813797220\">\n\t\t<a class=\"image-lightbox lightbox-gallery\" title=\"\" href=\"https:\/\/ddoptics.shop\/wp-content\/uploads\/2023\/05\/Cerakote-Waffe-ZF.webp\">\t\t\t\t\t\t<div class=\"img-inner dark\" >\n\t\t\t<img decoding=\"async\" width=\"600\" height=\"800\" src=\"https:\/\/ddoptics.shop\/wp-content\/uploads\/2023\/05\/Cerakote-Waffe-ZF.webp\" class=\"attachment-large size-large\" alt=\"Bro\u0144 Cerakote + celownik teleskopowy\" srcset=\"https:\/\/ddoptics.shop\/wp-content\/uploads\/2023\/05\/Cerakote-Waffe-ZF.webp 600w, https:\/\/ddoptics.shop\/wp-content\/uploads\/2023\/05\/Cerakote-Waffe-ZF-304x405.webp 304w, https:\/\/ddoptics.shop\/wp-content\/uploads\/2023\/05\/Cerakote-Waffe-ZF-270x360.webp 270w\" sizes=\"(max-width: 600px) 100vw, 600px\" title=\"\">\t\t\t\t\t\t\n\t\t\t\t\t\t\t<div class=\"caption\">Testowy karabin Cerakote + luneta<\/div>\n\t\t\t\t\t<\/div>\n\t\t\t\t\t\t<\/a>\t\t\n<style>\n#image_1813797220 {\n  width: 100%;\n}\n<\/style>\n\t<\/div>\n\t\n\t\t<\/div>\n\t\t\t\t\t<\/div>\n\n\t\n<\/div>\n<div class=\"video video-fit mb\" style=\"padding-top:56.25%;\"><p><iframe title=\"Test korozji Cerakote na zewn\u0105trz | 15+ miesi\u0119cy po up\u0142ywie czasu\" width=\"1020\" height=\"574\" src=\"https:\/\/www.youtube.com\/embed\/v4GSDrkZMyE?feature=oembed\" frameborder=\"0\" allow=\"accelerometer; autoplay; clipboard-write; encrypted-media; gyroscope; picture-in-picture; web-share\" referrerpolicy=\"strict-origin-when-cross-origin\" allowfullscreen><\/iframe><\/p>\n<\/div>\n<h3>Dlaczego Cerakote jest idealny do karabin\u00f3w my\u015bliwskich<\/h3>\n<p>The <strong>Geniusze z Cerakote<\/strong> naprawd\u0119 znale\u017ali spos\u00f3b, aby ta niewiarygodnie cienka pow\u0142oka by\u0142a niewiarygodnie mocna.<\/p>\n<p>Cienka warstwa chroni wszystkie cz\u0119\u015bci - w tym cz\u0119\u015bci ruchome - przed normalnym zu\u017cyciem.<\/p>\n<p>Pow\u0142oka jest r\u00f3wnie\u017c do\u015b\u0107 niewra\u017cliwa na <strong>Woda, s\u0142ona woda<\/strong> i piasek. <strong>Cerakote praktycznie \u201cgasi\u201d \u017cywio\u0142y<\/strong> i zapobiega rdzewieniu pistoletu lub innym uszkodzeniom spowodowanym korozj\u0105.<\/p>\n<div class=\"video video-fit mb\" style=\"padding-top:56.25%;\"><p><iframe title=\"Test korozyjny | ASTM B117 | Cerakote vs czarny azotek\" width=\"1020\" height=\"574\" src=\"https:\/\/www.youtube.com\/embed\/XFMbZEWO1-o?feature=oembed\" frameborder=\"0\" allow=\"accelerometer; autoplay; clipboard-write; encrypted-media; gyroscope; picture-in-picture; web-share\" referrerpolicy=\"strict-origin-when-cross-origin\" allowfullscreen><\/iframe><\/p>\n<\/div>\n<p>A Cerakote to prawie <strong>Uniwersalna pow\u0142oka:<\/strong> Stosuje si\u0119 do <strong>Metal, plastik, polimer i drewno.<\/strong><\/p>\n<blockquote><p>Ceracote jest o lata \u015bwietlne przed historycznymi metodami ochrony broni, takimi jak klasyczne barwienie, kt\u00f3re dzia\u0142a tylko na metal.<\/p><\/blockquote>\n<p>Cerakote jest nak\u0142adany bardzo cienk\u0105 warstw\u0105 i prawie nie powoduje problem\u00f3w z w\u0105skimi tolerancjami.<\/p>\n<h3>Wa\u017cne szczeg\u00f3\u0142y dotycz\u0105ce pow\u0142oki ochronnej Cerakote:<\/h3>\n<ul>\n<li>Wszystko, co jest malowane lub lekko laserowane, zostanie utracone podczas procesu czyszczenia i powlekania. Nie ma sposobu na zachowanie tych oznacze\u0144, z wyj\u0105tkiem czystego maskowania.<\/li>\n<li>Cerakote jest zaprojektowany w taki spos\u00f3b, \u017ce inne <strong>Rzeczy nie mog\u0105 si\u0119 do niego dobrze przyklei\u0107<\/strong>. Mo\u017ce to by\u0107 zalet\u0105 lub wad\u0105.<\/li>\n<li>Po na\u0142o\u017ceniu pow\u0142oki Cerakote cz\u0119\u015bci s\u0105 umieszczane w <strong>Piec do utwardzania zgodnie ze standardami Cerakote<\/strong> pieczone. Ewentualn\u0105 wra\u017cliwo\u015b\u0107 na ciep\u0142o nale\u017cy wyja\u015bni\u0107 indywidualnie dla ka\u017cdego przypadku.<\/li>\n<li>Po upieczeniu cz\u0119\u015bci s\u0105 wyjmowane z pieca i sch\u0142adzane. Nast\u0119pnie cz\u0119\u015bci s\u0105 sprawdzane pod k\u0105tem prawid\u0142owej grubo\u015bci pow\u0142oki, wygl\u0105du i wyczucia. Je\u015bli co\u015b nie pasuje, wszystko zaczyna si\u0119 od nowa.<\/li>\n<\/ul>","protected":false},"excerpt":{"rendered":"<p><strong>Spersonalizowane i osobiste. Czas dostawy ok. 2-3 tygodnie - <a href=\"https:\/\/ddoptics.shop\/pl\/powloka-cerakotowa-lunety-celowniczej\/\">Przejd\u017a do raportu TUTAJ<\/a><\/strong><\/p>\n<p><strong><span style=\"color: #ed1c24;\">Uwaga: Serwis TYLKO dla lunet zakupionych u nas!<\/span><br \/>\n<\/strong>Poniewa\u017c jest to <strong>Zaawansowana personalizacja lunety celowniczej<\/strong> czas dostawy wynosi do 3 tygodni (wraz z zam\u00f3wieniem ZF lub po otrzymaniu zakupionej u nas optyki). Pragniemy r\u00f3wnie\u017c zwr\u00f3ci\u0107 uwag\u0119, \u017ce prawo do odst\u0105pienia od umowy jest zasadniczo wy\u0142\u0105czone w przypadku produkt\u00f3w i zam\u00f3wie\u0144 zindywidualizowanych!<\/p>","protected":false},"featured_media":26538,"comment_status":"open","ping_status":"closed","template":"","meta":{"inline_featured_image":false,"footnotes":""},"product_brand":[],"product_cat":[68],"product_tag":[1129,683,684],"class_list":{"0":"post-11798","1":"product","2":"type-product","3":"status-publish","4":"has-post-thumbnail","6":"product_cat-zielfernrohr","7":"product_tag-cerakote","8":"product_tag-zielfernrohr-beschichtung","9":"product_tag-zielfernrohr-farben","10":"product_shipping_class-paket","11":"pa_brand-marke-ddoptics","12":"pa_produkt-typ-zielfernrohr","14":"first","15":"outofstock","16":"taxable","17":"shipping-taxable","18":"purchasable","19":"product-type-variable","20":"has-default-attributes"},"bundled_by":["11816","11830","11926"],"bundle_stock_status":"outofstock","bundle_stock_quantity":null,"bundle_virtual":false,"bundle_layout":"","bundle_add_to_cart_form_location":"","bundle_editable_in_cart":false,"bundle_sold_individually_context":"","bundle_item_grouping":"","bundle_min_size":"","bundle_max_size":"","bundle_price":[],"bundled_items":[],"bundle_sell_ids":[],"_links":{"self":[{"href":"https:\/\/ddoptics.shop\/pl\/wp-json\/wp\/v2\/product\/11798","targetHints":{"allow":["GET"]}}],"collection":[{"href":"https:\/\/ddoptics.shop\/pl\/wp-json\/wp\/v2\/product"}],"about":[{"href":"https:\/\/ddoptics.shop\/pl\/wp-json\/wp\/v2\/types\/product"}],"replies":[{"embeddable":true,"href":"https:\/\/ddoptics.shop\/pl\/wp-json\/wp\/v2\/comments?post=11798"}],"version-history":[{"count":22,"href":"https:\/\/ddoptics.shop\/pl\/wp-json\/wp\/v2\/product\/11798\/revisions"}],"predecessor-version":[{"id":26609,"href":"https:\/\/ddoptics.shop\/pl\/wp-json\/wp\/v2\/product\/11798\/revisions\/26609"}],"wp:featuredmedia":[{"embeddable":true,"href":"https:\/\/ddoptics.shop\/pl\/wp-json\/wp\/v2\/media\/26538"}],"wp:attachment":[{"href":"https:\/\/ddoptics.shop\/pl\/wp-json\/wp\/v2\/media?parent=11798"}],"wp:term":[{"taxonomy":"product_brand","embeddable":true,"href":"https:\/\/ddoptics.shop\/pl\/wp-json\/wp\/v2\/product_brand?post=11798"},{"taxonomy":"product_cat","embeddable":true,"href":"https:\/\/ddoptics.shop\/pl\/wp-json\/wp\/v2\/product_cat?post=11798"},{"taxonomy":"product_tag","embeddable":true,"href":"https:\/\/ddoptics.shop\/pl\/wp-json\/wp\/v2\/product_tag?post=11798"}],"curies":[{"name":"wp","href":"https:\/\/api.w.org\/{rel}","templated":true}]}}